{"id":5209,"date":"2022-02-20T21:59:55","date_gmt":"2022-02-20T21:59:55","guid":{"rendered":"https:\/\/medicinasinc.com\/it\/?post_type=product&#038;p=5209"},"modified":"2022-03-17T00:23:04","modified_gmt":"2022-03-17T00:23:04","slug":"comprare-klonopin-2-mg","status":"publish","type":"product","link":"https:\/\/medicinasinc.com\/it\/product\/comprare-klonopin-2-mg\/","title":{"rendered":"Acquista Klonopin 2 mg"},"content":{"rendered":"<p>Online, puoi acquistare pillole di Klonopin 2 mg in vendita a un prezzo basso.<\/p>\n<p>Klonopin \u00e8 un vero elisir che ti aiuter\u00e0 ad affrontare i tuoi problemi. Ti far\u00e0 anche sentire meglio.<\/p>\n<p>Klonopin \u00e8 un sedativo e anticonvulsivante delle benzodiazepine e pu\u00f2 aiutare le persone a rilassarsi e smettere di avere convulsioni. Viene utilizzato principalmente per il trattamento dei disturbi d&#8217;ansia, come il disturbo di panico.<\/p>\n<p>Dai un&#8217;occhiata pi\u00f9 da vicino al Klonopin ora.<\/p>\n<p>Klonopin \u00e8 l&#8217;unica benzodiazepina approvata dalla FDA per il trattamento del disturbo di panico . Molte persone usano Klonopin per trattare l&#8217;ansia, l&#8217;agitazione, la mania acuta (in combinazione con altri farmaci) e per fermare rapidamente le convulsioni. Uso: \u00e8 usato come farmaco anticonvulsivante a lungo termine, come un sonnifero, per trattare il dolore ai nervi.<\/p>\n<p>Potrebbero essere calmi, forse sballati e un po&#8217; stanchi dopo aver assunto Klonopin. Gli effetti collaterali variano da persona a persona e si basano su quanto ne prendi. Nella maggior parte dei casi, Klonopin viene somministrato due volte al giorno, per circa 0,25 mg a 2 mg. Le persone con epilessia possono assumere fino a 20 mg al giorno.<\/p>\n<p> Ecco come funziona Klonopin: agisce sul neurotrasmettitore GABA, che \u00e8 un antidoto. Poich\u00e9 Klonopin fa cos\u00ec tante cose contemporaneamente, rallenta il cervello riducendo la capacit\u00e0 dei nervi di inviare impulsi. Come risultato di una minore attivit\u00e0, le persone diventano meno ansiose e anche la possibilit\u00e0 di avere un attacco si riduce.<\/p>\n<p>In medicina, Klonopin \u00e8 usato per trattare convulsioni e attacchi di panico. Pu\u00f2 anche essere usato come ipnotico per trattare disturbi d&#8217;ansia, disturbi di panico e dolore. L&#8217;assunzione di benzodiazepine aiuter\u00e0 a fermare il sequestro e a riportare l&#8217;attivit\u00e0 cerebrale alla normalit\u00e0. Questo pu\u00f2 anche aiutare con il dolore, in particolare il dolore neuropatico, perch\u00e9 rende difficile per i neuroni inviare segnali di dolore, il che li rende meno sensibili.<\/p>\n<p>Cose di cui parlare con il medico prima di prendere Klonopin<\/p>\n<p>Dovresti informare il tuo medico se:<\/p>\n<p>Almeno una di queste condizioni:<\/p>\n<p>\u2022 problemi al fegato<\/p>\n<p>\u2022 abuso di alcol o droghe, attuali o passati;<\/p>\n<p>Persone che soffrono di asma, bronchite, enfisema o altre malattie respiratorie;<\/p>\n<p>\u2022 tristezza o pensieri suicidi.<\/p>\n<p>A molte persone che hanno le malattie di cui sopra non possono assumere Klonopin, o dovranno assumere una dose pi\u00f9 bassa del farmaco e farsi controllare dal proprio medico.<\/p>\n<p>Se hai pi\u00f9 di 60 anni, le possibilit\u00e0 di avere effetti collaterali dal medicinale sono molto elevati. Per questo motivo, la dose di Klonopin deve essere modificata in base alla tua salute.<\/p>\n<p>Per l&#8217;uso:<\/p>\n<p>Klonopin deve essere assunto solo nel modo indicato dal medico. Si rivolga al medico o al farmacista per un consiglio su come usarlo. Quando prendi la pillola, dovresti bere tutto. Non prenda pi\u00f9 di quanto le ha detto il medico. Prima di terminare l&#8217;assunzione del prodotto, parli con il medico.<\/p>\n<p>Guarda cosa succede quando prendi troppo medicinale.<\/p>\n<p>In caso di sovradosaggio, chiama subito un medico via.<\/p>\n<p>Segni di un sovradosaggio:<\/p>\n<p>sonnolenza, vertigini, confusione, battito cardiaco lento, sintomi simili all&#8217;alcol e perdita di coscienza sono tutti segni di alcolismo.<\/p>\n<p>Se qualcuno assume troppo farmaco, viene eseguita la lavanda gastrica e il trattamento per gli effetti collaterali.<\/p>\n<p>Quando guidi, usi macchinari o svolgi altri lavori che potrebbero essere pericolosi, fai attenzione.<\/p>\n<p> p&gt; <\/p>\n<p>In caso di sonnolenza o vertigini, non dovresti fare questo genere di cose.<\/p>\n<p>L&#8217;alcol non dovrebbe essere mescolato con Klonopin. L&#8217;alcol rende Klonopin pi\u00f9 probabile che causi gravi effetti collaterali. Di conseguenza, c&#8217;\u00e8 anche una maggiore possibilit\u00e0 di avere convulsioni.<\/p>\n<p>Klonopin ha cosa?<\/p>\n<p>allergia: mancanza di respiro, gonfiore delle labbra, del viso, della lingua o eruzione cutanea <\/p>\n<p>C&#8217;\u00e8 anche la possibilit\u00e0 che si manifestino altri effetti collaterali meno gravi.<\/p>\n<p>Continua a prendere il farmaco e informi il medico se hai:<\/p>\n<p>Sonnonnamento ; vertigini o movimenti goffi; depressione; vertigini, nausea, diarrea o costipazione; difficolt\u00e0 a urinare, incubi, mal di testa, secchezza delle fauci, calo del desiderio sessuale e cambiamenti nel comportamento sono tutti segni di depressione.<\/p>\n<p>Dosaggio e come si fa<\/p>\n<p>La terapia con Klonopin inizia con piccole dosi e le aumenta gradualmente per ottenere i migliori risultati. Poich\u00e9 ogni persona ha una condizione e una reazione del corpo diverse all&#8217;assunzione di un farmaco, il dosaggio \u00e8 adattato alle sue esigenze. La dose pi\u00f9 comune di Klonopin \u00e8 0,5 mg tre volte al giorno. Se l&#8217;effetto terapeutico non viene raggiunto, la dose pu\u00f2 essere aumentata ogni tre giorni di terapia fino a quando non lo \u00e8.<\/p>\n<p>Quando il farmaco viene assunto a dosi elevate, soprattutto per un lungo periodo di tempo, pu\u00f2 causare problemi di articolazione, diplopia, nistagmo, reazioni paradossali (come eccitazione improvvisa) e amnesia anterograda. Alcune volte una persona ha una reazione di ipersensibilit\u00e0, debolezza muscolare o depressione. Le persone con alcuni tipi di epilessia possono avere pi\u00f9 convulsioni se ricevono cure per un lungo periodo.<\/p>\n","protected":false},"excerpt":{"rendered":"<p>Compra le pillole di Klonopin 2 mg in vendita nel Regno Unito, in Europa e nel resto del mondo. Klonopin (Clonazepam) pu\u00f2 aiutare le persone con convulsioni, disturbi di panico e ansia. Le benzodiazepine sono medicinali che ti fanno sentire calmo.<\/p>\n<p>Il clonazepam klonopin 2 mg pu\u00f2 essere acquistato online al miglior prezzo nel posto migliore. Best Global Meds \u00e8 una nota farmacia online che vende solo farmaci legali. Quando ordini online, puoi risparmiare tempo e denaro.<\/p>\n<p>Regno Unito, Europa: voglio Klonopin in vendita. Ci sono posti in Europa dove puoi acquistare clonazepam online e acquistare compresse di klonopin da 2 mg.<\/p>\n","protected":false},"featured_media":5228,"comment_status":"open","ping_status":"closed","template":"","meta":[],"product_brand":[],"product_cat":[1117],"product_tag":[1370,1417,1371,1372,1373,1374,1414,1375,1390,1389,1391,1416,1415,1392,1394,1395,1384,1385,1387,1386,1413,1399,1401,1377,1378,1379,1383,1388,1400,1393,1397,1398,1376,1396,1410,1404,1405,1406,1407,1408,1409,1380,1381,1403,1382,1411,1412,1402,1418],"class_list":{"0":"post-5209","1":"product","2":"type-product","3":"status-publish","4":"has-post-thumbnail","6":"product_cat-comprare-pillole-sesso-dolore-per-dormire","7":"product_tag-1-mg-klonopin","8":"product_tag-a-cosa-serve-klonopin","9":"product_tag-ativan-vs-klonopin","10":"product_tag-blue-klonopin","11":"product_tag-blue-klonopin-2mg","12":"product_tag-can-you-take-klonopin-for-life","13":"product_tag-che-aspetto-ha-il-klonopin","14":"product_tag-clonazepam-klonopin-orange-pill-1-2","15":"product_tag-klonopin-1-mg","16":"product_tag-klonopin-10-mg","17":"product_tag-klonopin-2mg","18":"product_tag-cos-klonopin","19":"product_tag-che--una-dose-alta-di-klonopin","20":"product_tag-dipendenza-da-klonopin","21":"product_tag-dosaggio-di-klonopin","22":"product_tag-dosi-di-klonopin","23":"product_tag--1mg-di-klonopin-a-bassa-dose","24":"product_tag-is-klonopin-a-benzo","25":"product_tag--klonopin-a-narcotico","26":"product_tag--klonopin-una-sostanza-controllata","27":"product_tag-effetti-collaterali-di-klonopin","28":"product_tag-klonopin-emivita","29":"product_tag-klonopin-farmaco","30":"product_tag-half-life-of-klonopin","31":"product_tag-how-long-does-it-take-for-klonopin-to-kick-in","32":"product_tag-how-long-does-klonopin-last","33":"product_tag-how-many-hours-between-klonopin-doses","34":"product_tag-klonopin","35":"product_tag-klonopin-alto","36":"product_tag-klonopin-e-alcol","37":"product_tag-klonopin-for-sleep","38":"product_tag-klonopin-generico","39":"product_tag-generico-klonopin","40":"product_tag-klonopin-per-anziano","41":"product_tag-klonopin-perdita-di-peso","42":"product_tag-klonopin-side-effects","43":"product_tag-klonopin-uses","44":"product_tag-klonopin-contro-ativan","45":"product_tag-klonopin-vs-valium","46":"product_tag-klonopin-vs-xanax","47":"product_tag-klonopin-vs-xanax-reddit","48":"product_tag-per-quanto-tempo-klonopin-rimane-nel-tuo-sistema","49":"product_tag-quanto-tempo-rimane-nella-tua-urina-klonopin","50":"product_tag-klonopin-pillola","51":"product_tag-quanto-tempo-ci-vuole-klonopin-per-lavorare","52":"product_tag-clonopina-ritiro","53":"product_tag-sintomi-di-astinenza-da-klonopin","54":"product_tag-sovradosaggio-di-klonopin","55":"product_tag-xanax-vs-klonopin","57":"first","58":"instock","59":"shipping-taxable","60":"purchasable","61":"product-type-variable","62":"has-default-attributes"},"yoast_head":"<!-- This site is optimized with the Yoast SEO plugin v27.3 - https:\/\/yoast.com\/product\/yoast-seo-wordpress\/ -->\n<title>Acquista Klonopin 2 mg - Vendita online di Klonopin - I migliori farmaci globali migliori<\/title>\n<meta name=\"description\" content=\"Acquista Klonopin 2 mg in vendita Regno Unito, Europa pillole online. Klonopin (Clonazepam) tratta convulsioni, disturbo di panico e ansia. Questo medicinale \u00e8 una benzodiazepina.\" \/>\n<meta name=\"robots\" content=\"index, follow, max-snippet:-1, max-image-preview:large, max-video-preview:-1\" \/>\n<link rel=\"canonical\" href=\"https:\/\/medicinasinc.com\/it\/product\/comprare-klonopin-2-mg\/\" \/>\n<meta property=\"og:locale\" content=\"it_IT\" \/>\n<meta property=\"og:type\" content=\"article\" \/>\n<meta property=\"og:title\" content=\"Acquista Klonopin 2 mg - Vendita online di Klonopin - I migliori farmaci globali migliori\" \/>\n<meta property=\"og:description\" content=\"Acquista Klonopin 2 mg in vendita Regno Unito, Europa pillole online. Klonopin (Clonazepam) tratta convulsioni, disturbo di panico e ansia. Questo medicinale \u00e8 una benzodiazepina.\" \/>\n<meta property=\"og:url\" content=\"https:\/\/medicinasinc.com\/it\/product\/comprare-klonopin-2-mg\/\" \/>\n<meta property=\"og:site_name\" content=\"Medicinas Inc\" \/>\n<meta property=\"article:modified_time\" content=\"2022-03-17T00:23:04+00:00\" \/>\n<meta property=\"og:image\" content=\"https:\/\/medicinasinc.com\/it\/wp-content\/uploads\/sites\/4\/2022\/02\/Buy-Klonopin-2-mg.jpeg\" \/>\n\t<meta property=\"og:image:width\" content=\"236\" \/>\n\t<meta property=\"og:image:height\" content=\"296\" \/>\n\t<meta property=\"og:image:type\" content=\"image\/jpeg\" \/>\n<meta name=\"twitter:card\" content=\"summary_large_image\" \/>\n<meta name=\"twitter:label1\" content=\"Tempo di lettura stimato\" \/>\n\t<meta name=\"twitter:data1\" content=\"4 minuti\" \/>\n<script type=\"application\/ld+json\" class=\"yoast-schema-graph\">{\"@context\":\"https:\\\/\\\/schema.org\",\"@graph\":[{\"@type\":\"WebPage\",\"@id\":\"https:\\\/\\\/medicinasinc.com\\\/it\\\/product\\\/comprare-klonopin-2-mg\\\/\",\"url\":\"https:\\\/\\\/medicinasinc.com\\\/it\\\/product\\\/comprare-klonopin-2-mg\\\/\",\"name\":\"Acquista Klonopin 2 mg - Vendita online di Klonopin - I migliori farmaci globali migliori\",\"isPartOf\":{\"@id\":\"https:\\\/\\\/medicinasinc.com\\\/it\\\/#website\"},\"primaryImageOfPage\":{\"@id\":\"https:\\\/\\\/medicinasinc.com\\\/it\\\/product\\\/comprare-klonopin-2-mg\\\/#primaryimage\"},\"image\":{\"@id\":\"https:\\\/\\\/medicinasinc.com\\\/it\\\/product\\\/comprare-klonopin-2-mg\\\/#primaryimage\"},\"thumbnailUrl\":\"https:\\\/\\\/medicinasinc.com\\\/it\\\/wp-content\\\/uploads\\\/sites\\\/4\\\/2022\\\/02\\\/Buy-Klonopin-2-mg.jpeg\",\"datePublished\":\"2022-02-20T21:59:55+00:00\",\"dateModified\":\"2022-03-17T00:23:04+00:00\",\"description\":\"Acquista Klonopin 2 mg in vendita Regno Unito, Europa pillole online. Klonopin (Clonazepam) tratta convulsioni, disturbo di panico e ansia. Questo medicinale \u00e8 una benzodiazepina.\",\"breadcrumb\":{\"@id\":\"https:\\\/\\\/medicinasinc.com\\\/it\\\/product\\\/comprare-klonopin-2-mg\\\/#breadcrumb\"},\"inLanguage\":\"it-IT\",\"potentialAction\":[{\"@type\":\"ReadAction\",\"target\":[\"https:\\\/\\\/medicinasinc.com\\\/it\\\/product\\\/comprare-klonopin-2-mg\\\/\"]}]},{\"@type\":\"ImageObject\",\"inLanguage\":\"it-IT\",\"@id\":\"https:\\\/\\\/medicinasinc.com\\\/it\\\/product\\\/comprare-klonopin-2-mg\\\/#primaryimage\",\"url\":\"https:\\\/\\\/medicinasinc.com\\\/it\\\/wp-content\\\/uploads\\\/sites\\\/4\\\/2022\\\/02\\\/Buy-Klonopin-2-mg.jpeg\",\"contentUrl\":\"https:\\\/\\\/medicinasinc.com\\\/it\\\/wp-content\\\/uploads\\\/sites\\\/4\\\/2022\\\/02\\\/Buy-Klonopin-2-mg.jpeg\",\"width\":236,\"height\":296},{\"@type\":\"BreadcrumbList\",\"@id\":\"https:\\\/\\\/medicinasinc.com\\\/it\\\/product\\\/comprare-klonopin-2-mg\\\/#breadcrumb\",\"itemListElement\":[{\"@type\":\"ListItem\",\"position\":1,\"name\":\"Negozio\",\"item\":\"https:\\\/\\\/medicinasinc.com\\\/it\\\/negozio\\\/\"},{\"@type\":\"ListItem\",\"position\":2,\"name\":\"Acquista Klonopin 2 mg\"}]},{\"@type\":\"WebSite\",\"@id\":\"https:\\\/\\\/medicinasinc.com\\\/it\\\/#website\",\"url\":\"https:\\\/\\\/medicinasinc.com\\\/it\\\/\",\"name\":\"Medicinas Inc\",\"description\":\"Health Medical Clinic\",\"potentialAction\":[{\"@type\":\"SearchAction\",\"target\":{\"@type\":\"EntryPoint\",\"urlTemplate\":\"https:\\\/\\\/medicinasinc.com\\\/it\\\/?s={search_term_string}\"},\"query-input\":{\"@type\":\"PropertyValueSpecification\",\"valueRequired\":true,\"valueName\":\"search_term_string\"}}],\"inLanguage\":\"it-IT\"}]}<\/script>\n<!-- \/ Yoast SEO plugin. -->","yoast_head_json":{"title":"Acquista Klonopin 2 mg - Vendita online di Klonopin - I migliori farmaci globali migliori","description":"Acquista Klonopin 2 mg in vendita Regno Unito, Europa pillole online. Klonopin (Clonazepam) tratta convulsioni, disturbo di panico e ansia. Questo medicinale \u00e8 una benzodiazepina.","robots":{"index":"index","follow":"follow","max-snippet":"max-snippet:-1","max-image-preview":"max-image-preview:large","max-video-preview":"max-video-preview:-1"},"canonical":"https:\/\/medicinasinc.com\/it\/product\/comprare-klonopin-2-mg\/","og_locale":"it_IT","og_type":"article","og_title":"Acquista Klonopin 2 mg - Vendita online di Klonopin - I migliori farmaci globali migliori","og_description":"Acquista Klonopin 2 mg in vendita Regno Unito, Europa pillole online. Klonopin (Clonazepam) tratta convulsioni, disturbo di panico e ansia. Questo medicinale \u00e8 una benzodiazepina.","og_url":"https:\/\/medicinasinc.com\/it\/product\/comprare-klonopin-2-mg\/","og_site_name":"Medicinas Inc","article_modified_time":"2022-03-17T00:23:04+00:00","og_image":[{"width":236,"height":296,"url":"https:\/\/medicinasinc.com\/it\/wp-content\/uploads\/sites\/4\/2022\/02\/Buy-Klonopin-2-mg.jpeg","type":"image\/jpeg"}],"twitter_card":"summary_large_image","twitter_misc":{"Tempo di lettura stimato":"4 minuti"},"schema":{"@context":"https:\/\/schema.org","@graph":[{"@type":"WebPage","@id":"https:\/\/medicinasinc.com\/it\/product\/comprare-klonopin-2-mg\/","url":"https:\/\/medicinasinc.com\/it\/product\/comprare-klonopin-2-mg\/","name":"Acquista Klonopin 2 mg - Vendita online di Klonopin - I migliori farmaci globali migliori","isPartOf":{"@id":"https:\/\/medicinasinc.com\/it\/#website"},"primaryImageOfPage":{"@id":"https:\/\/medicinasinc.com\/it\/product\/comprare-klonopin-2-mg\/#primaryimage"},"image":{"@id":"https:\/\/medicinasinc.com\/it\/product\/comprare-klonopin-2-mg\/#primaryimage"},"thumbnailUrl":"https:\/\/medicinasinc.com\/it\/wp-content\/uploads\/sites\/4\/2022\/02\/Buy-Klonopin-2-mg.jpeg","datePublished":"2022-02-20T21:59:55+00:00","dateModified":"2022-03-17T00:23:04+00:00","description":"Acquista Klonopin 2 mg in vendita Regno Unito, Europa pillole online. Klonopin (Clonazepam) tratta convulsioni, disturbo di panico e ansia. Questo medicinale \u00e8 una benzodiazepina.","breadcrumb":{"@id":"https:\/\/medicinasinc.com\/it\/product\/comprare-klonopin-2-mg\/#breadcrumb"},"inLanguage":"it-IT","potentialAction":[{"@type":"ReadAction","target":["https:\/\/medicinasinc.com\/it\/product\/comprare-klonopin-2-mg\/"]}]},{"@type":"ImageObject","inLanguage":"it-IT","@id":"https:\/\/medicinasinc.com\/it\/product\/comprare-klonopin-2-mg\/#primaryimage","url":"https:\/\/medicinasinc.com\/it\/wp-content\/uploads\/sites\/4\/2022\/02\/Buy-Klonopin-2-mg.jpeg","contentUrl":"https:\/\/medicinasinc.com\/it\/wp-content\/uploads\/sites\/4\/2022\/02\/Buy-Klonopin-2-mg.jpeg","width":236,"height":296},{"@type":"BreadcrumbList","@id":"https:\/\/medicinasinc.com\/it\/product\/comprare-klonopin-2-mg\/#breadcrumb","itemListElement":[{"@type":"ListItem","position":1,"name":"Negozio","item":"https:\/\/medicinasinc.com\/it\/negozio\/"},{"@type":"ListItem","position":2,"name":"Acquista Klonopin 2 mg"}]},{"@type":"WebSite","@id":"https:\/\/medicinasinc.com\/it\/#website","url":"https:\/\/medicinasinc.com\/it\/","name":"Medicinas Inc","description":"Health Medical Clinic","potentialAction":[{"@type":"SearchAction","target":{"@type":"EntryPoint","urlTemplate":"https:\/\/medicinasinc.com\/it\/?s={search_term_string}"},"query-input":{"@type":"PropertyValueSpecification","valueRequired":true,"valueName":"search_term_string"}}],"inLanguage":"it-IT"}]}},"_links":{"self":[{"href":"https:\/\/medicinasinc.com\/it\/wp-json\/wp\/v2\/product\/5209","targetHints":{"allow":["GET"]}}],"collection":[{"href":"https:\/\/medicinasinc.com\/it\/wp-json\/wp\/v2\/product"}],"about":[{"href":"https:\/\/medicinasinc.com\/it\/wp-json\/wp\/v2\/types\/product"}],"replies":[{"embeddable":true,"href":"https:\/\/medicinasinc.com\/it\/wp-json\/wp\/v2\/comments?post=5209"}],"wp:featuredmedia":[{"embeddable":true,"href":"https:\/\/medicinasinc.com\/it\/wp-json\/wp\/v2\/media\/5228"}],"wp:attachment":[{"href":"https:\/\/medicinasinc.com\/it\/wp-json\/wp\/v2\/media?parent=5209"}],"wp:term":[{"taxonomy":"product_brand","embeddable":true,"href":"https:\/\/medicinasinc.com\/it\/wp-json\/wp\/v2\/product_brand?post=5209"},{"taxonomy":"product_cat","embeddable":true,"href":"https:\/\/medicinasinc.com\/it\/wp-json\/wp\/v2\/product_cat?post=5209"},{"taxonomy":"product_tag","embeddable":true,"href":"https:\/\/medicinasinc.com\/it\/wp-json\/wp\/v2\/product_tag?post=5209"}],"curies":[{"name":"wp","href":"https:\/\/api.w.org\/{rel}","templated":true}]}}