{"id":5207,"date":"2022-02-20T21:57:05","date_gmt":"2022-02-20T21:57:05","guid":{"rendered":"https:\/\/medicinasinc.com\/it\/?post_type=product&#038;p=5207"},"modified":"2022-03-17T00:23:28","modified_gmt":"2022-03-17T00:23:28","slug":"acquistare-imitrex-sumatriptan-100-mg","status":"publish","type":"product","link":"https:\/\/medicinasinc.com\/it\/product\/acquistare-imitrex-sumatriptan-100-mg\/","title":{"rendered":"Acquista imitrex Sumatriptan 100 mg"},"content":{"rendered":"<div class=\"product-next-previous\">\n<div class=\"product-prev\">\n<p>Acquista Imitrex compresse da 100 mg online Informazioni Imitrex (marchio e generico)<\/p>\n<p>Bestglobalmeds.com\u00a0vende attualmente il marchio Imitrex, comunemente noto come Imigran, prodotto da GSK in Turchia e Aspen in Australia. Inoltre, portiamo il marchio GSK Imitrex dal Canada. Sumatriptan \u00e8 disponibile genericamente da Pharma Science in Canada, Sun Pharma in India (Suminat) e Dexcel Pharma e Accord Pharma nel Regno Unito.<\/p>\n<p>Dosaggio<\/p>\n<p>Imitrex \u00e8 disponibile in una variet\u00e0 di formulazioni e livelli di dosaggio. Imitrex e Sumatriptan sono entrambi disponibili in compresse da 50 mg e 100 mg. Inoltre, forniamo compresse di Imitrex 25 mg generiche. Inoltre, il marchio Imitrex \u00e8 disponibile in confezioni spray nasali da 20 mg, flaconcini iniettabili da 6 mg\/0,5 ml, starter kit stat dose e cartucce stat dose.<\/p>\n<p>Utilizzo<\/p>\n<p>Imitrex (Sumatriptan) \u00e8 un farmaco usato per trattare l&#8217;emicrania. Imitrex non previene le emicranie n\u00e9 diminuisce la loro frequenza. \u00c8 usato solo per trattare i sintomi dell&#8217;emicrania che sono gi\u00e0 iniziati. Aiuta a alleviare mal di testa, disagio e altri sintomi di emicrania come nausea, vomito e sensibilit\u00e0 alla luce o al suono. Sumatriptan \u00e8 un membro della classe di farmaci triptani. Questo medicinale agisce interferendo con una sostanza chimica presente in natura (serotonina) che provoca la costrizione delle arterie del sangue del cervello. Inoltre, allevier\u00e0 il dolore influenzando specifici nervi del cervello.<\/p>\n<p>Conseguenze<\/p>\n<p>Consulta immediatamente il medico se si verifica uno dei seguenti gravi effetti collaterali: torace, mascella o sinistra dolore al braccio; diarrea sanguinolenta; svenimento; battito cardiaco veloce, irregolare e martellante; problemi mentali\/dell&#8217;umore; forte dolore allo stomaco\/addominale; forte dolore al petto; convulsioni; biascicamento; cambiamenti visivi. I seguenti sono alcuni degli effetti avversi pi\u00f9 diffusi: \u2022 Vertigini e sonnolenza; \u2022 sensazioni di formicolio\/intorpidimento\/formicolio\/calore; \u2022 Vampate di calore.<br \/> \u2022 Pressione sanguigna elevata \u2014 Controllare regolarmente la pressione sanguigna per garantire la sicurezza;<br \/> \u2022 Esaurimento; \u2022 Debolezza<\/p>\n<p>Controindicazioni e interazioni<\/p>\n<p>Imitrex non deve essere usato per trattare un comune mal di testa da tensione o che si traduce in una perdita di movimento su un lato del corpo. Imitrex non deve essere usato se \u00e8 allergico al sumatriptan o se ha le seguenti condizioni: \u2022 Una storia di infarto o ictus; \u2022 Alcuni disturbi del ritmo cardiaco; \u2022 Problemi di circolazione con conseguente mancanza di afflusso di sangue al corpo; \u2022 Problemi di cuore; \u2022 Malattia epatica o renale; \u2022 Ipertensione incontrollata;<\/p>\n<p>Imitrex non deve essere assunto entro 24 ore dall&#8217;utilizzo di qualsiasi altro trattamento per l&#8217;emicrania. Informare il medico di tutti i farmaci che si stanno assumendo, compresi i farmaci da prescrizione, da banco e a base di erbe, inclusi gli IMAO, gli inibitori selettivi della ricaptazione della serotonina e gli inibitori della ricaptazione della noradrenalina. Il sumatriptan pu\u00f2 causare vertigini o sonnolenza. L&#8217;alcol o la marijuana possono aumentare le vertigini o la sonnolenza. Evitare di guidare, utilizzare macchinari o svolgere qualsiasi altra attivit\u00e0 che richieda attenzione. Consumare bevande alcoliche con moderazione. Non \u00e8 noto che Imitrex causi danni a un bambino non ancora nato. Se sei incinta, consulta il tuo medico. Il sumatriptan viene escreto nel latte materno e pu\u00f2 causare danni al lattante. L&#8217;allattamento al seno deve essere evitato per 12 ore dopo l&#8217;uso di Imitrex. Imitrex non \u00e8 raccomandato per l&#8217;uso da parte di persone di et\u00e0 inferiore ai 18 anni.<\/p>\n<p>Domande e risposte<br \/> Perch\u00e9 Imitrex \u00e8 meno costoso in Canada che negli Stati Uniti?<\/p>\n<p>In generale , tutti i prezzi dei farmaci, non solo Imitrex, sono pi\u00f9 ragionevoli se acquistati dal Canada, poich\u00e9 il governo regola il prezzo sia dei farmaci di marca che generici. Inoltre, dal nostro inizio nel 2006, il nostro obiettivo \u00e8 stato quello di fornire medicinali sicuri e poco costosi alla popolazione degli Stati Uniti.<\/p>\n<p>L&#8217;acquisto di Imitrex dalla tua farmacia \u00e8 sicuro?<\/p>\n<p>I nostri prodotti provengono esclusivamente da strutture certificate da autorit\u00e0 dei paesi da cui vengono importati. CanadaPharmacyOnline.com utilizza una rigorosa procedura di selezione per i nostri partner per garantire che tu, nostro cliente, riceva il farmaco pi\u00f9 sicuro possibile. Inoltre, siamo una farmacia canadese certificata conforme a tutte le leggi provinciali.<\/p>\n<p>Quanto costa Imitrex 100 mg generico nella tua farmacia?<\/p>\n<p>Imitrex generico 100 mg \u00e8 disponibile a un prezzo minimo a $ 28,99 per 12 compresse, mentre il dosaggio da 50 mg \u00e8 disponibile a partire da $ 57,99 per 18 compresse.<\/p>\n<p>Quanto costa una compressa?<\/p>\n<p>Imitrex 100 mg \u00e8 disponibile in generico modulo per $ 2,27 per compressa e sotto forma di marchio per $ 8,67 per compressa presso la nostra farmacia.<\/p>\n<p>Quanto costa la spedizione?<\/p>\n<p>Il nostro prezzo di consegna forfettario \u00e8 di $ 10,00 per ordine. La nostra farmacia si impegna a fornirti il \u200b\u200bprezzo pi\u00f9 basso possibile su articoli di alta qualit\u00e0.<\/p>\n<p>Come faccio a effettuare un ordine con la tua farmacia?<\/p>\n<p>Ordinare Imitrex da noi \u00e8 davvero facile . Puoi effettuare l&#8217;ordine online o telefonicamente con il Servizio Clienti. Visita la nostra pagina Come ordinare per ulteriori informazioni o per iniziare il processo di ordinazione.<\/p>\n<p>Il prezzo di Imitrex \u00e8 competitivo?<\/p>\n<p>S\u00ec, siamo orgogliosi di offrire alcuni dei prezzi pi\u00f9 bassi disponibili nelle farmacie canadesi. In rare situazioni, potremmo essere in grado di eguagliare o battere i prezzi dei nostri concorrenti. Si prega di contattare la nostra cortese assistenza clienti al numero 1866.920.3784.<\/p>\n<p>Posso acquistare Imitrex da te al banco?<\/p>\n<p>No, Imitrex \u00e8 disponibile solo con una prescrizione valida del tuo medico. Senza una prescrizione valida, non vendiamo questo prodotto.<\/p>\n<p>Imitrex 50 mg vs Imitrex 100 mg: qual \u00e8 la differenza?<\/p>\n<p>La differenza di dose riflette la quantit\u00e0 di ingrediente attivo ) incluso nel medicinale.<\/p>\n<p>Meccanismo d&#8217;azione di Imitrex<\/p>\n<\/p><\/div><\/div>\n<div class=\"product-next-previous\">\n<div class=\"product-prev\"><\/div><\/div>\n","protected":false},"excerpt":{"rendered":"<div class=\"woocommerce-product-details__short-description\">\n<p>Le compresse di Imitrex Sumatriptan da 100 mg possono essere acquistate online. IMITREX \u00e8 un agonista del recettore della serotonina 5-HT1B\/1D (triptano) approvato per il trattamento immediato dell&#8217;emicrania negli adulti con o senza aura.<\/p>\n<p>Sumatriptan pu\u00f2 essere acquistato online tramite la nostra farmacia online registrata nel Regno Unito.<\/p>\n<p> p&gt; <\/p>\n<p>Sumatriptan \u00e8 un farmaco per l&#8217;emicrania con una rapida insorgenza d&#8217;azione. Prezzo pi\u00f9 basso garantito nel Regno Unito.<\/p>\n<p>Le compresse di Sumatriptan per alleviare l&#8217;emicrania possono essere acquistate online in modo sicuro da una farmacia del Regno Unito.<\/p>\n<p>Sumatriptan \u00e8 una forma generica di Imigran che \u00e8 meno costosa. <\/p>\n<p>Acquista Imitrex (Sumatriptan) con uno sconto da una migliore farmacia globale autorizzata. 50mg100mg<\/p>\n<p>Acquista Imitrex online oggi dalla nostra farmacia canadese!<\/p>\n<\/p><\/div>\n","protected":false},"featured_media":5224,"comment_status":"open","ping_status":"closed","template":"","meta":[],"product_brand":[],"product_cat":[1117],"product_tag":[1359,1339,1353,1361,1346,1347,1356,1340,1341,1342,1343,1344,1345,1360,1348,1349,1351,1350,1355,1352,1354,1357,1358,1338],"class_list":{"0":"post-5207","1":"product","2":"type-product","3":"status-publish","4":"has-post-thumbnail","6":"product_cat-comprare-pillole-sesso-dolore-per-dormire","7":"product_tag-a-cosa-serve-sumatriptan-100-mg","8":"product_tag-comprare-sumatriptan-online-usa","9":"product_tag-sumatriptan-imitrex-cerotto","10":"product_tag-dove-acquistare-il-sumatriptan-da-banco","11":"product_tag-is-sumatriptan-imitrex","12":"product_tag--sumatriptan-lo-stesso-di-imitrex","13":"product_tag-sumatriptan-effetti-collaterali","14":"product_tag-fa-imitrex-generico-sumatriptan","15":"product_tag-imitrex-spray-nasale-sumatriptan","16":"product_tag-imitrex-sumatriptan","17":"product_tag-imitrex-sumatriptan-succinato","18":"product_tag-imitrex-vs-sumatriptan","19":"product_tag-iniezione-sumatriptan-imitrex","20":"product_tag-quando-dovrebbe-essere-evitato-sumatriptan-imitrex","21":"product_tag-sumatriptan-imitrex-50-mg-tablet-price","22":"product_tag-sumatriptan-100-mg-online","23":"product_tag-sumatriptan-50-mg","24":"product_tag-sumatriptan-50-mg-da-banco","25":"product_tag-sumatriptan-over-the-counter-usa","26":"product_tag-sumatriptan-imitrex","27":"product_tag-sumatriptan-imitrex-treximet","28":"product_tag-sumatriptan-succinato-imitrex","29":"product_tag-sumatriptan-vs-imitrex","30":"product_tag-un-paziente-soffre-di-emicrania-che--lazione-di-sumatriptan-imitrex","32":"first","33":"instock","34":"shipping-taxable","35":"purchasable","36":"product-type-variable","37":"has-default-attributes"},"yoast_head":"<!-- This site is optimized with the Yoast SEO plugin v27.3 - https:\/\/yoast.com\/product\/yoast-seo-wordpress\/ -->\n<title>Acquista imitrex Sumatriptan 100 mg - I migliori farmaci globali<\/title>\n<meta name=\"description\" content=\"Acquista imitrex Sumatriptan 100 mg compresse per alleviare l&#039;emicrania in modo sicuro da una farmacia online del Regno Unito. Sumatriptan\u00a0\u00e8 una versione generica ed economica di Imigran.\" \/>\n<meta name=\"robots\" content=\"index, follow, max-snippet:-1, max-image-preview:large, max-video-preview:-1\" \/>\n<link rel=\"canonical\" href=\"https:\/\/medicinasinc.com\/it\/product\/acquistare-imitrex-sumatriptan-100-mg\/\" \/>\n<meta property=\"og:locale\" content=\"it_IT\" \/>\n<meta property=\"og:type\" content=\"article\" \/>\n<meta property=\"og:title\" content=\"Acquista imitrex Sumatriptan 100 mg - I migliori farmaci globali\" \/>\n<meta property=\"og:description\" content=\"Acquista imitrex Sumatriptan 100 mg compresse per alleviare l&#039;emicrania in modo sicuro da una farmacia online del Regno Unito. Sumatriptan\u00a0\u00e8 una versione generica ed economica di Imigran.\" \/>\n<meta property=\"og:url\" content=\"https:\/\/medicinasinc.com\/it\/product\/acquistare-imitrex-sumatriptan-100-mg\/\" \/>\n<meta property=\"og:site_name\" content=\"Medicinas Inc\" \/>\n<meta property=\"article:modified_time\" content=\"2022-03-17T00:23:28+00:00\" \/>\n<meta property=\"og:image\" content=\"https:\/\/medicinasinc.com\/it\/wp-content\/uploads\/sites\/4\/2022\/02\/Buy-imitrex-Sumatriptan-100-mg.jpg\" \/>\n\t<meta property=\"og:image:width\" content=\"846\" \/>\n\t<meta property=\"og:image:height\" content=\"600\" \/>\n\t<meta property=\"og:image:type\" content=\"image\/jpeg\" \/>\n<meta name=\"twitter:card\" content=\"summary_large_image\" \/>\n<meta name=\"twitter:label1\" content=\"Tempo di lettura stimato\" \/>\n\t<meta name=\"twitter:data1\" content=\"4 minuti\" \/>\n<script type=\"application\/ld+json\" class=\"yoast-schema-graph\">{\"@context\":\"https:\\\/\\\/schema.org\",\"@graph\":[{\"@type\":\"WebPage\",\"@id\":\"https:\\\/\\\/medicinasinc.com\\\/it\\\/product\\\/acquistare-imitrex-sumatriptan-100-mg\\\/\",\"url\":\"https:\\\/\\\/medicinasinc.com\\\/it\\\/product\\\/acquistare-imitrex-sumatriptan-100-mg\\\/\",\"name\":\"Acquista imitrex Sumatriptan 100 mg - I migliori farmaci globali\",\"isPartOf\":{\"@id\":\"https:\\\/\\\/medicinasinc.com\\\/it\\\/#website\"},\"primaryImageOfPage\":{\"@id\":\"https:\\\/\\\/medicinasinc.com\\\/it\\\/product\\\/acquistare-imitrex-sumatriptan-100-mg\\\/#primaryimage\"},\"image\":{\"@id\":\"https:\\\/\\\/medicinasinc.com\\\/it\\\/product\\\/acquistare-imitrex-sumatriptan-100-mg\\\/#primaryimage\"},\"thumbnailUrl\":\"https:\\\/\\\/medicinasinc.com\\\/it\\\/wp-content\\\/uploads\\\/sites\\\/4\\\/2022\\\/02\\\/Buy-imitrex-Sumatriptan-100-mg.jpg\",\"datePublished\":\"2022-02-20T21:57:05+00:00\",\"dateModified\":\"2022-03-17T00:23:28+00:00\",\"description\":\"Acquista imitrex Sumatriptan 100 mg compresse per alleviare l'emicrania in modo sicuro da una farmacia online del Regno Unito. Sumatriptan\u00a0\u00e8 una versione generica ed economica di Imigran.\",\"breadcrumb\":{\"@id\":\"https:\\\/\\\/medicinasinc.com\\\/it\\\/product\\\/acquistare-imitrex-sumatriptan-100-mg\\\/#breadcrumb\"},\"inLanguage\":\"it-IT\",\"potentialAction\":[{\"@type\":\"ReadAction\",\"target\":[\"https:\\\/\\\/medicinasinc.com\\\/it\\\/product\\\/acquistare-imitrex-sumatriptan-100-mg\\\/\"]}]},{\"@type\":\"ImageObject\",\"inLanguage\":\"it-IT\",\"@id\":\"https:\\\/\\\/medicinasinc.com\\\/it\\\/product\\\/acquistare-imitrex-sumatriptan-100-mg\\\/#primaryimage\",\"url\":\"https:\\\/\\\/medicinasinc.com\\\/it\\\/wp-content\\\/uploads\\\/sites\\\/4\\\/2022\\\/02\\\/Buy-imitrex-Sumatriptan-100-mg.jpg\",\"contentUrl\":\"https:\\\/\\\/medicinasinc.com\\\/it\\\/wp-content\\\/uploads\\\/sites\\\/4\\\/2022\\\/02\\\/Buy-imitrex-Sumatriptan-100-mg.jpg\",\"width\":846,\"height\":600},{\"@type\":\"BreadcrumbList\",\"@id\":\"https:\\\/\\\/medicinasinc.com\\\/it\\\/product\\\/acquistare-imitrex-sumatriptan-100-mg\\\/#breadcrumb\",\"itemListElement\":[{\"@type\":\"ListItem\",\"position\":1,\"name\":\"Negozio\",\"item\":\"https:\\\/\\\/medicinasinc.com\\\/it\\\/negozio\\\/\"},{\"@type\":\"ListItem\",\"position\":2,\"name\":\"Acquista imitrex Sumatriptan 100 mg\"}]},{\"@type\":\"WebSite\",\"@id\":\"https:\\\/\\\/medicinasinc.com\\\/it\\\/#website\",\"url\":\"https:\\\/\\\/medicinasinc.com\\\/it\\\/\",\"name\":\"Medicinas Inc\",\"description\":\"Health Medical Clinic\",\"potentialAction\":[{\"@type\":\"SearchAction\",\"target\":{\"@type\":\"EntryPoint\",\"urlTemplate\":\"https:\\\/\\\/medicinasinc.com\\\/it\\\/?s={search_term_string}\"},\"query-input\":{\"@type\":\"PropertyValueSpecification\",\"valueRequired\":true,\"valueName\":\"search_term_string\"}}],\"inLanguage\":\"it-IT\"}]}<\/script>\n<!-- \/ Yoast SEO plugin. -->","yoast_head_json":{"title":"Acquista imitrex Sumatriptan 100 mg - I migliori farmaci globali","description":"Acquista imitrex Sumatriptan 100 mg compresse per alleviare l'emicrania in modo sicuro da una farmacia online del Regno Unito. Sumatriptan\u00a0\u00e8 una versione generica ed economica di Imigran.","robots":{"index":"index","follow":"follow","max-snippet":"max-snippet:-1","max-image-preview":"max-image-preview:large","max-video-preview":"max-video-preview:-1"},"canonical":"https:\/\/medicinasinc.com\/it\/product\/acquistare-imitrex-sumatriptan-100-mg\/","og_locale":"it_IT","og_type":"article","og_title":"Acquista imitrex Sumatriptan 100 mg - I migliori farmaci globali","og_description":"Acquista imitrex Sumatriptan 100 mg compresse per alleviare l'emicrania in modo sicuro da una farmacia online del Regno Unito. Sumatriptan\u00a0\u00e8 una versione generica ed economica di Imigran.","og_url":"https:\/\/medicinasinc.com\/it\/product\/acquistare-imitrex-sumatriptan-100-mg\/","og_site_name":"Medicinas Inc","article_modified_time":"2022-03-17T00:23:28+00:00","og_image":[{"width":846,"height":600,"url":"https:\/\/medicinasinc.com\/it\/wp-content\/uploads\/sites\/4\/2022\/02\/Buy-imitrex-Sumatriptan-100-mg.jpg","type":"image\/jpeg"}],"twitter_card":"summary_large_image","twitter_misc":{"Tempo di lettura stimato":"4 minuti"},"schema":{"@context":"https:\/\/schema.org","@graph":[{"@type":"WebPage","@id":"https:\/\/medicinasinc.com\/it\/product\/acquistare-imitrex-sumatriptan-100-mg\/","url":"https:\/\/medicinasinc.com\/it\/product\/acquistare-imitrex-sumatriptan-100-mg\/","name":"Acquista imitrex Sumatriptan 100 mg - I migliori farmaci globali","isPartOf":{"@id":"https:\/\/medicinasinc.com\/it\/#website"},"primaryImageOfPage":{"@id":"https:\/\/medicinasinc.com\/it\/product\/acquistare-imitrex-sumatriptan-100-mg\/#primaryimage"},"image":{"@id":"https:\/\/medicinasinc.com\/it\/product\/acquistare-imitrex-sumatriptan-100-mg\/#primaryimage"},"thumbnailUrl":"https:\/\/medicinasinc.com\/it\/wp-content\/uploads\/sites\/4\/2022\/02\/Buy-imitrex-Sumatriptan-100-mg.jpg","datePublished":"2022-02-20T21:57:05+00:00","dateModified":"2022-03-17T00:23:28+00:00","description":"Acquista imitrex Sumatriptan 100 mg compresse per alleviare l'emicrania in modo sicuro da una farmacia online del Regno Unito. Sumatriptan\u00a0\u00e8 una versione generica ed economica di Imigran.","breadcrumb":{"@id":"https:\/\/medicinasinc.com\/it\/product\/acquistare-imitrex-sumatriptan-100-mg\/#breadcrumb"},"inLanguage":"it-IT","potentialAction":[{"@type":"ReadAction","target":["https:\/\/medicinasinc.com\/it\/product\/acquistare-imitrex-sumatriptan-100-mg\/"]}]},{"@type":"ImageObject","inLanguage":"it-IT","@id":"https:\/\/medicinasinc.com\/it\/product\/acquistare-imitrex-sumatriptan-100-mg\/#primaryimage","url":"https:\/\/medicinasinc.com\/it\/wp-content\/uploads\/sites\/4\/2022\/02\/Buy-imitrex-Sumatriptan-100-mg.jpg","contentUrl":"https:\/\/medicinasinc.com\/it\/wp-content\/uploads\/sites\/4\/2022\/02\/Buy-imitrex-Sumatriptan-100-mg.jpg","width":846,"height":600},{"@type":"BreadcrumbList","@id":"https:\/\/medicinasinc.com\/it\/product\/acquistare-imitrex-sumatriptan-100-mg\/#breadcrumb","itemListElement":[{"@type":"ListItem","position":1,"name":"Negozio","item":"https:\/\/medicinasinc.com\/it\/negozio\/"},{"@type":"ListItem","position":2,"name":"Acquista imitrex Sumatriptan 100 mg"}]},{"@type":"WebSite","@id":"https:\/\/medicinasinc.com\/it\/#website","url":"https:\/\/medicinasinc.com\/it\/","name":"Medicinas Inc","description":"Health Medical Clinic","potentialAction":[{"@type":"SearchAction","target":{"@type":"EntryPoint","urlTemplate":"https:\/\/medicinasinc.com\/it\/?s={search_term_string}"},"query-input":{"@type":"PropertyValueSpecification","valueRequired":true,"valueName":"search_term_string"}}],"inLanguage":"it-IT"}]}},"_links":{"self":[{"href":"https:\/\/medicinasinc.com\/it\/wp-json\/wp\/v2\/product\/5207","targetHints":{"allow":["GET"]}}],"collection":[{"href":"https:\/\/medicinasinc.com\/it\/wp-json\/wp\/v2\/product"}],"about":[{"href":"https:\/\/medicinasinc.com\/it\/wp-json\/wp\/v2\/types\/product"}],"replies":[{"embeddable":true,"href":"https:\/\/medicinasinc.com\/it\/wp-json\/wp\/v2\/comments?post=5207"}],"wp:featuredmedia":[{"embeddable":true,"href":"https:\/\/medicinasinc.com\/it\/wp-json\/wp\/v2\/media\/5224"}],"wp:attachment":[{"href":"https:\/\/medicinasinc.com\/it\/wp-json\/wp\/v2\/media?parent=5207"}],"wp:term":[{"taxonomy":"product_brand","embeddable":true,"href":"https:\/\/medicinasinc.com\/it\/wp-json\/wp\/v2\/product_brand?post=5207"},{"taxonomy":"product_cat","embeddable":true,"href":"https:\/\/medicinasinc.com\/it\/wp-json\/wp\/v2\/product_cat?post=5207"},{"taxonomy":"product_tag","embeddable":true,"href":"https:\/\/medicinasinc.com\/it\/wp-json\/wp\/v2\/product_tag?post=5207"}],"curies":[{"name":"wp","href":"https:\/\/api.w.org\/{rel}","templated":true}]}}