{"id":5184,"date":"2022-02-20T21:36:32","date_gmt":"2022-02-20T21:36:32","guid":{"rendered":"https:\/\/medicinasinc.com\/it\/?post_type=product&#038;p=5184"},"modified":"2022-03-17T00:23:44","modified_gmt":"2022-03-17T00:23:44","slug":"comprare-idrocodone-10-325mg","status":"publish","type":"product","link":"https:\/\/medicinasinc.com\/it\/product\/comprare-idrocodone-10-325mg\/","title":{"rendered":"Acquista idrocodone 10\/325 mg"},"content":{"rendered":"<p>Dove acquistare\u00a0Hydrocodone 10\/325mg?<\/p>\n<p>Poich\u00e9 l&#8217;idrocodone \u00e8 un potente antidolorifico, puoi acquistarlo online senza prescrizione medica. Il papavero da oppio produce codeina, che viene utilizzata per produrre questo farmaco. Quando l&#8217;idrocodone viene prodotto dalla codeina, gli effetti antidolorifici sono pi\u00f9 forti e durano pi\u00f9 a lungo. Di conseguenza, i medici spesso prescrivono l&#8217;idrocodone al posto della codeina per trattare il dolore intenso.<\/p>\n<p>Nel cervello, l&#8217;idrocodone altera l&#8217;equilibrio chimico, bloccando l&#8217;azione dei recettori del dolore e sollevando cos\u00ec l&#8217;utente da qualsiasi percezione del dolore. <\/p>\n<p>A causa della natura acuta e cronica del dolore da frattura, l&#8217;idrocodone \u00e8 una delle migliori opzioni per trattarlo. Quando le persone non riescono a dormire la notte a causa del dolore, l&#8217;idrocodone pu\u00f2 aiutarle a rilassarsi e consentire loro di riposare un po&#8217; per alcune ore.<\/p>\n<p>L&#8217;idrocodone dovrebbe essere assunto solo da coloro che soffrono di dolore come un risultato di ossa fratturate, secondo parere medico. Quelli con altri tipi di dolore, come spasmi, piaghe o punti di sutura da un intervento chirurgico, possono ancora prenderlo. L&#8217;idrocodone \u00e8 uno degli antidolorifici pi\u00f9 efficaci in ognuna di queste situazioni.<\/p>\n<p>I dosaggi di idrocodone devono essere attentamente monitorati. Questo medicinale potrebbe avere seri effetti collaterali se usato nella quantit\u00e0 sbagliata. La dipendenza da questo medicinale \u00e8 un effetto collaterale comune della somministrazione di dosaggi errati. A causa del suo grande potenziale di abuso e dipendenza, l&#8217;idrocodone dovrebbe essere usato con parsimonia e di rado. L&#8217;idrocodone non deve essere assunto pi\u00f9 di 20 mg al giorno da coloro che soffrono di dolore cronico. Qualsiasi dose in eccesso pu\u00f2 portare alla dipendenza e alla fine alla dipendenza.<\/p>\n<p>Le precauzioni per l&#8217;idrocodone includono assicurarsi che venga sempre assunto il dosaggio corretto. Questo medicinale potrebbe causare gravi effetti negativi se assunto nelle quantit\u00e0 sbagliate. L&#8217;idrocodone non dovrebbe essere acquistato da persone con asma o difficolt\u00e0 respiratorie perch\u00e9 favorisce la respirazione superficiale, che potrebbe essere un grave problema per loro. Inizia con piccole dosi se acquisti l&#8217;idrocodone online senza prescrizione medica in modo da poter imparare di quanto ha bisogno il tuo corpo.<\/p>\n<p>L&#8217;idrocodone \u00e8 noto per causare una serie di effetti collaterali spiacevoli, tra cui sonnolenza, vertigini e nausea. Quando acquisti l&#8217;idrocodone online senza prescrizione medica e lo assumi, assicurati di seguire una dieta ben bilanciata per evitare problemi digestivi e intestinali.<\/p>\n","protected":false},"excerpt":{"rendered":"<div class=\"woocommerce-product-details__short-description\">\n<p>Il posto migliore per acquistare Hydrocodone 10 325mg online. I farmaci legali possono essere trovati presso Best Global Meds, una rispettabile farmacia online. Puoi risparmiare tempo e denaro effettuando l&#8217;ordine online.<\/p>\n<p>Dove acquistare l&#8217;idrocodone 10\/325mg online?<\/p>\n<p>Le donne in gravidanza dovrebbero consultare il proprio medico prima di assumere questo farmaco perch\u00e9 \u00e8 in Classe di gravidanza FDA B, il che significa che non c&#8217;\u00e8 modo di determinare in che modo influenzer\u00e0 un feto o un cucciolo.<\/p>\n<p>In vendita: Percocet 10\/325mg &#8211; Acquista senza ricetta&#8230;<\/p>\n<p>Le farmacie online consigliate per l&#8217;acquisto di Vicodin.<\/p>\n<\/p><\/div>\n","protected":false},"featured_media":5203,"comment_status":"open","ping_status":"closed","template":"","meta":[],"product_brand":[],"product_cat":[1117],"product_tag":[1315,1325,1297,1316,1313,1308,1302,1298,1318,1319,1317,1320,1312,1336,1321,1324,1322,1323,1300,1337,1326,1327,1328,1329,1330,1332,1331,1333,1334,1299,1311,1310,1309,1335],"class_list":{"0":"post-5184","1":"product","2":"type-product","3":"status-publish","4":"has-post-thumbnail","6":"product_cat-comprare-pillole-sesso-dolore-per-dormire","7":"product_tag-compra-idrocodone-bitcoin-online","8":"product_tag-acquisto-idrocodone","9":"product_tag-compra-watson-online","10":"product_tag-cheap-hydrocodone","11":"product_tag-watson-tavoletta-antidolorifica","12":"product_tag-watson-dosaggio","13":"product_tag-farmaci-senza-prescrizione","14":"product_tag-generic-pills-for-sale-in-usa","15":"product_tag-hydrocodone-pills","16":"product_tag-hydrocodone-watson","17":"product_tag-idrocodone","18":"product_tag-lortab","19":"product_tag-watson-farmaci","20":"product_tag-watson-medicina","21":"product_tag-acquisto-online-watson-540-500-mg","22":"product_tag-order-online-watson-540-500-mg","23":"product_tag-ordine-idrocodone","24":"product_tag-ordine-idrocodone-online","25":"product_tag-pillole-watson-generiche-in-vendita-negli-usa","26":"product_tag-watson-pillole-senza-prescrizione-condividi","27":"product_tag-watson","28":"product_tag-wason-325-mg","29":"product_tag-watson-325mg","30":"product_tag-watson-540","31":"product_tag-watson-540-500-mg-acquista-online","32":"product_tag-watson-853-idrocodone-10-325-mg--una-compressa-di-colore-bianco-e-a-forma-di-capsula-progettata-per-il-trattamento-del-dolore","33":"product_tag-watson-853-idrocodone-10-325-mg","34":"product_tag-watson-853-idrocodone-in-linea","35":"product_tag-watson-853-pillola-bianca","36":"product_tag-generico-watson","37":"product_tag-watson-hydrocodone-pain-loss-pills","38":"product_tag-watson-in-vendita-negli-usa","39":"product_tag-watson-in-vendita-nel-uk","40":"product_tag-watson-lortab","42":"first","43":"instock","44":"shipping-taxable","45":"purchasable","46":"product-type-variable","47":"has-default-attributes"},"yoast_head":"<!-- This site is optimized with the Yoast SEO plugin v27.3 - https:\/\/yoast.com\/product\/yoast-seo-wordpress\/ -->\n<title>Acquista idrocodone 10\/325mg - I migliori farmaci globali migliori<\/title>\n<meta name=\"description\" content=\"Acquista Hydrocodone 10 325mg in vendita nel Regno Unito, in Europa online al miglior prezzo. Best Global Meds \u00e8 una farmacia online affidabile con farmaci legali. Ordina online e risparmia tempo e denaro.\" \/>\n<meta name=\"robots\" content=\"index, follow, max-snippet:-1, max-image-preview:large, max-video-preview:-1\" \/>\n<link rel=\"canonical\" href=\"https:\/\/medicinasinc.com\/it\/product\/comprare-idrocodone-10-325mg\/\" \/>\n<meta property=\"og:locale\" content=\"it_IT\" \/>\n<meta property=\"og:type\" content=\"article\" \/>\n<meta property=\"og:title\" content=\"Acquista idrocodone 10\/325mg - I migliori farmaci globali migliori\" \/>\n<meta property=\"og:description\" content=\"Acquista Hydrocodone 10 325mg in vendita nel Regno Unito, in Europa online al miglior prezzo. Best Global Meds \u00e8 una farmacia online affidabile con farmaci legali. Ordina online e risparmia tempo e denaro.\" \/>\n<meta property=\"og:url\" content=\"https:\/\/medicinasinc.com\/it\/product\/comprare-idrocodone-10-325mg\/\" \/>\n<meta property=\"og:site_name\" content=\"Medicinas Inc\" \/>\n<meta property=\"article:modified_time\" content=\"2022-03-17T00:23:44+00:00\" \/>\n<meta property=\"og:image\" content=\"https:\/\/medicinasinc.com\/it\/wp-content\/uploads\/sites\/4\/2022\/02\/buy-hydrocodone-10-325mg-online.jpg\" \/>\n\t<meta property=\"og:image:width\" content=\"600\" \/>\n\t<meta property=\"og:image:height\" content=\"600\" \/>\n\t<meta property=\"og:image:type\" content=\"image\/jpeg\" \/>\n<meta name=\"twitter:card\" content=\"summary_large_image\" \/>\n<meta name=\"twitter:label1\" content=\"Tempo di lettura stimato\" \/>\n\t<meta name=\"twitter:data1\" content=\"2 minuti\" \/>\n<script type=\"application\/ld+json\" class=\"yoast-schema-graph\">{\"@context\":\"https:\\\/\\\/schema.org\",\"@graph\":[{\"@type\":\"WebPage\",\"@id\":\"https:\\\/\\\/medicinasinc.com\\\/it\\\/product\\\/comprare-idrocodone-10-325mg\\\/\",\"url\":\"https:\\\/\\\/medicinasinc.com\\\/it\\\/product\\\/comprare-idrocodone-10-325mg\\\/\",\"name\":\"Acquista idrocodone 10\\\/325mg - I migliori farmaci globali migliori\",\"isPartOf\":{\"@id\":\"https:\\\/\\\/medicinasinc.com\\\/it\\\/#website\"},\"primaryImageOfPage\":{\"@id\":\"https:\\\/\\\/medicinasinc.com\\\/it\\\/product\\\/comprare-idrocodone-10-325mg\\\/#primaryimage\"},\"image\":{\"@id\":\"https:\\\/\\\/medicinasinc.com\\\/it\\\/product\\\/comprare-idrocodone-10-325mg\\\/#primaryimage\"},\"thumbnailUrl\":\"https:\\\/\\\/medicinasinc.com\\\/it\\\/wp-content\\\/uploads\\\/sites\\\/4\\\/2022\\\/02\\\/buy-hydrocodone-10-325mg-online.jpg\",\"datePublished\":\"2022-02-20T21:36:32+00:00\",\"dateModified\":\"2022-03-17T00:23:44+00:00\",\"description\":\"Acquista Hydrocodone 10 325mg in vendita nel Regno Unito, in Europa online al miglior prezzo. Best Global Meds \u00e8 una farmacia online affidabile con farmaci legali. Ordina online e risparmia tempo e denaro.\",\"breadcrumb\":{\"@id\":\"https:\\\/\\\/medicinasinc.com\\\/it\\\/product\\\/comprare-idrocodone-10-325mg\\\/#breadcrumb\"},\"inLanguage\":\"it-IT\",\"potentialAction\":[{\"@type\":\"ReadAction\",\"target\":[\"https:\\\/\\\/medicinasinc.com\\\/it\\\/product\\\/comprare-idrocodone-10-325mg\\\/\"]}]},{\"@type\":\"ImageObject\",\"inLanguage\":\"it-IT\",\"@id\":\"https:\\\/\\\/medicinasinc.com\\\/it\\\/product\\\/comprare-idrocodone-10-325mg\\\/#primaryimage\",\"url\":\"https:\\\/\\\/medicinasinc.com\\\/it\\\/wp-content\\\/uploads\\\/sites\\\/4\\\/2022\\\/02\\\/buy-hydrocodone-10-325mg-online.jpg\",\"contentUrl\":\"https:\\\/\\\/medicinasinc.com\\\/it\\\/wp-content\\\/uploads\\\/sites\\\/4\\\/2022\\\/02\\\/buy-hydrocodone-10-325mg-online.jpg\",\"width\":600,\"height\":600},{\"@type\":\"BreadcrumbList\",\"@id\":\"https:\\\/\\\/medicinasinc.com\\\/it\\\/product\\\/comprare-idrocodone-10-325mg\\\/#breadcrumb\",\"itemListElement\":[{\"@type\":\"ListItem\",\"position\":1,\"name\":\"Negozio\",\"item\":\"https:\\\/\\\/medicinasinc.com\\\/it\\\/negozio\\\/\"},{\"@type\":\"ListItem\",\"position\":2,\"name\":\"Acquista idrocodone 10\\\/325 mg\"}]},{\"@type\":\"WebSite\",\"@id\":\"https:\\\/\\\/medicinasinc.com\\\/it\\\/#website\",\"url\":\"https:\\\/\\\/medicinasinc.com\\\/it\\\/\",\"name\":\"Medicinas Inc\",\"description\":\"Health Medical Clinic\",\"potentialAction\":[{\"@type\":\"SearchAction\",\"target\":{\"@type\":\"EntryPoint\",\"urlTemplate\":\"https:\\\/\\\/medicinasinc.com\\\/it\\\/?s={search_term_string}\"},\"query-input\":{\"@type\":\"PropertyValueSpecification\",\"valueRequired\":true,\"valueName\":\"search_term_string\"}}],\"inLanguage\":\"it-IT\"}]}<\/script>\n<!-- \/ Yoast SEO plugin. -->","yoast_head_json":{"title":"Acquista idrocodone 10\/325mg - I migliori farmaci globali migliori","description":"Acquista Hydrocodone 10 325mg in vendita nel Regno Unito, in Europa online al miglior prezzo. Best Global Meds \u00e8 una farmacia online affidabile con farmaci legali. Ordina online e risparmia tempo e denaro.","robots":{"index":"index","follow":"follow","max-snippet":"max-snippet:-1","max-image-preview":"max-image-preview:large","max-video-preview":"max-video-preview:-1"},"canonical":"https:\/\/medicinasinc.com\/it\/product\/comprare-idrocodone-10-325mg\/","og_locale":"it_IT","og_type":"article","og_title":"Acquista idrocodone 10\/325mg - I migliori farmaci globali migliori","og_description":"Acquista Hydrocodone 10 325mg in vendita nel Regno Unito, in Europa online al miglior prezzo. Best Global Meds \u00e8 una farmacia online affidabile con farmaci legali. Ordina online e risparmia tempo e denaro.","og_url":"https:\/\/medicinasinc.com\/it\/product\/comprare-idrocodone-10-325mg\/","og_site_name":"Medicinas Inc","article_modified_time":"2022-03-17T00:23:44+00:00","og_image":[{"width":600,"height":600,"url":"https:\/\/medicinasinc.com\/it\/wp-content\/uploads\/sites\/4\/2022\/02\/buy-hydrocodone-10-325mg-online.jpg","type":"image\/jpeg"}],"twitter_card":"summary_large_image","twitter_misc":{"Tempo di lettura stimato":"2 minuti"},"schema":{"@context":"https:\/\/schema.org","@graph":[{"@type":"WebPage","@id":"https:\/\/medicinasinc.com\/it\/product\/comprare-idrocodone-10-325mg\/","url":"https:\/\/medicinasinc.com\/it\/product\/comprare-idrocodone-10-325mg\/","name":"Acquista idrocodone 10\/325mg - I migliori farmaci globali migliori","isPartOf":{"@id":"https:\/\/medicinasinc.com\/it\/#website"},"primaryImageOfPage":{"@id":"https:\/\/medicinasinc.com\/it\/product\/comprare-idrocodone-10-325mg\/#primaryimage"},"image":{"@id":"https:\/\/medicinasinc.com\/it\/product\/comprare-idrocodone-10-325mg\/#primaryimage"},"thumbnailUrl":"https:\/\/medicinasinc.com\/it\/wp-content\/uploads\/sites\/4\/2022\/02\/buy-hydrocodone-10-325mg-online.jpg","datePublished":"2022-02-20T21:36:32+00:00","dateModified":"2022-03-17T00:23:44+00:00","description":"Acquista Hydrocodone 10 325mg in vendita nel Regno Unito, in Europa online al miglior prezzo. Best Global Meds \u00e8 una farmacia online affidabile con farmaci legali. Ordina online e risparmia tempo e denaro.","breadcrumb":{"@id":"https:\/\/medicinasinc.com\/it\/product\/comprare-idrocodone-10-325mg\/#breadcrumb"},"inLanguage":"it-IT","potentialAction":[{"@type":"ReadAction","target":["https:\/\/medicinasinc.com\/it\/product\/comprare-idrocodone-10-325mg\/"]}]},{"@type":"ImageObject","inLanguage":"it-IT","@id":"https:\/\/medicinasinc.com\/it\/product\/comprare-idrocodone-10-325mg\/#primaryimage","url":"https:\/\/medicinasinc.com\/it\/wp-content\/uploads\/sites\/4\/2022\/02\/buy-hydrocodone-10-325mg-online.jpg","contentUrl":"https:\/\/medicinasinc.com\/it\/wp-content\/uploads\/sites\/4\/2022\/02\/buy-hydrocodone-10-325mg-online.jpg","width":600,"height":600},{"@type":"BreadcrumbList","@id":"https:\/\/medicinasinc.com\/it\/product\/comprare-idrocodone-10-325mg\/#breadcrumb","itemListElement":[{"@type":"ListItem","position":1,"name":"Negozio","item":"https:\/\/medicinasinc.com\/it\/negozio\/"},{"@type":"ListItem","position":2,"name":"Acquista idrocodone 10\/325 mg"}]},{"@type":"WebSite","@id":"https:\/\/medicinasinc.com\/it\/#website","url":"https:\/\/medicinasinc.com\/it\/","name":"Medicinas Inc","description":"Health Medical Clinic","potentialAction":[{"@type":"SearchAction","target":{"@type":"EntryPoint","urlTemplate":"https:\/\/medicinasinc.com\/it\/?s={search_term_string}"},"query-input":{"@type":"PropertyValueSpecification","valueRequired":true,"valueName":"search_term_string"}}],"inLanguage":"it-IT"}]}},"_links":{"self":[{"href":"https:\/\/medicinasinc.com\/it\/wp-json\/wp\/v2\/product\/5184","targetHints":{"allow":["GET"]}}],"collection":[{"href":"https:\/\/medicinasinc.com\/it\/wp-json\/wp\/v2\/product"}],"about":[{"href":"https:\/\/medicinasinc.com\/it\/wp-json\/wp\/v2\/types\/product"}],"replies":[{"embeddable":true,"href":"https:\/\/medicinasinc.com\/it\/wp-json\/wp\/v2\/comments?post=5184"}],"wp:featuredmedia":[{"embeddable":true,"href":"https:\/\/medicinasinc.com\/it\/wp-json\/wp\/v2\/media\/5203"}],"wp:attachment":[{"href":"https:\/\/medicinasinc.com\/it\/wp-json\/wp\/v2\/media?parent=5184"}],"wp:term":[{"taxonomy":"product_brand","embeddable":true,"href":"https:\/\/medicinasinc.com\/it\/wp-json\/wp\/v2\/product_brand?post=5184"},{"taxonomy":"product_cat","embeddable":true,"href":"https:\/\/medicinasinc.com\/it\/wp-json\/wp\/v2\/product_cat?post=5184"},{"taxonomy":"product_tag","embeddable":true,"href":"https:\/\/medicinasinc.com\/it\/wp-json\/wp\/v2\/product_tag?post=5184"}],"curies":[{"name":"wp","href":"https:\/\/api.w.org\/{rel}","templated":true}]}}