{"id":5183,"date":"2022-02-20T21:35:10","date_gmt":"2022-02-20T21:35:10","guid":{"rendered":"https:\/\/medicinasinc.com\/it\/?post_type=product&#038;p=5183"},"modified":"2022-03-17T00:23:56","modified_gmt":"2022-03-17T00:23:56","slug":"idrocodone-10-500-mg","status":"publish","type":"product","link":"https:\/\/medicinasinc.com\/it\/product\/idrocodone-10-500-mg\/","title":{"rendered":"Idrocodone 10\/500 mg"},"content":{"rendered":"<div class=\"product-next-previous\">\n<div class=\"product-prev\">\n<p>Al momento \u00e8 possibile acquistare online le pillole di idrocodone da 10\/500 mg.<\/p>\n<p>Combinazione di alta qualit\u00e0 medicinale per la gestione del dolore da moderato a grave, Watson 540 (Hydrocodone) 500 mg \u00e8 Watson 540 (Hydrocodone). Il paracetamolo e l&#8217;idrocodone sono utilizzati nella formulazione dell&#8217;idrocodone in vendita. Il paracetamolo non oppioide e l&#8217;idrocodone oppioide sono entrambi antidolorifici.<\/p>\n<p>Nel cervello, questo farmaco altera il modo in cui il corpo risponde e prova dolore. La temperatura di un individuo pu\u00f2 anche essere ridotta con l&#8217;uso di questo farmaco.<\/p>\n<p>A causa dei significativi effetti avversi della respirazione superficiale\/lenta che potrebbero verificarsi quando si acquista l&#8217;idrocodone online, non \u00e8 raccomandato per i bambini di et\u00e0 inferiore ai 6 anni anni.<\/p>\n<p>Prima di iniziare questo farmaco, assicurati di leggere il foglio illustrativo per il paziente che ti \u00e8 stato fornito dal medico.<\/p>\n<p>Acquista l&#8217;idrocodone pu\u00f2 essere assunto per via orale, con o senza pasti , a seconda delle preferenze dell&#8217;utente. Consultare il medico o il medico prima di assumere il farmaco in caso di nausea.<\/p>\n<p>Cosa contiene ogni compressa Watson 540?<\/p>\n<p>Sodio stearato di magnesio<br \/> Cellulosa microcristallina<br \/> CrospovidonesCroscarmellose \u00c8 composto da stearato di sodio<br \/> AmidiPovidone<br \/> Ossido di polietilene tereftalato<br \/> Contiene COLOR POWDER n. 10 D&amp;C Yellow<\/p>\n<p>&nbsp;<\/p>\n<p>A seconda della risposta generale del paziente e delle condizioni mediche, il dosaggio di questo medicinale pu\u00f2 variare. Non tentare mai di aumentare il dosaggio del farmaco e interrompere l&#8217;assunzione solo se il medico ti istruisce di farlo.<\/p>\n<p>L&#8217;interruzione improvvisa del farmaco pu\u00f2 portare alla sospensione. Per evitare sintomi di astinenza, segui le istruzioni del medico per ridurre gradualmente il dosaggio dei farmaci.<\/p>\n<p>Gli acquisti online di idrocodone a volte possono causare dipendenza. Si raccomanda di non superare la dose specificata del farmaco per prevenire la dipendenza dalla droga.<\/p>\n<p>Allergia:<\/p>\n<p>Chiedi al tuo medico o al tuo medico se puoi usare questo farmaco perch\u00e9 sei allergico agli ingredienti paracetamolo e idrocodone. La reazione di un individuo a questo prodotto potrebbe essere influenzata negativamente dalla presenza di principi attivi nella sua formulazione.<\/p>\n<p> Sonnolenza:<\/p>\n<p> Sonnolenza o vertigini possono verificarsi come effetto collaterale di questo farmaco. La guida, l&#8217;uso di macchinari o qualsiasi altra attivit\u00e0 che richieda la massima attenzione o vigilanza dovrebbe essere evitata. Si prega di astenersi dal partecipare a una qualsiasi di queste attivit\u00e0 finch\u00e9 non si \u00e8 sicuri di poterlo fare senza incontrare alcuna difficolt\u00e0.<\/p>\n<p>Gravidanza:<\/p>\n<p>Si consiglia alle donne in gravidanza di non assumere questo farmaco. Utilizzare questo farmaco solo se \u00e8 assolutamente necessario. Consultare il medico o il farmacista per conoscere i vantaggi e gli svantaggi dell&#8217;assunzione di questo farmaco durante la gravidanza.<\/p>\n<p>Allattamento al seno<\/p>\n<p>L&#8217;assunzione di questo farmaco durante l&#8217;allattamento al seno pu\u00f2 avere un effetto negativo sulla salute del bambino. I medici dovrebbero essere consultati rapidamente se il tuo bambino mostra sintomi strani come difficolt\u00e0 respiratorie o letargia, nonch\u00e9 problemi di alimentazione.<\/p>\n<p>A causa dell&#8217;uso dell&#8217;idrocodone possono verificarsi vomito, vertigini, sonnolenza e stitichezza. Man mano che il farmaco viene continuato, alcuni di questi effetti avversi possono diminuire di gravit\u00e0 nel tempo. Se uno qualsiasi di questi sintomi peggiora, dovresti consultare un medico di emergenza per trovare una soluzione.<\/p>\n<p>Dovresti consumare molte fibre e bere molta acqua per evitare la stitichezza. Prendi un lassativo per alleviare i sintomi della stitichezza, se ne hai bisogno. Dovresti chiedere il parere del tuo medico prima di prendere un lassativo.<\/p>\n<p>Dovresti alzarti lentamente da una posizione sdraiata o seduta se vuoi ridurre al minimo i sintomi di stordimento e vertigini.<\/p>\n<\/p><\/div><\/div>\n","protected":false},"excerpt":{"rendered":"<div class=\"woocommerce-product-details__short-description\">\n<p>Acquista pillole di idrocodone da 10\/500 mg in vendita nel Regno Unito, nell&#8217;UE e in Europa possono essere acquistate online dal nostro sito Web. Il diidrocodeinone (idrocodone) \u00e8 un oppioide semilavorato derivato dalla codeina e dalla tebaina, due sedativi comuni.<\/p>\n<p>Per il dolore da moderato a grave, il principio attivo di Watson 540 (idrocodone) \u00e8 500 mg di idrocodone. Il paracetamolo e l&#8217;idrocodone sono utilizzati nella formulazione dell&#8217;idrocodone in vendita. L&#8217;idrossicodone \u00e8 un antidolorifico oppioide, mentre il paracetamolo non \u00e8 oppioide.<\/p>\n<\/p><\/div>\n","protected":false},"featured_media":5201,"comment_status":"open","ping_status":"closed","template":"","meta":[],"product_brand":[],"product_cat":[1117],"product_tag":[1297,1313,1308,1302,1298,1301,1312,1307,1300,1314,1303,1304,1305,1306,1299,1311,1310,1309],"class_list":{"0":"post-5183","1":"product","2":"type-product","3":"status-publish","4":"has-post-thumbnail","6":"product_cat-comprare-pillole-sesso-dolore-per-dormire","7":"product_tag-compra-watson-online","8":"product_tag-watson-tavoletta-antidolorifica","9":"product_tag-watson-dosaggio","10":"product_tag-farmaci-senza-prescrizione","11":"product_tag-generic-pills-for-sale-in-usa","12":"product_tag-idrocodone-in-vendita","13":"product_tag-watson-farmaci","14":"product_tag-watson-540-medicina","15":"product_tag-pillole-watson-generiche-in-vendita-negli-usa","16":"product_tag-watson-pillole-senza-prescrizione","17":"product_tag-watson-500-mg","18":"product_tag-watson-500mg","19":"product_tag-watson-540-idrocodone-500-mg","20":"product_tag-watson-540-idrocodone-in-linea","21":"product_tag-generico-watson","22":"product_tag-watson-hydrocodone-pain-loss-pills","23":"product_tag-watson-in-vendita-negli-usa","24":"product_tag-watson-in-vendita-nel-uk","26":"first","27":"instock","28":"shipping-taxable","29":"purchasable","30":"product-type-variable","31":"has-default-attributes"},"yoast_head":"<!-- This site is optimized with the Yoast SEO plugin v27.3 - https:\/\/yoast.com\/product\/yoast-seo-wordpress\/ -->\n<title>Acquista idrocodone 10\/500 mg - I migliori farmaci globali migliori<\/title>\n<meta name=\"description\" content=\"Acquista pillole di idrocodone 10\/500 mg in vendita nel Regno Unito, nell&#039;UE, in Europa online. L&#039;idrocodone o diidrocodeinone \u00e8 un oppioide semilavorato dedotto da due dei sedativi comuni, la codeina e la tebaina.\" \/>\n<meta name=\"robots\" content=\"index, follow, max-snippet:-1, max-image-preview:large, max-video-preview:-1\" \/>\n<link rel=\"canonical\" href=\"https:\/\/medicinasinc.com\/it\/product\/idrocodone-10-500-mg\/\" \/>\n<meta property=\"og:locale\" content=\"it_IT\" \/>\n<meta property=\"og:type\" content=\"article\" \/>\n<meta property=\"og:title\" content=\"Acquista idrocodone 10\/500 mg - I migliori farmaci globali migliori\" \/>\n<meta property=\"og:description\" content=\"Acquista pillole di idrocodone 10\/500 mg in vendita nel Regno Unito, nell&#039;UE, in Europa online. L&#039;idrocodone o diidrocodeinone \u00e8 un oppioide semilavorato dedotto da due dei sedativi comuni, la codeina e la tebaina.\" \/>\n<meta property=\"og:url\" content=\"https:\/\/medicinasinc.com\/it\/product\/idrocodone-10-500-mg\/\" \/>\n<meta property=\"og:site_name\" content=\"Medicinas Inc\" \/>\n<meta property=\"article:modified_time\" content=\"2022-03-17T00:23:56+00:00\" \/>\n<meta property=\"og:image\" content=\"https:\/\/medicinasinc.com\/it\/wp-content\/uploads\/sites\/4\/2022\/02\/buy-hydrocodone-10-500mg-pills-online.jpg\" \/>\n\t<meta property=\"og:image:width\" content=\"600\" \/>\n\t<meta property=\"og:image:height\" content=\"600\" \/>\n\t<meta property=\"og:image:type\" content=\"image\/jpeg\" \/>\n<meta name=\"twitter:card\" content=\"summary_large_image\" \/>\n<meta name=\"twitter:label1\" content=\"Tempo di lettura stimato\" \/>\n\t<meta name=\"twitter:data1\" content=\"3 minuti\" \/>\n<script type=\"application\/ld+json\" class=\"yoast-schema-graph\">{\"@context\":\"https:\\\/\\\/schema.org\",\"@graph\":[{\"@type\":\"WebPage\",\"@id\":\"https:\\\/\\\/medicinasinc.com\\\/it\\\/product\\\/idrocodone-10-500-mg\\\/\",\"url\":\"https:\\\/\\\/medicinasinc.com\\\/it\\\/product\\\/idrocodone-10-500-mg\\\/\",\"name\":\"Acquista idrocodone 10\\\/500 mg - I migliori farmaci globali migliori\",\"isPartOf\":{\"@id\":\"https:\\\/\\\/medicinasinc.com\\\/it\\\/#website\"},\"primaryImageOfPage\":{\"@id\":\"https:\\\/\\\/medicinasinc.com\\\/it\\\/product\\\/idrocodone-10-500-mg\\\/#primaryimage\"},\"image\":{\"@id\":\"https:\\\/\\\/medicinasinc.com\\\/it\\\/product\\\/idrocodone-10-500-mg\\\/#primaryimage\"},\"thumbnailUrl\":\"https:\\\/\\\/medicinasinc.com\\\/it\\\/wp-content\\\/uploads\\\/sites\\\/4\\\/2022\\\/02\\\/buy-hydrocodone-10-500mg-pills-online.jpg\",\"datePublished\":\"2022-02-20T21:35:10+00:00\",\"dateModified\":\"2022-03-17T00:23:56+00:00\",\"description\":\"Acquista pillole di idrocodone 10\\\/500 mg in vendita nel Regno Unito, nell'UE, in Europa online. L'idrocodone o diidrocodeinone \u00e8 un oppioide semilavorato dedotto da due dei sedativi comuni, la codeina e la tebaina.\",\"breadcrumb\":{\"@id\":\"https:\\\/\\\/medicinasinc.com\\\/it\\\/product\\\/idrocodone-10-500-mg\\\/#breadcrumb\"},\"inLanguage\":\"it-IT\",\"potentialAction\":[{\"@type\":\"ReadAction\",\"target\":[\"https:\\\/\\\/medicinasinc.com\\\/it\\\/product\\\/idrocodone-10-500-mg\\\/\"]}]},{\"@type\":\"ImageObject\",\"inLanguage\":\"it-IT\",\"@id\":\"https:\\\/\\\/medicinasinc.com\\\/it\\\/product\\\/idrocodone-10-500-mg\\\/#primaryimage\",\"url\":\"https:\\\/\\\/medicinasinc.com\\\/it\\\/wp-content\\\/uploads\\\/sites\\\/4\\\/2022\\\/02\\\/buy-hydrocodone-10-500mg-pills-online.jpg\",\"contentUrl\":\"https:\\\/\\\/medicinasinc.com\\\/it\\\/wp-content\\\/uploads\\\/sites\\\/4\\\/2022\\\/02\\\/buy-hydrocodone-10-500mg-pills-online.jpg\",\"width\":600,\"height\":600},{\"@type\":\"BreadcrumbList\",\"@id\":\"https:\\\/\\\/medicinasinc.com\\\/it\\\/product\\\/idrocodone-10-500-mg\\\/#breadcrumb\",\"itemListElement\":[{\"@type\":\"ListItem\",\"position\":1,\"name\":\"Negozio\",\"item\":\"https:\\\/\\\/medicinasinc.com\\\/it\\\/negozio\\\/\"},{\"@type\":\"ListItem\",\"position\":2,\"name\":\"Idrocodone 10\\\/500 mg\"}]},{\"@type\":\"WebSite\",\"@id\":\"https:\\\/\\\/medicinasinc.com\\\/it\\\/#website\",\"url\":\"https:\\\/\\\/medicinasinc.com\\\/it\\\/\",\"name\":\"Medicinas Inc\",\"description\":\"Health Medical Clinic\",\"potentialAction\":[{\"@type\":\"SearchAction\",\"target\":{\"@type\":\"EntryPoint\",\"urlTemplate\":\"https:\\\/\\\/medicinasinc.com\\\/it\\\/?s={search_term_string}\"},\"query-input\":{\"@type\":\"PropertyValueSpecification\",\"valueRequired\":true,\"valueName\":\"search_term_string\"}}],\"inLanguage\":\"it-IT\"}]}<\/script>\n<!-- \/ Yoast SEO plugin. -->","yoast_head_json":{"title":"Acquista idrocodone 10\/500 mg - I migliori farmaci globali migliori","description":"Acquista pillole di idrocodone 10\/500 mg in vendita nel Regno Unito, nell'UE, in Europa online. L'idrocodone o diidrocodeinone \u00e8 un oppioide semilavorato dedotto da due dei sedativi comuni, la codeina e la tebaina.","robots":{"index":"index","follow":"follow","max-snippet":"max-snippet:-1","max-image-preview":"max-image-preview:large","max-video-preview":"max-video-preview:-1"},"canonical":"https:\/\/medicinasinc.com\/it\/product\/idrocodone-10-500-mg\/","og_locale":"it_IT","og_type":"article","og_title":"Acquista idrocodone 10\/500 mg - I migliori farmaci globali migliori","og_description":"Acquista pillole di idrocodone 10\/500 mg in vendita nel Regno Unito, nell'UE, in Europa online. L'idrocodone o diidrocodeinone \u00e8 un oppioide semilavorato dedotto da due dei sedativi comuni, la codeina e la tebaina.","og_url":"https:\/\/medicinasinc.com\/it\/product\/idrocodone-10-500-mg\/","og_site_name":"Medicinas Inc","article_modified_time":"2022-03-17T00:23:56+00:00","og_image":[{"width":600,"height":600,"url":"https:\/\/medicinasinc.com\/it\/wp-content\/uploads\/sites\/4\/2022\/02\/buy-hydrocodone-10-500mg-pills-online.jpg","type":"image\/jpeg"}],"twitter_card":"summary_large_image","twitter_misc":{"Tempo di lettura stimato":"3 minuti"},"schema":{"@context":"https:\/\/schema.org","@graph":[{"@type":"WebPage","@id":"https:\/\/medicinasinc.com\/it\/product\/idrocodone-10-500-mg\/","url":"https:\/\/medicinasinc.com\/it\/product\/idrocodone-10-500-mg\/","name":"Acquista idrocodone 10\/500 mg - I migliori farmaci globali migliori","isPartOf":{"@id":"https:\/\/medicinasinc.com\/it\/#website"},"primaryImageOfPage":{"@id":"https:\/\/medicinasinc.com\/it\/product\/idrocodone-10-500-mg\/#primaryimage"},"image":{"@id":"https:\/\/medicinasinc.com\/it\/product\/idrocodone-10-500-mg\/#primaryimage"},"thumbnailUrl":"https:\/\/medicinasinc.com\/it\/wp-content\/uploads\/sites\/4\/2022\/02\/buy-hydrocodone-10-500mg-pills-online.jpg","datePublished":"2022-02-20T21:35:10+00:00","dateModified":"2022-03-17T00:23:56+00:00","description":"Acquista pillole di idrocodone 10\/500 mg in vendita nel Regno Unito, nell'UE, in Europa online. L'idrocodone o diidrocodeinone \u00e8 un oppioide semilavorato dedotto da due dei sedativi comuni, la codeina e la tebaina.","breadcrumb":{"@id":"https:\/\/medicinasinc.com\/it\/product\/idrocodone-10-500-mg\/#breadcrumb"},"inLanguage":"it-IT","potentialAction":[{"@type":"ReadAction","target":["https:\/\/medicinasinc.com\/it\/product\/idrocodone-10-500-mg\/"]}]},{"@type":"ImageObject","inLanguage":"it-IT","@id":"https:\/\/medicinasinc.com\/it\/product\/idrocodone-10-500-mg\/#primaryimage","url":"https:\/\/medicinasinc.com\/it\/wp-content\/uploads\/sites\/4\/2022\/02\/buy-hydrocodone-10-500mg-pills-online.jpg","contentUrl":"https:\/\/medicinasinc.com\/it\/wp-content\/uploads\/sites\/4\/2022\/02\/buy-hydrocodone-10-500mg-pills-online.jpg","width":600,"height":600},{"@type":"BreadcrumbList","@id":"https:\/\/medicinasinc.com\/it\/product\/idrocodone-10-500-mg\/#breadcrumb","itemListElement":[{"@type":"ListItem","position":1,"name":"Negozio","item":"https:\/\/medicinasinc.com\/it\/negozio\/"},{"@type":"ListItem","position":2,"name":"Idrocodone 10\/500 mg"}]},{"@type":"WebSite","@id":"https:\/\/medicinasinc.com\/it\/#website","url":"https:\/\/medicinasinc.com\/it\/","name":"Medicinas Inc","description":"Health Medical Clinic","potentialAction":[{"@type":"SearchAction","target":{"@type":"EntryPoint","urlTemplate":"https:\/\/medicinasinc.com\/it\/?s={search_term_string}"},"query-input":{"@type":"PropertyValueSpecification","valueRequired":true,"valueName":"search_term_string"}}],"inLanguage":"it-IT"}]}},"_links":{"self":[{"href":"https:\/\/medicinasinc.com\/it\/wp-json\/wp\/v2\/product\/5183","targetHints":{"allow":["GET"]}}],"collection":[{"href":"https:\/\/medicinasinc.com\/it\/wp-json\/wp\/v2\/product"}],"about":[{"href":"https:\/\/medicinasinc.com\/it\/wp-json\/wp\/v2\/types\/product"}],"replies":[{"embeddable":true,"href":"https:\/\/medicinasinc.com\/it\/wp-json\/wp\/v2\/comments?post=5183"}],"wp:featuredmedia":[{"embeddable":true,"href":"https:\/\/medicinasinc.com\/it\/wp-json\/wp\/v2\/media\/5201"}],"wp:attachment":[{"href":"https:\/\/medicinasinc.com\/it\/wp-json\/wp\/v2\/media?parent=5183"}],"wp:term":[{"taxonomy":"product_brand","embeddable":true,"href":"https:\/\/medicinasinc.com\/it\/wp-json\/wp\/v2\/product_brand?post=5183"},{"taxonomy":"product_cat","embeddable":true,"href":"https:\/\/medicinasinc.com\/it\/wp-json\/wp\/v2\/product_cat?post=5183"},{"taxonomy":"product_tag","embeddable":true,"href":"https:\/\/medicinasinc.com\/it\/wp-json\/wp\/v2\/product_tag?post=5183"}],"curies":[{"name":"wp","href":"https:\/\/api.w.org\/{rel}","templated":true}]}}