{"id":5182,"date":"2022-02-20T21:32:53","date_gmt":"2022-02-20T21:32:53","guid":{"rendered":"https:\/\/medicinasinc.com\/it\/?post_type=product&#038;p=5182"},"modified":"2022-03-17T00:24:06","modified_gmt":"2022-03-17T00:24:06","slug":"buy-fentanil-transdermico-sistema-cerotto","status":"publish","type":"product","link":"https:\/\/medicinasinc.com\/it\/product\/buy-fentanil-transdermico-sistema-cerotto\/","title":{"rendered":"Acquista fentanil cerotto transdermico per il sistema"},"content":{"rendered":"<div class=\"product-next-previous\">\n<div class=\"product-prev\">\n<p>\u00c8 possibile acquistare cerotti transdermici di fentanil<br \/> Cos&#8217;\u00e8 il co fentanil?<\/p>\n<p>Gli oppioidi sono una classe di farmaci che includono il fentanil. Se soffri di dolore cronico (a lungo termine) e stai gi\u00e0 assumendo un medicinale oppioide (narcotico), potresti trarre vantaggio dall&#8217;uso del fentanil.<\/p>\n<p>Qual \u200b\u200b\u00e8 il prezzo di Co Fentanil?<\/p>\n<p> p&gt; <\/p>\n<p>PocketPills offre Co Fentanyl gratuitamente. Se la tua assicurazione copre il costo di Co Fentanyl, potresti averla a un prezzo ridotto. I costi di erogazione e consegna devono essere presi in considerazione nel costo finale del tuo acquisto di Co Fentanyl.<\/p>\n<p>Quanto costa la commissione di erogazione di Co Fentanyl?<\/p>\n<p>L&#8217;ordinazione di Co Fentanyl da noi comporta una commissione di erogazione di solo $ 0. Se stai cercando il prezzo di Co Fentanyl pi\u00f9 economico in Canada, Pocketpills \u00e8 qui per aiutarti.<br \/> Assicurati di approfittare della nostra offerta di spedizione gratuita in Canada.<\/p>\n<p>Nome del farmaco: Co-Fentanyl <\/p>\n<p>Tossicit\u00e0<\/p>\n<p>Vari farmaci possono potenzialmente indurre conseguenze indesiderabili.<\/p>\n<p>Quando un medicinale viene utilizzato come prescritto, possono verificarsi effetti collaterali non previsti . \u00c8 possibile che gli effetti collaterali siano lievi o gravi, nonch\u00e9 di lunga durata o di breve durata.<\/p>\n<p>Non tutti coloro che assumono Co Fentanil manifestano i seguenti effetti collaterali (fentanil-transdermico).<\/p>\n<p>Si rivolga al medico se \u00e8 preoccupato per gli effetti collaterali di Co Fentanil (fentanil transdermico).<\/p>\n<p> Almeno l&#8217;1% degli utilizzatori di Co Fentanil ha avuto i seguenti effetti avversi (fentanil transdermico) . \u00c8 possibile che alcuni di questi effetti avversi scompaiano da soli con il tempo.<\/p>\n<p>Se noti uno di questi effetti avversi e sono fastidiosi o gravi, contatta il tuo medico. Se hai problemi con gli effetti collaterali, chiedi aiuto al tuo farmacista.<\/p>\n<p>confusione<br \/> Costipazione<br \/> costipazione difficolt\u00e0 a focalizzare sonnolenza e vertigini la sera<br \/> Sensazione di ansia, arrossendo , e avere mal di testa sono tutti sintomi di secchezza delle fauci.<br \/> mancanza di memoria<br \/> fastidio o prurito nel luogo dell&#8217;applicazione<\/p>\n<p>Domande frequenti su Co Fentanyl<br \/> Acquistare Co Fentanyl online, dovrai sapere come fare.<\/p>\n<p>Se hai una prescrizione valida del tuo medico, puoi acquistare Co Fentanyl online su PocketPills. Puoi iniziare caricando la tua prescrizione, acquistando una ricarica o chattando con uno dei nostri medici canadesi per ricevere una prescrizione online trasferendo tutte le prescrizioni esistenti alla nostra farmacia. Una ricetta per Co Fentanyl: da dove vado da qui?<\/p>\n<p>Su pocketpills.com, puoi parlare con un medico canadese su Internet. Durante l&#8217;appuntamento, i nostri medici possono emettere prescrizioni di farmaci su Internet. Senza costi aggiuntivi, puoi ricevere la tua ricetta a casa tua in modo discreto e nella sua confezione originale dopo averla ricevuta.<\/p>\n<p>In quanto tempo posso aspettarmi il mio pacco?<\/p>\n<p>S\u00ec! In alcuni luoghi, siamo in grado di offrire la consegna in giornata. Oltre alla consegna il giorno successivo, forniamo anche la spedizione durante la notte.<br \/> Quanto costa la spedizione di Co Fentanyl in Canada?<br \/> Le spese di spedizione di Co Fentanyl per te in Canada sono completamente gratuite. Le tariffe di erogazione ridotte e la spedizione gratuita offerte da Pocketpills rendono pi\u00f9 facile per i canadesi ricevere i farmaci di cui hanno bisogno.<br \/> Consegna di Co Fentanyl a My House?<br \/> Se hai ordinato farmaci da prescrizione da noi in Canada con un valido prescrizione, potremmo mandare Co Fentanyl a casa tua. Contattaci se non sei sicuro se consegniamo nella tua regione.<br \/> Dove posso ottenere gratuitamente Co Fentanyl in Canada?<br \/> Se hai un piano di assicurazione sanitaria che copre Co Fentanyl, puoi ottenerlo gratuitamente in Canada. Scopri se hai diritto a Co Fentanyl gratuito contattando il tuo fornitore o noi.<br \/> Dove posso trovare un medico per ottenere Co Fentanyl?<br \/> S\u00ec. Per scoprire se sei idoneo per una prescrizione per Co Fentanyl, puoi programmare una consultazione online con un medico canadese tramite Best Global Meds.<br \/> Senza prescrizione medica, posso acquistare Co Fentanyl?<br \/> Per acquistare Co Fentanyl da noi, \u00e8 necessario disporre di una prescrizione valida. Se hai bisogno di una prescrizione, ti preghiamo di contattarci. Puoi contattare uno dei nostri medici ogni volta che \u00e8 conveniente per te.<\/p>\n<p>&nbsp;<\/p>\n<p>Questo medicinale \u00e8 usato per trattare il dolore cronico (ad esempio dovuto al cancro). Gli analgesici oppioidi (narcotici), di cui il fentanil \u00e8 un membro, sono un tipo comune di analgesici. Altera il modo in cui il tuo corpo percepisce e reagisce al dolore agendo sul cervello.<\/p>\n<p>Il cerotto sotto forma di fentanil non deve essere usato per trattare il dolore lieve o di breve durata. &#8220;come&#8221; non \u00e8 un termine appropriato per questo farmaco.<\/p>\n<\/p><\/div><\/div>\n","protected":false},"excerpt":{"rendered":"<p>Nel Regno Unito \u00e8 possibile acquistare cerotti di fentanil online, nonch\u00e9 fentanil in generale, nonch\u00e9 cerotti di fentanil in vendita l\u00ec.<\/p>\n<p>I cerotti di fentanil sono usati per trattare il dolore cronico&amp;#8230 ;. Durante la raccolta di prescrizioni o l&#8217;ottenimento di farmaci aggiuntivi, menziona il cerotto che indossi al tuo farmacista.<\/p>\n","protected":false},"featured_media":5199,"comment_status":"open","ping_status":"closed","template":"","meta":[],"product_brand":[],"product_cat":[1117],"product_tag":[1249,1250,1251,1264,1257,1258,1259,1260,1262,1263,1247,1252,1261,1292,1256,1290,1285,1286,1287,1294,1271,1274,1269,1272,1296,1295,1267,1268,1273,1277,1278,1280,1276,1283,1284,1254,1253,1288,1289,1255,1265,1266,1281,1248,1282,1279,1291,1270,1293,1275],"class_list":{"0":"post-5182","1":"product","2":"type-product","3":"status-publish","4":"has-post-thumbnail","6":"product_cat-comprare-pillole-sesso-dolore-per-dormire","7":"product_tag-12-microgram-fentanyl-patch","8":"product_tag-25-mcg-fentanil-equivalente-al-cerotto","9":"product_tag-50-mg-fentanyl-patch","10":"product_tag-applicazione-del-cerotto-con-fentanil","11":"product_tag-cerotto-fentanil-dolore","12":"product_tag-fentanil-cerotto","13":"product_tag-fentanil-cerotto-100-mcg","14":"product_tag-fentanil-cerotto-100mcg","15":"product_tag-fentanil-cerotto-50-mcg","16":"product_tag-fentanil-cerotto-75-mcg","17":"product_tag-cerotto-da-100-mg-di-fentanil","18":"product_tag-75-mg-fentanil-cerotto","19":"product_tag-fentanil-cerotto-25-mcg-valore-stradale","20":"product_tag-fumo-fentanil-cerotto","21":"product_tag-cerotto-in-gel-di-fentanil","22":"product_tag-cerotto-sandoz-fentanil","23":"product_tag-come-fumare-un-cerotto-fentanil","24":"product_tag-come-ridurre-il-cerotto-di-fentanil-senza-ritiro","25":"product_tag-come-usare-fentanil-cerotto","26":"product_tag-cosa-sono-fentanil-cerotto","27":"product_tag-fentanil-cerotto-dosaggi","28":"product_tag-fentanil-cerotto-dosaggio","29":"product_tag-fentanil-cerotto-dosaggio-12-mcg","30":"product_tag-fentanil-cerotto-dosi","31":"product_tag-dove-mettere-il-cerotto-al-fentanil","32":"product_tag-dove-posizionare-il-cerotto-al-fentanil","33":"product_tag-fentanyl-patch-disposal","34":"product_tag-fentanyl-patch-dosage","35":"product_tag-fentanyl-patch-doses-12-mcg","36":"product_tag-fentanyl-patch-side-effects","37":"product_tag-fentanyl-patch-uses","38":"product_tag-fentanyl-transdermal-patch","39":"product_tag-inserto-cerotto-fentanil","40":"product_tag-how-to-apply-fentanyl-patch","41":"product_tag-how-to-break-down-fentanyl-patch","42":"product_tag-il-modo-migliore-per-sballarsi-con-il-cerotto-al-fentanil","43":"product_tag-il-posto-migliore-per-mettere-il-cerotto-al-fentanil","44":"product_tag-iniettare-fentanil-cerotto","45":"product_tag-mallinckrodt-fentanyl-patch-extraction","46":"product_tag-mangiare-fentanil-cerotto","47":"product_tag-marchi-di-patch-di-fentanil","48":"product_tag-fentanil-cerotto-da-masticare","49":"product_tag-quanto-tempo-rimane-nel-tuo-sistema-di-un-cerotto-di-fentanil","50":"product_tag-100-mg-fentanil-cerotto-prezzo-strada","51":"product_tag-quanto-tempo-ci-vuole-per-un-cerotto-di-fentanil-per-calciare-in","52":"product_tag-fentanil-cerotto-ritiri","53":"product_tag-spara-fentanil-cerotto","54":"product_tag-diagramma-di-dosaggio-del-cerotto-di-fentanil","55":"product_tag-cerotto-al-valore-della-strada-del-fentanil","56":"product_tag-fentanil-cerotto-in-vendita","58":"first","59":"instock","60":"shipping-taxable","61":"purchasable","62":"product-type-variable","63":"has-default-attributes"},"yoast_head":"<!-- This site is optimized with the Yoast SEO plugin v27.3 - https:\/\/yoast.com\/product\/yoast-seo-wordpress\/ -->\n<title>Acquista fentanil cerotto per sistema transdermico - I migliori farmaci globali<\/title>\n<meta name=\"description\" content=\"Acquista\u00a0fentanil\u00a0cerotto\u00a0online uk, fentanyl online uk, cost of\u00a0fentanyl cerotti\u00a0uk,\u00a0acquista fentanyl cerotti\u00a0uk, fentanyl street price uk, fentanyl\u00a0cerotto\u00a0in vendita uk\" \/>\n<meta name=\"robots\" content=\"index, follow, max-snippet:-1, max-image-preview:large, max-video-preview:-1\" \/>\n<link rel=\"canonical\" href=\"https:\/\/medicinasinc.com\/it\/product\/buy-fentanil-transdermico-sistema-cerotto\/\" \/>\n<meta property=\"og:locale\" content=\"it_IT\" \/>\n<meta property=\"og:type\" content=\"article\" \/>\n<meta property=\"og:title\" content=\"Acquista fentanil cerotto per sistema transdermico - I migliori farmaci globali\" \/>\n<meta property=\"og:description\" content=\"Acquista\u00a0fentanil\u00a0cerotto\u00a0online uk, fentanyl online uk, cost of\u00a0fentanyl cerotti\u00a0uk,\u00a0acquista fentanyl cerotti\u00a0uk, fentanyl street price uk, fentanyl\u00a0cerotto\u00a0in vendita uk\" \/>\n<meta property=\"og:url\" content=\"https:\/\/medicinasinc.com\/it\/product\/buy-fentanil-transdermico-sistema-cerotto\/\" \/>\n<meta property=\"og:site_name\" content=\"Medicinas Inc\" \/>\n<meta property=\"article:modified_time\" content=\"2022-03-17T00:24:06+00:00\" \/>\n<meta property=\"og:image\" content=\"https:\/\/medicinasinc.com\/it\/wp-content\/uploads\/sites\/4\/2022\/02\/buy-fentanyl-transdermal-system-patch.jpg\" \/>\n\t<meta property=\"og:image:width\" content=\"600\" \/>\n\t<meta property=\"og:image:height\" content=\"600\" \/>\n\t<meta property=\"og:image:type\" content=\"image\/jpeg\" \/>\n<meta name=\"twitter:card\" content=\"summary_large_image\" \/>\n<meta name=\"twitter:label1\" content=\"Tempo di lettura stimato\" \/>\n\t<meta name=\"twitter:data1\" content=\"4 minuti\" \/>\n<script type=\"application\/ld+json\" class=\"yoast-schema-graph\">{\"@context\":\"https:\\\/\\\/schema.org\",\"@graph\":[{\"@type\":\"WebPage\",\"@id\":\"https:\\\/\\\/medicinasinc.com\\\/it\\\/product\\\/buy-fentanil-transdermico-sistema-cerotto\\\/\",\"url\":\"https:\\\/\\\/medicinasinc.com\\\/it\\\/product\\\/buy-fentanil-transdermico-sistema-cerotto\\\/\",\"name\":\"Acquista fentanil cerotto per sistema transdermico - I migliori farmaci globali\",\"isPartOf\":{\"@id\":\"https:\\\/\\\/medicinasinc.com\\\/it\\\/#website\"},\"primaryImageOfPage\":{\"@id\":\"https:\\\/\\\/medicinasinc.com\\\/it\\\/product\\\/buy-fentanil-transdermico-sistema-cerotto\\\/#primaryimage\"},\"image\":{\"@id\":\"https:\\\/\\\/medicinasinc.com\\\/it\\\/product\\\/buy-fentanil-transdermico-sistema-cerotto\\\/#primaryimage\"},\"thumbnailUrl\":\"https:\\\/\\\/medicinasinc.com\\\/it\\\/wp-content\\\/uploads\\\/sites\\\/4\\\/2022\\\/02\\\/buy-fentanyl-transdermal-system-patch.jpg\",\"datePublished\":\"2022-02-20T21:32:53+00:00\",\"dateModified\":\"2022-03-17T00:24:06+00:00\",\"description\":\"Acquista\u00a0fentanil\u00a0cerotto\u00a0online uk, fentanyl online uk, cost of\u00a0fentanyl cerotti\u00a0uk,\u00a0acquista fentanyl cerotti\u00a0uk, fentanyl street price uk, fentanyl\u00a0cerotto\u00a0in vendita uk\",\"breadcrumb\":{\"@id\":\"https:\\\/\\\/medicinasinc.com\\\/it\\\/product\\\/buy-fentanil-transdermico-sistema-cerotto\\\/#breadcrumb\"},\"inLanguage\":\"it-IT\",\"potentialAction\":[{\"@type\":\"ReadAction\",\"target\":[\"https:\\\/\\\/medicinasinc.com\\\/it\\\/product\\\/buy-fentanil-transdermico-sistema-cerotto\\\/\"]}]},{\"@type\":\"ImageObject\",\"inLanguage\":\"it-IT\",\"@id\":\"https:\\\/\\\/medicinasinc.com\\\/it\\\/product\\\/buy-fentanil-transdermico-sistema-cerotto\\\/#primaryimage\",\"url\":\"https:\\\/\\\/medicinasinc.com\\\/it\\\/wp-content\\\/uploads\\\/sites\\\/4\\\/2022\\\/02\\\/buy-fentanyl-transdermal-system-patch.jpg\",\"contentUrl\":\"https:\\\/\\\/medicinasinc.com\\\/it\\\/wp-content\\\/uploads\\\/sites\\\/4\\\/2022\\\/02\\\/buy-fentanyl-transdermal-system-patch.jpg\",\"width\":600,\"height\":600},{\"@type\":\"BreadcrumbList\",\"@id\":\"https:\\\/\\\/medicinasinc.com\\\/it\\\/product\\\/buy-fentanil-transdermico-sistema-cerotto\\\/#breadcrumb\",\"itemListElement\":[{\"@type\":\"ListItem\",\"position\":1,\"name\":\"Negozio\",\"item\":\"https:\\\/\\\/medicinasinc.com\\\/it\\\/negozio\\\/\"},{\"@type\":\"ListItem\",\"position\":2,\"name\":\"Acquista fentanil cerotto transdermico per il sistema\"}]},{\"@type\":\"WebSite\",\"@id\":\"https:\\\/\\\/medicinasinc.com\\\/it\\\/#website\",\"url\":\"https:\\\/\\\/medicinasinc.com\\\/it\\\/\",\"name\":\"Medicinas Inc\",\"description\":\"Health Medical Clinic\",\"potentialAction\":[{\"@type\":\"SearchAction\",\"target\":{\"@type\":\"EntryPoint\",\"urlTemplate\":\"https:\\\/\\\/medicinasinc.com\\\/it\\\/?s={search_term_string}\"},\"query-input\":{\"@type\":\"PropertyValueSpecification\",\"valueRequired\":true,\"valueName\":\"search_term_string\"}}],\"inLanguage\":\"it-IT\"}]}<\/script>\n<!-- \/ Yoast SEO plugin. -->","yoast_head_json":{"title":"Acquista fentanil cerotto per sistema transdermico - I migliori farmaci globali","description":"Acquista\u00a0fentanil\u00a0cerotto\u00a0online uk, fentanyl online uk, cost of\u00a0fentanyl cerotti\u00a0uk,\u00a0acquista fentanyl cerotti\u00a0uk, fentanyl street price uk, fentanyl\u00a0cerotto\u00a0in vendita uk","robots":{"index":"index","follow":"follow","max-snippet":"max-snippet:-1","max-image-preview":"max-image-preview:large","max-video-preview":"max-video-preview:-1"},"canonical":"https:\/\/medicinasinc.com\/it\/product\/buy-fentanil-transdermico-sistema-cerotto\/","og_locale":"it_IT","og_type":"article","og_title":"Acquista fentanil cerotto per sistema transdermico - I migliori farmaci globali","og_description":"Acquista\u00a0fentanil\u00a0cerotto\u00a0online uk, fentanyl online uk, cost of\u00a0fentanyl cerotti\u00a0uk,\u00a0acquista fentanyl cerotti\u00a0uk, fentanyl street price uk, fentanyl\u00a0cerotto\u00a0in vendita uk","og_url":"https:\/\/medicinasinc.com\/it\/product\/buy-fentanil-transdermico-sistema-cerotto\/","og_site_name":"Medicinas Inc","article_modified_time":"2022-03-17T00:24:06+00:00","og_image":[{"width":600,"height":600,"url":"https:\/\/medicinasinc.com\/it\/wp-content\/uploads\/sites\/4\/2022\/02\/buy-fentanyl-transdermal-system-patch.jpg","type":"image\/jpeg"}],"twitter_card":"summary_large_image","twitter_misc":{"Tempo di lettura stimato":"4 minuti"},"schema":{"@context":"https:\/\/schema.org","@graph":[{"@type":"WebPage","@id":"https:\/\/medicinasinc.com\/it\/product\/buy-fentanil-transdermico-sistema-cerotto\/","url":"https:\/\/medicinasinc.com\/it\/product\/buy-fentanil-transdermico-sistema-cerotto\/","name":"Acquista fentanil cerotto per sistema transdermico - I migliori farmaci globali","isPartOf":{"@id":"https:\/\/medicinasinc.com\/it\/#website"},"primaryImageOfPage":{"@id":"https:\/\/medicinasinc.com\/it\/product\/buy-fentanil-transdermico-sistema-cerotto\/#primaryimage"},"image":{"@id":"https:\/\/medicinasinc.com\/it\/product\/buy-fentanil-transdermico-sistema-cerotto\/#primaryimage"},"thumbnailUrl":"https:\/\/medicinasinc.com\/it\/wp-content\/uploads\/sites\/4\/2022\/02\/buy-fentanyl-transdermal-system-patch.jpg","datePublished":"2022-02-20T21:32:53+00:00","dateModified":"2022-03-17T00:24:06+00:00","description":"Acquista\u00a0fentanil\u00a0cerotto\u00a0online uk, fentanyl online uk, cost of\u00a0fentanyl cerotti\u00a0uk,\u00a0acquista fentanyl cerotti\u00a0uk, fentanyl street price uk, fentanyl\u00a0cerotto\u00a0in vendita uk","breadcrumb":{"@id":"https:\/\/medicinasinc.com\/it\/product\/buy-fentanil-transdermico-sistema-cerotto\/#breadcrumb"},"inLanguage":"it-IT","potentialAction":[{"@type":"ReadAction","target":["https:\/\/medicinasinc.com\/it\/product\/buy-fentanil-transdermico-sistema-cerotto\/"]}]},{"@type":"ImageObject","inLanguage":"it-IT","@id":"https:\/\/medicinasinc.com\/it\/product\/buy-fentanil-transdermico-sistema-cerotto\/#primaryimage","url":"https:\/\/medicinasinc.com\/it\/wp-content\/uploads\/sites\/4\/2022\/02\/buy-fentanyl-transdermal-system-patch.jpg","contentUrl":"https:\/\/medicinasinc.com\/it\/wp-content\/uploads\/sites\/4\/2022\/02\/buy-fentanyl-transdermal-system-patch.jpg","width":600,"height":600},{"@type":"BreadcrumbList","@id":"https:\/\/medicinasinc.com\/it\/product\/buy-fentanil-transdermico-sistema-cerotto\/#breadcrumb","itemListElement":[{"@type":"ListItem","position":1,"name":"Negozio","item":"https:\/\/medicinasinc.com\/it\/negozio\/"},{"@type":"ListItem","position":2,"name":"Acquista fentanil cerotto transdermico per il sistema"}]},{"@type":"WebSite","@id":"https:\/\/medicinasinc.com\/it\/#website","url":"https:\/\/medicinasinc.com\/it\/","name":"Medicinas Inc","description":"Health Medical Clinic","potentialAction":[{"@type":"SearchAction","target":{"@type":"EntryPoint","urlTemplate":"https:\/\/medicinasinc.com\/it\/?s={search_term_string}"},"query-input":{"@type":"PropertyValueSpecification","valueRequired":true,"valueName":"search_term_string"}}],"inLanguage":"it-IT"}]}},"_links":{"self":[{"href":"https:\/\/medicinasinc.com\/it\/wp-json\/wp\/v2\/product\/5182","targetHints":{"allow":["GET"]}}],"collection":[{"href":"https:\/\/medicinasinc.com\/it\/wp-json\/wp\/v2\/product"}],"about":[{"href":"https:\/\/medicinasinc.com\/it\/wp-json\/wp\/v2\/types\/product"}],"replies":[{"embeddable":true,"href":"https:\/\/medicinasinc.com\/it\/wp-json\/wp\/v2\/comments?post=5182"}],"wp:featuredmedia":[{"embeddable":true,"href":"https:\/\/medicinasinc.com\/it\/wp-json\/wp\/v2\/media\/5199"}],"wp:attachment":[{"href":"https:\/\/medicinasinc.com\/it\/wp-json\/wp\/v2\/media?parent=5182"}],"wp:term":[{"taxonomy":"product_brand","embeddable":true,"href":"https:\/\/medicinasinc.com\/it\/wp-json\/wp\/v2\/product_brand?post=5182"},{"taxonomy":"product_cat","embeddable":true,"href":"https:\/\/medicinasinc.com\/it\/wp-json\/wp\/v2\/product_cat?post=5182"},{"taxonomy":"product_tag","embeddable":true,"href":"https:\/\/medicinasinc.com\/it\/wp-json\/wp\/v2\/product_tag?post=5182"}],"curies":[{"name":"wp","href":"https:\/\/api.w.org\/{rel}","templated":true}]}}