{"id":5149,"date":"2022-02-20T21:05:49","date_gmt":"2022-02-20T21:05:49","guid":{"rendered":"https:\/\/medicinasinc.com\/it\/?post_type=product&#038;p=5149"},"modified":"2022-03-17T00:26:51","modified_gmt":"2022-03-17T00:26:51","slug":"comprare-codeina-solfato-30-mg","status":"publish","type":"product","link":"https:\/\/medicinasinc.com\/it\/product\/comprare-codeina-solfato-30-mg\/","title":{"rendered":"Acquista codeina solfato 30 mg"},"content":{"rendered":"<p>acquisto online di 30 mg di codeina fosfato<\/p>\n<p>Codeina\u00a0(fosfato)\u00a030 mg\u00a0pillole\/compresse:<\/p>\n<p>La codeina\u00a0(fosfato) cura il dolore o la tosse. Un antidolorifico e tosse in uno, questo farmaco \u00e8 un antidolorifico narcotico.<\/p>\n<p>Puoi acquistare Codeina Fosfato 30 mg su Internet e riceverlo durante la notte a casa tua tramite FedEx, senza bisogno di prescrizione medica, poich\u00e9 fintanto che sei negli Stati Uniti.<\/p>\n<p>La codeina fosfato 30 mg \u00e8 disponibile per l&#8217;acquisto online, con consegna rapida, sicura e tracciabile per tutti gli acquisti. Ora \u00e8 il momento di acquistare la codeina fosfato online.<\/p>\n<p>Compresse di codeina fosfato (30 mg). La codeina \u00e8 un potente analgesico che pu\u00f2 essere ottenuto solo su prescrizione medica. Un potente oppiaceo e narcotico che funziona bene. Ordina\u00a0..<\/p>\n<p>sedativi venduti da banco Attualmente sul mercato. La codeina \u00e8 un antidolorifico che pu\u00f2 essere utilizzato per trattare o prevenire un disagio da moderato a grave. Pu\u00f2 anche essere usato per trattare una variet\u00e0 di disturbi. La codeina \u00e8 disponibile online senza prescrizione medica a un prezzo molto ragionevole.<\/p>\n","protected":false},"excerpt":{"rendered":"<p>Codeina\u00a0(fosfato)\u00a030 mg\u00a0pillole\/compresse: la codeina (fosfato) \u00e8 usata per alleviare la tosse e il dolore. Un antidolorifico e tosse in uno, questo farmaco \u00e8 un antidolorifico narcotico.<\/p>\n<p>Puoi acquistare codeina fosfato\u00a030 mg su Internet e riceverlo durante la notte a casa tua tramite FedEx, senza bisogno di prescrizione medica, poich\u00e9 finch\u00e9 sei negli Stati Uniti.<\/p>\n<p>La codeina fosfato 30 mg \u00e8 disponibile per l&#8217;acquisto online, con consegna rapida, sicura e tracciabile per tutti gli acquisti. Ora \u00e8 il momento di acquistare la codeina fosfato online.<\/p>\n<p>Compresse di codeina fosfato (30 mg). La codeina \u00e8 un potente analgesico che pu\u00f2 essere ottenuto solo con prescrizione medica. Un potente oppiaceo e narcotico che funziona bene. Ordina\u00a0..<\/p>\n<p>sedativi venduti da banco Attualmente sul mercato. La codeina \u00e8 un antidolorifico che pu\u00f2 essere utilizzato per trattare o prevenire un disagio da moderato a grave. Pu\u00f2 anche essere usato per trattare una variet\u00e0 di disturbi. La codeina \u00e8 disponibile online senza prescrizione medica a un prezzo molto ragionevole.<\/p>\n","protected":false},"featured_media":5166,"comment_status":"open","ping_status":"closed","template":"","meta":[],"product_brand":[],"product_cat":[1117],"product_tag":[],"class_list":{"0":"post-5149","1":"product","2":"type-product","3":"status-publish","4":"has-post-thumbnail","6":"product_cat-comprare-pillole-sesso-dolore-per-dormire","8":"first","9":"instock","10":"shipping-taxable","11":"purchasable","12":"product-type-variable","13":"has-default-attributes"},"yoast_head":"<!-- This site is optimized with the Yoast SEO plugin v27.3 - https:\/\/yoast.com\/product\/yoast-seo-wordpress\/ -->\n<title>Acquista codeina solfato 30 mg - I migliori farmaci globali<\/title>\n<meta name=\"description\" content=\"Acquista codeina solfato 30 mg\u00a0online, spedizione notturna, farmaci di marca, consegna tramite FedEx, DPD senza prescrizione medica, consegna negli Stati Uniti, nel Regno Unito, in Europa.\" \/>\n<meta name=\"robots\" content=\"index, follow, max-snippet:-1, max-image-preview:large, max-video-preview:-1\" \/>\n<link rel=\"canonical\" href=\"https:\/\/medicinasinc.com\/it\/product\/comprare-codeina-solfato-30-mg\/\" \/>\n<meta property=\"og:locale\" content=\"it_IT\" \/>\n<meta property=\"og:type\" content=\"article\" \/>\n<meta property=\"og:title\" content=\"Acquista codeina solfato 30 mg - I migliori farmaci globali\" \/>\n<meta property=\"og:description\" content=\"Acquista codeina solfato 30 mg\u00a0online, spedizione notturna, farmaci di marca, consegna tramite FedEx, DPD senza prescrizione medica, consegna negli Stati Uniti, nel Regno Unito, in Europa.\" \/>\n<meta property=\"og:url\" content=\"https:\/\/medicinasinc.com\/it\/product\/comprare-codeina-solfato-30-mg\/\" \/>\n<meta property=\"og:site_name\" content=\"Medicinas Inc\" \/>\n<meta property=\"article:modified_time\" content=\"2022-03-17T00:26:51+00:00\" \/>\n<meta property=\"og:image\" content=\"https:\/\/medicinasinc.com\/it\/wp-content\/uploads\/sites\/4\/2022\/02\/buy-codeine-sulfate-30mg-online.jpg\" \/>\n\t<meta property=\"og:image:width\" content=\"600\" \/>\n\t<meta property=\"og:image:height\" content=\"600\" \/>\n\t<meta property=\"og:image:type\" content=\"image\/jpeg\" \/>\n<meta name=\"twitter:card\" content=\"summary_large_image\" \/>\n<meta name=\"twitter:label1\" content=\"Tempo di lettura stimato\" \/>\n\t<meta name=\"twitter:data1\" content=\"1 minuto\" \/>\n<script type=\"application\/ld+json\" class=\"yoast-schema-graph\">{\"@context\":\"https:\\\/\\\/schema.org\",\"@graph\":[{\"@type\":\"WebPage\",\"@id\":\"https:\\\/\\\/medicinasinc.com\\\/it\\\/product\\\/comprare-codeina-solfato-30-mg\\\/\",\"url\":\"https:\\\/\\\/medicinasinc.com\\\/it\\\/product\\\/comprare-codeina-solfato-30-mg\\\/\",\"name\":\"Acquista codeina solfato 30 mg - I migliori farmaci globali\",\"isPartOf\":{\"@id\":\"https:\\\/\\\/medicinasinc.com\\\/it\\\/#website\"},\"primaryImageOfPage\":{\"@id\":\"https:\\\/\\\/medicinasinc.com\\\/it\\\/product\\\/comprare-codeina-solfato-30-mg\\\/#primaryimage\"},\"image\":{\"@id\":\"https:\\\/\\\/medicinasinc.com\\\/it\\\/product\\\/comprare-codeina-solfato-30-mg\\\/#primaryimage\"},\"thumbnailUrl\":\"https:\\\/\\\/medicinasinc.com\\\/it\\\/wp-content\\\/uploads\\\/sites\\\/4\\\/2022\\\/02\\\/buy-codeine-sulfate-30mg-online.jpg\",\"datePublished\":\"2022-02-20T21:05:49+00:00\",\"dateModified\":\"2022-03-17T00:26:51+00:00\",\"description\":\"Acquista codeina solfato 30 mg\u00a0online, spedizione notturna, farmaci di marca, consegna tramite FedEx, DPD senza prescrizione medica, consegna negli Stati Uniti, nel Regno Unito, in Europa.\",\"breadcrumb\":{\"@id\":\"https:\\\/\\\/medicinasinc.com\\\/it\\\/product\\\/comprare-codeina-solfato-30-mg\\\/#breadcrumb\"},\"inLanguage\":\"it-IT\",\"potentialAction\":[{\"@type\":\"ReadAction\",\"target\":[\"https:\\\/\\\/medicinasinc.com\\\/it\\\/product\\\/comprare-codeina-solfato-30-mg\\\/\"]}]},{\"@type\":\"ImageObject\",\"inLanguage\":\"it-IT\",\"@id\":\"https:\\\/\\\/medicinasinc.com\\\/it\\\/product\\\/comprare-codeina-solfato-30-mg\\\/#primaryimage\",\"url\":\"https:\\\/\\\/medicinasinc.com\\\/it\\\/wp-content\\\/uploads\\\/sites\\\/4\\\/2022\\\/02\\\/buy-codeine-sulfate-30mg-online.jpg\",\"contentUrl\":\"https:\\\/\\\/medicinasinc.com\\\/it\\\/wp-content\\\/uploads\\\/sites\\\/4\\\/2022\\\/02\\\/buy-codeine-sulfate-30mg-online.jpg\",\"width\":600,\"height\":600},{\"@type\":\"BreadcrumbList\",\"@id\":\"https:\\\/\\\/medicinasinc.com\\\/it\\\/product\\\/comprare-codeina-solfato-30-mg\\\/#breadcrumb\",\"itemListElement\":[{\"@type\":\"ListItem\",\"position\":1,\"name\":\"Negozio\",\"item\":\"https:\\\/\\\/medicinasinc.com\\\/it\\\/negozio\\\/\"},{\"@type\":\"ListItem\",\"position\":2,\"name\":\"Acquista codeina solfato 30 mg\"}]},{\"@type\":\"WebSite\",\"@id\":\"https:\\\/\\\/medicinasinc.com\\\/it\\\/#website\",\"url\":\"https:\\\/\\\/medicinasinc.com\\\/it\\\/\",\"name\":\"Medicinas Inc\",\"description\":\"Health Medical Clinic\",\"potentialAction\":[{\"@type\":\"SearchAction\",\"target\":{\"@type\":\"EntryPoint\",\"urlTemplate\":\"https:\\\/\\\/medicinasinc.com\\\/it\\\/?s={search_term_string}\"},\"query-input\":{\"@type\":\"PropertyValueSpecification\",\"valueRequired\":true,\"valueName\":\"search_term_string\"}}],\"inLanguage\":\"it-IT\"}]}<\/script>\n<!-- \/ Yoast SEO plugin. -->","yoast_head_json":{"title":"Acquista codeina solfato 30 mg - I migliori farmaci globali","description":"Acquista codeina solfato 30 mg\u00a0online, spedizione notturna, farmaci di marca, consegna tramite FedEx, DPD senza prescrizione medica, consegna negli Stati Uniti, nel Regno Unito, in Europa.","robots":{"index":"index","follow":"follow","max-snippet":"max-snippet:-1","max-image-preview":"max-image-preview:large","max-video-preview":"max-video-preview:-1"},"canonical":"https:\/\/medicinasinc.com\/it\/product\/comprare-codeina-solfato-30-mg\/","og_locale":"it_IT","og_type":"article","og_title":"Acquista codeina solfato 30 mg - I migliori farmaci globali","og_description":"Acquista codeina solfato 30 mg\u00a0online, spedizione notturna, farmaci di marca, consegna tramite FedEx, DPD senza prescrizione medica, consegna negli Stati Uniti, nel Regno Unito, in Europa.","og_url":"https:\/\/medicinasinc.com\/it\/product\/comprare-codeina-solfato-30-mg\/","og_site_name":"Medicinas Inc","article_modified_time":"2022-03-17T00:26:51+00:00","og_image":[{"width":600,"height":600,"url":"https:\/\/medicinasinc.com\/it\/wp-content\/uploads\/sites\/4\/2022\/02\/buy-codeine-sulfate-30mg-online.jpg","type":"image\/jpeg"}],"twitter_card":"summary_large_image","twitter_misc":{"Tempo di lettura stimato":"1 minuto"},"schema":{"@context":"https:\/\/schema.org","@graph":[{"@type":"WebPage","@id":"https:\/\/medicinasinc.com\/it\/product\/comprare-codeina-solfato-30-mg\/","url":"https:\/\/medicinasinc.com\/it\/product\/comprare-codeina-solfato-30-mg\/","name":"Acquista codeina solfato 30 mg - I migliori farmaci globali","isPartOf":{"@id":"https:\/\/medicinasinc.com\/it\/#website"},"primaryImageOfPage":{"@id":"https:\/\/medicinasinc.com\/it\/product\/comprare-codeina-solfato-30-mg\/#primaryimage"},"image":{"@id":"https:\/\/medicinasinc.com\/it\/product\/comprare-codeina-solfato-30-mg\/#primaryimage"},"thumbnailUrl":"https:\/\/medicinasinc.com\/it\/wp-content\/uploads\/sites\/4\/2022\/02\/buy-codeine-sulfate-30mg-online.jpg","datePublished":"2022-02-20T21:05:49+00:00","dateModified":"2022-03-17T00:26:51+00:00","description":"Acquista codeina solfato 30 mg\u00a0online, spedizione notturna, farmaci di marca, consegna tramite FedEx, DPD senza prescrizione medica, consegna negli Stati Uniti, nel Regno Unito, in Europa.","breadcrumb":{"@id":"https:\/\/medicinasinc.com\/it\/product\/comprare-codeina-solfato-30-mg\/#breadcrumb"},"inLanguage":"it-IT","potentialAction":[{"@type":"ReadAction","target":["https:\/\/medicinasinc.com\/it\/product\/comprare-codeina-solfato-30-mg\/"]}]},{"@type":"ImageObject","inLanguage":"it-IT","@id":"https:\/\/medicinasinc.com\/it\/product\/comprare-codeina-solfato-30-mg\/#primaryimage","url":"https:\/\/medicinasinc.com\/it\/wp-content\/uploads\/sites\/4\/2022\/02\/buy-codeine-sulfate-30mg-online.jpg","contentUrl":"https:\/\/medicinasinc.com\/it\/wp-content\/uploads\/sites\/4\/2022\/02\/buy-codeine-sulfate-30mg-online.jpg","width":600,"height":600},{"@type":"BreadcrumbList","@id":"https:\/\/medicinasinc.com\/it\/product\/comprare-codeina-solfato-30-mg\/#breadcrumb","itemListElement":[{"@type":"ListItem","position":1,"name":"Negozio","item":"https:\/\/medicinasinc.com\/it\/negozio\/"},{"@type":"ListItem","position":2,"name":"Acquista codeina solfato 30 mg"}]},{"@type":"WebSite","@id":"https:\/\/medicinasinc.com\/it\/#website","url":"https:\/\/medicinasinc.com\/it\/","name":"Medicinas Inc","description":"Health Medical Clinic","potentialAction":[{"@type":"SearchAction","target":{"@type":"EntryPoint","urlTemplate":"https:\/\/medicinasinc.com\/it\/?s={search_term_string}"},"query-input":{"@type":"PropertyValueSpecification","valueRequired":true,"valueName":"search_term_string"}}],"inLanguage":"it-IT"}]}},"_links":{"self":[{"href":"https:\/\/medicinasinc.com\/it\/wp-json\/wp\/v2\/product\/5149","targetHints":{"allow":["GET"]}}],"collection":[{"href":"https:\/\/medicinasinc.com\/it\/wp-json\/wp\/v2\/product"}],"about":[{"href":"https:\/\/medicinasinc.com\/it\/wp-json\/wp\/v2\/types\/product"}],"replies":[{"embeddable":true,"href":"https:\/\/medicinasinc.com\/it\/wp-json\/wp\/v2\/comments?post=5149"}],"wp:featuredmedia":[{"embeddable":true,"href":"https:\/\/medicinasinc.com\/it\/wp-json\/wp\/v2\/media\/5166"}],"wp:attachment":[{"href":"https:\/\/medicinasinc.com\/it\/wp-json\/wp\/v2\/media?parent=5149"}],"wp:term":[{"taxonomy":"product_brand","embeddable":true,"href":"https:\/\/medicinasinc.com\/it\/wp-json\/wp\/v2\/product_brand?post=5149"},{"taxonomy":"product_cat","embeddable":true,"href":"https:\/\/medicinasinc.com\/it\/wp-json\/wp\/v2\/product_cat?post=5149"},{"taxonomy":"product_tag","embeddable":true,"href":"https:\/\/medicinasinc.com\/it\/wp-json\/wp\/v2\/product_tag?post=5149"}],"curies":[{"name":"wp","href":"https:\/\/api.w.org\/{rel}","templated":true}]}}