{"id":5148,"date":"2022-02-20T21:04:44","date_gmt":"2022-02-20T21:04:44","guid":{"rendered":"https:\/\/medicinasinc.com\/it\/?post_type=product&#038;p=5148"},"modified":"2022-08-04T08:31:00","modified_gmt":"2022-08-04T08:31:00","slug":"buy-bunex-0-2mg-buprenorfina","status":"publish","type":"product","link":"https:\/\/medicinasinc.com\/it\/product\/buy-bunex-0-2mg-buprenorfina\/","title":{"rendered":"Acquista Bunex 0,2 mg (buprenorfina)"},"content":{"rendered":"<p>Le pillole Bunex di buprenorfina possono essere acquistate su Internet.<\/p>\n<p>Dove posso acquistare la buprenorfina? Dove posso trovare la buprenorfina da banco?<\/p>\n<p>\u00c8 un antidolorifico semisintetico sviluppato dai composti chimici del papavero da oppio presenti in natura. Il papavero da oppio \u00e8 la fonte della tebaina chimica, che viene utilizzata per produrre la buprenorfina. Poich\u00e9 la buprenorfina \u00e8 semisintetica, \u00e8 un oppioide sintetico. Tutti i farmaci originati dal papavero da oppio sono indicati come oppioidi nella comunit\u00e0 medica. Gli oppioidi sono tra i pi\u00f9 efficaci analgesici disponibili, con effetti che superano di gran lunga quelli della maggior parte degli altri farmaci.<\/p>\n<p>In che senso funziona il farmaco buprenorfina? Dove acquistare la buprenorfina<\/p>\n<p>Dopo essere stata assorbita nel flusso sanguigno, la buprenorfina ha un effetto sul sistema nervoso. Ci\u00f2 si verifica quando la buprenorfina entra nel cervello, dove blocca le terminazioni nervose che trasmettono il dolore. La buprenorfina non affronta la causa alla base del disagio del paziente; piuttosto, riduce la loro percezione di esso, permettendo loro di rilassarsi.<\/p>\n<p>Alla gente viene prescritta regolarmente la buprenorfina. Il dolore causato da spasmi muscolari \u00e8 il motivo pi\u00f9 comune per cui le persone assumono buprenorfina. Se si verifica uno spasmo, prendere in considerazione l&#8217;acquisto di buprenorfina per vedere se pu\u00f2 aiutarti a far fronte al disagio.<br \/>\nAi pazienti che hanno subito un intervento chirurgico o stanno affrontando fratture viene generalmente prescritta buprenorfina dai medici. La buprenorfina aiuta questi individui a gestire i loro dolori fino a quando non sono guariti dalla fonte sottostante dei loro disagi.<\/p>\n<p>In che senso funziona il farmaco Buprenorfina? Dove acquistare la buprenorfina<\/p>\n<p>Il livello di disagio e la forza mentale di una persona influenzano notevolmente il dosaggio della buprenorfina. In genere, dovrebbe essere provata prima una dose bassa di 8 mg e, se non funziona, dovrebbe essere provata una dose pi\u00f9 alta di 16 mg. La buprenorfina pu\u00f2 essere aumentata a 24 mg anche se 16 mg sono inefficaci. In generale, se prevedi di acquistare buprenorfina online senza prescrizione medica, non andare oltre questo dosaggio raccomandato.<\/p>\n<p>In che senso funziona il farmaco Buprenorfina? Dove acquistare la buprenorfina<\/p>\n<p>Per le donne in gravidanza, la buprenorfina non \u00e8 un trattamento adatto perch\u00e9 ha un impatto significativo sui sistemi riproduttivi delle donne. L&#8217;assunzione di buprenorfina pu\u00f2 essere pericolosa per alcune persone sensibili agli oppioidi. A causa dei pericoli dell&#8217;uso della buprenorfina per i malati di cancro, dovrebbero consultare un medico prima di acquistare la buprenorfina online.<\/p>\n<p>Oltre a sonnolenza, pigrizia, vertigini, mal di testa e nausea, la buprenorfina pu\u00f2 causare una serie di altri effetti avversi . Oltre a ci\u00f2, alcune persone potrebbero sperimentare un cambiamento nel senso del tatto, nel qual caso dovrebbero rivolgersi a un medico.<\/p>\n<p>L&#8217;azione della buprenorfina<br \/>\nLe applicazioni della buprenorfina<br \/>\nReazioni avverse a Buprenorfina sintomi della dipendenza da buprenorfina<\/p>\n","protected":false},"excerpt":{"rendered":"<p>Acquista Bunex 0,2 mg (buprenorfina) in vendita nel Regno Unito, UE online dalla farmacia Bestglobalmeds.com.com a prezzi economici e convenienti con spedizione sicura e veloce<\/p>\n<p>Acquista Bunex 0,2 mg (buprenorfina) online -Da medicinasinc.com farmacia online a tariffe economiche e convenienti con spedizione sicura e veloce. Contattaci su info@medicinasinc.com<\/p>\n<p>Acquista Bunex 0,2 mg (Buprenorfina) online<\/p>\n<p>Bunex 0,2 mg (Buprenorfina) prezzi online<\/p>\n<p>Prezzi Bunex 0,2 mg (Buprenorfina)<\/p>\n<p>&nbsp;<\/p>\n<p>acquista Bunex 0,2 mg (Buprenorfina)<\/p>\n","protected":false},"featured_media":5164,"comment_status":"open","ping_status":"closed","template":"","meta":[],"product_brand":[],"product_cat":[1117],"product_tag":[4173,4171,4174,4175,4170,4172,1241,1242,1237,1243,1245,1246],"class_list":{"0":"post-5148","1":"product","2":"type-product","3":"status-publish","4":"has-post-thumbnail","6":"product_cat-comprare-pillole-sesso-dolore-per-dormire","7":"product_tag-2-mg-di-safe-pharma","8":"product_tag-20-mg","9":"product_tag-20-mg-e-steroidi","10":"product_tag-20-mg-online","11":"product_tag-acquistare-buprenorfina-bunex-0","12":"product_tag-bunex-buprenorfina-0","13":"product_tag-bunex-buprenorfina-8-mg","14":"product_tag-bunex-buprenorfina-online","15":"product_tag-bunex-buprenorphine-0-20mg","16":"product_tag-bunex-buprenorfina","17":"product_tag-cbt-pharmaceuticals-shop-pain-killers-bunex-buprenorphine-20-mg","18":"product_tag-tramapartramadol-hcl-paracetamolo-prezzo-3-acquista-online-bunexbuprenorfina","20":"first","21":"instock","22":"shipping-taxable","23":"purchasable","24":"product-type-variable","25":"has-default-attributes"},"yoast_head":"<!-- This site is optimized with the Yoast SEO plugin v27.3 - https:\/\/yoast.com\/product\/yoast-seo-wordpress\/ -->\n<title>Acquista Bunex 0,2 mg (Buprenorfina) - Researchem<\/title>\n<meta name=\"description\" content=\"Acquista Bunex 0,2 mg (buprenorfina) in vendita nel Regno Unito, nell&#039;UE online dalla farmacia medicinasinc.com a prezzi economici e convenienti con spedizione sicura e veloce\" \/>\n<meta name=\"robots\" content=\"index, follow, max-snippet:-1, max-image-preview:large, max-video-preview:-1\" \/>\n<link rel=\"canonical\" href=\"https:\/\/medicinasinc.com\/it\/product\/buy-bunex-0-2mg-buprenorfina\/\" \/>\n<meta property=\"og:locale\" content=\"it_IT\" \/>\n<meta property=\"og:type\" content=\"article\" \/>\n<meta property=\"og:title\" content=\"Acquista Bunex 0,2 mg (Buprenorfina) - Researchem\" \/>\n<meta property=\"og:description\" content=\"Acquista Bunex 0,2 mg (buprenorfina) in vendita nel Regno Unito, nell&#039;UE online dalla farmacia medicinasinc.com a prezzi economici e convenienti con spedizione sicura e veloce\" \/>\n<meta property=\"og:url\" content=\"https:\/\/medicinasinc.com\/it\/product\/buy-bunex-0-2mg-buprenorfina\/\" \/>\n<meta property=\"og:site_name\" content=\"Medicinas Inc\" \/>\n<meta property=\"article:modified_time\" content=\"2022-08-04T08:31:00+00:00\" \/>\n<meta property=\"og:image\" content=\"https:\/\/medicinasinc.com\/it\/wp-content\/uploads\/sites\/4\/2022\/02\/Buy-Bunex-0.2mg.jpg\" \/>\n\t<meta property=\"og:image:width\" content=\"600\" \/>\n\t<meta property=\"og:image:height\" content=\"600\" \/>\n\t<meta property=\"og:image:type\" content=\"image\/jpeg\" \/>\n<meta name=\"twitter:card\" content=\"summary_large_image\" \/>\n<meta name=\"twitter:label1\" content=\"Tempo di lettura stimato\" \/>\n\t<meta name=\"twitter:data1\" content=\"3 minuti\" \/>\n<script type=\"application\/ld+json\" class=\"yoast-schema-graph\">{\"@context\":\"https:\\\/\\\/schema.org\",\"@graph\":[{\"@type\":\"WebPage\",\"@id\":\"https:\\\/\\\/medicinasinc.com\\\/it\\\/product\\\/buy-bunex-0-2mg-buprenorfina\\\/\",\"url\":\"https:\\\/\\\/medicinasinc.com\\\/it\\\/product\\\/buy-bunex-0-2mg-buprenorfina\\\/\",\"name\":\"Acquista Bunex 0,2 mg (Buprenorfina) - Researchem\",\"isPartOf\":{\"@id\":\"https:\\\/\\\/medicinasinc.com\\\/it\\\/#website\"},\"primaryImageOfPage\":{\"@id\":\"https:\\\/\\\/medicinasinc.com\\\/it\\\/product\\\/buy-bunex-0-2mg-buprenorfina\\\/#primaryimage\"},\"image\":{\"@id\":\"https:\\\/\\\/medicinasinc.com\\\/it\\\/product\\\/buy-bunex-0-2mg-buprenorfina\\\/#primaryimage\"},\"thumbnailUrl\":\"https:\\\/\\\/medicinasinc.com\\\/it\\\/wp-content\\\/uploads\\\/sites\\\/4\\\/2022\\\/02\\\/Buy-Bunex-0.2mg.jpg\",\"datePublished\":\"2022-02-20T21:04:44+00:00\",\"dateModified\":\"2022-08-04T08:31:00+00:00\",\"description\":\"Acquista Bunex 0,2 mg (buprenorfina) in vendita nel Regno Unito, nell'UE online dalla farmacia medicinasinc.com a prezzi economici e convenienti con spedizione sicura e veloce\",\"breadcrumb\":{\"@id\":\"https:\\\/\\\/medicinasinc.com\\\/it\\\/product\\\/buy-bunex-0-2mg-buprenorfina\\\/#breadcrumb\"},\"inLanguage\":\"it-IT\",\"potentialAction\":[{\"@type\":\"ReadAction\",\"target\":[\"https:\\\/\\\/medicinasinc.com\\\/it\\\/product\\\/buy-bunex-0-2mg-buprenorfina\\\/\"]}]},{\"@type\":\"ImageObject\",\"inLanguage\":\"it-IT\",\"@id\":\"https:\\\/\\\/medicinasinc.com\\\/it\\\/product\\\/buy-bunex-0-2mg-buprenorfina\\\/#primaryimage\",\"url\":\"https:\\\/\\\/medicinasinc.com\\\/it\\\/wp-content\\\/uploads\\\/sites\\\/4\\\/2022\\\/02\\\/Buy-Bunex-0.2mg.jpg\",\"contentUrl\":\"https:\\\/\\\/medicinasinc.com\\\/it\\\/wp-content\\\/uploads\\\/sites\\\/4\\\/2022\\\/02\\\/Buy-Bunex-0.2mg.jpg\",\"width\":600,\"height\":600},{\"@type\":\"BreadcrumbList\",\"@id\":\"https:\\\/\\\/medicinasinc.com\\\/it\\\/product\\\/buy-bunex-0-2mg-buprenorfina\\\/#breadcrumb\",\"itemListElement\":[{\"@type\":\"ListItem\",\"position\":1,\"name\":\"Negozio\",\"item\":\"https:\\\/\\\/medicinasinc.com\\\/it\\\/negozio\\\/\"},{\"@type\":\"ListItem\",\"position\":2,\"name\":\"Acquista Bunex 0,2 mg (buprenorfina)\"}]},{\"@type\":\"WebSite\",\"@id\":\"https:\\\/\\\/medicinasinc.com\\\/it\\\/#website\",\"url\":\"https:\\\/\\\/medicinasinc.com\\\/it\\\/\",\"name\":\"Medicinas Inc\",\"description\":\"Health Medical Clinic\",\"potentialAction\":[{\"@type\":\"SearchAction\",\"target\":{\"@type\":\"EntryPoint\",\"urlTemplate\":\"https:\\\/\\\/medicinasinc.com\\\/it\\\/?s={search_term_string}\"},\"query-input\":{\"@type\":\"PropertyValueSpecification\",\"valueRequired\":true,\"valueName\":\"search_term_string\"}}],\"inLanguage\":\"it-IT\"}]}<\/script>\n<!-- \/ Yoast SEO plugin. -->","yoast_head_json":{"title":"Acquista Bunex 0,2 mg (Buprenorfina) - Researchem","description":"Acquista Bunex 0,2 mg (buprenorfina) in vendita nel Regno Unito, nell'UE online dalla farmacia medicinasinc.com a prezzi economici e convenienti con spedizione sicura e veloce","robots":{"index":"index","follow":"follow","max-snippet":"max-snippet:-1","max-image-preview":"max-image-preview:large","max-video-preview":"max-video-preview:-1"},"canonical":"https:\/\/medicinasinc.com\/it\/product\/buy-bunex-0-2mg-buprenorfina\/","og_locale":"it_IT","og_type":"article","og_title":"Acquista Bunex 0,2 mg (Buprenorfina) - Researchem","og_description":"Acquista Bunex 0,2 mg (buprenorfina) in vendita nel Regno Unito, nell'UE online dalla farmacia medicinasinc.com a prezzi economici e convenienti con spedizione sicura e veloce","og_url":"https:\/\/medicinasinc.com\/it\/product\/buy-bunex-0-2mg-buprenorfina\/","og_site_name":"Medicinas Inc","article_modified_time":"2022-08-04T08:31:00+00:00","og_image":[{"width":600,"height":600,"url":"https:\/\/medicinasinc.com\/it\/wp-content\/uploads\/sites\/4\/2022\/02\/Buy-Bunex-0.2mg.jpg","type":"image\/jpeg"}],"twitter_card":"summary_large_image","twitter_misc":{"Tempo di lettura stimato":"3 minuti"},"schema":{"@context":"https:\/\/schema.org","@graph":[{"@type":"WebPage","@id":"https:\/\/medicinasinc.com\/it\/product\/buy-bunex-0-2mg-buprenorfina\/","url":"https:\/\/medicinasinc.com\/it\/product\/buy-bunex-0-2mg-buprenorfina\/","name":"Acquista Bunex 0,2 mg (Buprenorfina) - Researchem","isPartOf":{"@id":"https:\/\/medicinasinc.com\/it\/#website"},"primaryImageOfPage":{"@id":"https:\/\/medicinasinc.com\/it\/product\/buy-bunex-0-2mg-buprenorfina\/#primaryimage"},"image":{"@id":"https:\/\/medicinasinc.com\/it\/product\/buy-bunex-0-2mg-buprenorfina\/#primaryimage"},"thumbnailUrl":"https:\/\/medicinasinc.com\/it\/wp-content\/uploads\/sites\/4\/2022\/02\/Buy-Bunex-0.2mg.jpg","datePublished":"2022-02-20T21:04:44+00:00","dateModified":"2022-08-04T08:31:00+00:00","description":"Acquista Bunex 0,2 mg (buprenorfina) in vendita nel Regno Unito, nell'UE online dalla farmacia medicinasinc.com a prezzi economici e convenienti con spedizione sicura e veloce","breadcrumb":{"@id":"https:\/\/medicinasinc.com\/it\/product\/buy-bunex-0-2mg-buprenorfina\/#breadcrumb"},"inLanguage":"it-IT","potentialAction":[{"@type":"ReadAction","target":["https:\/\/medicinasinc.com\/it\/product\/buy-bunex-0-2mg-buprenorfina\/"]}]},{"@type":"ImageObject","inLanguage":"it-IT","@id":"https:\/\/medicinasinc.com\/it\/product\/buy-bunex-0-2mg-buprenorfina\/#primaryimage","url":"https:\/\/medicinasinc.com\/it\/wp-content\/uploads\/sites\/4\/2022\/02\/Buy-Bunex-0.2mg.jpg","contentUrl":"https:\/\/medicinasinc.com\/it\/wp-content\/uploads\/sites\/4\/2022\/02\/Buy-Bunex-0.2mg.jpg","width":600,"height":600},{"@type":"BreadcrumbList","@id":"https:\/\/medicinasinc.com\/it\/product\/buy-bunex-0-2mg-buprenorfina\/#breadcrumb","itemListElement":[{"@type":"ListItem","position":1,"name":"Negozio","item":"https:\/\/medicinasinc.com\/it\/negozio\/"},{"@type":"ListItem","position":2,"name":"Acquista Bunex 0,2 mg (buprenorfina)"}]},{"@type":"WebSite","@id":"https:\/\/medicinasinc.com\/it\/#website","url":"https:\/\/medicinasinc.com\/it\/","name":"Medicinas Inc","description":"Health Medical Clinic","potentialAction":[{"@type":"SearchAction","target":{"@type":"EntryPoint","urlTemplate":"https:\/\/medicinasinc.com\/it\/?s={search_term_string}"},"query-input":{"@type":"PropertyValueSpecification","valueRequired":true,"valueName":"search_term_string"}}],"inLanguage":"it-IT"}]}},"_links":{"self":[{"href":"https:\/\/medicinasinc.com\/it\/wp-json\/wp\/v2\/product\/5148","targetHints":{"allow":["GET"]}}],"collection":[{"href":"https:\/\/medicinasinc.com\/it\/wp-json\/wp\/v2\/product"}],"about":[{"href":"https:\/\/medicinasinc.com\/it\/wp-json\/wp\/v2\/types\/product"}],"replies":[{"embeddable":true,"href":"https:\/\/medicinasinc.com\/it\/wp-json\/wp\/v2\/comments?post=5148"}],"wp:featuredmedia":[{"embeddable":true,"href":"https:\/\/medicinasinc.com\/it\/wp-json\/wp\/v2\/media\/5164"}],"wp:attachment":[{"href":"https:\/\/medicinasinc.com\/it\/wp-json\/wp\/v2\/media?parent=5148"}],"wp:term":[{"taxonomy":"product_brand","embeddable":true,"href":"https:\/\/medicinasinc.com\/it\/wp-json\/wp\/v2\/product_brand?post=5148"},{"taxonomy":"product_cat","embeddable":true,"href":"https:\/\/medicinasinc.com\/it\/wp-json\/wp\/v2\/product_cat?post=5148"},{"taxonomy":"product_tag","embeddable":true,"href":"https:\/\/medicinasinc.com\/it\/wp-json\/wp\/v2\/product_tag?post=5148"}],"curies":[{"name":"wp","href":"https:\/\/api.w.org\/{rel}","templated":true}]}}