{"id":5125,"date":"2022-02-20T20:43:45","date_gmt":"2022-02-20T20:43:45","guid":{"rendered":"https:\/\/medicinasinc.com\/it\/?post_type=product&#038;p=5125"},"modified":"2022-03-17T00:27:10","modified_gmt":"2022-03-17T00:27:10","slug":"compra-ativan-0-5mg-1mg-2mg","status":"publish","type":"product","link":"https:\/\/medicinasinc.com\/it\/product\/compra-ativan-0-5mg-1mg-2mg\/","title":{"rendered":"Acquista Ativan 0,5 mg, 1 mg, 2 mg"},"content":{"rendered":"<p>Il posto migliore per acquistare Ativan \u00e8 su Internet. Cos&#8217;\u00e8 esattamente il Lorazepam e come funziona?<br \/> Per acquistare Ativan online, fai clic qui. Le benzodiazepine, di cui fa parte il lorazepam, sono una classe di farmaci. Aumentando l&#8217;attivit\u00e0 di particolari neurotrasmettitori cerebrali, si ritiene che il lorazepam sia efficace.<\/p>\n<p>Per alleviare l&#8217;ansia e le convulsioni, viene prescritto il lorazepam.<\/p>\n<p>L&#8217;acquisto di lorazepam su Internet o da un fonte al di fuori degli Stati Uniti \u00e8 irta di rischi. I medicinali venduti e distribuiti in paesi diversi dagli Stati Uniti non soddisfano i requisiti della FDA sull&#8217;uso sicuro (FDA). \u00c8 possibile che queste pillole non provengano da una farmacia legittima o contengano sostanze nocive.<\/p>\n<p>Legga attentamente.<br \/> Se soffre di miastenia grave, glaucoma ad angolo chiuso, grave insufficienza respiratoria o un&#8217;allergia al Valium o a un farmaco simile, dovresti evitare di assumere lorazepam.<\/p>\n<p>Il farmaco lorazepam non deve essere assunto dalle donne in gravidanza. Quando somministrato a un bambino, questo farmaco ha il potenziale di indurre gravi anomalie alla nascita o sintomi di astinenza pericolosi per la vita.<\/p>\n<p>Solo quelli a cui \u00e8 stato somministrato Lorazepam dovrebbero prenderlo, poich\u00e9 pu\u00f2 causare assuefazione. L&#8217;abuso di droghe pu\u00f2 portare a dipendenza, overdose o morte se il farmaco viene utilizzato in modo improprio in qualsiasi modo. Chiunque abbia una storia di abuso di droghe o dipendenza non dovrebbe mai ricevere questo farmaco. Assicurati che il farmaco sia conservato in un luogo sicuro dove non possa essere accessibile ad altri.<\/p>\n<p>Se usi lorazepam con alcol, oppioidi o altri farmaci che ti rendono assonnato o rallentano la respirazione, potresti avere un rischio fatale effetti avversi.<\/p>\n<p>Prima di utilizzare qualsiasi farmaco, consultare il proprio medico.<br \/> le seguenti condizioni richiedono l&#8217;interruzione immediata del trattamento con lorazepam<\/p>\n<p>glaucoma ad angolo stretto; oppure<\/p>\n<p>Una storia di allergie alle benzodiazepine (diazepam, alprazolam, Ativan, Klonopin, Restoril, Tranxene, Valium, Versed, Xanax e altri).<\/p>\n<p>Se hai uno dei seguenti condizioni, non dovresti assumere lorazepam:<\/p>\n<p>BPCO (broncopneumopatia cronica ostruttiva) o apnea notturna (respirazione che si interrompe durante il sonno) sono esempi di problemi respiratori.<\/p>\n<p>dipendenza da droghe o alcol <\/p>\n<p>Sintomi di tristezza, umore depresso o ideazione o azione suicida<\/p>\n<p>malattia dei reni o del fegato<\/p>\n<p>convulsioni involontarie<\/p>\n<p>glaucoma. <\/p>\n<p>L&#8217;uso di lorazepam durante la gravidanza aumenta il rischio che il bambino diventi dipendente dal farmaco. Dopo la nascita, il neonato pu\u00f2 manifestare sintomi di astinenza pericolosi per la vita a causa di ci\u00f2. Potrebbero essere necessarie cure mediche per diverse settimane per i bambini nati dipendenti da droghe che creano assuefazione.<\/p>\n<p>Devo assumere il lorazepam in un modo specifico?<br \/> Il lorazepam deve essere usato esattamente come prescritto. Leggi tutte le raccomandazioni e le istruzioni sui farmaci sull&#8217;etichetta della prescrizione. Segua sempre le istruzioni del medico durante l&#8217;assunzione di lorazepam. Pi\u00f9 usi questo medicinale, pi\u00f9 \u00e8 probabile che tu debba informare il medico.<\/p>\n<p>Il lorazepam pu\u00f2 creare dipendenza. Un uso improprio pu\u00f2 portare a dipendenza, overdose o persino alla morte. Smaltire il farmaco in un&#8217;area fuori dalla portata degli altri. \u00c8 un crimine distribuire o vendere questo farmaco.<\/p>\n<p>Misurare con cura la medicina liquida. Procurati uno strumento di misurazione della dose o usa la siringa in dotazione (non un cucchiaio da cucina).<\/p>\n<p>Se non diversamente indicato dal medico, non assumere lorazepam per pi\u00f9 di quattro mesi alla volta. Se i tuoi sintomi non migliorano o peggiorano, contatta il tuo medico.<\/p>\n<p>Quando prendi questo farmaco a lungo termine, potresti aver bisogno di visite mediche regolari.<\/p>\n<p>Se smetti improvvisamente prendendo questo farmaco, corri il rischio di sperimentare spiacevoli effetti collaterali. Fissa un appuntamento con il tuo medico per sapere come interrompere l&#8217;assunzione di questo farmaco.<\/p>\n<p>Non esporre a umidit\u00e0 o temperature elevate; conservare a temperatura ambiente.<\/p>\n<p>Conservare in frigorifero il liquido di lorazepam per una conservazione a lungo termine. Non tenere liquidi che non sono stati utilizzati entro 90 giorni.<\/p>\n<p>Tieni un registro dei tuoi farmaci. Dovresti tenere d&#8217;occhio chiunque ne abusi o usi in modo improprio.<\/p>\n","protected":false},"excerpt":{"rendered":"<p>Lorazepam 0,5 mg, 1 mg, 2 mg prezzi online, acquistare ativan 2 mg online, acquistare Lorazepam compresse online.<\/p>\n<p>Tramadol 50 mg prezzo online elevato di lorazepam (Ativan) compressa 2 mg. Viene anche impiegato nel trattamento dell&#8217;ansia.<\/p>\n<p>pillole\/compresse di Lorazepam (Ativan) 2 mg<\/p>\n<p>Ansia, tristezza e insonnia sono tutti effetti collaterali comuni del farmaco per l&#8217;ansia Ativan ( Lorazepam) (difficolt\u00e0 a dormire). \u00c8 una specie di benzodiazepina.<\/p>\n<p>Senza prescrizione medica, puoi acquistare compresse di Lorazepam 2 mg online (senza RX).<\/p>\n","protected":false},"featured_media":5144,"comment_status":"open","ping_status":"closed","template":"","meta":[],"product_brand":[],"product_cat":[1117],"product_tag":[1236,1233,1224,1198,1196,1199,1195,1197,1203,1200,1201,1202,1207,1204,1205,1206,1222,1210,1211,1212,1213,1218,1219,1220,1221,1225,1226,1234,1215,1229,1216,1217,1208,1209,1227,1228,1230,1231,1214,1232,1223,1235],"class_list":{"0":"post-5125","1":"product","2":"type-product","3":"status-publish","4":"has-post-thumbnail","6":"product_cat-comprare-pillole-sesso-dolore-per-dormire","7":"product_tag-a-cosa-servono-le-compresse-di-ativan","8":"product_tag-a-cosa-servono-le-compresse-ativan","9":"product_tag-compra-ativan-online","10":"product_tag-ativan-1mg-compressa-dose","11":"product_tag-ativan-1-mg-compresse","12":"product_tag-ativan-1mg-tablet-effetti-collaterali","13":"product_tag-ativan-1-mg-sublingual-tablets","14":"product_tag-ativan-1-tab","15":"product_tag-ativan-2mg-pillola","16":"product_tag-ativan-2-mg-tablets","17":"product_tag-ativan-2-tab","18":"product_tag-ativan-2-5-mg-prezzo","19":"product_tag-ativan-2mg-tablet-ordine-online-amazon","20":"product_tag-ativan-2mg-effetti-collaterali","21":"product_tag-ativan-2mg-compressa","22":"product_tag-ativan-2mg-compressa-in-hindi","23":"product_tag-ativan-compresse-uk","24":"product_tag-ativan-tab-0-5-mg","25":"product_tag-ativan-tab-1mg","26":"product_tag-ativan-tab-1mg-50","27":"product_tag-ativan-tab-1mg-precio","28":"product_tag-ativan-tablets-australia","29":"product_tag-ativan-tablets-buy","30":"product_tag-ativan-tablets-dosage","31":"product_tag-ativan-tablets-sublingual","32":"product_tag-can-ativan-tablets-be-crushed","33":"product_tag-can-ativan-tablets-be-injected","34":"product_tag-che-aspetto-hanno-i-tablet-ativan","35":"product_tag-ativan-tablet-0-5mg","36":"product_tag-pfizer-compressa-2mg","37":"product_tag-ativan-comprimere-1mg","38":"product_tag-activan-compresse-2-5-mg","39":"product_tag-ativan-dosaggio-2mg","40":"product_tag-ativan-farmacia","41":"product_tag-lorazepam-2-mg-compressa-consegna-online","42":"product_tag-lorazepam-compresse-tivan-2mg","43":"product_tag-tab-ativan-1","44":"product_tag-tab-ativan-1mg-usa-in-hindi","45":"product_tag-compresso-attivato","46":"product_tag-tivan-2mg-compressa","47":"product_tag-ativan-compresse-usi","48":"product_tag-what-does-ativan-tablets-look-like","50":"first","51":"instock","52":"shipping-taxable","53":"purchasable","54":"product-type-variable"},"yoast_head":"<!-- This site is optimized with the Yoast SEO plugin v27.3 - https:\/\/yoast.com\/product\/yoast-seo-wordpress\/ -->\n<title>Acquista Ativan 2mg - Acquista Ativan 1mg - Acquista Ativan 0,5mg - Best Global Meds<\/title>\n<meta name=\"description\" content=\"Acquista Lorazepam compresse online, acquista Lorazepam online, acquista Ativan online, Lorazepam 0,5 mg, 1 mg, 2 mg prezzi online, acquista ativan 2mg online Regno Unito, Europa\" \/>\n<meta name=\"robots\" content=\"index, follow, max-snippet:-1, max-image-preview:large, max-video-preview:-1\" \/>\n<link rel=\"canonical\" href=\"https:\/\/medicinasinc.com\/it\/product\/compra-ativan-0-5mg-1mg-2mg\/\" \/>\n<meta property=\"og:locale\" content=\"it_IT\" \/>\n<meta property=\"og:type\" content=\"article\" \/>\n<meta property=\"og:title\" content=\"Acquista Ativan 2mg - Acquista Ativan 1mg - Acquista Ativan 0,5mg - Best Global Meds\" \/>\n<meta property=\"og:description\" content=\"Acquista Lorazepam compresse online, acquista Lorazepam online, acquista Ativan online, Lorazepam 0,5 mg, 1 mg, 2 mg prezzi online, acquista ativan 2mg online Regno Unito, Europa\" \/>\n<meta property=\"og:url\" content=\"https:\/\/medicinasinc.com\/it\/product\/compra-ativan-0-5mg-1mg-2mg\/\" \/>\n<meta property=\"og:site_name\" content=\"Medicinas Inc\" \/>\n<meta property=\"article:modified_time\" content=\"2022-03-17T00:27:10+00:00\" \/>\n<meta property=\"og:image\" content=\"https:\/\/medicinasinc.com\/it\/wp-content\/uploads\/sites\/4\/2022\/02\/Buy-Ativan-Online-1.jpg\" \/>\n\t<meta property=\"og:image:width\" content=\"300\" \/>\n\t<meta property=\"og:image:height\" content=\"300\" \/>\n\t<meta property=\"og:image:type\" content=\"image\/jpeg\" \/>\n<meta name=\"twitter:card\" content=\"summary_large_image\" \/>\n<meta name=\"twitter:label1\" content=\"Tempo di lettura stimato\" \/>\n\t<meta name=\"twitter:data1\" content=\"3 minuti\" \/>\n<script type=\"application\/ld+json\" class=\"yoast-schema-graph\">{\"@context\":\"https:\\\/\\\/schema.org\",\"@graph\":[{\"@type\":\"WebPage\",\"@id\":\"https:\\\/\\\/medicinasinc.com\\\/it\\\/product\\\/compra-ativan-0-5mg-1mg-2mg\\\/\",\"url\":\"https:\\\/\\\/medicinasinc.com\\\/it\\\/product\\\/compra-ativan-0-5mg-1mg-2mg\\\/\",\"name\":\"Acquista Ativan 2mg - Acquista Ativan 1mg - Acquista Ativan 0,5mg - Best Global Meds\",\"isPartOf\":{\"@id\":\"https:\\\/\\\/medicinasinc.com\\\/it\\\/#website\"},\"primaryImageOfPage\":{\"@id\":\"https:\\\/\\\/medicinasinc.com\\\/it\\\/product\\\/compra-ativan-0-5mg-1mg-2mg\\\/#primaryimage\"},\"image\":{\"@id\":\"https:\\\/\\\/medicinasinc.com\\\/it\\\/product\\\/compra-ativan-0-5mg-1mg-2mg\\\/#primaryimage\"},\"thumbnailUrl\":\"https:\\\/\\\/medicinasinc.com\\\/it\\\/wp-content\\\/uploads\\\/sites\\\/4\\\/2022\\\/02\\\/Buy-Ativan-Online-1.jpg\",\"datePublished\":\"2022-02-20T20:43:45+00:00\",\"dateModified\":\"2022-03-17T00:27:10+00:00\",\"description\":\"Acquista Lorazepam compresse online, acquista Lorazepam online, acquista Ativan online, Lorazepam 0,5 mg, 1 mg, 2 mg prezzi online, acquista ativan 2mg online Regno Unito, Europa\",\"breadcrumb\":{\"@id\":\"https:\\\/\\\/medicinasinc.com\\\/it\\\/product\\\/compra-ativan-0-5mg-1mg-2mg\\\/#breadcrumb\"},\"inLanguage\":\"it-IT\",\"potentialAction\":[{\"@type\":\"ReadAction\",\"target\":[\"https:\\\/\\\/medicinasinc.com\\\/it\\\/product\\\/compra-ativan-0-5mg-1mg-2mg\\\/\"]}]},{\"@type\":\"ImageObject\",\"inLanguage\":\"it-IT\",\"@id\":\"https:\\\/\\\/medicinasinc.com\\\/it\\\/product\\\/compra-ativan-0-5mg-1mg-2mg\\\/#primaryimage\",\"url\":\"https:\\\/\\\/medicinasinc.com\\\/it\\\/wp-content\\\/uploads\\\/sites\\\/4\\\/2022\\\/02\\\/Buy-Ativan-Online-1.jpg\",\"contentUrl\":\"https:\\\/\\\/medicinasinc.com\\\/it\\\/wp-content\\\/uploads\\\/sites\\\/4\\\/2022\\\/02\\\/Buy-Ativan-Online-1.jpg\",\"width\":300,\"height\":300},{\"@type\":\"BreadcrumbList\",\"@id\":\"https:\\\/\\\/medicinasinc.com\\\/it\\\/product\\\/compra-ativan-0-5mg-1mg-2mg\\\/#breadcrumb\",\"itemListElement\":[{\"@type\":\"ListItem\",\"position\":1,\"name\":\"Negozio\",\"item\":\"https:\\\/\\\/medicinasinc.com\\\/it\\\/negozio\\\/\"},{\"@type\":\"ListItem\",\"position\":2,\"name\":\"Acquista Ativan 0,5 mg, 1 mg, 2 mg\"}]},{\"@type\":\"WebSite\",\"@id\":\"https:\\\/\\\/medicinasinc.com\\\/it\\\/#website\",\"url\":\"https:\\\/\\\/medicinasinc.com\\\/it\\\/\",\"name\":\"Medicinas Inc\",\"description\":\"Health Medical Clinic\",\"potentialAction\":[{\"@type\":\"SearchAction\",\"target\":{\"@type\":\"EntryPoint\",\"urlTemplate\":\"https:\\\/\\\/medicinasinc.com\\\/it\\\/?s={search_term_string}\"},\"query-input\":{\"@type\":\"PropertyValueSpecification\",\"valueRequired\":true,\"valueName\":\"search_term_string\"}}],\"inLanguage\":\"it-IT\"}]}<\/script>\n<!-- \/ Yoast SEO plugin. -->","yoast_head_json":{"title":"Acquista Ativan 2mg - Acquista Ativan 1mg - Acquista Ativan 0,5mg - Best Global Meds","description":"Acquista Lorazepam compresse online, acquista Lorazepam online, acquista Ativan online, Lorazepam 0,5 mg, 1 mg, 2 mg prezzi online, acquista ativan 2mg online Regno Unito, Europa","robots":{"index":"index","follow":"follow","max-snippet":"max-snippet:-1","max-image-preview":"max-image-preview:large","max-video-preview":"max-video-preview:-1"},"canonical":"https:\/\/medicinasinc.com\/it\/product\/compra-ativan-0-5mg-1mg-2mg\/","og_locale":"it_IT","og_type":"article","og_title":"Acquista Ativan 2mg - Acquista Ativan 1mg - Acquista Ativan 0,5mg - Best Global Meds","og_description":"Acquista Lorazepam compresse online, acquista Lorazepam online, acquista Ativan online, Lorazepam 0,5 mg, 1 mg, 2 mg prezzi online, acquista ativan 2mg online Regno Unito, Europa","og_url":"https:\/\/medicinasinc.com\/it\/product\/compra-ativan-0-5mg-1mg-2mg\/","og_site_name":"Medicinas Inc","article_modified_time":"2022-03-17T00:27:10+00:00","og_image":[{"width":300,"height":300,"url":"https:\/\/medicinasinc.com\/it\/wp-content\/uploads\/sites\/4\/2022\/02\/Buy-Ativan-Online-1.jpg","type":"image\/jpeg"}],"twitter_card":"summary_large_image","twitter_misc":{"Tempo di lettura stimato":"3 minuti"},"schema":{"@context":"https:\/\/schema.org","@graph":[{"@type":"WebPage","@id":"https:\/\/medicinasinc.com\/it\/product\/compra-ativan-0-5mg-1mg-2mg\/","url":"https:\/\/medicinasinc.com\/it\/product\/compra-ativan-0-5mg-1mg-2mg\/","name":"Acquista Ativan 2mg - Acquista Ativan 1mg - Acquista Ativan 0,5mg - Best Global Meds","isPartOf":{"@id":"https:\/\/medicinasinc.com\/it\/#website"},"primaryImageOfPage":{"@id":"https:\/\/medicinasinc.com\/it\/product\/compra-ativan-0-5mg-1mg-2mg\/#primaryimage"},"image":{"@id":"https:\/\/medicinasinc.com\/it\/product\/compra-ativan-0-5mg-1mg-2mg\/#primaryimage"},"thumbnailUrl":"https:\/\/medicinasinc.com\/it\/wp-content\/uploads\/sites\/4\/2022\/02\/Buy-Ativan-Online-1.jpg","datePublished":"2022-02-20T20:43:45+00:00","dateModified":"2022-03-17T00:27:10+00:00","description":"Acquista Lorazepam compresse online, acquista Lorazepam online, acquista Ativan online, Lorazepam 0,5 mg, 1 mg, 2 mg prezzi online, acquista ativan 2mg online Regno Unito, Europa","breadcrumb":{"@id":"https:\/\/medicinasinc.com\/it\/product\/compra-ativan-0-5mg-1mg-2mg\/#breadcrumb"},"inLanguage":"it-IT","potentialAction":[{"@type":"ReadAction","target":["https:\/\/medicinasinc.com\/it\/product\/compra-ativan-0-5mg-1mg-2mg\/"]}]},{"@type":"ImageObject","inLanguage":"it-IT","@id":"https:\/\/medicinasinc.com\/it\/product\/compra-ativan-0-5mg-1mg-2mg\/#primaryimage","url":"https:\/\/medicinasinc.com\/it\/wp-content\/uploads\/sites\/4\/2022\/02\/Buy-Ativan-Online-1.jpg","contentUrl":"https:\/\/medicinasinc.com\/it\/wp-content\/uploads\/sites\/4\/2022\/02\/Buy-Ativan-Online-1.jpg","width":300,"height":300},{"@type":"BreadcrumbList","@id":"https:\/\/medicinasinc.com\/it\/product\/compra-ativan-0-5mg-1mg-2mg\/#breadcrumb","itemListElement":[{"@type":"ListItem","position":1,"name":"Negozio","item":"https:\/\/medicinasinc.com\/it\/negozio\/"},{"@type":"ListItem","position":2,"name":"Acquista Ativan 0,5 mg, 1 mg, 2 mg"}]},{"@type":"WebSite","@id":"https:\/\/medicinasinc.com\/it\/#website","url":"https:\/\/medicinasinc.com\/it\/","name":"Medicinas Inc","description":"Health Medical Clinic","potentialAction":[{"@type":"SearchAction","target":{"@type":"EntryPoint","urlTemplate":"https:\/\/medicinasinc.com\/it\/?s={search_term_string}"},"query-input":{"@type":"PropertyValueSpecification","valueRequired":true,"valueName":"search_term_string"}}],"inLanguage":"it-IT"}]}},"_links":{"self":[{"href":"https:\/\/medicinasinc.com\/it\/wp-json\/wp\/v2\/product\/5125","targetHints":{"allow":["GET"]}}],"collection":[{"href":"https:\/\/medicinasinc.com\/it\/wp-json\/wp\/v2\/product"}],"about":[{"href":"https:\/\/medicinasinc.com\/it\/wp-json\/wp\/v2\/types\/product"}],"replies":[{"embeddable":true,"href":"https:\/\/medicinasinc.com\/it\/wp-json\/wp\/v2\/comments?post=5125"}],"wp:featuredmedia":[{"embeddable":true,"href":"https:\/\/medicinasinc.com\/it\/wp-json\/wp\/v2\/media\/5144"}],"wp:attachment":[{"href":"https:\/\/medicinasinc.com\/it\/wp-json\/wp\/v2\/media?parent=5125"}],"wp:term":[{"taxonomy":"product_brand","embeddable":true,"href":"https:\/\/medicinasinc.com\/it\/wp-json\/wp\/v2\/product_brand?post=5125"},{"taxonomy":"product_cat","embeddable":true,"href":"https:\/\/medicinasinc.com\/it\/wp-json\/wp\/v2\/product_cat?post=5125"},{"taxonomy":"product_tag","embeddable":true,"href":"https:\/\/medicinasinc.com\/it\/wp-json\/wp\/v2\/product_tag?post=5125"}],"curies":[{"name":"wp","href":"https:\/\/api.w.org\/{rel}","templated":true}]}}