{"id":5124,"date":"2022-02-20T20:42:48","date_gmt":"2022-02-20T20:42:48","guid":{"rendered":"https:\/\/medicinasinc.com\/it\/?post_type=product&#038;p=5124"},"modified":"2022-03-17T00:27:20","modified_gmt":"2022-03-17T00:27:20","slug":"comprare-ambien-10-mg","status":"publish","type":"product","link":"https:\/\/medicinasinc.com\/it\/product\/comprare-ambien-10-mg\/","title":{"rendered":"Acquista Ambiente 10 mg"},"content":{"rendered":"<div class=\"ty-tabs cm-j-tabs clearfix\">\n<p>acquista Ambien 10mg online<\/p>\n<h2><a href=\"https:\/\/www.bestglobalmeds.com\/category\/blog\/\" target=\"_blank\" rel=\"noopener\">Acquista Ambien 10mg Consegna notturna<\/a><\/h2>\n<h2>Acquista Ambien 10mg online<\/h2>\n<p>Il prezzo pi\u00f9 basso degli Stati Uniti di\u00a0<em>Ambien<\/em>\u00a0(<em>Zolpidem<\/em>\u00a05mg &amp;\u00a0<em>10mg<\/em>) Pillole e il primo servizio medico online registrato legale degli Stati Uniti a offrirlo. Consegna tracciabile gratuita nel Regno Unito.Ambien, Zolpidem, ambien\u00a0<em>10mg<\/em>, Zolpidem Tartrate, acquista sonniferi online, acquista anti ansia online, antidepressivi,\u00a0<em>acquista ambien<\/em>\u00a0senza prescrizione medica.<\/p>\n<ul class=\"ty-tabs__list\">\n<li id=\"description\" class=\"ty-tabs__item cm-js attivo\"><a class=\"ty-tabs__a\">Descrizione<\/a><\/li>\n<li id=\"product_tab_9\" class=\"ty-tabs__item cm-js\"><a class=\"ty-tabs__a\">Informazioni sul paziente<\/a><\/li>\n<\/ul><\/div>\n<div id=\"tabs_content \" class=\"cm-tabs-content ty-tabs__content clearfix\">\n<div id=\"content_description\" class=\"ty-wysiwyg-content content-description attivo\"> \u200b\u200b<\/p>\n<div>\n<div class=\"descrizione-prodotto\">\n<h4>Dormi con Zolpidem e Ambien<\/h4>\n<table>\n<thead>\n<tr>\n<th>Zolpidem<\/th>\n<th>Importo<\/th>\n<th>Tipo<\/th>\n<th>Stock<\/th>\n<\/tr>\n<\/thead>\n<tbody>\n<tr>\n<th>Ambien<\/th>\n<th>5mg<\/th>\n<th>Compresse<\/th>\n<th>Compra NOI<\/th>\n<\/tr>\n<tr>\n<td>Zolpidem compresse<\/td>\n<td>5mg<\/td>\n<td>Pillole<\/td>\n<td>Online USA \u2713<\/td>\n<\/tr>\n<tr>\n<td>Compresse Ambien<\/td>\n<td>10mg<\/td>\n<td>Medicina e<\/td>\n<td>USA \u2713<\/td>\n<\/tr>\n<\/tbody>\n<\/table>\n<h4>Precauzioni prima di assumere Zolpidem<\/h4>\n<p>Ci sono precauzioni che devono essere considerate prima di decidere di prendilo. In determinate circostanze, potrebbe non essere la scelta del farmaco pi\u00f9 adatta. Chiedi a un medico in merito alla tua idoneit\u00e0 sanitaria a prenderlo come trattamento per l&#8217;insonnia. Se si verifica una delle seguenti circostanze, consultare un medico:<\/p>\n<ul>\n<li>Storia di alcolismo o abuso di droghe<\/li>\n<li>Incinta o che sta pianificando una gravidanza<\/li>\n<li>Ha una condizione respiratoria (bronchite, asma o enfisema)<\/li>\n<li>Storia di malattie epatiche o renali<\/li>\n<li>Ha la miastenia grave (disturbo dei nervi risultante dall&#8217;indebolimento dei muscoli)<\/li>\n<li>Allergie a uno qualsiasi degli ingredienti<\/li>\n<li>Ha ricorrenti disturbi della personalit\u00e0 o depressione<\/li>\n<li>Ha apnea notturna<\/li>\n<li>Anziani<\/li>\n<\/ul>\n<p>In casi molto rari casi, l&#8217;assunzione di Ambien pu\u00f2 provocare reazioni avverse tra cui gonfiore delle labbra, del viso, della gola e della lingua o avere difficolt\u00e0 a respirare. Si consiglia inoltre di non usarlo continuamente per pi\u00f9 di 4 settimane perch\u00e9 pu\u00f2 portare a sintomi di astinenza come vomito, nausea, ansia e crampi allo stomaco. Conosciuto come un <a href=\"https:\/\/globalhomemed.com\/\">trattamento a breve termine per l&#8217;insonnia<\/a>, c&#8217;\u00e8 la possibilit\u00e0 di avere problemi a dormire una volta che smetti di usarlo. Si chiama &#8220;insonnia di rimbalzo&#8221; che alla fine scompare dopo uno o due giorni. Consulta sempre il tuo medico per quanto riguarda l&#8217;uso di questo sonnifero.<\/p>\n<h2>acquista Ambien 10mg online<\/h2>\n<\/p><\/div><\/div><\/div><\/div>\n","protected":false},"excerpt":{"rendered":"<p>Compra le pillole di Ambien 10mg online. Ambien \u00e8 usato per trattare un disturbo del sonno. La compressa a scarica rapida viene utilizzata per aiutarti ad addormentarti quando vai per la prima volta sul divano.<\/p>\n<p>Ambien, Zolpidem, ambien\u00a0<em>10mg<\/em>, Zolpidem Tartrate, acquista sonniferi online, acquista anti ansia online, antidepressivi,\u00a0<em>acquista ambien<\/em>\u00a0senza prescrizione medica.<\/p>\n","protected":false},"featured_media":5142,"comment_status":"open","ping_status":"closed","template":"","meta":[],"product_brand":[],"product_cat":[1117],"product_tag":[],"class_list":{"0":"post-5124","1":"product","2":"type-product","3":"status-publish","4":"has-post-thumbnail","6":"product_cat-comprare-pillole-sesso-dolore-per-dormire","8":"first","9":"instock","10":"shipping-taxable","11":"purchasable","12":"product-type-variable","13":"has-default-attributes"},"yoast_head":"<!-- This site is optimized with the Yoast SEO plugin v27.3 - https:\/\/yoast.com\/product\/yoast-seo-wordpress\/ -->\n<title>Acquista Ambien 10 mg - Ambien 10 mg - Best Global Meds<\/title>\n<meta name=\"description\" content=\"Acquista Ambien 10 mg, Ambien, Zolpidem, ambien\u00a010mg, Zolpidem Tartrate, acquista sonniferi online, acquista anti-ansia online, antidepressivi,\u00a0acquista ambien\u00a0senza prescrizione medica.\" \/>\n<meta name=\"robots\" content=\"index, follow, max-snippet:-1, max-image-preview:large, max-video-preview:-1\" \/>\n<link rel=\"canonical\" href=\"https:\/\/medicinasinc.com\/it\/product\/comprare-ambien-10-mg\/\" \/>\n<meta property=\"og:locale\" content=\"it_IT\" \/>\n<meta property=\"og:type\" content=\"article\" \/>\n<meta property=\"og:title\" content=\"Acquista Ambien 10 mg - Ambien 10 mg - Best Global Meds\" \/>\n<meta property=\"og:description\" content=\"Acquista Ambien 10 mg, Ambien, Zolpidem, ambien\u00a010mg, Zolpidem Tartrate, acquista sonniferi online, acquista anti-ansia online, antidepressivi,\u00a0acquista ambien\u00a0senza prescrizione medica.\" \/>\n<meta property=\"og:url\" content=\"https:\/\/medicinasinc.com\/it\/product\/comprare-ambien-10-mg\/\" \/>\n<meta property=\"og:site_name\" content=\"Medicinas Inc\" \/>\n<meta property=\"article:modified_time\" content=\"2022-03-17T00:27:20+00:00\" \/>\n<meta property=\"og:image\" content=\"https:\/\/medicinasinc.com\/it\/wp-content\/uploads\/sites\/4\/2022\/02\/Buy-Ambien-10mg.jpg\" \/>\n\t<meta property=\"og:image:width\" content=\"225\" \/>\n\t<meta property=\"og:image:height\" content=\"225\" \/>\n\t<meta property=\"og:image:type\" content=\"image\/jpeg\" \/>\n<meta name=\"twitter:card\" content=\"summary_large_image\" \/>\n<meta name=\"twitter:label1\" content=\"Tempo di lettura stimato\" \/>\n\t<meta name=\"twitter:data1\" content=\"2 minuti\" \/>\n<script type=\"application\/ld+json\" class=\"yoast-schema-graph\">{\"@context\":\"https:\\\/\\\/schema.org\",\"@graph\":[{\"@type\":\"WebPage\",\"@id\":\"https:\\\/\\\/medicinasinc.com\\\/it\\\/product\\\/comprare-ambien-10-mg\\\/\",\"url\":\"https:\\\/\\\/medicinasinc.com\\\/it\\\/product\\\/comprare-ambien-10-mg\\\/\",\"name\":\"Acquista Ambien 10 mg - Ambien 10 mg - Best Global Meds\",\"isPartOf\":{\"@id\":\"https:\\\/\\\/medicinasinc.com\\\/it\\\/#website\"},\"primaryImageOfPage\":{\"@id\":\"https:\\\/\\\/medicinasinc.com\\\/it\\\/product\\\/comprare-ambien-10-mg\\\/#primaryimage\"},\"image\":{\"@id\":\"https:\\\/\\\/medicinasinc.com\\\/it\\\/product\\\/comprare-ambien-10-mg\\\/#primaryimage\"},\"thumbnailUrl\":\"https:\\\/\\\/medicinasinc.com\\\/it\\\/wp-content\\\/uploads\\\/sites\\\/4\\\/2022\\\/02\\\/Buy-Ambien-10mg.jpg\",\"datePublished\":\"2022-02-20T20:42:48+00:00\",\"dateModified\":\"2022-03-17T00:27:20+00:00\",\"description\":\"Acquista Ambien 10 mg, Ambien, Zolpidem, ambien\u00a010mg, Zolpidem Tartrate, acquista sonniferi online, acquista anti-ansia online, antidepressivi,\u00a0acquista ambien\u00a0senza prescrizione medica.\",\"breadcrumb\":{\"@id\":\"https:\\\/\\\/medicinasinc.com\\\/it\\\/product\\\/comprare-ambien-10-mg\\\/#breadcrumb\"},\"inLanguage\":\"it-IT\",\"potentialAction\":[{\"@type\":\"ReadAction\",\"target\":[\"https:\\\/\\\/medicinasinc.com\\\/it\\\/product\\\/comprare-ambien-10-mg\\\/\"]}]},{\"@type\":\"ImageObject\",\"inLanguage\":\"it-IT\",\"@id\":\"https:\\\/\\\/medicinasinc.com\\\/it\\\/product\\\/comprare-ambien-10-mg\\\/#primaryimage\",\"url\":\"https:\\\/\\\/medicinasinc.com\\\/it\\\/wp-content\\\/uploads\\\/sites\\\/4\\\/2022\\\/02\\\/Buy-Ambien-10mg.jpg\",\"contentUrl\":\"https:\\\/\\\/medicinasinc.com\\\/it\\\/wp-content\\\/uploads\\\/sites\\\/4\\\/2022\\\/02\\\/Buy-Ambien-10mg.jpg\",\"width\":225,\"height\":225},{\"@type\":\"BreadcrumbList\",\"@id\":\"https:\\\/\\\/medicinasinc.com\\\/it\\\/product\\\/comprare-ambien-10-mg\\\/#breadcrumb\",\"itemListElement\":[{\"@type\":\"ListItem\",\"position\":1,\"name\":\"Negozio\",\"item\":\"https:\\\/\\\/medicinasinc.com\\\/it\\\/negozio\\\/\"},{\"@type\":\"ListItem\",\"position\":2,\"name\":\"Acquista Ambiente 10 mg\"}]},{\"@type\":\"WebSite\",\"@id\":\"https:\\\/\\\/medicinasinc.com\\\/it\\\/#website\",\"url\":\"https:\\\/\\\/medicinasinc.com\\\/it\\\/\",\"name\":\"Medicinas Inc\",\"description\":\"Health Medical Clinic\",\"potentialAction\":[{\"@type\":\"SearchAction\",\"target\":{\"@type\":\"EntryPoint\",\"urlTemplate\":\"https:\\\/\\\/medicinasinc.com\\\/it\\\/?s={search_term_string}\"},\"query-input\":{\"@type\":\"PropertyValueSpecification\",\"valueRequired\":true,\"valueName\":\"search_term_string\"}}],\"inLanguage\":\"it-IT\"}]}<\/script>\n<!-- \/ Yoast SEO plugin. -->","yoast_head_json":{"title":"Acquista Ambien 10 mg - Ambien 10 mg - Best Global Meds","description":"Acquista Ambien 10 mg, Ambien, Zolpidem, ambien\u00a010mg, Zolpidem Tartrate, acquista sonniferi online, acquista anti-ansia online, antidepressivi,\u00a0acquista ambien\u00a0senza prescrizione medica.","robots":{"index":"index","follow":"follow","max-snippet":"max-snippet:-1","max-image-preview":"max-image-preview:large","max-video-preview":"max-video-preview:-1"},"canonical":"https:\/\/medicinasinc.com\/it\/product\/comprare-ambien-10-mg\/","og_locale":"it_IT","og_type":"article","og_title":"Acquista Ambien 10 mg - Ambien 10 mg - Best Global Meds","og_description":"Acquista Ambien 10 mg, Ambien, Zolpidem, ambien\u00a010mg, Zolpidem Tartrate, acquista sonniferi online, acquista anti-ansia online, antidepressivi,\u00a0acquista ambien\u00a0senza prescrizione medica.","og_url":"https:\/\/medicinasinc.com\/it\/product\/comprare-ambien-10-mg\/","og_site_name":"Medicinas Inc","article_modified_time":"2022-03-17T00:27:20+00:00","og_image":[{"width":225,"height":225,"url":"https:\/\/medicinasinc.com\/it\/wp-content\/uploads\/sites\/4\/2022\/02\/Buy-Ambien-10mg.jpg","type":"image\/jpeg"}],"twitter_card":"summary_large_image","twitter_misc":{"Tempo di lettura stimato":"2 minuti"},"schema":{"@context":"https:\/\/schema.org","@graph":[{"@type":"WebPage","@id":"https:\/\/medicinasinc.com\/it\/product\/comprare-ambien-10-mg\/","url":"https:\/\/medicinasinc.com\/it\/product\/comprare-ambien-10-mg\/","name":"Acquista Ambien 10 mg - Ambien 10 mg - Best Global Meds","isPartOf":{"@id":"https:\/\/medicinasinc.com\/it\/#website"},"primaryImageOfPage":{"@id":"https:\/\/medicinasinc.com\/it\/product\/comprare-ambien-10-mg\/#primaryimage"},"image":{"@id":"https:\/\/medicinasinc.com\/it\/product\/comprare-ambien-10-mg\/#primaryimage"},"thumbnailUrl":"https:\/\/medicinasinc.com\/it\/wp-content\/uploads\/sites\/4\/2022\/02\/Buy-Ambien-10mg.jpg","datePublished":"2022-02-20T20:42:48+00:00","dateModified":"2022-03-17T00:27:20+00:00","description":"Acquista Ambien 10 mg, Ambien, Zolpidem, ambien\u00a010mg, Zolpidem Tartrate, acquista sonniferi online, acquista anti-ansia online, antidepressivi,\u00a0acquista ambien\u00a0senza prescrizione medica.","breadcrumb":{"@id":"https:\/\/medicinasinc.com\/it\/product\/comprare-ambien-10-mg\/#breadcrumb"},"inLanguage":"it-IT","potentialAction":[{"@type":"ReadAction","target":["https:\/\/medicinasinc.com\/it\/product\/comprare-ambien-10-mg\/"]}]},{"@type":"ImageObject","inLanguage":"it-IT","@id":"https:\/\/medicinasinc.com\/it\/product\/comprare-ambien-10-mg\/#primaryimage","url":"https:\/\/medicinasinc.com\/it\/wp-content\/uploads\/sites\/4\/2022\/02\/Buy-Ambien-10mg.jpg","contentUrl":"https:\/\/medicinasinc.com\/it\/wp-content\/uploads\/sites\/4\/2022\/02\/Buy-Ambien-10mg.jpg","width":225,"height":225},{"@type":"BreadcrumbList","@id":"https:\/\/medicinasinc.com\/it\/product\/comprare-ambien-10-mg\/#breadcrumb","itemListElement":[{"@type":"ListItem","position":1,"name":"Negozio","item":"https:\/\/medicinasinc.com\/it\/negozio\/"},{"@type":"ListItem","position":2,"name":"Acquista Ambiente 10 mg"}]},{"@type":"WebSite","@id":"https:\/\/medicinasinc.com\/it\/#website","url":"https:\/\/medicinasinc.com\/it\/","name":"Medicinas Inc","description":"Health Medical Clinic","potentialAction":[{"@type":"SearchAction","target":{"@type":"EntryPoint","urlTemplate":"https:\/\/medicinasinc.com\/it\/?s={search_term_string}"},"query-input":{"@type":"PropertyValueSpecification","valueRequired":true,"valueName":"search_term_string"}}],"inLanguage":"it-IT"}]}},"_links":{"self":[{"href":"https:\/\/medicinasinc.com\/it\/wp-json\/wp\/v2\/product\/5124","targetHints":{"allow":["GET"]}}],"collection":[{"href":"https:\/\/medicinasinc.com\/it\/wp-json\/wp\/v2\/product"}],"about":[{"href":"https:\/\/medicinasinc.com\/it\/wp-json\/wp\/v2\/types\/product"}],"replies":[{"embeddable":true,"href":"https:\/\/medicinasinc.com\/it\/wp-json\/wp\/v2\/comments?post=5124"}],"wp:featuredmedia":[{"embeddable":true,"href":"https:\/\/medicinasinc.com\/it\/wp-json\/wp\/v2\/media\/5142"}],"wp:attachment":[{"href":"https:\/\/medicinasinc.com\/it\/wp-json\/wp\/v2\/media?parent=5124"}],"wp:term":[{"taxonomy":"product_brand","embeddable":true,"href":"https:\/\/medicinasinc.com\/it\/wp-json\/wp\/v2\/product_brand?post=5124"},{"taxonomy":"product_cat","embeddable":true,"href":"https:\/\/medicinasinc.com\/it\/wp-json\/wp\/v2\/product_cat?post=5124"},{"taxonomy":"product_tag","embeddable":true,"href":"https:\/\/medicinasinc.com\/it\/wp-json\/wp\/v2\/product_tag?post=5124"}],"curies":[{"name":"wp","href":"https:\/\/api.w.org\/{rel}","templated":true}]}}