{"id":5123,"date":"2022-02-20T20:39:42","date_gmt":"2022-02-20T20:39:42","guid":{"rendered":"https:\/\/medicinasinc.com\/it\/?post_type=product&#038;p=5123"},"modified":"2022-03-17T00:27:36","modified_gmt":"2022-03-17T00:27:36","slug":"buy-alprox-2mg-xanax","status":"publish","type":"product","link":"https:\/\/medicinasinc.com\/it\/product\/buy-alprox-2mg-xanax\/","title":{"rendered":"Acquista Alprox 2mg (Xanax)"},"content":{"rendered":"<p>Stai cercando XANAX 2mg in vendita a un prezzo ragionevole? Approfitta delle tariffe basse di Best Global Meds e della consegna rapida di XANAX 2mg a casa tua!<\/p>\n<p>Nel Regno Unito, puoi acquistare Alprazolam online. Regno Unito\/UE Marchio di Alprazolam (Xanax) 2 mg&#8230; La compressa da 2 mg di farmaci ansiolitici \u00e8 pi\u00f9 forte nel Regno Unito.<\/p>\n<p>Dove posso acquistare Xanax online? Dove posso acquistare Xanax 2MG online? Dove posso acquistare Xanax 1MG online?<\/p>\n<p>Gli effetti sedativi e sedativi sono possibili con Xanax.<\/p>\n<p>Xanax 2Mg Acquista online nel Regno Unito \u00c8 convulso vedere Ordinare Xanax durante la notte morfologicamente. Waxier Wilburn sfida l&#8217;acquisto di Xanax online Reddit subtilizzando l&#8217;offerta in un modo pi\u00f9 esigente.<\/p>\n<p>Xanax senza prescrizione medica pu\u00f2 essere acquistato a buon mercato online. Dove posso acquistare la fentermina sfusa al prezzo pi\u00f9 basso? Immagini di generici xanax da 2 mg<\/p>\n<p>Questo farmaco \u00e8 usato per trattare i disturbi di panico e i disturbi d&#8217;ansia come la paura e la tensione intense inaspettate causate dallo stress. Alprazolam \u00e8 0,5 MG, 1 MG, 2 MG compressa. \u00c8 meglio iniziare con una dose bassa e arrivare a una pi\u00f9 grande. Per evitare sintomi di astinenza come convulsioni, comportamento aggressivo, visione offuscata, ecc. se interrompe improvvisamente l&#8217;assunzione di questo farmaco.<\/p>\n<p>Alprazolam 0,5 MG Tablet pu\u00f2 essere assunto con o senza cibo, in base alle proprie preferenze. Non superare la dose raccomandata. Se noti effetti collaterali, fissa subito un appuntamento con il tuo medico. Per evitare qualsiasi sintomo di astinenza, non interrompere l&#8217;assunzione del farmaco senza aver prima visitato il medico!<\/p>\n<p>Cosa \u00e8 coinvolto nel processo<br \/> L&#8217;iperpolarizzazione e la stabilit\u00e0 della membrana neuronale si ottengono entrambe attraverso l&#8217;interazione di questo farmaco con il cloruro canali, che impedisce l&#8217;eccitazione cellulare aggiuntiva.<\/p>\n","protected":false},"excerpt":{"rendered":"<p>Le pillole di Alprox 2mg possono essere acquistate online (Xanax). Che cos&#8217;\u00e8 Alprox 2 mg? \u00c8 possibile acquistarlo online? Alprox 2mg \u00e8 disponibile al banco?<\/p>\n<p>Acquista Alprazolam Xanax 2 mg Tablet nel Regno Unito e in Europa presso la nostra farmacia online Best Global con consegna globale rapida! Scoprirai i migliori prezzi delle compresse di Alprazolam 2 MG proprio qui!<\/p>\n<p>La compressa di Xanax 2 mg \u00e8 usata per trattare i disturbi di panico e l&#8217;ansia, come il terrore intenso e inaspettato e la tensione causata dallo stress. Acquista Xanax 2 mg compressa. \u00c8 meglio iniziare con una dose bassa e arrivare a una pi\u00f9 grande. Se interrompe improvvisamente l&#8217;assunzione di questo farmaco, possono verificarsi sintomi da astinenza tra cui convulsioni, comportamento aggressivo, visione offuscata e altro ancora.<\/p>\n","protected":false},"featured_media":5140,"comment_status":"open","ping_status":"closed","template":"","meta":[],"product_brand":[],"product_cat":[703],"product_tag":[1189,1125,1126,1127,1129,1151,1132,1133,1134,1145,1180,1131,1139,1140,1141,1166,1149,1143,1178,1146,1147,1184,1187,1150,1142,1144,1153,1156,1157,1158,1159,1162,1163,1164,1165,1130,1168,1169,1136,1171,1182,1167,1193,1135,1172,1173,1174,1175,1138,1137,1148,1194,1183,1176,1177,1179,1192,1170,1185,1186,1188,1152,1154,1128,1155,1181,1190,1191,1160,1161],"class_list":{"0":"post-5123","1":"product","2":"type-product","3":"status-publish","4":"has-post-thumbnail","6":"product_cat-compra-droghe-psichedeliche","7":"product_tag-acquisto-alprazolam-online","8":"product_tag-alprazolam-25","9":"product_tag-alprazolam-25-for-cats","10":"product_tag-alprazolam-0-25-mg","11":"product_tag-alprazolam-1mg-blu","12":"product_tag-alprazolam-a-cosa-serve","13":"product_tag-alprazolam-blue","14":"product_tag-alprazolam-blue-pill","15":"product_tag-alprazolam-bottle","16":"product_tag-alprazolam-dal-messico","17":"product_tag-greenstone-alprazolam","18":"product_tag-alprazolam-e-alcol","19":"product_tag-alprazolam-efectos-secundarios","20":"product_tag-alprazolam-for-dogs","21":"product_tag-alprazolam-for-dogs-online","22":"product_tag-alprazolam-giallo","23":"product_tag-alprazolam-in-linea","24":"product_tag-alprazolam-in-vendita","25":"product_tag-influenza-alprazolam","26":"product_tag-alprazolam-intensol","27":"product_tag-alprazolam-interactions","28":"product_tag-liquido-alprazolam","29":"product_tag-messicano-alprazolam-2mg","30":"product_tag-alprazolam-para-dormir","31":"product_tag-alprazolam-per-cani-effetti-collaterali","32":"product_tag-alprazolam-per-sonno","33":"product_tag-alprazolam-powder-for-sale","34":"product_tag-alprazolam-psychonaut","35":"product_tag-alprazolam-refill-rules","36":"product_tag-alprazolam-reviews","37":"product_tag-alprazolam-synthesis","38":"product_tag-alprazolam-vs-clonazepam","39":"product_tag-alprazolam-vs-lorazepam","40":"product_tag-alprazolam-xanax","41":"product_tag-alprazolam-xr","42":"product_tag-alprazolam-2mg-barrette","43":"product_tag-buy-alprazolam-online","44":"product_tag-buying-alprazolam","45":"product_tag-alprazolam-cani","46":"product_tag-clonazepam-vs-alprazolam","47":"product_tag-come-acquistare-alprazolam-online","48":"product_tag-comprare-alprazolam","49":"product_tag-cosa--alprazolam-usato-per-condividere","50":"product_tag-alprazolam-costo","51":"product_tag-diazepam-vs-alprazolam","52":"product_tag-differenza-tra-alprazolam-e-lorazepam","53":"product_tag-differenza-tra-lorazepam-e-alprazolam","54":"product_tag-doctors-that-prescribe-alprazolam-near-me","55":"product_tag-alprazolam-dose-per-sonno-profondo","56":"product_tag-alprazolam-dose-per-cani","57":"product_tag-alprazolam-dose-rilassante-muscolare","58":"product_tag-dove-acquistare-alprazolam-online","59":"product_tag--alprazolam-una-sostanza-controllata","60":"product_tag-farmapram-alprazolam","61":"product_tag-farmapram-alprazolam-2mg","62":"product_tag-flualprazolam-vs-alprazolam","63":"product_tag-il-miglior-posto-per-acquistare-alprazolam-online","64":"product_tag-can-alprazolam-get-you-high","65":"product_tag-lorazepam-vs-alprazolam","66":"product_tag-lorazepam-vs-alprazolam-reddit","67":"product_tag-ordine-alprazolam-online","68":"product_tag-polvere-di-alprazolam","69":"product_tag-alprazolam-prezzo","70":"product_tag-alprazolam-0-5-mg-prezzo","71":"product_tag-pronuncia-alprazolam","72":"product_tag-per-quanto-tempo-alprazolam-ultimo-nelle-urina-reddit","73":"product_tag-sandoz-alprazolam","74":"product_tag-snort-alprazolam","75":"product_tag-alprazolam-tempo-rilevamento-urina","76":"product_tag-uso-di-alprazolam","78":"first","79":"instock","80":"shipping-taxable","81":"purchasable","82":"product-type-variable"},"yoast_head":"<!-- This site is optimized with the Yoast SEO plugin v27.2 - https:\/\/yoast.com\/product\/yoast-seo-wordpress\/ -->\n<title>Acquista Alprox 2mg (Xanax) - Ordina Xanax - I migliori farmaci globali migliori<\/title>\n<meta name=\"description\" content=\"Acquista online le pillole Alprox 2mg (Xanax). acquistare Alprox online, Alprox online, acquistare online alprox, acquistare xanax, acquistare Alprazolam Xanax 2 mg Tablet Regno Unito, Europa\" \/>\n<meta name=\"robots\" content=\"index, follow, max-snippet:-1, max-image-preview:large, max-video-preview:-1\" \/>\n<link rel=\"canonical\" href=\"https:\/\/medicinasinc.com\/it\/product\/buy-alprox-2mg-xanax\/\" \/>\n<meta property=\"og:locale\" content=\"it_IT\" \/>\n<meta property=\"og:type\" content=\"article\" \/>\n<meta property=\"og:title\" content=\"Acquista Alprox 2mg (Xanax) - Ordina Xanax - I migliori farmaci globali migliori\" \/>\n<meta property=\"og:description\" content=\"Acquista online le pillole Alprox 2mg (Xanax). acquistare Alprox online, Alprox online, acquistare online alprox, acquistare xanax, acquistare Alprazolam Xanax 2 mg Tablet Regno Unito, Europa\" \/>\n<meta property=\"og:url\" content=\"https:\/\/medicinasinc.com\/it\/product\/buy-alprox-2mg-xanax\/\" \/>\n<meta property=\"og:site_name\" content=\"Medicinas Inc\" \/>\n<meta property=\"article:modified_time\" content=\"2022-03-17T00:27:36+00:00\" \/>\n<meta property=\"og:image\" content=\"https:\/\/medicinasinc.com\/it\/wp-content\/uploads\/sites\/4\/2022\/02\/Buy-Alprox-2mg.jpg\" \/>\n\t<meta property=\"og:image:width\" content=\"600\" \/>\n\t<meta property=\"og:image:height\" content=\"600\" \/>\n\t<meta property=\"og:image:type\" content=\"image\/jpeg\" \/>\n<meta name=\"twitter:card\" content=\"summary_large_image\" \/>\n<meta name=\"twitter:label1\" content=\"Tempo di lettura stimato\" \/>\n\t<meta name=\"twitter:data1\" content=\"2 minuti\" \/>\n<script type=\"application\/ld+json\" class=\"yoast-schema-graph\">{\"@context\":\"https:\/\/schema.org\",\"@graph\":[{\"@type\":\"WebPage\",\"@id\":\"https:\/\/medicinasinc.com\/it\/product\/buy-alprox-2mg-xanax\/\",\"url\":\"https:\/\/medicinasinc.com\/it\/product\/buy-alprox-2mg-xanax\/\",\"name\":\"Acquista Alprox 2mg (Xanax) - Ordina Xanax - I migliori farmaci globali migliori\",\"isPartOf\":{\"@id\":\"https:\/\/medicinasinc.com\/it\/#website\"},\"primaryImageOfPage\":{\"@id\":\"https:\/\/medicinasinc.com\/it\/product\/buy-alprox-2mg-xanax\/#primaryimage\"},\"image\":{\"@id\":\"https:\/\/medicinasinc.com\/it\/product\/buy-alprox-2mg-xanax\/#primaryimage\"},\"thumbnailUrl\":\"https:\/\/medicinasinc.com\/it\/wp-content\/uploads\/sites\/4\/2022\/02\/Buy-Alprox-2mg.jpg\",\"datePublished\":\"2022-02-20T20:39:42+00:00\",\"dateModified\":\"2022-03-17T00:27:36+00:00\",\"description\":\"Acquista online le pillole Alprox 2mg (Xanax). acquistare Alprox online, Alprox online, acquistare online alprox, acquistare xanax, acquistare Alprazolam Xanax 2 mg Tablet Regno Unito, Europa\",\"breadcrumb\":{\"@id\":\"https:\/\/medicinasinc.com\/it\/product\/buy-alprox-2mg-xanax\/#breadcrumb\"},\"inLanguage\":\"it-IT\",\"potentialAction\":[{\"@type\":\"ReadAction\",\"target\":[\"https:\/\/medicinasinc.com\/it\/product\/buy-alprox-2mg-xanax\/\"]}]},{\"@type\":\"ImageObject\",\"inLanguage\":\"it-IT\",\"@id\":\"https:\/\/medicinasinc.com\/it\/product\/buy-alprox-2mg-xanax\/#primaryimage\",\"url\":\"https:\/\/medicinasinc.com\/it\/wp-content\/uploads\/sites\/4\/2022\/02\/Buy-Alprox-2mg.jpg\",\"contentUrl\":\"https:\/\/medicinasinc.com\/it\/wp-content\/uploads\/sites\/4\/2022\/02\/Buy-Alprox-2mg.jpg\",\"width\":600,\"height\":600},{\"@type\":\"BreadcrumbList\",\"@id\":\"https:\/\/medicinasinc.com\/it\/product\/buy-alprox-2mg-xanax\/#breadcrumb\",\"itemListElement\":[{\"@type\":\"ListItem\",\"position\":1,\"name\":\"Negozio\",\"item\":\"https:\/\/medicinasinc.com\/it\/negozio\/\"},{\"@type\":\"ListItem\",\"position\":2,\"name\":\"Acquista Alprox 2mg (Xanax)\"}]},{\"@type\":\"WebSite\",\"@id\":\"https:\/\/medicinasinc.com\/it\/#website\",\"url\":\"https:\/\/medicinasinc.com\/it\/\",\"name\":\"Medicinas Inc\",\"description\":\"Health Medical Clinic\",\"potentialAction\":[{\"@type\":\"SearchAction\",\"target\":{\"@type\":\"EntryPoint\",\"urlTemplate\":\"https:\/\/medicinasinc.com\/it\/?s={search_term_string}\"},\"query-input\":{\"@type\":\"PropertyValueSpecification\",\"valueRequired\":true,\"valueName\":\"search_term_string\"}}],\"inLanguage\":\"it-IT\"}]}<\/script>\n<!-- \/ Yoast SEO plugin. -->","yoast_head_json":{"title":"Acquista Alprox 2mg (Xanax) - Ordina Xanax - I migliori farmaci globali migliori","description":"Acquista online le pillole Alprox 2mg (Xanax). acquistare Alprox online, Alprox online, acquistare online alprox, acquistare xanax, acquistare Alprazolam Xanax 2 mg Tablet Regno Unito, Europa","robots":{"index":"index","follow":"follow","max-snippet":"max-snippet:-1","max-image-preview":"max-image-preview:large","max-video-preview":"max-video-preview:-1"},"canonical":"https:\/\/medicinasinc.com\/it\/product\/buy-alprox-2mg-xanax\/","og_locale":"it_IT","og_type":"article","og_title":"Acquista Alprox 2mg (Xanax) - Ordina Xanax - I migliori farmaci globali migliori","og_description":"Acquista online le pillole Alprox 2mg (Xanax). acquistare Alprox online, Alprox online, acquistare online alprox, acquistare xanax, acquistare Alprazolam Xanax 2 mg Tablet Regno Unito, Europa","og_url":"https:\/\/medicinasinc.com\/it\/product\/buy-alprox-2mg-xanax\/","og_site_name":"Medicinas Inc","article_modified_time":"2022-03-17T00:27:36+00:00","og_image":[{"width":600,"height":600,"url":"https:\/\/medicinasinc.com\/it\/wp-content\/uploads\/sites\/4\/2022\/02\/Buy-Alprox-2mg.jpg","type":"image\/jpeg"}],"twitter_card":"summary_large_image","twitter_misc":{"Tempo di lettura stimato":"2 minuti"},"schema":{"@context":"https:\/\/schema.org","@graph":[{"@type":"WebPage","@id":"https:\/\/medicinasinc.com\/it\/product\/buy-alprox-2mg-xanax\/","url":"https:\/\/medicinasinc.com\/it\/product\/buy-alprox-2mg-xanax\/","name":"Acquista Alprox 2mg (Xanax) - Ordina Xanax - I migliori farmaci globali migliori","isPartOf":{"@id":"https:\/\/medicinasinc.com\/it\/#website"},"primaryImageOfPage":{"@id":"https:\/\/medicinasinc.com\/it\/product\/buy-alprox-2mg-xanax\/#primaryimage"},"image":{"@id":"https:\/\/medicinasinc.com\/it\/product\/buy-alprox-2mg-xanax\/#primaryimage"},"thumbnailUrl":"https:\/\/medicinasinc.com\/it\/wp-content\/uploads\/sites\/4\/2022\/02\/Buy-Alprox-2mg.jpg","datePublished":"2022-02-20T20:39:42+00:00","dateModified":"2022-03-17T00:27:36+00:00","description":"Acquista online le pillole Alprox 2mg (Xanax). acquistare Alprox online, Alprox online, acquistare online alprox, acquistare xanax, acquistare Alprazolam Xanax 2 mg Tablet Regno Unito, Europa","breadcrumb":{"@id":"https:\/\/medicinasinc.com\/it\/product\/buy-alprox-2mg-xanax\/#breadcrumb"},"inLanguage":"it-IT","potentialAction":[{"@type":"ReadAction","target":["https:\/\/medicinasinc.com\/it\/product\/buy-alprox-2mg-xanax\/"]}]},{"@type":"ImageObject","inLanguage":"it-IT","@id":"https:\/\/medicinasinc.com\/it\/product\/buy-alprox-2mg-xanax\/#primaryimage","url":"https:\/\/medicinasinc.com\/it\/wp-content\/uploads\/sites\/4\/2022\/02\/Buy-Alprox-2mg.jpg","contentUrl":"https:\/\/medicinasinc.com\/it\/wp-content\/uploads\/sites\/4\/2022\/02\/Buy-Alprox-2mg.jpg","width":600,"height":600},{"@type":"BreadcrumbList","@id":"https:\/\/medicinasinc.com\/it\/product\/buy-alprox-2mg-xanax\/#breadcrumb","itemListElement":[{"@type":"ListItem","position":1,"name":"Negozio","item":"https:\/\/medicinasinc.com\/it\/negozio\/"},{"@type":"ListItem","position":2,"name":"Acquista Alprox 2mg (Xanax)"}]},{"@type":"WebSite","@id":"https:\/\/medicinasinc.com\/it\/#website","url":"https:\/\/medicinasinc.com\/it\/","name":"Medicinas Inc","description":"Health Medical Clinic","potentialAction":[{"@type":"SearchAction","target":{"@type":"EntryPoint","urlTemplate":"https:\/\/medicinasinc.com\/it\/?s={search_term_string}"},"query-input":{"@type":"PropertyValueSpecification","valueRequired":true,"valueName":"search_term_string"}}],"inLanguage":"it-IT"}]}},"_links":{"self":[{"href":"https:\/\/medicinasinc.com\/it\/wp-json\/wp\/v2\/product\/5123","targetHints":{"allow":["GET"]}}],"collection":[{"href":"https:\/\/medicinasinc.com\/it\/wp-json\/wp\/v2\/product"}],"about":[{"href":"https:\/\/medicinasinc.com\/it\/wp-json\/wp\/v2\/types\/product"}],"replies":[{"embeddable":true,"href":"https:\/\/medicinasinc.com\/it\/wp-json\/wp\/v2\/comments?post=5123"}],"wp:featuredmedia":[{"embeddable":true,"href":"https:\/\/medicinasinc.com\/it\/wp-json\/wp\/v2\/media\/5140"}],"wp:attachment":[{"href":"https:\/\/medicinasinc.com\/it\/wp-json\/wp\/v2\/media?parent=5123"}],"wp:term":[{"taxonomy":"product_brand","embeddable":true,"href":"https:\/\/medicinasinc.com\/it\/wp-json\/wp\/v2\/product_brand?post=5123"},{"taxonomy":"product_cat","embeddable":true,"href":"https:\/\/medicinasinc.com\/it\/wp-json\/wp\/v2\/product_cat?post=5123"},{"taxonomy":"product_tag","embeddable":true,"href":"https:\/\/medicinasinc.com\/it\/wp-json\/wp\/v2\/product_tag?post=5123"}],"curies":[{"name":"wp","href":"https:\/\/api.w.org\/{rel}","templated":true}]}}