{"id":5122,"date":"2022-02-20T20:38:15","date_gmt":"2022-02-20T20:38:15","guid":{"rendered":"https:\/\/medicinasinc.com\/it\/?post_type=product&#038;p=5122"},"modified":"2022-03-17T00:27:47","modified_gmt":"2022-03-17T00:27:47","slug":"buy-adderall-30-mg","status":"publish","type":"product","link":"https:\/\/medicinasinc.com\/it\/product\/buy-adderall-30-mg\/","title":{"rendered":"Acquista Adderall 30 mg"},"content":{"rendered":"<p>Acquista Adderall 30mg pillole orali online utilizzando Bitcoin. Inoltre, \u00e8 usato per trattare il disturbo da deficit di attenzione e iperattivit\u00e0 (ADHD) e la narcolessia.<\/p>\n<p>Acquista Adderall 30 mg online con consegna globale veloce dalla nostra farmacia online Global Med! Qui troverai il miglior Adderall 30 mg da acquistare!<\/p>\n<p>Adderall 30 MG \u00e8 un farmaco da prescrizione che viene creato mescolando e destroanfetamina. Questi due componenti agiscono come i principali stimolanti del sistema nervoso. Inoltre, questi stimolanti hanno un effetto sulle sostanze chimiche e sui neuroni del cervello che regolano l&#8217;impulso e l&#8217;iperattivit\u00e0. Il farmaco \u00e8 usato principalmente per trattare la narcolessia e il disturbo da deficit di attenzione e iperattivit\u00e0 (ADHD). Il consumo \u00e8 consentito in un numero limitato di nazioni, vale a dire Canada e Stati Uniti.<\/p>\n<p>Il problema pi\u00f9 grave con l&#8217;acquisto di Adderall 30Mg online \u00e8 questa parola che inizia con W<\/p>\n<p>Ogni figlia o il ragazzo \u00e8 nato con una memoria piuttosto buona.<\/p>\n<p>Acquista Adderall 30mg. Non \u00e8 richiesta la prescrizione. La spedizione \u00e8 completamente sicura e discreta. La consegna \u00e8 disponibile durante la notte. Soldi garantiti rimborsati.<\/p>\n<p>Puoi acquistare le pillole Adderall senza prescrizione online, adderall su pc aperto e posso acquistare Adderall online.<\/p>\n<p>Precauzioni di dosaggio:<\/p>\n<p> Sebbene una persona possa richiedere Adderall XR, dovrebbe visitare un medico prima della prima dose se ha una tiroide iperattiva, ipertensione da moderata a grave, glaucoma, qualsiasi disturbo cardiaco o in precedenza era un tossicodipendente o alcolizzato. Inoltre, le persone sono invitate a non abusare del dosaggio del farmaco, poich\u00e9 ci\u00f2 potrebbe causare gravi effetti negativi al cuore o, nel peggiore dei casi, la morte.<\/p>\n<p>Risultato positivo:<\/p>\n<p>Come con qualsiasi sostanza, mangiarla ha una serie di effetti, sia positivi che negativi. Inoltre, Adderall 30 MG ha. \u00c8 stato notato che utilizzarlo per un periodo di tempo pi\u00f9 breve come consigliato da un medico ha un effetto benefico sulla salute di una persona prevenendo i sintomi dell&#8217;ADHD. Ci\u00f2 si verifica per i seguenti motivi:<\/p>\n<p>Aumenta i livelli di neurotrasmettitori come la dopamina e la noradrenalina nel nostro cervello. Inoltre, questi composti specifici nel cervello servono a migliorare i livelli di energia, la vigilanza e la concentrazione.<br \/> Il farmaco pu\u00f2 accelerare la frequenza cardiaca e sostenere l&#8217;afflusso di sangue ai muscoli.<br \/> L&#8217;uso coerente come prescritto dai medici pu\u00f2 comportano un aumento di energia e vigore, che \u00e8 considerato paragonabile al consumo di cocaina.<br \/> Risultato negativo:<\/p>\n<p>A causa del fatto che Adderall 30 MG \u00e8 un farmaco altamente sensibile, consumandolo senza il medico la prescrizione pu\u00f2 avere un effetto negativo sulla salute.<\/p>\n<p>Irritabilit\u00e0<br \/> Riduzione del peso dannosa per la salute a causa della soppressione dell&#8217;appetito<br \/> Insonnia e disturbi del sonno<br \/> Gravi complicazioni cardiache<\/p>\n<p>&nbsp;<\/p>\n<p>&nbsp;<\/p>\n<p>&nbsp;<\/p>\n<p>In caso di abuso:<\/p>\n<p>I medici hanno sempre consigliato pazienti a usare i farmaci con cautela e se Adderall 30 MG \u00e8 stato abusato, si \u00e8 verificato un aumento dei livelli di energia e un forte rinvigorimento. Inoltre, l&#8217;uso eccessivo di quest&#8217;ultima sostanza pu\u00f2 causare sintomi spiacevoli come:<\/p>\n<p>Ridotta attenzione su compiti specifici<br \/> Depressione e lentezza<br \/> Tieni a mente questi punti di fatica:<\/p>\n<p>Inoltre, ci sono alcuni elementi da considerare prima di utilizzare Adderall 30 MG.<\/p>\n<p>I ricercatori hanno consigliato alle persone di non ingerirlo se avevano assunto inibitori delle MAO come linezolid, iniezione di blu di metilene, isocarbossazide o rasagilina nei 14 giorni precedenti, poich\u00e9 ci\u00f2 potrebbe comportare una grave interazione farmacologica, sicuramente dannosa per la salute.<\/p>\n<p>Inoltre, una persona allergica ai farmaci stimolanti dovrebbe evitarla, o se sta gi\u00e0 affrontando il seguenti:<\/p>\n<p>Qualsiasi malattia coronarica o cardiaca grave<br \/> Ipertensione (da normale ad alta)<br \/> Ansia e stress ai massimi storici<br \/> Dipendenza da droghe o alcol<br \/> E se qualcuno fosse dipendente da Adderall XR?<\/p>\n<p>La dipendenza da una tale sostanza pu\u00f2 manifestarsi in due modi: psicologicamente e fisicamente.<\/p>\n<p>Se una persona la assume quotidianamente e si radica nella sua vita, svilupper\u00e0 una dipendenza psicologica o dipendenza da esso. Inoltre, limitarne l&#8217;accesso per qualsiasi motivo potrebbe essere doloroso e le persone mentalmente dipendenti avrebbero stress o mal di testa regolari.<\/p>\n<p>Inoltre, per le persone mentalmente dipendenti, il consumo aumenta spesso a livelli pericolosi e sono costretti a continuare a berlo anche a rischio della propria vita. Tuttavia, in questo caso \u00e8 disponibile una cura. Questo modello comportamentale pu\u00f2 essere alterato attraverso il trattamento psichiatrico. Secondo gli specialisti, una terapia chiamata terapia cognitivo comportamentale pu\u00f2 essere utile.<\/p>\n<p>In secondo luogo, quando una persona \u00e8 abituata ad avere un livello pi\u00f9 elevato di dopamina disponibile nel cervello, la riduzione di Adderall XR pu\u00f2 comportare una diminuzione della dopamina livelli, risultando in quanto segue:<\/p>\n<p>&nbsp;<\/p>\n<p>Depressione o esaurimento<br \/> Dormire in modo innaturale o rimanere svegli per periodi di tempo insolitamente lunghi<\/p>\n<p>\u00c8 necessario sottolineare qui che la dipendenza fisica pu\u00f2 suscitare l&#8217;impulso a consumare pi\u00f9 sostanza al fine di mantenere la soddisfazione, il che pu\u00f2 comportare una serie di effetti avversi e sovradosaggio.<\/p>\n<p>Tuttavia, ingerirli solo sotto la guida di esperti o con la massima prudenza pu\u00f2 proteggere le persone da conseguenze negative.<\/p>\n","protected":false},"excerpt":{"rendered":"<p>Acquista Adderall 30 mg nel Regno Unito e in Europa dalla nostra farmacia online Best Global Meds con consegna internazionale rapida! Troverai il miglior Adderall 30 mg per l&#8217;acquisto qui!<\/p>\n<p>Acquista Adderall 30mg online. Acquista Adderall 30 mg online da uno dei pi\u00f9 grandi commercianti online al miglior prezzo. Adderall \u00e8 anche noto come anfetamina e destroanfetamina ed \u00e8 usato per trattare il disturbo da deficit di attenzione e iperattivit\u00e0 (ADHD) (disturbo da deficit di attenzione e iperattivit\u00e0).<\/p>\n<p>Adderall 30 MG \u00e8 un farmaco da prescrizione che viene creato mescolando e destroanfetamina. Questi due componenti agiscono come i principali stimolanti del sistema nervoso. Inoltre, questi stimolanti hanno un effetto sulle sostanze chimiche e sui neuroni del cervello che regolano l&#8217;impulso e l&#8217;iperattivit\u00e0.<\/p>\n","protected":false},"featured_media":5138,"comment_status":"open","ping_status":"closed","template":"","meta":[],"product_brand":[],"product_cat":[1117],"product_tag":[1122,1119,1120,1124,1123,1121,1118],"class_list":{"0":"post-5122","1":"product","2":"type-product","3":"status-publish","4":"has-post-thumbnail","6":"product_cat-comprare-pillole-sesso-dolore-per-dormire","7":"product_tag-acquisto-adderall-30-mg-online","8":"product_tag-compra-adderall-30-mg-online","9":"product_tag-come-acquistare-adderall-30-mg-online","10":"product_tag-dove-acquistare-adderall-30-mg-online","11":"product_tag-il-miglior-posto-per-acquistare-adderall-30-mg-online","12":"product_tag-order-adderall-30-mg-online","13":"product_tag-adderall-30-mg-in-vendita","15":"first","16":"instock","17":"shipping-taxable","18":"purchasable","19":"product-type-variable","20":"has-default-attributes"},"yoast_head":"<!-- This site is optimized with the Yoast SEO plugin v27.3 - https:\/\/yoast.com\/product\/yoast-seo-wordpress\/ -->\n<title>Acquista Adderall 30 mg - Adderall 30 mg - Best Global Meds<\/title>\n<meta name=\"description\" content=\"Acquista online le pillole Adderall 30mg. Acquista Adderall online 30 mg di uno dei migliori rivenditori online al miglior prezzo. Adderall \u00e8 anche noto come anfetamina e destroanfetamina utilizzati per il trattamento dell&#039;ADHD (disturbo da deficit di attenzione e iperattivit\u00e0).\" \/>\n<meta name=\"robots\" content=\"index, follow, max-snippet:-1, max-image-preview:large, max-video-preview:-1\" \/>\n<link rel=\"canonical\" href=\"https:\/\/medicinasinc.com\/it\/product\/buy-adderall-30-mg\/\" \/>\n<meta property=\"og:locale\" content=\"it_IT\" \/>\n<meta property=\"og:type\" content=\"article\" \/>\n<meta property=\"og:title\" content=\"Acquista Adderall 30 mg - Adderall 30 mg - Best Global Meds\" \/>\n<meta property=\"og:description\" content=\"Acquista online le pillole Adderall 30mg. Acquista Adderall online 30 mg di uno dei migliori rivenditori online al miglior prezzo. Adderall \u00e8 anche noto come anfetamina e destroanfetamina utilizzati per il trattamento dell&#039;ADHD (disturbo da deficit di attenzione e iperattivit\u00e0).\" \/>\n<meta property=\"og:url\" content=\"https:\/\/medicinasinc.com\/it\/product\/buy-adderall-30-mg\/\" \/>\n<meta property=\"og:site_name\" content=\"Medicinas Inc\" \/>\n<meta property=\"article:modified_time\" content=\"2022-03-17T00:27:47+00:00\" \/>\n<meta property=\"og:image\" content=\"https:\/\/medicinasinc.com\/it\/wp-content\/uploads\/sites\/4\/2022\/02\/Buy-Adderall-30-MG.jpg\" \/>\n\t<meta property=\"og:image:width\" content=\"392\" \/>\n\t<meta property=\"og:image:height\" content=\"300\" \/>\n\t<meta property=\"og:image:type\" content=\"image\/jpeg\" \/>\n<meta name=\"twitter:card\" content=\"summary_large_image\" \/>\n<meta name=\"twitter:label1\" content=\"Tempo di lettura stimato\" \/>\n\t<meta name=\"twitter:data1\" content=\"4 minuti\" \/>\n<script type=\"application\/ld+json\" class=\"yoast-schema-graph\">{\"@context\":\"https:\\\/\\\/schema.org\",\"@graph\":[{\"@type\":\"WebPage\",\"@id\":\"https:\\\/\\\/medicinasinc.com\\\/it\\\/product\\\/buy-adderall-30-mg\\\/\",\"url\":\"https:\\\/\\\/medicinasinc.com\\\/it\\\/product\\\/buy-adderall-30-mg\\\/\",\"name\":\"Acquista Adderall 30 mg - Adderall 30 mg - Best Global Meds\",\"isPartOf\":{\"@id\":\"https:\\\/\\\/medicinasinc.com\\\/it\\\/#website\"},\"primaryImageOfPage\":{\"@id\":\"https:\\\/\\\/medicinasinc.com\\\/it\\\/product\\\/buy-adderall-30-mg\\\/#primaryimage\"},\"image\":{\"@id\":\"https:\\\/\\\/medicinasinc.com\\\/it\\\/product\\\/buy-adderall-30-mg\\\/#primaryimage\"},\"thumbnailUrl\":\"https:\\\/\\\/medicinasinc.com\\\/it\\\/wp-content\\\/uploads\\\/sites\\\/4\\\/2022\\\/02\\\/Buy-Adderall-30-MG.jpg\",\"datePublished\":\"2022-02-20T20:38:15+00:00\",\"dateModified\":\"2022-03-17T00:27:47+00:00\",\"description\":\"Acquista online le pillole Adderall 30mg. Acquista Adderall online 30 mg di uno dei migliori rivenditori online al miglior prezzo. Adderall \u00e8 anche noto come anfetamina e destroanfetamina utilizzati per il trattamento dell'ADHD (disturbo da deficit di attenzione e iperattivit\u00e0).\",\"breadcrumb\":{\"@id\":\"https:\\\/\\\/medicinasinc.com\\\/it\\\/product\\\/buy-adderall-30-mg\\\/#breadcrumb\"},\"inLanguage\":\"it-IT\",\"potentialAction\":[{\"@type\":\"ReadAction\",\"target\":[\"https:\\\/\\\/medicinasinc.com\\\/it\\\/product\\\/buy-adderall-30-mg\\\/\"]}]},{\"@type\":\"ImageObject\",\"inLanguage\":\"it-IT\",\"@id\":\"https:\\\/\\\/medicinasinc.com\\\/it\\\/product\\\/buy-adderall-30-mg\\\/#primaryimage\",\"url\":\"https:\\\/\\\/medicinasinc.com\\\/it\\\/wp-content\\\/uploads\\\/sites\\\/4\\\/2022\\\/02\\\/Buy-Adderall-30-MG.jpg\",\"contentUrl\":\"https:\\\/\\\/medicinasinc.com\\\/it\\\/wp-content\\\/uploads\\\/sites\\\/4\\\/2022\\\/02\\\/Buy-Adderall-30-MG.jpg\",\"width\":392,\"height\":300},{\"@type\":\"BreadcrumbList\",\"@id\":\"https:\\\/\\\/medicinasinc.com\\\/it\\\/product\\\/buy-adderall-30-mg\\\/#breadcrumb\",\"itemListElement\":[{\"@type\":\"ListItem\",\"position\":1,\"name\":\"Negozio\",\"item\":\"https:\\\/\\\/medicinasinc.com\\\/it\\\/negozio\\\/\"},{\"@type\":\"ListItem\",\"position\":2,\"name\":\"Acquista Adderall 30 mg\"}]},{\"@type\":\"WebSite\",\"@id\":\"https:\\\/\\\/medicinasinc.com\\\/it\\\/#website\",\"url\":\"https:\\\/\\\/medicinasinc.com\\\/it\\\/\",\"name\":\"Medicinas Inc\",\"description\":\"Health Medical Clinic\",\"potentialAction\":[{\"@type\":\"SearchAction\",\"target\":{\"@type\":\"EntryPoint\",\"urlTemplate\":\"https:\\\/\\\/medicinasinc.com\\\/it\\\/?s={search_term_string}\"},\"query-input\":{\"@type\":\"PropertyValueSpecification\",\"valueRequired\":true,\"valueName\":\"search_term_string\"}}],\"inLanguage\":\"it-IT\"}]}<\/script>\n<!-- \/ Yoast SEO plugin. -->","yoast_head_json":{"title":"Acquista Adderall 30 mg - Adderall 30 mg - Best Global Meds","description":"Acquista online le pillole Adderall 30mg. Acquista Adderall online 30 mg di uno dei migliori rivenditori online al miglior prezzo. Adderall \u00e8 anche noto come anfetamina e destroanfetamina utilizzati per il trattamento dell'ADHD (disturbo da deficit di attenzione e iperattivit\u00e0).","robots":{"index":"index","follow":"follow","max-snippet":"max-snippet:-1","max-image-preview":"max-image-preview:large","max-video-preview":"max-video-preview:-1"},"canonical":"https:\/\/medicinasinc.com\/it\/product\/buy-adderall-30-mg\/","og_locale":"it_IT","og_type":"article","og_title":"Acquista Adderall 30 mg - Adderall 30 mg - Best Global Meds","og_description":"Acquista online le pillole Adderall 30mg. Acquista Adderall online 30 mg di uno dei migliori rivenditori online al miglior prezzo. Adderall \u00e8 anche noto come anfetamina e destroanfetamina utilizzati per il trattamento dell'ADHD (disturbo da deficit di attenzione e iperattivit\u00e0).","og_url":"https:\/\/medicinasinc.com\/it\/product\/buy-adderall-30-mg\/","og_site_name":"Medicinas Inc","article_modified_time":"2022-03-17T00:27:47+00:00","og_image":[{"width":392,"height":300,"url":"https:\/\/medicinasinc.com\/it\/wp-content\/uploads\/sites\/4\/2022\/02\/Buy-Adderall-30-MG.jpg","type":"image\/jpeg"}],"twitter_card":"summary_large_image","twitter_misc":{"Tempo di lettura stimato":"4 minuti"},"schema":{"@context":"https:\/\/schema.org","@graph":[{"@type":"WebPage","@id":"https:\/\/medicinasinc.com\/it\/product\/buy-adderall-30-mg\/","url":"https:\/\/medicinasinc.com\/it\/product\/buy-adderall-30-mg\/","name":"Acquista Adderall 30 mg - Adderall 30 mg - Best Global Meds","isPartOf":{"@id":"https:\/\/medicinasinc.com\/it\/#website"},"primaryImageOfPage":{"@id":"https:\/\/medicinasinc.com\/it\/product\/buy-adderall-30-mg\/#primaryimage"},"image":{"@id":"https:\/\/medicinasinc.com\/it\/product\/buy-adderall-30-mg\/#primaryimage"},"thumbnailUrl":"https:\/\/medicinasinc.com\/it\/wp-content\/uploads\/sites\/4\/2022\/02\/Buy-Adderall-30-MG.jpg","datePublished":"2022-02-20T20:38:15+00:00","dateModified":"2022-03-17T00:27:47+00:00","description":"Acquista online le pillole Adderall 30mg. Acquista Adderall online 30 mg di uno dei migliori rivenditori online al miglior prezzo. Adderall \u00e8 anche noto come anfetamina e destroanfetamina utilizzati per il trattamento dell'ADHD (disturbo da deficit di attenzione e iperattivit\u00e0).","breadcrumb":{"@id":"https:\/\/medicinasinc.com\/it\/product\/buy-adderall-30-mg\/#breadcrumb"},"inLanguage":"it-IT","potentialAction":[{"@type":"ReadAction","target":["https:\/\/medicinasinc.com\/it\/product\/buy-adderall-30-mg\/"]}]},{"@type":"ImageObject","inLanguage":"it-IT","@id":"https:\/\/medicinasinc.com\/it\/product\/buy-adderall-30-mg\/#primaryimage","url":"https:\/\/medicinasinc.com\/it\/wp-content\/uploads\/sites\/4\/2022\/02\/Buy-Adderall-30-MG.jpg","contentUrl":"https:\/\/medicinasinc.com\/it\/wp-content\/uploads\/sites\/4\/2022\/02\/Buy-Adderall-30-MG.jpg","width":392,"height":300},{"@type":"BreadcrumbList","@id":"https:\/\/medicinasinc.com\/it\/product\/buy-adderall-30-mg\/#breadcrumb","itemListElement":[{"@type":"ListItem","position":1,"name":"Negozio","item":"https:\/\/medicinasinc.com\/it\/negozio\/"},{"@type":"ListItem","position":2,"name":"Acquista Adderall 30 mg"}]},{"@type":"WebSite","@id":"https:\/\/medicinasinc.com\/it\/#website","url":"https:\/\/medicinasinc.com\/it\/","name":"Medicinas Inc","description":"Health Medical Clinic","potentialAction":[{"@type":"SearchAction","target":{"@type":"EntryPoint","urlTemplate":"https:\/\/medicinasinc.com\/it\/?s={search_term_string}"},"query-input":{"@type":"PropertyValueSpecification","valueRequired":true,"valueName":"search_term_string"}}],"inLanguage":"it-IT"}]}},"_links":{"self":[{"href":"https:\/\/medicinasinc.com\/it\/wp-json\/wp\/v2\/product\/5122","targetHints":{"allow":["GET"]}}],"collection":[{"href":"https:\/\/medicinasinc.com\/it\/wp-json\/wp\/v2\/product"}],"about":[{"href":"https:\/\/medicinasinc.com\/it\/wp-json\/wp\/v2\/types\/product"}],"replies":[{"embeddable":true,"href":"https:\/\/medicinasinc.com\/it\/wp-json\/wp\/v2\/comments?post=5122"}],"wp:featuredmedia":[{"embeddable":true,"href":"https:\/\/medicinasinc.com\/it\/wp-json\/wp\/v2\/media\/5138"}],"wp:attachment":[{"href":"https:\/\/medicinasinc.com\/it\/wp-json\/wp\/v2\/media?parent=5122"}],"wp:term":[{"taxonomy":"product_brand","embeddable":true,"href":"https:\/\/medicinasinc.com\/it\/wp-json\/wp\/v2\/product_brand?post=5122"},{"taxonomy":"product_cat","embeddable":true,"href":"https:\/\/medicinasinc.com\/it\/wp-json\/wp\/v2\/product_cat?post=5122"},{"taxonomy":"product_tag","embeddable":true,"href":"https:\/\/medicinasinc.com\/it\/wp-json\/wp\/v2\/product_tag?post=5122"}],"curies":[{"name":"wp","href":"https:\/\/api.w.org\/{rel}","templated":true}]}}