{"id":5096,"date":"2022-02-20T20:15:06","date_gmt":"2022-02-20T20:15:06","guid":{"rendered":"https:\/\/medicinasinc.com\/it\/?post_type=product&#038;p=5096"},"modified":"2022-03-17T00:27:56","modified_gmt":"2022-03-17T00:27:56","slug":"ceppo-di-pompelmo-erbaccia","status":"publish","type":"product","link":"https:\/\/medicinasinc.com\/it\/product\/ceppo-di-pompelmo-erbaccia\/","title":{"rendered":"Ceppo di erba di pompelmo"},"content":{"rendered":"<p><strong>Acquisto online di marijuana di alta qualit\u00e0 al pompelmo<\/strong><\/p>\n<p>Il pompelmo \u00e8 una variet\u00e0 sativa quasi pura. \u00c8 stato creato incrociando Cinderella 99 con una sconosciuta sativa dal sapore di pompelmo. Questa non \u00e8 una variet\u00e0 di marijuana ricreativa; offre anche una pletora di caratteristiche mediche. Dopo qualche boccata, ti sentirai meno stressato, depresso e dolorante.<\/p>\n<p><strong>Sativa<\/strong>\u00a0\u2013 100%<\/p>\n<p><strong>THC<\/strong> &gt;: 17-20%<\/p>\n<h3><strong>Informazioni importanti sulla spedizione<\/strong><\/h3>\n<ul>\n<li><strong>Spedizione GRATUITA per ordini di almeno $ 175<\/strong><\/li>\n<li>Ci troviamo sulla costa occidentale del Canada<\/li>\n<li><strong>Gli ordini impiegheranno circa 3 giorni lavorativi per arrivare<\/strong>\u00a0dopo che Canada Post ha ricevuto il pacco *supponendo che non ci siano ritardi dal Canada Posta*<\/li>\n<li>I pacchi verranno spediti in base all&#8217;ora\u00a0<strong>in cui viene ricevuto il pagamento<\/strong>\u00a0NON al momento dell&#8217;ordine.<\/li>\n<li>Ordini con pagamento ricevuto tra le 00:00 PST e le 12:00 PST (da mezzanotte a mezzogiorno) verr\u00e0 spedito lo stesso giorno.<\/li>\n<li>Gli ordini con pagamento ricevuto dopo le 12 pm PST (mezzogiorno) verranno spediti il \u200b\u200bgiorno successivo.<\/li>\n<\/ul>\n<div class=\" product-next-previous\">\n<div class=\"product-prev\"><\/div><\/div>\n","protected":false},"excerpt":{"rendered":"<div class=\"woocommerce-product-details__short-description\">\n<p>Il pompelmo \u00e8 un ceppo di marijuana sativa molto potente creato incrociando Cinderella 99 con il pompelmo. Il pompelmo ha propriet\u00e0 rivitalizzanti e induce sensazioni di allegria. Questa variet\u00e0 ha un profilo aromatico tropicale e una fragranza di agrumi.<\/p>\n<p>Acquista Grapefruit Marijuana Strain \u00e8 una variet\u00e0 di marijuana sativa altamente potente creata incrociando Cinderella 99 con Grapefruit. Ceppo di Marijuana al Pompelmo in vendita online<\/p>\n<p>Marijuana al Pompelmo di altissima qualit\u00e0 disponibile online.<\/p>\n<p>La Cannabis al Pompelmo \u00e8 una variet\u00e0 sativa. 70% Sativa Ibrida Dominante \/ 30% Indica THC: 20%\u201325%, CBN: 1%<\/p>\n<\/p><\/div>\n","protected":false},"featured_media":5115,"comment_status":"open","ping_status":"closed","template":"","meta":[],"product_brand":[],"product_cat":[778],"product_tag":[1076,1061,1062,1063,1064,1065,1066,1067,1069,1070,1071,1075,1068,1073,1074,1077,1078,1079,1080,1081,1082,1083,1084,1072,1085,1086,1107,1104,1088,1089,1090,1091,1092,1093,1094,1095,1097,1098,1099,1103,1096,1101,1102,1105,1106,1108,1109,1110,1111,1112,1100,1113,1114,1087,1060,1116,1115],"class_list":{"0":"post-5096","1":"product","2":"type-product","3":"status-publish","4":"has-post-thumbnail","6":"product_cat-erba-in-vendita","7":"product_tag-comprare-ceppo-di-pompelmo-on-line-a-malta","8":"product_tag-comprare-ceppo-di-pompelmo-online-in-austria","9":"product_tag-comprare-ceppo-di-pompelmo-online-in-bielorussia","10":"product_tag-comprare-ceppo-di-pompelmo-online-in-bulgaria","11":"product_tag-comprare-ceppo-di-pompelmo-on-line-in-canada","12":"product_tag-comprare-ceppo-di-pompelmo-online-in-cina","13":"product_tag-comprare-ceppo-di-pompelmo-online-in-croazia","14":"product_tag-comprare-ceppo-di-pompelmo-online-in-danimarca","15":"product_tag-comprare-ceppo-di-pompelmo-online-in-finlandia","16":"product_tag-comprare-ceppo-di-pompelmo-on-line-in-francia","17":"product_tag-comprare-ceppo-di-pompelmo-online-in-germania","18":"product_tag-comprare-ceppo-di-pompelmo-on-line-in-giappone","19":"product_tag-comprare-ceppo-di-pompelmo-online-in-inghilterra","20":"product_tag-comprare-ceppo-di-pompelmo-online-in-irlanda","21":"product_tag-comprare-ceppo-di-pompelmo-on-line-in-italia","22":"product_tag-acquistare-ceppo-di-pompelmo-online-in-messico","23":"product_tag-comprare-ceppo-di-pompelmo-online-in-nuova-zelanda","24":"product_tag-comprare-ceppo-di-pompelmo-online-in-pillipines","25":"product_tag-comprare-ceppo-di-pompelmo-online-in-russia","26":"product_tag-comprare-ceppo-di-pompelmo-online-in-scozia","27":"product_tag-comprare-ceppo-di-pompelmo-on-line-in-spagna","28":"product_tag-comprare-ceppo-di-pompelmo-online-in-svizzera","29":"product_tag-comprare-ceppo-di-pompelmo-online-in-turchia","30":"product_tag-comprare-ceppo-di-pompelmo-on-line-in-ungheria","31":"product_tag-comprare-ceppo-di-pompelmo-on-line-in-usa","32":"product_tag-comprare-ceppo-di-pompelmo-online-on-line-nel-uk","33":"product_tag-comprare-erba-on-line-in-pillipines","34":"product_tag-comprare-erba-on-line-a-malta","35":"product_tag-comprare-erba-on-line-in-australia","36":"product_tag-buy-weed-online-in-austria","37":"product_tag-comprare-erba-online-in-bielorussia","38":"product_tag-compra-erba-on-line-in-bulgara","39":"product_tag-comprare-erba-on-line-in-canada","40":"product_tag-comprare-erba-on-line-in-cina","41":"product_tag-comprare-erba-on-line-in-croazia","42":"product_tag-buy-weed-online-in-danimarca","43":"product_tag-compra-erba-on-line-in-finlandia","44":"product_tag-comprare-erba-on-line-in-francia","45":"product_tag-comprare-erba-on-line-in-germania","46":"product_tag-comprare-erba-on-line-in-giappone","47":"product_tag-comprare-erba-on-line-in-inghilterra","48":"product_tag-comprare-erba-on-line-in-irlanda","49":"product_tag-comprare-erba-on-line-in-italia","50":"product_tag-comprare-erba-on-line-in-messico","51":"product_tag-comprare-erba-online-in-nuova-zelanda","52":"product_tag-comprare-erba-on-line-in-russia","53":"product_tag-comprare-erba-online-in-scozia","54":"product_tag-comprare-erba-on-line-in-spagna","55":"product_tag-buy-weed-online-in-svizzera","56":"product_tag-compra-erba-on-line-in-turchia","57":"product_tag-compra-erba-on-line-in-ungheria","58":"product_tag-comprare-erba-on-line-negli-usa","59":"product_tag-comprare-erba-on-line-on-line-nel-uk","60":"product_tag-comprare-ceppo-erba-pompelmo-online","61":"product_tag-buy-grapefruit-strain-online-in-australia","62":"product_tag-pompelmo-erba-in-vendita-online","63":"product_tag-a-buon-mercato-pompelmo-marijuana-in-vendita-online","65":"first","66":"instock","67":"shipping-taxable","68":"purchasable","69":"product-type-variable","70":"has-default-attributes"},"yoast_head":"<!-- This site is optimized with the Yoast SEO plugin v27.3 - https:\/\/yoast.com\/product\/yoast-seo-wordpress\/ -->\n<title>Acquista ceppo di erba di pompelmo - I migliori farmaci globali<\/title>\n<meta name=\"description\" content=\"Acquista Grapefruit Weed Strain \u00e8 una potente variet\u00e0 di marijuana sativa ottenuta attraverso un incrocio di Cenerentola 99. Acquista Grapefruit Marijuana Strain online\" \/>\n<meta name=\"robots\" content=\"index, follow, max-snippet:-1, max-image-preview:large, max-video-preview:-1\" \/>\n<link rel=\"canonical\" href=\"https:\/\/medicinasinc.com\/it\/product\/ceppo-di-pompelmo-erbaccia\/\" \/>\n<meta property=\"og:locale\" content=\"it_IT\" \/>\n<meta property=\"og:type\" content=\"article\" \/>\n<meta property=\"og:title\" content=\"Acquista ceppo di erba di pompelmo - I migliori farmaci globali\" \/>\n<meta property=\"og:description\" content=\"Acquista Grapefruit Weed Strain \u00e8 una potente variet\u00e0 di marijuana sativa ottenuta attraverso un incrocio di Cenerentola 99. Acquista Grapefruit Marijuana Strain online\" \/>\n<meta property=\"og:url\" content=\"https:\/\/medicinasinc.com\/it\/product\/ceppo-di-pompelmo-erbaccia\/\" \/>\n<meta property=\"og:site_name\" content=\"Medicinas Inc\" \/>\n<meta property=\"article:modified_time\" content=\"2022-03-17T00:27:56+00:00\" \/>\n<meta property=\"og:image\" content=\"https:\/\/medicinasinc.com\/it\/wp-content\/uploads\/sites\/4\/2022\/02\/Buy-Grapefruit-Weed-Strain.jpg\" \/>\n\t<meta property=\"og:image:width\" content=\"600\" \/>\n\t<meta property=\"og:image:height\" content=\"600\" \/>\n\t<meta property=\"og:image:type\" content=\"image\/jpeg\" \/>\n<meta name=\"twitter:card\" content=\"summary_large_image\" \/>\n<meta name=\"twitter:label1\" content=\"Tempo di lettura stimato\" \/>\n\t<meta name=\"twitter:data1\" content=\"1 minuto\" \/>\n<script type=\"application\/ld+json\" class=\"yoast-schema-graph\">{\"@context\":\"https:\\\/\\\/schema.org\",\"@graph\":[{\"@type\":\"WebPage\",\"@id\":\"https:\\\/\\\/medicinasinc.com\\\/it\\\/product\\\/ceppo-di-pompelmo-erbaccia\\\/\",\"url\":\"https:\\\/\\\/medicinasinc.com\\\/it\\\/product\\\/ceppo-di-pompelmo-erbaccia\\\/\",\"name\":\"Acquista ceppo di erba di pompelmo - I migliori farmaci globali\",\"isPartOf\":{\"@id\":\"https:\\\/\\\/medicinasinc.com\\\/it\\\/#website\"},\"primaryImageOfPage\":{\"@id\":\"https:\\\/\\\/medicinasinc.com\\\/it\\\/product\\\/ceppo-di-pompelmo-erbaccia\\\/#primaryimage\"},\"image\":{\"@id\":\"https:\\\/\\\/medicinasinc.com\\\/it\\\/product\\\/ceppo-di-pompelmo-erbaccia\\\/#primaryimage\"},\"thumbnailUrl\":\"https:\\\/\\\/medicinasinc.com\\\/it\\\/wp-content\\\/uploads\\\/sites\\\/4\\\/2022\\\/02\\\/Buy-Grapefruit-Weed-Strain.jpg\",\"datePublished\":\"2022-02-20T20:15:06+00:00\",\"dateModified\":\"2022-03-17T00:27:56+00:00\",\"description\":\"Acquista Grapefruit Weed Strain \u00e8 una potente variet\u00e0 di marijuana sativa ottenuta attraverso un incrocio di Cenerentola 99. Acquista Grapefruit Marijuana Strain online\",\"breadcrumb\":{\"@id\":\"https:\\\/\\\/medicinasinc.com\\\/it\\\/product\\\/ceppo-di-pompelmo-erbaccia\\\/#breadcrumb\"},\"inLanguage\":\"it-IT\",\"potentialAction\":[{\"@type\":\"ReadAction\",\"target\":[\"https:\\\/\\\/medicinasinc.com\\\/it\\\/product\\\/ceppo-di-pompelmo-erbaccia\\\/\"]}]},{\"@type\":\"ImageObject\",\"inLanguage\":\"it-IT\",\"@id\":\"https:\\\/\\\/medicinasinc.com\\\/it\\\/product\\\/ceppo-di-pompelmo-erbaccia\\\/#primaryimage\",\"url\":\"https:\\\/\\\/medicinasinc.com\\\/it\\\/wp-content\\\/uploads\\\/sites\\\/4\\\/2022\\\/02\\\/Buy-Grapefruit-Weed-Strain.jpg\",\"contentUrl\":\"https:\\\/\\\/medicinasinc.com\\\/it\\\/wp-content\\\/uploads\\\/sites\\\/4\\\/2022\\\/02\\\/Buy-Grapefruit-Weed-Strain.jpg\",\"width\":600,\"height\":600},{\"@type\":\"BreadcrumbList\",\"@id\":\"https:\\\/\\\/medicinasinc.com\\\/it\\\/product\\\/ceppo-di-pompelmo-erbaccia\\\/#breadcrumb\",\"itemListElement\":[{\"@type\":\"ListItem\",\"position\":1,\"name\":\"Negozio\",\"item\":\"https:\\\/\\\/medicinasinc.com\\\/it\\\/negozio\\\/\"},{\"@type\":\"ListItem\",\"position\":2,\"name\":\"Ceppo di erba di pompelmo\"}]},{\"@type\":\"WebSite\",\"@id\":\"https:\\\/\\\/medicinasinc.com\\\/it\\\/#website\",\"url\":\"https:\\\/\\\/medicinasinc.com\\\/it\\\/\",\"name\":\"Medicinas Inc\",\"description\":\"Health Medical Clinic\",\"potentialAction\":[{\"@type\":\"SearchAction\",\"target\":{\"@type\":\"EntryPoint\",\"urlTemplate\":\"https:\\\/\\\/medicinasinc.com\\\/it\\\/?s={search_term_string}\"},\"query-input\":{\"@type\":\"PropertyValueSpecification\",\"valueRequired\":true,\"valueName\":\"search_term_string\"}}],\"inLanguage\":\"it-IT\"}]}<\/script>\n<!-- \/ Yoast SEO plugin. -->","yoast_head_json":{"title":"Acquista ceppo di erba di pompelmo - I migliori farmaci globali","description":"Acquista Grapefruit Weed Strain \u00e8 una potente variet\u00e0 di marijuana sativa ottenuta attraverso un incrocio di Cenerentola 99. Acquista Grapefruit Marijuana Strain online","robots":{"index":"index","follow":"follow","max-snippet":"max-snippet:-1","max-image-preview":"max-image-preview:large","max-video-preview":"max-video-preview:-1"},"canonical":"https:\/\/medicinasinc.com\/it\/product\/ceppo-di-pompelmo-erbaccia\/","og_locale":"it_IT","og_type":"article","og_title":"Acquista ceppo di erba di pompelmo - I migliori farmaci globali","og_description":"Acquista Grapefruit Weed Strain \u00e8 una potente variet\u00e0 di marijuana sativa ottenuta attraverso un incrocio di Cenerentola 99. Acquista Grapefruit Marijuana Strain online","og_url":"https:\/\/medicinasinc.com\/it\/product\/ceppo-di-pompelmo-erbaccia\/","og_site_name":"Medicinas Inc","article_modified_time":"2022-03-17T00:27:56+00:00","og_image":[{"width":600,"height":600,"url":"https:\/\/medicinasinc.com\/it\/wp-content\/uploads\/sites\/4\/2022\/02\/Buy-Grapefruit-Weed-Strain.jpg","type":"image\/jpeg"}],"twitter_card":"summary_large_image","twitter_misc":{"Tempo di lettura stimato":"1 minuto"},"schema":{"@context":"https:\/\/schema.org","@graph":[{"@type":"WebPage","@id":"https:\/\/medicinasinc.com\/it\/product\/ceppo-di-pompelmo-erbaccia\/","url":"https:\/\/medicinasinc.com\/it\/product\/ceppo-di-pompelmo-erbaccia\/","name":"Acquista ceppo di erba di pompelmo - I migliori farmaci globali","isPartOf":{"@id":"https:\/\/medicinasinc.com\/it\/#website"},"primaryImageOfPage":{"@id":"https:\/\/medicinasinc.com\/it\/product\/ceppo-di-pompelmo-erbaccia\/#primaryimage"},"image":{"@id":"https:\/\/medicinasinc.com\/it\/product\/ceppo-di-pompelmo-erbaccia\/#primaryimage"},"thumbnailUrl":"https:\/\/medicinasinc.com\/it\/wp-content\/uploads\/sites\/4\/2022\/02\/Buy-Grapefruit-Weed-Strain.jpg","datePublished":"2022-02-20T20:15:06+00:00","dateModified":"2022-03-17T00:27:56+00:00","description":"Acquista Grapefruit Weed Strain \u00e8 una potente variet\u00e0 di marijuana sativa ottenuta attraverso un incrocio di Cenerentola 99. Acquista Grapefruit Marijuana Strain online","breadcrumb":{"@id":"https:\/\/medicinasinc.com\/it\/product\/ceppo-di-pompelmo-erbaccia\/#breadcrumb"},"inLanguage":"it-IT","potentialAction":[{"@type":"ReadAction","target":["https:\/\/medicinasinc.com\/it\/product\/ceppo-di-pompelmo-erbaccia\/"]}]},{"@type":"ImageObject","inLanguage":"it-IT","@id":"https:\/\/medicinasinc.com\/it\/product\/ceppo-di-pompelmo-erbaccia\/#primaryimage","url":"https:\/\/medicinasinc.com\/it\/wp-content\/uploads\/sites\/4\/2022\/02\/Buy-Grapefruit-Weed-Strain.jpg","contentUrl":"https:\/\/medicinasinc.com\/it\/wp-content\/uploads\/sites\/4\/2022\/02\/Buy-Grapefruit-Weed-Strain.jpg","width":600,"height":600},{"@type":"BreadcrumbList","@id":"https:\/\/medicinasinc.com\/it\/product\/ceppo-di-pompelmo-erbaccia\/#breadcrumb","itemListElement":[{"@type":"ListItem","position":1,"name":"Negozio","item":"https:\/\/medicinasinc.com\/it\/negozio\/"},{"@type":"ListItem","position":2,"name":"Ceppo di erba di pompelmo"}]},{"@type":"WebSite","@id":"https:\/\/medicinasinc.com\/it\/#website","url":"https:\/\/medicinasinc.com\/it\/","name":"Medicinas Inc","description":"Health Medical Clinic","potentialAction":[{"@type":"SearchAction","target":{"@type":"EntryPoint","urlTemplate":"https:\/\/medicinasinc.com\/it\/?s={search_term_string}"},"query-input":{"@type":"PropertyValueSpecification","valueRequired":true,"valueName":"search_term_string"}}],"inLanguage":"it-IT"}]}},"_links":{"self":[{"href":"https:\/\/medicinasinc.com\/it\/wp-json\/wp\/v2\/product\/5096","targetHints":{"allow":["GET"]}}],"collection":[{"href":"https:\/\/medicinasinc.com\/it\/wp-json\/wp\/v2\/product"}],"about":[{"href":"https:\/\/medicinasinc.com\/it\/wp-json\/wp\/v2\/types\/product"}],"replies":[{"embeddable":true,"href":"https:\/\/medicinasinc.com\/it\/wp-json\/wp\/v2\/comments?post=5096"}],"wp:featuredmedia":[{"embeddable":true,"href":"https:\/\/medicinasinc.com\/it\/wp-json\/wp\/v2\/media\/5115"}],"wp:attachment":[{"href":"https:\/\/medicinasinc.com\/it\/wp-json\/wp\/v2\/media?parent=5096"}],"wp:term":[{"taxonomy":"product_brand","embeddable":true,"href":"https:\/\/medicinasinc.com\/it\/wp-json\/wp\/v2\/product_brand?post=5096"},{"taxonomy":"product_cat","embeddable":true,"href":"https:\/\/medicinasinc.com\/it\/wp-json\/wp\/v2\/product_cat?post=5096"},{"taxonomy":"product_tag","embeddable":true,"href":"https:\/\/medicinasinc.com\/it\/wp-json\/wp\/v2\/product_tag?post=5096"}],"curies":[{"name":"wp","href":"https:\/\/api.w.org\/{rel}","templated":true}]}}