{"id":5095,"date":"2022-02-20T20:14:14","date_gmt":"2022-02-20T20:14:14","guid":{"rendered":"https:\/\/medicinasinc.com\/it\/?post_type=product&#038;p=5095"},"modified":"2022-03-17T00:28:04","modified_gmt":"2022-03-17T00:28:04","slug":"tonno-kush","status":"publish","type":"product","link":"https:\/\/medicinasinc.com\/it\/product\/tonno-kush\/","title":{"rendered":"Tonno Kush"},"content":{"rendered":"<p><strong>Bud Size: Medium<\/strong><br \/> <strong>Texture: leggermente appiccicosa \/ leggermente appiccicosa<br \/> Aromi: terroso \/ legnoso \/ pungente<\/strong><\/p>\n<div class=\"product-next-previous\">\n<div class=\"product-prev\">Tuna Kush \u00e8 un fenomeno della Columbia Britannica che sta tornando in auge nei mercati della cannabis medica del Nord America. Questa razza \u00e8 stata soprannominata una delle pi\u00f9 potenti sul mercato, generando pepite compatte e spesse che sono densamente rivestite di resina. Sebbene la Tuna Kush non sia nota per i suoi raccolti elevati, ci\u00f2 che emerger\u00e0 da questi steli pi\u00f9 sottili sar\u00e0 potente e saporito. Detto questo, se questa variet\u00e0 si fa strada nella tua coltivazione, potresti voler migliorare i tuoi filtri a carbone, poich\u00e9 questa cima puzza! Aspettati una combinazione di puzzola pungente, carburante e una dolcezza delicata.<\/div><\/div>\n","protected":false},"excerpt":{"rendered":"<p>Compra Tuna Kush \u00e8 una delle variet\u00e0 di cannabis indica pi\u00f9 potenti disponibili per la vendita. Un tiro indurr\u00e0 un profondo senso di euforia e relax.<\/p>\n<p>Bluefin Tuna Kush \u00e8 una variet\u00e0 ibrida a predominanza Indica che combina il meglio della Blueberry e della famosa Tuna Kush della BC.<\/p>\n","protected":false},"featured_media":5113,"comment_status":"open","ping_status":"closed","template":"","meta":[],"product_brand":[],"product_cat":[778],"product_tag":[],"class_list":{"0":"post-5095","1":"product","2":"type-product","3":"status-publish","4":"has-post-thumbnail","6":"product_cat-erba-in-vendita","8":"first","9":"instock","10":"shipping-taxable","11":"purchasable","12":"product-type-variable","13":"has-default-attributes"},"yoast_head":"<!-- This site is optimized with the Yoast SEO plugin v27.3 - https:\/\/yoast.com\/product\/yoast-seo-wordpress\/ -->\n<title>Acquista Tuna Kush - Tuna Kush - Best Global Meds<\/title>\n<meta name=\"description\" content=\"L&#039;erba Tuna Kush in vendita \u00e8 una delle variet\u00e0 di cannabis indica pi\u00f9 potenti disponibili. Un tiro ti metter\u00e0 in un profondo stato di euforia e rilassamento.\" \/>\n<meta name=\"robots\" content=\"index, follow, max-snippet:-1, max-image-preview:large, max-video-preview:-1\" \/>\n<link rel=\"canonical\" href=\"https:\/\/medicinasinc.com\/it\/product\/tonno-kush\/\" \/>\n<meta property=\"og:locale\" content=\"it_IT\" \/>\n<meta property=\"og:type\" content=\"article\" \/>\n<meta property=\"og:title\" content=\"Acquista Tuna Kush - Tuna Kush - Best Global Meds\" \/>\n<meta property=\"og:description\" content=\"L&#039;erba Tuna Kush in vendita \u00e8 una delle variet\u00e0 di cannabis indica pi\u00f9 potenti disponibili. Un tiro ti metter\u00e0 in un profondo stato di euforia e rilassamento.\" \/>\n<meta property=\"og:url\" content=\"https:\/\/medicinasinc.com\/it\/product\/tonno-kush\/\" \/>\n<meta property=\"og:site_name\" content=\"Medicinas Inc\" \/>\n<meta property=\"article:modified_time\" content=\"2022-03-17T00:28:04+00:00\" \/>\n<meta property=\"og:image\" content=\"https:\/\/medicinasinc.com\/it\/wp-content\/uploads\/sites\/4\/2022\/02\/Buy-Tuna-Kush.jpg\" \/>\n\t<meta property=\"og:image:width\" content=\"1024\" \/>\n\t<meta property=\"og:image:height\" content=\"768\" \/>\n\t<meta property=\"og:image:type\" content=\"image\/jpeg\" \/>\n<meta name=\"twitter:card\" content=\"summary_large_image\" \/>\n<meta name=\"twitter:label1\" content=\"Tempo di lettura stimato\" \/>\n\t<meta name=\"twitter:data1\" content=\"1 minuto\" \/>\n<script type=\"application\/ld+json\" class=\"yoast-schema-graph\">{\"@context\":\"https:\\\/\\\/schema.org\",\"@graph\":[{\"@type\":\"WebPage\",\"@id\":\"https:\\\/\\\/medicinasinc.com\\\/it\\\/product\\\/tonno-kush\\\/\",\"url\":\"https:\\\/\\\/medicinasinc.com\\\/it\\\/product\\\/tonno-kush\\\/\",\"name\":\"Acquista Tuna Kush - Tuna Kush - Best Global Meds\",\"isPartOf\":{\"@id\":\"https:\\\/\\\/medicinasinc.com\\\/it\\\/#website\"},\"primaryImageOfPage\":{\"@id\":\"https:\\\/\\\/medicinasinc.com\\\/it\\\/product\\\/tonno-kush\\\/#primaryimage\"},\"image\":{\"@id\":\"https:\\\/\\\/medicinasinc.com\\\/it\\\/product\\\/tonno-kush\\\/#primaryimage\"},\"thumbnailUrl\":\"https:\\\/\\\/medicinasinc.com\\\/it\\\/wp-content\\\/uploads\\\/sites\\\/4\\\/2022\\\/02\\\/Buy-Tuna-Kush.jpg\",\"datePublished\":\"2022-02-20T20:14:14+00:00\",\"dateModified\":\"2022-03-17T00:28:04+00:00\",\"description\":\"L'erba Tuna Kush in vendita \u00e8 una delle variet\u00e0 di cannabis indica pi\u00f9 potenti disponibili. Un tiro ti metter\u00e0 in un profondo stato di euforia e rilassamento.\",\"breadcrumb\":{\"@id\":\"https:\\\/\\\/medicinasinc.com\\\/it\\\/product\\\/tonno-kush\\\/#breadcrumb\"},\"inLanguage\":\"it-IT\",\"potentialAction\":[{\"@type\":\"ReadAction\",\"target\":[\"https:\\\/\\\/medicinasinc.com\\\/it\\\/product\\\/tonno-kush\\\/\"]}]},{\"@type\":\"ImageObject\",\"inLanguage\":\"it-IT\",\"@id\":\"https:\\\/\\\/medicinasinc.com\\\/it\\\/product\\\/tonno-kush\\\/#primaryimage\",\"url\":\"https:\\\/\\\/medicinasinc.com\\\/it\\\/wp-content\\\/uploads\\\/sites\\\/4\\\/2022\\\/02\\\/Buy-Tuna-Kush.jpg\",\"contentUrl\":\"https:\\\/\\\/medicinasinc.com\\\/it\\\/wp-content\\\/uploads\\\/sites\\\/4\\\/2022\\\/02\\\/Buy-Tuna-Kush.jpg\",\"width\":1024,\"height\":768},{\"@type\":\"BreadcrumbList\",\"@id\":\"https:\\\/\\\/medicinasinc.com\\\/it\\\/product\\\/tonno-kush\\\/#breadcrumb\",\"itemListElement\":[{\"@type\":\"ListItem\",\"position\":1,\"name\":\"Negozio\",\"item\":\"https:\\\/\\\/medicinasinc.com\\\/it\\\/negozio\\\/\"},{\"@type\":\"ListItem\",\"position\":2,\"name\":\"Tonno Kush\"}]},{\"@type\":\"WebSite\",\"@id\":\"https:\\\/\\\/medicinasinc.com\\\/it\\\/#website\",\"url\":\"https:\\\/\\\/medicinasinc.com\\\/it\\\/\",\"name\":\"Medicinas Inc\",\"description\":\"Health Medical Clinic\",\"potentialAction\":[{\"@type\":\"SearchAction\",\"target\":{\"@type\":\"EntryPoint\",\"urlTemplate\":\"https:\\\/\\\/medicinasinc.com\\\/it\\\/?s={search_term_string}\"},\"query-input\":{\"@type\":\"PropertyValueSpecification\",\"valueRequired\":true,\"valueName\":\"search_term_string\"}}],\"inLanguage\":\"it-IT\"}]}<\/script>\n<!-- \/ Yoast SEO plugin. -->","yoast_head_json":{"title":"Acquista Tuna Kush - Tuna Kush - Best Global Meds","description":"L'erba Tuna Kush in vendita \u00e8 una delle variet\u00e0 di cannabis indica pi\u00f9 potenti disponibili. Un tiro ti metter\u00e0 in un profondo stato di euforia e rilassamento.","robots":{"index":"index","follow":"follow","max-snippet":"max-snippet:-1","max-image-preview":"max-image-preview:large","max-video-preview":"max-video-preview:-1"},"canonical":"https:\/\/medicinasinc.com\/it\/product\/tonno-kush\/","og_locale":"it_IT","og_type":"article","og_title":"Acquista Tuna Kush - Tuna Kush - Best Global Meds","og_description":"L'erba Tuna Kush in vendita \u00e8 una delle variet\u00e0 di cannabis indica pi\u00f9 potenti disponibili. Un tiro ti metter\u00e0 in un profondo stato di euforia e rilassamento.","og_url":"https:\/\/medicinasinc.com\/it\/product\/tonno-kush\/","og_site_name":"Medicinas Inc","article_modified_time":"2022-03-17T00:28:04+00:00","og_image":[{"width":1024,"height":768,"url":"https:\/\/medicinasinc.com\/it\/wp-content\/uploads\/sites\/4\/2022\/02\/Buy-Tuna-Kush.jpg","type":"image\/jpeg"}],"twitter_card":"summary_large_image","twitter_misc":{"Tempo di lettura stimato":"1 minuto"},"schema":{"@context":"https:\/\/schema.org","@graph":[{"@type":"WebPage","@id":"https:\/\/medicinasinc.com\/it\/product\/tonno-kush\/","url":"https:\/\/medicinasinc.com\/it\/product\/tonno-kush\/","name":"Acquista Tuna Kush - Tuna Kush - Best Global Meds","isPartOf":{"@id":"https:\/\/medicinasinc.com\/it\/#website"},"primaryImageOfPage":{"@id":"https:\/\/medicinasinc.com\/it\/product\/tonno-kush\/#primaryimage"},"image":{"@id":"https:\/\/medicinasinc.com\/it\/product\/tonno-kush\/#primaryimage"},"thumbnailUrl":"https:\/\/medicinasinc.com\/it\/wp-content\/uploads\/sites\/4\/2022\/02\/Buy-Tuna-Kush.jpg","datePublished":"2022-02-20T20:14:14+00:00","dateModified":"2022-03-17T00:28:04+00:00","description":"L'erba Tuna Kush in vendita \u00e8 una delle variet\u00e0 di cannabis indica pi\u00f9 potenti disponibili. Un tiro ti metter\u00e0 in un profondo stato di euforia e rilassamento.","breadcrumb":{"@id":"https:\/\/medicinasinc.com\/it\/product\/tonno-kush\/#breadcrumb"},"inLanguage":"it-IT","potentialAction":[{"@type":"ReadAction","target":["https:\/\/medicinasinc.com\/it\/product\/tonno-kush\/"]}]},{"@type":"ImageObject","inLanguage":"it-IT","@id":"https:\/\/medicinasinc.com\/it\/product\/tonno-kush\/#primaryimage","url":"https:\/\/medicinasinc.com\/it\/wp-content\/uploads\/sites\/4\/2022\/02\/Buy-Tuna-Kush.jpg","contentUrl":"https:\/\/medicinasinc.com\/it\/wp-content\/uploads\/sites\/4\/2022\/02\/Buy-Tuna-Kush.jpg","width":1024,"height":768},{"@type":"BreadcrumbList","@id":"https:\/\/medicinasinc.com\/it\/product\/tonno-kush\/#breadcrumb","itemListElement":[{"@type":"ListItem","position":1,"name":"Negozio","item":"https:\/\/medicinasinc.com\/it\/negozio\/"},{"@type":"ListItem","position":2,"name":"Tonno Kush"}]},{"@type":"WebSite","@id":"https:\/\/medicinasinc.com\/it\/#website","url":"https:\/\/medicinasinc.com\/it\/","name":"Medicinas Inc","description":"Health Medical Clinic","potentialAction":[{"@type":"SearchAction","target":{"@type":"EntryPoint","urlTemplate":"https:\/\/medicinasinc.com\/it\/?s={search_term_string}"},"query-input":{"@type":"PropertyValueSpecification","valueRequired":true,"valueName":"search_term_string"}}],"inLanguage":"it-IT"}]}},"_links":{"self":[{"href":"https:\/\/medicinasinc.com\/it\/wp-json\/wp\/v2\/product\/5095","targetHints":{"allow":["GET"]}}],"collection":[{"href":"https:\/\/medicinasinc.com\/it\/wp-json\/wp\/v2\/product"}],"about":[{"href":"https:\/\/medicinasinc.com\/it\/wp-json\/wp\/v2\/types\/product"}],"replies":[{"embeddable":true,"href":"https:\/\/medicinasinc.com\/it\/wp-json\/wp\/v2\/comments?post=5095"}],"wp:featuredmedia":[{"embeddable":true,"href":"https:\/\/medicinasinc.com\/it\/wp-json\/wp\/v2\/media\/5113"}],"wp:attachment":[{"href":"https:\/\/medicinasinc.com\/it\/wp-json\/wp\/v2\/media?parent=5095"}],"wp:term":[{"taxonomy":"product_brand","embeddable":true,"href":"https:\/\/medicinasinc.com\/it\/wp-json\/wp\/v2\/product_brand?post=5095"},{"taxonomy":"product_cat","embeddable":true,"href":"https:\/\/medicinasinc.com\/it\/wp-json\/wp\/v2\/product_cat?post=5095"},{"taxonomy":"product_tag","embeddable":true,"href":"https:\/\/medicinasinc.com\/it\/wp-json\/wp\/v2\/product_tag?post=5095"}],"curies":[{"name":"wp","href":"https:\/\/api.w.org\/{rel}","templated":true}]}}