{"id":5068,"date":"2022-02-20T19:50:54","date_gmt":"2022-02-20T19:50:54","guid":{"rendered":"https:\/\/medicinasinc.com\/it\/?post_type=product&#038;p=5068"},"modified":"2022-03-17T00:28:54","modified_gmt":"2022-03-17T00:28:54","slug":"compra-super-limone-foschia","status":"publish","type":"product","link":"https:\/\/medicinasinc.com\/it\/product\/compra-super-limone-foschia\/","title":{"rendered":"Acquista Super Lemon Haze"},"content":{"rendered":"<p>Acquisto online di Super Lamon Haze<\/p>\n<p>Questa deliziosa variet\u00e0 di limone \u00e8 una buona variet\u00e0 adatta a qualsiasi gruppo di veterani. La Super Lemon Haze \u00e8 una delle variet\u00e0 pi\u00f9 popolari, soprattutto tra gli appassionati indiani, e le ha convertite con successo in sativa. Senza dubbio, la Super Lemon Haze \u00e8 unica. Questa vincitrice della Cannabis Cup \u00e8 un incrocio tra Lemon Skunk e Super Silver Haze, il che la rende una variet\u00e0 con pedigree e una delle migliori sativa disponibili oggi. Puoi acquistare Super Lamon Haze online e trovarla in vendita online. Questo ibrido a predominanza sativa \u00e8 davvero all&#8217;altezza del suo nome, con un potente aroma limonico che ha un odore incredibile. La Super Lemon Haze inizia lentamente ma costantemente, raggiungendo un tremendo sballo euforico che ti fa venir voglia di saltare dalla sedia per l&#8217;eccitazione. Questa variet\u00e0 \u00e8 anche una popolare versione medica, poich\u00e9 pu\u00f2 essere utilizzata per trattare un&#8217;ampia variet\u00e0 di disturbi.<\/p>\n<p>Effetti<\/p>\n<p>Tutti questi effetti super-sativa sono basati sull&#8217;energia. Tuttavia, la caratteristica principale \u00e8 che \u00e8 un fantastico tentativo quotidiano grazie alla sua capacit\u00e0 di renderlo efficace e occasionalmente innovativo. La Super Lemon Haze \u00e8 in grado di calmarti a sufficienza per farti sentire bene. La Super Lemon Haze \u00e8 la compagna spensierata ideale. Se hai una lunga giornata davanti a te e hai bisogno di fare le cose a fondo, questa sativa \u00e8 la strada da percorrere.<br \/> Avrai un chilo di questa deliziosa cima per tenere tutti in sala, e un altro per tirarti su. La Super Lemon Haze non ha alcun impatto sulle start-up. Il suo effetto pu\u00f2 produrre un piacevole sballo cerebrale, che ti consente di pensare pi\u00f9 chiaramente e di ricordare informazioni che altrimenti potresti dimenticare. Inoltre, si pensa che questa pressione ti faccia sentire un po&#8217; vivace, il che \u00e8 l&#8217;ideale per una notte romantica. Il profumo: una gemma profumata dovrebbe evocare immagini di agrumi. La Super Lemon Haze ha un sapore dolce-limone con un pizzico di spezie e un aroma estremamente acido. Il sapore dolce del limone \u00e8 bilanciato da un tocco di terrosit\u00e0 e spezie, creando un&#8217;esperienza meravigliosa. La Super Lemon Haze ha un odore estremamente gradevole. Questa sativa ha un aroma gradevole e rinfrescante, e il fondo di limone dovrebbe indugiare sulla tua lingua. \u00c8 come se stessi inalando una caramella con un distinto sottotono erbaceo.<\/p>\n<p>Vantaggi medici<\/p>\n<p>La Super Lemon Haze \u00e8 consigliata per una variet\u00e0 di disturbi e sintomi. La stanchezza cronica pu\u00f2 essere facilmente combattuta con questa potente variet\u00e0 grazie alla sua capacit\u00e0 di instillare uno stato mentale stabile ed elevato che ti stimola anche a fare le cose. Inoltre, questa variet\u00e0 \u00e8 ottima per combattere lo stress e la tristezza. La Super Lemon Haze ha la capacit\u00e0 di trattare una variet\u00e0 di disturbi associati a uno stile di vita ad alto stress e pu\u00f2 liberarsi prontamente da piccoli dolori e dolori come emicrania, mal di testa, articolazioni e spasmi muscolari. La Super Lemon Haze \u00e8 un antidolorifico versatile e affidabile che rilassa e formicola il corpo, mascherando qualsiasi altro problema fisico che pu\u00f2 verificarsi. Il gusto e l&#8217;aroma edificanti contribuiscono alla sua attrattiva, rendendola piacevole anche per le persone che difficilmente utilizzeranno la cannabis per curare i loro disturbi.<\/p>\n","protected":false},"excerpt":{"rendered":"<div class=\"woocommerce-product-details__short-description\">\n<p>Acquista la variet\u00e0 di marijuana Super Lemon Haze nel Regno Unito e in Europa. \u00c8 un forte ibrido a predominanza agrumata e dolce Sativa. Questo fiore \u00e8 il risultato di un incrocio tra lemon skunk e silver haze.<\/p>\n<p>Acquisto online della variet\u00e0 di marijuana Super Lemon Haze.<\/p>\n<p>Super Lemon Haze \u00e8 un ibrido a predominanza Sativa &#8211; 80% Sativa \/ 20% Indica. Il contenuto di indica THC \u00e8 del 25%, il contenuto di CBD \u00e8 dell&#8217;1% e il contenuto di CBN \u00e8 del 2%.<\/p>\n<\/p><\/div>\n","protected":false},"featured_media":5085,"comment_status":"open","ping_status":"closed","template":"","meta":[],"product_brand":[],"product_cat":[778],"product_tag":[1021,1019,1023,486,1022,1020,487,1024],"class_list":{"0":"post-5068","1":"product","2":"type-product","3":"status-publish","4":"has-post-thumbnail","6":"product_cat-erba-in-vendita","7":"product_tag-super-lemon-haze-autofiorente","8":"product_tag--super-lemon-haze-psichedelico","9":"product_tag-effetti-super-limone-nebbia","10":"product_tag-prezzo-super-lemon-haze","11":"product_tag-semi-autofiorenti-super-lemon-haze","12":"product_tag-semi-limone-haze-in-vendita","13":"product_tag-semi-di-super-limone-haze","14":"product_tag-semi-super-lemon-haze-usa","16":"first","17":"instock","18":"shipping-taxable","19":"purchasable","20":"product-type-variable","21":"has-default-attributes"},"yoast_head":"<!-- This site is optimized with the Yoast SEO plugin v27.3 - https:\/\/yoast.com\/product\/yoast-seo-wordpress\/ -->\n<title>Acquista Super Lemon Haze - I migliori migliori medicinali globali<\/title>\n<meta name=\"description\" content=\"Acquista la variet\u00e0 di marijuana Super Lemon Haze nel Regno Unito, in Europa agrume pungente e dolce ibrido a predominanza Sativa. Questo fiore \u00e8 una croce di puzzola di limone &amp;AMP; foschia d&#039;argento.\" \/>\n<meta name=\"robots\" content=\"index, follow, max-snippet:-1, max-image-preview:large, max-video-preview:-1\" \/>\n<link rel=\"canonical\" href=\"https:\/\/medicinasinc.com\/it\/product\/compra-super-limone-foschia\/\" \/>\n<meta property=\"og:locale\" content=\"it_IT\" \/>\n<meta property=\"og:type\" content=\"article\" \/>\n<meta property=\"og:title\" content=\"Acquista Super Lemon Haze - I migliori migliori medicinali globali\" \/>\n<meta property=\"og:description\" content=\"Acquista la variet\u00e0 di marijuana Super Lemon Haze nel Regno Unito, in Europa agrume pungente e dolce ibrido a predominanza Sativa. Questo fiore \u00e8 una croce di puzzola di limone &amp;AMP; foschia d&#039;argento.\" \/>\n<meta property=\"og:url\" content=\"https:\/\/medicinasinc.com\/it\/product\/compra-super-limone-foschia\/\" \/>\n<meta property=\"og:site_name\" content=\"Medicinas Inc\" \/>\n<meta property=\"article:modified_time\" content=\"2022-03-17T00:28:54+00:00\" \/>\n<meta property=\"og:image\" content=\"https:\/\/medicinasinc.com\/it\/wp-content\/uploads\/sites\/4\/2022\/02\/Buy-Super-Lemon-Haze.jpg\" \/>\n\t<meta property=\"og:image:width\" content=\"1080\" \/>\n\t<meta property=\"og:image:height\" content=\"1080\" \/>\n\t<meta property=\"og:image:type\" content=\"image\/jpeg\" \/>\n<meta name=\"twitter:card\" content=\"summary_large_image\" \/>\n<meta name=\"twitter:label1\" content=\"Tempo di lettura stimato\" \/>\n\t<meta name=\"twitter:data1\" content=\"3 minuti\" \/>\n<script type=\"application\/ld+json\" class=\"yoast-schema-graph\">{\"@context\":\"https:\\\/\\\/schema.org\",\"@graph\":[{\"@type\":\"WebPage\",\"@id\":\"https:\\\/\\\/medicinasinc.com\\\/it\\\/product\\\/compra-super-limone-foschia\\\/\",\"url\":\"https:\\\/\\\/medicinasinc.com\\\/it\\\/product\\\/compra-super-limone-foschia\\\/\",\"name\":\"Acquista Super Lemon Haze - I migliori migliori medicinali globali\",\"isPartOf\":{\"@id\":\"https:\\\/\\\/medicinasinc.com\\\/it\\\/#website\"},\"primaryImageOfPage\":{\"@id\":\"https:\\\/\\\/medicinasinc.com\\\/it\\\/product\\\/compra-super-limone-foschia\\\/#primaryimage\"},\"image\":{\"@id\":\"https:\\\/\\\/medicinasinc.com\\\/it\\\/product\\\/compra-super-limone-foschia\\\/#primaryimage\"},\"thumbnailUrl\":\"https:\\\/\\\/medicinasinc.com\\\/it\\\/wp-content\\\/uploads\\\/sites\\\/4\\\/2022\\\/02\\\/Buy-Super-Lemon-Haze.jpg\",\"datePublished\":\"2022-02-20T19:50:54+00:00\",\"dateModified\":\"2022-03-17T00:28:54+00:00\",\"description\":\"Acquista la variet\u00e0 di marijuana Super Lemon Haze nel Regno Unito, in Europa agrume pungente e dolce ibrido a predominanza Sativa. Questo fiore \u00e8 una croce di puzzola di limone &AMP; foschia d'argento.\",\"breadcrumb\":{\"@id\":\"https:\\\/\\\/medicinasinc.com\\\/it\\\/product\\\/compra-super-limone-foschia\\\/#breadcrumb\"},\"inLanguage\":\"it-IT\",\"potentialAction\":[{\"@type\":\"ReadAction\",\"target\":[\"https:\\\/\\\/medicinasinc.com\\\/it\\\/product\\\/compra-super-limone-foschia\\\/\"]}]},{\"@type\":\"ImageObject\",\"inLanguage\":\"it-IT\",\"@id\":\"https:\\\/\\\/medicinasinc.com\\\/it\\\/product\\\/compra-super-limone-foschia\\\/#primaryimage\",\"url\":\"https:\\\/\\\/medicinasinc.com\\\/it\\\/wp-content\\\/uploads\\\/sites\\\/4\\\/2022\\\/02\\\/Buy-Super-Lemon-Haze.jpg\",\"contentUrl\":\"https:\\\/\\\/medicinasinc.com\\\/it\\\/wp-content\\\/uploads\\\/sites\\\/4\\\/2022\\\/02\\\/Buy-Super-Lemon-Haze.jpg\",\"width\":1080,\"height\":1080},{\"@type\":\"BreadcrumbList\",\"@id\":\"https:\\\/\\\/medicinasinc.com\\\/it\\\/product\\\/compra-super-limone-foschia\\\/#breadcrumb\",\"itemListElement\":[{\"@type\":\"ListItem\",\"position\":1,\"name\":\"Negozio\",\"item\":\"https:\\\/\\\/medicinasinc.com\\\/it\\\/negozio\\\/\"},{\"@type\":\"ListItem\",\"position\":2,\"name\":\"Acquista Super Lemon Haze\"}]},{\"@type\":\"WebSite\",\"@id\":\"https:\\\/\\\/medicinasinc.com\\\/it\\\/#website\",\"url\":\"https:\\\/\\\/medicinasinc.com\\\/it\\\/\",\"name\":\"Medicinas Inc\",\"description\":\"Health Medical Clinic\",\"potentialAction\":[{\"@type\":\"SearchAction\",\"target\":{\"@type\":\"EntryPoint\",\"urlTemplate\":\"https:\\\/\\\/medicinasinc.com\\\/it\\\/?s={search_term_string}\"},\"query-input\":{\"@type\":\"PropertyValueSpecification\",\"valueRequired\":true,\"valueName\":\"search_term_string\"}}],\"inLanguage\":\"it-IT\"}]}<\/script>\n<!-- \/ Yoast SEO plugin. -->","yoast_head_json":{"title":"Acquista Super Lemon Haze - I migliori migliori medicinali globali","description":"Acquista la variet\u00e0 di marijuana Super Lemon Haze nel Regno Unito, in Europa agrume pungente e dolce ibrido a predominanza Sativa. Questo fiore \u00e8 una croce di puzzola di limone &AMP; foschia d'argento.","robots":{"index":"index","follow":"follow","max-snippet":"max-snippet:-1","max-image-preview":"max-image-preview:large","max-video-preview":"max-video-preview:-1"},"canonical":"https:\/\/medicinasinc.com\/it\/product\/compra-super-limone-foschia\/","og_locale":"it_IT","og_type":"article","og_title":"Acquista Super Lemon Haze - I migliori migliori medicinali globali","og_description":"Acquista la variet\u00e0 di marijuana Super Lemon Haze nel Regno Unito, in Europa agrume pungente e dolce ibrido a predominanza Sativa. Questo fiore \u00e8 una croce di puzzola di limone &AMP; foschia d'argento.","og_url":"https:\/\/medicinasinc.com\/it\/product\/compra-super-limone-foschia\/","og_site_name":"Medicinas Inc","article_modified_time":"2022-03-17T00:28:54+00:00","og_image":[{"width":1080,"height":1080,"url":"https:\/\/medicinasinc.com\/it\/wp-content\/uploads\/sites\/4\/2022\/02\/Buy-Super-Lemon-Haze.jpg","type":"image\/jpeg"}],"twitter_card":"summary_large_image","twitter_misc":{"Tempo di lettura stimato":"3 minuti"},"schema":{"@context":"https:\/\/schema.org","@graph":[{"@type":"WebPage","@id":"https:\/\/medicinasinc.com\/it\/product\/compra-super-limone-foschia\/","url":"https:\/\/medicinasinc.com\/it\/product\/compra-super-limone-foschia\/","name":"Acquista Super Lemon Haze - I migliori migliori medicinali globali","isPartOf":{"@id":"https:\/\/medicinasinc.com\/it\/#website"},"primaryImageOfPage":{"@id":"https:\/\/medicinasinc.com\/it\/product\/compra-super-limone-foschia\/#primaryimage"},"image":{"@id":"https:\/\/medicinasinc.com\/it\/product\/compra-super-limone-foschia\/#primaryimage"},"thumbnailUrl":"https:\/\/medicinasinc.com\/it\/wp-content\/uploads\/sites\/4\/2022\/02\/Buy-Super-Lemon-Haze.jpg","datePublished":"2022-02-20T19:50:54+00:00","dateModified":"2022-03-17T00:28:54+00:00","description":"Acquista la variet\u00e0 di marijuana Super Lemon Haze nel Regno Unito, in Europa agrume pungente e dolce ibrido a predominanza Sativa. Questo fiore \u00e8 una croce di puzzola di limone &AMP; foschia d'argento.","breadcrumb":{"@id":"https:\/\/medicinasinc.com\/it\/product\/compra-super-limone-foschia\/#breadcrumb"},"inLanguage":"it-IT","potentialAction":[{"@type":"ReadAction","target":["https:\/\/medicinasinc.com\/it\/product\/compra-super-limone-foschia\/"]}]},{"@type":"ImageObject","inLanguage":"it-IT","@id":"https:\/\/medicinasinc.com\/it\/product\/compra-super-limone-foschia\/#primaryimage","url":"https:\/\/medicinasinc.com\/it\/wp-content\/uploads\/sites\/4\/2022\/02\/Buy-Super-Lemon-Haze.jpg","contentUrl":"https:\/\/medicinasinc.com\/it\/wp-content\/uploads\/sites\/4\/2022\/02\/Buy-Super-Lemon-Haze.jpg","width":1080,"height":1080},{"@type":"BreadcrumbList","@id":"https:\/\/medicinasinc.com\/it\/product\/compra-super-limone-foschia\/#breadcrumb","itemListElement":[{"@type":"ListItem","position":1,"name":"Negozio","item":"https:\/\/medicinasinc.com\/it\/negozio\/"},{"@type":"ListItem","position":2,"name":"Acquista Super Lemon Haze"}]},{"@type":"WebSite","@id":"https:\/\/medicinasinc.com\/it\/#website","url":"https:\/\/medicinasinc.com\/it\/","name":"Medicinas Inc","description":"Health Medical Clinic","potentialAction":[{"@type":"SearchAction","target":{"@type":"EntryPoint","urlTemplate":"https:\/\/medicinasinc.com\/it\/?s={search_term_string}"},"query-input":{"@type":"PropertyValueSpecification","valueRequired":true,"valueName":"search_term_string"}}],"inLanguage":"it-IT"}]}},"_links":{"self":[{"href":"https:\/\/medicinasinc.com\/it\/wp-json\/wp\/v2\/product\/5068","targetHints":{"allow":["GET"]}}],"collection":[{"href":"https:\/\/medicinasinc.com\/it\/wp-json\/wp\/v2\/product"}],"about":[{"href":"https:\/\/medicinasinc.com\/it\/wp-json\/wp\/v2\/types\/product"}],"replies":[{"embeddable":true,"href":"https:\/\/medicinasinc.com\/it\/wp-json\/wp\/v2\/comments?post=5068"}],"wp:featuredmedia":[{"embeddable":true,"href":"https:\/\/medicinasinc.com\/it\/wp-json\/wp\/v2\/media\/5085"}],"wp:attachment":[{"href":"https:\/\/medicinasinc.com\/it\/wp-json\/wp\/v2\/media?parent=5068"}],"wp:term":[{"taxonomy":"product_brand","embeddable":true,"href":"https:\/\/medicinasinc.com\/it\/wp-json\/wp\/v2\/product_brand?post=5068"},{"taxonomy":"product_cat","embeddable":true,"href":"https:\/\/medicinasinc.com\/it\/wp-json\/wp\/v2\/product_cat?post=5068"},{"taxonomy":"product_tag","embeddable":true,"href":"https:\/\/medicinasinc.com\/it\/wp-json\/wp\/v2\/product_tag?post=5068"}],"curies":[{"name":"wp","href":"https:\/\/api.w.org\/{rel}","templated":true}]}}