{"id":5066,"date":"2022-02-20T19:49:25","date_gmt":"2022-02-20T19:49:25","guid":{"rendered":"https:\/\/medicinasinc.com\/it\/?post_type=product&#038;p=5066"},"modified":"2022-03-17T00:29:01","modified_gmt":"2022-03-17T00:29:01","slug":"comprare-snoops-dream-marijuana","status":"publish","type":"product","link":"https:\/\/medicinasinc.com\/it\/product\/comprare-snoops-dream-marijuana\/","title":{"rendered":"Compra Marijuana Sogno di Snoop"},"content":{"rendered":"<p><strong>La variet\u00e0 di marijuana Snoops Dream pu\u00f2 essere acquistata online.<\/strong><\/p>\n<p>La variet\u00e0 di marijuana Snoops Dream pu\u00f2 essere acquistata online.<\/p>\n<p>Effetti<br \/> Creativa, energizzante , Euforia, Risata, Felice, Rilassante, edificante<br \/> Pu\u00f2 alleviare<br \/> Disturbo bipolare, dolore cronico, depressione, affaticamento, mal di testa, insonnia, sindrome premestruale, disturbo da stress post-traumatico, stress<br \/> Aromi<br \/> Bacche, Mirtillo, Burro, Pino, Zuccherino, Dolce, Vaniglia<\/p>\n","protected":false},"excerpt":{"rendered":"<p>Acquista la variet\u00e0 di marijuana Snoops Dream pu\u00f2 essere acquistata online. Snoop&#8217;s Dream \u00e8 una variet\u00e0 di marijuana sviluppata da Snoop Dogg. Ibrido &#8211; 50% Sativa, 50% Indica THC: 26%<\/p>\n<p>Snoop&#8217;s Dream \u00e8 una variet\u00e0 di cannabis che prende il nome dall&#8217;artista hip hop Snoop Dog. Ha mostrato un notevole interesse nel settore della marijuana.<\/p>\n<p>Snoop&#8217;s Dream \u00e8 una variet\u00e0 di marijuana sviluppata da Snoop Dogg. Ibrido &#8211; 50% Sativa, 50% Indica Contenuto di THC: 26%. Offriamo la possibilit\u00e0 di acquistare online marijuana medica, wax&amp;shatter ed erba.<\/p>\n","protected":false},"featured_media":5083,"comment_status":"open","ping_status":"closed","template":"","meta":[],"product_brand":[],"product_cat":[778],"product_tag":[1011,1017,1012,1014,1013,1015,1016,1018],"class_list":{"0":"post-5066","1":"product","2":"type-product","3":"status-publish","4":"has-post-thumbnail","6":"product_cat-erba-in-vendita","7":"product_tag-blue-dream-price","8":"product_tag-ceppi-ficcanaso","9":"product_tag-sogno-cane-ceppo","10":"product_tag-leafs-by-snoop-ceppi","11":"product_tag-crescente-snoops-sogno","12":"product_tag-prezzo-master-kush","13":"product_tag-snoop-dawg-ceppo-redbud-roots","14":"product_tag-snoops-dream-wikileaf","16":"first","17":"instock","18":"shipping-taxable","19":"purchasable","20":"product-type-variable","21":"has-default-attributes"},"yoast_head":"<!-- This site is optimized with the Yoast SEO plugin v27.3 - https:\/\/yoast.com\/product\/yoast-seo-wordpress\/ -->\n<title>Acquista Snoops Dream Marijuana - I migliori migliori medicinali globali<\/title>\n<meta name=\"description\" content=\"Incrociando il Blue Dream con Master Kush, due variet\u00e0 vibranti e potenti che si dice siano ... Questa \u00e8 la migliore piattaforma per la vendita di marijuana Buy Snoop&#039;s Dream.\" \/>\n<meta name=\"robots\" content=\"index, follow, max-snippet:-1, max-image-preview:large, max-video-preview:-1\" \/>\n<link rel=\"canonical\" href=\"https:\/\/medicinasinc.com\/it\/product\/comprare-snoops-dream-marijuana\/\" \/>\n<meta property=\"og:locale\" content=\"it_IT\" \/>\n<meta property=\"og:type\" content=\"article\" \/>\n<meta property=\"og:title\" content=\"Acquista Snoops Dream Marijuana - I migliori migliori medicinali globali\" \/>\n<meta property=\"og:description\" content=\"Incrociando il Blue Dream con Master Kush, due variet\u00e0 vibranti e potenti che si dice siano ... Questa \u00e8 la migliore piattaforma per la vendita di marijuana Buy Snoop&#039;s Dream.\" \/>\n<meta property=\"og:url\" content=\"https:\/\/medicinasinc.com\/it\/product\/comprare-snoops-dream-marijuana\/\" \/>\n<meta property=\"og:site_name\" content=\"Medicinas Inc\" \/>\n<meta property=\"article:modified_time\" content=\"2022-03-17T00:29:01+00:00\" \/>\n<meta property=\"og:image\" content=\"https:\/\/medicinasinc.com\/it\/wp-content\/uploads\/sites\/4\/2022\/02\/Buy-Snoops-Dream-Marijuana.jpg\" \/>\n\t<meta property=\"og:image:width\" content=\"2000\" \/>\n\t<meta property=\"og:image:height\" content=\"1333\" \/>\n\t<meta property=\"og:image:type\" content=\"image\/jpeg\" \/>\n<meta name=\"twitter:card\" content=\"summary_large_image\" \/>\n<meta name=\"twitter:label1\" content=\"Tempo di lettura stimato\" \/>\n\t<meta name=\"twitter:data1\" content=\"1 minuto\" \/>\n<script type=\"application\/ld+json\" class=\"yoast-schema-graph\">{\"@context\":\"https:\\\/\\\/schema.org\",\"@graph\":[{\"@type\":\"WebPage\",\"@id\":\"https:\\\/\\\/medicinasinc.com\\\/it\\\/product\\\/comprare-snoops-dream-marijuana\\\/\",\"url\":\"https:\\\/\\\/medicinasinc.com\\\/it\\\/product\\\/comprare-snoops-dream-marijuana\\\/\",\"name\":\"Acquista Snoops Dream Marijuana - I migliori migliori medicinali globali\",\"isPartOf\":{\"@id\":\"https:\\\/\\\/medicinasinc.com\\\/it\\\/#website\"},\"primaryImageOfPage\":{\"@id\":\"https:\\\/\\\/medicinasinc.com\\\/it\\\/product\\\/comprare-snoops-dream-marijuana\\\/#primaryimage\"},\"image\":{\"@id\":\"https:\\\/\\\/medicinasinc.com\\\/it\\\/product\\\/comprare-snoops-dream-marijuana\\\/#primaryimage\"},\"thumbnailUrl\":\"https:\\\/\\\/medicinasinc.com\\\/it\\\/wp-content\\\/uploads\\\/sites\\\/4\\\/2022\\\/02\\\/Buy-Snoops-Dream-Marijuana.jpg\",\"datePublished\":\"2022-02-20T19:49:25+00:00\",\"dateModified\":\"2022-03-17T00:29:01+00:00\",\"description\":\"Incrociando il Blue Dream con Master Kush, due variet\u00e0 vibranti e potenti che si dice siano ... Questa \u00e8 la migliore piattaforma per la vendita di marijuana Buy Snoop's Dream.\",\"breadcrumb\":{\"@id\":\"https:\\\/\\\/medicinasinc.com\\\/it\\\/product\\\/comprare-snoops-dream-marijuana\\\/#breadcrumb\"},\"inLanguage\":\"it-IT\",\"potentialAction\":[{\"@type\":\"ReadAction\",\"target\":[\"https:\\\/\\\/medicinasinc.com\\\/it\\\/product\\\/comprare-snoops-dream-marijuana\\\/\"]}]},{\"@type\":\"ImageObject\",\"inLanguage\":\"it-IT\",\"@id\":\"https:\\\/\\\/medicinasinc.com\\\/it\\\/product\\\/comprare-snoops-dream-marijuana\\\/#primaryimage\",\"url\":\"https:\\\/\\\/medicinasinc.com\\\/it\\\/wp-content\\\/uploads\\\/sites\\\/4\\\/2022\\\/02\\\/Buy-Snoops-Dream-Marijuana.jpg\",\"contentUrl\":\"https:\\\/\\\/medicinasinc.com\\\/it\\\/wp-content\\\/uploads\\\/sites\\\/4\\\/2022\\\/02\\\/Buy-Snoops-Dream-Marijuana.jpg\",\"width\":2000,\"height\":1333},{\"@type\":\"BreadcrumbList\",\"@id\":\"https:\\\/\\\/medicinasinc.com\\\/it\\\/product\\\/comprare-snoops-dream-marijuana\\\/#breadcrumb\",\"itemListElement\":[{\"@type\":\"ListItem\",\"position\":1,\"name\":\"Negozio\",\"item\":\"https:\\\/\\\/medicinasinc.com\\\/it\\\/negozio\\\/\"},{\"@type\":\"ListItem\",\"position\":2,\"name\":\"Compra Marijuana Sogno di Snoop\"}]},{\"@type\":\"WebSite\",\"@id\":\"https:\\\/\\\/medicinasinc.com\\\/it\\\/#website\",\"url\":\"https:\\\/\\\/medicinasinc.com\\\/it\\\/\",\"name\":\"Medicinas Inc\",\"description\":\"Health Medical Clinic\",\"potentialAction\":[{\"@type\":\"SearchAction\",\"target\":{\"@type\":\"EntryPoint\",\"urlTemplate\":\"https:\\\/\\\/medicinasinc.com\\\/it\\\/?s={search_term_string}\"},\"query-input\":{\"@type\":\"PropertyValueSpecification\",\"valueRequired\":true,\"valueName\":\"search_term_string\"}}],\"inLanguage\":\"it-IT\"}]}<\/script>\n<!-- \/ Yoast SEO plugin. -->","yoast_head_json":{"title":"Acquista Snoops Dream Marijuana - I migliori migliori medicinali globali","description":"Incrociando il Blue Dream con Master Kush, due variet\u00e0 vibranti e potenti che si dice siano ... Questa \u00e8 la migliore piattaforma per la vendita di marijuana Buy Snoop's Dream.","robots":{"index":"index","follow":"follow","max-snippet":"max-snippet:-1","max-image-preview":"max-image-preview:large","max-video-preview":"max-video-preview:-1"},"canonical":"https:\/\/medicinasinc.com\/it\/product\/comprare-snoops-dream-marijuana\/","og_locale":"it_IT","og_type":"article","og_title":"Acquista Snoops Dream Marijuana - I migliori migliori medicinali globali","og_description":"Incrociando il Blue Dream con Master Kush, due variet\u00e0 vibranti e potenti che si dice siano ... Questa \u00e8 la migliore piattaforma per la vendita di marijuana Buy Snoop's Dream.","og_url":"https:\/\/medicinasinc.com\/it\/product\/comprare-snoops-dream-marijuana\/","og_site_name":"Medicinas Inc","article_modified_time":"2022-03-17T00:29:01+00:00","og_image":[{"width":2000,"height":1333,"url":"https:\/\/medicinasinc.com\/it\/wp-content\/uploads\/sites\/4\/2022\/02\/Buy-Snoops-Dream-Marijuana.jpg","type":"image\/jpeg"}],"twitter_card":"summary_large_image","twitter_misc":{"Tempo di lettura stimato":"1 minuto"},"schema":{"@context":"https:\/\/schema.org","@graph":[{"@type":"WebPage","@id":"https:\/\/medicinasinc.com\/it\/product\/comprare-snoops-dream-marijuana\/","url":"https:\/\/medicinasinc.com\/it\/product\/comprare-snoops-dream-marijuana\/","name":"Acquista Snoops Dream Marijuana - I migliori migliori medicinali globali","isPartOf":{"@id":"https:\/\/medicinasinc.com\/it\/#website"},"primaryImageOfPage":{"@id":"https:\/\/medicinasinc.com\/it\/product\/comprare-snoops-dream-marijuana\/#primaryimage"},"image":{"@id":"https:\/\/medicinasinc.com\/it\/product\/comprare-snoops-dream-marijuana\/#primaryimage"},"thumbnailUrl":"https:\/\/medicinasinc.com\/it\/wp-content\/uploads\/sites\/4\/2022\/02\/Buy-Snoops-Dream-Marijuana.jpg","datePublished":"2022-02-20T19:49:25+00:00","dateModified":"2022-03-17T00:29:01+00:00","description":"Incrociando il Blue Dream con Master Kush, due variet\u00e0 vibranti e potenti che si dice siano ... Questa \u00e8 la migliore piattaforma per la vendita di marijuana Buy Snoop's Dream.","breadcrumb":{"@id":"https:\/\/medicinasinc.com\/it\/product\/comprare-snoops-dream-marijuana\/#breadcrumb"},"inLanguage":"it-IT","potentialAction":[{"@type":"ReadAction","target":["https:\/\/medicinasinc.com\/it\/product\/comprare-snoops-dream-marijuana\/"]}]},{"@type":"ImageObject","inLanguage":"it-IT","@id":"https:\/\/medicinasinc.com\/it\/product\/comprare-snoops-dream-marijuana\/#primaryimage","url":"https:\/\/medicinasinc.com\/it\/wp-content\/uploads\/sites\/4\/2022\/02\/Buy-Snoops-Dream-Marijuana.jpg","contentUrl":"https:\/\/medicinasinc.com\/it\/wp-content\/uploads\/sites\/4\/2022\/02\/Buy-Snoops-Dream-Marijuana.jpg","width":2000,"height":1333},{"@type":"BreadcrumbList","@id":"https:\/\/medicinasinc.com\/it\/product\/comprare-snoops-dream-marijuana\/#breadcrumb","itemListElement":[{"@type":"ListItem","position":1,"name":"Negozio","item":"https:\/\/medicinasinc.com\/it\/negozio\/"},{"@type":"ListItem","position":2,"name":"Compra Marijuana Sogno di Snoop"}]},{"@type":"WebSite","@id":"https:\/\/medicinasinc.com\/it\/#website","url":"https:\/\/medicinasinc.com\/it\/","name":"Medicinas Inc","description":"Health Medical Clinic","potentialAction":[{"@type":"SearchAction","target":{"@type":"EntryPoint","urlTemplate":"https:\/\/medicinasinc.com\/it\/?s={search_term_string}"},"query-input":{"@type":"PropertyValueSpecification","valueRequired":true,"valueName":"search_term_string"}}],"inLanguage":"it-IT"}]}},"_links":{"self":[{"href":"https:\/\/medicinasinc.com\/it\/wp-json\/wp\/v2\/product\/5066","targetHints":{"allow":["GET"]}}],"collection":[{"href":"https:\/\/medicinasinc.com\/it\/wp-json\/wp\/v2\/product"}],"about":[{"href":"https:\/\/medicinasinc.com\/it\/wp-json\/wp\/v2\/types\/product"}],"replies":[{"embeddable":true,"href":"https:\/\/medicinasinc.com\/it\/wp-json\/wp\/v2\/comments?post=5066"}],"wp:featuredmedia":[{"embeddable":true,"href":"https:\/\/medicinasinc.com\/it\/wp-json\/wp\/v2\/media\/5083"}],"wp:attachment":[{"href":"https:\/\/medicinasinc.com\/it\/wp-json\/wp\/v2\/media?parent=5066"}],"wp:term":[{"taxonomy":"product_brand","embeddable":true,"href":"https:\/\/medicinasinc.com\/it\/wp-json\/wp\/v2\/product_brand?post=5066"},{"taxonomy":"product_cat","embeddable":true,"href":"https:\/\/medicinasinc.com\/it\/wp-json\/wp\/v2\/product_cat?post=5066"},{"taxonomy":"product_tag","embeddable":true,"href":"https:\/\/medicinasinc.com\/it\/wp-json\/wp\/v2\/product_tag?post=5066"}],"curies":[{"name":"wp","href":"https:\/\/api.w.org\/{rel}","templated":true}]}}