{"id":5047,"date":"2022-02-20T19:35:13","date_gmt":"2022-02-20T19:35:13","guid":{"rendered":"https:\/\/medicinasinc.com\/it\/?post_type=product&#038;p=5047"},"modified":"2022-03-17T00:29:10","modified_gmt":"2022-03-17T00:29:10","slug":"compra-viola-drago-marijuana-aaaaa","status":"publish","type":"product","link":"https:\/\/medicinasinc.com\/it\/product\/compra-viola-drago-marijuana-aaaaa\/","title":{"rendered":"Acquista Marijuana Purple Dragon (AAAA)"},"content":{"rendered":"<p>Cannabis Purple Dragon (AAAAA) &#8211; 30% Sativa \/ 60% Indica<\/p>\n<p>Purple Dragon \u00e8 una variet\u00e0 ibrida a predominanza indica creata incrociando la potente Purple Urkle con la Blue Dragon. Purple Dragon regala uno sballo equilibrato che lenisce e rilassa la mente e il corpo. Questa variet\u00e0 genera un aroma piuttosto insolito, che combina la salvia muschiata con un caratteristico sapore floreale che indugia al palato. Dopo aver inalato questa tensione, la mente si energizza e una forte euforia dissipa rapidamente la preoccupazione e la depressione. Purple Dragon offre innanzitutto agli utenti una chiarezza mentale esilarante e stimolante; tuttavia, questi benefici svaniscono gradualmente per lasciare agli utenti ore di sollievo dal dolore e sedazione. I dolori e i dolori fisici generali diminuiranno quando il corpo dell&#8217;utente entrer\u00e0 gradualmente in uno stato di rilassamento percepito sia fisicamente che mentalmente. Purple Dragon \u00e8 un&#8217;utile opzione di trattamento per una variet\u00e0 di malattie, tra cui ansia, depressione, disturbi dell&#8217;umore, esaurimento fisico, emicrania\/mal di testa, dolore cronico e perdita di appetito.<\/p>\n<div class=\"product-next-previous\">\n<div class=\"product-prev\"><\/div><\/div>\n","protected":false},"excerpt":{"rendered":"<p>Purple Dragon Crassula (Crassula multicava) \u00e8 una succulenta splendida e colorata che ha un grande&#8230; Acquista tre o pi\u00f9 articoli e ricevili a $ 10,80 ciascuno.<\/p>\n<ul>\n<li>AAAAA rappresenta il meglio del meglio!<\/li>\n<li>Contattaci per ordini all&#8217;ingrosso<\/li>\n<li>In tutto il mondo spedizione.<\/li>\n<\/ul>\n","protected":false},"featured_media":5067,"comment_status":"open","ping_status":"closed","template":"","meta":[],"product_brand":[],"product_cat":[778],"product_tag":[1010,1007,1006,1008,1009],"class_list":{"0":"post-5047","1":"product","2":"type-product","3":"status-publish","4":"has-post-thumbnail","6":"product_cat-erba-in-vendita","7":"product_tag-porpora-drago-peluche-grande","8":"product_tag-fumetto-drago-viola-e-verde","9":"product_tag-nomi-draghi-verdi-e-viola","10":"product_tag-purple-dragon-cesoie-recensioni","11":"product_tag-viola-dragon-cesoie-sito-web","13":"first","14":"instock","15":"shipping-taxable","16":"purchasable","17":"product-type-variable","18":"has-default-attributes"},"yoast_head":"<!-- This site is optimized with the Yoast SEO plugin v27.3 - https:\/\/yoast.com\/product\/yoast-seo-wordpress\/ -->\n<title>Acquista Purple Dragon (AAAAA) - I migliori migliori medicinali globali<\/title>\n<meta name=\"description\" content=\"Acquista la variet\u00e0 di marijuana Purple Dragon. Etereo e surreale, il drago viola \u00e8 il guardiano dei cristalli ultraterreni. Dipinto digitalmente da Tobias Vyseri.\" \/>\n<meta name=\"robots\" content=\"index, follow, max-snippet:-1, max-image-preview:large, max-video-preview:-1\" \/>\n<link rel=\"canonical\" href=\"https:\/\/medicinasinc.com\/it\/product\/compra-viola-drago-marijuana-aaaaa\/\" \/>\n<meta property=\"og:locale\" content=\"it_IT\" \/>\n<meta property=\"og:type\" content=\"article\" \/>\n<meta property=\"og:title\" content=\"Acquista Purple Dragon (AAAAA) - I migliori migliori medicinali globali\" \/>\n<meta property=\"og:description\" content=\"Acquista la variet\u00e0 di marijuana Purple Dragon. Etereo e surreale, il drago viola \u00e8 il guardiano dei cristalli ultraterreni. Dipinto digitalmente da Tobias Vyseri.\" \/>\n<meta property=\"og:url\" content=\"https:\/\/medicinasinc.com\/it\/product\/compra-viola-drago-marijuana-aaaaa\/\" \/>\n<meta property=\"og:site_name\" content=\"Medicinas Inc\" \/>\n<meta property=\"article:modified_time\" content=\"2022-03-17T00:29:10+00:00\" \/>\n<meta property=\"og:image\" content=\"https:\/\/medicinasinc.com\/it\/wp-content\/uploads\/sites\/4\/2022\/02\/Buy-Purple-Dragon.jpg\" \/>\n\t<meta property=\"og:image:width\" content=\"541\" \/>\n\t<meta property=\"og:image:height\" content=\"459\" \/>\n\t<meta property=\"og:image:type\" content=\"image\/jpeg\" \/>\n<meta name=\"twitter:card\" content=\"summary_large_image\" \/>\n<meta name=\"twitter:label1\" content=\"Tempo di lettura stimato\" \/>\n\t<meta name=\"twitter:data1\" content=\"1 minuto\" \/>\n<script type=\"application\/ld+json\" class=\"yoast-schema-graph\">{\"@context\":\"https:\\\/\\\/schema.org\",\"@graph\":[{\"@type\":\"WebPage\",\"@id\":\"https:\\\/\\\/medicinasinc.com\\\/it\\\/product\\\/compra-viola-drago-marijuana-aaaaa\\\/\",\"url\":\"https:\\\/\\\/medicinasinc.com\\\/it\\\/product\\\/compra-viola-drago-marijuana-aaaaa\\\/\",\"name\":\"Acquista Purple Dragon (AAAAA) - I migliori migliori medicinali globali\",\"isPartOf\":{\"@id\":\"https:\\\/\\\/medicinasinc.com\\\/it\\\/#website\"},\"primaryImageOfPage\":{\"@id\":\"https:\\\/\\\/medicinasinc.com\\\/it\\\/product\\\/compra-viola-drago-marijuana-aaaaa\\\/#primaryimage\"},\"image\":{\"@id\":\"https:\\\/\\\/medicinasinc.com\\\/it\\\/product\\\/compra-viola-drago-marijuana-aaaaa\\\/#primaryimage\"},\"thumbnailUrl\":\"https:\\\/\\\/medicinasinc.com\\\/it\\\/wp-content\\\/uploads\\\/sites\\\/4\\\/2022\\\/02\\\/Buy-Purple-Dragon.jpg\",\"datePublished\":\"2022-02-20T19:35:13+00:00\",\"dateModified\":\"2022-03-17T00:29:10+00:00\",\"description\":\"Acquista la variet\u00e0 di marijuana Purple Dragon. Etereo e surreale, il drago viola \u00e8 il guardiano dei cristalli ultraterreni. Dipinto digitalmente da Tobias Vyseri.\",\"breadcrumb\":{\"@id\":\"https:\\\/\\\/medicinasinc.com\\\/it\\\/product\\\/compra-viola-drago-marijuana-aaaaa\\\/#breadcrumb\"},\"inLanguage\":\"it-IT\",\"potentialAction\":[{\"@type\":\"ReadAction\",\"target\":[\"https:\\\/\\\/medicinasinc.com\\\/it\\\/product\\\/compra-viola-drago-marijuana-aaaaa\\\/\"]}]},{\"@type\":\"ImageObject\",\"inLanguage\":\"it-IT\",\"@id\":\"https:\\\/\\\/medicinasinc.com\\\/it\\\/product\\\/compra-viola-drago-marijuana-aaaaa\\\/#primaryimage\",\"url\":\"https:\\\/\\\/medicinasinc.com\\\/it\\\/wp-content\\\/uploads\\\/sites\\\/4\\\/2022\\\/02\\\/Buy-Purple-Dragon.jpg\",\"contentUrl\":\"https:\\\/\\\/medicinasinc.com\\\/it\\\/wp-content\\\/uploads\\\/sites\\\/4\\\/2022\\\/02\\\/Buy-Purple-Dragon.jpg\",\"width\":541,\"height\":459},{\"@type\":\"BreadcrumbList\",\"@id\":\"https:\\\/\\\/medicinasinc.com\\\/it\\\/product\\\/compra-viola-drago-marijuana-aaaaa\\\/#breadcrumb\",\"itemListElement\":[{\"@type\":\"ListItem\",\"position\":1,\"name\":\"Negozio\",\"item\":\"https:\\\/\\\/medicinasinc.com\\\/it\\\/negozio\\\/\"},{\"@type\":\"ListItem\",\"position\":2,\"name\":\"Acquista Marijuana Purple Dragon (AAAA)\"}]},{\"@type\":\"WebSite\",\"@id\":\"https:\\\/\\\/medicinasinc.com\\\/it\\\/#website\",\"url\":\"https:\\\/\\\/medicinasinc.com\\\/it\\\/\",\"name\":\"Medicinas Inc\",\"description\":\"Health Medical Clinic\",\"potentialAction\":[{\"@type\":\"SearchAction\",\"target\":{\"@type\":\"EntryPoint\",\"urlTemplate\":\"https:\\\/\\\/medicinasinc.com\\\/it\\\/?s={search_term_string}\"},\"query-input\":{\"@type\":\"PropertyValueSpecification\",\"valueRequired\":true,\"valueName\":\"search_term_string\"}}],\"inLanguage\":\"it-IT\"}]}<\/script>\n<!-- \/ Yoast SEO plugin. -->","yoast_head_json":{"title":"Acquista Purple Dragon (AAAAA) - I migliori migliori medicinali globali","description":"Acquista la variet\u00e0 di marijuana Purple Dragon. Etereo e surreale, il drago viola \u00e8 il guardiano dei cristalli ultraterreni. Dipinto digitalmente da Tobias Vyseri.","robots":{"index":"index","follow":"follow","max-snippet":"max-snippet:-1","max-image-preview":"max-image-preview:large","max-video-preview":"max-video-preview:-1"},"canonical":"https:\/\/medicinasinc.com\/it\/product\/compra-viola-drago-marijuana-aaaaa\/","og_locale":"it_IT","og_type":"article","og_title":"Acquista Purple Dragon (AAAAA) - I migliori migliori medicinali globali","og_description":"Acquista la variet\u00e0 di marijuana Purple Dragon. Etereo e surreale, il drago viola \u00e8 il guardiano dei cristalli ultraterreni. Dipinto digitalmente da Tobias Vyseri.","og_url":"https:\/\/medicinasinc.com\/it\/product\/compra-viola-drago-marijuana-aaaaa\/","og_site_name":"Medicinas Inc","article_modified_time":"2022-03-17T00:29:10+00:00","og_image":[{"width":541,"height":459,"url":"https:\/\/medicinasinc.com\/it\/wp-content\/uploads\/sites\/4\/2022\/02\/Buy-Purple-Dragon.jpg","type":"image\/jpeg"}],"twitter_card":"summary_large_image","twitter_misc":{"Tempo di lettura stimato":"1 minuto"},"schema":{"@context":"https:\/\/schema.org","@graph":[{"@type":"WebPage","@id":"https:\/\/medicinasinc.com\/it\/product\/compra-viola-drago-marijuana-aaaaa\/","url":"https:\/\/medicinasinc.com\/it\/product\/compra-viola-drago-marijuana-aaaaa\/","name":"Acquista Purple Dragon (AAAAA) - I migliori migliori medicinali globali","isPartOf":{"@id":"https:\/\/medicinasinc.com\/it\/#website"},"primaryImageOfPage":{"@id":"https:\/\/medicinasinc.com\/it\/product\/compra-viola-drago-marijuana-aaaaa\/#primaryimage"},"image":{"@id":"https:\/\/medicinasinc.com\/it\/product\/compra-viola-drago-marijuana-aaaaa\/#primaryimage"},"thumbnailUrl":"https:\/\/medicinasinc.com\/it\/wp-content\/uploads\/sites\/4\/2022\/02\/Buy-Purple-Dragon.jpg","datePublished":"2022-02-20T19:35:13+00:00","dateModified":"2022-03-17T00:29:10+00:00","description":"Acquista la variet\u00e0 di marijuana Purple Dragon. Etereo e surreale, il drago viola \u00e8 il guardiano dei cristalli ultraterreni. Dipinto digitalmente da Tobias Vyseri.","breadcrumb":{"@id":"https:\/\/medicinasinc.com\/it\/product\/compra-viola-drago-marijuana-aaaaa\/#breadcrumb"},"inLanguage":"it-IT","potentialAction":[{"@type":"ReadAction","target":["https:\/\/medicinasinc.com\/it\/product\/compra-viola-drago-marijuana-aaaaa\/"]}]},{"@type":"ImageObject","inLanguage":"it-IT","@id":"https:\/\/medicinasinc.com\/it\/product\/compra-viola-drago-marijuana-aaaaa\/#primaryimage","url":"https:\/\/medicinasinc.com\/it\/wp-content\/uploads\/sites\/4\/2022\/02\/Buy-Purple-Dragon.jpg","contentUrl":"https:\/\/medicinasinc.com\/it\/wp-content\/uploads\/sites\/4\/2022\/02\/Buy-Purple-Dragon.jpg","width":541,"height":459},{"@type":"BreadcrumbList","@id":"https:\/\/medicinasinc.com\/it\/product\/compra-viola-drago-marijuana-aaaaa\/#breadcrumb","itemListElement":[{"@type":"ListItem","position":1,"name":"Negozio","item":"https:\/\/medicinasinc.com\/it\/negozio\/"},{"@type":"ListItem","position":2,"name":"Acquista Marijuana Purple Dragon (AAAA)"}]},{"@type":"WebSite","@id":"https:\/\/medicinasinc.com\/it\/#website","url":"https:\/\/medicinasinc.com\/it\/","name":"Medicinas Inc","description":"Health Medical Clinic","potentialAction":[{"@type":"SearchAction","target":{"@type":"EntryPoint","urlTemplate":"https:\/\/medicinasinc.com\/it\/?s={search_term_string}"},"query-input":{"@type":"PropertyValueSpecification","valueRequired":true,"valueName":"search_term_string"}}],"inLanguage":"it-IT"}]}},"_links":{"self":[{"href":"https:\/\/medicinasinc.com\/it\/wp-json\/wp\/v2\/product\/5047","targetHints":{"allow":["GET"]}}],"collection":[{"href":"https:\/\/medicinasinc.com\/it\/wp-json\/wp\/v2\/product"}],"about":[{"href":"https:\/\/medicinasinc.com\/it\/wp-json\/wp\/v2\/types\/product"}],"replies":[{"embeddable":true,"href":"https:\/\/medicinasinc.com\/it\/wp-json\/wp\/v2\/comments?post=5047"}],"wp:featuredmedia":[{"embeddable":true,"href":"https:\/\/medicinasinc.com\/it\/wp-json\/wp\/v2\/media\/5067"}],"wp:attachment":[{"href":"https:\/\/medicinasinc.com\/it\/wp-json\/wp\/v2\/media?parent=5047"}],"wp:term":[{"taxonomy":"product_brand","embeddable":true,"href":"https:\/\/medicinasinc.com\/it\/wp-json\/wp\/v2\/product_brand?post=5047"},{"taxonomy":"product_cat","embeddable":true,"href":"https:\/\/medicinasinc.com\/it\/wp-json\/wp\/v2\/product_cat?post=5047"},{"taxonomy":"product_tag","embeddable":true,"href":"https:\/\/medicinasinc.com\/it\/wp-json\/wp\/v2\/product_tag?post=5047"}],"curies":[{"name":"wp","href":"https:\/\/api.w.org\/{rel}","templated":true}]}}