{"id":5045,"date":"2022-02-20T19:32:59","date_gmt":"2022-02-20T19:32:59","guid":{"rendered":"https:\/\/medicinasinc.com\/it\/?post_type=product&#038;p=5045"},"modified":"2022-03-17T00:29:30","modified_gmt":"2022-03-17T00:29:30","slug":"compra-mirtillo-montagna-rocciosa","status":"publish","type":"product","link":"https:\/\/medicinasinc.com\/it\/product\/compra-mirtillo-montagna-rocciosa\/","title":{"rendered":"Acquista il mirtillo delle montagne rocciose"},"content":{"rendered":"<h1><a href=\"https:\/\/www.bestglobalmeds.com\/product\/marijuana\/rocky-mountain\/\">Acquista Rocky Mountain Blueberry<\/a> Variet\u00e0<\/h1>\n<p>Rocky Mountain Blueberry \u00e8 a predominanza Indica Ibrido \u2013 70% Indica \/ 30% Sativa THC: 15% \u2013 18%<\/p>\n<p>Effetti<br \/> Eccitato, Creativo, Energizzante, Felice, Motivazione, Rilassante<br \/> Pu\u00f2 Alleviare<br \/> Depressione , Stanchezza, Glaucoma, Mal di testa, Stress<br \/> Aromi<br \/> Bacche, Caramelle, Fruttato, Dolce<br \/> Aromi<br \/> Bacche, Mirtillo, Terroso, Erboristico, Dolce<\/p>\n<p>Roccioso La Mountain Blueberry \u00e8 una variet\u00e0 ibrida a predominanza indica creata dalle gustose variet\u00e0 Shishkaberry e Blueberry. Questa variet\u00e0 \u00e8 famosa per il suo sapore seducente, simile ai deliziosi mirtilli appena raccolti o a una succosa caramella al gusto di mirtillo! L&#8217;aroma \u00e8 altrettanto delizioso, con note di mirtilli terrosi, pino fresco e un pizzico di limone. L&#8217;effetto Rocky Mountain Blueberry \u00e8 dolce quanto il sapore, con effetti stimolanti e tonificanti ideali per prepararsi a un&#8217;avventura all&#8217;aria aperta. Ti sentirai a tuo agio ma preparato per fare un&#8217;escursione, nuotare, correre o qualsiasi altra cosa ti venga in mente mentre sei fuori. Questo stato d&#8217;animo a volte pu\u00f2 essere leggermente formicolio, facendoti sentire un po&#8217; ansioso e leggermente eccitato. Si dice che Rocky Mountain Blueberry sia l&#8217;ideale per il trattamento di disturbi come esaurimento, depressione, mal di testa o emicrania e glaucoma o pressione oculare elevata a causa di questi effetti e del suo significativo contenuto medio di THC del 15-18%. Cime verde oliva scuro con sfumature blu e un rivestimento di vividi tricomi color lavanda caratterizzano questa gemma.<\/p>\n","protected":false},"excerpt":{"rendered":"<div class=\"woocommerce-product-details__short-description\">\n<p>Acquisto online di variet\u00e0 di mirtilli Rocky Mountain. Rocky Mountain Blueberry \u00e8 un ibrido Indica dominante &#8211; 70% Indica \/ 30% Sativa. Contenuto di THC della sativa: 15%\u201318%<\/p>\n<p>Rocky Mountain Blueberry \u00e8 una variet\u00e0 ibrida a predominanza indica creata dai gustosi genitori Shishkaberry X Blueberry.<\/p>\n<\/p><\/div>\n","protected":false},"featured_media":5063,"comment_status":"open","ping_status":"closed","template":"","meta":[],"product_brand":[],"product_cat":[778],"product_tag":[1001,998,1003,1000,996,1002,997,999],"class_list":{"0":"post-5045","1":"product","2":"type-product","3":"status-publish","4":"has-post-thumbnail","6":"product_cat-erba-in-vendita","7":"product_tag-roccioso-montagna-alta-ceppo","8":"product_tag-ceppo-mountain-berry-kush","9":"product_tag-ceppo-di-bacche-svizzere","10":"product_tag-roccioso-montagna-fuoco-ceppo","11":"product_tag-mirtillo-ceppo-allbud","12":"product_tag-shazam-ceppo-foglia","13":"product_tag-mikado-ceppo-foglia","14":"product_tag-montagna-e","16":"first","17":"instock","18":"shipping-taxable","19":"purchasable","20":"product-type-variable","21":"has-default-attributes"},"yoast_head":"<!-- This site is optimized with the Yoast SEO plugin v27.3 - https:\/\/yoast.com\/product\/yoast-seo-wordpress\/ -->\n<title>Acquista la variet\u00e0 di mirtilli Rocky Mountain - I migliori medicinali globali<\/title>\n<meta name=\"description\" content=\"Acquista Rocky Mountain Blueberry Strain Rocky Mountain Blueberry \u00e8 un ibrido a predominanza Indica - 70% Indica \/ 30% Sativa THC: 15% - 18% Effetti suscitati, creativi.\" \/>\n<meta name=\"robots\" content=\"index, follow, max-snippet:-1, max-image-preview:large, max-video-preview:-1\" \/>\n<link rel=\"canonical\" href=\"https:\/\/medicinasinc.com\/it\/product\/compra-mirtillo-montagna-rocciosa\/\" \/>\n<meta property=\"og:locale\" content=\"it_IT\" \/>\n<meta property=\"og:type\" content=\"article\" \/>\n<meta property=\"og:title\" content=\"Acquista la variet\u00e0 di mirtilli Rocky Mountain - I migliori medicinali globali\" \/>\n<meta property=\"og:description\" content=\"Acquista Rocky Mountain Blueberry Strain Rocky Mountain Blueberry \u00e8 un ibrido a predominanza Indica - 70% Indica \/ 30% Sativa THC: 15% - 18% Effetti suscitati, creativi.\" \/>\n<meta property=\"og:url\" content=\"https:\/\/medicinasinc.com\/it\/product\/compra-mirtillo-montagna-rocciosa\/\" \/>\n<meta property=\"og:site_name\" content=\"Medicinas Inc\" \/>\n<meta property=\"article:modified_time\" content=\"2022-03-17T00:29:30+00:00\" \/>\n<meta property=\"og:image\" content=\"https:\/\/medicinasinc.com\/it\/wp-content\/uploads\/sites\/4\/2022\/02\/Buy-Rocky-Mountain-Blueberry.jpg\" \/>\n\t<meta property=\"og:image:width\" content=\"1200\" \/>\n\t<meta property=\"og:image:height\" content=\"630\" \/>\n\t<meta property=\"og:image:type\" content=\"image\/jpeg\" \/>\n<meta name=\"twitter:card\" content=\"summary_large_image\" \/>\n<meta name=\"twitter:label1\" content=\"Tempo di lettura stimato\" \/>\n\t<meta name=\"twitter:data1\" content=\"1 minuto\" \/>\n<script type=\"application\/ld+json\" class=\"yoast-schema-graph\">{\"@context\":\"https:\\\/\\\/schema.org\",\"@graph\":[{\"@type\":\"WebPage\",\"@id\":\"https:\\\/\\\/medicinasinc.com\\\/it\\\/product\\\/compra-mirtillo-montagna-rocciosa\\\/\",\"url\":\"https:\\\/\\\/medicinasinc.com\\\/it\\\/product\\\/compra-mirtillo-montagna-rocciosa\\\/\",\"name\":\"Acquista la variet\u00e0 di mirtilli Rocky Mountain - I migliori medicinali globali\",\"isPartOf\":{\"@id\":\"https:\\\/\\\/medicinasinc.com\\\/it\\\/#website\"},\"primaryImageOfPage\":{\"@id\":\"https:\\\/\\\/medicinasinc.com\\\/it\\\/product\\\/compra-mirtillo-montagna-rocciosa\\\/#primaryimage\"},\"image\":{\"@id\":\"https:\\\/\\\/medicinasinc.com\\\/it\\\/product\\\/compra-mirtillo-montagna-rocciosa\\\/#primaryimage\"},\"thumbnailUrl\":\"https:\\\/\\\/medicinasinc.com\\\/it\\\/wp-content\\\/uploads\\\/sites\\\/4\\\/2022\\\/02\\\/Buy-Rocky-Mountain-Blueberry.jpg\",\"datePublished\":\"2022-02-20T19:32:59+00:00\",\"dateModified\":\"2022-03-17T00:29:30+00:00\",\"description\":\"Acquista Rocky Mountain Blueberry Strain Rocky Mountain Blueberry \u00e8 un ibrido a predominanza Indica - 70% Indica \\\/ 30% Sativa THC: 15% - 18% Effetti suscitati, creativi.\",\"breadcrumb\":{\"@id\":\"https:\\\/\\\/medicinasinc.com\\\/it\\\/product\\\/compra-mirtillo-montagna-rocciosa\\\/#breadcrumb\"},\"inLanguage\":\"it-IT\",\"potentialAction\":[{\"@type\":\"ReadAction\",\"target\":[\"https:\\\/\\\/medicinasinc.com\\\/it\\\/product\\\/compra-mirtillo-montagna-rocciosa\\\/\"]}]},{\"@type\":\"ImageObject\",\"inLanguage\":\"it-IT\",\"@id\":\"https:\\\/\\\/medicinasinc.com\\\/it\\\/product\\\/compra-mirtillo-montagna-rocciosa\\\/#primaryimage\",\"url\":\"https:\\\/\\\/medicinasinc.com\\\/it\\\/wp-content\\\/uploads\\\/sites\\\/4\\\/2022\\\/02\\\/Buy-Rocky-Mountain-Blueberry.jpg\",\"contentUrl\":\"https:\\\/\\\/medicinasinc.com\\\/it\\\/wp-content\\\/uploads\\\/sites\\\/4\\\/2022\\\/02\\\/Buy-Rocky-Mountain-Blueberry.jpg\",\"width\":1200,\"height\":630},{\"@type\":\"BreadcrumbList\",\"@id\":\"https:\\\/\\\/medicinasinc.com\\\/it\\\/product\\\/compra-mirtillo-montagna-rocciosa\\\/#breadcrumb\",\"itemListElement\":[{\"@type\":\"ListItem\",\"position\":1,\"name\":\"Negozio\",\"item\":\"https:\\\/\\\/medicinasinc.com\\\/it\\\/negozio\\\/\"},{\"@type\":\"ListItem\",\"position\":2,\"name\":\"Acquista il mirtillo delle montagne rocciose\"}]},{\"@type\":\"WebSite\",\"@id\":\"https:\\\/\\\/medicinasinc.com\\\/it\\\/#website\",\"url\":\"https:\\\/\\\/medicinasinc.com\\\/it\\\/\",\"name\":\"Medicinas Inc\",\"description\":\"Health Medical Clinic\",\"potentialAction\":[{\"@type\":\"SearchAction\",\"target\":{\"@type\":\"EntryPoint\",\"urlTemplate\":\"https:\\\/\\\/medicinasinc.com\\\/it\\\/?s={search_term_string}\"},\"query-input\":{\"@type\":\"PropertyValueSpecification\",\"valueRequired\":true,\"valueName\":\"search_term_string\"}}],\"inLanguage\":\"it-IT\"}]}<\/script>\n<!-- \/ Yoast SEO plugin. -->","yoast_head_json":{"title":"Acquista la variet\u00e0 di mirtilli Rocky Mountain - I migliori medicinali globali","description":"Acquista Rocky Mountain Blueberry Strain Rocky Mountain Blueberry \u00e8 un ibrido a predominanza Indica - 70% Indica \/ 30% Sativa THC: 15% - 18% Effetti suscitati, creativi.","robots":{"index":"index","follow":"follow","max-snippet":"max-snippet:-1","max-image-preview":"max-image-preview:large","max-video-preview":"max-video-preview:-1"},"canonical":"https:\/\/medicinasinc.com\/it\/product\/compra-mirtillo-montagna-rocciosa\/","og_locale":"it_IT","og_type":"article","og_title":"Acquista la variet\u00e0 di mirtilli Rocky Mountain - I migliori medicinali globali","og_description":"Acquista Rocky Mountain Blueberry Strain Rocky Mountain Blueberry \u00e8 un ibrido a predominanza Indica - 70% Indica \/ 30% Sativa THC: 15% - 18% Effetti suscitati, creativi.","og_url":"https:\/\/medicinasinc.com\/it\/product\/compra-mirtillo-montagna-rocciosa\/","og_site_name":"Medicinas Inc","article_modified_time":"2022-03-17T00:29:30+00:00","og_image":[{"width":1200,"height":630,"url":"https:\/\/medicinasinc.com\/it\/wp-content\/uploads\/sites\/4\/2022\/02\/Buy-Rocky-Mountain-Blueberry.jpg","type":"image\/jpeg"}],"twitter_card":"summary_large_image","twitter_misc":{"Tempo di lettura stimato":"1 minuto"},"schema":{"@context":"https:\/\/schema.org","@graph":[{"@type":"WebPage","@id":"https:\/\/medicinasinc.com\/it\/product\/compra-mirtillo-montagna-rocciosa\/","url":"https:\/\/medicinasinc.com\/it\/product\/compra-mirtillo-montagna-rocciosa\/","name":"Acquista la variet\u00e0 di mirtilli Rocky Mountain - I migliori medicinali globali","isPartOf":{"@id":"https:\/\/medicinasinc.com\/it\/#website"},"primaryImageOfPage":{"@id":"https:\/\/medicinasinc.com\/it\/product\/compra-mirtillo-montagna-rocciosa\/#primaryimage"},"image":{"@id":"https:\/\/medicinasinc.com\/it\/product\/compra-mirtillo-montagna-rocciosa\/#primaryimage"},"thumbnailUrl":"https:\/\/medicinasinc.com\/it\/wp-content\/uploads\/sites\/4\/2022\/02\/Buy-Rocky-Mountain-Blueberry.jpg","datePublished":"2022-02-20T19:32:59+00:00","dateModified":"2022-03-17T00:29:30+00:00","description":"Acquista Rocky Mountain Blueberry Strain Rocky Mountain Blueberry \u00e8 un ibrido a predominanza Indica - 70% Indica \/ 30% Sativa THC: 15% - 18% Effetti suscitati, creativi.","breadcrumb":{"@id":"https:\/\/medicinasinc.com\/it\/product\/compra-mirtillo-montagna-rocciosa\/#breadcrumb"},"inLanguage":"it-IT","potentialAction":[{"@type":"ReadAction","target":["https:\/\/medicinasinc.com\/it\/product\/compra-mirtillo-montagna-rocciosa\/"]}]},{"@type":"ImageObject","inLanguage":"it-IT","@id":"https:\/\/medicinasinc.com\/it\/product\/compra-mirtillo-montagna-rocciosa\/#primaryimage","url":"https:\/\/medicinasinc.com\/it\/wp-content\/uploads\/sites\/4\/2022\/02\/Buy-Rocky-Mountain-Blueberry.jpg","contentUrl":"https:\/\/medicinasinc.com\/it\/wp-content\/uploads\/sites\/4\/2022\/02\/Buy-Rocky-Mountain-Blueberry.jpg","width":1200,"height":630},{"@type":"BreadcrumbList","@id":"https:\/\/medicinasinc.com\/it\/product\/compra-mirtillo-montagna-rocciosa\/#breadcrumb","itemListElement":[{"@type":"ListItem","position":1,"name":"Negozio","item":"https:\/\/medicinasinc.com\/it\/negozio\/"},{"@type":"ListItem","position":2,"name":"Acquista il mirtillo delle montagne rocciose"}]},{"@type":"WebSite","@id":"https:\/\/medicinasinc.com\/it\/#website","url":"https:\/\/medicinasinc.com\/it\/","name":"Medicinas Inc","description":"Health Medical Clinic","potentialAction":[{"@type":"SearchAction","target":{"@type":"EntryPoint","urlTemplate":"https:\/\/medicinasinc.com\/it\/?s={search_term_string}"},"query-input":{"@type":"PropertyValueSpecification","valueRequired":true,"valueName":"search_term_string"}}],"inLanguage":"it-IT"}]}},"_links":{"self":[{"href":"https:\/\/medicinasinc.com\/it\/wp-json\/wp\/v2\/product\/5045","targetHints":{"allow":["GET"]}}],"collection":[{"href":"https:\/\/medicinasinc.com\/it\/wp-json\/wp\/v2\/product"}],"about":[{"href":"https:\/\/medicinasinc.com\/it\/wp-json\/wp\/v2\/types\/product"}],"replies":[{"embeddable":true,"href":"https:\/\/medicinasinc.com\/it\/wp-json\/wp\/v2\/comments?post=5045"}],"wp:featuredmedia":[{"embeddable":true,"href":"https:\/\/medicinasinc.com\/it\/wp-json\/wp\/v2\/media\/5063"}],"wp:attachment":[{"href":"https:\/\/medicinasinc.com\/it\/wp-json\/wp\/v2\/media?parent=5045"}],"wp:term":[{"taxonomy":"product_brand","embeddable":true,"href":"https:\/\/medicinasinc.com\/it\/wp-json\/wp\/v2\/product_brand?post=5045"},{"taxonomy":"product_cat","embeddable":true,"href":"https:\/\/medicinasinc.com\/it\/wp-json\/wp\/v2\/product_cat?post=5045"},{"taxonomy":"product_tag","embeddable":true,"href":"https:\/\/medicinasinc.com\/it\/wp-json\/wp\/v2\/product_tag?post=5045"}],"curies":[{"name":"wp","href":"https:\/\/api.w.org\/{rel}","templated":true}]}}