{"id":5037,"date":"2022-02-20T19:24:52","date_gmt":"2022-02-20T19:24:52","guid":{"rendered":"https:\/\/medicinasinc.com\/it\/?post_type=product&#038;p=5037"},"modified":"2022-03-17T00:29:45","modified_gmt":"2022-03-17T00:29:45","slug":"compra-nirvana-speciale-cannabis","status":"publish","type":"product","link":"https:\/\/medicinasinc.com\/it\/product\/compra-nirvana-speciale-cannabis\/","title":{"rendered":"Acquista Nirvana Special Cannabis"},"content":{"rendered":"<p>Nirvana Special \u00e8 una variet\u00e0 ibrida a predominanza sativa unica (75% sativa\/25% indica) prodotta mescolando le iconiche variet\u00e0 Jock Horror e Oaxacan Sativa. Questa tranquilla gemma ha vinto la HighLife Cup 2008 ad Amsterdam, portando a casa la medaglia d&#8217;oro per la migliore biografia assoluta. Con il suo contenuto medio di THC del 26-27% potente, funzionale ma allo stesso tempo creativo e sorprendente, non c&#8217;\u00e8 da stupirsi che la Nirvana Special sia una variet\u00e0 cos\u00ec popolare! L&#8217;effetto Nirvana Special inizia con un&#8217;esplosione di energia elevata che ti fa sentire allegro e motivato. Ti sentirai rinvigorito ed estremamente creativo, il che lo rende eccellente per qualsiasi lavoro mentale a portata di mano o semplicemente per uscire. Questi effetti, insieme all&#8217;alto contenuto di THC, rendono Nirvana Special ideale per il trattamento di stanchezza cronica, depressione, stress cronico, insonnia e perdita di appetito. Questa cima ha un sapore skunk dolce e fruttato con un&#8217;espirazione piuttosto aspra. L&#8217;aroma \u00e8 un po&#8217; skunky e aromatico, con un forte sentore di fruttato acido. Le cime Nirvana Special sono soffici cime verde menta a forma di popcorn ricoperte da tricomi cristallini di sabbia pallida.<\/p>\n<p>Sativa Dominant Hybrid \u2013 75% Sativa \/ 25% Indica<\/p>\n<p>THC: 26-27% <\/p>\n<p>Uso comune: depressione, stanchezza, insonnia, perdita di appetito, stress<\/p>\n<p>Effetti: creativo, energizzante, felice, motivazione, edificante<\/p>\n","protected":false},"excerpt":{"rendered":"<p>Nirvana Special Cannabis Variet\u00e0 USA. Questa \u00e8 una variet\u00e0 ibrida a predominanza rara (75% sativa\/25% indica).<em>Acquista Nirvana Special Cannabis<\/em>\u00a0ceppo.<\/p>\n","protected":false},"featured_media":5054,"comment_status":"open","ping_status":"closed","template":"","meta":[],"product_brand":[],"product_cat":[778],"product_tag":[],"class_list":{"0":"post-5037","1":"product","2":"type-product","3":"status-publish","4":"has-post-thumbnail","6":"product_cat-erba-in-vendita","8":"first","9":"instock","10":"shipping-taxable","11":"purchasable","12":"product-type-variable","13":"has-default-attributes"},"yoast_head":"<!-- This site is optimized with the Yoast SEO plugin v27.3 - https:\/\/yoast.com\/product\/yoast-seo-wordpress\/ -->\n<title>Acquista Nirvana Special Cannabis - I migliori migliori medicinali globali<\/title>\n<meta name=\"description\" content=\"Nirvana Special Cannabis Strain USA. Questa \u00e8 una variet\u00e0 ibrida a predominanza rara (75% sativa\/25% indica). Acquistate la Nirvana Special Cannabis Strain.\" \/>\n<meta name=\"robots\" content=\"index, follow, max-snippet:-1, max-image-preview:large, max-video-preview:-1\" \/>\n<link rel=\"canonical\" href=\"https:\/\/medicinasinc.com\/it\/product\/compra-nirvana-speciale-cannabis\/\" \/>\n<meta property=\"og:locale\" content=\"it_IT\" \/>\n<meta property=\"og:type\" content=\"article\" \/>\n<meta property=\"og:title\" content=\"Acquista Nirvana Special Cannabis - I migliori migliori medicinali globali\" \/>\n<meta property=\"og:description\" content=\"Nirvana Special Cannabis Strain USA. Questa \u00e8 una variet\u00e0 ibrida a predominanza rara (75% sativa\/25% indica). Acquistate la Nirvana Special Cannabis Strain.\" \/>\n<meta property=\"og:url\" content=\"https:\/\/medicinasinc.com\/it\/product\/compra-nirvana-speciale-cannabis\/\" \/>\n<meta property=\"og:site_name\" content=\"Medicinas Inc\" \/>\n<meta property=\"article:modified_time\" content=\"2022-03-17T00:29:45+00:00\" \/>\n<meta property=\"og:image\" content=\"https:\/\/medicinasinc.com\/it\/wp-content\/uploads\/sites\/4\/2022\/02\/Buy-Nirvana-Special-Cannabis.jpg\" \/>\n\t<meta property=\"og:image:width\" content=\"1920\" \/>\n\t<meta property=\"og:image:height\" content=\"1920\" \/>\n\t<meta property=\"og:image:type\" content=\"image\/jpeg\" \/>\n<meta name=\"twitter:card\" content=\"summary_large_image\" \/>\n<meta name=\"twitter:label1\" content=\"Tempo di lettura stimato\" \/>\n\t<meta name=\"twitter:data1\" content=\"1 minuto\" \/>\n<script type=\"application\/ld+json\" class=\"yoast-schema-graph\">{\"@context\":\"https:\\\/\\\/schema.org\",\"@graph\":[{\"@type\":\"WebPage\",\"@id\":\"https:\\\/\\\/medicinasinc.com\\\/it\\\/product\\\/compra-nirvana-speciale-cannabis\\\/\",\"url\":\"https:\\\/\\\/medicinasinc.com\\\/it\\\/product\\\/compra-nirvana-speciale-cannabis\\\/\",\"name\":\"Acquista Nirvana Special Cannabis - I migliori migliori medicinali globali\",\"isPartOf\":{\"@id\":\"https:\\\/\\\/medicinasinc.com\\\/it\\\/#website\"},\"primaryImageOfPage\":{\"@id\":\"https:\\\/\\\/medicinasinc.com\\\/it\\\/product\\\/compra-nirvana-speciale-cannabis\\\/#primaryimage\"},\"image\":{\"@id\":\"https:\\\/\\\/medicinasinc.com\\\/it\\\/product\\\/compra-nirvana-speciale-cannabis\\\/#primaryimage\"},\"thumbnailUrl\":\"https:\\\/\\\/medicinasinc.com\\\/it\\\/wp-content\\\/uploads\\\/sites\\\/4\\\/2022\\\/02\\\/Buy-Nirvana-Special-Cannabis.jpg\",\"datePublished\":\"2022-02-20T19:24:52+00:00\",\"dateModified\":\"2022-03-17T00:29:45+00:00\",\"description\":\"Nirvana Special Cannabis Strain USA. Questa \u00e8 una variet\u00e0 ibrida a predominanza rara (75% sativa\\\/25% indica). Acquistate la Nirvana Special Cannabis Strain.\",\"breadcrumb\":{\"@id\":\"https:\\\/\\\/medicinasinc.com\\\/it\\\/product\\\/compra-nirvana-speciale-cannabis\\\/#breadcrumb\"},\"inLanguage\":\"it-IT\",\"potentialAction\":[{\"@type\":\"ReadAction\",\"target\":[\"https:\\\/\\\/medicinasinc.com\\\/it\\\/product\\\/compra-nirvana-speciale-cannabis\\\/\"]}]},{\"@type\":\"ImageObject\",\"inLanguage\":\"it-IT\",\"@id\":\"https:\\\/\\\/medicinasinc.com\\\/it\\\/product\\\/compra-nirvana-speciale-cannabis\\\/#primaryimage\",\"url\":\"https:\\\/\\\/medicinasinc.com\\\/it\\\/wp-content\\\/uploads\\\/sites\\\/4\\\/2022\\\/02\\\/Buy-Nirvana-Special-Cannabis.jpg\",\"contentUrl\":\"https:\\\/\\\/medicinasinc.com\\\/it\\\/wp-content\\\/uploads\\\/sites\\\/4\\\/2022\\\/02\\\/Buy-Nirvana-Special-Cannabis.jpg\",\"width\":1920,\"height\":1920},{\"@type\":\"BreadcrumbList\",\"@id\":\"https:\\\/\\\/medicinasinc.com\\\/it\\\/product\\\/compra-nirvana-speciale-cannabis\\\/#breadcrumb\",\"itemListElement\":[{\"@type\":\"ListItem\",\"position\":1,\"name\":\"Negozio\",\"item\":\"https:\\\/\\\/medicinasinc.com\\\/it\\\/negozio\\\/\"},{\"@type\":\"ListItem\",\"position\":2,\"name\":\"Acquista Nirvana Special Cannabis\"}]},{\"@type\":\"WebSite\",\"@id\":\"https:\\\/\\\/medicinasinc.com\\\/it\\\/#website\",\"url\":\"https:\\\/\\\/medicinasinc.com\\\/it\\\/\",\"name\":\"Medicinas Inc\",\"description\":\"Health Medical Clinic\",\"potentialAction\":[{\"@type\":\"SearchAction\",\"target\":{\"@type\":\"EntryPoint\",\"urlTemplate\":\"https:\\\/\\\/medicinasinc.com\\\/it\\\/?s={search_term_string}\"},\"query-input\":{\"@type\":\"PropertyValueSpecification\",\"valueRequired\":true,\"valueName\":\"search_term_string\"}}],\"inLanguage\":\"it-IT\"}]}<\/script>\n<!-- \/ Yoast SEO plugin. -->","yoast_head_json":{"title":"Acquista Nirvana Special Cannabis - I migliori migliori medicinali globali","description":"Nirvana Special Cannabis Strain USA. Questa \u00e8 una variet\u00e0 ibrida a predominanza rara (75% sativa\/25% indica). Acquistate la Nirvana Special Cannabis Strain.","robots":{"index":"index","follow":"follow","max-snippet":"max-snippet:-1","max-image-preview":"max-image-preview:large","max-video-preview":"max-video-preview:-1"},"canonical":"https:\/\/medicinasinc.com\/it\/product\/compra-nirvana-speciale-cannabis\/","og_locale":"it_IT","og_type":"article","og_title":"Acquista Nirvana Special Cannabis - I migliori migliori medicinali globali","og_description":"Nirvana Special Cannabis Strain USA. Questa \u00e8 una variet\u00e0 ibrida a predominanza rara (75% sativa\/25% indica). Acquistate la Nirvana Special Cannabis Strain.","og_url":"https:\/\/medicinasinc.com\/it\/product\/compra-nirvana-speciale-cannabis\/","og_site_name":"Medicinas Inc","article_modified_time":"2022-03-17T00:29:45+00:00","og_image":[{"width":1920,"height":1920,"url":"https:\/\/medicinasinc.com\/it\/wp-content\/uploads\/sites\/4\/2022\/02\/Buy-Nirvana-Special-Cannabis.jpg","type":"image\/jpeg"}],"twitter_card":"summary_large_image","twitter_misc":{"Tempo di lettura stimato":"1 minuto"},"schema":{"@context":"https:\/\/schema.org","@graph":[{"@type":"WebPage","@id":"https:\/\/medicinasinc.com\/it\/product\/compra-nirvana-speciale-cannabis\/","url":"https:\/\/medicinasinc.com\/it\/product\/compra-nirvana-speciale-cannabis\/","name":"Acquista Nirvana Special Cannabis - I migliori migliori medicinali globali","isPartOf":{"@id":"https:\/\/medicinasinc.com\/it\/#website"},"primaryImageOfPage":{"@id":"https:\/\/medicinasinc.com\/it\/product\/compra-nirvana-speciale-cannabis\/#primaryimage"},"image":{"@id":"https:\/\/medicinasinc.com\/it\/product\/compra-nirvana-speciale-cannabis\/#primaryimage"},"thumbnailUrl":"https:\/\/medicinasinc.com\/it\/wp-content\/uploads\/sites\/4\/2022\/02\/Buy-Nirvana-Special-Cannabis.jpg","datePublished":"2022-02-20T19:24:52+00:00","dateModified":"2022-03-17T00:29:45+00:00","description":"Nirvana Special Cannabis Strain USA. Questa \u00e8 una variet\u00e0 ibrida a predominanza rara (75% sativa\/25% indica). Acquistate la Nirvana Special Cannabis Strain.","breadcrumb":{"@id":"https:\/\/medicinasinc.com\/it\/product\/compra-nirvana-speciale-cannabis\/#breadcrumb"},"inLanguage":"it-IT","potentialAction":[{"@type":"ReadAction","target":["https:\/\/medicinasinc.com\/it\/product\/compra-nirvana-speciale-cannabis\/"]}]},{"@type":"ImageObject","inLanguage":"it-IT","@id":"https:\/\/medicinasinc.com\/it\/product\/compra-nirvana-speciale-cannabis\/#primaryimage","url":"https:\/\/medicinasinc.com\/it\/wp-content\/uploads\/sites\/4\/2022\/02\/Buy-Nirvana-Special-Cannabis.jpg","contentUrl":"https:\/\/medicinasinc.com\/it\/wp-content\/uploads\/sites\/4\/2022\/02\/Buy-Nirvana-Special-Cannabis.jpg","width":1920,"height":1920},{"@type":"BreadcrumbList","@id":"https:\/\/medicinasinc.com\/it\/product\/compra-nirvana-speciale-cannabis\/#breadcrumb","itemListElement":[{"@type":"ListItem","position":1,"name":"Negozio","item":"https:\/\/medicinasinc.com\/it\/negozio\/"},{"@type":"ListItem","position":2,"name":"Acquista Nirvana Special Cannabis"}]},{"@type":"WebSite","@id":"https:\/\/medicinasinc.com\/it\/#website","url":"https:\/\/medicinasinc.com\/it\/","name":"Medicinas Inc","description":"Health Medical Clinic","potentialAction":[{"@type":"SearchAction","target":{"@type":"EntryPoint","urlTemplate":"https:\/\/medicinasinc.com\/it\/?s={search_term_string}"},"query-input":{"@type":"PropertyValueSpecification","valueRequired":true,"valueName":"search_term_string"}}],"inLanguage":"it-IT"}]}},"_links":{"self":[{"href":"https:\/\/medicinasinc.com\/it\/wp-json\/wp\/v2\/product\/5037","targetHints":{"allow":["GET"]}}],"collection":[{"href":"https:\/\/medicinasinc.com\/it\/wp-json\/wp\/v2\/product"}],"about":[{"href":"https:\/\/medicinasinc.com\/it\/wp-json\/wp\/v2\/types\/product"}],"replies":[{"embeddable":true,"href":"https:\/\/medicinasinc.com\/it\/wp-json\/wp\/v2\/comments?post=5037"}],"wp:featuredmedia":[{"embeddable":true,"href":"https:\/\/medicinasinc.com\/it\/wp-json\/wp\/v2\/media\/5054"}],"wp:attachment":[{"href":"https:\/\/medicinasinc.com\/it\/wp-json\/wp\/v2\/media?parent=5037"}],"wp:term":[{"taxonomy":"product_brand","embeddable":true,"href":"https:\/\/medicinasinc.com\/it\/wp-json\/wp\/v2\/product_brand?post=5037"},{"taxonomy":"product_cat","embeddable":true,"href":"https:\/\/medicinasinc.com\/it\/wp-json\/wp\/v2\/product_cat?post=5037"},{"taxonomy":"product_tag","embeddable":true,"href":"https:\/\/medicinasinc.com\/it\/wp-json\/wp\/v2\/product_tag?post=5037"}],"curies":[{"name":"wp","href":"https:\/\/api.w.org\/{rel}","templated":true}]}}