{"id":5020,"date":"2022-02-20T19:11:16","date_gmt":"2022-02-20T19:11:16","guid":{"rendered":"https:\/\/medicinasinc.com\/it\/?post_type=product&#038;p=5020"},"modified":"2022-03-17T00:29:53","modified_gmt":"2022-03-17T00:29:53","slug":"comprare-madre-dei-draghi-marijuana","status":"publish","type":"product","link":"https:\/\/medicinasinc.com\/it\/product\/comprare-madre-dei-draghi-marijuana\/","title":{"rendered":"Compra Marijuana Madre dei Draghi"},"content":{"rendered":"<p>Acquisto di marijuana Mother of Dragons<\/p>\n<p>Mother of Dragons \u00e8 un ceppo ibrido molto raro equilibrato (50% Indica\/50% Sativa) con origini sconosciute a causa della segretezza dell&#8217;allevatore e di una generale mancanza di conoscenza della sua origini. Prende il nome dalla famosa Daenerys Targaryen di Game of Thrones, questa variet\u00e0 rara racchiude un sapore focoso che accender\u00e0 le vostre papille gustative. L&#8217;aroma \u00e8 un connubio perfetto, con una pesante e pungente sfumatura kushy skunky e un impatto erbaceo altamente speziato rilasciato quando le cime bruciano. Dopo solo pochi tiri, lo sballo di Mother of Dragons ti lascer\u00e0 sollevato e i tuoi pensieri svettano per ore e ore. Inizia con un&#8217;influenza cerebrale che trasporta la tua mente in uno stato di perfetta estasi e il tuo spirito in uno stato di puro appagamento. Mentre la tua mente e il tuo spirito volano nel cielo, il tuo corpo sperimenter\u00e0 un lieve livello di rilassamento, che potrebbe lasciare una certa sensazione di sonnolenza. \u00c8 noto che questo stato d&#8217;animo causa ansia in alcune persone, quindi evitalo se sei incline ad esso. Mother of Dragons \u00e8 un&#8217;alternativa ideale per le persone che soffrono di stress cronico, tristezza, sbalzi d&#8217;umore e dolore cronico perch\u00e9 a questi effetti si aggiunge il suo alto contenuto medio di THC del 23-28%. Questa cima \u00e8 composta da cime verde bosco a forma di uva ricoperte da peli pelosi color ambra e tricomi di abbaglianti cristalli d&#8217;ambra.<\/p>\n<p>Acquista ora la marijuana Mother of Dragons dal dispensario di cannabis online di Tegridy Farms<\/p>\n","protected":false},"excerpt":{"rendered":"<div class=\"woocommerce-product-details__short-description\">\n<p>Acquista Marijuana Mother of Dragons a buon mercato online. La marijuana Mother of Dragons \u00e8 ibrida \u2013 50% Sativa \/50% Indica THC: 23% \u2013 28%<\/p>\n<div class=\"woocommerce-product-details__short-description\">\n<p><strong>Bud Size<\/strong> &gt;: Small \u2013 Medium<br \/> <strong>Tipo di ceppo<\/strong>: 40% Indica 60% Sativa<br \/> <strong>Texture<\/strong>: Normal \u2013 Sticky<br \/> <strong>Sapore: A base di erbe | Dolce<br \/> <strong>Uso medico<\/strong>: ansia | Dolore cronico | depressione | Stress<br \/> <strong>Contenuto di THC<\/strong>: test pi\u00f9 alto del 26%\u00a0<strong>CBD<\/strong>: &gt;1%<\/p>\n<\/p><\/div>\n<p class=\"stock out-of- azione\"> <\/div>\n","protected":false},"featured_media":5038,"comment_status":"open","ping_status":"closed","template":"","meta":[],"product_brand":[],"product_cat":[778],"product_tag":[455,615,970,971,973,964,461,974,967,969,960,975,976,977,978,961,965,963,966,962,968,972,480,987,985,986,980,981,979,982,983,984],"class_list":{"0":"post-5020","1":"product","2":"type-product","3":"status-publish","4":"has-post-thumbnail","6":"product_cat-erba-in-vendita","7":"product_tag-comprare-marijuana-online","8":"product_tag-comprare-olio-di-cannabis-online","9":"product_tag-comprare-nirvana-speciale-ceppo-di-marijuana-online","10":"product_tag-acquistare-online-actavis-sciroppo-per-la-tosse","11":"product_tag-buy-safe-medical-marijuana-online","12":"product_tag-compra-lean-codeina-online","13":"product_tag-comprare-marijuana-medica-online","14":"product_tag-comprare-marijuana-sintetica-online","15":"product_tag-comprare-semi-di-marijuana-online","16":"product_tag-comprare-semi-di-marijuana-online-usa","17":"product_tag-best-place-to-buy-marijuana-seeds-online","18":"product_tag-can-you-buy","19":"product_tag-can-you-buy-marijuana-online","20":"product_tag-can-you-buy-marijuana-seeds-online","21":"product_tag-come-acquistare-marijuana-on-line","22":"product_tag-compra-actavis-sciroppo","23":"product_tag-comprare-marijuana","24":"product_tag-comprare-illegale-marijuana-on-line","25":"product_tag-comprare-marijuana-online-canada","26":"product_tag-comprare-sciroppo-tosse-con-codeina","27":"product_tag-comprare-semi-di-marijuana-on-line-canada","28":"product_tag-comprare-vera-marijuana-online","29":"product_tag-dove-acquistare-marijuana-online","30":"product_tag-dove-acquistare-olio-di-cbd-vicino-a-me","31":"product_tag-dove-posso-comprare-marijuana-online","32":"product_tag-dove-posso-comprare-semi-di-marijuana-online","33":"product_tag-marijuana-online-buy-cannabis","34":"product_tag-medical-marijuana-online","35":"product_tag-oli-di-marijuana-per-svapare-in-vendita","36":"product_tag-online-legalmente","37":"product_tag-order-codeine-cough-syrup-online","38":"product_tag-prometazina-codeina-sciroppo-in-vendita","40":"first","41":"instock","42":"shipping-taxable","43":"purchasable","44":"product-type-variable","45":"has-default-attributes"},"yoast_head":"<!-- This site is optimized with the Yoast SEO plugin v27.3 - https:\/\/yoast.com\/product\/yoast-seo-wordpress\/ -->\n<title>Acquista Marijuana Mother of Dragons - I migliori medicinali globali<\/title>\n<meta name=\"description\" content=\"Acquista Marijuana Mother of Dragons a buon mercato online. La marijuana Mother of Dragons \u00e8 ibrida \u2013 50% Sativa \/ 50% Indica THC: 23% \u2013 28%\" \/>\n<meta name=\"robots\" content=\"index, follow, max-snippet:-1, max-image-preview:large, max-video-preview:-1\" \/>\n<link rel=\"canonical\" href=\"https:\/\/medicinasinc.com\/it\/product\/comprare-madre-dei-draghi-marijuana\/\" \/>\n<meta property=\"og:locale\" content=\"it_IT\" \/>\n<meta property=\"og:type\" content=\"article\" \/>\n<meta property=\"og:title\" content=\"Acquista Marijuana Mother of Dragons - I migliori medicinali globali\" \/>\n<meta property=\"og:description\" content=\"Acquista Marijuana Mother of Dragons a buon mercato online. La marijuana Mother of Dragons \u00e8 ibrida \u2013 50% Sativa \/ 50% Indica THC: 23% \u2013 28%\" \/>\n<meta property=\"og:url\" content=\"https:\/\/medicinasinc.com\/it\/product\/comprare-madre-dei-draghi-marijuana\/\" \/>\n<meta property=\"og:site_name\" content=\"Medicinas Inc\" \/>\n<meta property=\"article:modified_time\" content=\"2022-03-17T00:29:53+00:00\" \/>\n<meta property=\"og:image\" content=\"https:\/\/medicinasinc.com\/it\/wp-content\/uploads\/sites\/4\/2022\/02\/Buy-Mother-of-Dragons-Marijuana.jpg\" \/>\n\t<meta property=\"og:image:width\" content=\"1000\" \/>\n\t<meta property=\"og:image:height\" content=\"1000\" \/>\n\t<meta property=\"og:image:type\" content=\"image\/jpeg\" \/>\n<meta name=\"twitter:card\" content=\"summary_large_image\" \/>\n<meta name=\"twitter:label1\" content=\"Tempo di lettura stimato\" \/>\n\t<meta name=\"twitter:data1\" content=\"2 minuti\" \/>\n<script type=\"application\/ld+json\" class=\"yoast-schema-graph\">{\"@context\":\"https:\\\/\\\/schema.org\",\"@graph\":[{\"@type\":\"WebPage\",\"@id\":\"https:\\\/\\\/medicinasinc.com\\\/it\\\/product\\\/comprare-madre-dei-draghi-marijuana\\\/\",\"url\":\"https:\\\/\\\/medicinasinc.com\\\/it\\\/product\\\/comprare-madre-dei-draghi-marijuana\\\/\",\"name\":\"Acquista Marijuana Mother of Dragons - I migliori medicinali globali\",\"isPartOf\":{\"@id\":\"https:\\\/\\\/medicinasinc.com\\\/it\\\/#website\"},\"primaryImageOfPage\":{\"@id\":\"https:\\\/\\\/medicinasinc.com\\\/it\\\/product\\\/comprare-madre-dei-draghi-marijuana\\\/#primaryimage\"},\"image\":{\"@id\":\"https:\\\/\\\/medicinasinc.com\\\/it\\\/product\\\/comprare-madre-dei-draghi-marijuana\\\/#primaryimage\"},\"thumbnailUrl\":\"https:\\\/\\\/medicinasinc.com\\\/it\\\/wp-content\\\/uploads\\\/sites\\\/4\\\/2022\\\/02\\\/Buy-Mother-of-Dragons-Marijuana.jpg\",\"datePublished\":\"2022-02-20T19:11:16+00:00\",\"dateModified\":\"2022-03-17T00:29:53+00:00\",\"description\":\"Acquista Marijuana Mother of Dragons a buon mercato online. La marijuana Mother of Dragons \u00e8 ibrida \u2013 50% Sativa \\\/ 50% Indica THC: 23% \u2013 28%\",\"breadcrumb\":{\"@id\":\"https:\\\/\\\/medicinasinc.com\\\/it\\\/product\\\/comprare-madre-dei-draghi-marijuana\\\/#breadcrumb\"},\"inLanguage\":\"it-IT\",\"potentialAction\":[{\"@type\":\"ReadAction\",\"target\":[\"https:\\\/\\\/medicinasinc.com\\\/it\\\/product\\\/comprare-madre-dei-draghi-marijuana\\\/\"]}]},{\"@type\":\"ImageObject\",\"inLanguage\":\"it-IT\",\"@id\":\"https:\\\/\\\/medicinasinc.com\\\/it\\\/product\\\/comprare-madre-dei-draghi-marijuana\\\/#primaryimage\",\"url\":\"https:\\\/\\\/medicinasinc.com\\\/it\\\/wp-content\\\/uploads\\\/sites\\\/4\\\/2022\\\/02\\\/Buy-Mother-of-Dragons-Marijuana.jpg\",\"contentUrl\":\"https:\\\/\\\/medicinasinc.com\\\/it\\\/wp-content\\\/uploads\\\/sites\\\/4\\\/2022\\\/02\\\/Buy-Mother-of-Dragons-Marijuana.jpg\",\"width\":1000,\"height\":1000},{\"@type\":\"BreadcrumbList\",\"@id\":\"https:\\\/\\\/medicinasinc.com\\\/it\\\/product\\\/comprare-madre-dei-draghi-marijuana\\\/#breadcrumb\",\"itemListElement\":[{\"@type\":\"ListItem\",\"position\":1,\"name\":\"Negozio\",\"item\":\"https:\\\/\\\/medicinasinc.com\\\/it\\\/negozio\\\/\"},{\"@type\":\"ListItem\",\"position\":2,\"name\":\"Compra Marijuana Madre dei Draghi\"}]},{\"@type\":\"WebSite\",\"@id\":\"https:\\\/\\\/medicinasinc.com\\\/it\\\/#website\",\"url\":\"https:\\\/\\\/medicinasinc.com\\\/it\\\/\",\"name\":\"Medicinas Inc\",\"description\":\"Health Medical Clinic\",\"potentialAction\":[{\"@type\":\"SearchAction\",\"target\":{\"@type\":\"EntryPoint\",\"urlTemplate\":\"https:\\\/\\\/medicinasinc.com\\\/it\\\/?s={search_term_string}\"},\"query-input\":{\"@type\":\"PropertyValueSpecification\",\"valueRequired\":true,\"valueName\":\"search_term_string\"}}],\"inLanguage\":\"it-IT\"}]}<\/script>\n<!-- \/ Yoast SEO plugin. -->","yoast_head_json":{"title":"Acquista Marijuana Mother of Dragons - I migliori medicinali globali","description":"Acquista Marijuana Mother of Dragons a buon mercato online. La marijuana Mother of Dragons \u00e8 ibrida \u2013 50% Sativa \/ 50% Indica THC: 23% \u2013 28%","robots":{"index":"index","follow":"follow","max-snippet":"max-snippet:-1","max-image-preview":"max-image-preview:large","max-video-preview":"max-video-preview:-1"},"canonical":"https:\/\/medicinasinc.com\/it\/product\/comprare-madre-dei-draghi-marijuana\/","og_locale":"it_IT","og_type":"article","og_title":"Acquista Marijuana Mother of Dragons - I migliori medicinali globali","og_description":"Acquista Marijuana Mother of Dragons a buon mercato online. La marijuana Mother of Dragons \u00e8 ibrida \u2013 50% Sativa \/ 50% Indica THC: 23% \u2013 28%","og_url":"https:\/\/medicinasinc.com\/it\/product\/comprare-madre-dei-draghi-marijuana\/","og_site_name":"Medicinas Inc","article_modified_time":"2022-03-17T00:29:53+00:00","og_image":[{"width":1000,"height":1000,"url":"https:\/\/medicinasinc.com\/it\/wp-content\/uploads\/sites\/4\/2022\/02\/Buy-Mother-of-Dragons-Marijuana.jpg","type":"image\/jpeg"}],"twitter_card":"summary_large_image","twitter_misc":{"Tempo di lettura stimato":"2 minuti"},"schema":{"@context":"https:\/\/schema.org","@graph":[{"@type":"WebPage","@id":"https:\/\/medicinasinc.com\/it\/product\/comprare-madre-dei-draghi-marijuana\/","url":"https:\/\/medicinasinc.com\/it\/product\/comprare-madre-dei-draghi-marijuana\/","name":"Acquista Marijuana Mother of Dragons - I migliori medicinali globali","isPartOf":{"@id":"https:\/\/medicinasinc.com\/it\/#website"},"primaryImageOfPage":{"@id":"https:\/\/medicinasinc.com\/it\/product\/comprare-madre-dei-draghi-marijuana\/#primaryimage"},"image":{"@id":"https:\/\/medicinasinc.com\/it\/product\/comprare-madre-dei-draghi-marijuana\/#primaryimage"},"thumbnailUrl":"https:\/\/medicinasinc.com\/it\/wp-content\/uploads\/sites\/4\/2022\/02\/Buy-Mother-of-Dragons-Marijuana.jpg","datePublished":"2022-02-20T19:11:16+00:00","dateModified":"2022-03-17T00:29:53+00:00","description":"Acquista Marijuana Mother of Dragons a buon mercato online. La marijuana Mother of Dragons \u00e8 ibrida \u2013 50% Sativa \/ 50% Indica THC: 23% \u2013 28%","breadcrumb":{"@id":"https:\/\/medicinasinc.com\/it\/product\/comprare-madre-dei-draghi-marijuana\/#breadcrumb"},"inLanguage":"it-IT","potentialAction":[{"@type":"ReadAction","target":["https:\/\/medicinasinc.com\/it\/product\/comprare-madre-dei-draghi-marijuana\/"]}]},{"@type":"ImageObject","inLanguage":"it-IT","@id":"https:\/\/medicinasinc.com\/it\/product\/comprare-madre-dei-draghi-marijuana\/#primaryimage","url":"https:\/\/medicinasinc.com\/it\/wp-content\/uploads\/sites\/4\/2022\/02\/Buy-Mother-of-Dragons-Marijuana.jpg","contentUrl":"https:\/\/medicinasinc.com\/it\/wp-content\/uploads\/sites\/4\/2022\/02\/Buy-Mother-of-Dragons-Marijuana.jpg","width":1000,"height":1000},{"@type":"BreadcrumbList","@id":"https:\/\/medicinasinc.com\/it\/product\/comprare-madre-dei-draghi-marijuana\/#breadcrumb","itemListElement":[{"@type":"ListItem","position":1,"name":"Negozio","item":"https:\/\/medicinasinc.com\/it\/negozio\/"},{"@type":"ListItem","position":2,"name":"Compra Marijuana Madre dei Draghi"}]},{"@type":"WebSite","@id":"https:\/\/medicinasinc.com\/it\/#website","url":"https:\/\/medicinasinc.com\/it\/","name":"Medicinas Inc","description":"Health Medical Clinic","potentialAction":[{"@type":"SearchAction","target":{"@type":"EntryPoint","urlTemplate":"https:\/\/medicinasinc.com\/it\/?s={search_term_string}"},"query-input":{"@type":"PropertyValueSpecification","valueRequired":true,"valueName":"search_term_string"}}],"inLanguage":"it-IT"}]}},"_links":{"self":[{"href":"https:\/\/medicinasinc.com\/it\/wp-json\/wp\/v2\/product\/5020","targetHints":{"allow":["GET"]}}],"collection":[{"href":"https:\/\/medicinasinc.com\/it\/wp-json\/wp\/v2\/product"}],"about":[{"href":"https:\/\/medicinasinc.com\/it\/wp-json\/wp\/v2\/types\/product"}],"replies":[{"embeddable":true,"href":"https:\/\/medicinasinc.com\/it\/wp-json\/wp\/v2\/comments?post=5020"}],"wp:featuredmedia":[{"embeddable":true,"href":"https:\/\/medicinasinc.com\/it\/wp-json\/wp\/v2\/media\/5038"}],"wp:attachment":[{"href":"https:\/\/medicinasinc.com\/it\/wp-json\/wp\/v2\/media?parent=5020"}],"wp:term":[{"taxonomy":"product_brand","embeddable":true,"href":"https:\/\/medicinasinc.com\/it\/wp-json\/wp\/v2\/product_brand?post=5020"},{"taxonomy":"product_cat","embeddable":true,"href":"https:\/\/medicinasinc.com\/it\/wp-json\/wp\/v2\/product_cat?post=5020"},{"taxonomy":"product_tag","embeddable":true,"href":"https:\/\/medicinasinc.com\/it\/wp-json\/wp\/v2\/product_tag?post=5020"}],"curies":[{"name":"wp","href":"https:\/\/api.w.org\/{rel}","templated":true}]}}