{"id":5019,"date":"2022-02-20T19:10:26","date_gmt":"2022-02-20T19:10:26","guid":{"rendered":"https:\/\/medicinasinc.com\/it\/?post_type=product&#038;p=5019"},"modified":"2022-03-17T00:30:06","modified_gmt":"2022-03-17T00:30:06","slug":"amnesia-foschia","status":"publish","type":"product","link":"https:\/\/medicinasinc.com\/it\/product\/amnesia-foschia\/","title":{"rendered":"Amnesia Haze"},"content":{"rendered":"<p>Acquisto online della variet\u00e0 Amnesia Haze<\/p>\n<p>L&#8217;Amnesia Haze Strain Online \u00e8 un ibrido a predominanza Sativa creato incrociando Haze con diverse variet\u00e0 autoctone del globo distinte, tra cui Thai, Hawaiian e Afghani. Il rapporto sativa\/indica \u00e8 di circa 80:20. Il THC \u00e8 piuttosto alto, superando il 22% in alcuni test, ma il CBD \u00e8 significativamente meno potente, arrivando a poco meno dell&#8217;1%. Lo sballo \u00e8 euforico e creativo, con un aumento dell&#8217;umore psicoattivo e un caso di risatine. L&#8217;Amnesia Haze ha un sapore fruttato e hashish e un aroma dolce e terroso con tracce di pepe ardente. Le cime sono verde chiaro con filamenti marrone pi\u00f9 scuri e una superficie ricoperta di tricomi. \u00c8 un&#8217;ottima alternativa per alleviare l&#8217;ansia e la depressione, cos\u00ec come la stanchezza, i sintomi dell&#8217;ADHD, l&#8217;emicrania, gli sbalzi d&#8217;umore e il dolore fisico.<\/p>\n<p>Acquista online da Best Global Meds a un prezzo conveniente!<\/p>\n<p>Noi di Best Global Meds offriamo fiori di marijuana amnesia haze a un prezzo ragionevole. L&#8217;Amnesia Haze \u00e8 un ibrido a predominanza Sativa composto dai due ceppi primari di cannabis, Sativa e Indica. \u00c8 utilizzato per una variet\u00e0 di applicazioni terapeutiche e ricreative. L&#8217;Amnesia Haze \u00e8 un&#8217;ottima alternativa per concentrarsi sul lavoro in una localit\u00e0 remota. Con note terrose di limone e agrumi, l&#8217;Amnesia Haze \u00e8 la variet\u00e0 ideale per iniziare la giornata con un sorriso.<\/p>\n<div class=\"product-next-previous\">\n<div class=\"product-prev\"><\/div><\/div>\n","protected":false},"excerpt":{"rendered":"<p>Amnesia Haze in vendita online nel Regno Unito e in Europa, l&#8217;Amnesia Haze \u00e8 una delle preferite in Europa. Questa Sativa molto psichedelica \u00e8 meglio riservata ai consumatori esperti.<\/p>\n<p>Amnesia Haze \u00e8 forse la variet\u00e0 pi\u00f9 popolare al mondo.<\/p>\n<p>Amnesia Haze \u00e8 una variet\u00e0 ibrida estremamente inebriante e psichedelica. <\/p>\n","protected":false},"featured_media":5036,"comment_status":"open","ping_status":"closed","template":"","meta":[],"product_brand":[],"product_cat":[778],"product_tag":[957,956,959,958],"class_list":{"0":"post-5019","1":"product","2":"type-product","3":"status-publish","4":"has-post-thumbnail","6":"product_cat-erba-in-vendita","7":"product_tag-acquistare-amnesia-haze-online","8":"product_tag-amnesia","9":"product_tag-dove-acquistare-amnesia-haze-ceppo-online","10":"product_tag-marijuana","12":"first","13":"instock","14":"shipping-taxable","15":"purchasable","16":"product-type-variable","17":"has-default-attributes"},"yoast_head":"<!-- This site is optimized with the Yoast SEO plugin v27.3 - https:\/\/yoast.com\/product\/yoast-seo-wordpress\/ -->\n<title>Amnesia Haze - Variet\u00e0 di Weed Amnesia Haze - Le migliori migliori medicine globali<\/title>\n<meta name=\"description\" content=\"Acquista Amnesia Haze In vendita nel Regno Unito, in Europa online, l&#039;Amnesia Haze \u00e8 una delle preferite in Europa. Questa variet\u00e0 intensamente psichedelica \u00e8 una Sativa che \u00e8 meglio lasciare a consumatori esperti.\" \/>\n<meta name=\"robots\" content=\"index, follow, max-snippet:-1, max-image-preview:large, max-video-preview:-1\" \/>\n<link rel=\"canonical\" href=\"https:\/\/medicinasinc.com\/it\/product\/amnesia-foschia\/\" \/>\n<meta property=\"og:locale\" content=\"it_IT\" \/>\n<meta property=\"og:type\" content=\"article\" \/>\n<meta property=\"og:title\" content=\"Amnesia Haze - Variet\u00e0 di Weed Amnesia Haze - Le migliori migliori medicine globali\" \/>\n<meta property=\"og:description\" content=\"Acquista Amnesia Haze In vendita nel Regno Unito, in Europa online, l&#039;Amnesia Haze \u00e8 una delle preferite in Europa. Questa variet\u00e0 intensamente psichedelica \u00e8 una Sativa che \u00e8 meglio lasciare a consumatori esperti.\" \/>\n<meta property=\"og:url\" content=\"https:\/\/medicinasinc.com\/it\/product\/amnesia-foschia\/\" \/>\n<meta property=\"og:site_name\" content=\"Medicinas Inc\" \/>\n<meta property=\"article:modified_time\" content=\"2022-03-17T00:30:06+00:00\" \/>\n<meta property=\"og:image\" content=\"https:\/\/medicinasinc.com\/it\/wp-content\/uploads\/sites\/4\/2022\/02\/Buy-Amnesia-Haze.jpg\" \/>\n\t<meta property=\"og:image:width\" content=\"1159\" \/>\n\t<meta property=\"og:image:height\" content=\"1043\" \/>\n\t<meta property=\"og:image:type\" content=\"image\/jpeg\" \/>\n<meta name=\"twitter:card\" content=\"summary_large_image\" \/>\n<meta name=\"twitter:label1\" content=\"Tempo di lettura stimato\" \/>\n\t<meta name=\"twitter:data1\" content=\"1 minuto\" \/>\n<script type=\"application\/ld+json\" class=\"yoast-schema-graph\">{\"@context\":\"https:\\\/\\\/schema.org\",\"@graph\":[{\"@type\":\"WebPage\",\"@id\":\"https:\\\/\\\/medicinasinc.com\\\/it\\\/product\\\/amnesia-foschia\\\/\",\"url\":\"https:\\\/\\\/medicinasinc.com\\\/it\\\/product\\\/amnesia-foschia\\\/\",\"name\":\"Amnesia Haze - Variet\u00e0 di Weed Amnesia Haze - Le migliori migliori medicine globali\",\"isPartOf\":{\"@id\":\"https:\\\/\\\/medicinasinc.com\\\/it\\\/#website\"},\"primaryImageOfPage\":{\"@id\":\"https:\\\/\\\/medicinasinc.com\\\/it\\\/product\\\/amnesia-foschia\\\/#primaryimage\"},\"image\":{\"@id\":\"https:\\\/\\\/medicinasinc.com\\\/it\\\/product\\\/amnesia-foschia\\\/#primaryimage\"},\"thumbnailUrl\":\"https:\\\/\\\/medicinasinc.com\\\/it\\\/wp-content\\\/uploads\\\/sites\\\/4\\\/2022\\\/02\\\/Buy-Amnesia-Haze.jpg\",\"datePublished\":\"2022-02-20T19:10:26+00:00\",\"dateModified\":\"2022-03-17T00:30:06+00:00\",\"description\":\"Acquista Amnesia Haze In vendita nel Regno Unito, in Europa online, l'Amnesia Haze \u00e8 una delle preferite in Europa. Questa variet\u00e0 intensamente psichedelica \u00e8 una Sativa che \u00e8 meglio lasciare a consumatori esperti.\",\"breadcrumb\":{\"@id\":\"https:\\\/\\\/medicinasinc.com\\\/it\\\/product\\\/amnesia-foschia\\\/#breadcrumb\"},\"inLanguage\":\"it-IT\",\"potentialAction\":[{\"@type\":\"ReadAction\",\"target\":[\"https:\\\/\\\/medicinasinc.com\\\/it\\\/product\\\/amnesia-foschia\\\/\"]}]},{\"@type\":\"ImageObject\",\"inLanguage\":\"it-IT\",\"@id\":\"https:\\\/\\\/medicinasinc.com\\\/it\\\/product\\\/amnesia-foschia\\\/#primaryimage\",\"url\":\"https:\\\/\\\/medicinasinc.com\\\/it\\\/wp-content\\\/uploads\\\/sites\\\/4\\\/2022\\\/02\\\/Buy-Amnesia-Haze.jpg\",\"contentUrl\":\"https:\\\/\\\/medicinasinc.com\\\/it\\\/wp-content\\\/uploads\\\/sites\\\/4\\\/2022\\\/02\\\/Buy-Amnesia-Haze.jpg\",\"width\":1159,\"height\":1043},{\"@type\":\"BreadcrumbList\",\"@id\":\"https:\\\/\\\/medicinasinc.com\\\/it\\\/product\\\/amnesia-foschia\\\/#breadcrumb\",\"itemListElement\":[{\"@type\":\"ListItem\",\"position\":1,\"name\":\"Negozio\",\"item\":\"https:\\\/\\\/medicinasinc.com\\\/it\\\/negozio\\\/\"},{\"@type\":\"ListItem\",\"position\":2,\"name\":\"Amnesia Haze\"}]},{\"@type\":\"WebSite\",\"@id\":\"https:\\\/\\\/medicinasinc.com\\\/it\\\/#website\",\"url\":\"https:\\\/\\\/medicinasinc.com\\\/it\\\/\",\"name\":\"Medicinas Inc\",\"description\":\"Health Medical Clinic\",\"potentialAction\":[{\"@type\":\"SearchAction\",\"target\":{\"@type\":\"EntryPoint\",\"urlTemplate\":\"https:\\\/\\\/medicinasinc.com\\\/it\\\/?s={search_term_string}\"},\"query-input\":{\"@type\":\"PropertyValueSpecification\",\"valueRequired\":true,\"valueName\":\"search_term_string\"}}],\"inLanguage\":\"it-IT\"}]}<\/script>\n<!-- \/ Yoast SEO plugin. -->","yoast_head_json":{"title":"Amnesia Haze - Variet\u00e0 di Weed Amnesia Haze - Le migliori migliori medicine globali","description":"Acquista Amnesia Haze In vendita nel Regno Unito, in Europa online, l'Amnesia Haze \u00e8 una delle preferite in Europa. Questa variet\u00e0 intensamente psichedelica \u00e8 una Sativa che \u00e8 meglio lasciare a consumatori esperti.","robots":{"index":"index","follow":"follow","max-snippet":"max-snippet:-1","max-image-preview":"max-image-preview:large","max-video-preview":"max-video-preview:-1"},"canonical":"https:\/\/medicinasinc.com\/it\/product\/amnesia-foschia\/","og_locale":"it_IT","og_type":"article","og_title":"Amnesia Haze - Variet\u00e0 di Weed Amnesia Haze - Le migliori migliori medicine globali","og_description":"Acquista Amnesia Haze In vendita nel Regno Unito, in Europa online, l'Amnesia Haze \u00e8 una delle preferite in Europa. Questa variet\u00e0 intensamente psichedelica \u00e8 una Sativa che \u00e8 meglio lasciare a consumatori esperti.","og_url":"https:\/\/medicinasinc.com\/it\/product\/amnesia-foschia\/","og_site_name":"Medicinas Inc","article_modified_time":"2022-03-17T00:30:06+00:00","og_image":[{"width":1159,"height":1043,"url":"https:\/\/medicinasinc.com\/it\/wp-content\/uploads\/sites\/4\/2022\/02\/Buy-Amnesia-Haze.jpg","type":"image\/jpeg"}],"twitter_card":"summary_large_image","twitter_misc":{"Tempo di lettura stimato":"1 minuto"},"schema":{"@context":"https:\/\/schema.org","@graph":[{"@type":"WebPage","@id":"https:\/\/medicinasinc.com\/it\/product\/amnesia-foschia\/","url":"https:\/\/medicinasinc.com\/it\/product\/amnesia-foschia\/","name":"Amnesia Haze - Variet\u00e0 di Weed Amnesia Haze - Le migliori migliori medicine globali","isPartOf":{"@id":"https:\/\/medicinasinc.com\/it\/#website"},"primaryImageOfPage":{"@id":"https:\/\/medicinasinc.com\/it\/product\/amnesia-foschia\/#primaryimage"},"image":{"@id":"https:\/\/medicinasinc.com\/it\/product\/amnesia-foschia\/#primaryimage"},"thumbnailUrl":"https:\/\/medicinasinc.com\/it\/wp-content\/uploads\/sites\/4\/2022\/02\/Buy-Amnesia-Haze.jpg","datePublished":"2022-02-20T19:10:26+00:00","dateModified":"2022-03-17T00:30:06+00:00","description":"Acquista Amnesia Haze In vendita nel Regno Unito, in Europa online, l'Amnesia Haze \u00e8 una delle preferite in Europa. Questa variet\u00e0 intensamente psichedelica \u00e8 una Sativa che \u00e8 meglio lasciare a consumatori esperti.","breadcrumb":{"@id":"https:\/\/medicinasinc.com\/it\/product\/amnesia-foschia\/#breadcrumb"},"inLanguage":"it-IT","potentialAction":[{"@type":"ReadAction","target":["https:\/\/medicinasinc.com\/it\/product\/amnesia-foschia\/"]}]},{"@type":"ImageObject","inLanguage":"it-IT","@id":"https:\/\/medicinasinc.com\/it\/product\/amnesia-foschia\/#primaryimage","url":"https:\/\/medicinasinc.com\/it\/wp-content\/uploads\/sites\/4\/2022\/02\/Buy-Amnesia-Haze.jpg","contentUrl":"https:\/\/medicinasinc.com\/it\/wp-content\/uploads\/sites\/4\/2022\/02\/Buy-Amnesia-Haze.jpg","width":1159,"height":1043},{"@type":"BreadcrumbList","@id":"https:\/\/medicinasinc.com\/it\/product\/amnesia-foschia\/#breadcrumb","itemListElement":[{"@type":"ListItem","position":1,"name":"Negozio","item":"https:\/\/medicinasinc.com\/it\/negozio\/"},{"@type":"ListItem","position":2,"name":"Amnesia Haze"}]},{"@type":"WebSite","@id":"https:\/\/medicinasinc.com\/it\/#website","url":"https:\/\/medicinasinc.com\/it\/","name":"Medicinas Inc","description":"Health Medical Clinic","potentialAction":[{"@type":"SearchAction","target":{"@type":"EntryPoint","urlTemplate":"https:\/\/medicinasinc.com\/it\/?s={search_term_string}"},"query-input":{"@type":"PropertyValueSpecification","valueRequired":true,"valueName":"search_term_string"}}],"inLanguage":"it-IT"}]}},"_links":{"self":[{"href":"https:\/\/medicinasinc.com\/it\/wp-json\/wp\/v2\/product\/5019","targetHints":{"allow":["GET"]}}],"collection":[{"href":"https:\/\/medicinasinc.com\/it\/wp-json\/wp\/v2\/product"}],"about":[{"href":"https:\/\/medicinasinc.com\/it\/wp-json\/wp\/v2\/types\/product"}],"replies":[{"embeddable":true,"href":"https:\/\/medicinasinc.com\/it\/wp-json\/wp\/v2\/comments?post=5019"}],"wp:featuredmedia":[{"embeddable":true,"href":"https:\/\/medicinasinc.com\/it\/wp-json\/wp\/v2\/media\/5036"}],"wp:attachment":[{"href":"https:\/\/medicinasinc.com\/it\/wp-json\/wp\/v2\/media?parent=5019"}],"wp:term":[{"taxonomy":"product_brand","embeddable":true,"href":"https:\/\/medicinasinc.com\/it\/wp-json\/wp\/v2\/product_brand?post=5019"},{"taxonomy":"product_cat","embeddable":true,"href":"https:\/\/medicinasinc.com\/it\/wp-json\/wp\/v2\/product_cat?post=5019"},{"taxonomy":"product_tag","embeddable":true,"href":"https:\/\/medicinasinc.com\/it\/wp-json\/wp\/v2\/product_tag?post=5019"}],"curies":[{"name":"wp","href":"https:\/\/api.w.org\/{rel}","templated":true}]}}