{"id":5018,"date":"2022-02-20T19:09:20","date_gmt":"2022-02-20T19:09:20","guid":{"rendered":"https:\/\/medicinasinc.com\/it\/?post_type=product&#038;p=5018"},"modified":"2022-03-17T00:30:16","modified_gmt":"2022-03-17T00:30:16","slug":"comprare-ananas-espresso-marijuana","status":"publish","type":"product","link":"https:\/\/medicinasinc.com\/it\/product\/comprare-ananas-espresso-marijuana\/","title":{"rendered":"Acquista Marijuana Ananas Express"},"content":{"rendered":"<h1>Acquista la variet\u00e0 di marijuana Pineapple Express online.<\/h1>\n<p>Acquista la variet\u00e0 di marijuana Pineapple Express online.<\/p>\n<p>Effetti<br \/> Energizzante, euforia, concentrazione<br \/> Pu\u00f2 alleviare<br \/> Dolore cronico, depressione, stanchezza, perdita di appetito, emicrania, nausea, incubi<br \/> Aromi<br \/> Agrumi, Pino, Ananas, Dolce, Tropicale<br \/> Aromi<br \/> Terroso, Pino, Ananas, Dolce<\/p>\n<p>Tuttavia, devi tenere a mente che la tensione non \u00e8 cos\u00ec grande come il film lo dipinge. Tuttavia, Pineapple Express fornisce un leggero e piacevole effetto di intorpidimento del corpo, che \u00e8 qualcosa che aspetta con impazienza.<\/p>\n<p>La variet\u00e0 \u00e8 disponibile sotto forma di pepite pesate con precisione che ricordano i popcorn di polistirolo. Non ha un sapore dolce, ma ha uno strano aroma dovuto alle sfumature di agrumi. Il sapore \u00e8 piuttosto unico, con un pizzico di ananas all&#8217;inalazione. Pineapple Express \u00e8 preferito per il trattamento di una variet\u00e0 di condizioni mediche, inclusi ansia e stress. Tuttavia, \u00e8 notevolmente pi\u00f9 efficace nel trattamento simultaneo dei sintomi della depressione cronica. Se stai provando lievi dolori e dolori, sei nel posto giusto. Dopo una boccata, noterai che Pineapple Express \u00e8 sia pacifico che corroborante.<\/p>\n","protected":false},"excerpt":{"rendered":"<div class=\"woocommerce-product-details__short-description\">\n<p>Acquista la variet\u00e0 di marijuana Pineapple Express in vendita online. Acquista la variet\u00e0 di marijuana Express Pineapple. Un ibrido a dominanza sativa \u2013 60% Sativa \/ 40% Indica THC: 25%, CBN: 1%<\/p>\n<\/p><\/div>\n","protected":false},"featured_media":5034,"comment_status":"open","ping_status":"closed","template":"","meta":[],"product_brand":[],"product_cat":[778],"product_tag":[948,950,955,954,952,951,953,949],"class_list":{"0":"post-5018","1":"product","2":"type-product","3":"status-publish","4":"has-post-thumbnail","6":"product_cat-erba-in-vendita","7":"product_tag-ananas-express-afghanistan","8":"product_tag-ananas-express-ceppo-allbud","9":"product_tag-ananas-express-cartuccia-vape","10":"product_tag-ananas-express-ceppo-sativa-o-indica","11":"product_tag-ananas-express-ceppo-info","12":"product_tag-pineapple-express-strain-effects","13":"product_tag-ananas-express-ceppo-recensione","14":"product_tag-semi-di-ananas-espresso","16":"first","17":"instock","18":"shipping-taxable","19":"purchasable","20":"product-type-variable","21":"has-default-attributes"},"yoast_head":"<!-- This site is optimized with the Yoast SEO plugin v27.3 - https:\/\/yoast.com\/product\/yoast-seo-wordpress\/ -->\n<title>Acquista Pineapple Express Marijuana - I migliori farmaci globali migliori<\/title>\n<meta name=\"description\" content=\"Acquista ceppo di marijuana Pineapple Express in vendita online. Acquista la variet\u00e0 di marijuana Express Pineapple. Un ibrido a dominanza sativa \u2013 60% Sativa \/ 40% Indica THC: 25%, CBN: 1%\" \/>\n<meta name=\"robots\" content=\"index, follow, max-snippet:-1, max-image-preview:large, max-video-preview:-1\" \/>\n<link rel=\"canonical\" href=\"https:\/\/medicinasinc.com\/it\/product\/comprare-ananas-espresso-marijuana\/\" \/>\n<meta property=\"og:locale\" content=\"it_IT\" \/>\n<meta property=\"og:type\" content=\"article\" \/>\n<meta property=\"og:title\" content=\"Acquista Pineapple Express Marijuana - I migliori farmaci globali migliori\" \/>\n<meta property=\"og:description\" content=\"Acquista ceppo di marijuana Pineapple Express in vendita online. Acquista la variet\u00e0 di marijuana Express Pineapple. Un ibrido a dominanza sativa \u2013 60% Sativa \/ 40% Indica THC: 25%, CBN: 1%\" \/>\n<meta property=\"og:url\" content=\"https:\/\/medicinasinc.com\/it\/product\/comprare-ananas-espresso-marijuana\/\" \/>\n<meta property=\"og:site_name\" content=\"Medicinas Inc\" \/>\n<meta property=\"article:modified_time\" content=\"2022-03-17T00:30:16+00:00\" \/>\n<meta property=\"og:image\" content=\"https:\/\/medicinasinc.com\/it\/wp-content\/uploads\/sites\/4\/2022\/02\/Buy-Pineapple-Express-Marijuana.jpeg\" \/>\n\t<meta property=\"og:image:width\" content=\"600\" \/>\n\t<meta property=\"og:image:height\" content=\"600\" \/>\n\t<meta property=\"og:image:type\" content=\"image\/jpeg\" \/>\n<meta name=\"twitter:card\" content=\"summary_large_image\" \/>\n<meta name=\"twitter:label1\" content=\"Tempo di lettura stimato\" \/>\n\t<meta name=\"twitter:data1\" content=\"1 minuto\" \/>\n<script type=\"application\/ld+json\" class=\"yoast-schema-graph\">{\"@context\":\"https:\\\/\\\/schema.org\",\"@graph\":[{\"@type\":\"WebPage\",\"@id\":\"https:\\\/\\\/medicinasinc.com\\\/it\\\/product\\\/comprare-ananas-espresso-marijuana\\\/\",\"url\":\"https:\\\/\\\/medicinasinc.com\\\/it\\\/product\\\/comprare-ananas-espresso-marijuana\\\/\",\"name\":\"Acquista Pineapple Express Marijuana - I migliori farmaci globali migliori\",\"isPartOf\":{\"@id\":\"https:\\\/\\\/medicinasinc.com\\\/it\\\/#website\"},\"primaryImageOfPage\":{\"@id\":\"https:\\\/\\\/medicinasinc.com\\\/it\\\/product\\\/comprare-ananas-espresso-marijuana\\\/#primaryimage\"},\"image\":{\"@id\":\"https:\\\/\\\/medicinasinc.com\\\/it\\\/product\\\/comprare-ananas-espresso-marijuana\\\/#primaryimage\"},\"thumbnailUrl\":\"https:\\\/\\\/medicinasinc.com\\\/it\\\/wp-content\\\/uploads\\\/sites\\\/4\\\/2022\\\/02\\\/Buy-Pineapple-Express-Marijuana.jpeg\",\"datePublished\":\"2022-02-20T19:09:20+00:00\",\"dateModified\":\"2022-03-17T00:30:16+00:00\",\"description\":\"Acquista ceppo di marijuana Pineapple Express in vendita online. Acquista la variet\u00e0 di marijuana Express Pineapple. Un ibrido a dominanza sativa \u2013 60% Sativa \\\/ 40% Indica THC: 25%, CBN: 1%\",\"breadcrumb\":{\"@id\":\"https:\\\/\\\/medicinasinc.com\\\/it\\\/product\\\/comprare-ananas-espresso-marijuana\\\/#breadcrumb\"},\"inLanguage\":\"it-IT\",\"potentialAction\":[{\"@type\":\"ReadAction\",\"target\":[\"https:\\\/\\\/medicinasinc.com\\\/it\\\/product\\\/comprare-ananas-espresso-marijuana\\\/\"]}]},{\"@type\":\"ImageObject\",\"inLanguage\":\"it-IT\",\"@id\":\"https:\\\/\\\/medicinasinc.com\\\/it\\\/product\\\/comprare-ananas-espresso-marijuana\\\/#primaryimage\",\"url\":\"https:\\\/\\\/medicinasinc.com\\\/it\\\/wp-content\\\/uploads\\\/sites\\\/4\\\/2022\\\/02\\\/Buy-Pineapple-Express-Marijuana.jpeg\",\"contentUrl\":\"https:\\\/\\\/medicinasinc.com\\\/it\\\/wp-content\\\/uploads\\\/sites\\\/4\\\/2022\\\/02\\\/Buy-Pineapple-Express-Marijuana.jpeg\",\"width\":600,\"height\":600},{\"@type\":\"BreadcrumbList\",\"@id\":\"https:\\\/\\\/medicinasinc.com\\\/it\\\/product\\\/comprare-ananas-espresso-marijuana\\\/#breadcrumb\",\"itemListElement\":[{\"@type\":\"ListItem\",\"position\":1,\"name\":\"Negozio\",\"item\":\"https:\\\/\\\/medicinasinc.com\\\/it\\\/negozio\\\/\"},{\"@type\":\"ListItem\",\"position\":2,\"name\":\"Acquista Marijuana Ananas Express\"}]},{\"@type\":\"WebSite\",\"@id\":\"https:\\\/\\\/medicinasinc.com\\\/it\\\/#website\",\"url\":\"https:\\\/\\\/medicinasinc.com\\\/it\\\/\",\"name\":\"Medicinas Inc\",\"description\":\"Health Medical Clinic\",\"potentialAction\":[{\"@type\":\"SearchAction\",\"target\":{\"@type\":\"EntryPoint\",\"urlTemplate\":\"https:\\\/\\\/medicinasinc.com\\\/it\\\/?s={search_term_string}\"},\"query-input\":{\"@type\":\"PropertyValueSpecification\",\"valueRequired\":true,\"valueName\":\"search_term_string\"}}],\"inLanguage\":\"it-IT\"}]}<\/script>\n<!-- \/ Yoast SEO plugin. -->","yoast_head_json":{"title":"Acquista Pineapple Express Marijuana - I migliori farmaci globali migliori","description":"Acquista ceppo di marijuana Pineapple Express in vendita online. Acquista la variet\u00e0 di marijuana Express Pineapple. Un ibrido a dominanza sativa \u2013 60% Sativa \/ 40% Indica THC: 25%, CBN: 1%","robots":{"index":"index","follow":"follow","max-snippet":"max-snippet:-1","max-image-preview":"max-image-preview:large","max-video-preview":"max-video-preview:-1"},"canonical":"https:\/\/medicinasinc.com\/it\/product\/comprare-ananas-espresso-marijuana\/","og_locale":"it_IT","og_type":"article","og_title":"Acquista Pineapple Express Marijuana - I migliori farmaci globali migliori","og_description":"Acquista ceppo di marijuana Pineapple Express in vendita online. Acquista la variet\u00e0 di marijuana Express Pineapple. Un ibrido a dominanza sativa \u2013 60% Sativa \/ 40% Indica THC: 25%, CBN: 1%","og_url":"https:\/\/medicinasinc.com\/it\/product\/comprare-ananas-espresso-marijuana\/","og_site_name":"Medicinas Inc","article_modified_time":"2022-03-17T00:30:16+00:00","og_image":[{"width":600,"height":600,"url":"https:\/\/medicinasinc.com\/it\/wp-content\/uploads\/sites\/4\/2022\/02\/Buy-Pineapple-Express-Marijuana.jpeg","type":"image\/jpeg"}],"twitter_card":"summary_large_image","twitter_misc":{"Tempo di lettura stimato":"1 minuto"},"schema":{"@context":"https:\/\/schema.org","@graph":[{"@type":"WebPage","@id":"https:\/\/medicinasinc.com\/it\/product\/comprare-ananas-espresso-marijuana\/","url":"https:\/\/medicinasinc.com\/it\/product\/comprare-ananas-espresso-marijuana\/","name":"Acquista Pineapple Express Marijuana - I migliori farmaci globali migliori","isPartOf":{"@id":"https:\/\/medicinasinc.com\/it\/#website"},"primaryImageOfPage":{"@id":"https:\/\/medicinasinc.com\/it\/product\/comprare-ananas-espresso-marijuana\/#primaryimage"},"image":{"@id":"https:\/\/medicinasinc.com\/it\/product\/comprare-ananas-espresso-marijuana\/#primaryimage"},"thumbnailUrl":"https:\/\/medicinasinc.com\/it\/wp-content\/uploads\/sites\/4\/2022\/02\/Buy-Pineapple-Express-Marijuana.jpeg","datePublished":"2022-02-20T19:09:20+00:00","dateModified":"2022-03-17T00:30:16+00:00","description":"Acquista ceppo di marijuana Pineapple Express in vendita online. Acquista la variet\u00e0 di marijuana Express Pineapple. Un ibrido a dominanza sativa \u2013 60% Sativa \/ 40% Indica THC: 25%, CBN: 1%","breadcrumb":{"@id":"https:\/\/medicinasinc.com\/it\/product\/comprare-ananas-espresso-marijuana\/#breadcrumb"},"inLanguage":"it-IT","potentialAction":[{"@type":"ReadAction","target":["https:\/\/medicinasinc.com\/it\/product\/comprare-ananas-espresso-marijuana\/"]}]},{"@type":"ImageObject","inLanguage":"it-IT","@id":"https:\/\/medicinasinc.com\/it\/product\/comprare-ananas-espresso-marijuana\/#primaryimage","url":"https:\/\/medicinasinc.com\/it\/wp-content\/uploads\/sites\/4\/2022\/02\/Buy-Pineapple-Express-Marijuana.jpeg","contentUrl":"https:\/\/medicinasinc.com\/it\/wp-content\/uploads\/sites\/4\/2022\/02\/Buy-Pineapple-Express-Marijuana.jpeg","width":600,"height":600},{"@type":"BreadcrumbList","@id":"https:\/\/medicinasinc.com\/it\/product\/comprare-ananas-espresso-marijuana\/#breadcrumb","itemListElement":[{"@type":"ListItem","position":1,"name":"Negozio","item":"https:\/\/medicinasinc.com\/it\/negozio\/"},{"@type":"ListItem","position":2,"name":"Acquista Marijuana Ananas Express"}]},{"@type":"WebSite","@id":"https:\/\/medicinasinc.com\/it\/#website","url":"https:\/\/medicinasinc.com\/it\/","name":"Medicinas Inc","description":"Health Medical Clinic","potentialAction":[{"@type":"SearchAction","target":{"@type":"EntryPoint","urlTemplate":"https:\/\/medicinasinc.com\/it\/?s={search_term_string}"},"query-input":{"@type":"PropertyValueSpecification","valueRequired":true,"valueName":"search_term_string"}}],"inLanguage":"it-IT"}]}},"_links":{"self":[{"href":"https:\/\/medicinasinc.com\/it\/wp-json\/wp\/v2\/product\/5018","targetHints":{"allow":["GET"]}}],"collection":[{"href":"https:\/\/medicinasinc.com\/it\/wp-json\/wp\/v2\/product"}],"about":[{"href":"https:\/\/medicinasinc.com\/it\/wp-json\/wp\/v2\/types\/product"}],"replies":[{"embeddable":true,"href":"https:\/\/medicinasinc.com\/it\/wp-json\/wp\/v2\/comments?post=5018"}],"wp:featuredmedia":[{"embeddable":true,"href":"https:\/\/medicinasinc.com\/it\/wp-json\/wp\/v2\/media\/5034"}],"wp:attachment":[{"href":"https:\/\/medicinasinc.com\/it\/wp-json\/wp\/v2\/media?parent=5018"}],"wp:term":[{"taxonomy":"product_brand","embeddable":true,"href":"https:\/\/medicinasinc.com\/it\/wp-json\/wp\/v2\/product_brand?post=5018"},{"taxonomy":"product_cat","embeddable":true,"href":"https:\/\/medicinasinc.com\/it\/wp-json\/wp\/v2\/product_cat?post=5018"},{"taxonomy":"product_tag","embeddable":true,"href":"https:\/\/medicinasinc.com\/it\/wp-json\/wp\/v2\/product_tag?post=5018"}],"curies":[{"name":"wp","href":"https:\/\/api.w.org\/{rel}","templated":true}]}}