{"id":4996,"date":"2022-02-20T18:53:00","date_gmt":"2022-02-20T18:53:00","guid":{"rendered":"https:\/\/medicinasinc.com\/it\/?post_type=product&#038;p=4996"},"modified":"2022-08-04T09:02:07","modified_gmt":"2022-08-04T09:02:07","slug":"compra-limone-puzzola","status":"publish","type":"product","link":"https:\/\/medicinasinc.com\/it\/product\/compra-limone-puzzola\/","title":{"rendered":"Compra Skunk al limone"},"content":{"rendered":"<p>Lemon Skunk \u00e8 disponibile presso il dispensario di marijuana online di Chronic Post.<\/p>\n<p>ChronicPost Lemon Skunk \u00e8 un ibrido Sativa pluripremiato con un sapore di limone e un contenuto di THC fino al 22%. Nel 2009, \u00e8 stata inclusa nella classifica dei primi dieci ceppi di High Times.<\/p>\n<p>Il contenuto di THC di Lemon Skunk varia in media tra il 14 e il 15% ed \u00e8 stato testato fino al 22% di THC. Il suo &#8220;high&#8221; \u00e8 noto per stimolare la funzione cerebrale, con conseguente maggiore creativit\u00e0 e avvolgendo l&#8217;utente in un ronzio gioioso ed energizzante. Numerosi revisori hanno caratterizzato la loro Lemon Skunk high come introspettiva, suscitando pensieri e migliorando l&#8217;inventiva. Dopo una o due ore, i componenti indica della variet\u00e0 iniziano a manifestarsi, lasciando il consumatore leggermente stanco mentre gli effetti cerebrali svaniscono.<\/p>\n<p>Lemon Skunk \u00e8 una pianta piuttosto alta e produttiva che \u00e8 esattamente ci\u00f2 che il implica il nome: una variante Skunk fortemente agrumata con un effetto potente e lenitivo. Possiede le caratteristiche cime verde lime e pistilli arancioni vivaci della Skunk, che danno origine a cime gelide, dense, a forma di lancia.<\/p>\n","protected":false},"excerpt":{"rendered":"<div class=\"woocommerce-product-details__short-description\">\n<p>Lemon Skunk contiene una moderata quantit\u00e0 di THC e pochissimo CBD. Scopri di pi\u00f9 su DNA Genetics Lemon Skunk e fai il tuo acquisto con Tokyo Smoke oggi.<\/p>\n<p>Lemon Skunk Weed in vendita online. Lemon Kush \u00e8 un mix tra Master Kush e Lemon Joy e produce una resa da bassa a moderata. Consigliato per pazienti affetti da HIV\/AIDS, glaucoma, morbo di Parkinson, ansia e dolore cronico<\/p>\n<p><strong>Gemma:\u00a0<\/strong>Piccola<br \/>\n<strong>Consistenza:\u00a0<\/strong>Secco<br \/>\n<strong>Gusti:\u00a0<\/strong>Limone\/Agrumi\/Fresco<br \/>\n<strong>Utilizzo comune:<\/strong>\u00a0Dolore\/Appetito\/Depressione<br \/>\n<strong>THC:<\/strong>\u00a022%\u00a0 \u00a0<strong>CBD: &lt;<\/strong>1%<\/p>\n<\/div>\n","protected":false},"featured_media":5013,"comment_status":"open","ping_status":"closed","template":"","meta":[],"product_brand":[],"product_cat":[778],"product_tag":[933,934,939,932,937,938,935,936],"class_list":{"0":"post-4996","1":"product","2":"type-product","3":"status-publish","4":"has-post-thumbnail","6":"product_cat-erba-in-vendita","7":"product_tag-lemon-skunk-auto","8":"product_tag-limone-skunk-cartuccia","9":"product_tag-gusto-di-puzzola-di-limone","10":"product_tag-i-migliori-semi-di-limone","11":"product_tag-lemon-skunk-indica-or-sativa","12":"product_tag-lemon-skunk-price","13":"product_tag-limone-skunk-cbd","14":"product_tag-recensione-di-semi-di-limone-skunk-serra","16":"first","17":"instock","18":"shipping-taxable","19":"purchasable","20":"product-type-variable","21":"has-default-attributes"},"yoast_head":"<!-- This site is optimized with the Yoast SEO plugin v27.3 - https:\/\/yoast.com\/product\/yoast-seo-wordpress\/ -->\n<title>Acquista Lemon Skunk - I migliori migliori medicinali globali<\/title>\n<meta name=\"description\" content=\"Acquista online la Lemon Skunk Weed. Lemon Kush \u00e8 un incrocio tra Master Kush e Lemon Joy, ha una resa medio-bassa. Consigliato per pazienti con HIV\/AIDS, glaucoma, morbo di Parkinson, ansia, dolore cronico...\" \/>\n<meta name=\"robots\" content=\"index, follow, max-snippet:-1, max-image-preview:large, max-video-preview:-1\" \/>\n<link rel=\"canonical\" href=\"https:\/\/medicinasinc.com\/it\/product\/compra-limone-puzzola\/\" \/>\n<meta property=\"og:locale\" content=\"it_IT\" \/>\n<meta property=\"og:type\" content=\"article\" \/>\n<meta property=\"og:title\" content=\"Acquista Lemon Skunk - I migliori migliori medicinali globali\" \/>\n<meta property=\"og:description\" content=\"Acquista online la Lemon Skunk Weed. Lemon Kush \u00e8 un incrocio tra Master Kush e Lemon Joy, ha una resa medio-bassa. Consigliato per pazienti con HIV\/AIDS, glaucoma, morbo di Parkinson, ansia, dolore cronico...\" \/>\n<meta property=\"og:url\" content=\"https:\/\/medicinasinc.com\/it\/product\/compra-limone-puzzola\/\" \/>\n<meta property=\"og:site_name\" content=\"Medicinas Inc\" \/>\n<meta property=\"article:modified_time\" content=\"2022-08-04T09:02:07+00:00\" \/>\n<meta property=\"og:image\" content=\"https:\/\/medicinasinc.com\/it\/wp-content\/uploads\/sites\/4\/2022\/02\/Buy-Lemon-Skunk.jpg\" \/>\n\t<meta property=\"og:image:width\" content=\"2403\" \/>\n\t<meta property=\"og:image:height\" content=\"2403\" \/>\n\t<meta property=\"og:image:type\" content=\"image\/jpeg\" \/>\n<meta name=\"twitter:card\" content=\"summary_large_image\" \/>\n<meta name=\"twitter:label1\" content=\"Tempo di lettura stimato\" \/>\n\t<meta name=\"twitter:data1\" content=\"1 minuto\" \/>\n<script type=\"application\/ld+json\" class=\"yoast-schema-graph\">{\"@context\":\"https:\\\/\\\/schema.org\",\"@graph\":[{\"@type\":\"WebPage\",\"@id\":\"https:\\\/\\\/medicinasinc.com\\\/it\\\/product\\\/compra-limone-puzzola\\\/\",\"url\":\"https:\\\/\\\/medicinasinc.com\\\/it\\\/product\\\/compra-limone-puzzola\\\/\",\"name\":\"Acquista Lemon Skunk - I migliori migliori medicinali globali\",\"isPartOf\":{\"@id\":\"https:\\\/\\\/medicinasinc.com\\\/it\\\/#website\"},\"primaryImageOfPage\":{\"@id\":\"https:\\\/\\\/medicinasinc.com\\\/it\\\/product\\\/compra-limone-puzzola\\\/#primaryimage\"},\"image\":{\"@id\":\"https:\\\/\\\/medicinasinc.com\\\/it\\\/product\\\/compra-limone-puzzola\\\/#primaryimage\"},\"thumbnailUrl\":\"https:\\\/\\\/medicinasinc.com\\\/it\\\/wp-content\\\/uploads\\\/sites\\\/4\\\/2022\\\/02\\\/Buy-Lemon-Skunk.jpg\",\"datePublished\":\"2022-02-20T18:53:00+00:00\",\"dateModified\":\"2022-08-04T09:02:07+00:00\",\"description\":\"Acquista online la Lemon Skunk Weed. Lemon Kush \u00e8 un incrocio tra Master Kush e Lemon Joy, ha una resa medio-bassa. Consigliato per pazienti con HIV\\\/AIDS, glaucoma, morbo di Parkinson, ansia, dolore cronico...\",\"breadcrumb\":{\"@id\":\"https:\\\/\\\/medicinasinc.com\\\/it\\\/product\\\/compra-limone-puzzola\\\/#breadcrumb\"},\"inLanguage\":\"it-IT\",\"potentialAction\":[{\"@type\":\"ReadAction\",\"target\":[\"https:\\\/\\\/medicinasinc.com\\\/it\\\/product\\\/compra-limone-puzzola\\\/\"]}]},{\"@type\":\"ImageObject\",\"inLanguage\":\"it-IT\",\"@id\":\"https:\\\/\\\/medicinasinc.com\\\/it\\\/product\\\/compra-limone-puzzola\\\/#primaryimage\",\"url\":\"https:\\\/\\\/medicinasinc.com\\\/it\\\/wp-content\\\/uploads\\\/sites\\\/4\\\/2022\\\/02\\\/Buy-Lemon-Skunk.jpg\",\"contentUrl\":\"https:\\\/\\\/medicinasinc.com\\\/it\\\/wp-content\\\/uploads\\\/sites\\\/4\\\/2022\\\/02\\\/Buy-Lemon-Skunk.jpg\",\"width\":2403,\"height\":2403},{\"@type\":\"BreadcrumbList\",\"@id\":\"https:\\\/\\\/medicinasinc.com\\\/it\\\/product\\\/compra-limone-puzzola\\\/#breadcrumb\",\"itemListElement\":[{\"@type\":\"ListItem\",\"position\":1,\"name\":\"Negozio\",\"item\":\"https:\\\/\\\/medicinasinc.com\\\/it\\\/negozio\\\/\"},{\"@type\":\"ListItem\",\"position\":2,\"name\":\"Compra Skunk al limone\"}]},{\"@type\":\"WebSite\",\"@id\":\"https:\\\/\\\/medicinasinc.com\\\/it\\\/#website\",\"url\":\"https:\\\/\\\/medicinasinc.com\\\/it\\\/\",\"name\":\"Medicinas Inc\",\"description\":\"Health Medical Clinic\",\"potentialAction\":[{\"@type\":\"SearchAction\",\"target\":{\"@type\":\"EntryPoint\",\"urlTemplate\":\"https:\\\/\\\/medicinasinc.com\\\/it\\\/?s={search_term_string}\"},\"query-input\":{\"@type\":\"PropertyValueSpecification\",\"valueRequired\":true,\"valueName\":\"search_term_string\"}}],\"inLanguage\":\"it-IT\"}]}<\/script>\n<!-- \/ Yoast SEO plugin. -->","yoast_head_json":{"title":"Acquista Lemon Skunk - I migliori migliori medicinali globali","description":"Acquista online la Lemon Skunk Weed. Lemon Kush \u00e8 un incrocio tra Master Kush e Lemon Joy, ha una resa medio-bassa. Consigliato per pazienti con HIV\/AIDS, glaucoma, morbo di Parkinson, ansia, dolore cronico...","robots":{"index":"index","follow":"follow","max-snippet":"max-snippet:-1","max-image-preview":"max-image-preview:large","max-video-preview":"max-video-preview:-1"},"canonical":"https:\/\/medicinasinc.com\/it\/product\/compra-limone-puzzola\/","og_locale":"it_IT","og_type":"article","og_title":"Acquista Lemon Skunk - I migliori migliori medicinali globali","og_description":"Acquista online la Lemon Skunk Weed. Lemon Kush \u00e8 un incrocio tra Master Kush e Lemon Joy, ha una resa medio-bassa. Consigliato per pazienti con HIV\/AIDS, glaucoma, morbo di Parkinson, ansia, dolore cronico...","og_url":"https:\/\/medicinasinc.com\/it\/product\/compra-limone-puzzola\/","og_site_name":"Medicinas Inc","article_modified_time":"2022-08-04T09:02:07+00:00","og_image":[{"width":2403,"height":2403,"url":"https:\/\/medicinasinc.com\/it\/wp-content\/uploads\/sites\/4\/2022\/02\/Buy-Lemon-Skunk.jpg","type":"image\/jpeg"}],"twitter_card":"summary_large_image","twitter_misc":{"Tempo di lettura stimato":"1 minuto"},"schema":{"@context":"https:\/\/schema.org","@graph":[{"@type":"WebPage","@id":"https:\/\/medicinasinc.com\/it\/product\/compra-limone-puzzola\/","url":"https:\/\/medicinasinc.com\/it\/product\/compra-limone-puzzola\/","name":"Acquista Lemon Skunk - I migliori migliori medicinali globali","isPartOf":{"@id":"https:\/\/medicinasinc.com\/it\/#website"},"primaryImageOfPage":{"@id":"https:\/\/medicinasinc.com\/it\/product\/compra-limone-puzzola\/#primaryimage"},"image":{"@id":"https:\/\/medicinasinc.com\/it\/product\/compra-limone-puzzola\/#primaryimage"},"thumbnailUrl":"https:\/\/medicinasinc.com\/it\/wp-content\/uploads\/sites\/4\/2022\/02\/Buy-Lemon-Skunk.jpg","datePublished":"2022-02-20T18:53:00+00:00","dateModified":"2022-08-04T09:02:07+00:00","description":"Acquista online la Lemon Skunk Weed. Lemon Kush \u00e8 un incrocio tra Master Kush e Lemon Joy, ha una resa medio-bassa. Consigliato per pazienti con HIV\/AIDS, glaucoma, morbo di Parkinson, ansia, dolore cronico...","breadcrumb":{"@id":"https:\/\/medicinasinc.com\/it\/product\/compra-limone-puzzola\/#breadcrumb"},"inLanguage":"it-IT","potentialAction":[{"@type":"ReadAction","target":["https:\/\/medicinasinc.com\/it\/product\/compra-limone-puzzola\/"]}]},{"@type":"ImageObject","inLanguage":"it-IT","@id":"https:\/\/medicinasinc.com\/it\/product\/compra-limone-puzzola\/#primaryimage","url":"https:\/\/medicinasinc.com\/it\/wp-content\/uploads\/sites\/4\/2022\/02\/Buy-Lemon-Skunk.jpg","contentUrl":"https:\/\/medicinasinc.com\/it\/wp-content\/uploads\/sites\/4\/2022\/02\/Buy-Lemon-Skunk.jpg","width":2403,"height":2403},{"@type":"BreadcrumbList","@id":"https:\/\/medicinasinc.com\/it\/product\/compra-limone-puzzola\/#breadcrumb","itemListElement":[{"@type":"ListItem","position":1,"name":"Negozio","item":"https:\/\/medicinasinc.com\/it\/negozio\/"},{"@type":"ListItem","position":2,"name":"Compra Skunk al limone"}]},{"@type":"WebSite","@id":"https:\/\/medicinasinc.com\/it\/#website","url":"https:\/\/medicinasinc.com\/it\/","name":"Medicinas Inc","description":"Health Medical Clinic","potentialAction":[{"@type":"SearchAction","target":{"@type":"EntryPoint","urlTemplate":"https:\/\/medicinasinc.com\/it\/?s={search_term_string}"},"query-input":{"@type":"PropertyValueSpecification","valueRequired":true,"valueName":"search_term_string"}}],"inLanguage":"it-IT"}]}},"_links":{"self":[{"href":"https:\/\/medicinasinc.com\/it\/wp-json\/wp\/v2\/product\/4996","targetHints":{"allow":["GET"]}}],"collection":[{"href":"https:\/\/medicinasinc.com\/it\/wp-json\/wp\/v2\/product"}],"about":[{"href":"https:\/\/medicinasinc.com\/it\/wp-json\/wp\/v2\/types\/product"}],"replies":[{"embeddable":true,"href":"https:\/\/medicinasinc.com\/it\/wp-json\/wp\/v2\/comments?post=4996"}],"wp:featuredmedia":[{"embeddable":true,"href":"https:\/\/medicinasinc.com\/it\/wp-json\/wp\/v2\/media\/5013"}],"wp:attachment":[{"href":"https:\/\/medicinasinc.com\/it\/wp-json\/wp\/v2\/media?parent=4996"}],"wp:term":[{"taxonomy":"product_brand","embeddable":true,"href":"https:\/\/medicinasinc.com\/it\/wp-json\/wp\/v2\/product_brand?post=4996"},{"taxonomy":"product_cat","embeddable":true,"href":"https:\/\/medicinasinc.com\/it\/wp-json\/wp\/v2\/product_cat?post=4996"},{"taxonomy":"product_tag","embeddable":true,"href":"https:\/\/medicinasinc.com\/it\/wp-json\/wp\/v2\/product_tag?post=4996"}],"curies":[{"name":"wp","href":"https:\/\/api.w.org\/{rel}","templated":true}]}}