{"id":4971,"date":"2022-02-20T18:31:57","date_gmt":"2022-02-20T18:31:57","guid":{"rendered":"https:\/\/medicinasinc.com\/it\/?post_type=product&#038;p=4971"},"modified":"2022-03-17T00:31:03","modified_gmt":"2022-03-17T00:31:03","slug":"buy-khalifa-kush","status":"publish","type":"product","link":"https:\/\/medicinasinc.com\/it\/product\/buy-khalifa-kush\/","title":{"rendered":"Acquista Khalifa Kush"},"content":{"rendered":"<p>Acquisto online di marijuana Khalifa Kush.<\/p>\n<p>Acquisto online di marijuana Khalifa Kush.<\/p>\n<p>Effetti cerebrali, creativi, euforici e rilassanti<br \/> Possono aiutare a alleviare Artrite, dolore cronico, depressione, affaticamento, mal di testa, perdita di appetito, emicrania, nausea, disturbo da stress post-traumatico e sapori da stress<br \/> Limone, agrumi, pino e dolce<\/p>\n","protected":false},"excerpt":{"rendered":"<p>Acquisto online di Khalifa Kush Khalifa Kush in vendita online Top Medical Khalifa Cannabis in vendita nel mio quartiere Acquisto di marijuana medica online Acquisto di marijuana medica online.<\/p>\n<p>Cosa dovresti sapere prima di acquistare Wiz Khalifa OG? Wiz Khalifa OG, spesso conosciuta come Khalifa Kush, \u00e8 una variet\u00e0 ibrida di cannabis. Acquista\u00a0online!<\/p>\n<p>Il sapore e l&#8217;aroma del khalifa kush sono agrumati e di pino. Se usato in medicina, il khalifa kush pu\u00f2 essere efficace per affaticamento, tensione, ansia e depressione, mentre l&#8217;alto contenuto di CBD \u00e8 eccellente per i disturbi pi\u00f9 gravi. La concentrazione di THC di khalifa kush varia tra il 15% e il 29%.<\/p>\n<p>OG Hybrid Genetics Lemon x Earthy x Pine Kush Happiness \u00d7 Euphoria x Relax x Creativity x Uplifting<\/p>\n<p>Acquisto online di Khalifa Kush Marijuana.<\/p>\n<p>Un ibrido dominante &#8211; 80% Indica \/ 20% Sativa THC: 24\u201326%<\/p>\n","protected":false},"featured_media":4985,"comment_status":"open","ping_status":"closed","template":"","meta":[],"product_brand":[],"product_cat":[778],"product_tag":[],"class_list":{"0":"post-4971","1":"product","2":"type-product","3":"status-publish","4":"has-post-thumbnail","6":"product_cat-erba-in-vendita","8":"first","9":"instock","10":"shipping-taxable","11":"purchasable","12":"product-type-variable","13":"has-default-attributes"},"yoast_head":"<!-- This site is optimized with the Yoast SEO plugin v27.3 - https:\/\/yoast.com\/product\/yoast-seo-wordpress\/ -->\n<title>Acquista Marijuana Khalifa Kush online - I migliori medicinali globali<\/title>\n<meta name=\"description\" content=\"Acquista Khalifa Kush Online Khalifa Kush in vendita online Top Medical Khalifa Cannabis in vendita vicino a me Acquista Medical Cannabis Online Acquista Medical Marijuana online.\" \/>\n<meta name=\"robots\" content=\"index, follow, max-snippet:-1, max-image-preview:large, max-video-preview:-1\" \/>\n<link rel=\"canonical\" href=\"https:\/\/medicinasinc.com\/it\/product\/buy-khalifa-kush\/\" \/>\n<meta property=\"og:locale\" content=\"it_IT\" \/>\n<meta property=\"og:type\" content=\"article\" \/>\n<meta property=\"og:title\" content=\"Acquista Marijuana Khalifa Kush online - I migliori medicinali globali\" \/>\n<meta property=\"og:description\" content=\"Acquista Khalifa Kush Online Khalifa Kush in vendita online Top Medical Khalifa Cannabis in vendita vicino a me Acquista Medical Cannabis Online Acquista Medical Marijuana online.\" \/>\n<meta property=\"og:url\" content=\"https:\/\/medicinasinc.com\/it\/product\/buy-khalifa-kush\/\" \/>\n<meta property=\"og:site_name\" content=\"Medicinas Inc\" \/>\n<meta property=\"article:modified_time\" content=\"2022-03-17T00:31:03+00:00\" \/>\n<meta property=\"og:image\" content=\"https:\/\/medicinasinc.com\/it\/wp-content\/uploads\/sites\/4\/2022\/02\/Buy-Khalifa-Kush.jpeg\" \/>\n\t<meta property=\"og:image:width\" content=\"1141\" \/>\n\t<meta property=\"og:image:height\" content=\"1064\" \/>\n\t<meta property=\"og:image:type\" content=\"image\/jpeg\" \/>\n<meta name=\"twitter:card\" content=\"summary_large_image\" \/>\n<meta name=\"twitter:label1\" content=\"Tempo di lettura stimato\" \/>\n\t<meta name=\"twitter:data1\" content=\"1 minuto\" \/>\n<script type=\"application\/ld+json\" class=\"yoast-schema-graph\">{\"@context\":\"https:\\\/\\\/schema.org\",\"@graph\":[{\"@type\":\"WebPage\",\"@id\":\"https:\\\/\\\/medicinasinc.com\\\/it\\\/product\\\/buy-khalifa-kush\\\/\",\"url\":\"https:\\\/\\\/medicinasinc.com\\\/it\\\/product\\\/buy-khalifa-kush\\\/\",\"name\":\"Acquista Marijuana Khalifa Kush online - I migliori medicinali globali\",\"isPartOf\":{\"@id\":\"https:\\\/\\\/medicinasinc.com\\\/it\\\/#website\"},\"primaryImageOfPage\":{\"@id\":\"https:\\\/\\\/medicinasinc.com\\\/it\\\/product\\\/buy-khalifa-kush\\\/#primaryimage\"},\"image\":{\"@id\":\"https:\\\/\\\/medicinasinc.com\\\/it\\\/product\\\/buy-khalifa-kush\\\/#primaryimage\"},\"thumbnailUrl\":\"https:\\\/\\\/medicinasinc.com\\\/it\\\/wp-content\\\/uploads\\\/sites\\\/4\\\/2022\\\/02\\\/Buy-Khalifa-Kush.jpeg\",\"datePublished\":\"2022-02-20T18:31:57+00:00\",\"dateModified\":\"2022-03-17T00:31:03+00:00\",\"description\":\"Acquista Khalifa Kush Online Khalifa Kush in vendita online Top Medical Khalifa Cannabis in vendita vicino a me Acquista Medical Cannabis Online Acquista Medical Marijuana online.\",\"breadcrumb\":{\"@id\":\"https:\\\/\\\/medicinasinc.com\\\/it\\\/product\\\/buy-khalifa-kush\\\/#breadcrumb\"},\"inLanguage\":\"it-IT\",\"potentialAction\":[{\"@type\":\"ReadAction\",\"target\":[\"https:\\\/\\\/medicinasinc.com\\\/it\\\/product\\\/buy-khalifa-kush\\\/\"]}]},{\"@type\":\"ImageObject\",\"inLanguage\":\"it-IT\",\"@id\":\"https:\\\/\\\/medicinasinc.com\\\/it\\\/product\\\/buy-khalifa-kush\\\/#primaryimage\",\"url\":\"https:\\\/\\\/medicinasinc.com\\\/it\\\/wp-content\\\/uploads\\\/sites\\\/4\\\/2022\\\/02\\\/Buy-Khalifa-Kush.jpeg\",\"contentUrl\":\"https:\\\/\\\/medicinasinc.com\\\/it\\\/wp-content\\\/uploads\\\/sites\\\/4\\\/2022\\\/02\\\/Buy-Khalifa-Kush.jpeg\",\"width\":1141,\"height\":1064},{\"@type\":\"BreadcrumbList\",\"@id\":\"https:\\\/\\\/medicinasinc.com\\\/it\\\/product\\\/buy-khalifa-kush\\\/#breadcrumb\",\"itemListElement\":[{\"@type\":\"ListItem\",\"position\":1,\"name\":\"Negozio\",\"item\":\"https:\\\/\\\/medicinasinc.com\\\/it\\\/negozio\\\/\"},{\"@type\":\"ListItem\",\"position\":2,\"name\":\"Acquista Khalifa Kush\"}]},{\"@type\":\"WebSite\",\"@id\":\"https:\\\/\\\/medicinasinc.com\\\/it\\\/#website\",\"url\":\"https:\\\/\\\/medicinasinc.com\\\/it\\\/\",\"name\":\"Medicinas Inc\",\"description\":\"Health Medical Clinic\",\"potentialAction\":[{\"@type\":\"SearchAction\",\"target\":{\"@type\":\"EntryPoint\",\"urlTemplate\":\"https:\\\/\\\/medicinasinc.com\\\/it\\\/?s={search_term_string}\"},\"query-input\":{\"@type\":\"PropertyValueSpecification\",\"valueRequired\":true,\"valueName\":\"search_term_string\"}}],\"inLanguage\":\"it-IT\"}]}<\/script>\n<!-- \/ Yoast SEO plugin. -->","yoast_head_json":{"title":"Acquista Marijuana Khalifa Kush online - I migliori medicinali globali","description":"Acquista Khalifa Kush Online Khalifa Kush in vendita online Top Medical Khalifa Cannabis in vendita vicino a me Acquista Medical Cannabis Online Acquista Medical Marijuana online.","robots":{"index":"index","follow":"follow","max-snippet":"max-snippet:-1","max-image-preview":"max-image-preview:large","max-video-preview":"max-video-preview:-1"},"canonical":"https:\/\/medicinasinc.com\/it\/product\/buy-khalifa-kush\/","og_locale":"it_IT","og_type":"article","og_title":"Acquista Marijuana Khalifa Kush online - I migliori medicinali globali","og_description":"Acquista Khalifa Kush Online Khalifa Kush in vendita online Top Medical Khalifa Cannabis in vendita vicino a me Acquista Medical Cannabis Online Acquista Medical Marijuana online.","og_url":"https:\/\/medicinasinc.com\/it\/product\/buy-khalifa-kush\/","og_site_name":"Medicinas Inc","article_modified_time":"2022-03-17T00:31:03+00:00","og_image":[{"width":1141,"height":1064,"url":"https:\/\/medicinasinc.com\/it\/wp-content\/uploads\/sites\/4\/2022\/02\/Buy-Khalifa-Kush.jpeg","type":"image\/jpeg"}],"twitter_card":"summary_large_image","twitter_misc":{"Tempo di lettura stimato":"1 minuto"},"schema":{"@context":"https:\/\/schema.org","@graph":[{"@type":"WebPage","@id":"https:\/\/medicinasinc.com\/it\/product\/buy-khalifa-kush\/","url":"https:\/\/medicinasinc.com\/it\/product\/buy-khalifa-kush\/","name":"Acquista Marijuana Khalifa Kush online - I migliori medicinali globali","isPartOf":{"@id":"https:\/\/medicinasinc.com\/it\/#website"},"primaryImageOfPage":{"@id":"https:\/\/medicinasinc.com\/it\/product\/buy-khalifa-kush\/#primaryimage"},"image":{"@id":"https:\/\/medicinasinc.com\/it\/product\/buy-khalifa-kush\/#primaryimage"},"thumbnailUrl":"https:\/\/medicinasinc.com\/it\/wp-content\/uploads\/sites\/4\/2022\/02\/Buy-Khalifa-Kush.jpeg","datePublished":"2022-02-20T18:31:57+00:00","dateModified":"2022-03-17T00:31:03+00:00","description":"Acquista Khalifa Kush Online Khalifa Kush in vendita online Top Medical Khalifa Cannabis in vendita vicino a me Acquista Medical Cannabis Online Acquista Medical Marijuana online.","breadcrumb":{"@id":"https:\/\/medicinasinc.com\/it\/product\/buy-khalifa-kush\/#breadcrumb"},"inLanguage":"it-IT","potentialAction":[{"@type":"ReadAction","target":["https:\/\/medicinasinc.com\/it\/product\/buy-khalifa-kush\/"]}]},{"@type":"ImageObject","inLanguage":"it-IT","@id":"https:\/\/medicinasinc.com\/it\/product\/buy-khalifa-kush\/#primaryimage","url":"https:\/\/medicinasinc.com\/it\/wp-content\/uploads\/sites\/4\/2022\/02\/Buy-Khalifa-Kush.jpeg","contentUrl":"https:\/\/medicinasinc.com\/it\/wp-content\/uploads\/sites\/4\/2022\/02\/Buy-Khalifa-Kush.jpeg","width":1141,"height":1064},{"@type":"BreadcrumbList","@id":"https:\/\/medicinasinc.com\/it\/product\/buy-khalifa-kush\/#breadcrumb","itemListElement":[{"@type":"ListItem","position":1,"name":"Negozio","item":"https:\/\/medicinasinc.com\/it\/negozio\/"},{"@type":"ListItem","position":2,"name":"Acquista Khalifa Kush"}]},{"@type":"WebSite","@id":"https:\/\/medicinasinc.com\/it\/#website","url":"https:\/\/medicinasinc.com\/it\/","name":"Medicinas Inc","description":"Health Medical Clinic","potentialAction":[{"@type":"SearchAction","target":{"@type":"EntryPoint","urlTemplate":"https:\/\/medicinasinc.com\/it\/?s={search_term_string}"},"query-input":{"@type":"PropertyValueSpecification","valueRequired":true,"valueName":"search_term_string"}}],"inLanguage":"it-IT"}]}},"_links":{"self":[{"href":"https:\/\/medicinasinc.com\/it\/wp-json\/wp\/v2\/product\/4971","targetHints":{"allow":["GET"]}}],"collection":[{"href":"https:\/\/medicinasinc.com\/it\/wp-json\/wp\/v2\/product"}],"about":[{"href":"https:\/\/medicinasinc.com\/it\/wp-json\/wp\/v2\/types\/product"}],"replies":[{"embeddable":true,"href":"https:\/\/medicinasinc.com\/it\/wp-json\/wp\/v2\/comments?post=4971"}],"wp:featuredmedia":[{"embeddable":true,"href":"https:\/\/medicinasinc.com\/it\/wp-json\/wp\/v2\/media\/4985"}],"wp:attachment":[{"href":"https:\/\/medicinasinc.com\/it\/wp-json\/wp\/v2\/media?parent=4971"}],"wp:term":[{"taxonomy":"product_brand","embeddable":true,"href":"https:\/\/medicinasinc.com\/it\/wp-json\/wp\/v2\/product_brand?post=4971"},{"taxonomy":"product_cat","embeddable":true,"href":"https:\/\/medicinasinc.com\/it\/wp-json\/wp\/v2\/product_cat?post=4971"},{"taxonomy":"product_tag","embeddable":true,"href":"https:\/\/medicinasinc.com\/it\/wp-json\/wp\/v2\/product_tag?post=4971"}],"curies":[{"name":"wp","href":"https:\/\/api.w.org\/{rel}","templated":true}]}}