{"id":4970,"date":"2022-02-20T18:30:09","date_gmt":"2022-02-20T18:30:09","guid":{"rendered":"https:\/\/medicinasinc.com\/it\/?post_type=product&#038;p=4970"},"modified":"2022-03-17T00:31:12","modified_gmt":"2022-03-17T00:31:12","slug":"compra-gesu-e-erbaccia","status":"publish","type":"product","link":"https:\/\/medicinasinc.com\/it\/product\/compra-gesu-e-erbaccia\/","title":{"rendered":"Compra Jesus OG Weed"},"content":{"rendered":"<p>La variet\u00e0 di marijuana Jesus OG pu\u00f2 essere acquistata online. Jesus OG \u00e8 un ibrido a predominanza Sativa &#8211; 80% Sativa. Sativa \/ 20% Indica THC: 21% &#8211; 25%<\/p>\n<p>Effetti energizzanti, euforici, focalizzanti, felici ed edificanti possono alleviare ADD\/ADHD, disturbo bipolare, dolore cronico, depressione, affaticamento, mal di testa, emicrania, Aromi di nausea, disturbo da stress post-traumatico e stress<br \/> Limone, aghi di pino, dolce e piccante<br \/> Aromi<br \/> Limone, piccante e dolce<\/p>\n","protected":false},"excerpt":{"rendered":"<p>Acquista la variet\u00e0 di marijuana Jesus OG online. La variet\u00e0 Jesus og marijuana \u00e8 un ibrido a dominanza sativa &#8211; 80% Sativa \/ 20% Indica THC: 21% \u2013 25%<\/p>\n","protected":false},"featured_media":4983,"comment_status":"open","ping_status":"closed","template":"","meta":[],"product_brand":[],"product_cat":[778],"product_tag":[891,889,894,455,890,896,920,885,614,893,459,898,899,470,902,473,903,477,913,906,897,901,892,626,900,895,907,887,910,908,909,911,912,905,914,915,916,917,918,904,919,886,921,922,888,923],"class_list":{"0":"post-4970","1":"product","2":"type-product","3":"status-publish","4":"has-post-thumbnail","6":"product_cat-erba-in-vendita","7":"product_tag-comprare-gelato-marijuana-online","8":"product_tag-compra-asso-killer-e-marijuana","9":"product_tag-compra-khalifa-kush-marijuana","10":"product_tag-comprare-marijuana-online","11":"product_tag-buy-ahoe-hydro-og-indica","12":"product_tag-comprare-olio-di-cannabis-medico-online","13":"product_tag-pacific-seed-bank-autofiorente","14":"product_tag-best-marijuana-strains","15":"product_tag-best-online-dispensary","16":"product_tag-buy-jesus-og-marijuana-strain-online","17":"product_tag-buy-marijuana-online-usa","18":"product_tag-buy-presidential-kush-strain","19":"product_tag-buy-real-weed-online","20":"product_tag-buy-weed-online","21":"product_tag-buy-weed-online-buy-marijuana-online","22":"product_tag-buy-weed-online-europe","23":"product_tag-buy-weed-onlne-uk","24":"product_tag-buying-weed-online","25":"product_tag-ceppi-di-erbacce-dispensario","26":"product_tag-dawg-cookies-indica-ceppo","27":"product_tag-recensione-compra-la-mia-erba-on-line","28":"product_tag-buy-skunk-online-uk","29":"product_tag-comprare-erba-illegale-online","30":"product_tag-compra-erba-legale-online","31":"product_tag-compra-erba-ricreativa-online","32":"product_tag-comprare-marijuana-online-no-tessera-medico","33":"product_tag-depressione","34":"product_tag-disordine-bipolare","35":"product_tag-dispensari-che-spediscono-fuori-dallo-stato","36":"product_tag-dispensaries-near-me-open-now","37":"product_tag-dispensaries-that-dont-require-medical-card-near-me","38":"product_tag-dispensario-vicino-a-me-aperto-tardivo","39":"product_tag-dispensario-vicino-a-me-ricreativo","40":"product_tag-dolore-cronico","41":"product_tag-edibles-online-no-medical-card","42":"product_tag-fatica","43":"product_tag-jesus-og-feminized-seeds","44":"product_tag-jesus-og-seeds","45":"product_tag-jesus-og-strain","46":"product_tag-charlottes-web-cannabis-ceppo","47":"product_tag-lemon-og-autoflower","48":"product_tag-best-dispensary-online-canada","49":"product_tag-platino-e-semi-di-kush","50":"product_tag-tga-subcool-jesus-og","51":"product_tag-blue-dream-ceppo-marijuana","52":"product_tag-yoda-og-allevatore","54":"first","55":"instock","56":"shipping-taxable","57":"purchasable","58":"product-type-variable","59":"has-default-attributes"},"yoast_head":"<!-- This site is optimized with the Yoast SEO plugin v27.3 - https:\/\/yoast.com\/product\/yoast-seo-wordpress\/ -->\n<title>Acquista Jesus OG Weed Marijuana Strain - Best Global Meds<\/title>\n<meta name=\"description\" content=\"Acquista Jesus OG Marijuana Strain in vendita online. Jesus og marijuana ceppo \u00e8 Sativa Dominant Hybrid \u2013 80% Sativa \/ 20% Indica THC: 21% \u2013 25%\" \/>\n<meta name=\"robots\" content=\"index, follow, max-snippet:-1, max-image-preview:large, max-video-preview:-1\" \/>\n<link rel=\"canonical\" href=\"https:\/\/medicinasinc.com\/it\/product\/compra-gesu-e-erbaccia\/\" \/>\n<meta property=\"og:locale\" content=\"it_IT\" \/>\n<meta property=\"og:type\" content=\"article\" \/>\n<meta property=\"og:title\" content=\"Acquista Jesus OG Weed Marijuana Strain - Best Global Meds\" \/>\n<meta property=\"og:description\" content=\"Acquista Jesus OG Marijuana Strain in vendita online. Jesus og marijuana ceppo \u00e8 Sativa Dominant Hybrid \u2013 80% Sativa \/ 20% Indica THC: 21% \u2013 25%\" \/>\n<meta property=\"og:url\" content=\"https:\/\/medicinasinc.com\/it\/product\/compra-gesu-e-erbaccia\/\" \/>\n<meta property=\"og:site_name\" content=\"Medicinas Inc\" \/>\n<meta property=\"article:modified_time\" content=\"2022-03-17T00:31:12+00:00\" \/>\n<meta property=\"og:image\" content=\"https:\/\/medicinasinc.com\/it\/wp-content\/uploads\/sites\/4\/2022\/02\/buy-Jesus-OG.png\" \/>\n\t<meta property=\"og:image:width\" content=\"600\" \/>\n\t<meta property=\"og:image:height\" content=\"600\" \/>\n\t<meta property=\"og:image:type\" content=\"image\/png\" \/>\n<meta name=\"twitter:card\" content=\"summary_large_image\" \/>\n<meta name=\"twitter:label1\" content=\"Tempo di lettura stimato\" \/>\n\t<meta name=\"twitter:data1\" content=\"1 minuto\" \/>\n<script type=\"application\/ld+json\" class=\"yoast-schema-graph\">{\"@context\":\"https:\\\/\\\/schema.org\",\"@graph\":[{\"@type\":\"WebPage\",\"@id\":\"https:\\\/\\\/medicinasinc.com\\\/it\\\/product\\\/compra-gesu-e-erbaccia\\\/\",\"url\":\"https:\\\/\\\/medicinasinc.com\\\/it\\\/product\\\/compra-gesu-e-erbaccia\\\/\",\"name\":\"Acquista Jesus OG Weed Marijuana Strain - Best Global Meds\",\"isPartOf\":{\"@id\":\"https:\\\/\\\/medicinasinc.com\\\/it\\\/#website\"},\"primaryImageOfPage\":{\"@id\":\"https:\\\/\\\/medicinasinc.com\\\/it\\\/product\\\/compra-gesu-e-erbaccia\\\/#primaryimage\"},\"image\":{\"@id\":\"https:\\\/\\\/medicinasinc.com\\\/it\\\/product\\\/compra-gesu-e-erbaccia\\\/#primaryimage\"},\"thumbnailUrl\":\"https:\\\/\\\/medicinasinc.com\\\/it\\\/wp-content\\\/uploads\\\/sites\\\/4\\\/2022\\\/02\\\/buy-Jesus-OG.png\",\"datePublished\":\"2022-02-20T18:30:09+00:00\",\"dateModified\":\"2022-03-17T00:31:12+00:00\",\"description\":\"Acquista Jesus OG Marijuana Strain in vendita online. Jesus og marijuana ceppo \u00e8 Sativa Dominant Hybrid \u2013 80% Sativa \\\/ 20% Indica THC: 21% \u2013 25%\",\"breadcrumb\":{\"@id\":\"https:\\\/\\\/medicinasinc.com\\\/it\\\/product\\\/compra-gesu-e-erbaccia\\\/#breadcrumb\"},\"inLanguage\":\"it-IT\",\"potentialAction\":[{\"@type\":\"ReadAction\",\"target\":[\"https:\\\/\\\/medicinasinc.com\\\/it\\\/product\\\/compra-gesu-e-erbaccia\\\/\"]}]},{\"@type\":\"ImageObject\",\"inLanguage\":\"it-IT\",\"@id\":\"https:\\\/\\\/medicinasinc.com\\\/it\\\/product\\\/compra-gesu-e-erbaccia\\\/#primaryimage\",\"url\":\"https:\\\/\\\/medicinasinc.com\\\/it\\\/wp-content\\\/uploads\\\/sites\\\/4\\\/2022\\\/02\\\/buy-Jesus-OG.png\",\"contentUrl\":\"https:\\\/\\\/medicinasinc.com\\\/it\\\/wp-content\\\/uploads\\\/sites\\\/4\\\/2022\\\/02\\\/buy-Jesus-OG.png\",\"width\":600,\"height\":600},{\"@type\":\"BreadcrumbList\",\"@id\":\"https:\\\/\\\/medicinasinc.com\\\/it\\\/product\\\/compra-gesu-e-erbaccia\\\/#breadcrumb\",\"itemListElement\":[{\"@type\":\"ListItem\",\"position\":1,\"name\":\"Negozio\",\"item\":\"https:\\\/\\\/medicinasinc.com\\\/it\\\/negozio\\\/\"},{\"@type\":\"ListItem\",\"position\":2,\"name\":\"Compra Jesus OG Weed\"}]},{\"@type\":\"WebSite\",\"@id\":\"https:\\\/\\\/medicinasinc.com\\\/it\\\/#website\",\"url\":\"https:\\\/\\\/medicinasinc.com\\\/it\\\/\",\"name\":\"Medicinas Inc\",\"description\":\"Health Medical Clinic\",\"potentialAction\":[{\"@type\":\"SearchAction\",\"target\":{\"@type\":\"EntryPoint\",\"urlTemplate\":\"https:\\\/\\\/medicinasinc.com\\\/it\\\/?s={search_term_string}\"},\"query-input\":{\"@type\":\"PropertyValueSpecification\",\"valueRequired\":true,\"valueName\":\"search_term_string\"}}],\"inLanguage\":\"it-IT\"}]}<\/script>\n<!-- \/ Yoast SEO plugin. -->","yoast_head_json":{"title":"Acquista Jesus OG Weed Marijuana Strain - Best Global Meds","description":"Acquista Jesus OG Marijuana Strain in vendita online. Jesus og marijuana ceppo \u00e8 Sativa Dominant Hybrid \u2013 80% Sativa \/ 20% Indica THC: 21% \u2013 25%","robots":{"index":"index","follow":"follow","max-snippet":"max-snippet:-1","max-image-preview":"max-image-preview:large","max-video-preview":"max-video-preview:-1"},"canonical":"https:\/\/medicinasinc.com\/it\/product\/compra-gesu-e-erbaccia\/","og_locale":"it_IT","og_type":"article","og_title":"Acquista Jesus OG Weed Marijuana Strain - Best Global Meds","og_description":"Acquista Jesus OG Marijuana Strain in vendita online. Jesus og marijuana ceppo \u00e8 Sativa Dominant Hybrid \u2013 80% Sativa \/ 20% Indica THC: 21% \u2013 25%","og_url":"https:\/\/medicinasinc.com\/it\/product\/compra-gesu-e-erbaccia\/","og_site_name":"Medicinas Inc","article_modified_time":"2022-03-17T00:31:12+00:00","og_image":[{"width":600,"height":600,"url":"https:\/\/medicinasinc.com\/it\/wp-content\/uploads\/sites\/4\/2022\/02\/buy-Jesus-OG.png","type":"image\/png"}],"twitter_card":"summary_large_image","twitter_misc":{"Tempo di lettura stimato":"1 minuto"},"schema":{"@context":"https:\/\/schema.org","@graph":[{"@type":"WebPage","@id":"https:\/\/medicinasinc.com\/it\/product\/compra-gesu-e-erbaccia\/","url":"https:\/\/medicinasinc.com\/it\/product\/compra-gesu-e-erbaccia\/","name":"Acquista Jesus OG Weed Marijuana Strain - Best Global Meds","isPartOf":{"@id":"https:\/\/medicinasinc.com\/it\/#website"},"primaryImageOfPage":{"@id":"https:\/\/medicinasinc.com\/it\/product\/compra-gesu-e-erbaccia\/#primaryimage"},"image":{"@id":"https:\/\/medicinasinc.com\/it\/product\/compra-gesu-e-erbaccia\/#primaryimage"},"thumbnailUrl":"https:\/\/medicinasinc.com\/it\/wp-content\/uploads\/sites\/4\/2022\/02\/buy-Jesus-OG.png","datePublished":"2022-02-20T18:30:09+00:00","dateModified":"2022-03-17T00:31:12+00:00","description":"Acquista Jesus OG Marijuana Strain in vendita online. Jesus og marijuana ceppo \u00e8 Sativa Dominant Hybrid \u2013 80% Sativa \/ 20% Indica THC: 21% \u2013 25%","breadcrumb":{"@id":"https:\/\/medicinasinc.com\/it\/product\/compra-gesu-e-erbaccia\/#breadcrumb"},"inLanguage":"it-IT","potentialAction":[{"@type":"ReadAction","target":["https:\/\/medicinasinc.com\/it\/product\/compra-gesu-e-erbaccia\/"]}]},{"@type":"ImageObject","inLanguage":"it-IT","@id":"https:\/\/medicinasinc.com\/it\/product\/compra-gesu-e-erbaccia\/#primaryimage","url":"https:\/\/medicinasinc.com\/it\/wp-content\/uploads\/sites\/4\/2022\/02\/buy-Jesus-OG.png","contentUrl":"https:\/\/medicinasinc.com\/it\/wp-content\/uploads\/sites\/4\/2022\/02\/buy-Jesus-OG.png","width":600,"height":600},{"@type":"BreadcrumbList","@id":"https:\/\/medicinasinc.com\/it\/product\/compra-gesu-e-erbaccia\/#breadcrumb","itemListElement":[{"@type":"ListItem","position":1,"name":"Negozio","item":"https:\/\/medicinasinc.com\/it\/negozio\/"},{"@type":"ListItem","position":2,"name":"Compra Jesus OG Weed"}]},{"@type":"WebSite","@id":"https:\/\/medicinasinc.com\/it\/#website","url":"https:\/\/medicinasinc.com\/it\/","name":"Medicinas Inc","description":"Health Medical Clinic","potentialAction":[{"@type":"SearchAction","target":{"@type":"EntryPoint","urlTemplate":"https:\/\/medicinasinc.com\/it\/?s={search_term_string}"},"query-input":{"@type":"PropertyValueSpecification","valueRequired":true,"valueName":"search_term_string"}}],"inLanguage":"it-IT"}]}},"_links":{"self":[{"href":"https:\/\/medicinasinc.com\/it\/wp-json\/wp\/v2\/product\/4970","targetHints":{"allow":["GET"]}}],"collection":[{"href":"https:\/\/medicinasinc.com\/it\/wp-json\/wp\/v2\/product"}],"about":[{"href":"https:\/\/medicinasinc.com\/it\/wp-json\/wp\/v2\/types\/product"}],"replies":[{"embeddable":true,"href":"https:\/\/medicinasinc.com\/it\/wp-json\/wp\/v2\/comments?post=4970"}],"wp:featuredmedia":[{"embeddable":true,"href":"https:\/\/medicinasinc.com\/it\/wp-json\/wp\/v2\/media\/4983"}],"wp:attachment":[{"href":"https:\/\/medicinasinc.com\/it\/wp-json\/wp\/v2\/media?parent=4970"}],"wp:term":[{"taxonomy":"product_brand","embeddable":true,"href":"https:\/\/medicinasinc.com\/it\/wp-json\/wp\/v2\/product_brand?post=4970"},{"taxonomy":"product_cat","embeddable":true,"href":"https:\/\/medicinasinc.com\/it\/wp-json\/wp\/v2\/product_cat?post=4970"},{"taxonomy":"product_tag","embeddable":true,"href":"https:\/\/medicinasinc.com\/it\/wp-json\/wp\/v2\/product_tag?post=4970"}],"curies":[{"name":"wp","href":"https:\/\/api.w.org\/{rel}","templated":true}]}}