{"id":4953,"date":"2022-02-20T18:14:51","date_gmt":"2022-02-20T18:14:51","guid":{"rendered":"https:\/\/medicinasinc.com\/it\/?post_type=product&#038;p=4953"},"modified":"2022-03-17T00:31:45","modified_gmt":"2022-03-17T00:31:45","slug":"acquista-nonno-viola-ceppo","status":"publish","type":"product","link":"https:\/\/medicinasinc.com\/it\/product\/acquista-nonno-viola-ceppo\/","title":{"rendered":"Acquista Granddaddy Purple Strain"},"content":{"rendered":"<p>Compra la Marijuana Purple Granddaddy Online.<\/p>\n<p>Acquista Marijuana Purple Granddaddy Online.<\/p>\n<p>La variet\u00e0 di Marijuana Purple Granddaddy \u00e8 un ibrido \u2013 La variet\u00e0 di Marijuana Purple Granddaddy \u00e8 un ibrido \u2013 50% Sativa \/ 50 % Indica THC: 20%\u201327%, CBD: 1%<\/p>\n<p>Effetti cerebrali, euforia, felici, affamati e rilassanti<br \/> Possono aiutare nel sollievo di artrite, dolore cronico, depressione, insonnia, Perdita di appetito, emicrania, spasmi muscolari, disturbo da stress post-traumatico e sapori da stress<br \/> Fruttato, uva, pino e dolce<\/p>\n","protected":false},"excerpt":{"rendered":"<p>Cosa dovresti sapere prima di acquistare Granddaddy Purple? Conosciuto anche come GDP, questo ceppo \u00e8 un noto incrocio Indica di Purple Urkle e Big Bud.<\/p>\n<p>Acquista Granddaddy Purple Marijuana Online.<\/p>\n<p>Il miglior ordine per corrispondenza del Canada WEED ! Sei interessato ad acquistare Medical Marijuana online in Canada?<\/p>\n<p>&nbsp;<\/p>\n<p>&nbsp;<\/p>\n","protected":false},"featured_media":4967,"comment_status":"open","ping_status":"closed","template":"","meta":[],"product_brand":[],"product_cat":[778],"product_tag":[835,838,839,840,841,837,842,836],"class_list":{"0":"post-4953","1":"product","2":"type-product","3":"status-publish","4":"has-post-thumbnail","6":"product_cat-erba-in-vendita","7":"product_tag-nonno-purp-carrello","8":"product_tag-grand-daddy-purple-ceppo-indica-o-sativa","9":"product_tag-granddaddy-purple-near-me","10":"product_tag-granddaddy-purple-strain-pictures","11":"product_tag-viola-kush","12":"product_tag-nonno-viola-olio","13":"product_tag-viola-urla","14":"product_tag-nonno-daddy-purp-prezzi","16":"first","17":"instock","18":"shipping-taxable","19":"purchasable","20":"product-type-simple"},"yoast_head":"<!-- This site is optimized with the Yoast SEO plugin v27.3 - https:\/\/yoast.com\/product\/yoast-seo-wordpress\/ -->\n<title>Acquista Granddaddy Purple Strain - I migliori medicinali globali<\/title>\n<meta name=\"description\" content=\"Cosa sapere prima di acquistare la variet\u00e0 Granddaddy Purple? Inoltre, chiamata GDP, questa variet\u00e0 \u00e8 un famoso incrocio Indica tra Purple Urkle e Big Bud.\" \/>\n<meta name=\"robots\" content=\"index, follow, max-snippet:-1, max-image-preview:large, max-video-preview:-1\" \/>\n<link rel=\"canonical\" href=\"https:\/\/medicinasinc.com\/it\/product\/acquista-nonno-viola-ceppo\/\" \/>\n<meta property=\"og:locale\" content=\"it_IT\" \/>\n<meta property=\"og:type\" content=\"article\" \/>\n<meta property=\"og:title\" content=\"Acquista Granddaddy Purple Strain - I migliori medicinali globali\" \/>\n<meta property=\"og:description\" content=\"Cosa sapere prima di acquistare la variet\u00e0 Granddaddy Purple? Inoltre, chiamata GDP, questa variet\u00e0 \u00e8 un famoso incrocio Indica tra Purple Urkle e Big Bud.\" \/>\n<meta property=\"og:url\" content=\"https:\/\/medicinasinc.com\/it\/product\/acquista-nonno-viola-ceppo\/\" \/>\n<meta property=\"og:site_name\" content=\"Medicinas Inc\" \/>\n<meta property=\"article:modified_time\" content=\"2022-03-17T00:31:45+00:00\" \/>\n<meta property=\"og:image\" content=\"https:\/\/medicinasinc.com\/it\/wp-content\/uploads\/sites\/4\/2022\/02\/Buy-Granddaddy-Purple-Strain.jpg\" \/>\n\t<meta property=\"og:image:width\" content=\"1822\" \/>\n\t<meta property=\"og:image:height\" content=\"2429\" \/>\n\t<meta property=\"og:image:type\" content=\"image\/jpeg\" \/>\n<meta name=\"twitter:card\" content=\"summary_large_image\" \/>\n<meta name=\"twitter:label1\" content=\"Tempo di lettura stimato\" \/>\n\t<meta name=\"twitter:data1\" content=\"1 minuto\" \/>\n<script type=\"application\/ld+json\" class=\"yoast-schema-graph\">{\"@context\":\"https:\\\/\\\/schema.org\",\"@graph\":[{\"@type\":\"WebPage\",\"@id\":\"https:\\\/\\\/medicinasinc.com\\\/it\\\/product\\\/acquista-nonno-viola-ceppo\\\/\",\"url\":\"https:\\\/\\\/medicinasinc.com\\\/it\\\/product\\\/acquista-nonno-viola-ceppo\\\/\",\"name\":\"Acquista Granddaddy Purple Strain - I migliori medicinali globali\",\"isPartOf\":{\"@id\":\"https:\\\/\\\/medicinasinc.com\\\/it\\\/#website\"},\"primaryImageOfPage\":{\"@id\":\"https:\\\/\\\/medicinasinc.com\\\/it\\\/product\\\/acquista-nonno-viola-ceppo\\\/#primaryimage\"},\"image\":{\"@id\":\"https:\\\/\\\/medicinasinc.com\\\/it\\\/product\\\/acquista-nonno-viola-ceppo\\\/#primaryimage\"},\"thumbnailUrl\":\"https:\\\/\\\/medicinasinc.com\\\/it\\\/wp-content\\\/uploads\\\/sites\\\/4\\\/2022\\\/02\\\/Buy-Granddaddy-Purple-Strain.jpg\",\"datePublished\":\"2022-02-20T18:14:51+00:00\",\"dateModified\":\"2022-03-17T00:31:45+00:00\",\"description\":\"Cosa sapere prima di acquistare la variet\u00e0 Granddaddy Purple? Inoltre, chiamata GDP, questa variet\u00e0 \u00e8 un famoso incrocio Indica tra Purple Urkle e Big Bud.\",\"breadcrumb\":{\"@id\":\"https:\\\/\\\/medicinasinc.com\\\/it\\\/product\\\/acquista-nonno-viola-ceppo\\\/#breadcrumb\"},\"inLanguage\":\"it-IT\",\"potentialAction\":[{\"@type\":\"ReadAction\",\"target\":[\"https:\\\/\\\/medicinasinc.com\\\/it\\\/product\\\/acquista-nonno-viola-ceppo\\\/\"]}]},{\"@type\":\"ImageObject\",\"inLanguage\":\"it-IT\",\"@id\":\"https:\\\/\\\/medicinasinc.com\\\/it\\\/product\\\/acquista-nonno-viola-ceppo\\\/#primaryimage\",\"url\":\"https:\\\/\\\/medicinasinc.com\\\/it\\\/wp-content\\\/uploads\\\/sites\\\/4\\\/2022\\\/02\\\/Buy-Granddaddy-Purple-Strain.jpg\",\"contentUrl\":\"https:\\\/\\\/medicinasinc.com\\\/it\\\/wp-content\\\/uploads\\\/sites\\\/4\\\/2022\\\/02\\\/Buy-Granddaddy-Purple-Strain.jpg\",\"width\":1822,\"height\":2429},{\"@type\":\"BreadcrumbList\",\"@id\":\"https:\\\/\\\/medicinasinc.com\\\/it\\\/product\\\/acquista-nonno-viola-ceppo\\\/#breadcrumb\",\"itemListElement\":[{\"@type\":\"ListItem\",\"position\":1,\"name\":\"Negozio\",\"item\":\"https:\\\/\\\/medicinasinc.com\\\/it\\\/negozio\\\/\"},{\"@type\":\"ListItem\",\"position\":2,\"name\":\"Acquista Granddaddy Purple Strain\"}]},{\"@type\":\"WebSite\",\"@id\":\"https:\\\/\\\/medicinasinc.com\\\/it\\\/#website\",\"url\":\"https:\\\/\\\/medicinasinc.com\\\/it\\\/\",\"name\":\"Medicinas Inc\",\"description\":\"Health Medical Clinic\",\"potentialAction\":[{\"@type\":\"SearchAction\",\"target\":{\"@type\":\"EntryPoint\",\"urlTemplate\":\"https:\\\/\\\/medicinasinc.com\\\/it\\\/?s={search_term_string}\"},\"query-input\":{\"@type\":\"PropertyValueSpecification\",\"valueRequired\":true,\"valueName\":\"search_term_string\"}}],\"inLanguage\":\"it-IT\"}]}<\/script>\n<!-- \/ Yoast SEO plugin. -->","yoast_head_json":{"title":"Acquista Granddaddy Purple Strain - I migliori medicinali globali","description":"Cosa sapere prima di acquistare la variet\u00e0 Granddaddy Purple? Inoltre, chiamata GDP, questa variet\u00e0 \u00e8 un famoso incrocio Indica tra Purple Urkle e Big Bud.","robots":{"index":"index","follow":"follow","max-snippet":"max-snippet:-1","max-image-preview":"max-image-preview:large","max-video-preview":"max-video-preview:-1"},"canonical":"https:\/\/medicinasinc.com\/it\/product\/acquista-nonno-viola-ceppo\/","og_locale":"it_IT","og_type":"article","og_title":"Acquista Granddaddy Purple Strain - I migliori medicinali globali","og_description":"Cosa sapere prima di acquistare la variet\u00e0 Granddaddy Purple? Inoltre, chiamata GDP, questa variet\u00e0 \u00e8 un famoso incrocio Indica tra Purple Urkle e Big Bud.","og_url":"https:\/\/medicinasinc.com\/it\/product\/acquista-nonno-viola-ceppo\/","og_site_name":"Medicinas Inc","article_modified_time":"2022-03-17T00:31:45+00:00","og_image":[{"width":1822,"height":2429,"url":"https:\/\/medicinasinc.com\/it\/wp-content\/uploads\/sites\/4\/2022\/02\/Buy-Granddaddy-Purple-Strain.jpg","type":"image\/jpeg"}],"twitter_card":"summary_large_image","twitter_misc":{"Tempo di lettura stimato":"1 minuto"},"schema":{"@context":"https:\/\/schema.org","@graph":[{"@type":"WebPage","@id":"https:\/\/medicinasinc.com\/it\/product\/acquista-nonno-viola-ceppo\/","url":"https:\/\/medicinasinc.com\/it\/product\/acquista-nonno-viola-ceppo\/","name":"Acquista Granddaddy Purple Strain - I migliori medicinali globali","isPartOf":{"@id":"https:\/\/medicinasinc.com\/it\/#website"},"primaryImageOfPage":{"@id":"https:\/\/medicinasinc.com\/it\/product\/acquista-nonno-viola-ceppo\/#primaryimage"},"image":{"@id":"https:\/\/medicinasinc.com\/it\/product\/acquista-nonno-viola-ceppo\/#primaryimage"},"thumbnailUrl":"https:\/\/medicinasinc.com\/it\/wp-content\/uploads\/sites\/4\/2022\/02\/Buy-Granddaddy-Purple-Strain.jpg","datePublished":"2022-02-20T18:14:51+00:00","dateModified":"2022-03-17T00:31:45+00:00","description":"Cosa sapere prima di acquistare la variet\u00e0 Granddaddy Purple? Inoltre, chiamata GDP, questa variet\u00e0 \u00e8 un famoso incrocio Indica tra Purple Urkle e Big Bud.","breadcrumb":{"@id":"https:\/\/medicinasinc.com\/it\/product\/acquista-nonno-viola-ceppo\/#breadcrumb"},"inLanguage":"it-IT","potentialAction":[{"@type":"ReadAction","target":["https:\/\/medicinasinc.com\/it\/product\/acquista-nonno-viola-ceppo\/"]}]},{"@type":"ImageObject","inLanguage":"it-IT","@id":"https:\/\/medicinasinc.com\/it\/product\/acquista-nonno-viola-ceppo\/#primaryimage","url":"https:\/\/medicinasinc.com\/it\/wp-content\/uploads\/sites\/4\/2022\/02\/Buy-Granddaddy-Purple-Strain.jpg","contentUrl":"https:\/\/medicinasinc.com\/it\/wp-content\/uploads\/sites\/4\/2022\/02\/Buy-Granddaddy-Purple-Strain.jpg","width":1822,"height":2429},{"@type":"BreadcrumbList","@id":"https:\/\/medicinasinc.com\/it\/product\/acquista-nonno-viola-ceppo\/#breadcrumb","itemListElement":[{"@type":"ListItem","position":1,"name":"Negozio","item":"https:\/\/medicinasinc.com\/it\/negozio\/"},{"@type":"ListItem","position":2,"name":"Acquista Granddaddy Purple Strain"}]},{"@type":"WebSite","@id":"https:\/\/medicinasinc.com\/it\/#website","url":"https:\/\/medicinasinc.com\/it\/","name":"Medicinas Inc","description":"Health Medical Clinic","potentialAction":[{"@type":"SearchAction","target":{"@type":"EntryPoint","urlTemplate":"https:\/\/medicinasinc.com\/it\/?s={search_term_string}"},"query-input":{"@type":"PropertyValueSpecification","valueRequired":true,"valueName":"search_term_string"}}],"inLanguage":"it-IT"}]}},"_links":{"self":[{"href":"https:\/\/medicinasinc.com\/it\/wp-json\/wp\/v2\/product\/4953","targetHints":{"allow":["GET"]}}],"collection":[{"href":"https:\/\/medicinasinc.com\/it\/wp-json\/wp\/v2\/product"}],"about":[{"href":"https:\/\/medicinasinc.com\/it\/wp-json\/wp\/v2\/types\/product"}],"replies":[{"embeddable":true,"href":"https:\/\/medicinasinc.com\/it\/wp-json\/wp\/v2\/comments?post=4953"}],"wp:featuredmedia":[{"embeddable":true,"href":"https:\/\/medicinasinc.com\/it\/wp-json\/wp\/v2\/media\/4967"}],"wp:attachment":[{"href":"https:\/\/medicinasinc.com\/it\/wp-json\/wp\/v2\/media?parent=4953"}],"wp:term":[{"taxonomy":"product_brand","embeddable":true,"href":"https:\/\/medicinasinc.com\/it\/wp-json\/wp\/v2\/product_brand?post=4953"},{"taxonomy":"product_cat","embeddable":true,"href":"https:\/\/medicinasinc.com\/it\/wp-json\/wp\/v2\/product_cat?post=4953"},{"taxonomy":"product_tag","embeddable":true,"href":"https:\/\/medicinasinc.com\/it\/wp-json\/wp\/v2\/product_tag?post=4953"}],"curies":[{"name":"wp","href":"https:\/\/api.w.org\/{rel}","templated":true}]}}