{"id":4946,"date":"2022-02-20T18:08:57","date_gmt":"2022-02-20T18:08:57","guid":{"rendered":"https:\/\/medicinasinc.com\/it\/?post_type=product&#038;p=4946"},"modified":"2022-03-17T00:31:55","modified_gmt":"2022-03-17T00:31:55","slug":"comprare-gorilla-biscuit-marijuana","status":"publish","type":"product","link":"https:\/\/medicinasinc.com\/it\/product\/comprare-gorilla-biscuit-marijuana\/","title":{"rendered":"Acquista Gorilla Biscuit Marijuana"},"content":{"rendered":"<h1><\/h1>\n<p>Acquisto online della variet\u00e0 Gorilla Biscuit Marijuana.<\/p>\n<p>Acquisto online della variet\u00e0 Gorilla Biscuit Marijuana.<\/p>\n<p>La marijuana dei biscotti gorilla \u00e8 Indica. Ibrido dominante &#8211; 60% Indica \/ 40% Sativa Contenuto di THC della sativa: 15%\u201320%<\/p>\n<p>Eccitato, euforia, fame, rilassamento e sonnolenza<br \/> Pu\u00f2 aiutare nel trattamento di anoressia, crampi Sapori di depressione, insonnia e stress<br \/> Aromi di caff\u00e8, limone e pino<br \/> Terroso, pungente e speziato<\/p>\n<p>Gorilla Biscuit di Seeds of Compassion \u00e8 un taglio derivato a predominanza dall&#8217;India dalla giunzione dei fenotipi Trementina e Stardawg IX di Sensi Star. Questa miscela insolita e piuttosto vecchia scuola prende il nome dal Methaqualone, spesso noto come quaaludes, una droga con un effetto calmante ed esotico sul corpo. I suoi possedimenti continuano in modo altrettanto calmante, lasciando le appendici pesanti e sciolte. Gorilla Biscuit ha un forte profilo terpenico, con un forte aroma di pino e chicco di caff\u00e8.<\/p>\n<p>Gorilla Biscuits Strain: un vero ceppo stoner, lo sballo di Gorilla OG si sviluppa gradualmente e raggiunge uno stato di estasi che dura per un lungo periodo di tempo. Una volta che i suoi effetti personali si sono completamente impadroniti dei tuoi pensieri e del tuo corpo, le tue riflessioni potrebbero non essere cos\u00ec chiare come lo erano poche ore fa. L&#8217;aspetto pi\u00f9 visibile della tua esperienza sar\u00e0 la salda impressione del blocco del divanetto, che render\u00e0 difficile soddisfare qualsiasi appetito subdolo. La nostra proposta \u00e8 quella di andare oltre il tempo con una spazzata, un tampone e una grande quantit\u00e0 di cibo contenuta entro la portata del braccio. Questa miscela insolita e piuttosto vecchia scuola prende il nome dal Methaqualone, spesso noto come quaaludes, una droga con un effetto calmante ed esotico sul corpo. I suoi possedimenti continuano in modo altrettanto calmante, lasciando le appendici pesanti e sciolte. Gorilla Biscuit ha un robusto profilo terpenico, con un forte aroma di pino-sol e caff\u00e8 bourbon.<\/p>\n","protected":false},"excerpt":{"rendered":"<p>Acquista la variet\u00e0 di marijuana Gorilla Biscuit online. Con oltre 15 anni di esperienza nel settore della marijuana medicinale, siamo leader in Canada negli ordini postali di cannabis.<\/p>\n","protected":false},"featured_media":4960,"comment_status":"open","ping_status":"closed","template":"","meta":[],"product_brand":[],"product_cat":[778],"product_tag":[828,833,829,827,830,831,832,834],"class_list":{"0":"post-4946","1":"product","2":"type-product","3":"status-publish","4":"has-post-thumbnail","6":"product_cat-erba-in-vendita","7":"product_tag-bizkitz-strain","8":"product_tag-ceppo-duva","9":"product_tag-ceppo-california-orange","10":"product_tag-ceppo-di-biscotti","11":"product_tag-ceppo-ecto-cooler","12":"product_tag-biscotti-gorilla-droga","13":"product_tag-gorilla-biscotti-merchandising","14":"product_tag-zucchero-biscotti-ceppo","16":"first","17":"instock","18":"shipping-taxable","19":"purchasable","20":"product-type-variable","21":"has-default-attributes"},"yoast_head":"<!-- This site is optimized with the Yoast SEO plugin v27.3 - https:\/\/yoast.com\/product\/yoast-seo-wordpress\/ -->\n<title>Acquista Gorilla Biscuit Marijuana - I migliori migliori medicinali globali<\/title>\n<meta name=\"description\" content=\"Acquista Gorilla Biscuit Marijuana Strain in vendita online. Il leader negli ordini postali di cannabis in Canada con oltre 15 anni di esperienza nel settore della marijuana medica.\" \/>\n<meta name=\"robots\" content=\"index, follow, max-snippet:-1, max-image-preview:large, max-video-preview:-1\" \/>\n<link rel=\"canonical\" href=\"https:\/\/medicinasinc.com\/it\/product\/comprare-gorilla-biscuit-marijuana\/\" \/>\n<meta property=\"og:locale\" content=\"it_IT\" \/>\n<meta property=\"og:type\" content=\"article\" \/>\n<meta property=\"og:title\" content=\"Acquista Gorilla Biscuit Marijuana - I migliori migliori medicinali globali\" \/>\n<meta property=\"og:description\" content=\"Acquista Gorilla Biscuit Marijuana Strain in vendita online. Il leader negli ordini postali di cannabis in Canada con oltre 15 anni di esperienza nel settore della marijuana medica.\" \/>\n<meta property=\"og:url\" content=\"https:\/\/medicinasinc.com\/it\/product\/comprare-gorilla-biscuit-marijuana\/\" \/>\n<meta property=\"og:site_name\" content=\"Medicinas Inc\" \/>\n<meta property=\"article:modified_time\" content=\"2022-03-17T00:31:55+00:00\" \/>\n<meta property=\"og:image\" content=\"https:\/\/medicinasinc.com\/it\/wp-content\/uploads\/sites\/4\/2022\/02\/Buy-Gorilla-Biscuit-Marijuana.jpg\" \/>\n\t<meta property=\"og:image:width\" content=\"420\" \/>\n\t<meta property=\"og:image:height\" content=\"630\" \/>\n\t<meta property=\"og:image:type\" content=\"image\/jpeg\" \/>\n<meta name=\"twitter:card\" content=\"summary_large_image\" \/>\n<meta name=\"twitter:label1\" content=\"Tempo di lettura stimato\" \/>\n\t<meta name=\"twitter:data1\" content=\"2 minuti\" \/>\n<script type=\"application\/ld+json\" class=\"yoast-schema-graph\">{\"@context\":\"https:\\\/\\\/schema.org\",\"@graph\":[{\"@type\":\"WebPage\",\"@id\":\"https:\\\/\\\/medicinasinc.com\\\/it\\\/product\\\/comprare-gorilla-biscuit-marijuana\\\/\",\"url\":\"https:\\\/\\\/medicinasinc.com\\\/it\\\/product\\\/comprare-gorilla-biscuit-marijuana\\\/\",\"name\":\"Acquista Gorilla Biscuit Marijuana - I migliori migliori medicinali globali\",\"isPartOf\":{\"@id\":\"https:\\\/\\\/medicinasinc.com\\\/it\\\/#website\"},\"primaryImageOfPage\":{\"@id\":\"https:\\\/\\\/medicinasinc.com\\\/it\\\/product\\\/comprare-gorilla-biscuit-marijuana\\\/#primaryimage\"},\"image\":{\"@id\":\"https:\\\/\\\/medicinasinc.com\\\/it\\\/product\\\/comprare-gorilla-biscuit-marijuana\\\/#primaryimage\"},\"thumbnailUrl\":\"https:\\\/\\\/medicinasinc.com\\\/it\\\/wp-content\\\/uploads\\\/sites\\\/4\\\/2022\\\/02\\\/Buy-Gorilla-Biscuit-Marijuana.jpg\",\"datePublished\":\"2022-02-20T18:08:57+00:00\",\"dateModified\":\"2022-03-17T00:31:55+00:00\",\"description\":\"Acquista Gorilla Biscuit Marijuana Strain in vendita online. Il leader negli ordini postali di cannabis in Canada con oltre 15 anni di esperienza nel settore della marijuana medica.\",\"breadcrumb\":{\"@id\":\"https:\\\/\\\/medicinasinc.com\\\/it\\\/product\\\/comprare-gorilla-biscuit-marijuana\\\/#breadcrumb\"},\"inLanguage\":\"it-IT\",\"potentialAction\":[{\"@type\":\"ReadAction\",\"target\":[\"https:\\\/\\\/medicinasinc.com\\\/it\\\/product\\\/comprare-gorilla-biscuit-marijuana\\\/\"]}]},{\"@type\":\"ImageObject\",\"inLanguage\":\"it-IT\",\"@id\":\"https:\\\/\\\/medicinasinc.com\\\/it\\\/product\\\/comprare-gorilla-biscuit-marijuana\\\/#primaryimage\",\"url\":\"https:\\\/\\\/medicinasinc.com\\\/it\\\/wp-content\\\/uploads\\\/sites\\\/4\\\/2022\\\/02\\\/Buy-Gorilla-Biscuit-Marijuana.jpg\",\"contentUrl\":\"https:\\\/\\\/medicinasinc.com\\\/it\\\/wp-content\\\/uploads\\\/sites\\\/4\\\/2022\\\/02\\\/Buy-Gorilla-Biscuit-Marijuana.jpg\",\"width\":420,\"height\":630},{\"@type\":\"BreadcrumbList\",\"@id\":\"https:\\\/\\\/medicinasinc.com\\\/it\\\/product\\\/comprare-gorilla-biscuit-marijuana\\\/#breadcrumb\",\"itemListElement\":[{\"@type\":\"ListItem\",\"position\":1,\"name\":\"Negozio\",\"item\":\"https:\\\/\\\/medicinasinc.com\\\/it\\\/negozio\\\/\"},{\"@type\":\"ListItem\",\"position\":2,\"name\":\"Acquista Gorilla Biscuit Marijuana\"}]},{\"@type\":\"WebSite\",\"@id\":\"https:\\\/\\\/medicinasinc.com\\\/it\\\/#website\",\"url\":\"https:\\\/\\\/medicinasinc.com\\\/it\\\/\",\"name\":\"Medicinas Inc\",\"description\":\"Health Medical Clinic\",\"potentialAction\":[{\"@type\":\"SearchAction\",\"target\":{\"@type\":\"EntryPoint\",\"urlTemplate\":\"https:\\\/\\\/medicinasinc.com\\\/it\\\/?s={search_term_string}\"},\"query-input\":{\"@type\":\"PropertyValueSpecification\",\"valueRequired\":true,\"valueName\":\"search_term_string\"}}],\"inLanguage\":\"it-IT\"}]}<\/script>\n<!-- \/ Yoast SEO plugin. -->","yoast_head_json":{"title":"Acquista Gorilla Biscuit Marijuana - I migliori migliori medicinali globali","description":"Acquista Gorilla Biscuit Marijuana Strain in vendita online. Il leader negli ordini postali di cannabis in Canada con oltre 15 anni di esperienza nel settore della marijuana medica.","robots":{"index":"index","follow":"follow","max-snippet":"max-snippet:-1","max-image-preview":"max-image-preview:large","max-video-preview":"max-video-preview:-1"},"canonical":"https:\/\/medicinasinc.com\/it\/product\/comprare-gorilla-biscuit-marijuana\/","og_locale":"it_IT","og_type":"article","og_title":"Acquista Gorilla Biscuit Marijuana - I migliori migliori medicinali globali","og_description":"Acquista Gorilla Biscuit Marijuana Strain in vendita online. Il leader negli ordini postali di cannabis in Canada con oltre 15 anni di esperienza nel settore della marijuana medica.","og_url":"https:\/\/medicinasinc.com\/it\/product\/comprare-gorilla-biscuit-marijuana\/","og_site_name":"Medicinas Inc","article_modified_time":"2022-03-17T00:31:55+00:00","og_image":[{"width":420,"height":630,"url":"https:\/\/medicinasinc.com\/it\/wp-content\/uploads\/sites\/4\/2022\/02\/Buy-Gorilla-Biscuit-Marijuana.jpg","type":"image\/jpeg"}],"twitter_card":"summary_large_image","twitter_misc":{"Tempo di lettura stimato":"2 minuti"},"schema":{"@context":"https:\/\/schema.org","@graph":[{"@type":"WebPage","@id":"https:\/\/medicinasinc.com\/it\/product\/comprare-gorilla-biscuit-marijuana\/","url":"https:\/\/medicinasinc.com\/it\/product\/comprare-gorilla-biscuit-marijuana\/","name":"Acquista Gorilla Biscuit Marijuana - I migliori migliori medicinali globali","isPartOf":{"@id":"https:\/\/medicinasinc.com\/it\/#website"},"primaryImageOfPage":{"@id":"https:\/\/medicinasinc.com\/it\/product\/comprare-gorilla-biscuit-marijuana\/#primaryimage"},"image":{"@id":"https:\/\/medicinasinc.com\/it\/product\/comprare-gorilla-biscuit-marijuana\/#primaryimage"},"thumbnailUrl":"https:\/\/medicinasinc.com\/it\/wp-content\/uploads\/sites\/4\/2022\/02\/Buy-Gorilla-Biscuit-Marijuana.jpg","datePublished":"2022-02-20T18:08:57+00:00","dateModified":"2022-03-17T00:31:55+00:00","description":"Acquista Gorilla Biscuit Marijuana Strain in vendita online. Il leader negli ordini postali di cannabis in Canada con oltre 15 anni di esperienza nel settore della marijuana medica.","breadcrumb":{"@id":"https:\/\/medicinasinc.com\/it\/product\/comprare-gorilla-biscuit-marijuana\/#breadcrumb"},"inLanguage":"it-IT","potentialAction":[{"@type":"ReadAction","target":["https:\/\/medicinasinc.com\/it\/product\/comprare-gorilla-biscuit-marijuana\/"]}]},{"@type":"ImageObject","inLanguage":"it-IT","@id":"https:\/\/medicinasinc.com\/it\/product\/comprare-gorilla-biscuit-marijuana\/#primaryimage","url":"https:\/\/medicinasinc.com\/it\/wp-content\/uploads\/sites\/4\/2022\/02\/Buy-Gorilla-Biscuit-Marijuana.jpg","contentUrl":"https:\/\/medicinasinc.com\/it\/wp-content\/uploads\/sites\/4\/2022\/02\/Buy-Gorilla-Biscuit-Marijuana.jpg","width":420,"height":630},{"@type":"BreadcrumbList","@id":"https:\/\/medicinasinc.com\/it\/product\/comprare-gorilla-biscuit-marijuana\/#breadcrumb","itemListElement":[{"@type":"ListItem","position":1,"name":"Negozio","item":"https:\/\/medicinasinc.com\/it\/negozio\/"},{"@type":"ListItem","position":2,"name":"Acquista Gorilla Biscuit Marijuana"}]},{"@type":"WebSite","@id":"https:\/\/medicinasinc.com\/it\/#website","url":"https:\/\/medicinasinc.com\/it\/","name":"Medicinas Inc","description":"Health Medical Clinic","potentialAction":[{"@type":"SearchAction","target":{"@type":"EntryPoint","urlTemplate":"https:\/\/medicinasinc.com\/it\/?s={search_term_string}"},"query-input":{"@type":"PropertyValueSpecification","valueRequired":true,"valueName":"search_term_string"}}],"inLanguage":"it-IT"}]}},"_links":{"self":[{"href":"https:\/\/medicinasinc.com\/it\/wp-json\/wp\/v2\/product\/4946","targetHints":{"allow":["GET"]}}],"collection":[{"href":"https:\/\/medicinasinc.com\/it\/wp-json\/wp\/v2\/product"}],"about":[{"href":"https:\/\/medicinasinc.com\/it\/wp-json\/wp\/v2\/types\/product"}],"replies":[{"embeddable":true,"href":"https:\/\/medicinasinc.com\/it\/wp-json\/wp\/v2\/comments?post=4946"}],"wp:featuredmedia":[{"embeddable":true,"href":"https:\/\/medicinasinc.com\/it\/wp-json\/wp\/v2\/media\/4960"}],"wp:attachment":[{"href":"https:\/\/medicinasinc.com\/it\/wp-json\/wp\/v2\/media?parent=4946"}],"wp:term":[{"taxonomy":"product_brand","embeddable":true,"href":"https:\/\/medicinasinc.com\/it\/wp-json\/wp\/v2\/product_brand?post=4946"},{"taxonomy":"product_cat","embeddable":true,"href":"https:\/\/medicinasinc.com\/it\/wp-json\/wp\/v2\/product_cat?post=4946"},{"taxonomy":"product_tag","embeddable":true,"href":"https:\/\/medicinasinc.com\/it\/wp-json\/wp\/v2\/product_tag?post=4946"}],"curies":[{"name":"wp","href":"https:\/\/api.w.org\/{rel}","templated":true}]}}