{"id":4940,"date":"2022-02-20T18:04:10","date_gmt":"2022-02-20T18:04:10","guid":{"rendered":"https:\/\/medicinasinc.com\/it\/?post_type=product&#038;p=4940"},"modified":"2022-03-17T00:32:07","modified_gmt":"2022-03-17T00:32:07","slug":"comprare-durban-veleno-marijuana","status":"publish","type":"product","link":"https:\/\/medicinasinc.com\/it\/product\/comprare-durban-veleno-marijuana\/","title":{"rendered":"Compra Marijuana Velenosa di Durban"},"content":{"rendered":"<p>Acquisto online di Durban Poison Marijuana Strain<\/p>\n<p>Questa variet\u00e0 molto potente infligger\u00e0 un duro colpo al cervello. La Durban Poison \u00e8 una variet\u00e0 sativa pura che \u00e8 un&#8217;amata discendente innata di una variet\u00e0 sativa sudafricana. Negli anni &#8217;70, Ed Rosenthal, un attivista americano della cannabis, identific\u00f2 la variet\u00e0 originale e la introdusse negli Stati Uniti. \u00c8 stato per molto tempo uno dei preferiti tra i tossicodipendenti e i pazienti con marijuana medica in questa citt\u00e0. La Durban Poison ha un contenuto di THC fino al 24%, il che la rende una delle variet\u00e0 pi\u00f9 potenti disponibili. Questa variet\u00e0 offre uno sballo potente e piacevole, ideale per gli sforzi creativi e le attivit\u00e0 diurne. Insieme alla secchezza delle fauci, la paranoia \u00e8 un possibile effetto negativo. Durban Poison \u00e8 un potente trattamento per la depressione e l&#8217;ansia, cos\u00ec come per il dolore cronico e la nausea. Questa variet\u00e0 \u00e8 ottima per creare concentrati grazie all&#8217;abbondanza di grandi tricomi sulla cima. Il profumo e il sapore predominanti di Durban Poison sono terrosi e dolci, con un debole aroma di pino. Le gemme sono tonde e spesse, ricoperte da abbondanti tricomi. Questa variet\u00e0 \u00e8 ideale per periodi di attivit\u00e0 fisica, lavori domestici e altre attivit\u00e0 diurne.<\/p>\n","protected":false},"excerpt":{"rendered":"<div class=\"woocommerce-product-details__short-description\">\n<p>Durban Poison ha un contenuto di THC fino al 24%, il che lo rende uno dei migliori al mondo che questi negozi vendano alcune di queste variet\u00e0 uniche.<\/p>\n<p>La variet\u00e0 Durban Poison ha raccolto attrattiva in tutto il mondo grazie al suo aroma gradevole e agli effetti energizzanti ed edificanti. Per favore, vieni a trovarci.<\/p>\n<p>Il ceppo di marijuana veleno di Durban pu\u00f2 essere acquistato online. Durban Poison \u00e8 una variet\u00e0 di cannabis autoctona sativa africana. Eccellente per i pazienti che cercano un ceppo cerebrale robusto che aiuti nella lotta contro lo stress e la stanchezza.<\/p>\n<\/p><\/div>\n","protected":false},"featured_media":4954,"comment_status":"open","ping_status":"closed","template":"","meta":[],"product_brand":[],"product_cat":[778],"product_tag":[819,822,821,820,825,826,824,823],"class_list":{"0":"post-4940","1":"product","2":"type-product","3":"status-publish","4":"has-post-thumbnail","6":"product_cat-erba-in-vendita","7":"product_tag-best-durban-poison-seeds","8":"product_tag-durban-veleno-crescita","9":"product_tag-durban-veleno-croci","10":"product_tag-durban-poison-autoflower","11":"product_tag-durban-poison-veg-time","12":"product_tag--durban-lo-stesso-di-durban-veleno","13":"product_tag-durban-veleno-semi-sudafrica","14":"product_tag-durban-veleno-storia","16":"first","17":"instock","18":"shipping-taxable","19":"purchasable","20":"product-type-variable","21":"has-default-attributes"},"yoast_head":"<!-- This site is optimized with the Yoast SEO plugin v27.3 - https:\/\/yoast.com\/product\/yoast-seo-wordpress\/ -->\n<title>Acquista Durban Poison Marijuana - I migliori farmaci globali<\/title>\n<meta name=\"description\" content=\"Acquista la variet\u00e0 Durban Poison\u00a0in vendita online, ha guadagnato popolarit\u00e0 in tutto il mondo per il suo profumo dolce e gli effetti energetici ed edificanti. Per favore, vieni a trovarci.\" \/>\n<meta name=\"robots\" content=\"index, follow, max-snippet:-1, max-image-preview:large, max-video-preview:-1\" \/>\n<link rel=\"canonical\" href=\"https:\/\/medicinasinc.com\/it\/product\/comprare-durban-veleno-marijuana\/\" \/>\n<meta property=\"og:locale\" content=\"it_IT\" \/>\n<meta property=\"og:type\" content=\"article\" \/>\n<meta property=\"og:title\" content=\"Acquista Durban Poison Marijuana - I migliori farmaci globali\" \/>\n<meta property=\"og:description\" content=\"Acquista la variet\u00e0 Durban Poison\u00a0in vendita online, ha guadagnato popolarit\u00e0 in tutto il mondo per il suo profumo dolce e gli effetti energetici ed edificanti. Per favore, vieni a trovarci.\" \/>\n<meta property=\"og:url\" content=\"https:\/\/medicinasinc.com\/it\/product\/comprare-durban-veleno-marijuana\/\" \/>\n<meta property=\"og:site_name\" content=\"Medicinas Inc\" \/>\n<meta property=\"article:modified_time\" content=\"2022-03-17T00:32:07+00:00\" \/>\n<meta property=\"og:image\" content=\"https:\/\/medicinasinc.com\/it\/wp-content\/uploads\/sites\/4\/2022\/02\/Buy-Durban-Poison-Marijuana.jpg\" \/>\n\t<meta property=\"og:image:width\" content=\"225\" \/>\n\t<meta property=\"og:image:height\" content=\"225\" \/>\n\t<meta property=\"og:image:type\" content=\"image\/jpeg\" \/>\n<meta name=\"twitter:card\" content=\"summary_large_image\" \/>\n<meta name=\"twitter:label1\" content=\"Tempo di lettura stimato\" \/>\n\t<meta name=\"twitter:data1\" content=\"1 minuto\" \/>\n<script type=\"application\/ld+json\" class=\"yoast-schema-graph\">{\"@context\":\"https:\\\/\\\/schema.org\",\"@graph\":[{\"@type\":\"WebPage\",\"@id\":\"https:\\\/\\\/medicinasinc.com\\\/it\\\/product\\\/comprare-durban-veleno-marijuana\\\/\",\"url\":\"https:\\\/\\\/medicinasinc.com\\\/it\\\/product\\\/comprare-durban-veleno-marijuana\\\/\",\"name\":\"Acquista Durban Poison Marijuana - I migliori farmaci globali\",\"isPartOf\":{\"@id\":\"https:\\\/\\\/medicinasinc.com\\\/it\\\/#website\"},\"primaryImageOfPage\":{\"@id\":\"https:\\\/\\\/medicinasinc.com\\\/it\\\/product\\\/comprare-durban-veleno-marijuana\\\/#primaryimage\"},\"image\":{\"@id\":\"https:\\\/\\\/medicinasinc.com\\\/it\\\/product\\\/comprare-durban-veleno-marijuana\\\/#primaryimage\"},\"thumbnailUrl\":\"https:\\\/\\\/medicinasinc.com\\\/it\\\/wp-content\\\/uploads\\\/sites\\\/4\\\/2022\\\/02\\\/Buy-Durban-Poison-Marijuana.jpg\",\"datePublished\":\"2022-02-20T18:04:10+00:00\",\"dateModified\":\"2022-03-17T00:32:07+00:00\",\"description\":\"Acquista la variet\u00e0 Durban Poison\u00a0in vendita online, ha guadagnato popolarit\u00e0 in tutto il mondo per il suo profumo dolce e gli effetti energetici ed edificanti. Per favore, vieni a trovarci.\",\"breadcrumb\":{\"@id\":\"https:\\\/\\\/medicinasinc.com\\\/it\\\/product\\\/comprare-durban-veleno-marijuana\\\/#breadcrumb\"},\"inLanguage\":\"it-IT\",\"potentialAction\":[{\"@type\":\"ReadAction\",\"target\":[\"https:\\\/\\\/medicinasinc.com\\\/it\\\/product\\\/comprare-durban-veleno-marijuana\\\/\"]}]},{\"@type\":\"ImageObject\",\"inLanguage\":\"it-IT\",\"@id\":\"https:\\\/\\\/medicinasinc.com\\\/it\\\/product\\\/comprare-durban-veleno-marijuana\\\/#primaryimage\",\"url\":\"https:\\\/\\\/medicinasinc.com\\\/it\\\/wp-content\\\/uploads\\\/sites\\\/4\\\/2022\\\/02\\\/Buy-Durban-Poison-Marijuana.jpg\",\"contentUrl\":\"https:\\\/\\\/medicinasinc.com\\\/it\\\/wp-content\\\/uploads\\\/sites\\\/4\\\/2022\\\/02\\\/Buy-Durban-Poison-Marijuana.jpg\",\"width\":225,\"height\":225},{\"@type\":\"BreadcrumbList\",\"@id\":\"https:\\\/\\\/medicinasinc.com\\\/it\\\/product\\\/comprare-durban-veleno-marijuana\\\/#breadcrumb\",\"itemListElement\":[{\"@type\":\"ListItem\",\"position\":1,\"name\":\"Negozio\",\"item\":\"https:\\\/\\\/medicinasinc.com\\\/it\\\/negozio\\\/\"},{\"@type\":\"ListItem\",\"position\":2,\"name\":\"Compra Marijuana Velenosa di Durban\"}]},{\"@type\":\"WebSite\",\"@id\":\"https:\\\/\\\/medicinasinc.com\\\/it\\\/#website\",\"url\":\"https:\\\/\\\/medicinasinc.com\\\/it\\\/\",\"name\":\"Medicinas Inc\",\"description\":\"Health Medical Clinic\",\"potentialAction\":[{\"@type\":\"SearchAction\",\"target\":{\"@type\":\"EntryPoint\",\"urlTemplate\":\"https:\\\/\\\/medicinasinc.com\\\/it\\\/?s={search_term_string}\"},\"query-input\":{\"@type\":\"PropertyValueSpecification\",\"valueRequired\":true,\"valueName\":\"search_term_string\"}}],\"inLanguage\":\"it-IT\"}]}<\/script>\n<!-- \/ Yoast SEO plugin. -->","yoast_head_json":{"title":"Acquista Durban Poison Marijuana - I migliori farmaci globali","description":"Acquista la variet\u00e0 Durban Poison\u00a0in vendita online, ha guadagnato popolarit\u00e0 in tutto il mondo per il suo profumo dolce e gli effetti energetici ed edificanti. Per favore, vieni a trovarci.","robots":{"index":"index","follow":"follow","max-snippet":"max-snippet:-1","max-image-preview":"max-image-preview:large","max-video-preview":"max-video-preview:-1"},"canonical":"https:\/\/medicinasinc.com\/it\/product\/comprare-durban-veleno-marijuana\/","og_locale":"it_IT","og_type":"article","og_title":"Acquista Durban Poison Marijuana - I migliori farmaci globali","og_description":"Acquista la variet\u00e0 Durban Poison\u00a0in vendita online, ha guadagnato popolarit\u00e0 in tutto il mondo per il suo profumo dolce e gli effetti energetici ed edificanti. Per favore, vieni a trovarci.","og_url":"https:\/\/medicinasinc.com\/it\/product\/comprare-durban-veleno-marijuana\/","og_site_name":"Medicinas Inc","article_modified_time":"2022-03-17T00:32:07+00:00","og_image":[{"width":225,"height":225,"url":"https:\/\/medicinasinc.com\/it\/wp-content\/uploads\/sites\/4\/2022\/02\/Buy-Durban-Poison-Marijuana.jpg","type":"image\/jpeg"}],"twitter_card":"summary_large_image","twitter_misc":{"Tempo di lettura stimato":"1 minuto"},"schema":{"@context":"https:\/\/schema.org","@graph":[{"@type":"WebPage","@id":"https:\/\/medicinasinc.com\/it\/product\/comprare-durban-veleno-marijuana\/","url":"https:\/\/medicinasinc.com\/it\/product\/comprare-durban-veleno-marijuana\/","name":"Acquista Durban Poison Marijuana - I migliori farmaci globali","isPartOf":{"@id":"https:\/\/medicinasinc.com\/it\/#website"},"primaryImageOfPage":{"@id":"https:\/\/medicinasinc.com\/it\/product\/comprare-durban-veleno-marijuana\/#primaryimage"},"image":{"@id":"https:\/\/medicinasinc.com\/it\/product\/comprare-durban-veleno-marijuana\/#primaryimage"},"thumbnailUrl":"https:\/\/medicinasinc.com\/it\/wp-content\/uploads\/sites\/4\/2022\/02\/Buy-Durban-Poison-Marijuana.jpg","datePublished":"2022-02-20T18:04:10+00:00","dateModified":"2022-03-17T00:32:07+00:00","description":"Acquista la variet\u00e0 Durban Poison\u00a0in vendita online, ha guadagnato popolarit\u00e0 in tutto il mondo per il suo profumo dolce e gli effetti energetici ed edificanti. Per favore, vieni a trovarci.","breadcrumb":{"@id":"https:\/\/medicinasinc.com\/it\/product\/comprare-durban-veleno-marijuana\/#breadcrumb"},"inLanguage":"it-IT","potentialAction":[{"@type":"ReadAction","target":["https:\/\/medicinasinc.com\/it\/product\/comprare-durban-veleno-marijuana\/"]}]},{"@type":"ImageObject","inLanguage":"it-IT","@id":"https:\/\/medicinasinc.com\/it\/product\/comprare-durban-veleno-marijuana\/#primaryimage","url":"https:\/\/medicinasinc.com\/it\/wp-content\/uploads\/sites\/4\/2022\/02\/Buy-Durban-Poison-Marijuana.jpg","contentUrl":"https:\/\/medicinasinc.com\/it\/wp-content\/uploads\/sites\/4\/2022\/02\/Buy-Durban-Poison-Marijuana.jpg","width":225,"height":225},{"@type":"BreadcrumbList","@id":"https:\/\/medicinasinc.com\/it\/product\/comprare-durban-veleno-marijuana\/#breadcrumb","itemListElement":[{"@type":"ListItem","position":1,"name":"Negozio","item":"https:\/\/medicinasinc.com\/it\/negozio\/"},{"@type":"ListItem","position":2,"name":"Compra Marijuana Velenosa di Durban"}]},{"@type":"WebSite","@id":"https:\/\/medicinasinc.com\/it\/#website","url":"https:\/\/medicinasinc.com\/it\/","name":"Medicinas Inc","description":"Health Medical Clinic","potentialAction":[{"@type":"SearchAction","target":{"@type":"EntryPoint","urlTemplate":"https:\/\/medicinasinc.com\/it\/?s={search_term_string}"},"query-input":{"@type":"PropertyValueSpecification","valueRequired":true,"valueName":"search_term_string"}}],"inLanguage":"it-IT"}]}},"_links":{"self":[{"href":"https:\/\/medicinasinc.com\/it\/wp-json\/wp\/v2\/product\/4940","targetHints":{"allow":["GET"]}}],"collection":[{"href":"https:\/\/medicinasinc.com\/it\/wp-json\/wp\/v2\/product"}],"about":[{"href":"https:\/\/medicinasinc.com\/it\/wp-json\/wp\/v2\/types\/product"}],"replies":[{"embeddable":true,"href":"https:\/\/medicinasinc.com\/it\/wp-json\/wp\/v2\/comments?post=4940"}],"wp:featuredmedia":[{"embeddable":true,"href":"https:\/\/medicinasinc.com\/it\/wp-json\/wp\/v2\/media\/4954"}],"wp:attachment":[{"href":"https:\/\/medicinasinc.com\/it\/wp-json\/wp\/v2\/media?parent=4940"}],"wp:term":[{"taxonomy":"product_brand","embeddable":true,"href":"https:\/\/medicinasinc.com\/it\/wp-json\/wp\/v2\/product_brand?post=4940"},{"taxonomy":"product_cat","embeddable":true,"href":"https:\/\/medicinasinc.com\/it\/wp-json\/wp\/v2\/product_cat?post=4940"},{"taxonomy":"product_tag","embeddable":true,"href":"https:\/\/medicinasinc.com\/it\/wp-json\/wp\/v2\/product_tag?post=4940"}],"curies":[{"name":"wp","href":"https:\/\/api.w.org\/{rel}","templated":true}]}}