{"id":4938,"date":"2022-02-20T18:02:35","date_gmt":"2022-02-20T18:02:35","guid":{"rendered":"https:\/\/medicinasinc.com\/it\/?post_type=product&#038;p=4938"},"modified":"2022-03-17T00:32:15","modified_gmt":"2022-03-17T00:32:15","slug":"comprare-torta-ciliegia-ceppo-marijuana","status":"publish","type":"product","link":"https:\/\/medicinasinc.com\/it\/product\/comprare-torta-ciliegia-ceppo-marijuana\/","title":{"rendered":"Acquista il ceppo di marijuana Cherry Pie"},"content":{"rendered":"<p>Acquisto online del ceppo di marijuana Cherry Pie.<\/p>\n<p>Acquisto online del ceppo di marijuana Cherry Pie.<\/p>\n<p>Il ceppo di marijuana Cherry Pie pu\u00f2 essere acquistato online. Ibrido &#8211; 80% Indica \/ 20% Sativa THC: 16\u201324%, CBD: 1%<\/p>\n<p>Effetti<br \/> Creativit\u00e0, euforia, appagamento e relax<br \/> Possibilmente allevia<br \/> Disturbo da deficit di attenzione\/iperattivit\u00e0, ansia, disturbo bipolare, dolore cronico, depressione, iperattivit\u00e0 e insonnia<br \/> Aromi<br \/> Bacche, ciliegie e dolci<br \/> Aromi<br \/> Ciliegia, mirtillo, terroso, e dolce<\/p>\n","protected":false},"excerpt":{"rendered":"<p>Acquista la variet\u00e0 di marijuana Cherry Pie online. La variet\u00e0 di marijuana Cherry Pie pu\u00f2 essere acquistata online. Ibrido &#8211; 80% Indica \/ 20% Sativa THC: 16\u201324%, CBD: 1%<\/p>\n","protected":false},"featured_media":4952,"comment_status":"open","ping_status":"closed","template":"","meta":[],"product_brand":[],"product_cat":[778],"product_tag":[811,816,817,818,815,812,813,814],"class_list":{"0":"post-4938","1":"product","2":"type-product","3":"status-publish","4":"has-post-thumbnail","6":"product_cat-erba-in-vendita","7":"product_tag-cherry-pie-og-strain","8":"product_tag-cherry-pie-strain-price","9":"product_tag-cherry-pie-strain-sativa-or-indica","10":"product_tag-cherry-pie-strain-yield","11":"product_tag-cherry-pie-strain-effetti","12":"product_tag-ricetta-torta-di-ciliegie","13":"product_tag-semi-di-torta-di-ciliegie","14":"product_tag-cherry-pie-ceppo-allbud","16":"first","17":"instock","18":"shipping-taxable","19":"purchasable","20":"product-type-variable","21":"has-default-attributes"},"yoast_head":"<!-- This site is optimized with the Yoast SEO plugin v27.3 - https:\/\/yoast.com\/product\/yoast-seo-wordpress\/ -->\n<title>Acquista la variet\u00e0 di marijuana Cherry Pie - I migliori farmaci globali<\/title>\n<meta name=\"description\" content=\"Acquista Cherry Pie Marijuana Strain in vendita online. Acquista online la variet\u00e0 di marijuana Cherry Pie. Ibrido \u2013 80% Indica \/ 20% Sativa THC: 16% \u2013 24%, CBD: 1%\" \/>\n<meta name=\"robots\" content=\"index, follow, max-snippet:-1, max-image-preview:large, max-video-preview:-1\" \/>\n<link rel=\"canonical\" href=\"https:\/\/medicinasinc.com\/it\/product\/comprare-torta-ciliegia-ceppo-marijuana\/\" \/>\n<meta property=\"og:locale\" content=\"it_IT\" \/>\n<meta property=\"og:type\" content=\"article\" \/>\n<meta property=\"og:title\" content=\"Acquista la variet\u00e0 di marijuana Cherry Pie - I migliori farmaci globali\" \/>\n<meta property=\"og:description\" content=\"Acquista Cherry Pie Marijuana Strain in vendita online. Acquista online la variet\u00e0 di marijuana Cherry Pie. Ibrido \u2013 80% Indica \/ 20% Sativa THC: 16% \u2013 24%, CBD: 1%\" \/>\n<meta property=\"og:url\" content=\"https:\/\/medicinasinc.com\/it\/product\/comprare-torta-ciliegia-ceppo-marijuana\/\" \/>\n<meta property=\"og:site_name\" content=\"Medicinas Inc\" \/>\n<meta property=\"article:modified_time\" content=\"2022-03-17T00:32:15+00:00\" \/>\n<meta property=\"og:image\" content=\"https:\/\/medicinasinc.com\/it\/wp-content\/uploads\/sites\/4\/2022\/02\/Buy-Cherry-Pie-Marijuana.jpg\" \/>\n\t<meta property=\"og:image:width\" content=\"1080\" \/>\n\t<meta property=\"og:image:height\" content=\"1080\" \/>\n\t<meta property=\"og:image:type\" content=\"image\/jpeg\" \/>\n<meta name=\"twitter:card\" content=\"summary_large_image\" \/>\n<meta name=\"twitter:label1\" content=\"Tempo di lettura stimato\" \/>\n\t<meta name=\"twitter:data1\" content=\"1 minuto\" \/>\n<script type=\"application\/ld+json\" class=\"yoast-schema-graph\">{\"@context\":\"https:\\\/\\\/schema.org\",\"@graph\":[{\"@type\":\"WebPage\",\"@id\":\"https:\\\/\\\/medicinasinc.com\\\/it\\\/product\\\/comprare-torta-ciliegia-ceppo-marijuana\\\/\",\"url\":\"https:\\\/\\\/medicinasinc.com\\\/it\\\/product\\\/comprare-torta-ciliegia-ceppo-marijuana\\\/\",\"name\":\"Acquista la variet\u00e0 di marijuana Cherry Pie - I migliori farmaci globali\",\"isPartOf\":{\"@id\":\"https:\\\/\\\/medicinasinc.com\\\/it\\\/#website\"},\"primaryImageOfPage\":{\"@id\":\"https:\\\/\\\/medicinasinc.com\\\/it\\\/product\\\/comprare-torta-ciliegia-ceppo-marijuana\\\/#primaryimage\"},\"image\":{\"@id\":\"https:\\\/\\\/medicinasinc.com\\\/it\\\/product\\\/comprare-torta-ciliegia-ceppo-marijuana\\\/#primaryimage\"},\"thumbnailUrl\":\"https:\\\/\\\/medicinasinc.com\\\/it\\\/wp-content\\\/uploads\\\/sites\\\/4\\\/2022\\\/02\\\/Buy-Cherry-Pie-Marijuana.jpg\",\"datePublished\":\"2022-02-20T18:02:35+00:00\",\"dateModified\":\"2022-03-17T00:32:15+00:00\",\"description\":\"Acquista Cherry Pie Marijuana Strain in vendita online. Acquista online la variet\u00e0 di marijuana Cherry Pie. Ibrido \u2013 80% Indica \\\/ 20% Sativa THC: 16% \u2013 24%, CBD: 1%\",\"breadcrumb\":{\"@id\":\"https:\\\/\\\/medicinasinc.com\\\/it\\\/product\\\/comprare-torta-ciliegia-ceppo-marijuana\\\/#breadcrumb\"},\"inLanguage\":\"it-IT\",\"potentialAction\":[{\"@type\":\"ReadAction\",\"target\":[\"https:\\\/\\\/medicinasinc.com\\\/it\\\/product\\\/comprare-torta-ciliegia-ceppo-marijuana\\\/\"]}]},{\"@type\":\"ImageObject\",\"inLanguage\":\"it-IT\",\"@id\":\"https:\\\/\\\/medicinasinc.com\\\/it\\\/product\\\/comprare-torta-ciliegia-ceppo-marijuana\\\/#primaryimage\",\"url\":\"https:\\\/\\\/medicinasinc.com\\\/it\\\/wp-content\\\/uploads\\\/sites\\\/4\\\/2022\\\/02\\\/Buy-Cherry-Pie-Marijuana.jpg\",\"contentUrl\":\"https:\\\/\\\/medicinasinc.com\\\/it\\\/wp-content\\\/uploads\\\/sites\\\/4\\\/2022\\\/02\\\/Buy-Cherry-Pie-Marijuana.jpg\",\"width\":1080,\"height\":1080},{\"@type\":\"BreadcrumbList\",\"@id\":\"https:\\\/\\\/medicinasinc.com\\\/it\\\/product\\\/comprare-torta-ciliegia-ceppo-marijuana\\\/#breadcrumb\",\"itemListElement\":[{\"@type\":\"ListItem\",\"position\":1,\"name\":\"Negozio\",\"item\":\"https:\\\/\\\/medicinasinc.com\\\/it\\\/negozio\\\/\"},{\"@type\":\"ListItem\",\"position\":2,\"name\":\"Acquista il ceppo di marijuana Cherry Pie\"}]},{\"@type\":\"WebSite\",\"@id\":\"https:\\\/\\\/medicinasinc.com\\\/it\\\/#website\",\"url\":\"https:\\\/\\\/medicinasinc.com\\\/it\\\/\",\"name\":\"Medicinas Inc\",\"description\":\"Health Medical Clinic\",\"potentialAction\":[{\"@type\":\"SearchAction\",\"target\":{\"@type\":\"EntryPoint\",\"urlTemplate\":\"https:\\\/\\\/medicinasinc.com\\\/it\\\/?s={search_term_string}\"},\"query-input\":{\"@type\":\"PropertyValueSpecification\",\"valueRequired\":true,\"valueName\":\"search_term_string\"}}],\"inLanguage\":\"it-IT\"}]}<\/script>\n<!-- \/ Yoast SEO plugin. -->","yoast_head_json":{"title":"Acquista la variet\u00e0 di marijuana Cherry Pie - I migliori farmaci globali","description":"Acquista Cherry Pie Marijuana Strain in vendita online. Acquista online la variet\u00e0 di marijuana Cherry Pie. Ibrido \u2013 80% Indica \/ 20% Sativa THC: 16% \u2013 24%, CBD: 1%","robots":{"index":"index","follow":"follow","max-snippet":"max-snippet:-1","max-image-preview":"max-image-preview:large","max-video-preview":"max-video-preview:-1"},"canonical":"https:\/\/medicinasinc.com\/it\/product\/comprare-torta-ciliegia-ceppo-marijuana\/","og_locale":"it_IT","og_type":"article","og_title":"Acquista la variet\u00e0 di marijuana Cherry Pie - I migliori farmaci globali","og_description":"Acquista Cherry Pie Marijuana Strain in vendita online. Acquista online la variet\u00e0 di marijuana Cherry Pie. Ibrido \u2013 80% Indica \/ 20% Sativa THC: 16% \u2013 24%, CBD: 1%","og_url":"https:\/\/medicinasinc.com\/it\/product\/comprare-torta-ciliegia-ceppo-marijuana\/","og_site_name":"Medicinas Inc","article_modified_time":"2022-03-17T00:32:15+00:00","og_image":[{"width":1080,"height":1080,"url":"https:\/\/medicinasinc.com\/it\/wp-content\/uploads\/sites\/4\/2022\/02\/Buy-Cherry-Pie-Marijuana.jpg","type":"image\/jpeg"}],"twitter_card":"summary_large_image","twitter_misc":{"Tempo di lettura stimato":"1 minuto"},"schema":{"@context":"https:\/\/schema.org","@graph":[{"@type":"WebPage","@id":"https:\/\/medicinasinc.com\/it\/product\/comprare-torta-ciliegia-ceppo-marijuana\/","url":"https:\/\/medicinasinc.com\/it\/product\/comprare-torta-ciliegia-ceppo-marijuana\/","name":"Acquista la variet\u00e0 di marijuana Cherry Pie - I migliori farmaci globali","isPartOf":{"@id":"https:\/\/medicinasinc.com\/it\/#website"},"primaryImageOfPage":{"@id":"https:\/\/medicinasinc.com\/it\/product\/comprare-torta-ciliegia-ceppo-marijuana\/#primaryimage"},"image":{"@id":"https:\/\/medicinasinc.com\/it\/product\/comprare-torta-ciliegia-ceppo-marijuana\/#primaryimage"},"thumbnailUrl":"https:\/\/medicinasinc.com\/it\/wp-content\/uploads\/sites\/4\/2022\/02\/Buy-Cherry-Pie-Marijuana.jpg","datePublished":"2022-02-20T18:02:35+00:00","dateModified":"2022-03-17T00:32:15+00:00","description":"Acquista Cherry Pie Marijuana Strain in vendita online. Acquista online la variet\u00e0 di marijuana Cherry Pie. Ibrido \u2013 80% Indica \/ 20% Sativa THC: 16% \u2013 24%, CBD: 1%","breadcrumb":{"@id":"https:\/\/medicinasinc.com\/it\/product\/comprare-torta-ciliegia-ceppo-marijuana\/#breadcrumb"},"inLanguage":"it-IT","potentialAction":[{"@type":"ReadAction","target":["https:\/\/medicinasinc.com\/it\/product\/comprare-torta-ciliegia-ceppo-marijuana\/"]}]},{"@type":"ImageObject","inLanguage":"it-IT","@id":"https:\/\/medicinasinc.com\/it\/product\/comprare-torta-ciliegia-ceppo-marijuana\/#primaryimage","url":"https:\/\/medicinasinc.com\/it\/wp-content\/uploads\/sites\/4\/2022\/02\/Buy-Cherry-Pie-Marijuana.jpg","contentUrl":"https:\/\/medicinasinc.com\/it\/wp-content\/uploads\/sites\/4\/2022\/02\/Buy-Cherry-Pie-Marijuana.jpg","width":1080,"height":1080},{"@type":"BreadcrumbList","@id":"https:\/\/medicinasinc.com\/it\/product\/comprare-torta-ciliegia-ceppo-marijuana\/#breadcrumb","itemListElement":[{"@type":"ListItem","position":1,"name":"Negozio","item":"https:\/\/medicinasinc.com\/it\/negozio\/"},{"@type":"ListItem","position":2,"name":"Acquista il ceppo di marijuana Cherry Pie"}]},{"@type":"WebSite","@id":"https:\/\/medicinasinc.com\/it\/#website","url":"https:\/\/medicinasinc.com\/it\/","name":"Medicinas Inc","description":"Health Medical Clinic","potentialAction":[{"@type":"SearchAction","target":{"@type":"EntryPoint","urlTemplate":"https:\/\/medicinasinc.com\/it\/?s={search_term_string}"},"query-input":{"@type":"PropertyValueSpecification","valueRequired":true,"valueName":"search_term_string"}}],"inLanguage":"it-IT"}]}},"_links":{"self":[{"href":"https:\/\/medicinasinc.com\/it\/wp-json\/wp\/v2\/product\/4938","targetHints":{"allow":["GET"]}}],"collection":[{"href":"https:\/\/medicinasinc.com\/it\/wp-json\/wp\/v2\/product"}],"about":[{"href":"https:\/\/medicinasinc.com\/it\/wp-json\/wp\/v2\/types\/product"}],"replies":[{"embeddable":true,"href":"https:\/\/medicinasinc.com\/it\/wp-json\/wp\/v2\/comments?post=4938"}],"wp:featuredmedia":[{"embeddable":true,"href":"https:\/\/medicinasinc.com\/it\/wp-json\/wp\/v2\/media\/4952"}],"wp:attachment":[{"href":"https:\/\/medicinasinc.com\/it\/wp-json\/wp\/v2\/media?parent=4938"}],"wp:term":[{"taxonomy":"product_brand","embeddable":true,"href":"https:\/\/medicinasinc.com\/it\/wp-json\/wp\/v2\/product_brand?post=4938"},{"taxonomy":"product_cat","embeddable":true,"href":"https:\/\/medicinasinc.com\/it\/wp-json\/wp\/v2\/product_cat?post=4938"},{"taxonomy":"product_tag","embeddable":true,"href":"https:\/\/medicinasinc.com\/it\/wp-json\/wp\/v2\/product_tag?post=4938"}],"curies":[{"name":"wp","href":"https:\/\/api.w.org\/{rel}","templated":true}]}}