{"id":4928,"date":"2022-02-20T17:53:26","date_gmt":"2022-02-20T17:53:26","guid":{"rendered":"https:\/\/medicinasinc.com\/it\/?post_type=product&#038;p=4928"},"modified":"2022-03-17T00:32:24","modified_gmt":"2022-03-17T00:32:24","slug":"comprare-biscotti-gelato","status":"publish","type":"product","link":"https:\/\/medicinasinc.com\/it\/product\/comprare-biscotti-gelato\/","title":{"rendered":"Acquista Biscotti Gelato"},"content":{"rendered":"<p>Cookies Gelato \u00e8 la progenie di due illustri ceppi di marijuana. Ha ereditato una quantit\u00e0 folle di potenza, un gusto dolce e un&#8217;incredibile quantit\u00e0 di produttivit\u00e0. E Cali Bliss ha ottimizzato ciascuno di questi elementi. Questo \u00e8 ora il numero 2 ed \u00e8 stato notevolmente migliorato. Inoltre, viene utilizzato il 25% di THC invece del 23% di THC.<\/p>\n<p>Per cominciare, vorremmo fornire un contesto per i coltivatori di questa deliziosa variet\u00e0 Cookies Gelato. Cali Bliss \u00e8 un team di coltivatori relativamente nuovo. Questi sono battitori pesanti e ci \u00e8 voluto circa un anno e mezzo per immagazzinare alcune delle loro variet\u00e0. Abbiamo avuto la fortuna di acquisirne tre fin da ora. Sono devoti all&#8217;autentica genetica californiana, ma con una svolta. Alcuni ceppi impiegano anni per svilupparsi al punto in cui questi ragazzi sono soddisfatti.<\/p>\n<p>&#8220;Man mano che consumi pi\u00f9 cannabis, la tua tolleranza aumenta. Per i principianti, non ci vuole molto per sballarsi. Qualche boccata da una variet\u00e0 debole sar\u00e0 sufficiente. Dopo diversi anni, tuttavia, i fumatori esperti richiedono marijuana pi\u00f9 forte per ottenere gli stessi effetti. Una di queste variet\u00e0 \u00e8 la Cookies Gelato. Fornisce una dose mostruosa di THC che trasporta istantaneamente la mente in uno stato alterato di coscienza e mantiene per ore.&#8221;<\/p>\n<p>I potenti effetti di Cookie Gelato sono il risultato delle sue potenti variet\u00e0 progenitrici Girl Scout Cookies e Gelato. Questo dinamico duo, tuttavia, \u00e8 rinomato per qualcosa di pi\u00f9 della loro forza bruta. Come suggeriscono i loro nomi, entrambi hanno profili terpenici dolci e zuccherini. Cookies Gelato incarna le migliori caratteristiche di entrambe queste variet\u00e0 leggendarie.<\/p>\n<p>Le cime di questo ragazzo sono sparse e piccole (questo \u00e8 geneticamente determinato, non c&#8217;\u00e8 modo di aggirarlo). Ulteriore peluria e morbidezza. Cio\u00e8, il bocciolo stesso ha pi\u00f9 spazio aereo. Ci\u00f2 pu\u00f2 comportare un&#8217;ustione pi\u00f9 rapida e una sensazione pi\u00f9 aspra se non presa in considerazione. Pertanto, assicurati semplicemente che sia ben imballato per eliminare qualsiasi spazio d&#8217;aria. Quando arrotoli una canna o fumi una ciotola, impacchettala bene. Questa \u00e8 la natura della variet\u00e0.<\/p>\n<p>COSA SIGNIFICA IL NUMERO DUE?<\/p>\n<p>\u2013 Effetti estesi (pi\u00f9 raffinati)<\/p>\n<p>\u2013 Sapore migliorato (profilo terp pi\u00f9 raffinato) <\/p>\n<p>\u2013 Aumento del contenuto di THC (prima era del 23 percento, ora \u00e8 del 25 percento)<\/p>\n<p>\u2013 Inoltre, cura e taglia meglio<\/p>\n<p> EFFETTI:<\/p>\n<p>Creativo, gioioso ed euforico<\/p>\n<p>MEDICO:<\/p>\n<p>Ansia, stress e dolore cronico<\/p>\n<p>THC:<\/p>\n<p>25% <\/p>\n<div class=\"product-next-previous\">\n<div class=\"product-prev\"><\/div><\/div>\n","protected":false},"excerpt":{"rendered":"<p>Acquista Gelato Marijuana Cookies in vendita online. Chem Willie \u00e8 un ibrido a predominanza Sativa \u2013 70% Sativa e 30% Indica. Indica THC: 15%<\/p>\n","protected":false},"featured_media":4941,"comment_status":"open","ping_status":"closed","template":"","meta":[],"product_brand":[],"product_cat":[778],"product_tag":[803,810,806,808,809,807,804,805],"class_list":{"0":"post-4928","1":"product","2":"type-product","3":"status-publish","4":"has-post-thumbnail","6":"product_cat-erba-in-vendita","7":"product_tag-biscotti-gelato-42","8":"product_tag-gelato-biscotti-ceppo-wikileaf","9":"product_tag-biscotti-gelato-diario-della-crescita","10":"product_tag-gelato-biscotti-e-crema","11":"product_tag-gelato-biscotti-ceppo-allbud","12":"product_tag-biscotti-gelato-resa","13":"product_tag-cookies-gelato-41","14":"product_tag-cookies-gelato-flowering-time","16":"first","17":"instock","18":"shipping-taxable","19":"purchasable","20":"product-type-variable","21":"has-default-attributes"},"yoast_head":"<!-- This site is optimized with the Yoast SEO plugin v27.3 - https:\/\/yoast.com\/product\/yoast-seo-wordpress\/ -->\n<title>Acquista Cookies Gelato - Cookies Gelato in vendita - Best Best Global Meds<\/title>\n<meta name=\"description\" content=\"Acquista Cookies Gelato Marijuana in vendita Online. Chem Willie \u00e8 Ibrido a Dominante Sativa \u2013 70% Sativa \/ 30% Indica THC: 15%\" \/>\n<meta name=\"robots\" content=\"index, follow, max-snippet:-1, max-image-preview:large, max-video-preview:-1\" \/>\n<link rel=\"canonical\" href=\"https:\/\/medicinasinc.com\/it\/product\/comprare-biscotti-gelato\/\" \/>\n<meta property=\"og:locale\" content=\"it_IT\" \/>\n<meta property=\"og:type\" content=\"article\" \/>\n<meta property=\"og:title\" content=\"Acquista Cookies Gelato - Cookies Gelato in vendita - Best Best Global Meds\" \/>\n<meta property=\"og:description\" content=\"Acquista Cookies Gelato Marijuana in vendita Online. Chem Willie \u00e8 Ibrido a Dominante Sativa \u2013 70% Sativa \/ 30% Indica THC: 15%\" \/>\n<meta property=\"og:url\" content=\"https:\/\/medicinasinc.com\/it\/product\/comprare-biscotti-gelato\/\" \/>\n<meta property=\"og:site_name\" content=\"Medicinas Inc\" \/>\n<meta property=\"article:modified_time\" content=\"2022-03-17T00:32:24+00:00\" \/>\n<meta property=\"og:image\" content=\"https:\/\/medicinasinc.com\/it\/wp-content\/uploads\/sites\/4\/2022\/02\/Buy-Cookies-Gelato.jpg\" \/>\n\t<meta property=\"og:image:width\" content=\"420\" \/>\n\t<meta property=\"og:image:height\" content=\"630\" \/>\n\t<meta property=\"og:image:type\" content=\"image\/jpeg\" \/>\n<meta name=\"twitter:card\" content=\"summary_large_image\" \/>\n<meta name=\"twitter:label1\" content=\"Tempo di lettura stimato\" \/>\n\t<meta name=\"twitter:data1\" content=\"2 minuti\" \/>\n<script type=\"application\/ld+json\" class=\"yoast-schema-graph\">{\"@context\":\"https:\\\/\\\/schema.org\",\"@graph\":[{\"@type\":\"WebPage\",\"@id\":\"https:\\\/\\\/medicinasinc.com\\\/it\\\/product\\\/comprare-biscotti-gelato\\\/\",\"url\":\"https:\\\/\\\/medicinasinc.com\\\/it\\\/product\\\/comprare-biscotti-gelato\\\/\",\"name\":\"Acquista Cookies Gelato - Cookies Gelato in vendita - Best Best Global Meds\",\"isPartOf\":{\"@id\":\"https:\\\/\\\/medicinasinc.com\\\/it\\\/#website\"},\"primaryImageOfPage\":{\"@id\":\"https:\\\/\\\/medicinasinc.com\\\/it\\\/product\\\/comprare-biscotti-gelato\\\/#primaryimage\"},\"image\":{\"@id\":\"https:\\\/\\\/medicinasinc.com\\\/it\\\/product\\\/comprare-biscotti-gelato\\\/#primaryimage\"},\"thumbnailUrl\":\"https:\\\/\\\/medicinasinc.com\\\/it\\\/wp-content\\\/uploads\\\/sites\\\/4\\\/2022\\\/02\\\/Buy-Cookies-Gelato.jpg\",\"datePublished\":\"2022-02-20T17:53:26+00:00\",\"dateModified\":\"2022-03-17T00:32:24+00:00\",\"description\":\"Acquista Cookies Gelato Marijuana in vendita Online. Chem Willie \u00e8 Ibrido a Dominante Sativa \u2013 70% Sativa \\\/ 30% Indica THC: 15%\",\"breadcrumb\":{\"@id\":\"https:\\\/\\\/medicinasinc.com\\\/it\\\/product\\\/comprare-biscotti-gelato\\\/#breadcrumb\"},\"inLanguage\":\"it-IT\",\"potentialAction\":[{\"@type\":\"ReadAction\",\"target\":[\"https:\\\/\\\/medicinasinc.com\\\/it\\\/product\\\/comprare-biscotti-gelato\\\/\"]}]},{\"@type\":\"ImageObject\",\"inLanguage\":\"it-IT\",\"@id\":\"https:\\\/\\\/medicinasinc.com\\\/it\\\/product\\\/comprare-biscotti-gelato\\\/#primaryimage\",\"url\":\"https:\\\/\\\/medicinasinc.com\\\/it\\\/wp-content\\\/uploads\\\/sites\\\/4\\\/2022\\\/02\\\/Buy-Cookies-Gelato.jpg\",\"contentUrl\":\"https:\\\/\\\/medicinasinc.com\\\/it\\\/wp-content\\\/uploads\\\/sites\\\/4\\\/2022\\\/02\\\/Buy-Cookies-Gelato.jpg\",\"width\":420,\"height\":630},{\"@type\":\"BreadcrumbList\",\"@id\":\"https:\\\/\\\/medicinasinc.com\\\/it\\\/product\\\/comprare-biscotti-gelato\\\/#breadcrumb\",\"itemListElement\":[{\"@type\":\"ListItem\",\"position\":1,\"name\":\"Negozio\",\"item\":\"https:\\\/\\\/medicinasinc.com\\\/it\\\/negozio\\\/\"},{\"@type\":\"ListItem\",\"position\":2,\"name\":\"Acquista Biscotti Gelato\"}]},{\"@type\":\"WebSite\",\"@id\":\"https:\\\/\\\/medicinasinc.com\\\/it\\\/#website\",\"url\":\"https:\\\/\\\/medicinasinc.com\\\/it\\\/\",\"name\":\"Medicinas Inc\",\"description\":\"Health Medical Clinic\",\"potentialAction\":[{\"@type\":\"SearchAction\",\"target\":{\"@type\":\"EntryPoint\",\"urlTemplate\":\"https:\\\/\\\/medicinasinc.com\\\/it\\\/?s={search_term_string}\"},\"query-input\":{\"@type\":\"PropertyValueSpecification\",\"valueRequired\":true,\"valueName\":\"search_term_string\"}}],\"inLanguage\":\"it-IT\"}]}<\/script>\n<!-- \/ Yoast SEO plugin. -->","yoast_head_json":{"title":"Acquista Cookies Gelato - Cookies Gelato in vendita - Best Best Global Meds","description":"Acquista Cookies Gelato Marijuana in vendita Online. Chem Willie \u00e8 Ibrido a Dominante Sativa \u2013 70% Sativa \/ 30% Indica THC: 15%","robots":{"index":"index","follow":"follow","max-snippet":"max-snippet:-1","max-image-preview":"max-image-preview:large","max-video-preview":"max-video-preview:-1"},"canonical":"https:\/\/medicinasinc.com\/it\/product\/comprare-biscotti-gelato\/","og_locale":"it_IT","og_type":"article","og_title":"Acquista Cookies Gelato - Cookies Gelato in vendita - Best Best Global Meds","og_description":"Acquista Cookies Gelato Marijuana in vendita Online. Chem Willie \u00e8 Ibrido a Dominante Sativa \u2013 70% Sativa \/ 30% Indica THC: 15%","og_url":"https:\/\/medicinasinc.com\/it\/product\/comprare-biscotti-gelato\/","og_site_name":"Medicinas Inc","article_modified_time":"2022-03-17T00:32:24+00:00","og_image":[{"width":420,"height":630,"url":"https:\/\/medicinasinc.com\/it\/wp-content\/uploads\/sites\/4\/2022\/02\/Buy-Cookies-Gelato.jpg","type":"image\/jpeg"}],"twitter_card":"summary_large_image","twitter_misc":{"Tempo di lettura stimato":"2 minuti"},"schema":{"@context":"https:\/\/schema.org","@graph":[{"@type":"WebPage","@id":"https:\/\/medicinasinc.com\/it\/product\/comprare-biscotti-gelato\/","url":"https:\/\/medicinasinc.com\/it\/product\/comprare-biscotti-gelato\/","name":"Acquista Cookies Gelato - Cookies Gelato in vendita - Best Best Global Meds","isPartOf":{"@id":"https:\/\/medicinasinc.com\/it\/#website"},"primaryImageOfPage":{"@id":"https:\/\/medicinasinc.com\/it\/product\/comprare-biscotti-gelato\/#primaryimage"},"image":{"@id":"https:\/\/medicinasinc.com\/it\/product\/comprare-biscotti-gelato\/#primaryimage"},"thumbnailUrl":"https:\/\/medicinasinc.com\/it\/wp-content\/uploads\/sites\/4\/2022\/02\/Buy-Cookies-Gelato.jpg","datePublished":"2022-02-20T17:53:26+00:00","dateModified":"2022-03-17T00:32:24+00:00","description":"Acquista Cookies Gelato Marijuana in vendita Online. Chem Willie \u00e8 Ibrido a Dominante Sativa \u2013 70% Sativa \/ 30% Indica THC: 15%","breadcrumb":{"@id":"https:\/\/medicinasinc.com\/it\/product\/comprare-biscotti-gelato\/#breadcrumb"},"inLanguage":"it-IT","potentialAction":[{"@type":"ReadAction","target":["https:\/\/medicinasinc.com\/it\/product\/comprare-biscotti-gelato\/"]}]},{"@type":"ImageObject","inLanguage":"it-IT","@id":"https:\/\/medicinasinc.com\/it\/product\/comprare-biscotti-gelato\/#primaryimage","url":"https:\/\/medicinasinc.com\/it\/wp-content\/uploads\/sites\/4\/2022\/02\/Buy-Cookies-Gelato.jpg","contentUrl":"https:\/\/medicinasinc.com\/it\/wp-content\/uploads\/sites\/4\/2022\/02\/Buy-Cookies-Gelato.jpg","width":420,"height":630},{"@type":"BreadcrumbList","@id":"https:\/\/medicinasinc.com\/it\/product\/comprare-biscotti-gelato\/#breadcrumb","itemListElement":[{"@type":"ListItem","position":1,"name":"Negozio","item":"https:\/\/medicinasinc.com\/it\/negozio\/"},{"@type":"ListItem","position":2,"name":"Acquista Biscotti Gelato"}]},{"@type":"WebSite","@id":"https:\/\/medicinasinc.com\/it\/#website","url":"https:\/\/medicinasinc.com\/it\/","name":"Medicinas Inc","description":"Health Medical Clinic","potentialAction":[{"@type":"SearchAction","target":{"@type":"EntryPoint","urlTemplate":"https:\/\/medicinasinc.com\/it\/?s={search_term_string}"},"query-input":{"@type":"PropertyValueSpecification","valueRequired":true,"valueName":"search_term_string"}}],"inLanguage":"it-IT"}]}},"_links":{"self":[{"href":"https:\/\/medicinasinc.com\/it\/wp-json\/wp\/v2\/product\/4928","targetHints":{"allow":["GET"]}}],"collection":[{"href":"https:\/\/medicinasinc.com\/it\/wp-json\/wp\/v2\/product"}],"about":[{"href":"https:\/\/medicinasinc.com\/it\/wp-json\/wp\/v2\/types\/product"}],"replies":[{"embeddable":true,"href":"https:\/\/medicinasinc.com\/it\/wp-json\/wp\/v2\/comments?post=4928"}],"wp:featuredmedia":[{"embeddable":true,"href":"https:\/\/medicinasinc.com\/it\/wp-json\/wp\/v2\/media\/4941"}],"wp:attachment":[{"href":"https:\/\/medicinasinc.com\/it\/wp-json\/wp\/v2\/media?parent=4928"}],"wp:term":[{"taxonomy":"product_brand","embeddable":true,"href":"https:\/\/medicinasinc.com\/it\/wp-json\/wp\/v2\/product_brand?post=4928"},{"taxonomy":"product_cat","embeddable":true,"href":"https:\/\/medicinasinc.com\/it\/wp-json\/wp\/v2\/product_cat?post=4928"},{"taxonomy":"product_tag","embeddable":true,"href":"https:\/\/medicinasinc.com\/it\/wp-json\/wp\/v2\/product_tag?post=4928"}],"curies":[{"name":"wp","href":"https:\/\/api.w.org\/{rel}","templated":true}]}}