{"id":4908,"date":"2022-02-20T17:37:57","date_gmt":"2022-02-20T17:37:57","guid":{"rendered":"https:\/\/medicinasinc.com\/it\/?post_type=product&#038;p=4908"},"modified":"2022-03-17T00:35:13","modified_gmt":"2022-03-17T00:35:13","slug":"acquista-ceppo-tripla-g","status":"publish","type":"product","link":"https:\/\/medicinasinc.com\/it\/product\/acquista-ceppo-tripla-g\/","title":{"rendered":"Acquista il ceppo Triple G"},"content":{"rendered":"<p>Riguardo a questa variet\u00e0 ibrida<\/p>\n<p>La Triple G, nota anche come Ghost OG, produce cime fragranti, tropicali, ma leggermente skunky, con sfumature fresche e terrose. A causa della sua predominanza indica, alcune cime possono presentare sfumature viola profonde e seducenti. Quando viene fumato o vaporizzato, il sapore tende a un sapore dolce ma simile al lime.<\/p>\n<p>I livelli di THC generalmente oscillano tra i bassi e i met\u00e0 dei venti e molti recensori sono entusiasti del potenziale di questa variet\u00e0 di alleviare il dolore associato a una variet\u00e0 di condizioni e sintomi, incluso il disagio spinale.<\/p>\n<p>Inoltre, i fan del Triple G hanno affermato che \u00e8 un eccellente ceppo per calmare i nervi, alleviare lo stress psicologico e consentire alla mente di riposare dall&#8217;assalto dei pensieri che tienici svegli la notte.<\/p>\n<p>Questa variet\u00e0 a predominanza indica pu\u00f2 indurre fame o sedazione, quindi tieni a portata di mano degli snack sani e un posto comodo dove rilassarti o dormire nelle vicinanze.<\/p>\n<p>Acquista Blue Dream Sativa AA con spedizione gratuita in qualsiasi localit\u00e0 in CEurope. BudStars \u00e8 il negozio di marijuana online numero 1 al mondo. Ricevi sconti sostanziali sul tuo acquisto iniziale.<\/p>\n<p>La variet\u00e0 Blue Dream Sativa pu\u00f2 essere acquistata online.<\/p>\n<p>Puoi acquistare marijuana online con o senza una tessera per marijuana medica. Marijuana per corrispondenza.<\/p>\n","protected":false},"excerpt":{"rendered":"<p>Acquista in vendita il ceppo Triple G \u00e8 un ibrido e un incrocio tra due ceppi leggendari nella comunit\u00e0 della cannabis: Gorilla Glue e Gelato.<\/p>\n<table>\n<caption>Dati di laboratorio sui cannabinoidi<\/caption>\n<thead>\n<tr>\n<th>Cannabinoide<\/th>\n<th>Quantit\u00e0<\/th>\n<\/tr>\n<\/thead>\n<tbody>\n<tr>\n<td>THC:<\/td>\n<td>21,69%<\/td>\n<\/tr>\n<tr>\n<td>\u03949-THC:<\/td>\n<td>1,04%<\/td>\n<\/tr>\n<tr>\n<td>THC-A:<\/td>\n<td>23,54% <\/td>\n<\/tr>\n<\/tbody>\n<\/table>\n<p>&nbsp;<\/p>\n<table>\n<caption>Dati di laboratorio sui terpeni<\/caption>\n<thead>\n<tr>\n<th>Terpeni<\/th>\n<th>Importo<\/th>\n<\/tr>\n<\/thead>\n<tbody>\n<tr>\n<td>Limonene:<\/td>\n<td>0,68%<\/td>\n<\/tr>\n<tr>\n<td>Beta cariofillene:<\/td>\n<td>0,27%<\/td>\n<\/tr>\n<tr>\n<td>Beta mircene:<\/td>\n<td>0,22%<\/td>\n<\/tr>\n<\/tbody>\n<\/table>\n","protected":false},"featured_media":4922,"comment_status":"open","ping_status":"closed","template":"","meta":[],"product_brand":[],"product_cat":[778],"product_tag":[788,791,794,787,789,792,793,790],"class_list":{"0":"post-4908","1":"product","2":"type-product","3":"status-publish","4":"has-post-thumbnail","6":"product_cat-erba-in-vendita","7":"product_tag-ceppo-di-mirtillo","8":"product_tag-triple-g-ceppo-tutte-le-gemme","9":"product_tag-ceppo-tripla-g-vicino-a-me","10":"product_tag-ggg-strain","11":"product_tag-la-patron-ceppo-foglia","12":"product_tag-tempo-di-fioritura-del-ceppo-triplo-g","13":"product_tag-tripla-g-ceppo-foglia","14":"product_tag-triple-g-grow-diary","16":"first","17":"instock","18":"shipping-taxable","19":"purchasable","20":"product-type-variable","21":"has-default-attributes"},"yoast_head":"<!-- This site is optimized with the Yoast SEO plugin v27.3 - https:\/\/yoast.com\/product\/yoast-seo-wordpress\/ -->\n<title>Acquista il ceppo Triple G - I migliori farmaci globali migliori<\/title>\n<meta name=\"description\" content=\"La variet\u00e0 Buy Triple G in vendita \u00e8 un ibrido e un incrocio tra due potenti ceppi che sono diventati nomi familiari nella comunit\u00e0 della cannabis: Gorilla Glue e Gelato.\" \/>\n<meta name=\"robots\" content=\"index, follow, max-snippet:-1, max-image-preview:large, max-video-preview:-1\" \/>\n<link rel=\"canonical\" href=\"https:\/\/medicinasinc.com\/it\/product\/acquista-ceppo-tripla-g\/\" \/>\n<meta property=\"og:locale\" content=\"it_IT\" \/>\n<meta property=\"og:type\" content=\"article\" \/>\n<meta property=\"og:title\" content=\"Acquista il ceppo Triple G - I migliori farmaci globali migliori\" \/>\n<meta property=\"og:description\" content=\"La variet\u00e0 Buy Triple G in vendita \u00e8 un ibrido e un incrocio tra due potenti ceppi che sono diventati nomi familiari nella comunit\u00e0 della cannabis: Gorilla Glue e Gelato.\" \/>\n<meta property=\"og:url\" content=\"https:\/\/medicinasinc.com\/it\/product\/acquista-ceppo-tripla-g\/\" \/>\n<meta property=\"og:site_name\" content=\"Medicinas Inc\" \/>\n<meta property=\"article:modified_time\" content=\"2022-03-17T00:35:13+00:00\" \/>\n<meta property=\"og:image\" content=\"https:\/\/medicinasinc.com\/it\/wp-content\/uploads\/sites\/4\/2022\/02\/Buy-Triple-G-Strain-1.jpg\" \/>\n\t<meta property=\"og:image:width\" content=\"800\" \/>\n\t<meta property=\"og:image:height\" content=\"800\" \/>\n\t<meta property=\"og:image:type\" content=\"image\/jpeg\" \/>\n<meta name=\"twitter:card\" content=\"summary_large_image\" \/>\n<meta name=\"twitter:label1\" content=\"Tempo di lettura stimato\" \/>\n\t<meta name=\"twitter:data1\" content=\"1 minuto\" \/>\n<script type=\"application\/ld+json\" class=\"yoast-schema-graph\">{\"@context\":\"https:\\\/\\\/schema.org\",\"@graph\":[{\"@type\":\"WebPage\",\"@id\":\"https:\\\/\\\/medicinasinc.com\\\/it\\\/product\\\/acquista-ceppo-tripla-g\\\/\",\"url\":\"https:\\\/\\\/medicinasinc.com\\\/it\\\/product\\\/acquista-ceppo-tripla-g\\\/\",\"name\":\"Acquista il ceppo Triple G - I migliori farmaci globali migliori\",\"isPartOf\":{\"@id\":\"https:\\\/\\\/medicinasinc.com\\\/it\\\/#website\"},\"primaryImageOfPage\":{\"@id\":\"https:\\\/\\\/medicinasinc.com\\\/it\\\/product\\\/acquista-ceppo-tripla-g\\\/#primaryimage\"},\"image\":{\"@id\":\"https:\\\/\\\/medicinasinc.com\\\/it\\\/product\\\/acquista-ceppo-tripla-g\\\/#primaryimage\"},\"thumbnailUrl\":\"https:\\\/\\\/medicinasinc.com\\\/it\\\/wp-content\\\/uploads\\\/sites\\\/4\\\/2022\\\/02\\\/Buy-Triple-G-Strain-1.jpg\",\"datePublished\":\"2022-02-20T17:37:57+00:00\",\"dateModified\":\"2022-03-17T00:35:13+00:00\",\"description\":\"La variet\u00e0 Buy Triple G in vendita \u00e8 un ibrido e un incrocio tra due potenti ceppi che sono diventati nomi familiari nella comunit\u00e0 della cannabis: Gorilla Glue e Gelato.\",\"breadcrumb\":{\"@id\":\"https:\\\/\\\/medicinasinc.com\\\/it\\\/product\\\/acquista-ceppo-tripla-g\\\/#breadcrumb\"},\"inLanguage\":\"it-IT\",\"potentialAction\":[{\"@type\":\"ReadAction\",\"target\":[\"https:\\\/\\\/medicinasinc.com\\\/it\\\/product\\\/acquista-ceppo-tripla-g\\\/\"]}]},{\"@type\":\"ImageObject\",\"inLanguage\":\"it-IT\",\"@id\":\"https:\\\/\\\/medicinasinc.com\\\/it\\\/product\\\/acquista-ceppo-tripla-g\\\/#primaryimage\",\"url\":\"https:\\\/\\\/medicinasinc.com\\\/it\\\/wp-content\\\/uploads\\\/sites\\\/4\\\/2022\\\/02\\\/Buy-Triple-G-Strain-1.jpg\",\"contentUrl\":\"https:\\\/\\\/medicinasinc.com\\\/it\\\/wp-content\\\/uploads\\\/sites\\\/4\\\/2022\\\/02\\\/Buy-Triple-G-Strain-1.jpg\",\"width\":800,\"height\":800},{\"@type\":\"BreadcrumbList\",\"@id\":\"https:\\\/\\\/medicinasinc.com\\\/it\\\/product\\\/acquista-ceppo-tripla-g\\\/#breadcrumb\",\"itemListElement\":[{\"@type\":\"ListItem\",\"position\":1,\"name\":\"Negozio\",\"item\":\"https:\\\/\\\/medicinasinc.com\\\/it\\\/negozio\\\/\"},{\"@type\":\"ListItem\",\"position\":2,\"name\":\"Acquista il ceppo Triple G\"}]},{\"@type\":\"WebSite\",\"@id\":\"https:\\\/\\\/medicinasinc.com\\\/it\\\/#website\",\"url\":\"https:\\\/\\\/medicinasinc.com\\\/it\\\/\",\"name\":\"Medicinas Inc\",\"description\":\"Health Medical Clinic\",\"potentialAction\":[{\"@type\":\"SearchAction\",\"target\":{\"@type\":\"EntryPoint\",\"urlTemplate\":\"https:\\\/\\\/medicinasinc.com\\\/it\\\/?s={search_term_string}\"},\"query-input\":{\"@type\":\"PropertyValueSpecification\",\"valueRequired\":true,\"valueName\":\"search_term_string\"}}],\"inLanguage\":\"it-IT\"}]}<\/script>\n<!-- \/ Yoast SEO plugin. -->","yoast_head_json":{"title":"Acquista il ceppo Triple G - I migliori farmaci globali migliori","description":"La variet\u00e0 Buy Triple G in vendita \u00e8 un ibrido e un incrocio tra due potenti ceppi che sono diventati nomi familiari nella comunit\u00e0 della cannabis: Gorilla Glue e Gelato.","robots":{"index":"index","follow":"follow","max-snippet":"max-snippet:-1","max-image-preview":"max-image-preview:large","max-video-preview":"max-video-preview:-1"},"canonical":"https:\/\/medicinasinc.com\/it\/product\/acquista-ceppo-tripla-g\/","og_locale":"it_IT","og_type":"article","og_title":"Acquista il ceppo Triple G - I migliori farmaci globali migliori","og_description":"La variet\u00e0 Buy Triple G in vendita \u00e8 un ibrido e un incrocio tra due potenti ceppi che sono diventati nomi familiari nella comunit\u00e0 della cannabis: Gorilla Glue e Gelato.","og_url":"https:\/\/medicinasinc.com\/it\/product\/acquista-ceppo-tripla-g\/","og_site_name":"Medicinas Inc","article_modified_time":"2022-03-17T00:35:13+00:00","og_image":[{"width":800,"height":800,"url":"https:\/\/medicinasinc.com\/it\/wp-content\/uploads\/sites\/4\/2022\/02\/Buy-Triple-G-Strain-1.jpg","type":"image\/jpeg"}],"twitter_card":"summary_large_image","twitter_misc":{"Tempo di lettura stimato":"1 minuto"},"schema":{"@context":"https:\/\/schema.org","@graph":[{"@type":"WebPage","@id":"https:\/\/medicinasinc.com\/it\/product\/acquista-ceppo-tripla-g\/","url":"https:\/\/medicinasinc.com\/it\/product\/acquista-ceppo-tripla-g\/","name":"Acquista il ceppo Triple G - I migliori farmaci globali migliori","isPartOf":{"@id":"https:\/\/medicinasinc.com\/it\/#website"},"primaryImageOfPage":{"@id":"https:\/\/medicinasinc.com\/it\/product\/acquista-ceppo-tripla-g\/#primaryimage"},"image":{"@id":"https:\/\/medicinasinc.com\/it\/product\/acquista-ceppo-tripla-g\/#primaryimage"},"thumbnailUrl":"https:\/\/medicinasinc.com\/it\/wp-content\/uploads\/sites\/4\/2022\/02\/Buy-Triple-G-Strain-1.jpg","datePublished":"2022-02-20T17:37:57+00:00","dateModified":"2022-03-17T00:35:13+00:00","description":"La variet\u00e0 Buy Triple G in vendita \u00e8 un ibrido e un incrocio tra due potenti ceppi che sono diventati nomi familiari nella comunit\u00e0 della cannabis: Gorilla Glue e Gelato.","breadcrumb":{"@id":"https:\/\/medicinasinc.com\/it\/product\/acquista-ceppo-tripla-g\/#breadcrumb"},"inLanguage":"it-IT","potentialAction":[{"@type":"ReadAction","target":["https:\/\/medicinasinc.com\/it\/product\/acquista-ceppo-tripla-g\/"]}]},{"@type":"ImageObject","inLanguage":"it-IT","@id":"https:\/\/medicinasinc.com\/it\/product\/acquista-ceppo-tripla-g\/#primaryimage","url":"https:\/\/medicinasinc.com\/it\/wp-content\/uploads\/sites\/4\/2022\/02\/Buy-Triple-G-Strain-1.jpg","contentUrl":"https:\/\/medicinasinc.com\/it\/wp-content\/uploads\/sites\/4\/2022\/02\/Buy-Triple-G-Strain-1.jpg","width":800,"height":800},{"@type":"BreadcrumbList","@id":"https:\/\/medicinasinc.com\/it\/product\/acquista-ceppo-tripla-g\/#breadcrumb","itemListElement":[{"@type":"ListItem","position":1,"name":"Negozio","item":"https:\/\/medicinasinc.com\/it\/negozio\/"},{"@type":"ListItem","position":2,"name":"Acquista il ceppo Triple G"}]},{"@type":"WebSite","@id":"https:\/\/medicinasinc.com\/it\/#website","url":"https:\/\/medicinasinc.com\/it\/","name":"Medicinas Inc","description":"Health Medical Clinic","potentialAction":[{"@type":"SearchAction","target":{"@type":"EntryPoint","urlTemplate":"https:\/\/medicinasinc.com\/it\/?s={search_term_string}"},"query-input":{"@type":"PropertyValueSpecification","valueRequired":true,"valueName":"search_term_string"}}],"inLanguage":"it-IT"}]}},"_links":{"self":[{"href":"https:\/\/medicinasinc.com\/it\/wp-json\/wp\/v2\/product\/4908","targetHints":{"allow":["GET"]}}],"collection":[{"href":"https:\/\/medicinasinc.com\/it\/wp-json\/wp\/v2\/product"}],"about":[{"href":"https:\/\/medicinasinc.com\/it\/wp-json\/wp\/v2\/types\/product"}],"replies":[{"embeddable":true,"href":"https:\/\/medicinasinc.com\/it\/wp-json\/wp\/v2\/comments?post=4908"}],"wp:featuredmedia":[{"embeddable":true,"href":"https:\/\/medicinasinc.com\/it\/wp-json\/wp\/v2\/media\/4922"}],"wp:attachment":[{"href":"https:\/\/medicinasinc.com\/it\/wp-json\/wp\/v2\/media?parent=4908"}],"wp:term":[{"taxonomy":"product_brand","embeddable":true,"href":"https:\/\/medicinasinc.com\/it\/wp-json\/wp\/v2\/product_brand?post=4908"},{"taxonomy":"product_cat","embeddable":true,"href":"https:\/\/medicinasinc.com\/it\/wp-json\/wp\/v2\/product_cat?post=4908"},{"taxonomy":"product_tag","embeddable":true,"href":"https:\/\/medicinasinc.com\/it\/wp-json\/wp\/v2\/product_tag?post=4908"}],"curies":[{"name":"wp","href":"https:\/\/api.w.org\/{rel}","templated":true}]}}