{"id":4896,"date":"2022-02-20T17:28:28","date_gmt":"2022-02-20T17:28:28","guid":{"rendered":"https:\/\/medicinasinc.com\/it\/?post_type=product&#038;p=4896"},"modified":"2022-03-17T00:35:22","modified_gmt":"2022-03-17T00:35:22","slug":"compra-apollo-11-marijuana","status":"publish","type":"product","link":"https:\/\/medicinasinc.com\/it\/product\/compra-apollo-11-marijuana\/","title":{"rendered":"Compra Apollo 11 Marijuana"},"content":{"rendered":"<div class=\"woocommerce-tabs wc-tabs-wrapper\">\n<div id=\"tab-description\" class=\"woocommerce-Tabs-panel woocommerce-Tabs-panel--description panel entry-content wc-tab\" role=\"tabpanel\" aria-labelledby=\"tab-title-description\">\n<p>ACQUISTA MARIJUANA APOLLO 11 VASO<\/p>\n<p>Apollo 11 \u00e8 una variet\u00e0 di Cannabis ibrida molto potente con forti effetti cerebrali che possono farti sentire come se se sta per atterrare sulla luna. Il ceppo di marijuana Apollo 11 ha un effetto calmante e un forte senso di rilassamento fisico. Le cime sono allungate, verde chiaro ed estremamente resinose.<\/p>\n<p>COME USARE MARIJUANA APOLLO 11 VASO?<\/p>\n<p>Apollo 11 \u00e8 adatto per fumare in una canna, bong, pipa o ciotola. <\/p>\n<p>I cannabinoidi vengono assorbiti nel flusso sanguigno mentre il fumo entra nei polmoni. Questo piacere pomeridiano \u00e8 energizzante e creativo e pu\u00f2 aiutarti a disinnescare le chiacchiere mentali e concentrarti su ci\u00f2 che \u00e8 direttamente di fronte a te.<\/p>\n<p>QUALI SONO GLI EFFETTI COLLATERALI DEL VASO DI MARIJUANA APOLLO 11?<\/p>\n<p>Dopo aver fumato Apollo 11, potresti incontrare le seguenti difficolt\u00e0:<br \/> \u2022 Vertigini \u2022 Perdita di coscienza \u2022 Secchezza delle fauci \u2022 Secchezza degli occhi \u2022 Perdita di appetito<\/p>\n<p>QUALI SONO LE INTERAZIONI DEL VASO DI MARIJUANA APOLLO 11?<\/p>\n<p>Interazioni tra malattie:<br \/> \u2022 Problemi cardiovascolari<br \/> \u2022 Difficolt\u00e0 sessuali<\/p>\n<p>Le interazioni cibo\/farmaci includono: \u2022 Alcol \u2022 Steroidi<\/p>\n<p>COSA \u00c8 IL POSTO MIGLIORE PER ACQUISTARE VASO DI MARIJUANA APOLLO 11?<\/p>\n<p>Il fornitore di cannabis OTC \u00e8 la migliore farmacia online che vende solo prodotti genuini e di alta qualit\u00e0. Puoi acquistare la Cannabis Apollo 11 online. Acquista la variet\u00e0 Apollo 11 ai migliori prezzi disponibili qui.<\/p>\n<\/p><\/div><\/div>\n","protected":false},"excerpt":{"rendered":"<div class=\"woocommerce-product-details__short-description\">\n<p>Acquista la variet\u00e0 di marijuana Apollo 11. Questo fiore psicoattivo \u00e8 ricco di THC e ti far\u00e0 venire voglia di amare.<\/p>\n<p>Acquista 1\/2 oncia di variet\u00e0 di marijuana Apollo 11. Apollo 11 \u00e8 una variet\u00e0 a predominanza sativa che presenta lunghe cime verde brillante ricoperte da lunghi peli chiari. Le cime sono estremamente resinose, risultando in una sensazione appiccicosa nella mano. Cannabis in vendita, dove ottenere marijuana dalla missione Apollo 11.<\/p>\n<\/p><\/div>\n","protected":false},"featured_media":4911,"comment_status":"open","ping_status":"closed","template":"","meta":[],"product_brand":[],"product_cat":[778],"product_tag":[],"class_list":{"0":"post-4896","1":"product","2":"type-product","3":"status-publish","4":"has-post-thumbnail","6":"product_cat-erba-in-vendita","8":"first","9":"instock","10":"shipping-taxable","11":"purchasable","12":"product-type-variable","13":"has-default-attributes"},"yoast_head":"<!-- This site is optimized with the Yoast SEO plugin v27.3 - https:\/\/yoast.com\/product\/yoast-seo-wordpress\/ -->\n<title>Acquista Apollo 11 Marijuana - I migliori farmaci globali<\/title>\n<meta name=\"description\" content=\"Compro Ceppo Marijuana Apollo 11 in vendita. Ad alto contenuto di THC, questo fiore psicoattivo ti lascer\u00e0 in vena di amore\" \/>\n<meta name=\"robots\" content=\"index, follow, max-snippet:-1, max-image-preview:large, max-video-preview:-1\" \/>\n<link rel=\"canonical\" href=\"https:\/\/medicinasinc.com\/it\/product\/compra-apollo-11-marijuana\/\" \/>\n<meta property=\"og:locale\" content=\"it_IT\" \/>\n<meta property=\"og:type\" content=\"article\" \/>\n<meta property=\"og:title\" content=\"Acquista Apollo 11 Marijuana - I migliori farmaci globali\" \/>\n<meta property=\"og:description\" content=\"Compro Ceppo Marijuana Apollo 11 in vendita. Ad alto contenuto di THC, questo fiore psicoattivo ti lascer\u00e0 in vena di amore\" \/>\n<meta property=\"og:url\" content=\"https:\/\/medicinasinc.com\/it\/product\/compra-apollo-11-marijuana\/\" \/>\n<meta property=\"og:site_name\" content=\"Medicinas Inc\" \/>\n<meta property=\"article:modified_time\" content=\"2022-03-17T00:35:22+00:00\" \/>\n<meta property=\"og:image\" content=\"https:\/\/medicinasinc.com\/it\/wp-content\/uploads\/sites\/4\/2022\/02\/Buy-Apollo-11-Marijuana-1.jpg\" \/>\n\t<meta property=\"og:image:width\" content=\"243\" \/>\n\t<meta property=\"og:image:height\" content=\"207\" \/>\n\t<meta property=\"og:image:type\" content=\"image\/jpeg\" \/>\n<meta name=\"twitter:card\" content=\"summary_large_image\" \/>\n<meta name=\"twitter:label1\" content=\"Tempo di lettura stimato\" \/>\n\t<meta name=\"twitter:data1\" content=\"1 minuto\" \/>\n<script type=\"application\/ld+json\" class=\"yoast-schema-graph\">{\"@context\":\"https:\\\/\\\/schema.org\",\"@graph\":[{\"@type\":\"WebPage\",\"@id\":\"https:\\\/\\\/medicinasinc.com\\\/it\\\/product\\\/compra-apollo-11-marijuana\\\/\",\"url\":\"https:\\\/\\\/medicinasinc.com\\\/it\\\/product\\\/compra-apollo-11-marijuana\\\/\",\"name\":\"Acquista Apollo 11 Marijuana - I migliori farmaci globali\",\"isPartOf\":{\"@id\":\"https:\\\/\\\/medicinasinc.com\\\/it\\\/#website\"},\"primaryImageOfPage\":{\"@id\":\"https:\\\/\\\/medicinasinc.com\\\/it\\\/product\\\/compra-apollo-11-marijuana\\\/#primaryimage\"},\"image\":{\"@id\":\"https:\\\/\\\/medicinasinc.com\\\/it\\\/product\\\/compra-apollo-11-marijuana\\\/#primaryimage\"},\"thumbnailUrl\":\"https:\\\/\\\/medicinasinc.com\\\/it\\\/wp-content\\\/uploads\\\/sites\\\/4\\\/2022\\\/02\\\/Buy-Apollo-11-Marijuana-1.jpg\",\"datePublished\":\"2022-02-20T17:28:28+00:00\",\"dateModified\":\"2022-03-17T00:35:22+00:00\",\"description\":\"Compro Ceppo Marijuana Apollo 11 in vendita. Ad alto contenuto di THC, questo fiore psicoattivo ti lascer\u00e0 in vena di amore\",\"breadcrumb\":{\"@id\":\"https:\\\/\\\/medicinasinc.com\\\/it\\\/product\\\/compra-apollo-11-marijuana\\\/#breadcrumb\"},\"inLanguage\":\"it-IT\",\"potentialAction\":[{\"@type\":\"ReadAction\",\"target\":[\"https:\\\/\\\/medicinasinc.com\\\/it\\\/product\\\/compra-apollo-11-marijuana\\\/\"]}]},{\"@type\":\"ImageObject\",\"inLanguage\":\"it-IT\",\"@id\":\"https:\\\/\\\/medicinasinc.com\\\/it\\\/product\\\/compra-apollo-11-marijuana\\\/#primaryimage\",\"url\":\"https:\\\/\\\/medicinasinc.com\\\/it\\\/wp-content\\\/uploads\\\/sites\\\/4\\\/2022\\\/02\\\/Buy-Apollo-11-Marijuana-1.jpg\",\"contentUrl\":\"https:\\\/\\\/medicinasinc.com\\\/it\\\/wp-content\\\/uploads\\\/sites\\\/4\\\/2022\\\/02\\\/Buy-Apollo-11-Marijuana-1.jpg\",\"width\":243,\"height\":207},{\"@type\":\"BreadcrumbList\",\"@id\":\"https:\\\/\\\/medicinasinc.com\\\/it\\\/product\\\/compra-apollo-11-marijuana\\\/#breadcrumb\",\"itemListElement\":[{\"@type\":\"ListItem\",\"position\":1,\"name\":\"Negozio\",\"item\":\"https:\\\/\\\/medicinasinc.com\\\/it\\\/negozio\\\/\"},{\"@type\":\"ListItem\",\"position\":2,\"name\":\"Compra Apollo 11 Marijuana\"}]},{\"@type\":\"WebSite\",\"@id\":\"https:\\\/\\\/medicinasinc.com\\\/it\\\/#website\",\"url\":\"https:\\\/\\\/medicinasinc.com\\\/it\\\/\",\"name\":\"Medicinas Inc\",\"description\":\"Health Medical Clinic\",\"potentialAction\":[{\"@type\":\"SearchAction\",\"target\":{\"@type\":\"EntryPoint\",\"urlTemplate\":\"https:\\\/\\\/medicinasinc.com\\\/it\\\/?s={search_term_string}\"},\"query-input\":{\"@type\":\"PropertyValueSpecification\",\"valueRequired\":true,\"valueName\":\"search_term_string\"}}],\"inLanguage\":\"it-IT\"}]}<\/script>\n<!-- \/ Yoast SEO plugin. -->","yoast_head_json":{"title":"Acquista Apollo 11 Marijuana - I migliori farmaci globali","description":"Compro Ceppo Marijuana Apollo 11 in vendita. Ad alto contenuto di THC, questo fiore psicoattivo ti lascer\u00e0 in vena di amore","robots":{"index":"index","follow":"follow","max-snippet":"max-snippet:-1","max-image-preview":"max-image-preview:large","max-video-preview":"max-video-preview:-1"},"canonical":"https:\/\/medicinasinc.com\/it\/product\/compra-apollo-11-marijuana\/","og_locale":"it_IT","og_type":"article","og_title":"Acquista Apollo 11 Marijuana - I migliori farmaci globali","og_description":"Compro Ceppo Marijuana Apollo 11 in vendita. Ad alto contenuto di THC, questo fiore psicoattivo ti lascer\u00e0 in vena di amore","og_url":"https:\/\/medicinasinc.com\/it\/product\/compra-apollo-11-marijuana\/","og_site_name":"Medicinas Inc","article_modified_time":"2022-03-17T00:35:22+00:00","og_image":[{"width":243,"height":207,"url":"https:\/\/medicinasinc.com\/it\/wp-content\/uploads\/sites\/4\/2022\/02\/Buy-Apollo-11-Marijuana-1.jpg","type":"image\/jpeg"}],"twitter_card":"summary_large_image","twitter_misc":{"Tempo di lettura stimato":"1 minuto"},"schema":{"@context":"https:\/\/schema.org","@graph":[{"@type":"WebPage","@id":"https:\/\/medicinasinc.com\/it\/product\/compra-apollo-11-marijuana\/","url":"https:\/\/medicinasinc.com\/it\/product\/compra-apollo-11-marijuana\/","name":"Acquista Apollo 11 Marijuana - I migliori farmaci globali","isPartOf":{"@id":"https:\/\/medicinasinc.com\/it\/#website"},"primaryImageOfPage":{"@id":"https:\/\/medicinasinc.com\/it\/product\/compra-apollo-11-marijuana\/#primaryimage"},"image":{"@id":"https:\/\/medicinasinc.com\/it\/product\/compra-apollo-11-marijuana\/#primaryimage"},"thumbnailUrl":"https:\/\/medicinasinc.com\/it\/wp-content\/uploads\/sites\/4\/2022\/02\/Buy-Apollo-11-Marijuana-1.jpg","datePublished":"2022-02-20T17:28:28+00:00","dateModified":"2022-03-17T00:35:22+00:00","description":"Compro Ceppo Marijuana Apollo 11 in vendita. Ad alto contenuto di THC, questo fiore psicoattivo ti lascer\u00e0 in vena di amore","breadcrumb":{"@id":"https:\/\/medicinasinc.com\/it\/product\/compra-apollo-11-marijuana\/#breadcrumb"},"inLanguage":"it-IT","potentialAction":[{"@type":"ReadAction","target":["https:\/\/medicinasinc.com\/it\/product\/compra-apollo-11-marijuana\/"]}]},{"@type":"ImageObject","inLanguage":"it-IT","@id":"https:\/\/medicinasinc.com\/it\/product\/compra-apollo-11-marijuana\/#primaryimage","url":"https:\/\/medicinasinc.com\/it\/wp-content\/uploads\/sites\/4\/2022\/02\/Buy-Apollo-11-Marijuana-1.jpg","contentUrl":"https:\/\/medicinasinc.com\/it\/wp-content\/uploads\/sites\/4\/2022\/02\/Buy-Apollo-11-Marijuana-1.jpg","width":243,"height":207},{"@type":"BreadcrumbList","@id":"https:\/\/medicinasinc.com\/it\/product\/compra-apollo-11-marijuana\/#breadcrumb","itemListElement":[{"@type":"ListItem","position":1,"name":"Negozio","item":"https:\/\/medicinasinc.com\/it\/negozio\/"},{"@type":"ListItem","position":2,"name":"Compra Apollo 11 Marijuana"}]},{"@type":"WebSite","@id":"https:\/\/medicinasinc.com\/it\/#website","url":"https:\/\/medicinasinc.com\/it\/","name":"Medicinas Inc","description":"Health Medical Clinic","potentialAction":[{"@type":"SearchAction","target":{"@type":"EntryPoint","urlTemplate":"https:\/\/medicinasinc.com\/it\/?s={search_term_string}"},"query-input":{"@type":"PropertyValueSpecification","valueRequired":true,"valueName":"search_term_string"}}],"inLanguage":"it-IT"}]}},"_links":{"self":[{"href":"https:\/\/medicinasinc.com\/it\/wp-json\/wp\/v2\/product\/4896","targetHints":{"allow":["GET"]}}],"collection":[{"href":"https:\/\/medicinasinc.com\/it\/wp-json\/wp\/v2\/product"}],"about":[{"href":"https:\/\/medicinasinc.com\/it\/wp-json\/wp\/v2\/types\/product"}],"replies":[{"embeddable":true,"href":"https:\/\/medicinasinc.com\/it\/wp-json\/wp\/v2\/comments?post=4896"}],"wp:featuredmedia":[{"embeddable":true,"href":"https:\/\/medicinasinc.com\/it\/wp-json\/wp\/v2\/media\/4911"}],"wp:attachment":[{"href":"https:\/\/medicinasinc.com\/it\/wp-json\/wp\/v2\/media?parent=4896"}],"wp:term":[{"taxonomy":"product_brand","embeddable":true,"href":"https:\/\/medicinasinc.com\/it\/wp-json\/wp\/v2\/product_brand?post=4896"},{"taxonomy":"product_cat","embeddable":true,"href":"https:\/\/medicinasinc.com\/it\/wp-json\/wp\/v2\/product_cat?post=4896"},{"taxonomy":"product_tag","embeddable":true,"href":"https:\/\/medicinasinc.com\/it\/wp-json\/wp\/v2\/product_tag?post=4896"}],"curies":[{"name":"wp","href":"https:\/\/api.w.org\/{rel}","templated":true}]}}