{"id":4884,"date":"2022-02-20T17:19:27","date_gmt":"2022-02-20T17:19:27","guid":{"rendered":"https:\/\/medicinasinc.com\/it\/?post_type=product&#038;p=4884"},"modified":"2022-03-17T00:37:58","modified_gmt":"2022-03-17T00:37:58","slug":"compra-vedova-bianca-frantuma","status":"publish","type":"product","link":"https:\/\/medicinasinc.com\/it\/product\/compra-vedova-bianca-frantuma\/","title":{"rendered":"Compra White Widow Shatter"},"content":{"rendered":"<p>ACQUISTA ONLINE DAL MIGLIOR NEGOZIO ONLINE WHITE WIDOW SHATTER<\/p>\n<p>Se stai cercando di acquistare White Widow Shatter online, contatta MJ Online Bud Store. Offriamo i migliori prezzi su White Widow Shatter. Essendo il miglior negozio nel mercato online di Stati Uniti d&#8217;America, Regno Unito, Canada, Germania e Australia, non trascuriamo alcun aspetto della soddisfazione dei requisiti specificati dai clienti quando ordinano White Widow Shatter online.<\/p>\n<p>Perch\u00e9 le persone dovrebbero utilizzare la White Widow Shatter?<\/p>\n<p>La White Widow Shatter \u00e8 una variet\u00e0 ibrida leggendaria adorata in tutto il mondo. Questa variet\u00e0 \u00e8 prodotta esclusivamente incrociando una Sativa Landrace brasiliana con un&#8217;Indica dell&#8217;India meridionale. Il suo colore \u00e8 ambrato scuro. Questo concentrato ha una consistenza estremamente croccante, che lo rende molto facile da usare. Quando viene fumata, questa variet\u00e0 offre un&#8217;esperienza tradizionale con la cannabis. Contiene tra il 75% e l&#8217;80% di THC. Inoltre, \u00e8 noto per essere un eccellente dab mattutino o diurno. Il sapore di questa variet\u00e0 \u00e8 tipicamente terroso, legnoso e floreale.<\/p>\n<p>\u00c8 una variet\u00e0 ben nota per i suoi effetti euforici e cerebrali.<br \/> Fornisce una scarica cerebrale istantanea ed euforica.<br \/> Induce una forte euforia, che si traduce in una maggiore creativit\u00e0.<br \/> Allevia il dolore e promuove la massima tranquillit\u00e0.<br \/> \u00c8 una variet\u00e0 ideale per dolore da lieve a moderato, stress, depressione e affaticamento.<br \/> Promuove attivit\u00e0 come lavoro moderato o attivit\u00e0 fisica, interazione sociale, ricreazione e attivit\u00e0 creative.<br \/> Qual \u00e8 il miglior negozio online per acquistare White Widow Shatter?<\/p>\n<p>White Widow Shatter pu\u00f2 essere acquistato da White Widow Shatter nientemeno che MJ Online Bud Store. Riceverai il tuo ordine online per White Widow Shatter entro un breve periodo di tempo. Ordina oggi White Widow Shatter online e connettiti con i migliori venditori e fornitori nel nostro dispensario online.<\/p>\n","protected":false},"excerpt":{"rendered":"<p>Se desideri acquistare White Widow Shatter in vendita online, contatta il negozio online bestglobalmeds. Abbiamo White Widow Shatter in vendita ai migliori prezzi.<\/p>\n<p>&nbsp;<\/p>\n<ul>\n<li>Spedizione in tutto il mondo<\/li>\n<li><strong>Grado: AAAAA<\/strong> <\/li>\n<li><strong>Contattaci<\/strong>\u00a0per ordini pi\u00f9 grandi<\/li>\n<\/ul>\n","protected":false},"featured_media":4899,"comment_status":"open","ping_status":"closed","template":"","meta":[],"product_brand":[],"product_cat":[777],"product_tag":[],"class_list":{"0":"post-4884","1":"product","2":"type-product","3":"status-publish","4":"has-post-thumbnail","6":"product_cat-comprare-frantumare","8":"first","9":"instock","10":"shipping-taxable","11":"purchasable","12":"product-type-variable","13":"has-default-attributes"},"yoast_head":"<!-- This site is optimized with the Yoast SEO plugin v27.3 - https:\/\/yoast.com\/product\/yoast-seo-wordpress\/ -->\n<title>Acquista White Widow Shatter - I migliori farmaci globali migliori<\/title>\n<meta name=\"description\" content=\"Se desideri acquistare White Widow Shatter in vendita online, contatta il negozio online bestglobalmeds. Abbiamo White Widow Shatter in vendita ai migliori prezzi.\" \/>\n<meta name=\"robots\" content=\"index, follow, max-snippet:-1, max-image-preview:large, max-video-preview:-1\" \/>\n<link rel=\"canonical\" href=\"https:\/\/medicinasinc.com\/it\/product\/compra-vedova-bianca-frantuma\/\" \/>\n<meta property=\"og:locale\" content=\"it_IT\" \/>\n<meta property=\"og:type\" content=\"article\" \/>\n<meta property=\"og:title\" content=\"Acquista White Widow Shatter - I migliori farmaci globali migliori\" \/>\n<meta property=\"og:description\" content=\"Se desideri acquistare White Widow Shatter in vendita online, contatta il negozio online bestglobalmeds. Abbiamo White Widow Shatter in vendita ai migliori prezzi.\" \/>\n<meta property=\"og:url\" content=\"https:\/\/medicinasinc.com\/it\/product\/compra-vedova-bianca-frantuma\/\" \/>\n<meta property=\"og:site_name\" content=\"Medicinas Inc\" \/>\n<meta property=\"article:modified_time\" content=\"2022-03-17T00:37:58+00:00\" \/>\n<meta property=\"og:image\" content=\"https:\/\/medicinasinc.com\/it\/wp-content\/uploads\/sites\/4\/2022\/02\/Buy-White-Widow-Shatter.jpg\" \/>\n\t<meta property=\"og:image:width\" content=\"600\" \/>\n\t<meta property=\"og:image:height\" content=\"600\" \/>\n\t<meta property=\"og:image:type\" content=\"image\/jpeg\" \/>\n<meta name=\"twitter:card\" content=\"summary_large_image\" \/>\n<script type=\"application\/ld+json\" class=\"yoast-schema-graph\">{\"@context\":\"https:\\\/\\\/schema.org\",\"@graph\":[{\"@type\":\"WebPage\",\"@id\":\"https:\\\/\\\/medicinasinc.com\\\/it\\\/product\\\/compra-vedova-bianca-frantuma\\\/\",\"url\":\"https:\\\/\\\/medicinasinc.com\\\/it\\\/product\\\/compra-vedova-bianca-frantuma\\\/\",\"name\":\"Acquista White Widow Shatter - I migliori farmaci globali migliori\",\"isPartOf\":{\"@id\":\"https:\\\/\\\/medicinasinc.com\\\/it\\\/#website\"},\"primaryImageOfPage\":{\"@id\":\"https:\\\/\\\/medicinasinc.com\\\/it\\\/product\\\/compra-vedova-bianca-frantuma\\\/#primaryimage\"},\"image\":{\"@id\":\"https:\\\/\\\/medicinasinc.com\\\/it\\\/product\\\/compra-vedova-bianca-frantuma\\\/#primaryimage\"},\"thumbnailUrl\":\"https:\\\/\\\/medicinasinc.com\\\/it\\\/wp-content\\\/uploads\\\/sites\\\/4\\\/2022\\\/02\\\/Buy-White-Widow-Shatter.jpg\",\"datePublished\":\"2022-02-20T17:19:27+00:00\",\"dateModified\":\"2022-03-17T00:37:58+00:00\",\"description\":\"Se desideri acquistare White Widow Shatter in vendita online, contatta il negozio online bestglobalmeds. Abbiamo White Widow Shatter in vendita ai migliori prezzi.\",\"breadcrumb\":{\"@id\":\"https:\\\/\\\/medicinasinc.com\\\/it\\\/product\\\/compra-vedova-bianca-frantuma\\\/#breadcrumb\"},\"inLanguage\":\"it-IT\",\"potentialAction\":[{\"@type\":\"ReadAction\",\"target\":[\"https:\\\/\\\/medicinasinc.com\\\/it\\\/product\\\/compra-vedova-bianca-frantuma\\\/\"]}]},{\"@type\":\"ImageObject\",\"inLanguage\":\"it-IT\",\"@id\":\"https:\\\/\\\/medicinasinc.com\\\/it\\\/product\\\/compra-vedova-bianca-frantuma\\\/#primaryimage\",\"url\":\"https:\\\/\\\/medicinasinc.com\\\/it\\\/wp-content\\\/uploads\\\/sites\\\/4\\\/2022\\\/02\\\/Buy-White-Widow-Shatter.jpg\",\"contentUrl\":\"https:\\\/\\\/medicinasinc.com\\\/it\\\/wp-content\\\/uploads\\\/sites\\\/4\\\/2022\\\/02\\\/Buy-White-Widow-Shatter.jpg\",\"width\":600,\"height\":600},{\"@type\":\"BreadcrumbList\",\"@id\":\"https:\\\/\\\/medicinasinc.com\\\/it\\\/product\\\/compra-vedova-bianca-frantuma\\\/#breadcrumb\",\"itemListElement\":[{\"@type\":\"ListItem\",\"position\":1,\"name\":\"Negozio\",\"item\":\"https:\\\/\\\/medicinasinc.com\\\/it\\\/negozio\\\/\"},{\"@type\":\"ListItem\",\"position\":2,\"name\":\"Compra White Widow Shatter\"}]},{\"@type\":\"WebSite\",\"@id\":\"https:\\\/\\\/medicinasinc.com\\\/it\\\/#website\",\"url\":\"https:\\\/\\\/medicinasinc.com\\\/it\\\/\",\"name\":\"Medicinas Inc\",\"description\":\"Health Medical Clinic\",\"potentialAction\":[{\"@type\":\"SearchAction\",\"target\":{\"@type\":\"EntryPoint\",\"urlTemplate\":\"https:\\\/\\\/medicinasinc.com\\\/it\\\/?s={search_term_string}\"},\"query-input\":{\"@type\":\"PropertyValueSpecification\",\"valueRequired\":true,\"valueName\":\"search_term_string\"}}],\"inLanguage\":\"it-IT\"}]}<\/script>\n<!-- \/ Yoast SEO plugin. -->","yoast_head_json":{"title":"Acquista White Widow Shatter - I migliori farmaci globali migliori","description":"Se desideri acquistare White Widow Shatter in vendita online, contatta il negozio online bestglobalmeds. Abbiamo White Widow Shatter in vendita ai migliori prezzi.","robots":{"index":"index","follow":"follow","max-snippet":"max-snippet:-1","max-image-preview":"max-image-preview:large","max-video-preview":"max-video-preview:-1"},"canonical":"https:\/\/medicinasinc.com\/it\/product\/compra-vedova-bianca-frantuma\/","og_locale":"it_IT","og_type":"article","og_title":"Acquista White Widow Shatter - I migliori farmaci globali migliori","og_description":"Se desideri acquistare White Widow Shatter in vendita online, contatta il negozio online bestglobalmeds. Abbiamo White Widow Shatter in vendita ai migliori prezzi.","og_url":"https:\/\/medicinasinc.com\/it\/product\/compra-vedova-bianca-frantuma\/","og_site_name":"Medicinas Inc","article_modified_time":"2022-03-17T00:37:58+00:00","og_image":[{"width":600,"height":600,"url":"https:\/\/medicinasinc.com\/it\/wp-content\/uploads\/sites\/4\/2022\/02\/Buy-White-Widow-Shatter.jpg","type":"image\/jpeg"}],"twitter_card":"summary_large_image","schema":{"@context":"https:\/\/schema.org","@graph":[{"@type":"WebPage","@id":"https:\/\/medicinasinc.com\/it\/product\/compra-vedova-bianca-frantuma\/","url":"https:\/\/medicinasinc.com\/it\/product\/compra-vedova-bianca-frantuma\/","name":"Acquista White Widow Shatter - I migliori farmaci globali migliori","isPartOf":{"@id":"https:\/\/medicinasinc.com\/it\/#website"},"primaryImageOfPage":{"@id":"https:\/\/medicinasinc.com\/it\/product\/compra-vedova-bianca-frantuma\/#primaryimage"},"image":{"@id":"https:\/\/medicinasinc.com\/it\/product\/compra-vedova-bianca-frantuma\/#primaryimage"},"thumbnailUrl":"https:\/\/medicinasinc.com\/it\/wp-content\/uploads\/sites\/4\/2022\/02\/Buy-White-Widow-Shatter.jpg","datePublished":"2022-02-20T17:19:27+00:00","dateModified":"2022-03-17T00:37:58+00:00","description":"Se desideri acquistare White Widow Shatter in vendita online, contatta il negozio online bestglobalmeds. Abbiamo White Widow Shatter in vendita ai migliori prezzi.","breadcrumb":{"@id":"https:\/\/medicinasinc.com\/it\/product\/compra-vedova-bianca-frantuma\/#breadcrumb"},"inLanguage":"it-IT","potentialAction":[{"@type":"ReadAction","target":["https:\/\/medicinasinc.com\/it\/product\/compra-vedova-bianca-frantuma\/"]}]},{"@type":"ImageObject","inLanguage":"it-IT","@id":"https:\/\/medicinasinc.com\/it\/product\/compra-vedova-bianca-frantuma\/#primaryimage","url":"https:\/\/medicinasinc.com\/it\/wp-content\/uploads\/sites\/4\/2022\/02\/Buy-White-Widow-Shatter.jpg","contentUrl":"https:\/\/medicinasinc.com\/it\/wp-content\/uploads\/sites\/4\/2022\/02\/Buy-White-Widow-Shatter.jpg","width":600,"height":600},{"@type":"BreadcrumbList","@id":"https:\/\/medicinasinc.com\/it\/product\/compra-vedova-bianca-frantuma\/#breadcrumb","itemListElement":[{"@type":"ListItem","position":1,"name":"Negozio","item":"https:\/\/medicinasinc.com\/it\/negozio\/"},{"@type":"ListItem","position":2,"name":"Compra White Widow Shatter"}]},{"@type":"WebSite","@id":"https:\/\/medicinasinc.com\/it\/#website","url":"https:\/\/medicinasinc.com\/it\/","name":"Medicinas Inc","description":"Health Medical Clinic","potentialAction":[{"@type":"SearchAction","target":{"@type":"EntryPoint","urlTemplate":"https:\/\/medicinasinc.com\/it\/?s={search_term_string}"},"query-input":{"@type":"PropertyValueSpecification","valueRequired":true,"valueName":"search_term_string"}}],"inLanguage":"it-IT"}]}},"_links":{"self":[{"href":"https:\/\/medicinasinc.com\/it\/wp-json\/wp\/v2\/product\/4884","targetHints":{"allow":["GET"]}}],"collection":[{"href":"https:\/\/medicinasinc.com\/it\/wp-json\/wp\/v2\/product"}],"about":[{"href":"https:\/\/medicinasinc.com\/it\/wp-json\/wp\/v2\/types\/product"}],"replies":[{"embeddable":true,"href":"https:\/\/medicinasinc.com\/it\/wp-json\/wp\/v2\/comments?post=4884"}],"wp:featuredmedia":[{"embeddable":true,"href":"https:\/\/medicinasinc.com\/it\/wp-json\/wp\/v2\/media\/4899"}],"wp:attachment":[{"href":"https:\/\/medicinasinc.com\/it\/wp-json\/wp\/v2\/media?parent=4884"}],"wp:term":[{"taxonomy":"product_brand","embeddable":true,"href":"https:\/\/medicinasinc.com\/it\/wp-json\/wp\/v2\/product_brand?post=4884"},{"taxonomy":"product_cat","embeddable":true,"href":"https:\/\/medicinasinc.com\/it\/wp-json\/wp\/v2\/product_cat?post=4884"},{"taxonomy":"product_tag","embeddable":true,"href":"https:\/\/medicinasinc.com\/it\/wp-json\/wp\/v2\/product_tag?post=4884"}],"curies":[{"name":"wp","href":"https:\/\/api.w.org\/{rel}","templated":true}]}}