{"id":4883,"date":"2022-02-20T17:18:33","date_gmt":"2022-02-20T17:18:33","guid":{"rendered":"https:\/\/medicinasinc.com\/it\/?post_type=product&#038;p=4883"},"modified":"2022-03-17T00:38:07","modified_gmt":"2022-03-17T00:38:07","slug":"comprare-tramonto-sherbert-frantumare","status":"publish","type":"product","link":"https:\/\/medicinasinc.com\/it\/product\/comprare-tramonto-sherbert-frantumare\/","title":{"rendered":"Compra Sunset Sherbert Shatter"},"content":{"rendered":"<p>Acquista Sunset Sherbert Shatter \u2013 Ibrido a predominanza Indica Premium \u2013 85% Indica \/ 15% Sativa<\/p>\n<p>Sunset Sherbert, in alternativa indicato come Sherbet, \u00e8 l&#8217;erede al trono di Girl Scout Cookie. La Sunset Sherbert ha ereditato le caratteristiche genetiche del suo genitore Girl Scout Cookies, che includeva OG Kush, Durban Poison e Cherry Pie nel suo lignaggio genetico. Queste genetiche sono state poi incrociate con Pink Panties, un genitore indica. Sunset Sherbert combina una forte vibrazione per tutto il corpo con una corroborante esplosione di energia creativa. Dopo aver fumato, i consumatori sentiranno un&#8217;immediata ondata di energia, principalmente nella mente, che li far\u00e0 sentire socievoli ed euforici in pochi minuti. Quando gli effetti iniziano ad avere effetto, una delicata sensazione di calore si diffonder\u00e0 in tutto il corpo, avvolgendo l&#8217;utente in completo relax e beata felicit\u00e0. Sunset Sherbert \u00e8 stato usato per trattare la depressione, lo stress, l&#8217;ansia e il dolore da lieve a moderato a causa dei suoi potenti effetti.<\/p>\n<p>&nbsp;<\/p>\n<p>Tieni presente che, a causa di circostanze impreviste, tali come il caldo estivo, l&#8217;umidit\u00e0 e persino il tempo, c&#8217;\u00e8 sempre la possibilit\u00e0 che lo shatter che hai ordinato si trasformi in cera o budder prima che ti raggiunga.<\/p>\n<p>Purtroppo, la conversione dello shatter in wax budder non \u00e8 rara quando esposto riscaldare, ma questo non diminuisce in alcun modo la sicurezza o la potenza del tuo shatter. In tal caso, infatti, i terpeni e gli aromatici saranno potenziati, aumentando cos\u00ec il sapore.<\/p>\n<p>Non offriamo rimborsi o scambi se il tuo shatter si trasforma in budder o wax.<\/p>\n<div class=\"product-next-previous\">\n<div class=\"product-prev\"><\/div><\/div>\n","protected":false},"excerpt":{"rendered":"<p>Acquista Shatter &#8211; Sunset Sherbert \u00e8 disponibile per l&#8217;acquisto online in Europa e nel Regno Unito presso i migliori farmaci globali. In Europa puoi trovare Shatter &#8211; Prodotti a base di cannabis Sunset Sherbert.<\/p>\n<p>&nbsp;<\/p>\n<ul>\n<li>Spedizione in tutto il mondo<\/li>\n<li><strong>Grado: AAAAA<\/strong><\/li>\n<li> <strong>Contattaci<\/strong>\u00a0per ordini pi\u00f9 grandi<\/li>\n<\/ul>\n","protected":false},"featured_media":4897,"comment_status":"open","ping_status":"closed","template":"","meta":[],"product_brand":[],"product_cat":[777],"product_tag":[],"class_list":{"0":"post-4883","1":"product","2":"type-product","3":"status-publish","4":"has-post-thumbnail","6":"product_cat-comprare-frantumare","8":"first","9":"instock","10":"shipping-taxable","11":"purchasable","12":"product-type-variable","13":"has-default-attributes"},"yoast_head":"<!-- This site is optimized with the Yoast SEO plugin v27.3 - https:\/\/yoast.com\/product\/yoast-seo-wordpress\/ -->\n<title>Acquista Sunset Sherbert Shatter - I migliori farmaci globali migliori<\/title>\n<meta name=\"description\" content=\"Acquista Shatter - Sunset Sherbert in vendita online Europa, Regno Unito presso The global medicinas. Trova i prodotti a base di cannabis Shatter - Sunset Sherbert della pi\u00f9 alta qualit\u00e0 in Europa.\" \/>\n<meta name=\"robots\" content=\"index, follow, max-snippet:-1, max-image-preview:large, max-video-preview:-1\" \/>\n<link rel=\"canonical\" href=\"https:\/\/medicinasinc.com\/it\/product\/comprare-tramonto-sherbert-frantumare\/\" \/>\n<meta property=\"og:locale\" content=\"it_IT\" \/>\n<meta property=\"og:type\" content=\"article\" \/>\n<meta property=\"og:title\" content=\"Acquista Sunset Sherbert Shatter - I migliori farmaci globali migliori\" \/>\n<meta property=\"og:description\" content=\"Acquista Shatter - Sunset Sherbert in vendita online Europa, Regno Unito presso The global medicinas. Trova i prodotti a base di cannabis Shatter - Sunset Sherbert della pi\u00f9 alta qualit\u00e0 in Europa.\" \/>\n<meta property=\"og:url\" content=\"https:\/\/medicinasinc.com\/it\/product\/comprare-tramonto-sherbert-frantumare\/\" \/>\n<meta property=\"og:site_name\" content=\"Medicinas Inc\" \/>\n<meta property=\"article:modified_time\" content=\"2022-03-17T00:38:07+00:00\" \/>\n<meta property=\"og:image\" content=\"https:\/\/medicinasinc.com\/it\/wp-content\/uploads\/sites\/4\/2022\/02\/Buy-Sunset-Sherbert-Shatter.jpg\" \/>\n\t<meta property=\"og:image:width\" content=\"600\" \/>\n\t<meta property=\"og:image:height\" content=\"600\" \/>\n\t<meta property=\"og:image:type\" content=\"image\/jpeg\" \/>\n<meta name=\"twitter:card\" content=\"summary_large_image\" \/>\n<meta name=\"twitter:label1\" content=\"Tempo di lettura stimato\" \/>\n\t<meta name=\"twitter:data1\" content=\"2 minuti\" \/>\n<script type=\"application\/ld+json\" class=\"yoast-schema-graph\">{\"@context\":\"https:\\\/\\\/schema.org\",\"@graph\":[{\"@type\":\"WebPage\",\"@id\":\"https:\\\/\\\/medicinasinc.com\\\/it\\\/product\\\/comprare-tramonto-sherbert-frantumare\\\/\",\"url\":\"https:\\\/\\\/medicinasinc.com\\\/it\\\/product\\\/comprare-tramonto-sherbert-frantumare\\\/\",\"name\":\"Acquista Sunset Sherbert Shatter - I migliori farmaci globali migliori\",\"isPartOf\":{\"@id\":\"https:\\\/\\\/medicinasinc.com\\\/it\\\/#website\"},\"primaryImageOfPage\":{\"@id\":\"https:\\\/\\\/medicinasinc.com\\\/it\\\/product\\\/comprare-tramonto-sherbert-frantumare\\\/#primaryimage\"},\"image\":{\"@id\":\"https:\\\/\\\/medicinasinc.com\\\/it\\\/product\\\/comprare-tramonto-sherbert-frantumare\\\/#primaryimage\"},\"thumbnailUrl\":\"https:\\\/\\\/medicinasinc.com\\\/it\\\/wp-content\\\/uploads\\\/sites\\\/4\\\/2022\\\/02\\\/Buy-Sunset-Sherbert-Shatter.jpg\",\"datePublished\":\"2022-02-20T17:18:33+00:00\",\"dateModified\":\"2022-03-17T00:38:07+00:00\",\"description\":\"Acquista Shatter - Sunset Sherbert in vendita online Europa, Regno Unito presso The global medicinas. Trova i prodotti a base di cannabis Shatter - Sunset Sherbert della pi\u00f9 alta qualit\u00e0 in Europa.\",\"breadcrumb\":{\"@id\":\"https:\\\/\\\/medicinasinc.com\\\/it\\\/product\\\/comprare-tramonto-sherbert-frantumare\\\/#breadcrumb\"},\"inLanguage\":\"it-IT\",\"potentialAction\":[{\"@type\":\"ReadAction\",\"target\":[\"https:\\\/\\\/medicinasinc.com\\\/it\\\/product\\\/comprare-tramonto-sherbert-frantumare\\\/\"]}]},{\"@type\":\"ImageObject\",\"inLanguage\":\"it-IT\",\"@id\":\"https:\\\/\\\/medicinasinc.com\\\/it\\\/product\\\/comprare-tramonto-sherbert-frantumare\\\/#primaryimage\",\"url\":\"https:\\\/\\\/medicinasinc.com\\\/it\\\/wp-content\\\/uploads\\\/sites\\\/4\\\/2022\\\/02\\\/Buy-Sunset-Sherbert-Shatter.jpg\",\"contentUrl\":\"https:\\\/\\\/medicinasinc.com\\\/it\\\/wp-content\\\/uploads\\\/sites\\\/4\\\/2022\\\/02\\\/Buy-Sunset-Sherbert-Shatter.jpg\",\"width\":600,\"height\":600},{\"@type\":\"BreadcrumbList\",\"@id\":\"https:\\\/\\\/medicinasinc.com\\\/it\\\/product\\\/comprare-tramonto-sherbert-frantumare\\\/#breadcrumb\",\"itemListElement\":[{\"@type\":\"ListItem\",\"position\":1,\"name\":\"Negozio\",\"item\":\"https:\\\/\\\/medicinasinc.com\\\/it\\\/negozio\\\/\"},{\"@type\":\"ListItem\",\"position\":2,\"name\":\"Compra Sunset Sherbert Shatter\"}]},{\"@type\":\"WebSite\",\"@id\":\"https:\\\/\\\/medicinasinc.com\\\/it\\\/#website\",\"url\":\"https:\\\/\\\/medicinasinc.com\\\/it\\\/\",\"name\":\"Medicinas Inc\",\"description\":\"Health Medical Clinic\",\"potentialAction\":[{\"@type\":\"SearchAction\",\"target\":{\"@type\":\"EntryPoint\",\"urlTemplate\":\"https:\\\/\\\/medicinasinc.com\\\/it\\\/?s={search_term_string}\"},\"query-input\":{\"@type\":\"PropertyValueSpecification\",\"valueRequired\":true,\"valueName\":\"search_term_string\"}}],\"inLanguage\":\"it-IT\"}]}<\/script>\n<!-- \/ Yoast SEO plugin. -->","yoast_head_json":{"title":"Acquista Sunset Sherbert Shatter - I migliori farmaci globali migliori","description":"Acquista Shatter - Sunset Sherbert in vendita online Europa, Regno Unito presso The global medicinas. Trova i prodotti a base di cannabis Shatter - Sunset Sherbert della pi\u00f9 alta qualit\u00e0 in Europa.","robots":{"index":"index","follow":"follow","max-snippet":"max-snippet:-1","max-image-preview":"max-image-preview:large","max-video-preview":"max-video-preview:-1"},"canonical":"https:\/\/medicinasinc.com\/it\/product\/comprare-tramonto-sherbert-frantumare\/","og_locale":"it_IT","og_type":"article","og_title":"Acquista Sunset Sherbert Shatter - I migliori farmaci globali migliori","og_description":"Acquista Shatter - Sunset Sherbert in vendita online Europa, Regno Unito presso The global medicinas. Trova i prodotti a base di cannabis Shatter - Sunset Sherbert della pi\u00f9 alta qualit\u00e0 in Europa.","og_url":"https:\/\/medicinasinc.com\/it\/product\/comprare-tramonto-sherbert-frantumare\/","og_site_name":"Medicinas Inc","article_modified_time":"2022-03-17T00:38:07+00:00","og_image":[{"width":600,"height":600,"url":"https:\/\/medicinasinc.com\/it\/wp-content\/uploads\/sites\/4\/2022\/02\/Buy-Sunset-Sherbert-Shatter.jpg","type":"image\/jpeg"}],"twitter_card":"summary_large_image","twitter_misc":{"Tempo di lettura stimato":"2 minuti"},"schema":{"@context":"https:\/\/schema.org","@graph":[{"@type":"WebPage","@id":"https:\/\/medicinasinc.com\/it\/product\/comprare-tramonto-sherbert-frantumare\/","url":"https:\/\/medicinasinc.com\/it\/product\/comprare-tramonto-sherbert-frantumare\/","name":"Acquista Sunset Sherbert Shatter - I migliori farmaci globali migliori","isPartOf":{"@id":"https:\/\/medicinasinc.com\/it\/#website"},"primaryImageOfPage":{"@id":"https:\/\/medicinasinc.com\/it\/product\/comprare-tramonto-sherbert-frantumare\/#primaryimage"},"image":{"@id":"https:\/\/medicinasinc.com\/it\/product\/comprare-tramonto-sherbert-frantumare\/#primaryimage"},"thumbnailUrl":"https:\/\/medicinasinc.com\/it\/wp-content\/uploads\/sites\/4\/2022\/02\/Buy-Sunset-Sherbert-Shatter.jpg","datePublished":"2022-02-20T17:18:33+00:00","dateModified":"2022-03-17T00:38:07+00:00","description":"Acquista Shatter - Sunset Sherbert in vendita online Europa, Regno Unito presso The global medicinas. Trova i prodotti a base di cannabis Shatter - Sunset Sherbert della pi\u00f9 alta qualit\u00e0 in Europa.","breadcrumb":{"@id":"https:\/\/medicinasinc.com\/it\/product\/comprare-tramonto-sherbert-frantumare\/#breadcrumb"},"inLanguage":"it-IT","potentialAction":[{"@type":"ReadAction","target":["https:\/\/medicinasinc.com\/it\/product\/comprare-tramonto-sherbert-frantumare\/"]}]},{"@type":"ImageObject","inLanguage":"it-IT","@id":"https:\/\/medicinasinc.com\/it\/product\/comprare-tramonto-sherbert-frantumare\/#primaryimage","url":"https:\/\/medicinasinc.com\/it\/wp-content\/uploads\/sites\/4\/2022\/02\/Buy-Sunset-Sherbert-Shatter.jpg","contentUrl":"https:\/\/medicinasinc.com\/it\/wp-content\/uploads\/sites\/4\/2022\/02\/Buy-Sunset-Sherbert-Shatter.jpg","width":600,"height":600},{"@type":"BreadcrumbList","@id":"https:\/\/medicinasinc.com\/it\/product\/comprare-tramonto-sherbert-frantumare\/#breadcrumb","itemListElement":[{"@type":"ListItem","position":1,"name":"Negozio","item":"https:\/\/medicinasinc.com\/it\/negozio\/"},{"@type":"ListItem","position":2,"name":"Compra Sunset Sherbert Shatter"}]},{"@type":"WebSite","@id":"https:\/\/medicinasinc.com\/it\/#website","url":"https:\/\/medicinasinc.com\/it\/","name":"Medicinas Inc","description":"Health Medical Clinic","potentialAction":[{"@type":"SearchAction","target":{"@type":"EntryPoint","urlTemplate":"https:\/\/medicinasinc.com\/it\/?s={search_term_string}"},"query-input":{"@type":"PropertyValueSpecification","valueRequired":true,"valueName":"search_term_string"}}],"inLanguage":"it-IT"}]}},"_links":{"self":[{"href":"https:\/\/medicinasinc.com\/it\/wp-json\/wp\/v2\/product\/4883","targetHints":{"allow":["GET"]}}],"collection":[{"href":"https:\/\/medicinasinc.com\/it\/wp-json\/wp\/v2\/product"}],"about":[{"href":"https:\/\/medicinasinc.com\/it\/wp-json\/wp\/v2\/types\/product"}],"replies":[{"embeddable":true,"href":"https:\/\/medicinasinc.com\/it\/wp-json\/wp\/v2\/comments?post=4883"}],"wp:featuredmedia":[{"embeddable":true,"href":"https:\/\/medicinasinc.com\/it\/wp-json\/wp\/v2\/media\/4897"}],"wp:attachment":[{"href":"https:\/\/medicinasinc.com\/it\/wp-json\/wp\/v2\/media?parent=4883"}],"wp:term":[{"taxonomy":"product_brand","embeddable":true,"href":"https:\/\/medicinasinc.com\/it\/wp-json\/wp\/v2\/product_brand?post=4883"},{"taxonomy":"product_cat","embeddable":true,"href":"https:\/\/medicinasinc.com\/it\/wp-json\/wp\/v2\/product_cat?post=4883"},{"taxonomy":"product_tag","embeddable":true,"href":"https:\/\/medicinasinc.com\/it\/wp-json\/wp\/v2\/product_tag?post=4883"}],"curies":[{"name":"wp","href":"https:\/\/api.w.org\/{rel}","templated":true}]}}