{"id":4859,"date":"2022-02-20T17:00:55","date_gmt":"2022-02-20T17:00:55","guid":{"rendered":"https:\/\/medicinasinc.com\/it\/?post_type=product&#038;p=4859"},"modified":"2022-03-17T00:38:43","modified_gmt":"2022-03-17T00:38:43","slug":"buy-qualita-al-lad-blotters","status":"publish","type":"product","link":"https:\/\/medicinasinc.com\/it\/product\/buy-qualita-al-lad-blotters\/","title":{"rendered":"Acquista assorbenti AL-LAD di qualit\u00e0"},"content":{"rendered":"<p>Acquista i blotter AL-LAD economici online. 150mcg di assorbenti AL-LAD.<\/p>\n<p>Che cos&#8217;\u00e8 esattamente AL-LAD?<\/p>\n<p>6-allil-6-nor-<\/p>\n<p>AL-LAD, pi\u00f9 comunemente indicato come LSD, \u00e8 una droga psichedelica con propriet\u00e0 simili all&#8217;LSD (dietilamide dell&#8217;acido lisergico). \u00c8 stato sintetizzato per la prima volta nel 1976 e da allora \u00e8 diventato un farmaco popolare nel mercato delle &#8220;sostanze chimiche per la ricerca&#8221; e delle &#8220;nuove sostanze psicoattive&#8221;. AL-LAD produce un &#8220;viaggio&#8221; psicoattivo molto simile a quello dell&#8217;LSD.<\/p>\n<p>AL-LAD \u00e8 stato usato per la prima volta a scopo ricreativo in Irlanda e nel Regno Unito. \u00c8 stato descritto nel libro di Alexander Shulgin del 1997 TIHKAL (Tryptamines I Have Known And Loved). Di conseguenza, la popolarit\u00e0 del farmaco si \u00e8 diffusa a livello globale. Ora, persone in tutto il mondo, compresi gli Stati Uniti, stanno sperimentando la droga.<\/p>\n<p>Lo status legale di AL-LAD \u00e8 alquanto ambiguo. Non \u00e8 classificata come sostanza controllata ai sensi della legge federale negli Stati Uniti. Tuttavia, \u00e8 un analogo dell&#8217;LSD, il che significa che le vendite o il possesso con l&#8217;intento di distribuire possono risultare perseguibili ai sensi del Federal Analogue Act.<\/p>\n<p>I viaggi AL-LAD assomigliano ai viaggi con LSD nella maggior parte dei modi. Il farmaco viene assunto per via orale, spesso tramite carta assorbente. Di conseguenza, gli effetti iniziano a manifestarsi da venti minuti a un&#8217;ora dopo il consumo. Gli utenti incontreranno quanto segue:<\/p>\n<p>Stimolazione o aumento di energia<br \/> Euforia<br \/> Formicolio o intorpidimento alle estremit\u00e0<br \/> Sensibilizzazione<br \/> Disorientamento visivo<br \/> Allucinazioni<\/p>\n<p>Tra i possibili effetti avversi dell&#8217;uso di AL-LAD ci sono i seguenti:<br \/> Difficolt\u00e0 di concentrazione o di pensiero<br \/> Aumento della frequenza cardiaca<br \/> Sbalzi di temperatura nel corpo<br \/> Nausea<br \/> Deliri<br \/> Circoli di pensiero negativo<br \/> Costrizione dei vasi sanguigni (irrigidimento dei vasi sanguigni)<br \/> Convulsioni<\/p>\n<p>L&#8217;LSD \u00e8 una delle sostanze psichedeliche pi\u00f9 ampiamente studiate. Nonostante l&#8217;etichetta &#8220;farmaco di ricerca&#8221;, sono state condotte pochissime ricerche scientifiche su AL-LAD. Ci\u00f2 significa che l&#8217;elenco delle conseguenze immediate potrebbe non essere esaustivo. Inoltre, c&#8217;\u00e8 poca o nessuna ricerca sugli effetti a lungo termine del farmaco.<\/p>\n<p>L&#8217;abuso prolungato di allucinogeni pu\u00f2 avere una serie di conseguenze negative. HPPD \u00e8 una condizione in cui una persona sperimenta flashback spontanei di distorsioni o allucinazioni visive. Questo disturbo cronico \u00e8 stato osservato in individui che hanno utilizzato una variet\u00e0 di sostanze allucinogene, inclusi LSD, funghi e DMT.<\/p>\n","protected":false},"excerpt":{"rendered":"<p>Acquista assorbenti AL-LAD a buon mercato in vendita nel Regno Unito, in Europa online. 6-allil-6-nor-LSD \u00e8 una lisergamide psichedelica nota anche come AL LAD (dietilamide dell&#8217;acido lisergico). 150mcg di assorbenti AL-LAD.<\/p>\n<p>L&#8217;ordine minimo \u00e8 di 15 assorbenti.<\/p>\n","protected":false},"featured_media":4874,"comment_status":"open","ping_status":"closed","template":"","meta":[],"product_brand":[],"product_cat":[703],"product_tag":[],"class_list":{"0":"post-4859","1":"product","2":"type-product","3":"status-publish","4":"has-post-thumbnail","6":"product_cat-compra-droghe-psichedeliche","8":"first","9":"instock","10":"shipping-taxable","11":"purchasable","12":"product-type-variable","13":"has-default-attributes"},"yoast_head":"<!-- This site is optimized with the Yoast SEO plugin v27.3 - https:\/\/yoast.com\/product\/yoast-seo-wordpress\/ -->\n<title>Acquista assorbenti AL-LAD di qualit\u00e0 - I migliori farmaci globali<\/title>\n<meta name=\"description\" content=\"Acquista assorbenti AL-LAD economici per la vendita nel Regno Unito, in Europa online. 6-allil-6-nor-LSD \u00e8 una lisergamide psichedelica nota anche come AL LAD (dietilamide dell&#039;acido lisergico). Assorbenti AL-LAD da 150 mcg.\" \/>\n<meta name=\"robots\" content=\"index, follow, max-snippet:-1, max-image-preview:large, max-video-preview:-1\" \/>\n<link rel=\"canonical\" href=\"https:\/\/medicinasinc.com\/it\/product\/buy-qualita-al-lad-blotters\/\" \/>\n<meta property=\"og:locale\" content=\"it_IT\" \/>\n<meta property=\"og:type\" content=\"article\" \/>\n<meta property=\"og:title\" content=\"Acquista assorbenti AL-LAD di qualit\u00e0 - I migliori farmaci globali\" \/>\n<meta property=\"og:description\" content=\"Acquista assorbenti AL-LAD economici per la vendita nel Regno Unito, in Europa online. 6-allil-6-nor-LSD \u00e8 una lisergamide psichedelica nota anche come AL LAD (dietilamide dell&#039;acido lisergico). Assorbenti AL-LAD da 150 mcg.\" \/>\n<meta property=\"og:url\" content=\"https:\/\/medicinasinc.com\/it\/product\/buy-qualita-al-lad-blotters\/\" \/>\n<meta property=\"og:site_name\" content=\"Medicinas Inc\" \/>\n<meta property=\"article:modified_time\" content=\"2022-03-17T00:38:43+00:00\" \/>\n<meta property=\"og:image\" content=\"https:\/\/medicinasinc.com\/it\/wp-content\/uploads\/sites\/4\/2022\/02\/Buy-Quality-AL-LAD-blotters.jpg\" \/>\n\t<meta property=\"og:image:width\" content=\"225\" \/>\n\t<meta property=\"og:image:height\" content=\"225\" \/>\n\t<meta property=\"og:image:type\" content=\"image\/jpeg\" \/>\n<meta name=\"twitter:card\" content=\"summary_large_image\" \/>\n<meta name=\"twitter:label1\" content=\"Tempo di lettura stimato\" \/>\n\t<meta name=\"twitter:data1\" content=\"2 minuti\" \/>\n<script type=\"application\/ld+json\" class=\"yoast-schema-graph\">{\"@context\":\"https:\\\/\\\/schema.org\",\"@graph\":[{\"@type\":\"WebPage\",\"@id\":\"https:\\\/\\\/medicinasinc.com\\\/it\\\/product\\\/buy-qualita-al-lad-blotters\\\/\",\"url\":\"https:\\\/\\\/medicinasinc.com\\\/it\\\/product\\\/buy-qualita-al-lad-blotters\\\/\",\"name\":\"Acquista assorbenti AL-LAD di qualit\u00e0 - I migliori farmaci globali\",\"isPartOf\":{\"@id\":\"https:\\\/\\\/medicinasinc.com\\\/it\\\/#website\"},\"primaryImageOfPage\":{\"@id\":\"https:\\\/\\\/medicinasinc.com\\\/it\\\/product\\\/buy-qualita-al-lad-blotters\\\/#primaryimage\"},\"image\":{\"@id\":\"https:\\\/\\\/medicinasinc.com\\\/it\\\/product\\\/buy-qualita-al-lad-blotters\\\/#primaryimage\"},\"thumbnailUrl\":\"https:\\\/\\\/medicinasinc.com\\\/it\\\/wp-content\\\/uploads\\\/sites\\\/4\\\/2022\\\/02\\\/Buy-Quality-AL-LAD-blotters.jpg\",\"datePublished\":\"2022-02-20T17:00:55+00:00\",\"dateModified\":\"2022-03-17T00:38:43+00:00\",\"description\":\"Acquista assorbenti AL-LAD economici per la vendita nel Regno Unito, in Europa online. 6-allil-6-nor-LSD \u00e8 una lisergamide psichedelica nota anche come AL LAD (dietilamide dell'acido lisergico). Assorbenti AL-LAD da 150 mcg.\",\"breadcrumb\":{\"@id\":\"https:\\\/\\\/medicinasinc.com\\\/it\\\/product\\\/buy-qualita-al-lad-blotters\\\/#breadcrumb\"},\"inLanguage\":\"it-IT\",\"potentialAction\":[{\"@type\":\"ReadAction\",\"target\":[\"https:\\\/\\\/medicinasinc.com\\\/it\\\/product\\\/buy-qualita-al-lad-blotters\\\/\"]}]},{\"@type\":\"ImageObject\",\"inLanguage\":\"it-IT\",\"@id\":\"https:\\\/\\\/medicinasinc.com\\\/it\\\/product\\\/buy-qualita-al-lad-blotters\\\/#primaryimage\",\"url\":\"https:\\\/\\\/medicinasinc.com\\\/it\\\/wp-content\\\/uploads\\\/sites\\\/4\\\/2022\\\/02\\\/Buy-Quality-AL-LAD-blotters.jpg\",\"contentUrl\":\"https:\\\/\\\/medicinasinc.com\\\/it\\\/wp-content\\\/uploads\\\/sites\\\/4\\\/2022\\\/02\\\/Buy-Quality-AL-LAD-blotters.jpg\",\"width\":225,\"height\":225},{\"@type\":\"BreadcrumbList\",\"@id\":\"https:\\\/\\\/medicinasinc.com\\\/it\\\/product\\\/buy-qualita-al-lad-blotters\\\/#breadcrumb\",\"itemListElement\":[{\"@type\":\"ListItem\",\"position\":1,\"name\":\"Negozio\",\"item\":\"https:\\\/\\\/medicinasinc.com\\\/it\\\/negozio\\\/\"},{\"@type\":\"ListItem\",\"position\":2,\"name\":\"Acquista assorbenti AL-LAD di qualit\u00e0\"}]},{\"@type\":\"WebSite\",\"@id\":\"https:\\\/\\\/medicinasinc.com\\\/it\\\/#website\",\"url\":\"https:\\\/\\\/medicinasinc.com\\\/it\\\/\",\"name\":\"Medicinas Inc\",\"description\":\"Health Medical Clinic\",\"potentialAction\":[{\"@type\":\"SearchAction\",\"target\":{\"@type\":\"EntryPoint\",\"urlTemplate\":\"https:\\\/\\\/medicinasinc.com\\\/it\\\/?s={search_term_string}\"},\"query-input\":{\"@type\":\"PropertyValueSpecification\",\"valueRequired\":true,\"valueName\":\"search_term_string\"}}],\"inLanguage\":\"it-IT\"}]}<\/script>\n<!-- \/ Yoast SEO plugin. -->","yoast_head_json":{"title":"Acquista assorbenti AL-LAD di qualit\u00e0 - I migliori farmaci globali","description":"Acquista assorbenti AL-LAD economici per la vendita nel Regno Unito, in Europa online. 6-allil-6-nor-LSD \u00e8 una lisergamide psichedelica nota anche come AL LAD (dietilamide dell'acido lisergico). Assorbenti AL-LAD da 150 mcg.","robots":{"index":"index","follow":"follow","max-snippet":"max-snippet:-1","max-image-preview":"max-image-preview:large","max-video-preview":"max-video-preview:-1"},"canonical":"https:\/\/medicinasinc.com\/it\/product\/buy-qualita-al-lad-blotters\/","og_locale":"it_IT","og_type":"article","og_title":"Acquista assorbenti AL-LAD di qualit\u00e0 - I migliori farmaci globali","og_description":"Acquista assorbenti AL-LAD economici per la vendita nel Regno Unito, in Europa online. 6-allil-6-nor-LSD \u00e8 una lisergamide psichedelica nota anche come AL LAD (dietilamide dell'acido lisergico). Assorbenti AL-LAD da 150 mcg.","og_url":"https:\/\/medicinasinc.com\/it\/product\/buy-qualita-al-lad-blotters\/","og_site_name":"Medicinas Inc","article_modified_time":"2022-03-17T00:38:43+00:00","og_image":[{"width":225,"height":225,"url":"https:\/\/medicinasinc.com\/it\/wp-content\/uploads\/sites\/4\/2022\/02\/Buy-Quality-AL-LAD-blotters.jpg","type":"image\/jpeg"}],"twitter_card":"summary_large_image","twitter_misc":{"Tempo di lettura stimato":"2 minuti"},"schema":{"@context":"https:\/\/schema.org","@graph":[{"@type":"WebPage","@id":"https:\/\/medicinasinc.com\/it\/product\/buy-qualita-al-lad-blotters\/","url":"https:\/\/medicinasinc.com\/it\/product\/buy-qualita-al-lad-blotters\/","name":"Acquista assorbenti AL-LAD di qualit\u00e0 - I migliori farmaci globali","isPartOf":{"@id":"https:\/\/medicinasinc.com\/it\/#website"},"primaryImageOfPage":{"@id":"https:\/\/medicinasinc.com\/it\/product\/buy-qualita-al-lad-blotters\/#primaryimage"},"image":{"@id":"https:\/\/medicinasinc.com\/it\/product\/buy-qualita-al-lad-blotters\/#primaryimage"},"thumbnailUrl":"https:\/\/medicinasinc.com\/it\/wp-content\/uploads\/sites\/4\/2022\/02\/Buy-Quality-AL-LAD-blotters.jpg","datePublished":"2022-02-20T17:00:55+00:00","dateModified":"2022-03-17T00:38:43+00:00","description":"Acquista assorbenti AL-LAD economici per la vendita nel Regno Unito, in Europa online. 6-allil-6-nor-LSD \u00e8 una lisergamide psichedelica nota anche come AL LAD (dietilamide dell'acido lisergico). Assorbenti AL-LAD da 150 mcg.","breadcrumb":{"@id":"https:\/\/medicinasinc.com\/it\/product\/buy-qualita-al-lad-blotters\/#breadcrumb"},"inLanguage":"it-IT","potentialAction":[{"@type":"ReadAction","target":["https:\/\/medicinasinc.com\/it\/product\/buy-qualita-al-lad-blotters\/"]}]},{"@type":"ImageObject","inLanguage":"it-IT","@id":"https:\/\/medicinasinc.com\/it\/product\/buy-qualita-al-lad-blotters\/#primaryimage","url":"https:\/\/medicinasinc.com\/it\/wp-content\/uploads\/sites\/4\/2022\/02\/Buy-Quality-AL-LAD-blotters.jpg","contentUrl":"https:\/\/medicinasinc.com\/it\/wp-content\/uploads\/sites\/4\/2022\/02\/Buy-Quality-AL-LAD-blotters.jpg","width":225,"height":225},{"@type":"BreadcrumbList","@id":"https:\/\/medicinasinc.com\/it\/product\/buy-qualita-al-lad-blotters\/#breadcrumb","itemListElement":[{"@type":"ListItem","position":1,"name":"Negozio","item":"https:\/\/medicinasinc.com\/it\/negozio\/"},{"@type":"ListItem","position":2,"name":"Acquista assorbenti AL-LAD di qualit\u00e0"}]},{"@type":"WebSite","@id":"https:\/\/medicinasinc.com\/it\/#website","url":"https:\/\/medicinasinc.com\/it\/","name":"Medicinas Inc","description":"Health Medical Clinic","potentialAction":[{"@type":"SearchAction","target":{"@type":"EntryPoint","urlTemplate":"https:\/\/medicinasinc.com\/it\/?s={search_term_string}"},"query-input":{"@type":"PropertyValueSpecification","valueRequired":true,"valueName":"search_term_string"}}],"inLanguage":"it-IT"}]}},"_links":{"self":[{"href":"https:\/\/medicinasinc.com\/it\/wp-json\/wp\/v2\/product\/4859","targetHints":{"allow":["GET"]}}],"collection":[{"href":"https:\/\/medicinasinc.com\/it\/wp-json\/wp\/v2\/product"}],"about":[{"href":"https:\/\/medicinasinc.com\/it\/wp-json\/wp\/v2\/types\/product"}],"replies":[{"embeddable":true,"href":"https:\/\/medicinasinc.com\/it\/wp-json\/wp\/v2\/comments?post=4859"}],"wp:featuredmedia":[{"embeddable":true,"href":"https:\/\/medicinasinc.com\/it\/wp-json\/wp\/v2\/media\/4874"}],"wp:attachment":[{"href":"https:\/\/medicinasinc.com\/it\/wp-json\/wp\/v2\/media?parent=4859"}],"wp:term":[{"taxonomy":"product_brand","embeddable":true,"href":"https:\/\/medicinasinc.com\/it\/wp-json\/wp\/v2\/product_brand?post=4859"},{"taxonomy":"product_cat","embeddable":true,"href":"https:\/\/medicinasinc.com\/it\/wp-json\/wp\/v2\/product_cat?post=4859"},{"taxonomy":"product_tag","embeddable":true,"href":"https:\/\/medicinasinc.com\/it\/wp-json\/wp\/v2\/product_tag?post=4859"}],"curies":[{"name":"wp","href":"https:\/\/api.w.org\/{rel}","templated":true}]}}