{"id":4854,"date":"2022-02-20T16:56:44","date_gmt":"2022-02-20T16:56:44","guid":{"rendered":"https:\/\/medicinasinc.com\/it\/?post_type=product&#038;p=4854"},"modified":"2022-03-17T00:38:51","modified_gmt":"2022-03-17T00:38:51","slug":"buy-lsd-liquid-200ug-drop","status":"publish","type":"product","link":"https:\/\/medicinasinc.com\/it\/product\/buy-lsd-liquid-200ug-drop\/","title":{"rendered":"Acquista liquido LSD 200ug Drop"},"content":{"rendered":"<p>Acquista LSD liquido 200ug &amp; acquistalo online a un prezzo scontato.<\/p>\n<p>Cos&#8217;\u00e8 l&#8217;LSD liquido?<\/p>\n<p>L&#8217;LSD, o dietilammide dell&#8217;acido lisergico, \u00e8 una sostanza allucinogena derivata da una sostanza chimica presente nel fungo di segale. \u00c8 meglio conosciuto per il suo uso nella controcultura degli anni &#8217;60 e il suo successivo divieto gli \u00e8 valso una reputazione prevalentemente negativa.<\/p>\n<p>Albert Hofmann, uno scienziato svizzero, sintetizz\u00f2 l&#8217;LSD nel 1938 nel suo laboratorio di Zurigo. Nel 1943, quando una piccola quantit\u00e0 venne a contatto con la sua pelle, ne scopr\u00ec inaspettatamente le propriet\u00e0 allucinogene.<\/p>\n<p>Acquista LSD L&#8217;LSD \u00e8 un allucinogeno molto potente con enormi implicazioni terapeutiche, spirituali e culturali.<\/p>\n<p>Acquista LSD liquido 200ug &amp; drop online a prezzo scontato &#8211; Farmacologia<\/p>\n<p>Quando ingerito, l&#8217;LSD agisce come attivatore del recettore 5-HT (serotonina), aumentando anche significativamente i livelli di serotonina nel cervello inibendo i sistemi di regolazione della serotonina. Acquista LSD liquido 200ug &amp; drop online a un prezzo scontato. 200ug LSD liquido prezzo LSD LSD preferisce il sottotipo 2A dei 15 recettori della serotonina presenti nel cervello (5-HT2A). Il recettore 5-HT2A \u00e8 coinvolto nei processi cognitivi della corteccia prefrontale. Questo \u00e8 fondamentale, poich\u00e9 molti dei benefici dell&#8217;LSD derivano dal suo coinvolgimento nella corteccia prefrontale.<\/p>\n<p>Come viene sintetizzato l&#8217;LSD?<\/p>\n<p>La produzione di LSD richiede una forte conoscenza pratica della chimica organica, un laboratorio completamente attrezzato (compresa la capacit\u00e0 di sterilizzare le apparecchiature e l&#8217;accesso a una camera oscura) e diverse sostanze chimiche la cui vendita \u00e8 attualmente vietata o sono soggette a stretto monitoraggio da parte della Drug Enforcement Agency (DEA). A differenza delle sostanze chimiche utilizzate per produrre la metanfetamina, non si trovano negli articoli per la casa di uso comune.<\/p>\n<p>Si ritiene che la corteccia prefrontale sia coinvolta nella complessa pianificazione del comportamento cognitivo, nell&#8217;espressione della personalit\u00e0, nel processo decisionale e nella moderazione del comportamento sociale . Acquista LSD liquido 200ug &amp; drop online a un prezzo scontato. Inoltre, \u00e8 fondamentale per la capacit\u00e0 di un essere umano di elaborare i dati da tutti gli altri sistemi cerebrali e di conseguenza prendere decisioni mirate.<\/p>\n<p>La dietilamide dell&#8217;acido lisergico, pi\u00f9 comunemente indicata come LSD, \u00e8 una sostanza psicoattiva che altera la percezione e provoca allucinazioni.<\/p>\n","protected":false},"excerpt":{"rendered":"<p>LSD Liquid 200ug drop in vendita nel Regno Unito, in Europa al miglior prezzo di mercato. Tutti i nostri prodotti sono realizzati con ingredienti completamente naturali e privi di THC. Effettua ora il tuo ordine online!<\/p>\n<p>Acquista liquido lsd 200ug &amp; drop online a un prezzo scontato. L&#8217;acquisto di LSD \u00e8 un processo semplice; \u00e8 prontamente disponibile online negli Stati Uniti d&#8217;America.<\/p>\n<p>Costo 200ug &#8211; 350<\/p>\n<p>&nbsp;<\/p>\n<p>&nbsp;<\/p>\n","protected":false},"featured_media":4868,"comment_status":"open","ping_status":"closed","template":"","meta":[],"product_brand":[],"product_cat":[703],"product_tag":[],"class_list":{"0":"post-4854","1":"product","2":"type-product","3":"status-publish","4":"has-post-thumbnail","6":"product_cat-compra-droghe-psichedeliche","8":"first","9":"instock","10":"shipping-taxable","11":"purchasable","12":"product-type-simple"},"yoast_head":"<!-- This site is optimized with the Yoast SEO plugin v27.3 - https:\/\/yoast.com\/product\/yoast-seo-wordpress\/ -->\n<title>Acquista LSD liquido 200ug Drop - I migliori farmaci globali<\/title>\n<meta name=\"description\" content=\"Acquista LSD Liquid 200ug drop nel Regno Unito, in Europa in vendita al miglior prezzo di mercato. Tutti i nostri prodotti sono realizzati con ingredienti naturali puri privi di THC. Ordina online ora!\" \/>\n<meta name=\"robots\" content=\"index, follow, max-snippet:-1, max-image-preview:large, max-video-preview:-1\" \/>\n<link rel=\"canonical\" href=\"https:\/\/medicinasinc.com\/it\/product\/buy-lsd-liquid-200ug-drop\/\" \/>\n<meta property=\"og:locale\" content=\"it_IT\" \/>\n<meta property=\"og:type\" content=\"article\" \/>\n<meta property=\"og:title\" content=\"Acquista LSD liquido 200ug Drop - I migliori farmaci globali\" \/>\n<meta property=\"og:description\" content=\"Acquista LSD Liquid 200ug drop nel Regno Unito, in Europa in vendita al miglior prezzo di mercato. Tutti i nostri prodotti sono realizzati con ingredienti naturali puri privi di THC. Ordina online ora!\" \/>\n<meta property=\"og:url\" content=\"https:\/\/medicinasinc.com\/it\/product\/buy-lsd-liquid-200ug-drop\/\" \/>\n<meta property=\"og:site_name\" content=\"Medicinas Inc\" \/>\n<meta property=\"article:modified_time\" content=\"2022-03-17T00:38:51+00:00\" \/>\n<meta property=\"og:image\" content=\"https:\/\/medicinasinc.com\/it\/wp-content\/uploads\/sites\/4\/2022\/02\/Buy-LSD-liquid-200ug-Drop.jpg\" \/>\n\t<meta property=\"og:image:width\" content=\"363\" \/>\n\t<meta property=\"og:image:height\" content=\"445\" \/>\n\t<meta property=\"og:image:type\" content=\"image\/jpeg\" \/>\n<meta name=\"twitter:card\" content=\"summary_large_image\" \/>\n<meta name=\"twitter:label1\" content=\"Tempo di lettura stimato\" \/>\n\t<meta name=\"twitter:data1\" content=\"2 minuti\" \/>\n<script type=\"application\/ld+json\" class=\"yoast-schema-graph\">{\"@context\":\"https:\\\/\\\/schema.org\",\"@graph\":[{\"@type\":\"WebPage\",\"@id\":\"https:\\\/\\\/medicinasinc.com\\\/it\\\/product\\\/buy-lsd-liquid-200ug-drop\\\/\",\"url\":\"https:\\\/\\\/medicinasinc.com\\\/it\\\/product\\\/buy-lsd-liquid-200ug-drop\\\/\",\"name\":\"Acquista LSD liquido 200ug Drop - I migliori farmaci globali\",\"isPartOf\":{\"@id\":\"https:\\\/\\\/medicinasinc.com\\\/it\\\/#website\"},\"primaryImageOfPage\":{\"@id\":\"https:\\\/\\\/medicinasinc.com\\\/it\\\/product\\\/buy-lsd-liquid-200ug-drop\\\/#primaryimage\"},\"image\":{\"@id\":\"https:\\\/\\\/medicinasinc.com\\\/it\\\/product\\\/buy-lsd-liquid-200ug-drop\\\/#primaryimage\"},\"thumbnailUrl\":\"https:\\\/\\\/medicinasinc.com\\\/it\\\/wp-content\\\/uploads\\\/sites\\\/4\\\/2022\\\/02\\\/Buy-LSD-liquid-200ug-Drop.jpg\",\"datePublished\":\"2022-02-20T16:56:44+00:00\",\"dateModified\":\"2022-03-17T00:38:51+00:00\",\"description\":\"Acquista LSD Liquid 200ug drop nel Regno Unito, in Europa in vendita al miglior prezzo di mercato. Tutti i nostri prodotti sono realizzati con ingredienti naturali puri privi di THC. Ordina online ora!\",\"breadcrumb\":{\"@id\":\"https:\\\/\\\/medicinasinc.com\\\/it\\\/product\\\/buy-lsd-liquid-200ug-drop\\\/#breadcrumb\"},\"inLanguage\":\"it-IT\",\"potentialAction\":[{\"@type\":\"ReadAction\",\"target\":[\"https:\\\/\\\/medicinasinc.com\\\/it\\\/product\\\/buy-lsd-liquid-200ug-drop\\\/\"]}]},{\"@type\":\"ImageObject\",\"inLanguage\":\"it-IT\",\"@id\":\"https:\\\/\\\/medicinasinc.com\\\/it\\\/product\\\/buy-lsd-liquid-200ug-drop\\\/#primaryimage\",\"url\":\"https:\\\/\\\/medicinasinc.com\\\/it\\\/wp-content\\\/uploads\\\/sites\\\/4\\\/2022\\\/02\\\/Buy-LSD-liquid-200ug-Drop.jpg\",\"contentUrl\":\"https:\\\/\\\/medicinasinc.com\\\/it\\\/wp-content\\\/uploads\\\/sites\\\/4\\\/2022\\\/02\\\/Buy-LSD-liquid-200ug-Drop.jpg\",\"width\":363,\"height\":445},{\"@type\":\"BreadcrumbList\",\"@id\":\"https:\\\/\\\/medicinasinc.com\\\/it\\\/product\\\/buy-lsd-liquid-200ug-drop\\\/#breadcrumb\",\"itemListElement\":[{\"@type\":\"ListItem\",\"position\":1,\"name\":\"Negozio\",\"item\":\"https:\\\/\\\/medicinasinc.com\\\/it\\\/negozio\\\/\"},{\"@type\":\"ListItem\",\"position\":2,\"name\":\"Acquista liquido LSD 200ug Drop\"}]},{\"@type\":\"WebSite\",\"@id\":\"https:\\\/\\\/medicinasinc.com\\\/it\\\/#website\",\"url\":\"https:\\\/\\\/medicinasinc.com\\\/it\\\/\",\"name\":\"Medicinas Inc\",\"description\":\"Health Medical Clinic\",\"potentialAction\":[{\"@type\":\"SearchAction\",\"target\":{\"@type\":\"EntryPoint\",\"urlTemplate\":\"https:\\\/\\\/medicinasinc.com\\\/it\\\/?s={search_term_string}\"},\"query-input\":{\"@type\":\"PropertyValueSpecification\",\"valueRequired\":true,\"valueName\":\"search_term_string\"}}],\"inLanguage\":\"it-IT\"}]}<\/script>\n<!-- \/ Yoast SEO plugin. -->","yoast_head_json":{"title":"Acquista LSD liquido 200ug Drop - I migliori farmaci globali","description":"Acquista LSD Liquid 200ug drop nel Regno Unito, in Europa in vendita al miglior prezzo di mercato. Tutti i nostri prodotti sono realizzati con ingredienti naturali puri privi di THC. Ordina online ora!","robots":{"index":"index","follow":"follow","max-snippet":"max-snippet:-1","max-image-preview":"max-image-preview:large","max-video-preview":"max-video-preview:-1"},"canonical":"https:\/\/medicinasinc.com\/it\/product\/buy-lsd-liquid-200ug-drop\/","og_locale":"it_IT","og_type":"article","og_title":"Acquista LSD liquido 200ug Drop - I migliori farmaci globali","og_description":"Acquista LSD Liquid 200ug drop nel Regno Unito, in Europa in vendita al miglior prezzo di mercato. Tutti i nostri prodotti sono realizzati con ingredienti naturali puri privi di THC. Ordina online ora!","og_url":"https:\/\/medicinasinc.com\/it\/product\/buy-lsd-liquid-200ug-drop\/","og_site_name":"Medicinas Inc","article_modified_time":"2022-03-17T00:38:51+00:00","og_image":[{"width":363,"height":445,"url":"https:\/\/medicinasinc.com\/it\/wp-content\/uploads\/sites\/4\/2022\/02\/Buy-LSD-liquid-200ug-Drop.jpg","type":"image\/jpeg"}],"twitter_card":"summary_large_image","twitter_misc":{"Tempo di lettura stimato":"2 minuti"},"schema":{"@context":"https:\/\/schema.org","@graph":[{"@type":"WebPage","@id":"https:\/\/medicinasinc.com\/it\/product\/buy-lsd-liquid-200ug-drop\/","url":"https:\/\/medicinasinc.com\/it\/product\/buy-lsd-liquid-200ug-drop\/","name":"Acquista LSD liquido 200ug Drop - I migliori farmaci globali","isPartOf":{"@id":"https:\/\/medicinasinc.com\/it\/#website"},"primaryImageOfPage":{"@id":"https:\/\/medicinasinc.com\/it\/product\/buy-lsd-liquid-200ug-drop\/#primaryimage"},"image":{"@id":"https:\/\/medicinasinc.com\/it\/product\/buy-lsd-liquid-200ug-drop\/#primaryimage"},"thumbnailUrl":"https:\/\/medicinasinc.com\/it\/wp-content\/uploads\/sites\/4\/2022\/02\/Buy-LSD-liquid-200ug-Drop.jpg","datePublished":"2022-02-20T16:56:44+00:00","dateModified":"2022-03-17T00:38:51+00:00","description":"Acquista LSD Liquid 200ug drop nel Regno Unito, in Europa in vendita al miglior prezzo di mercato. Tutti i nostri prodotti sono realizzati con ingredienti naturali puri privi di THC. Ordina online ora!","breadcrumb":{"@id":"https:\/\/medicinasinc.com\/it\/product\/buy-lsd-liquid-200ug-drop\/#breadcrumb"},"inLanguage":"it-IT","potentialAction":[{"@type":"ReadAction","target":["https:\/\/medicinasinc.com\/it\/product\/buy-lsd-liquid-200ug-drop\/"]}]},{"@type":"ImageObject","inLanguage":"it-IT","@id":"https:\/\/medicinasinc.com\/it\/product\/buy-lsd-liquid-200ug-drop\/#primaryimage","url":"https:\/\/medicinasinc.com\/it\/wp-content\/uploads\/sites\/4\/2022\/02\/Buy-LSD-liquid-200ug-Drop.jpg","contentUrl":"https:\/\/medicinasinc.com\/it\/wp-content\/uploads\/sites\/4\/2022\/02\/Buy-LSD-liquid-200ug-Drop.jpg","width":363,"height":445},{"@type":"BreadcrumbList","@id":"https:\/\/medicinasinc.com\/it\/product\/buy-lsd-liquid-200ug-drop\/#breadcrumb","itemListElement":[{"@type":"ListItem","position":1,"name":"Negozio","item":"https:\/\/medicinasinc.com\/it\/negozio\/"},{"@type":"ListItem","position":2,"name":"Acquista liquido LSD 200ug Drop"}]},{"@type":"WebSite","@id":"https:\/\/medicinasinc.com\/it\/#website","url":"https:\/\/medicinasinc.com\/it\/","name":"Medicinas Inc","description":"Health Medical Clinic","potentialAction":[{"@type":"SearchAction","target":{"@type":"EntryPoint","urlTemplate":"https:\/\/medicinasinc.com\/it\/?s={search_term_string}"},"query-input":{"@type":"PropertyValueSpecification","valueRequired":true,"valueName":"search_term_string"}}],"inLanguage":"it-IT"}]}},"_links":{"self":[{"href":"https:\/\/medicinasinc.com\/it\/wp-json\/wp\/v2\/product\/4854","targetHints":{"allow":["GET"]}}],"collection":[{"href":"https:\/\/medicinasinc.com\/it\/wp-json\/wp\/v2\/product"}],"about":[{"href":"https:\/\/medicinasinc.com\/it\/wp-json\/wp\/v2\/types\/product"}],"replies":[{"embeddable":true,"href":"https:\/\/medicinasinc.com\/it\/wp-json\/wp\/v2\/comments?post=4854"}],"wp:featuredmedia":[{"embeddable":true,"href":"https:\/\/medicinasinc.com\/it\/wp-json\/wp\/v2\/media\/4868"}],"wp:attachment":[{"href":"https:\/\/medicinasinc.com\/it\/wp-json\/wp\/v2\/media?parent=4854"}],"wp:term":[{"taxonomy":"product_brand","embeddable":true,"href":"https:\/\/medicinasinc.com\/it\/wp-json\/wp\/v2\/product_brand?post=4854"},{"taxonomy":"product_cat","embeddable":true,"href":"https:\/\/medicinasinc.com\/it\/wp-json\/wp\/v2\/product_cat?post=4854"},{"taxonomy":"product_tag","embeddable":true,"href":"https:\/\/medicinasinc.com\/it\/wp-json\/wp\/v2\/product_tag?post=4854"}],"curies":[{"name":"wp","href":"https:\/\/api.w.org\/{rel}","templated":true}]}}