{"id":4849,"date":"2022-02-20T16:51:26","date_gmt":"2022-02-20T16:51:26","guid":{"rendered":"https:\/\/medicinasinc.com\/it\/?post_type=product&#038;p=4849"},"modified":"2022-03-17T00:39:01","modified_gmt":"2022-03-17T00:39:01","slug":"comprare-ibogaina-polvere","status":"publish","type":"product","link":"https:\/\/medicinasinc.com\/it\/product\/comprare-ibogaina-polvere\/","title":{"rendered":"Acquista polvere di ibogaina"},"content":{"rendered":"<p>Ibogaina cloridrato<\/p>\n<p>L&#8217;ibogaina HCL \u00e8 una sostanza psicoattiva presente in natura che si trova nelle piante appartenenti alla famiglia delle Apocynaceae, tra cui Tabernanthe iboga, Voacanga africana e Tabernaemontana undulata.<\/p>\n<p>Si tratta di un psichedelico dissociativo. Ricerche preliminari indicano che pu\u00f2 essere utile nel trattamento della tossicodipendenza. L&#8217;ibogaina \u00e8 disponibile per l&#8217;acquisto. L&#8217;ibogaina HCL pu\u00f2 essere acquistata online. Ibogaina cloridrato in polvere. L&#8217;ibogaina pu\u00f2 essere acquistata online.<\/p>\n<p>Inoltre, a partire dal 2016, sono disponibili numerose forme di ibogaina, che vanno dalla polvere di radice, che contiene tracce estremamente ridotte di ibogaina e ha scarsi effetti se usata per alleviare gli oppioidi sintomi di astinenza, a ibogaina HCL pura al 99,7% altamente purificata. Ibogaina HCL in vendita online<\/p>\n<p>Ibogaina cloridrato in vendita<\/p>\n<p>Per iniziare, utilizziamo ibogaina HCL pura al 99,7% di grado farmaceutico presso il centro di trattamento dell&#8217;ibogaina di Meds Consulting. Non utilizziamo ibogaina semisintetica economica derivata da Voacanga africana, n\u00e9 utilizziamo estratti di TA (alcaloide totale) o PTA (alcaloide totale purificato). L&#8217;ibogaina pu\u00f2 essere acquistata online.<\/p>\n<p>Le nostre materie prime provengono dal Camerun (non dal Gabon), tramite una cooperativa di agricoltori che coltiva l&#8217;iboga TA per il nostro uso dalla met\u00e0 degli anni &#8217;90, utilizzando un&#8217;agricoltura ecosostenibile e sostenibile pratiche. Non utilizziamo materiali provenienti dal mercato nero o grigio che sono sconosciuti in termini di origine o purezza. L&#8217;ibogaina HCL pu\u00f2 essere acquistata online.<\/p>\n<p>La nostra ibogaina cloridrato \u00e8 stata prodotta in un laboratorio conforme a cGMP conforme a tutte le linee guida USFDA. Meds Consulting utilizza l&#8217;ibogaina HCL pi\u00f9 pura disponibile quando si utilizzano prodotti chimici naturali; i nostri materiali sono certificati puri al 99,7% tramite test HPLC.<\/p>\n<p>Propriet\u00e0 psicoattive dell&#8217;ibogaina<\/p>\n<p>Per cominciare, le propriet\u00e0 psicoattive dell&#8217;ibogaina producono un&#8217;esperienza spirituale migliorata. Il paziente acquisisce una profonda comprensione, che fornisce loro chiarezza sulla propria vita e lo motiva a fare cambiamenti psicologici e vivere una vita senza droghe. L&#8217;ibogaina \u00e8 disponibile per l&#8217;acquisto.<\/p>\n<p>L&#8217;ibogaina ha un potenziale significativo per il trattamento delle dipendenze da droghe pesanti come eroina, metadone, cocaina, crack e alcol, secondo gli studi. Inoltre, ci sono prove che \u00e8 benefico nel trattamento della dipendenza da tabacco. L&#8217;ibogaina pu\u00f2 essere acquistata online.<\/p>\n<p>Inoltre, l&#8217;ibogaina offre opportunit\u00e0 per la psicoterapia e l&#8217;insegnante spirituale. Inoltre, l&#8217;ibogaina pu\u00f2 essere utilizzata in psicoterapia per trattare gli effetti di traumi o condizionamenti. L&#8217;ibogaina \u00e8 disponibile per l&#8217;acquisto.<\/p>\n<p>La terapia \u00e8 efficace e sicura?<\/p>\n<p>Gli individui occasionalmente cercano ibogaina in vendita nella speranza di sottoporsi a terapia con ibogaina per la dipendenza da oppiacei. Tuttavia, come con qualsiasi trattamento, la terapia con ibogaina non garantisce il successo. La migliore polvere di ibogaina cloridrato<\/p>\n<p>Inoltre, la terapia con ibogaina HCL pu\u00f2 essere utilizzata per aiutare un individuo a superare una dipendenza da oppiacei. L&#8217;ibogaina \u00e8 disponibile per l&#8217;acquisto.<\/p>\n<p>Inoltre, l&#8217;ibogaina aiuta a ripristinare i livelli chimici nel cervello, ma il cervello diventa fisicamente dipendente dall&#8217;ibogaina in tempi relativamente brevi. Pertanto, se un individuo consuma una quantit\u00e0 eccessiva di ibogaina in una volta, potrebbe subire un&#8217;overdose fatale. L&#8217;ibogaina pu\u00f2 essere acquistata online.<\/p>\n<p>Non tutta l&#8217;ibogaina \u00e8 uguale. Diversi materiali possono avere effetti notevolmente dissimili. La nostra ibogaina \u00e8 identica a quella utilizzata in tutte le monografie pubblicate fino ad oggi su riviste sottoposte a revisione paritaria, a dimostrazione della presunta capacit\u00e0 dell&#8217;ibogaina di alleviare i sintomi di astinenza associati ai disturbi da abuso di polisostanza. L&#8217;ibogaina pu\u00f2 essere acquistata online.<\/p>\n<p>Offriamo il programma di disintossicazione dall&#8217;ibogaina pi\u00f9 sicuro ed efficace al mondo, utilizzando l&#8217;ibogaina cloridrato pi\u00f9 pura disponibile sul pianeta. Ibogaina cloridrato in polvere.<\/p>\n","protected":false},"excerpt":{"rendered":"<div class=\"woocommerce-product-details__short-description\">\n<p>Acquista polvere di ibogaina dall&#8217;Africa nel Regno Unito, Europa in vendita dal miglior sito web, Ibogaina in vendita online. Ottieni corteccia di radice di iboga, ibogaina hcl, iboga TA, capsula di ibogaina e voacanga a get ibogaina.<\/p>\n<p>L&#8217;ibogaina HCL (idrocloruro) \u00e8 isolata dal nostro estratto di Iboga TA ed \u00e8 ~95-99% di ibogaina HCL pura.<\/p>\n<\/p><\/div>\n","protected":false},"featured_media":4862,"comment_status":"open","ping_status":"closed","template":"","meta":[],"product_brand":[],"product_cat":[703],"product_tag":[728,725,730,731,732,726,729,733,734,738,739,740,741,742,735,727,744,737,743,736],"class_list":{"0":"post-4849","1":"product","2":"type-product","3":"status-publish","4":"has-post-thumbnail","6":"product_cat-compra-droghe-psichedeliche","7":"product_tag-buy-iboga-root-bark","8":"product_tag-bois-sacre","9":"product_tag-buy-iboga-root-bark-online","10":"product_tag-buy-ibogaine","11":"product_tag-buy-ibogaine-online","12":"product_tag-comprare-iboga","13":"product_tag-buy-iboga-root-bark-chips","14":"product_tag-eboka","15":"product_tag-iboga-in-vendita","16":"product_tag-iboga-root-bark-for-for-sale","17":"product_tag-iboga-root-bark-for-sale","18":"product_tag-iboga-root-bark-for-sale-online","19":"product_tag-ibogaina-in-vendita","20":"product_tag-order-iboga-online","21":"product_tag-polvere-di-iboga","22":"product_tag-buy-iboga-root-back","23":"product_tag-tabernanthe-iboga","24":"product_tag-iboga-root-bark-chips-in-vendita","25":"product_tag-pura-polvere-di-iboga-in-vendita","26":"product_tag-iboga-root-back-in-vendita","28":"first","29":"instock","30":"shipping-taxable","31":"purchasable","32":"product-type-variable","33":"has-default-attributes"},"yoast_head":"<!-- This site is optimized with the Yoast SEO plugin v27.3 - https:\/\/yoast.com\/product\/yoast-seo-wordpress\/ -->\n<title>Acquista polvere di ibogaina - Iboga in vendita - Best Best Global Meds<\/title>\n<meta name=\"description\" content=\"Acquista polvere di ibogaina dall&#039;Africa nel Regno Unito, in Europa in vendita dal miglior sito Web, ibogaina in vendita online. Ottieni cortecce di radice di iboga, ibogaina hcl, iboga TA, capsula di ibogaina e voacanga a get ibogaine.\" \/>\n<meta name=\"robots\" content=\"index, follow, max-snippet:-1, max-image-preview:large, max-video-preview:-1\" \/>\n<link rel=\"canonical\" href=\"https:\/\/medicinasinc.com\/it\/product\/comprare-ibogaina-polvere\/\" \/>\n<meta property=\"og:locale\" content=\"it_IT\" \/>\n<meta property=\"og:type\" content=\"article\" \/>\n<meta property=\"og:title\" content=\"Acquista polvere di ibogaina - Iboga in vendita - Best Best Global Meds\" \/>\n<meta property=\"og:description\" content=\"Acquista polvere di ibogaina dall&#039;Africa nel Regno Unito, in Europa in vendita dal miglior sito Web, ibogaina in vendita online. Ottieni cortecce di radice di iboga, ibogaina hcl, iboga TA, capsula di ibogaina e voacanga a get ibogaine.\" \/>\n<meta property=\"og:url\" content=\"https:\/\/medicinasinc.com\/it\/product\/comprare-ibogaina-polvere\/\" \/>\n<meta property=\"og:site_name\" content=\"Medicinas Inc\" \/>\n<meta property=\"article:modified_time\" content=\"2022-03-17T00:39:01+00:00\" \/>\n<meta property=\"og:image\" content=\"https:\/\/medicinasinc.com\/it\/wp-content\/uploads\/sites\/4\/2022\/02\/Buy-Ibogaine-Powder.webp\" \/>\n\t<meta property=\"og:image:width\" content=\"400\" \/>\n\t<meta property=\"og:image:height\" content=\"533\" \/>\n\t<meta property=\"og:image:type\" content=\"image\/webp\" \/>\n<meta name=\"twitter:card\" content=\"summary_large_image\" \/>\n<meta name=\"twitter:label1\" content=\"Tempo di lettura stimato\" \/>\n\t<meta name=\"twitter:data1\" content=\"3 minuti\" \/>\n<script type=\"application\/ld+json\" class=\"yoast-schema-graph\">{\"@context\":\"https:\\\/\\\/schema.org\",\"@graph\":[{\"@type\":\"WebPage\",\"@id\":\"https:\\\/\\\/medicinasinc.com\\\/it\\\/product\\\/comprare-ibogaina-polvere\\\/\",\"url\":\"https:\\\/\\\/medicinasinc.com\\\/it\\\/product\\\/comprare-ibogaina-polvere\\\/\",\"name\":\"Acquista polvere di ibogaina - Iboga in vendita - Best Best Global Meds\",\"isPartOf\":{\"@id\":\"https:\\\/\\\/medicinasinc.com\\\/it\\\/#website\"},\"primaryImageOfPage\":{\"@id\":\"https:\\\/\\\/medicinasinc.com\\\/it\\\/product\\\/comprare-ibogaina-polvere\\\/#primaryimage\"},\"image\":{\"@id\":\"https:\\\/\\\/medicinasinc.com\\\/it\\\/product\\\/comprare-ibogaina-polvere\\\/#primaryimage\"},\"thumbnailUrl\":\"https:\\\/\\\/medicinasinc.com\\\/it\\\/wp-content\\\/uploads\\\/sites\\\/4\\\/2022\\\/02\\\/Buy-Ibogaine-Powder.webp\",\"datePublished\":\"2022-02-20T16:51:26+00:00\",\"dateModified\":\"2022-03-17T00:39:01+00:00\",\"description\":\"Acquista polvere di ibogaina dall'Africa nel Regno Unito, in Europa in vendita dal miglior sito Web, ibogaina in vendita online. Ottieni cortecce di radice di iboga, ibogaina hcl, iboga TA, capsula di ibogaina e voacanga a get ibogaine.\",\"breadcrumb\":{\"@id\":\"https:\\\/\\\/medicinasinc.com\\\/it\\\/product\\\/comprare-ibogaina-polvere\\\/#breadcrumb\"},\"inLanguage\":\"it-IT\",\"potentialAction\":[{\"@type\":\"ReadAction\",\"target\":[\"https:\\\/\\\/medicinasinc.com\\\/it\\\/product\\\/comprare-ibogaina-polvere\\\/\"]}]},{\"@type\":\"ImageObject\",\"inLanguage\":\"it-IT\",\"@id\":\"https:\\\/\\\/medicinasinc.com\\\/it\\\/product\\\/comprare-ibogaina-polvere\\\/#primaryimage\",\"url\":\"https:\\\/\\\/medicinasinc.com\\\/it\\\/wp-content\\\/uploads\\\/sites\\\/4\\\/2022\\\/02\\\/Buy-Ibogaine-Powder.webp\",\"contentUrl\":\"https:\\\/\\\/medicinasinc.com\\\/it\\\/wp-content\\\/uploads\\\/sites\\\/4\\\/2022\\\/02\\\/Buy-Ibogaine-Powder.webp\",\"width\":400,\"height\":533},{\"@type\":\"BreadcrumbList\",\"@id\":\"https:\\\/\\\/medicinasinc.com\\\/it\\\/product\\\/comprare-ibogaina-polvere\\\/#breadcrumb\",\"itemListElement\":[{\"@type\":\"ListItem\",\"position\":1,\"name\":\"Negozio\",\"item\":\"https:\\\/\\\/medicinasinc.com\\\/it\\\/negozio\\\/\"},{\"@type\":\"ListItem\",\"position\":2,\"name\":\"Acquista polvere di ibogaina\"}]},{\"@type\":\"WebSite\",\"@id\":\"https:\\\/\\\/medicinasinc.com\\\/it\\\/#website\",\"url\":\"https:\\\/\\\/medicinasinc.com\\\/it\\\/\",\"name\":\"Medicinas Inc\",\"description\":\"Health Medical Clinic\",\"potentialAction\":[{\"@type\":\"SearchAction\",\"target\":{\"@type\":\"EntryPoint\",\"urlTemplate\":\"https:\\\/\\\/medicinasinc.com\\\/it\\\/?s={search_term_string}\"},\"query-input\":{\"@type\":\"PropertyValueSpecification\",\"valueRequired\":true,\"valueName\":\"search_term_string\"}}],\"inLanguage\":\"it-IT\"}]}<\/script>\n<!-- \/ Yoast SEO plugin. -->","yoast_head_json":{"title":"Acquista polvere di ibogaina - Iboga in vendita - Best Best Global Meds","description":"Acquista polvere di ibogaina dall'Africa nel Regno Unito, in Europa in vendita dal miglior sito Web, ibogaina in vendita online. Ottieni cortecce di radice di iboga, ibogaina hcl, iboga TA, capsula di ibogaina e voacanga a get ibogaine.","robots":{"index":"index","follow":"follow","max-snippet":"max-snippet:-1","max-image-preview":"max-image-preview:large","max-video-preview":"max-video-preview:-1"},"canonical":"https:\/\/medicinasinc.com\/it\/product\/comprare-ibogaina-polvere\/","og_locale":"it_IT","og_type":"article","og_title":"Acquista polvere di ibogaina - Iboga in vendita - Best Best Global Meds","og_description":"Acquista polvere di ibogaina dall'Africa nel Regno Unito, in Europa in vendita dal miglior sito Web, ibogaina in vendita online. Ottieni cortecce di radice di iboga, ibogaina hcl, iboga TA, capsula di ibogaina e voacanga a get ibogaine.","og_url":"https:\/\/medicinasinc.com\/it\/product\/comprare-ibogaina-polvere\/","og_site_name":"Medicinas Inc","article_modified_time":"2022-03-17T00:39:01+00:00","og_image":[{"width":400,"height":533,"url":"https:\/\/medicinasinc.com\/it\/wp-content\/uploads\/sites\/4\/2022\/02\/Buy-Ibogaine-Powder.webp","type":"image\/webp"}],"twitter_card":"summary_large_image","twitter_misc":{"Tempo di lettura stimato":"3 minuti"},"schema":{"@context":"https:\/\/schema.org","@graph":[{"@type":"WebPage","@id":"https:\/\/medicinasinc.com\/it\/product\/comprare-ibogaina-polvere\/","url":"https:\/\/medicinasinc.com\/it\/product\/comprare-ibogaina-polvere\/","name":"Acquista polvere di ibogaina - Iboga in vendita - Best Best Global Meds","isPartOf":{"@id":"https:\/\/medicinasinc.com\/it\/#website"},"primaryImageOfPage":{"@id":"https:\/\/medicinasinc.com\/it\/product\/comprare-ibogaina-polvere\/#primaryimage"},"image":{"@id":"https:\/\/medicinasinc.com\/it\/product\/comprare-ibogaina-polvere\/#primaryimage"},"thumbnailUrl":"https:\/\/medicinasinc.com\/it\/wp-content\/uploads\/sites\/4\/2022\/02\/Buy-Ibogaine-Powder.webp","datePublished":"2022-02-20T16:51:26+00:00","dateModified":"2022-03-17T00:39:01+00:00","description":"Acquista polvere di ibogaina dall'Africa nel Regno Unito, in Europa in vendita dal miglior sito Web, ibogaina in vendita online. Ottieni cortecce di radice di iboga, ibogaina hcl, iboga TA, capsula di ibogaina e voacanga a get ibogaine.","breadcrumb":{"@id":"https:\/\/medicinasinc.com\/it\/product\/comprare-ibogaina-polvere\/#breadcrumb"},"inLanguage":"it-IT","potentialAction":[{"@type":"ReadAction","target":["https:\/\/medicinasinc.com\/it\/product\/comprare-ibogaina-polvere\/"]}]},{"@type":"ImageObject","inLanguage":"it-IT","@id":"https:\/\/medicinasinc.com\/it\/product\/comprare-ibogaina-polvere\/#primaryimage","url":"https:\/\/medicinasinc.com\/it\/wp-content\/uploads\/sites\/4\/2022\/02\/Buy-Ibogaine-Powder.webp","contentUrl":"https:\/\/medicinasinc.com\/it\/wp-content\/uploads\/sites\/4\/2022\/02\/Buy-Ibogaine-Powder.webp","width":400,"height":533},{"@type":"BreadcrumbList","@id":"https:\/\/medicinasinc.com\/it\/product\/comprare-ibogaina-polvere\/#breadcrumb","itemListElement":[{"@type":"ListItem","position":1,"name":"Negozio","item":"https:\/\/medicinasinc.com\/it\/negozio\/"},{"@type":"ListItem","position":2,"name":"Acquista polvere di ibogaina"}]},{"@type":"WebSite","@id":"https:\/\/medicinasinc.com\/it\/#website","url":"https:\/\/medicinasinc.com\/it\/","name":"Medicinas Inc","description":"Health Medical Clinic","potentialAction":[{"@type":"SearchAction","target":{"@type":"EntryPoint","urlTemplate":"https:\/\/medicinasinc.com\/it\/?s={search_term_string}"},"query-input":{"@type":"PropertyValueSpecification","valueRequired":true,"valueName":"search_term_string"}}],"inLanguage":"it-IT"}]}},"_links":{"self":[{"href":"https:\/\/medicinasinc.com\/it\/wp-json\/wp\/v2\/product\/4849","targetHints":{"allow":["GET"]}}],"collection":[{"href":"https:\/\/medicinasinc.com\/it\/wp-json\/wp\/v2\/product"}],"about":[{"href":"https:\/\/medicinasinc.com\/it\/wp-json\/wp\/v2\/types\/product"}],"replies":[{"embeddable":true,"href":"https:\/\/medicinasinc.com\/it\/wp-json\/wp\/v2\/comments?post=4849"}],"wp:featuredmedia":[{"embeddable":true,"href":"https:\/\/medicinasinc.com\/it\/wp-json\/wp\/v2\/media\/4862"}],"wp:attachment":[{"href":"https:\/\/medicinasinc.com\/it\/wp-json\/wp\/v2\/media?parent=4849"}],"wp:term":[{"taxonomy":"product_brand","embeddable":true,"href":"https:\/\/medicinasinc.com\/it\/wp-json\/wp\/v2\/product_brand?post=4849"},{"taxonomy":"product_cat","embeddable":true,"href":"https:\/\/medicinasinc.com\/it\/wp-json\/wp\/v2\/product_cat?post=4849"},{"taxonomy":"product_tag","embeddable":true,"href":"https:\/\/medicinasinc.com\/it\/wp-json\/wp\/v2\/product_tag?post=4849"}],"curies":[{"name":"wp","href":"https:\/\/api.w.org\/{rel}","templated":true}]}}