{"id":4830,"date":"2022-02-20T16:34:51","date_gmt":"2022-02-20T16:34:51","guid":{"rendered":"https:\/\/medicinasinc.com\/it\/?post_type=product&#038;p=4830"},"modified":"2022-03-17T00:39:18","modified_gmt":"2022-03-17T00:39:18","slug":"compra-cristallo-meth","status":"publish","type":"product","link":"https:\/\/medicinasinc.com\/it\/product\/compra-cristallo-meth\/","title":{"rendered":"Acquista Crystal Meth"},"content":{"rendered":"<p>Dove acquistare Crystal Meth \u2013 Metanfetamina<\/p>\n<p>Disposto ad acquistare Crystal Meth, noto anche come metanfetamina per pietre preziose, \u00e8 un farmaco stimolante del sistema nervoso centrale (SNC) che presenta numerose somiglianze con le anfetamine, il secondo al mondo classe pi\u00f9 popolare di farmaci illegali, dietro la maryjane.<br \/> Come con l&#8217;anfetamina, promuove una maggiore attivit\u00e0, diminuzione della fame e un senso generale di benessere.<\/p>\n<p>Ci sono alcuni usi medicinali riconosciuti per Crystal Meth \u2013 Metanfetamina, compreso il trattamento della narcolessia, della mancanza di capacit\u00e0 di concentrazione in modo coerente e per un uso momentaneo, come la robustezza; tuttavia, questi usi medicinali sono limitati.<\/p>\n<p>Crystal Meth, come la cocaina, pu\u00f2 essere fumata. Chemical Inc. vende Crystal Meth \u2013 Metanfetamine.<\/p>\n<p>Le metanfetamine sono usate per trattare le seguenti condizioni:<\/p>\n<p>ADHDsNarcolessia<\/p>\n<p>Le applicazioni mediche sono limitate.<\/p>\n<p>Crystal Meth \u2013 La metanfetamina, come la cocaina, pu\u00f2 essere fumata.<\/p>\n<p>Acquista Crystal Meth usando Bitcoin<\/p>\n<p>Crystal Meth \u2013 La metanfetamina \u00e8 usata per trattare le seguenti condizioni:<\/p>\n<p>Disturbo da obesit\u00e0 e iperattivit\u00e0 Narcolessia Di conseguenza, promuove una maggiore azione, diminuzione della fame e un generale senso di prosperit\u00e0. Se usato in eccesso, ha effetti progressivamente distruttivi sul sistema sensoriale primario.<br \/> Se ritieni di essere rimasta incinta durante l&#8217;assunzione del farmaco, contatta immediatamente il tuo specialista per evitare complicazioni.<br \/> Se soffri di problemi cardiaci,<\/p>\n<p>Le metanfetamine hanno una serie di conseguenze negative, tra cui le seguenti:<\/p>\n<p>Un aumento della frequenza cardiaca<br \/> Aumento della temperatura corporea<br \/> Un aumento della frequenza a quale si rilassa<br \/> Studenti con pupille dilatate<br \/> Tremori Emozioni simili all&#8217;estasi<br \/> Aumento dell&#8217;ansia<br \/> Irritabilit\u00e0<br \/> Paranoia<br \/> Comportamento violento ed evasivo<br \/> Iperattivit\u00e0 su a titolo temporaneo Consulta uno specialista per quanto riguarda le opzioni terapeutiche.<\/p>\n<p>Evitare una porzione di metanfetamine non \u00e8 difficile, ma dovresti evitare di effettuare doppie misurazioni.<\/p>\n<p>&nbsp;<\/p>\n<p> &nbsp;<\/p>\n<p>&nbsp;<\/p>\n<p>&nbsp;<\/p>\n<p>&nbsp;<\/p>\n<p>&nbsp;<\/p>\n<p>Mentre la metanfetamina \u00e8 destinata a mantenere la concentrazione, wh se abusato, pu\u00f2 facilmente causare seri problemi medici, quindi cercare assistenza in caso di crisi da professionisti sanitari qualificati \u00e8 la migliore linea d&#8217;azione.<\/p>\n<p>&nbsp;<\/p>\n<p>&nbsp;<\/p>\n<p>&nbsp;<\/p>\n<p>&nbsp;<\/p>\n<p>&nbsp;<\/p>\n<p>&nbsp;<\/p>\n<p>I migliori farmaci globali. offre Crystal Meth \u2013 Metanfetamine in vendita online.<\/p>\n<p>Inoltre, mantieni le metanfetamine a temperatura ambiente in aree prive di luce e calore. Allo stesso modo, non lavare questo farmaco. I tuoi bambini e animali domestici non devono essere esposti a questo farmaco in alcun modo.<\/p>\n<p>Tuttavia, puoi acquistare Crystal Meth \u2013 Metamfetamina online dal rivenditore online pi\u00f9 rinomato \u2013 Chemical Inc.<\/p>\n<p> Acquista metanfetamine senza prescrizione medica, le metanfetamine sono disponibili per l&#8217;acquisto online al miglior prezzo possibile.<br \/> Acquista subito i farmaci pi\u00f9 efficaci!<br \/> Acquisto online di Crystal Meth<\/p>\n<p>Gli utenti di metanfetamine dovrebbero cercare trattamento immediato.<\/p>\n<p>Mentre molti sintomi fisici possono essere invertiti con un trattamento adeguato, l&#8217;invecchiamento avanzato e la carie sono pi\u00f9 difficili da invertire e il danno \u00e8 spesso irreversibile.<\/p>\n<p>Inoltre, l&#8217;uso di metanfetamina pu\u00f2 provocare psicosi, o comportamento psicotico, in cui gli utenti perdono il contatto con la realt\u00e0 e sperimentano gravi delusioni, paranoia, allucinazioni e comportamenti ossessivi che impediscono loro di comprendere veramente il danno che stanno causando a se stessi.<\/p>\n<p>Esso \u00e8 fondamentale per il tossicodipendente cerca immediatamente aiuto, altrimenti subiranno queste conseguenze fisiche e psicologiche, cos\u00ec come altri sintomi comuni come relazioni distrutte, indigenza finanziaria e accuse penali.<\/p>\n<p>Quasi tutte le famiglie sono affette da dipendenza, che la provoca devastazione sulla salute fisica e mentale, sulle relazioni e sulle finanze personali. Madri, padri, fratelli, sorelle, figlie e figli sono tutti inclusi in questa categoria.<\/p>\n<p>Nessuno \u00e8 immune dalle terrificanti conseguenze a lungo termine dell&#8217;abuso di droghe pesanti.<br \/> Quello che segue \u00e8 un ritratto che fa riflettere Persone REALI.<\/p>\n<p>Abbiamo ceduto al fascino dell&#8217;uso di droghe \u2013 in questo caso la metanfetamina \u2013 e le sue conseguenze devastanti sono fin troppo evidenti.<br \/> Se tu o una persona cara state lottando con un dipendenza da metanfetamine o, se sei interessato a saperne di pi\u00f9, visita i seguenti siti Web per assistenza con il recupero.<\/p>\n<p>&nbsp;<\/p>\n<p>effetti collaterali della metanfetamina, struttura della metanfetamina, quanto dura la metanfetamina rimanere nel tuo organismo, come fumare metanfetamina, eroina, cocaina, metanfetamina, sigarette e alcol sono tutti esempi di __________., metanfetamina rosa, sniffare metanfetamina cristallina, prezzi della metanfetamina Che sapore ha la metanfetamina, quanto tempo rimane nelle urine , e come appare la metanfetamina? super metanfetamine, effetti collaterali della metanfetamina, struttura della metanfetamina, per quanto tempo la metanfetamina rimane nel tuo organismo, come fumare metanfetamina, eroina, cocaina, metanfetamina, sigarette e alcol sono tutti esempi di ________., metanfetamina rosa, snirt crystal metanfetamina, prezzi della metanfetamina Che sapore ha la metanfetamina, quanto tempo rimane nelle urine e come appare la metanfetamina? supremo di metanfetamina<\/p>\n","protected":false},"excerpt":{"rendered":"<p>Acquista Crystal Meth in vendita Regno Unito, Europa Asia, Metanfetamina online acquista metanfetamina con noi possiamo consegnarti da qualsiasi parte del mondo.<\/p>\n<p>Acquista pillole di crystal meth online: acquista metanfetamina di cristallo puro al 96,8% \u2013 Dove acquistare crystal meth online \u2013 Acquista metanfetamina pura al 96,8% \u2013 Acquista metanfetamina online<\/p>\n","protected":false},"featured_media":4844,"comment_status":"open","ping_status":"closed","template":"","meta":[],"product_brand":[],"product_cat":[703],"product_tag":[705,706,707,704,720,724,710,721,708,709,712,715,716,717,718,711,719,722,713,714,723],"class_list":{"0":"post-4830","1":"product","2":"type-product","3":"status-publish","4":"has-post-thumbnail","6":"product_cat-compra-droghe-psichedeliche","7":"product_tag-compra-crystal-meth-in-francia","8":"product_tag-buy-crystal-meth-in-germania","9":"product_tag-compra-crystal-meth-in-spagna","10":"product_tag-buy-crystal-meth-in-australia","11":"product_tag-come--cristallo-meth-fumato","12":"product_tag-cos-crystal-meth","13":"product_tag-crystal-meth-farmaci","14":"product_tag-metacristallo","15":"product_tag-crystal-meth","16":"product_tag-crystal-meth-australia","17":"product_tag-crystal-meth-germany","18":"product_tag-crystal-meth-spagna","19":"product_tag-crystal-meth-svezia","20":"product_tag-crystal-meth-vendor-france","21":"product_tag-crystal-meth-vendor-usa","22":"product_tag-cristallo-meth-effetti","23":"product_tag-falso-cristallo-meth","24":"product_tag-immagini-di-cristallo-meta","25":"product_tag-crystal-meth-foto","26":"product_tag-tubo-di-metanfetamina","27":"product_tag-snorting-crystal-meth","29":"first","30":"instock","31":"shipping-taxable","32":"purchasable","33":"product-type-variable"},"yoast_head":"<!-- This site is optimized with the Yoast SEO plugin v27.3 - https:\/\/yoast.com\/product\/yoast-seo-wordpress\/ -->\n<title>Acquista Crystal Meth - Metanfetamina - I migliori farmaci globali<\/title>\n<meta name=\"description\" content=\"Acquista Crystal Meth in vendita Regno Unito, Europa Asia, Metanfetamine Acquista online metanfetamine con noi possiamo consegnarti da qualsiasi parte del mondo.\" \/>\n<meta name=\"robots\" content=\"index, follow, max-snippet:-1, max-image-preview:large, max-video-preview:-1\" \/>\n<link rel=\"canonical\" href=\"https:\/\/medicinasinc.com\/it\/product\/compra-cristallo-meth\/\" \/>\n<meta property=\"og:locale\" content=\"it_IT\" \/>\n<meta property=\"og:type\" content=\"article\" \/>\n<meta property=\"og:title\" content=\"Acquista Crystal Meth - Metanfetamina - I migliori farmaci globali\" \/>\n<meta property=\"og:description\" content=\"Acquista Crystal Meth in vendita Regno Unito, Europa Asia, Metanfetamine Acquista online metanfetamine con noi possiamo consegnarti da qualsiasi parte del mondo.\" \/>\n<meta property=\"og:url\" content=\"https:\/\/medicinasinc.com\/it\/product\/compra-cristallo-meth\/\" \/>\n<meta property=\"og:site_name\" content=\"Medicinas Inc\" \/>\n<meta property=\"article:modified_time\" content=\"2022-03-17T00:39:18+00:00\" \/>\n<meta property=\"og:image\" content=\"https:\/\/medicinasinc.com\/it\/wp-content\/uploads\/sites\/4\/2022\/02\/Buy-Crystal-Meth-1.jpg\" \/>\n\t<meta property=\"og:image:width\" content=\"1024\" \/>\n\t<meta property=\"og:image:height\" content=\"768\" \/>\n\t<meta property=\"og:image:type\" content=\"image\/jpeg\" \/>\n<meta name=\"twitter:card\" content=\"summary_large_image\" \/>\n<meta name=\"twitter:label1\" content=\"Tempo di lettura stimato\" \/>\n\t<meta name=\"twitter:data1\" content=\"4 minuti\" \/>\n<script type=\"application\/ld+json\" class=\"yoast-schema-graph\">{\"@context\":\"https:\\\/\\\/schema.org\",\"@graph\":[{\"@type\":\"WebPage\",\"@id\":\"https:\\\/\\\/medicinasinc.com\\\/it\\\/product\\\/compra-cristallo-meth\\\/\",\"url\":\"https:\\\/\\\/medicinasinc.com\\\/it\\\/product\\\/compra-cristallo-meth\\\/\",\"name\":\"Acquista Crystal Meth - Metanfetamina - I migliori farmaci globali\",\"isPartOf\":{\"@id\":\"https:\\\/\\\/medicinasinc.com\\\/it\\\/#website\"},\"primaryImageOfPage\":{\"@id\":\"https:\\\/\\\/medicinasinc.com\\\/it\\\/product\\\/compra-cristallo-meth\\\/#primaryimage\"},\"image\":{\"@id\":\"https:\\\/\\\/medicinasinc.com\\\/it\\\/product\\\/compra-cristallo-meth\\\/#primaryimage\"},\"thumbnailUrl\":\"https:\\\/\\\/medicinasinc.com\\\/it\\\/wp-content\\\/uploads\\\/sites\\\/4\\\/2022\\\/02\\\/Buy-Crystal-Meth-1.jpg\",\"datePublished\":\"2022-02-20T16:34:51+00:00\",\"dateModified\":\"2022-03-17T00:39:18+00:00\",\"description\":\"Acquista Crystal Meth in vendita Regno Unito, Europa Asia, Metanfetamine Acquista online metanfetamine con noi possiamo consegnarti da qualsiasi parte del mondo.\",\"breadcrumb\":{\"@id\":\"https:\\\/\\\/medicinasinc.com\\\/it\\\/product\\\/compra-cristallo-meth\\\/#breadcrumb\"},\"inLanguage\":\"it-IT\",\"potentialAction\":[{\"@type\":\"ReadAction\",\"target\":[\"https:\\\/\\\/medicinasinc.com\\\/it\\\/product\\\/compra-cristallo-meth\\\/\"]}]},{\"@type\":\"ImageObject\",\"inLanguage\":\"it-IT\",\"@id\":\"https:\\\/\\\/medicinasinc.com\\\/it\\\/product\\\/compra-cristallo-meth\\\/#primaryimage\",\"url\":\"https:\\\/\\\/medicinasinc.com\\\/it\\\/wp-content\\\/uploads\\\/sites\\\/4\\\/2022\\\/02\\\/Buy-Crystal-Meth-1.jpg\",\"contentUrl\":\"https:\\\/\\\/medicinasinc.com\\\/it\\\/wp-content\\\/uploads\\\/sites\\\/4\\\/2022\\\/02\\\/Buy-Crystal-Meth-1.jpg\",\"width\":1024,\"height\":768},{\"@type\":\"BreadcrumbList\",\"@id\":\"https:\\\/\\\/medicinasinc.com\\\/it\\\/product\\\/compra-cristallo-meth\\\/#breadcrumb\",\"itemListElement\":[{\"@type\":\"ListItem\",\"position\":1,\"name\":\"Negozio\",\"item\":\"https:\\\/\\\/medicinasinc.com\\\/it\\\/negozio\\\/\"},{\"@type\":\"ListItem\",\"position\":2,\"name\":\"Acquista Crystal Meth\"}]},{\"@type\":\"WebSite\",\"@id\":\"https:\\\/\\\/medicinasinc.com\\\/it\\\/#website\",\"url\":\"https:\\\/\\\/medicinasinc.com\\\/it\\\/\",\"name\":\"Medicinas Inc\",\"description\":\"Health Medical Clinic\",\"potentialAction\":[{\"@type\":\"SearchAction\",\"target\":{\"@type\":\"EntryPoint\",\"urlTemplate\":\"https:\\\/\\\/medicinasinc.com\\\/it\\\/?s={search_term_string}\"},\"query-input\":{\"@type\":\"PropertyValueSpecification\",\"valueRequired\":true,\"valueName\":\"search_term_string\"}}],\"inLanguage\":\"it-IT\"}]}<\/script>\n<!-- \/ Yoast SEO plugin. -->","yoast_head_json":{"title":"Acquista Crystal Meth - Metanfetamina - I migliori farmaci globali","description":"Acquista Crystal Meth in vendita Regno Unito, Europa Asia, Metanfetamine Acquista online metanfetamine con noi possiamo consegnarti da qualsiasi parte del mondo.","robots":{"index":"index","follow":"follow","max-snippet":"max-snippet:-1","max-image-preview":"max-image-preview:large","max-video-preview":"max-video-preview:-1"},"canonical":"https:\/\/medicinasinc.com\/it\/product\/compra-cristallo-meth\/","og_locale":"it_IT","og_type":"article","og_title":"Acquista Crystal Meth - Metanfetamina - I migliori farmaci globali","og_description":"Acquista Crystal Meth in vendita Regno Unito, Europa Asia, Metanfetamine Acquista online metanfetamine con noi possiamo consegnarti da qualsiasi parte del mondo.","og_url":"https:\/\/medicinasinc.com\/it\/product\/compra-cristallo-meth\/","og_site_name":"Medicinas Inc","article_modified_time":"2022-03-17T00:39:18+00:00","og_image":[{"width":1024,"height":768,"url":"https:\/\/medicinasinc.com\/it\/wp-content\/uploads\/sites\/4\/2022\/02\/Buy-Crystal-Meth-1.jpg","type":"image\/jpeg"}],"twitter_card":"summary_large_image","twitter_misc":{"Tempo di lettura stimato":"4 minuti"},"schema":{"@context":"https:\/\/schema.org","@graph":[{"@type":"WebPage","@id":"https:\/\/medicinasinc.com\/it\/product\/compra-cristallo-meth\/","url":"https:\/\/medicinasinc.com\/it\/product\/compra-cristallo-meth\/","name":"Acquista Crystal Meth - Metanfetamina - I migliori farmaci globali","isPartOf":{"@id":"https:\/\/medicinasinc.com\/it\/#website"},"primaryImageOfPage":{"@id":"https:\/\/medicinasinc.com\/it\/product\/compra-cristallo-meth\/#primaryimage"},"image":{"@id":"https:\/\/medicinasinc.com\/it\/product\/compra-cristallo-meth\/#primaryimage"},"thumbnailUrl":"https:\/\/medicinasinc.com\/it\/wp-content\/uploads\/sites\/4\/2022\/02\/Buy-Crystal-Meth-1.jpg","datePublished":"2022-02-20T16:34:51+00:00","dateModified":"2022-03-17T00:39:18+00:00","description":"Acquista Crystal Meth in vendita Regno Unito, Europa Asia, Metanfetamine Acquista online metanfetamine con noi possiamo consegnarti da qualsiasi parte del mondo.","breadcrumb":{"@id":"https:\/\/medicinasinc.com\/it\/product\/compra-cristallo-meth\/#breadcrumb"},"inLanguage":"it-IT","potentialAction":[{"@type":"ReadAction","target":["https:\/\/medicinasinc.com\/it\/product\/compra-cristallo-meth\/"]}]},{"@type":"ImageObject","inLanguage":"it-IT","@id":"https:\/\/medicinasinc.com\/it\/product\/compra-cristallo-meth\/#primaryimage","url":"https:\/\/medicinasinc.com\/it\/wp-content\/uploads\/sites\/4\/2022\/02\/Buy-Crystal-Meth-1.jpg","contentUrl":"https:\/\/medicinasinc.com\/it\/wp-content\/uploads\/sites\/4\/2022\/02\/Buy-Crystal-Meth-1.jpg","width":1024,"height":768},{"@type":"BreadcrumbList","@id":"https:\/\/medicinasinc.com\/it\/product\/compra-cristallo-meth\/#breadcrumb","itemListElement":[{"@type":"ListItem","position":1,"name":"Negozio","item":"https:\/\/medicinasinc.com\/it\/negozio\/"},{"@type":"ListItem","position":2,"name":"Acquista Crystal Meth"}]},{"@type":"WebSite","@id":"https:\/\/medicinasinc.com\/it\/#website","url":"https:\/\/medicinasinc.com\/it\/","name":"Medicinas Inc","description":"Health Medical Clinic","potentialAction":[{"@type":"SearchAction","target":{"@type":"EntryPoint","urlTemplate":"https:\/\/medicinasinc.com\/it\/?s={search_term_string}"},"query-input":{"@type":"PropertyValueSpecification","valueRequired":true,"valueName":"search_term_string"}}],"inLanguage":"it-IT"}]}},"_links":{"self":[{"href":"https:\/\/medicinasinc.com\/it\/wp-json\/wp\/v2\/product\/4830","targetHints":{"allow":["GET"]}}],"collection":[{"href":"https:\/\/medicinasinc.com\/it\/wp-json\/wp\/v2\/product"}],"about":[{"href":"https:\/\/medicinasinc.com\/it\/wp-json\/wp\/v2\/types\/product"}],"replies":[{"embeddable":true,"href":"https:\/\/medicinasinc.com\/it\/wp-json\/wp\/v2\/comments?post=4830"}],"wp:featuredmedia":[{"embeddable":true,"href":"https:\/\/medicinasinc.com\/it\/wp-json\/wp\/v2\/media\/4844"}],"wp:attachment":[{"href":"https:\/\/medicinasinc.com\/it\/wp-json\/wp\/v2\/media?parent=4830"}],"wp:term":[{"taxonomy":"product_brand","embeddable":true,"href":"https:\/\/medicinasinc.com\/it\/wp-json\/wp\/v2\/product_brand?post=4830"},{"taxonomy":"product_cat","embeddable":true,"href":"https:\/\/medicinasinc.com\/it\/wp-json\/wp\/v2\/product_cat?post=4830"},{"taxonomy":"product_tag","embeddable":true,"href":"https:\/\/medicinasinc.com\/it\/wp-json\/wp\/v2\/product_tag?post=4830"}],"curies":[{"name":"wp","href":"https:\/\/api.w.org\/{rel}","templated":true}]}}