{"id":4829,"date":"2022-02-20T16:33:58","date_gmt":"2022-02-20T16:33:58","guid":{"rendered":"https:\/\/medicinasinc.com\/it\/?post_type=product&#038;p=4829"},"modified":"2022-03-17T00:39:27","modified_gmt":"2022-03-17T00:39:27","slug":"buy-liquid-lsd","status":"publish","type":"product","link":"https:\/\/medicinasinc.com\/it\/product\/buy-liquid-lsd\/","title":{"rendered":"Compra LSD liquido"},"content":{"rendered":"<p>Compra LSD liquido con uno sconto online<\/p>\n<p>Come con Green Crack (e da non confondere con LSD), Acid \u00e8 un ceppo che prende il nome da una sostanza leggermente psicoattiva. Tutto sommato, Acid possiede forza, combinando effetti controintuitivi con una fragranza sconcertante. Acid \u00e8 una variet\u00e0 sviluppata da Paradise Seeds, i breeder di Delahaze e Sensi Star. \u00c8 derivato dalle caratteristiche ereditarie della variet\u00e0 Sour Diesel pi\u00f9 popolare di New York. Il suo fascino gli \u00e8 valso il terzo posto nella Copa THC Valencia 2016 della Spagna come miglior fiore coltivato al chiuso. Il contenuto di THC di Corrosive \u00e8 stato stimato tra il 16 e il 23%.<\/p>\n<p>Il corrosivo abbaglia con fiori stimati da medi a enormi che hanno una forma articolata a forma di vanga, simile ad alberi di Natale in miniatura, che si stringono da un&#8217;ampia base rotonda a una punta appuntita. Con la loro struttura compatta e densa, queste cime sono inconfondibilmente a predominanza indica. Le foglie sono di un verde tenue ricoperto di vegetazione e sono contorte da pistilli ondulati color terra. Infine, tricomi bianchi scintillanti ricoprono la superficie interna ed esterna dei fiori di Acid, conferendo le propriet\u00e0 psicoattive del ceppo e rendendo le cime estremamente difficili da separare senza l&#8217;assistenza di un processore.<\/p>\n<p>Se adeguatamente alleviato, Acid ha un effetto fragranza leggermente acida, che \u00e8 compensata da una forte nota agrumata. Allo stesso modo, ci sono note di base solide e muschiate che ricordano il terreno appiccicoso e l&#8217;incenso. Nel frattempo, la separazione o la granulazione di queste cime dense produce il gas di scarico astringente che conferisce alla variet\u00e0 madre New York Sour Diesel il suo sapore acuto e ben noto. Quando i combustibili vengono accesi in una linea o in un giunto, Acid produce un fumo liscio e facilmente ingeribile. All&#8217;espirazione, questo fumo denso lascia un retrogusto di limone e diesel.<\/p>\n<p>L&#8217;effetto corrosivo inizia gradualmente e distorce la percezione del fumatore dei propri miglioramenti esteriori. Alcuni suoni possono essere amplificati, come se fossero generati all&#8217;interno di una camera di riverbero. Inoltre, toni distinti e luci intense possono acquisire un nuovo significato. Quando questi effetti tangibili diventano travolgenti, iniziano a manifestarsi meraviglie allucinogene pi\u00f9 vivide, simili a contorsioni di insight interni ed esterni e una solida sensazione di espansione del tempo. I fumatori possono sperimentare una ponderazione deliberata attorno ai santuari e agli organi linfatici nel tempo, nonch\u00e9 un leggero aumento della salivazione. Questi brividi si trasformano in inondazioni di distensione che viaggiano lungo la spina dorsale e fuoriescono attraverso il sistema nervoso centrale e le appendici. Anche se questi effetti di sollievo potrebbero non immobilizzare completamente i clienti, questi possono sentirsi obbligati a rilassarsi nei pi\u00f9 vicini fattori ambientali piacevoli.<\/p>\n<p>L&#8217;effetto corrosivo \u00e8 anche caratterizzato da una mentalit\u00e0 cerebrale in cui il fumatore pu\u00f2 connettersi con pensieri o idee insoliti , trovandoli pi\u00f9 affascinanti di quanto non siano in ogni caso. Tale ragionamento apertamente noto pu\u00f2 essere un metodo efficace per scoprire nuove soluzioni a problemi che lasciano perplessi o per gestire commissioni di lavoro specifiche. Con il passare del tempo, o all&#8217;aumentare della misurazione, gli effetti psicologici dell&#8217;acido diventano pi\u00f9 meravigliosi che ovvi, annullando ogni precedente efficienza. A causa della sua progressiva perdita di energia, questa variet\u00e0 si gusta al meglio a tarda sera o di notte.<\/p>\n<p>Lsd liquido 200 ug\/goccia, acido in vendita online, LSD in vendita online, acquisto lsd online, acido LSD in vendita online, lsd negozio online, liquido lsd in vendita, acido in vendita online<\/p>\n","protected":false},"excerpt":{"rendered":"<p>Acquista LSD online LSD liquido, Dettagli Lysergide (LSD) \u00e8 un allucinogeno semisintetico ed \u00e8 una delle droghe pi\u00f9 potenti conosciute. Uso ricreativo .<\/p>\n<p>Compra LSD liquido a basso costo online. LSD liquido autentico in vendita online | Acquista online LSD liquido | Acquista LSD liquido in vendita| Acquista LSD liquido a buon mercato | Dove acquistare LSD liquido online<\/p>\n","protected":false},"featured_media":4842,"comment_status":"open","ping_status":"closed","template":"","meta":[],"product_brand":[],"product_cat":[703],"product_tag":[],"class_list":{"0":"post-4829","1":"product","2":"type-product","3":"status-publish","4":"has-post-thumbnail","6":"product_cat-compra-droghe-psichedeliche","8":"first","9":"instock","10":"shipping-taxable","11":"purchasable","12":"product-type-variable","13":"has-default-attributes"},"yoast_head":"<!-- This site is optimized with the Yoast SEO plugin v27.3 - https:\/\/yoast.com\/product\/yoast-seo-wordpress\/ -->\n<title>Acquista LSD liquido - I migliori farmaci globali migliori<\/title>\n<meta name=\"description\" content=\"Acquista LSD online LSD liquido, Dettagli Lysergide (LSD) \u00e8 un allucinogeno semisintetico ed \u00e8 uno dei farmaci pi\u00f9 potenti conosciuti. Uso ricreativo .\" \/>\n<meta name=\"robots\" content=\"index, follow, max-snippet:-1, max-image-preview:large, max-video-preview:-1\" \/>\n<link rel=\"canonical\" href=\"https:\/\/medicinasinc.com\/it\/product\/buy-liquid-lsd\/\" \/>\n<meta property=\"og:locale\" content=\"it_IT\" \/>\n<meta property=\"og:type\" content=\"article\" \/>\n<meta property=\"og:title\" content=\"Acquista LSD liquido - I migliori farmaci globali migliori\" \/>\n<meta property=\"og:description\" content=\"Acquista LSD online LSD liquido, Dettagli Lysergide (LSD) \u00e8 un allucinogeno semisintetico ed \u00e8 uno dei farmaci pi\u00f9 potenti conosciuti. Uso ricreativo .\" \/>\n<meta property=\"og:url\" content=\"https:\/\/medicinasinc.com\/it\/product\/buy-liquid-lsd\/\" \/>\n<meta property=\"og:site_name\" content=\"Medicinas Inc\" \/>\n<meta property=\"article:modified_time\" content=\"2022-03-17T00:39:27+00:00\" \/>\n<meta property=\"og:image\" content=\"https:\/\/medicinasinc.com\/it\/wp-content\/uploads\/sites\/4\/2022\/02\/Buy-Liquid-LSD.jpg\" \/>\n\t<meta property=\"og:image:width\" content=\"512\" \/>\n\t<meta property=\"og:image:height\" content=\"512\" \/>\n\t<meta property=\"og:image:type\" content=\"image\/jpeg\" \/>\n<meta name=\"twitter:card\" content=\"summary_large_image\" \/>\n<meta name=\"twitter:label1\" content=\"Tempo di lettura stimato\" \/>\n\t<meta name=\"twitter:data1\" content=\"3 minuti\" \/>\n<script type=\"application\/ld+json\" class=\"yoast-schema-graph\">{\"@context\":\"https:\\\/\\\/schema.org\",\"@graph\":[{\"@type\":\"WebPage\",\"@id\":\"https:\\\/\\\/medicinasinc.com\\\/it\\\/product\\\/buy-liquid-lsd\\\/\",\"url\":\"https:\\\/\\\/medicinasinc.com\\\/it\\\/product\\\/buy-liquid-lsd\\\/\",\"name\":\"Acquista LSD liquido - I migliori farmaci globali migliori\",\"isPartOf\":{\"@id\":\"https:\\\/\\\/medicinasinc.com\\\/it\\\/#website\"},\"primaryImageOfPage\":{\"@id\":\"https:\\\/\\\/medicinasinc.com\\\/it\\\/product\\\/buy-liquid-lsd\\\/#primaryimage\"},\"image\":{\"@id\":\"https:\\\/\\\/medicinasinc.com\\\/it\\\/product\\\/buy-liquid-lsd\\\/#primaryimage\"},\"thumbnailUrl\":\"https:\\\/\\\/medicinasinc.com\\\/it\\\/wp-content\\\/uploads\\\/sites\\\/4\\\/2022\\\/02\\\/Buy-Liquid-LSD.jpg\",\"datePublished\":\"2022-02-20T16:33:58+00:00\",\"dateModified\":\"2022-03-17T00:39:27+00:00\",\"description\":\"Acquista LSD online LSD liquido, Dettagli Lysergide (LSD) \u00e8 un allucinogeno semisintetico ed \u00e8 uno dei farmaci pi\u00f9 potenti conosciuti. Uso ricreativo .\",\"breadcrumb\":{\"@id\":\"https:\\\/\\\/medicinasinc.com\\\/it\\\/product\\\/buy-liquid-lsd\\\/#breadcrumb\"},\"inLanguage\":\"it-IT\",\"potentialAction\":[{\"@type\":\"ReadAction\",\"target\":[\"https:\\\/\\\/medicinasinc.com\\\/it\\\/product\\\/buy-liquid-lsd\\\/\"]}]},{\"@type\":\"ImageObject\",\"inLanguage\":\"it-IT\",\"@id\":\"https:\\\/\\\/medicinasinc.com\\\/it\\\/product\\\/buy-liquid-lsd\\\/#primaryimage\",\"url\":\"https:\\\/\\\/medicinasinc.com\\\/it\\\/wp-content\\\/uploads\\\/sites\\\/4\\\/2022\\\/02\\\/Buy-Liquid-LSD.jpg\",\"contentUrl\":\"https:\\\/\\\/medicinasinc.com\\\/it\\\/wp-content\\\/uploads\\\/sites\\\/4\\\/2022\\\/02\\\/Buy-Liquid-LSD.jpg\",\"width\":512,\"height\":512},{\"@type\":\"BreadcrumbList\",\"@id\":\"https:\\\/\\\/medicinasinc.com\\\/it\\\/product\\\/buy-liquid-lsd\\\/#breadcrumb\",\"itemListElement\":[{\"@type\":\"ListItem\",\"position\":1,\"name\":\"Negozio\",\"item\":\"https:\\\/\\\/medicinasinc.com\\\/it\\\/negozio\\\/\"},{\"@type\":\"ListItem\",\"position\":2,\"name\":\"Compra LSD liquido\"}]},{\"@type\":\"WebSite\",\"@id\":\"https:\\\/\\\/medicinasinc.com\\\/it\\\/#website\",\"url\":\"https:\\\/\\\/medicinasinc.com\\\/it\\\/\",\"name\":\"Medicinas Inc\",\"description\":\"Health Medical Clinic\",\"potentialAction\":[{\"@type\":\"SearchAction\",\"target\":{\"@type\":\"EntryPoint\",\"urlTemplate\":\"https:\\\/\\\/medicinasinc.com\\\/it\\\/?s={search_term_string}\"},\"query-input\":{\"@type\":\"PropertyValueSpecification\",\"valueRequired\":true,\"valueName\":\"search_term_string\"}}],\"inLanguage\":\"it-IT\"}]}<\/script>\n<!-- \/ Yoast SEO plugin. -->","yoast_head_json":{"title":"Acquista LSD liquido - I migliori farmaci globali migliori","description":"Acquista LSD online LSD liquido, Dettagli Lysergide (LSD) \u00e8 un allucinogeno semisintetico ed \u00e8 uno dei farmaci pi\u00f9 potenti conosciuti. Uso ricreativo .","robots":{"index":"index","follow":"follow","max-snippet":"max-snippet:-1","max-image-preview":"max-image-preview:large","max-video-preview":"max-video-preview:-1"},"canonical":"https:\/\/medicinasinc.com\/it\/product\/buy-liquid-lsd\/","og_locale":"it_IT","og_type":"article","og_title":"Acquista LSD liquido - I migliori farmaci globali migliori","og_description":"Acquista LSD online LSD liquido, Dettagli Lysergide (LSD) \u00e8 un allucinogeno semisintetico ed \u00e8 uno dei farmaci pi\u00f9 potenti conosciuti. Uso ricreativo .","og_url":"https:\/\/medicinasinc.com\/it\/product\/buy-liquid-lsd\/","og_site_name":"Medicinas Inc","article_modified_time":"2022-03-17T00:39:27+00:00","og_image":[{"width":512,"height":512,"url":"https:\/\/medicinasinc.com\/it\/wp-content\/uploads\/sites\/4\/2022\/02\/Buy-Liquid-LSD.jpg","type":"image\/jpeg"}],"twitter_card":"summary_large_image","twitter_misc":{"Tempo di lettura stimato":"3 minuti"},"schema":{"@context":"https:\/\/schema.org","@graph":[{"@type":"WebPage","@id":"https:\/\/medicinasinc.com\/it\/product\/buy-liquid-lsd\/","url":"https:\/\/medicinasinc.com\/it\/product\/buy-liquid-lsd\/","name":"Acquista LSD liquido - I migliori farmaci globali migliori","isPartOf":{"@id":"https:\/\/medicinasinc.com\/it\/#website"},"primaryImageOfPage":{"@id":"https:\/\/medicinasinc.com\/it\/product\/buy-liquid-lsd\/#primaryimage"},"image":{"@id":"https:\/\/medicinasinc.com\/it\/product\/buy-liquid-lsd\/#primaryimage"},"thumbnailUrl":"https:\/\/medicinasinc.com\/it\/wp-content\/uploads\/sites\/4\/2022\/02\/Buy-Liquid-LSD.jpg","datePublished":"2022-02-20T16:33:58+00:00","dateModified":"2022-03-17T00:39:27+00:00","description":"Acquista LSD online LSD liquido, Dettagli Lysergide (LSD) \u00e8 un allucinogeno semisintetico ed \u00e8 uno dei farmaci pi\u00f9 potenti conosciuti. Uso ricreativo .","breadcrumb":{"@id":"https:\/\/medicinasinc.com\/it\/product\/buy-liquid-lsd\/#breadcrumb"},"inLanguage":"it-IT","potentialAction":[{"@type":"ReadAction","target":["https:\/\/medicinasinc.com\/it\/product\/buy-liquid-lsd\/"]}]},{"@type":"ImageObject","inLanguage":"it-IT","@id":"https:\/\/medicinasinc.com\/it\/product\/buy-liquid-lsd\/#primaryimage","url":"https:\/\/medicinasinc.com\/it\/wp-content\/uploads\/sites\/4\/2022\/02\/Buy-Liquid-LSD.jpg","contentUrl":"https:\/\/medicinasinc.com\/it\/wp-content\/uploads\/sites\/4\/2022\/02\/Buy-Liquid-LSD.jpg","width":512,"height":512},{"@type":"BreadcrumbList","@id":"https:\/\/medicinasinc.com\/it\/product\/buy-liquid-lsd\/#breadcrumb","itemListElement":[{"@type":"ListItem","position":1,"name":"Negozio","item":"https:\/\/medicinasinc.com\/it\/negozio\/"},{"@type":"ListItem","position":2,"name":"Compra LSD liquido"}]},{"@type":"WebSite","@id":"https:\/\/medicinasinc.com\/it\/#website","url":"https:\/\/medicinasinc.com\/it\/","name":"Medicinas Inc","description":"Health Medical Clinic","potentialAction":[{"@type":"SearchAction","target":{"@type":"EntryPoint","urlTemplate":"https:\/\/medicinasinc.com\/it\/?s={search_term_string}"},"query-input":{"@type":"PropertyValueSpecification","valueRequired":true,"valueName":"search_term_string"}}],"inLanguage":"it-IT"}]}},"_links":{"self":[{"href":"https:\/\/medicinasinc.com\/it\/wp-json\/wp\/v2\/product\/4829","targetHints":{"allow":["GET"]}}],"collection":[{"href":"https:\/\/medicinasinc.com\/it\/wp-json\/wp\/v2\/product"}],"about":[{"href":"https:\/\/medicinasinc.com\/it\/wp-json\/wp\/v2\/types\/product"}],"replies":[{"embeddable":true,"href":"https:\/\/medicinasinc.com\/it\/wp-json\/wp\/v2\/comments?post=4829"}],"wp:featuredmedia":[{"embeddable":true,"href":"https:\/\/medicinasinc.com\/it\/wp-json\/wp\/v2\/media\/4842"}],"wp:attachment":[{"href":"https:\/\/medicinasinc.com\/it\/wp-json\/wp\/v2\/media?parent=4829"}],"wp:term":[{"taxonomy":"product_brand","embeddable":true,"href":"https:\/\/medicinasinc.com\/it\/wp-json\/wp\/v2\/product_brand?post=4829"},{"taxonomy":"product_cat","embeddable":true,"href":"https:\/\/medicinasinc.com\/it\/wp-json\/wp\/v2\/product_cat?post=4829"},{"taxonomy":"product_tag","embeddable":true,"href":"https:\/\/medicinasinc.com\/it\/wp-json\/wp\/v2\/product_tag?post=4829"}],"curies":[{"name":"wp","href":"https:\/\/api.w.org\/{rel}","templated":true}]}}