{"id":4810,"date":"2022-02-20T16:18:47","date_gmt":"2022-02-20T16:18:47","guid":{"rendered":"https:\/\/medicinasinc.com\/it\/?post_type=product&#038;p=4810"},"modified":"2022-03-17T00:39:45","modified_gmt":"2022-03-17T00:39:45","slug":"buy-thca-cristalli-top-shelf","status":"publish","type":"product","link":"https:\/\/medicinasinc.com\/it\/product\/buy-thca-cristalli-top-shelf\/","title":{"rendered":"Acquista cristalli THCA &#8211; Ripiano superiore"},"content":{"rendered":"<p>Crystalline THCA<\/p>\n<p>THCA Crystalline, in alternativa denominato &#8220;cristalli&#8221;, &#8220;cristalli di THC&#8221; o &#8220;diamanti&#8221;, \u00e8 un concentrato di cannabis a stato solido. Ha l&#8217;aspetto di zucchero a velo, il tipo che si usa tipicamente per decorare i biscotti di zucchero o per brillare sulla superficie delle torte di frutta cotte al forno. Crystalline \u00e8 prodotto per rimuovere la materia vegetale e i terpeni, che sono le caratteristiche aromatiche e aromatiche distintive di una cultivar o variet\u00e0 di cannabis.<\/p>\n<p>SIGNIFICATO DEL THCA Crystalline<\/p>\n<p>Potresti aver sentito il termine &#8221; Cristalli di THC&#8221; o &#8220;THC cristallino&#8221; usato per riferirsi a cristallino, ma il THC, che produce uno sballo inebriante, non \u00e8 cristallino; chimicamente, il THC non \u00e8 in grado di formare una struttura cristallina. In altre parole, ci\u00f2 che viene spesso chiamato &#8220;cristalli di THC&#8221; non \u00e8 puro THC, ma una forma di puro THCA. Al momento del consumo, il THCA si cristallizza in THC attivo tramite la decarbossilazione. Crystalline \u00e8 prodotto con un singolo cannabinoide. THCA, CBDA e CBD sono gli unici cannabinoidi disponibili in forma cristallina. Chiunque consumi THCA, CBDA o CBD non sperimenter\u00e0 uno sballo inebriante, anche se il THCA si converte in THC quando viene riscaldato, rendendo il cristallino inebriante.<\/p>\n<p>COME CREARE IL THCA CRISTALLINO<\/p>\n<p>Crystalline viene spesso fumato o tamponato con un dab rig. Un dab rig \u00e8 un apparecchio per fumare, simile a un piccolo bong d&#8217;acqua, che vaporizza il cristallo riscaldato per l&#8217;inalazione in dosi singole e misurate. I cristallini vengono spesso consumati per via orale, sia come ingrediente negli alimenti che disciolti nell&#8217;olio per creare un prodotto simile a una tintura. I cristalli vengono spesso disciolti in olio vegetale o burro e usati come ingrediente negli alimenti fatti in casa. Gli oli vegetali e di copra sono i solventi pi\u00f9 utilizzati per sciogliere i cristalli per creare un prodotto simile alla tintura.<\/p>\n","protected":false},"excerpt":{"rendered":"<p>Compra il cristallino online in Europa, il cristallo in vendita, i diamanti cristallini nei Paesi Bassi, il cristallino vicino a me, i cristalli in vendita in Europa.<\/p>\n<ul>\n<li>Spedizione in tutto il mondo<\/li>\n<li><strong>Un concentrato composto dal 97-99% di THC<\/strong><\/li>\n<li><strong>THC-A puro al 99%<\/strong><\/li>\n<li><strong>Contattaci <\/strong>\u00a0per ordini pi\u00f9 grandi<\/li>\n<\/ul>\n","protected":false},"featured_media":4823,"comment_status":"open","ping_status":"closed","template":"","meta":[],"product_brand":[],"product_cat":[702],"product_tag":[],"class_list":{"0":"post-4810","1":"product","2":"type-product","3":"status-publish","4":"has-post-thumbnail","6":"product_cat-compra-cannabis-cera","8":"first","9":"instock","10":"shipping-taxable","11":"purchasable","12":"product-type-variable","13":"has-default-attributes"},"yoast_head":"<!-- This site is optimized with the Yoast SEO plugin v27.3 - https:\/\/yoast.com\/product\/yoast-seo-wordpress\/ -->\n<title>Acquista cristalli di THCA - Ripiano superiore - I migliori farmaci globali migliori<\/title>\n<meta name=\"description\" content=\"Acquista thca cristallino online Europa, thca crystal in vendita, diamanti cristallini NL, thc cristallino vicino a me, acquista thc cristalli in Europa.\" \/>\n<meta name=\"robots\" content=\"index, follow, max-snippet:-1, max-image-preview:large, max-video-preview:-1\" \/>\n<link rel=\"canonical\" href=\"https:\/\/medicinasinc.com\/it\/product\/buy-thca-cristalli-top-shelf\/\" \/>\n<meta property=\"og:locale\" content=\"it_IT\" \/>\n<meta property=\"og:type\" content=\"article\" \/>\n<meta property=\"og:title\" content=\"Acquista cristalli di THCA - Ripiano superiore - I migliori farmaci globali migliori\" \/>\n<meta property=\"og:description\" content=\"Acquista thca cristallino online Europa, thca crystal in vendita, diamanti cristallini NL, thc cristallino vicino a me, acquista thc cristalli in Europa.\" \/>\n<meta property=\"og:url\" content=\"https:\/\/medicinasinc.com\/it\/product\/buy-thca-cristalli-top-shelf\/\" \/>\n<meta property=\"og:site_name\" content=\"Medicinas Inc\" \/>\n<meta property=\"article:modified_time\" content=\"2022-03-17T00:39:45+00:00\" \/>\n<meta property=\"og:image\" content=\"https:\/\/medicinasinc.com\/it\/wp-content\/uploads\/sites\/4\/2022\/02\/Buy-THCA-Crystals-Top-Shelf.jpg\" \/>\n\t<meta property=\"og:image:width\" content=\"600\" \/>\n\t<meta property=\"og:image:height\" content=\"600\" \/>\n\t<meta property=\"og:image:type\" content=\"image\/jpeg\" \/>\n<meta name=\"twitter:card\" content=\"summary_large_image\" \/>\n<meta name=\"twitter:label1\" content=\"Tempo di lettura stimato\" \/>\n\t<meta name=\"twitter:data1\" content=\"2 minuti\" \/>\n<script type=\"application\/ld+json\" class=\"yoast-schema-graph\">{\"@context\":\"https:\\\/\\\/schema.org\",\"@graph\":[{\"@type\":\"WebPage\",\"@id\":\"https:\\\/\\\/medicinasinc.com\\\/it\\\/product\\\/buy-thca-cristalli-top-shelf\\\/\",\"url\":\"https:\\\/\\\/medicinasinc.com\\\/it\\\/product\\\/buy-thca-cristalli-top-shelf\\\/\",\"name\":\"Acquista cristalli di THCA - Ripiano superiore - I migliori farmaci globali migliori\",\"isPartOf\":{\"@id\":\"https:\\\/\\\/medicinasinc.com\\\/it\\\/#website\"},\"primaryImageOfPage\":{\"@id\":\"https:\\\/\\\/medicinasinc.com\\\/it\\\/product\\\/buy-thca-cristalli-top-shelf\\\/#primaryimage\"},\"image\":{\"@id\":\"https:\\\/\\\/medicinasinc.com\\\/it\\\/product\\\/buy-thca-cristalli-top-shelf\\\/#primaryimage\"},\"thumbnailUrl\":\"https:\\\/\\\/medicinasinc.com\\\/it\\\/wp-content\\\/uploads\\\/sites\\\/4\\\/2022\\\/02\\\/Buy-THCA-Crystals-Top-Shelf.jpg\",\"datePublished\":\"2022-02-20T16:18:47+00:00\",\"dateModified\":\"2022-03-17T00:39:45+00:00\",\"description\":\"Acquista thca cristallino online Europa, thca crystal in vendita, diamanti cristallini NL, thc cristallino vicino a me, acquista thc cristalli in Europa.\",\"breadcrumb\":{\"@id\":\"https:\\\/\\\/medicinasinc.com\\\/it\\\/product\\\/buy-thca-cristalli-top-shelf\\\/#breadcrumb\"},\"inLanguage\":\"it-IT\",\"potentialAction\":[{\"@type\":\"ReadAction\",\"target\":[\"https:\\\/\\\/medicinasinc.com\\\/it\\\/product\\\/buy-thca-cristalli-top-shelf\\\/\"]}]},{\"@type\":\"ImageObject\",\"inLanguage\":\"it-IT\",\"@id\":\"https:\\\/\\\/medicinasinc.com\\\/it\\\/product\\\/buy-thca-cristalli-top-shelf\\\/#primaryimage\",\"url\":\"https:\\\/\\\/medicinasinc.com\\\/it\\\/wp-content\\\/uploads\\\/sites\\\/4\\\/2022\\\/02\\\/Buy-THCA-Crystals-Top-Shelf.jpg\",\"contentUrl\":\"https:\\\/\\\/medicinasinc.com\\\/it\\\/wp-content\\\/uploads\\\/sites\\\/4\\\/2022\\\/02\\\/Buy-THCA-Crystals-Top-Shelf.jpg\",\"width\":600,\"height\":600},{\"@type\":\"BreadcrumbList\",\"@id\":\"https:\\\/\\\/medicinasinc.com\\\/it\\\/product\\\/buy-thca-cristalli-top-shelf\\\/#breadcrumb\",\"itemListElement\":[{\"@type\":\"ListItem\",\"position\":1,\"name\":\"Negozio\",\"item\":\"https:\\\/\\\/medicinasinc.com\\\/it\\\/negozio\\\/\"},{\"@type\":\"ListItem\",\"position\":2,\"name\":\"Acquista cristalli THCA &#8211; Ripiano superiore\"}]},{\"@type\":\"WebSite\",\"@id\":\"https:\\\/\\\/medicinasinc.com\\\/it\\\/#website\",\"url\":\"https:\\\/\\\/medicinasinc.com\\\/it\\\/\",\"name\":\"Medicinas Inc\",\"description\":\"Health Medical Clinic\",\"potentialAction\":[{\"@type\":\"SearchAction\",\"target\":{\"@type\":\"EntryPoint\",\"urlTemplate\":\"https:\\\/\\\/medicinasinc.com\\\/it\\\/?s={search_term_string}\"},\"query-input\":{\"@type\":\"PropertyValueSpecification\",\"valueRequired\":true,\"valueName\":\"search_term_string\"}}],\"inLanguage\":\"it-IT\"}]}<\/script>\n<!-- \/ Yoast SEO plugin. -->","yoast_head_json":{"title":"Acquista cristalli di THCA - Ripiano superiore - I migliori farmaci globali migliori","description":"Acquista thca cristallino online Europa, thca crystal in vendita, diamanti cristallini NL, thc cristallino vicino a me, acquista thc cristalli in Europa.","robots":{"index":"index","follow":"follow","max-snippet":"max-snippet:-1","max-image-preview":"max-image-preview:large","max-video-preview":"max-video-preview:-1"},"canonical":"https:\/\/medicinasinc.com\/it\/product\/buy-thca-cristalli-top-shelf\/","og_locale":"it_IT","og_type":"article","og_title":"Acquista cristalli di THCA - Ripiano superiore - I migliori farmaci globali migliori","og_description":"Acquista thca cristallino online Europa, thca crystal in vendita, diamanti cristallini NL, thc cristallino vicino a me, acquista thc cristalli in Europa.","og_url":"https:\/\/medicinasinc.com\/it\/product\/buy-thca-cristalli-top-shelf\/","og_site_name":"Medicinas Inc","article_modified_time":"2022-03-17T00:39:45+00:00","og_image":[{"width":600,"height":600,"url":"https:\/\/medicinasinc.com\/it\/wp-content\/uploads\/sites\/4\/2022\/02\/Buy-THCA-Crystals-Top-Shelf.jpg","type":"image\/jpeg"}],"twitter_card":"summary_large_image","twitter_misc":{"Tempo di lettura stimato":"2 minuti"},"schema":{"@context":"https:\/\/schema.org","@graph":[{"@type":"WebPage","@id":"https:\/\/medicinasinc.com\/it\/product\/buy-thca-cristalli-top-shelf\/","url":"https:\/\/medicinasinc.com\/it\/product\/buy-thca-cristalli-top-shelf\/","name":"Acquista cristalli di THCA - Ripiano superiore - I migliori farmaci globali migliori","isPartOf":{"@id":"https:\/\/medicinasinc.com\/it\/#website"},"primaryImageOfPage":{"@id":"https:\/\/medicinasinc.com\/it\/product\/buy-thca-cristalli-top-shelf\/#primaryimage"},"image":{"@id":"https:\/\/medicinasinc.com\/it\/product\/buy-thca-cristalli-top-shelf\/#primaryimage"},"thumbnailUrl":"https:\/\/medicinasinc.com\/it\/wp-content\/uploads\/sites\/4\/2022\/02\/Buy-THCA-Crystals-Top-Shelf.jpg","datePublished":"2022-02-20T16:18:47+00:00","dateModified":"2022-03-17T00:39:45+00:00","description":"Acquista thca cristallino online Europa, thca crystal in vendita, diamanti cristallini NL, thc cristallino vicino a me, acquista thc cristalli in Europa.","breadcrumb":{"@id":"https:\/\/medicinasinc.com\/it\/product\/buy-thca-cristalli-top-shelf\/#breadcrumb"},"inLanguage":"it-IT","potentialAction":[{"@type":"ReadAction","target":["https:\/\/medicinasinc.com\/it\/product\/buy-thca-cristalli-top-shelf\/"]}]},{"@type":"ImageObject","inLanguage":"it-IT","@id":"https:\/\/medicinasinc.com\/it\/product\/buy-thca-cristalli-top-shelf\/#primaryimage","url":"https:\/\/medicinasinc.com\/it\/wp-content\/uploads\/sites\/4\/2022\/02\/Buy-THCA-Crystals-Top-Shelf.jpg","contentUrl":"https:\/\/medicinasinc.com\/it\/wp-content\/uploads\/sites\/4\/2022\/02\/Buy-THCA-Crystals-Top-Shelf.jpg","width":600,"height":600},{"@type":"BreadcrumbList","@id":"https:\/\/medicinasinc.com\/it\/product\/buy-thca-cristalli-top-shelf\/#breadcrumb","itemListElement":[{"@type":"ListItem","position":1,"name":"Negozio","item":"https:\/\/medicinasinc.com\/it\/negozio\/"},{"@type":"ListItem","position":2,"name":"Acquista cristalli THCA &#8211; Ripiano superiore"}]},{"@type":"WebSite","@id":"https:\/\/medicinasinc.com\/it\/#website","url":"https:\/\/medicinasinc.com\/it\/","name":"Medicinas Inc","description":"Health Medical Clinic","potentialAction":[{"@type":"SearchAction","target":{"@type":"EntryPoint","urlTemplate":"https:\/\/medicinasinc.com\/it\/?s={search_term_string}"},"query-input":{"@type":"PropertyValueSpecification","valueRequired":true,"valueName":"search_term_string"}}],"inLanguage":"it-IT"}]}},"_links":{"self":[{"href":"https:\/\/medicinasinc.com\/it\/wp-json\/wp\/v2\/product\/4810","targetHints":{"allow":["GET"]}}],"collection":[{"href":"https:\/\/medicinasinc.com\/it\/wp-json\/wp\/v2\/product"}],"about":[{"href":"https:\/\/medicinasinc.com\/it\/wp-json\/wp\/v2\/types\/product"}],"replies":[{"embeddable":true,"href":"https:\/\/medicinasinc.com\/it\/wp-json\/wp\/v2\/comments?post=4810"}],"wp:featuredmedia":[{"embeddable":true,"href":"https:\/\/medicinasinc.com\/it\/wp-json\/wp\/v2\/media\/4823"}],"wp:attachment":[{"href":"https:\/\/medicinasinc.com\/it\/wp-json\/wp\/v2\/media?parent=4810"}],"wp:term":[{"taxonomy":"product_brand","embeddable":true,"href":"https:\/\/medicinasinc.com\/it\/wp-json\/wp\/v2\/product_brand?post=4810"},{"taxonomy":"product_cat","embeddable":true,"href":"https:\/\/medicinasinc.com\/it\/wp-json\/wp\/v2\/product_cat?post=4810"},{"taxonomy":"product_tag","embeddable":true,"href":"https:\/\/medicinasinc.com\/it\/wp-json\/wp\/v2\/product_tag?post=4810"}],"curies":[{"name":"wp","href":"https:\/\/api.w.org\/{rel}","templated":true}]}}