{"id":4808,"date":"2022-02-20T16:17:53","date_gmt":"2022-02-20T16:17:53","guid":{"rendered":"https:\/\/medicinasinc.com\/it\/?post_type=product&#038;p=4808"},"modified":"2022-03-17T00:39:53","modified_gmt":"2022-03-17T00:39:53","slug":"buy-1p-lsd-100mcg-blotter","status":"publish","type":"product","link":"https:\/\/medicinasinc.com\/it\/product\/buy-1p-lsd-100mcg-blotter\/","title":{"rendered":"Acquista blotter 1P-LSD 100mcg"},"content":{"rendered":"<p>Acquista i blotter 1P-LSD 100mcg con uno sconto online.<\/p>\n<p>L.S.D. \u00e8 una variet\u00e0 prevalentemente Indica che prende il nome da un farmaco estremamente allucinogeno a causa dell&#8217;effetto estremamente allucinogeno e cerebrale della variet\u00e0. La tensione inizia con un energico senso di gioia che ha il potenziale per offuscare la mente e lasciare alcuni clienti completamente confusi e &#8220;intellettualmente bloccati&#8221;. Nonostante la forte stimolazione cerebrale, alcuni clienti riferiscono di sentirsi pi\u00f9 innovativi o socievoli dopo aver utilizzato l&#8217;LSD<\/p>\n<p>Acquista i blotter 1P-LSD 100mcg online a un prezzo scontato.<\/p>\n<p>Questo livello di stimolazione mentale \u00e8 estremamente insolito per un&#8217;Indica. Come ci si potrebbe aspettare da una sostanza di derivazione Indica, L.S.D. ha anche effetti corporei tipici di derivazione Indica. I clienti notano spesso il rivoluzionario effetto desensibilizzante del corpo una o due ore dopo l&#8217;ingestione, quando la maggior parte dell&#8217;effetto cerebrale \u00e8 svanito. Gli effetti avversi possono includere bocca di cotone, secchezza degli occhi, sonnolenza, mal di testa e lieve sfiducia.<\/p>\n<p>Per la maggior parte, questo ceppo pu\u00f2 essere utilizzato in qualsiasi momento della giornata per alleviare il dolore lancinante da lieve a grave. L&#8217;LSD \u00e8 spesso prescritto per aiutare nella gestione della pressione, del disagio o della miseria. Inoltre, i pazienti usano il ceppo per curare l&#8217;insonnia e alcuni lo usano per combattere il mal di testa.<\/p>\n<p>L.S.D. \u00e8 un incrocio tra una Mazar e un assortimento di skunk estremamente vecchio, Skunk #1, creato da Barney&#8217;s Farm. Sebbene questa variet\u00e0 non sia raccomandata per i nuovi produttori, \u00e8 estremamente facile da coltivare grazie alla sua resistenza a numerose infezioni e alla capacit\u00e0 di essere coltivata sia all&#8217;aperto che al chiuso. Con un tempo di fioritura compreso tra 65 e 78 giorni, L.S.D. pu\u00f2 produrre fino a 650 grammi per metro quadrato. Occasionalmente superando i 60 centimetri di lunghezza, il ceppo termina tipicamente ad aprile all&#8217;equatore meridionale e ad ottobre a nord. Questa variet\u00e0 ha un contenuto di THC fino al 24%.<\/p>\n","protected":false},"excerpt":{"rendered":"<p>Dove posso acquistare i blotter 1P-LSD? I migliori prodotti chimici di ricerca sul mercato &#8211; Consegna rapida! Acquista blotter 1P-LSD tramite Bitcoin, bonifico bancario e altri metodi.<\/p>\n","protected":false},"featured_media":4821,"comment_status":"open","ping_status":"closed","template":"","meta":[],"product_brand":[],"product_cat":[703],"product_tag":[],"class_list":{"0":"post-4808","1":"product","2":"type-product","3":"status-publish","4":"has-post-thumbnail","6":"product_cat-compra-droghe-psichedeliche","8":"first","9":"instock","10":"shipping-taxable","11":"purchasable","12":"product-type-variable","13":"has-default-attributes"},"yoast_head":"<!-- This site is optimized with the Yoast SEO plugin v27.3 - https:\/\/yoast.com\/product\/yoast-seo-wordpress\/ -->\n<title>Acquista 1P-LSD assorbenti economici da 100 mcg - I migliori farmaci globali<\/title>\n<meta name=\"description\" content=\"Ordine assorbenti 1P-LSD? I migliori prodotti chimici di ricerca - consegna veloce! Acquista blotter 1P-LSD con Bitcoin, bonifico bancario e altro ancora.\" \/>\n<meta name=\"robots\" content=\"index, follow, max-snippet:-1, max-image-preview:large, max-video-preview:-1\" \/>\n<link rel=\"canonical\" href=\"https:\/\/medicinasinc.com\/it\/product\/buy-1p-lsd-100mcg-blotter\/\" \/>\n<meta property=\"og:locale\" content=\"it_IT\" \/>\n<meta property=\"og:type\" content=\"article\" \/>\n<meta property=\"og:title\" content=\"Acquista 1P-LSD assorbenti economici da 100 mcg - I migliori farmaci globali\" \/>\n<meta property=\"og:description\" content=\"Ordine assorbenti 1P-LSD? I migliori prodotti chimici di ricerca - consegna veloce! Acquista blotter 1P-LSD con Bitcoin, bonifico bancario e altro ancora.\" \/>\n<meta property=\"og:url\" content=\"https:\/\/medicinasinc.com\/it\/product\/buy-1p-lsd-100mcg-blotter\/\" \/>\n<meta property=\"og:site_name\" content=\"Medicinas Inc\" \/>\n<meta property=\"article:modified_time\" content=\"2022-03-17T00:39:53+00:00\" \/>\n<meta property=\"og:image\" content=\"https:\/\/medicinasinc.com\/it\/wp-content\/uploads\/sites\/4\/2022\/02\/Buy-1P-LSD-100mcg-Blotters-cheap-online.jpg\" \/>\n\t<meta property=\"og:image:width\" content=\"600\" \/>\n\t<meta property=\"og:image:height\" content=\"600\" \/>\n\t<meta property=\"og:image:type\" content=\"image\/jpeg\" \/>\n<meta name=\"twitter:card\" content=\"summary_large_image\" \/>\n<meta name=\"twitter:label1\" content=\"Tempo di lettura stimato\" \/>\n\t<meta name=\"twitter:data1\" content=\"2 minuti\" \/>\n<script type=\"application\/ld+json\" class=\"yoast-schema-graph\">{\"@context\":\"https:\\\/\\\/schema.org\",\"@graph\":[{\"@type\":\"WebPage\",\"@id\":\"https:\\\/\\\/medicinasinc.com\\\/it\\\/product\\\/buy-1p-lsd-100mcg-blotter\\\/\",\"url\":\"https:\\\/\\\/medicinasinc.com\\\/it\\\/product\\\/buy-1p-lsd-100mcg-blotter\\\/\",\"name\":\"Acquista 1P-LSD assorbenti economici da 100 mcg - I migliori farmaci globali\",\"isPartOf\":{\"@id\":\"https:\\\/\\\/medicinasinc.com\\\/it\\\/#website\"},\"primaryImageOfPage\":{\"@id\":\"https:\\\/\\\/medicinasinc.com\\\/it\\\/product\\\/buy-1p-lsd-100mcg-blotter\\\/#primaryimage\"},\"image\":{\"@id\":\"https:\\\/\\\/medicinasinc.com\\\/it\\\/product\\\/buy-1p-lsd-100mcg-blotter\\\/#primaryimage\"},\"thumbnailUrl\":\"https:\\\/\\\/medicinasinc.com\\\/it\\\/wp-content\\\/uploads\\\/sites\\\/4\\\/2022\\\/02\\\/Buy-1P-LSD-100mcg-Blotters-cheap-online.jpg\",\"datePublished\":\"2022-02-20T16:17:53+00:00\",\"dateModified\":\"2022-03-17T00:39:53+00:00\",\"description\":\"Ordine assorbenti 1P-LSD? I migliori prodotti chimici di ricerca - consegna veloce! Acquista blotter 1P-LSD con Bitcoin, bonifico bancario e altro ancora.\",\"breadcrumb\":{\"@id\":\"https:\\\/\\\/medicinasinc.com\\\/it\\\/product\\\/buy-1p-lsd-100mcg-blotter\\\/#breadcrumb\"},\"inLanguage\":\"it-IT\",\"potentialAction\":[{\"@type\":\"ReadAction\",\"target\":[\"https:\\\/\\\/medicinasinc.com\\\/it\\\/product\\\/buy-1p-lsd-100mcg-blotter\\\/\"]}]},{\"@type\":\"ImageObject\",\"inLanguage\":\"it-IT\",\"@id\":\"https:\\\/\\\/medicinasinc.com\\\/it\\\/product\\\/buy-1p-lsd-100mcg-blotter\\\/#primaryimage\",\"url\":\"https:\\\/\\\/medicinasinc.com\\\/it\\\/wp-content\\\/uploads\\\/sites\\\/4\\\/2022\\\/02\\\/Buy-1P-LSD-100mcg-Blotters-cheap-online.jpg\",\"contentUrl\":\"https:\\\/\\\/medicinasinc.com\\\/it\\\/wp-content\\\/uploads\\\/sites\\\/4\\\/2022\\\/02\\\/Buy-1P-LSD-100mcg-Blotters-cheap-online.jpg\",\"width\":600,\"height\":600},{\"@type\":\"BreadcrumbList\",\"@id\":\"https:\\\/\\\/medicinasinc.com\\\/it\\\/product\\\/buy-1p-lsd-100mcg-blotter\\\/#breadcrumb\",\"itemListElement\":[{\"@type\":\"ListItem\",\"position\":1,\"name\":\"Negozio\",\"item\":\"https:\\\/\\\/medicinasinc.com\\\/it\\\/negozio\\\/\"},{\"@type\":\"ListItem\",\"position\":2,\"name\":\"Acquista blotter 1P-LSD 100mcg\"}]},{\"@type\":\"WebSite\",\"@id\":\"https:\\\/\\\/medicinasinc.com\\\/it\\\/#website\",\"url\":\"https:\\\/\\\/medicinasinc.com\\\/it\\\/\",\"name\":\"Medicinas Inc\",\"description\":\"Health Medical Clinic\",\"potentialAction\":[{\"@type\":\"SearchAction\",\"target\":{\"@type\":\"EntryPoint\",\"urlTemplate\":\"https:\\\/\\\/medicinasinc.com\\\/it\\\/?s={search_term_string}\"},\"query-input\":{\"@type\":\"PropertyValueSpecification\",\"valueRequired\":true,\"valueName\":\"search_term_string\"}}],\"inLanguage\":\"it-IT\"}]}<\/script>\n<!-- \/ Yoast SEO plugin. -->","yoast_head_json":{"title":"Acquista 1P-LSD assorbenti economici da 100 mcg - I migliori farmaci globali","description":"Ordine assorbenti 1P-LSD? I migliori prodotti chimici di ricerca - consegna veloce! Acquista blotter 1P-LSD con Bitcoin, bonifico bancario e altro ancora.","robots":{"index":"index","follow":"follow","max-snippet":"max-snippet:-1","max-image-preview":"max-image-preview:large","max-video-preview":"max-video-preview:-1"},"canonical":"https:\/\/medicinasinc.com\/it\/product\/buy-1p-lsd-100mcg-blotter\/","og_locale":"it_IT","og_type":"article","og_title":"Acquista 1P-LSD assorbenti economici da 100 mcg - I migliori farmaci globali","og_description":"Ordine assorbenti 1P-LSD? I migliori prodotti chimici di ricerca - consegna veloce! Acquista blotter 1P-LSD con Bitcoin, bonifico bancario e altro ancora.","og_url":"https:\/\/medicinasinc.com\/it\/product\/buy-1p-lsd-100mcg-blotter\/","og_site_name":"Medicinas Inc","article_modified_time":"2022-03-17T00:39:53+00:00","og_image":[{"width":600,"height":600,"url":"https:\/\/medicinasinc.com\/it\/wp-content\/uploads\/sites\/4\/2022\/02\/Buy-1P-LSD-100mcg-Blotters-cheap-online.jpg","type":"image\/jpeg"}],"twitter_card":"summary_large_image","twitter_misc":{"Tempo di lettura stimato":"2 minuti"},"schema":{"@context":"https:\/\/schema.org","@graph":[{"@type":"WebPage","@id":"https:\/\/medicinasinc.com\/it\/product\/buy-1p-lsd-100mcg-blotter\/","url":"https:\/\/medicinasinc.com\/it\/product\/buy-1p-lsd-100mcg-blotter\/","name":"Acquista 1P-LSD assorbenti economici da 100 mcg - I migliori farmaci globali","isPartOf":{"@id":"https:\/\/medicinasinc.com\/it\/#website"},"primaryImageOfPage":{"@id":"https:\/\/medicinasinc.com\/it\/product\/buy-1p-lsd-100mcg-blotter\/#primaryimage"},"image":{"@id":"https:\/\/medicinasinc.com\/it\/product\/buy-1p-lsd-100mcg-blotter\/#primaryimage"},"thumbnailUrl":"https:\/\/medicinasinc.com\/it\/wp-content\/uploads\/sites\/4\/2022\/02\/Buy-1P-LSD-100mcg-Blotters-cheap-online.jpg","datePublished":"2022-02-20T16:17:53+00:00","dateModified":"2022-03-17T00:39:53+00:00","description":"Ordine assorbenti 1P-LSD? I migliori prodotti chimici di ricerca - consegna veloce! Acquista blotter 1P-LSD con Bitcoin, bonifico bancario e altro ancora.","breadcrumb":{"@id":"https:\/\/medicinasinc.com\/it\/product\/buy-1p-lsd-100mcg-blotter\/#breadcrumb"},"inLanguage":"it-IT","potentialAction":[{"@type":"ReadAction","target":["https:\/\/medicinasinc.com\/it\/product\/buy-1p-lsd-100mcg-blotter\/"]}]},{"@type":"ImageObject","inLanguage":"it-IT","@id":"https:\/\/medicinasinc.com\/it\/product\/buy-1p-lsd-100mcg-blotter\/#primaryimage","url":"https:\/\/medicinasinc.com\/it\/wp-content\/uploads\/sites\/4\/2022\/02\/Buy-1P-LSD-100mcg-Blotters-cheap-online.jpg","contentUrl":"https:\/\/medicinasinc.com\/it\/wp-content\/uploads\/sites\/4\/2022\/02\/Buy-1P-LSD-100mcg-Blotters-cheap-online.jpg","width":600,"height":600},{"@type":"BreadcrumbList","@id":"https:\/\/medicinasinc.com\/it\/product\/buy-1p-lsd-100mcg-blotter\/#breadcrumb","itemListElement":[{"@type":"ListItem","position":1,"name":"Negozio","item":"https:\/\/medicinasinc.com\/it\/negozio\/"},{"@type":"ListItem","position":2,"name":"Acquista blotter 1P-LSD 100mcg"}]},{"@type":"WebSite","@id":"https:\/\/medicinasinc.com\/it\/#website","url":"https:\/\/medicinasinc.com\/it\/","name":"Medicinas Inc","description":"Health Medical Clinic","potentialAction":[{"@type":"SearchAction","target":{"@type":"EntryPoint","urlTemplate":"https:\/\/medicinasinc.com\/it\/?s={search_term_string}"},"query-input":{"@type":"PropertyValueSpecification","valueRequired":true,"valueName":"search_term_string"}}],"inLanguage":"it-IT"}]}},"_links":{"self":[{"href":"https:\/\/medicinasinc.com\/it\/wp-json\/wp\/v2\/product\/4808","targetHints":{"allow":["GET"]}}],"collection":[{"href":"https:\/\/medicinasinc.com\/it\/wp-json\/wp\/v2\/product"}],"about":[{"href":"https:\/\/medicinasinc.com\/it\/wp-json\/wp\/v2\/types\/product"}],"replies":[{"embeddable":true,"href":"https:\/\/medicinasinc.com\/it\/wp-json\/wp\/v2\/comments?post=4808"}],"wp:featuredmedia":[{"embeddable":true,"href":"https:\/\/medicinasinc.com\/it\/wp-json\/wp\/v2\/media\/4821"}],"wp:attachment":[{"href":"https:\/\/medicinasinc.com\/it\/wp-json\/wp\/v2\/media?parent=4808"}],"wp:term":[{"taxonomy":"product_brand","embeddable":true,"href":"https:\/\/medicinasinc.com\/it\/wp-json\/wp\/v2\/product_brand?post=4808"},{"taxonomy":"product_cat","embeddable":true,"href":"https:\/\/medicinasinc.com\/it\/wp-json\/wp\/v2\/product_cat?post=4808"},{"taxonomy":"product_tag","embeddable":true,"href":"https:\/\/medicinasinc.com\/it\/wp-json\/wp\/v2\/product_tag?post=4808"}],"curies":[{"name":"wp","href":"https:\/\/api.w.org\/{rel}","templated":true}]}}