{"id":4796,"date":"2022-02-20T16:07:08","date_gmt":"2022-02-20T16:07:08","guid":{"rendered":"https:\/\/medicinasinc.com\/it\/?post_type=product&#038;p=4796"},"modified":"2022-03-17T00:40:00","modified_gmt":"2022-03-17T00:40:00","slug":"buy-maui-wowie-budder-top-shelf","status":"publish","type":"product","link":"https:\/\/medicinasinc.com\/it\/product\/buy-maui-wowie-budder-top-shelf\/","title":{"rendered":"Acquista Maui Wowie Budder \u2013 Ripiano superiore"},"content":{"rendered":"<p>Acquista Maui Wowie Budder \u2013 Premium<\/p>\n<p>Maui Wowie \u00e8 una variet\u00e0 a predominanza Sativa originaria del fertile suolo vulcanico delle isole Hawaii. Una Sativa rilassante che ti far\u00e0 sognare ad occhi aperti le spiagge sabbiose tropicali delle Hawaii e l&#8217;ananas fresco e succoso. Un favorito dagli intenditori per i suoi aromi di ananas intensamente dolci e l&#8217;euforia energizzante. \u00c8 stato dimostrato che questa variet\u00e0 stimola il flusso creativo, consentendo alla mente di vagare liberamente e pacificamente, rendendola ideale per l&#8217;uso mattutino e diurno. Maui Waui \u00e8 abbastanza efficace nel trattamento di condizioni come stress, ansia e depressione se combinate con un aumento della concentrazione e un miglioramento generale dell&#8217;umore.<\/p>\n","protected":false},"excerpt":{"rendered":"<p>Acquista Maui Wowie Budder \u2013 Premium<\/p>\n<ul>\n<li>Spedizione in tutto il mondo<\/li>\n<li><strong>Grado: AAAAA<\/strong><\/li>\n<li>La quantit\u00e0 minima dell&#8217;ordine \u00e8 <strong>3<\/strong><\/li>\n<li><strong>Contattaci<\/strong>\u00a0per ordini pi\u00f9 grandi<\/li>\n<\/ul>\n","protected":false},"featured_media":4809,"comment_status":"open","ping_status":"closed","template":"","meta":[],"product_brand":[],"product_cat":[702],"product_tag":[],"class_list":{"0":"post-4796","1":"product","2":"type-product","3":"status-publish","4":"has-post-thumbnail","6":"product_cat-compra-cannabis-cera","8":"first","9":"instock","10":"shipping-taxable","11":"purchasable","12":"product-type-variable","13":"has-default-attributes"},"yoast_head":"<!-- This site is optimized with the Yoast SEO plugin v27.3 - https:\/\/yoast.com\/product\/yoast-seo-wordpress\/ -->\n<title>Acquista Maui Wowie Budder \u2013 Ripiano superiore - Medicinas Inc<\/title>\n<meta name=\"description\" content=\"Acquista Maui Wowie Budder \u2013 Premium\" \/>\n<meta name=\"robots\" content=\"index, follow, max-snippet:-1, max-image-preview:large, max-video-preview:-1\" \/>\n<link rel=\"canonical\" href=\"https:\/\/medicinasinc.com\/it\/product\/buy-maui-wowie-budder-top-shelf\/\" \/>\n<meta property=\"og:locale\" content=\"it_IT\" \/>\n<meta property=\"og:type\" content=\"article\" \/>\n<meta property=\"og:title\" content=\"Acquista Maui Wowie Budder \u2013 Ripiano superiore - Medicinas Inc\" \/>\n<meta property=\"og:description\" content=\"Acquista Maui Wowie Budder \u2013 Premium\" \/>\n<meta property=\"og:url\" content=\"https:\/\/medicinasinc.com\/it\/product\/buy-maui-wowie-budder-top-shelf\/\" \/>\n<meta property=\"og:site_name\" content=\"Medicinas Inc\" \/>\n<meta property=\"article:modified_time\" content=\"2022-03-17T00:40:00+00:00\" \/>\n<meta property=\"og:image\" content=\"https:\/\/medicinasinc.com\/it\/wp-content\/uploads\/sites\/4\/2022\/02\/Buy-Maui-Wowie-Budder.jpg\" \/>\n\t<meta property=\"og:image:width\" content=\"600\" \/>\n\t<meta property=\"og:image:height\" content=\"600\" \/>\n\t<meta property=\"og:image:type\" content=\"image\/jpeg\" \/>\n<meta name=\"twitter:card\" content=\"summary_large_image\" \/>\n<meta name=\"twitter:label1\" content=\"Tempo di lettura stimato\" \/>\n\t<meta name=\"twitter:data1\" content=\"1 minuto\" \/>\n<script type=\"application\/ld+json\" class=\"yoast-schema-graph\">{\"@context\":\"https:\\\/\\\/schema.org\",\"@graph\":[{\"@type\":\"WebPage\",\"@id\":\"https:\\\/\\\/medicinasinc.com\\\/it\\\/product\\\/buy-maui-wowie-budder-top-shelf\\\/\",\"url\":\"https:\\\/\\\/medicinasinc.com\\\/it\\\/product\\\/buy-maui-wowie-budder-top-shelf\\\/\",\"name\":\"Acquista Maui Wowie Budder \u2013 Ripiano superiore - Medicinas Inc\",\"isPartOf\":{\"@id\":\"https:\\\/\\\/medicinasinc.com\\\/it\\\/#website\"},\"primaryImageOfPage\":{\"@id\":\"https:\\\/\\\/medicinasinc.com\\\/it\\\/product\\\/buy-maui-wowie-budder-top-shelf\\\/#primaryimage\"},\"image\":{\"@id\":\"https:\\\/\\\/medicinasinc.com\\\/it\\\/product\\\/buy-maui-wowie-budder-top-shelf\\\/#primaryimage\"},\"thumbnailUrl\":\"https:\\\/\\\/medicinasinc.com\\\/it\\\/wp-content\\\/uploads\\\/sites\\\/4\\\/2022\\\/02\\\/Buy-Maui-Wowie-Budder.jpg\",\"datePublished\":\"2022-02-20T16:07:08+00:00\",\"dateModified\":\"2022-03-17T00:40:00+00:00\",\"description\":\"Acquista Maui Wowie Budder \u2013 Premium\",\"breadcrumb\":{\"@id\":\"https:\\\/\\\/medicinasinc.com\\\/it\\\/product\\\/buy-maui-wowie-budder-top-shelf\\\/#breadcrumb\"},\"inLanguage\":\"it-IT\",\"potentialAction\":[{\"@type\":\"ReadAction\",\"target\":[\"https:\\\/\\\/medicinasinc.com\\\/it\\\/product\\\/buy-maui-wowie-budder-top-shelf\\\/\"]}]},{\"@type\":\"ImageObject\",\"inLanguage\":\"it-IT\",\"@id\":\"https:\\\/\\\/medicinasinc.com\\\/it\\\/product\\\/buy-maui-wowie-budder-top-shelf\\\/#primaryimage\",\"url\":\"https:\\\/\\\/medicinasinc.com\\\/it\\\/wp-content\\\/uploads\\\/sites\\\/4\\\/2022\\\/02\\\/Buy-Maui-Wowie-Budder.jpg\",\"contentUrl\":\"https:\\\/\\\/medicinasinc.com\\\/it\\\/wp-content\\\/uploads\\\/sites\\\/4\\\/2022\\\/02\\\/Buy-Maui-Wowie-Budder.jpg\",\"width\":600,\"height\":600},{\"@type\":\"BreadcrumbList\",\"@id\":\"https:\\\/\\\/medicinasinc.com\\\/it\\\/product\\\/buy-maui-wowie-budder-top-shelf\\\/#breadcrumb\",\"itemListElement\":[{\"@type\":\"ListItem\",\"position\":1,\"name\":\"Negozio\",\"item\":\"https:\\\/\\\/medicinasinc.com\\\/it\\\/negozio\\\/\"},{\"@type\":\"ListItem\",\"position\":2,\"name\":\"Acquista Maui Wowie Budder \u2013 Ripiano superiore\"}]},{\"@type\":\"WebSite\",\"@id\":\"https:\\\/\\\/medicinasinc.com\\\/it\\\/#website\",\"url\":\"https:\\\/\\\/medicinasinc.com\\\/it\\\/\",\"name\":\"Medicinas Inc\",\"description\":\"Health Medical Clinic\",\"potentialAction\":[{\"@type\":\"SearchAction\",\"target\":{\"@type\":\"EntryPoint\",\"urlTemplate\":\"https:\\\/\\\/medicinasinc.com\\\/it\\\/?s={search_term_string}\"},\"query-input\":{\"@type\":\"PropertyValueSpecification\",\"valueRequired\":true,\"valueName\":\"search_term_string\"}}],\"inLanguage\":\"it-IT\"}]}<\/script>\n<!-- \/ Yoast SEO plugin. -->","yoast_head_json":{"title":"Acquista Maui Wowie Budder \u2013 Ripiano superiore - Medicinas Inc","description":"Acquista Maui Wowie Budder \u2013 Premium","robots":{"index":"index","follow":"follow","max-snippet":"max-snippet:-1","max-image-preview":"max-image-preview:large","max-video-preview":"max-video-preview:-1"},"canonical":"https:\/\/medicinasinc.com\/it\/product\/buy-maui-wowie-budder-top-shelf\/","og_locale":"it_IT","og_type":"article","og_title":"Acquista Maui Wowie Budder \u2013 Ripiano superiore - Medicinas Inc","og_description":"Acquista Maui Wowie Budder \u2013 Premium","og_url":"https:\/\/medicinasinc.com\/it\/product\/buy-maui-wowie-budder-top-shelf\/","og_site_name":"Medicinas Inc","article_modified_time":"2022-03-17T00:40:00+00:00","og_image":[{"width":600,"height":600,"url":"https:\/\/medicinasinc.com\/it\/wp-content\/uploads\/sites\/4\/2022\/02\/Buy-Maui-Wowie-Budder.jpg","type":"image\/jpeg"}],"twitter_card":"summary_large_image","twitter_misc":{"Tempo di lettura stimato":"1 minuto"},"schema":{"@context":"https:\/\/schema.org","@graph":[{"@type":"WebPage","@id":"https:\/\/medicinasinc.com\/it\/product\/buy-maui-wowie-budder-top-shelf\/","url":"https:\/\/medicinasinc.com\/it\/product\/buy-maui-wowie-budder-top-shelf\/","name":"Acquista Maui Wowie Budder \u2013 Ripiano superiore - Medicinas Inc","isPartOf":{"@id":"https:\/\/medicinasinc.com\/it\/#website"},"primaryImageOfPage":{"@id":"https:\/\/medicinasinc.com\/it\/product\/buy-maui-wowie-budder-top-shelf\/#primaryimage"},"image":{"@id":"https:\/\/medicinasinc.com\/it\/product\/buy-maui-wowie-budder-top-shelf\/#primaryimage"},"thumbnailUrl":"https:\/\/medicinasinc.com\/it\/wp-content\/uploads\/sites\/4\/2022\/02\/Buy-Maui-Wowie-Budder.jpg","datePublished":"2022-02-20T16:07:08+00:00","dateModified":"2022-03-17T00:40:00+00:00","description":"Acquista Maui Wowie Budder \u2013 Premium","breadcrumb":{"@id":"https:\/\/medicinasinc.com\/it\/product\/buy-maui-wowie-budder-top-shelf\/#breadcrumb"},"inLanguage":"it-IT","potentialAction":[{"@type":"ReadAction","target":["https:\/\/medicinasinc.com\/it\/product\/buy-maui-wowie-budder-top-shelf\/"]}]},{"@type":"ImageObject","inLanguage":"it-IT","@id":"https:\/\/medicinasinc.com\/it\/product\/buy-maui-wowie-budder-top-shelf\/#primaryimage","url":"https:\/\/medicinasinc.com\/it\/wp-content\/uploads\/sites\/4\/2022\/02\/Buy-Maui-Wowie-Budder.jpg","contentUrl":"https:\/\/medicinasinc.com\/it\/wp-content\/uploads\/sites\/4\/2022\/02\/Buy-Maui-Wowie-Budder.jpg","width":600,"height":600},{"@type":"BreadcrumbList","@id":"https:\/\/medicinasinc.com\/it\/product\/buy-maui-wowie-budder-top-shelf\/#breadcrumb","itemListElement":[{"@type":"ListItem","position":1,"name":"Negozio","item":"https:\/\/medicinasinc.com\/it\/negozio\/"},{"@type":"ListItem","position":2,"name":"Acquista Maui Wowie Budder \u2013 Ripiano superiore"}]},{"@type":"WebSite","@id":"https:\/\/medicinasinc.com\/it\/#website","url":"https:\/\/medicinasinc.com\/it\/","name":"Medicinas Inc","description":"Health Medical Clinic","potentialAction":[{"@type":"SearchAction","target":{"@type":"EntryPoint","urlTemplate":"https:\/\/medicinasinc.com\/it\/?s={search_term_string}"},"query-input":{"@type":"PropertyValueSpecification","valueRequired":true,"valueName":"search_term_string"}}],"inLanguage":"it-IT"}]}},"_links":{"self":[{"href":"https:\/\/medicinasinc.com\/it\/wp-json\/wp\/v2\/product\/4796","targetHints":{"allow":["GET"]}}],"collection":[{"href":"https:\/\/medicinasinc.com\/it\/wp-json\/wp\/v2\/product"}],"about":[{"href":"https:\/\/medicinasinc.com\/it\/wp-json\/wp\/v2\/types\/product"}],"replies":[{"embeddable":true,"href":"https:\/\/medicinasinc.com\/it\/wp-json\/wp\/v2\/comments?post=4796"}],"wp:featuredmedia":[{"embeddable":true,"href":"https:\/\/medicinasinc.com\/it\/wp-json\/wp\/v2\/media\/4809"}],"wp:attachment":[{"href":"https:\/\/medicinasinc.com\/it\/wp-json\/wp\/v2\/media?parent=4796"}],"wp:term":[{"taxonomy":"product_brand","embeddable":true,"href":"https:\/\/medicinasinc.com\/it\/wp-json\/wp\/v2\/product_brand?post=4796"},{"taxonomy":"product_cat","embeddable":true,"href":"https:\/\/medicinasinc.com\/it\/wp-json\/wp\/v2\/product_cat?post=4796"},{"taxonomy":"product_tag","embeddable":true,"href":"https:\/\/medicinasinc.com\/it\/wp-json\/wp\/v2\/product_tag?post=4796"}],"curies":[{"name":"wp","href":"https:\/\/api.w.org\/{rel}","templated":true}]}}