{"id":4794,"date":"2022-02-20T16:06:08","date_gmt":"2022-02-20T16:06:08","guid":{"rendered":"https:\/\/medicinasinc.com\/it\/?post_type=product&#038;p=4794"},"modified":"2022-03-17T00:40:12","modified_gmt":"2022-03-17T00:40:12","slug":"buy-nyc-diesel-budder-top-shelf","status":"publish","type":"product","link":"https:\/\/medicinasinc.com\/it\/product\/buy-nyc-diesel-budder-top-shelf\/","title":{"rendered":"Acquista NYC Diesel Budder \u2013 Ripiano superiore"},"content":{"rendered":"<p>Acquista New York City Diesel Budder \u2013 Top Shelf<\/p>\n<p>NYC Diesel \u00e8 una variet\u00e0 Sativa al 60% che \u00e8 un incrocio tra genetiche autoctone messicane e afgane. Ha un forte odore di pompelmi aspri e agrumi acidi. La NYC Diesel \u00e8 un&#8217;eccellente variet\u00e0 da giorno grazie alla sua elevata stimolazione cerebrale, che promuove lucidit\u00e0 mentale e prontezza. Oltre ai suoi effetti energizzanti, NYC Diesel eleva l&#8217;umore e stimola la creativit\u00e0, rendendolo un trattamento efficace per la depressione. Nel tempo, gli effetti di questo ceppo inducono un lieve stato di rilassamento nel corpo, che non provoca sonnolenza ma pu\u00f2 stimolare l&#8217;appetito in alcuni consumatori. L&#8217;uso pi\u00f9 efficace di NYC Diesel \u00e8 nel trattamento di ansia\/ansia sociale, depressione, dolore cronico, perdita di appetito e umore depresso.<\/p>\n","protected":false},"excerpt":{"rendered":"<p>Acquista NYC Diesel Budderl &#8211; Un incrocio tra variet\u00e0 autoctone messicane e afgane, questa variet\u00e0 a predominanza Sativa al 60% \u00e8 ora disponibile al miglior prezzo.<\/p>\n<ul>\n<li>Spedizione in tutto il mondo<\/li>\n<li><strong>Un concentrato composto da 97 -99% THC<\/strong><\/li>\n<li><strong>99% THC-A puro<\/strong><\/li>\n<li><strong>Contattaci<\/strong>\u00a0per ordini pi\u00f9 grandi<\/li>\n<\/ul>\n","protected":false},"featured_media":4807,"comment_status":"open","ping_status":"closed","template":"","meta":[],"product_brand":[],"product_cat":[702],"product_tag":[],"class_list":{"0":"post-4794","1":"product","2":"type-product","3":"status-publish","4":"has-post-thumbnail","6":"product_cat-compra-cannabis-cera","8":"first","9":"instock","10":"shipping-taxable","11":"purchasable","12":"product-type-variable","13":"has-default-attributes"},"yoast_head":"<!-- This site is optimized with the Yoast SEO plugin v27.3 - https:\/\/yoast.com\/product\/yoast-seo-wordpress\/ -->\n<title>Acquista NYC Diesel Budder - Top Shelf - Best Best Global Meds<\/title>\n<meta name=\"description\" content=\"Acquista NYC Diesel Budderl - Un incrocio tra variet\u00e0 autoctone messicane e afgane, \u00e8 una variet\u00e0 a predominanza Sativa al 60%, ora disponibile per la vendita al miglior prezzo.\" \/>\n<meta name=\"robots\" content=\"index, follow, max-snippet:-1, max-image-preview:large, max-video-preview:-1\" \/>\n<link rel=\"canonical\" href=\"https:\/\/medicinasinc.com\/it\/product\/buy-nyc-diesel-budder-top-shelf\/\" \/>\n<meta property=\"og:locale\" content=\"it_IT\" \/>\n<meta property=\"og:type\" content=\"article\" \/>\n<meta property=\"og:title\" content=\"Acquista NYC Diesel Budder - Top Shelf - Best Best Global Meds\" \/>\n<meta property=\"og:description\" content=\"Acquista NYC Diesel Budderl - Un incrocio tra variet\u00e0 autoctone messicane e afgane, \u00e8 una variet\u00e0 a predominanza Sativa al 60%, ora disponibile per la vendita al miglior prezzo.\" \/>\n<meta property=\"og:url\" content=\"https:\/\/medicinasinc.com\/it\/product\/buy-nyc-diesel-budder-top-shelf\/\" \/>\n<meta property=\"og:site_name\" content=\"Medicinas Inc\" \/>\n<meta property=\"article:modified_time\" content=\"2022-03-17T00:40:12+00:00\" \/>\n<meta property=\"og:image\" content=\"https:\/\/medicinasinc.com\/it\/wp-content\/uploads\/sites\/4\/2022\/02\/Buy-NYC-Diesel-Budder..jpg\" \/>\n\t<meta property=\"og:image:width\" content=\"600\" \/>\n\t<meta property=\"og:image:height\" content=\"600\" \/>\n\t<meta property=\"og:image:type\" content=\"image\/jpeg\" \/>\n<meta name=\"twitter:card\" content=\"summary_large_image\" \/>\n<meta name=\"twitter:label1\" content=\"Tempo di lettura stimato\" \/>\n\t<meta name=\"twitter:data1\" content=\"1 minuto\" \/>\n<script type=\"application\/ld+json\" class=\"yoast-schema-graph\">{\"@context\":\"https:\\\/\\\/schema.org\",\"@graph\":[{\"@type\":\"WebPage\",\"@id\":\"https:\\\/\\\/medicinasinc.com\\\/it\\\/product\\\/buy-nyc-diesel-budder-top-shelf\\\/\",\"url\":\"https:\\\/\\\/medicinasinc.com\\\/it\\\/product\\\/buy-nyc-diesel-budder-top-shelf\\\/\",\"name\":\"Acquista NYC Diesel Budder - Top Shelf - Best Best Global Meds\",\"isPartOf\":{\"@id\":\"https:\\\/\\\/medicinasinc.com\\\/it\\\/#website\"},\"primaryImageOfPage\":{\"@id\":\"https:\\\/\\\/medicinasinc.com\\\/it\\\/product\\\/buy-nyc-diesel-budder-top-shelf\\\/#primaryimage\"},\"image\":{\"@id\":\"https:\\\/\\\/medicinasinc.com\\\/it\\\/product\\\/buy-nyc-diesel-budder-top-shelf\\\/#primaryimage\"},\"thumbnailUrl\":\"https:\\\/\\\/medicinasinc.com\\\/it\\\/wp-content\\\/uploads\\\/sites\\\/4\\\/2022\\\/02\\\/Buy-NYC-Diesel-Budder..jpg\",\"datePublished\":\"2022-02-20T16:06:08+00:00\",\"dateModified\":\"2022-03-17T00:40:12+00:00\",\"description\":\"Acquista NYC Diesel Budderl - Un incrocio tra variet\u00e0 autoctone messicane e afgane, \u00e8 una variet\u00e0 a predominanza Sativa al 60%, ora disponibile per la vendita al miglior prezzo.\",\"breadcrumb\":{\"@id\":\"https:\\\/\\\/medicinasinc.com\\\/it\\\/product\\\/buy-nyc-diesel-budder-top-shelf\\\/#breadcrumb\"},\"inLanguage\":\"it-IT\",\"potentialAction\":[{\"@type\":\"ReadAction\",\"target\":[\"https:\\\/\\\/medicinasinc.com\\\/it\\\/product\\\/buy-nyc-diesel-budder-top-shelf\\\/\"]}]},{\"@type\":\"ImageObject\",\"inLanguage\":\"it-IT\",\"@id\":\"https:\\\/\\\/medicinasinc.com\\\/it\\\/product\\\/buy-nyc-diesel-budder-top-shelf\\\/#primaryimage\",\"url\":\"https:\\\/\\\/medicinasinc.com\\\/it\\\/wp-content\\\/uploads\\\/sites\\\/4\\\/2022\\\/02\\\/Buy-NYC-Diesel-Budder..jpg\",\"contentUrl\":\"https:\\\/\\\/medicinasinc.com\\\/it\\\/wp-content\\\/uploads\\\/sites\\\/4\\\/2022\\\/02\\\/Buy-NYC-Diesel-Budder..jpg\",\"width\":600,\"height\":600},{\"@type\":\"BreadcrumbList\",\"@id\":\"https:\\\/\\\/medicinasinc.com\\\/it\\\/product\\\/buy-nyc-diesel-budder-top-shelf\\\/#breadcrumb\",\"itemListElement\":[{\"@type\":\"ListItem\",\"position\":1,\"name\":\"Negozio\",\"item\":\"https:\\\/\\\/medicinasinc.com\\\/it\\\/negozio\\\/\"},{\"@type\":\"ListItem\",\"position\":2,\"name\":\"Acquista NYC Diesel Budder \u2013 Ripiano superiore\"}]},{\"@type\":\"WebSite\",\"@id\":\"https:\\\/\\\/medicinasinc.com\\\/it\\\/#website\",\"url\":\"https:\\\/\\\/medicinasinc.com\\\/it\\\/\",\"name\":\"Medicinas Inc\",\"description\":\"Health Medical Clinic\",\"potentialAction\":[{\"@type\":\"SearchAction\",\"target\":{\"@type\":\"EntryPoint\",\"urlTemplate\":\"https:\\\/\\\/medicinasinc.com\\\/it\\\/?s={search_term_string}\"},\"query-input\":{\"@type\":\"PropertyValueSpecification\",\"valueRequired\":true,\"valueName\":\"search_term_string\"}}],\"inLanguage\":\"it-IT\"}]}<\/script>\n<!-- \/ Yoast SEO plugin. -->","yoast_head_json":{"title":"Acquista NYC Diesel Budder - Top Shelf - Best Best Global Meds","description":"Acquista NYC Diesel Budderl - Un incrocio tra variet\u00e0 autoctone messicane e afgane, \u00e8 una variet\u00e0 a predominanza Sativa al 60%, ora disponibile per la vendita al miglior prezzo.","robots":{"index":"index","follow":"follow","max-snippet":"max-snippet:-1","max-image-preview":"max-image-preview:large","max-video-preview":"max-video-preview:-1"},"canonical":"https:\/\/medicinasinc.com\/it\/product\/buy-nyc-diesel-budder-top-shelf\/","og_locale":"it_IT","og_type":"article","og_title":"Acquista NYC Diesel Budder - Top Shelf - Best Best Global Meds","og_description":"Acquista NYC Diesel Budderl - Un incrocio tra variet\u00e0 autoctone messicane e afgane, \u00e8 una variet\u00e0 a predominanza Sativa al 60%, ora disponibile per la vendita al miglior prezzo.","og_url":"https:\/\/medicinasinc.com\/it\/product\/buy-nyc-diesel-budder-top-shelf\/","og_site_name":"Medicinas Inc","article_modified_time":"2022-03-17T00:40:12+00:00","og_image":[{"width":600,"height":600,"url":"https:\/\/medicinasinc.com\/it\/wp-content\/uploads\/sites\/4\/2022\/02\/Buy-NYC-Diesel-Budder..jpg","type":"image\/jpeg"}],"twitter_card":"summary_large_image","twitter_misc":{"Tempo di lettura stimato":"1 minuto"},"schema":{"@context":"https:\/\/schema.org","@graph":[{"@type":"WebPage","@id":"https:\/\/medicinasinc.com\/it\/product\/buy-nyc-diesel-budder-top-shelf\/","url":"https:\/\/medicinasinc.com\/it\/product\/buy-nyc-diesel-budder-top-shelf\/","name":"Acquista NYC Diesel Budder - Top Shelf - Best Best Global Meds","isPartOf":{"@id":"https:\/\/medicinasinc.com\/it\/#website"},"primaryImageOfPage":{"@id":"https:\/\/medicinasinc.com\/it\/product\/buy-nyc-diesel-budder-top-shelf\/#primaryimage"},"image":{"@id":"https:\/\/medicinasinc.com\/it\/product\/buy-nyc-diesel-budder-top-shelf\/#primaryimage"},"thumbnailUrl":"https:\/\/medicinasinc.com\/it\/wp-content\/uploads\/sites\/4\/2022\/02\/Buy-NYC-Diesel-Budder..jpg","datePublished":"2022-02-20T16:06:08+00:00","dateModified":"2022-03-17T00:40:12+00:00","description":"Acquista NYC Diesel Budderl - Un incrocio tra variet\u00e0 autoctone messicane e afgane, \u00e8 una variet\u00e0 a predominanza Sativa al 60%, ora disponibile per la vendita al miglior prezzo.","breadcrumb":{"@id":"https:\/\/medicinasinc.com\/it\/product\/buy-nyc-diesel-budder-top-shelf\/#breadcrumb"},"inLanguage":"it-IT","potentialAction":[{"@type":"ReadAction","target":["https:\/\/medicinasinc.com\/it\/product\/buy-nyc-diesel-budder-top-shelf\/"]}]},{"@type":"ImageObject","inLanguage":"it-IT","@id":"https:\/\/medicinasinc.com\/it\/product\/buy-nyc-diesel-budder-top-shelf\/#primaryimage","url":"https:\/\/medicinasinc.com\/it\/wp-content\/uploads\/sites\/4\/2022\/02\/Buy-NYC-Diesel-Budder..jpg","contentUrl":"https:\/\/medicinasinc.com\/it\/wp-content\/uploads\/sites\/4\/2022\/02\/Buy-NYC-Diesel-Budder..jpg","width":600,"height":600},{"@type":"BreadcrumbList","@id":"https:\/\/medicinasinc.com\/it\/product\/buy-nyc-diesel-budder-top-shelf\/#breadcrumb","itemListElement":[{"@type":"ListItem","position":1,"name":"Negozio","item":"https:\/\/medicinasinc.com\/it\/negozio\/"},{"@type":"ListItem","position":2,"name":"Acquista NYC Diesel Budder \u2013 Ripiano superiore"}]},{"@type":"WebSite","@id":"https:\/\/medicinasinc.com\/it\/#website","url":"https:\/\/medicinasinc.com\/it\/","name":"Medicinas Inc","description":"Health Medical Clinic","potentialAction":[{"@type":"SearchAction","target":{"@type":"EntryPoint","urlTemplate":"https:\/\/medicinasinc.com\/it\/?s={search_term_string}"},"query-input":{"@type":"PropertyValueSpecification","valueRequired":true,"valueName":"search_term_string"}}],"inLanguage":"it-IT"}]}},"_links":{"self":[{"href":"https:\/\/medicinasinc.com\/it\/wp-json\/wp\/v2\/product\/4794","targetHints":{"allow":["GET"]}}],"collection":[{"href":"https:\/\/medicinasinc.com\/it\/wp-json\/wp\/v2\/product"}],"about":[{"href":"https:\/\/medicinasinc.com\/it\/wp-json\/wp\/v2\/types\/product"}],"replies":[{"embeddable":true,"href":"https:\/\/medicinasinc.com\/it\/wp-json\/wp\/v2\/comments?post=4794"}],"wp:featuredmedia":[{"embeddable":true,"href":"https:\/\/medicinasinc.com\/it\/wp-json\/wp\/v2\/media\/4807"}],"wp:attachment":[{"href":"https:\/\/medicinasinc.com\/it\/wp-json\/wp\/v2\/media?parent=4794"}],"wp:term":[{"taxonomy":"product_brand","embeddable":true,"href":"https:\/\/medicinasinc.com\/it\/wp-json\/wp\/v2\/product_brand?post=4794"},{"taxonomy":"product_cat","embeddable":true,"href":"https:\/\/medicinasinc.com\/it\/wp-json\/wp\/v2\/product_cat?post=4794"},{"taxonomy":"product_tag","embeddable":true,"href":"https:\/\/medicinasinc.com\/it\/wp-json\/wp\/v2\/product_tag?post=4794"}],"curies":[{"name":"wp","href":"https:\/\/api.w.org\/{rel}","templated":true}]}}