{"id":4768,"date":"2022-02-20T15:46:58","date_gmt":"2022-02-20T15:46:58","guid":{"rendered":"https:\/\/medicinasinc.com\/it\/?post_type=product&#038;p=4768"},"modified":"2022-03-17T00:40:36","modified_gmt":"2022-03-17T00:40:36","slug":"buy-k2-incenso-spray","status":"publish","type":"product","link":"https:\/\/medicinasinc.com\/it\/product\/buy-k2-incenso-spray\/","title":{"rendered":"Acquista spray per incenso K2"},"content":{"rendered":"<p>Acquisto online di spray per incenso K2<\/p>\n<p>Inoltre, vendiamo carta K2.<\/p>\n<p>\u00c8 possibile acquistare lo spray K2. \u00c8 inodore e incolore.<\/p>\n<p>25 ml sono sufficienti per spruzzare un intero foglio di carta A4.<\/p>\n<p>Sapore e K2 sono i due nomi pi\u00f9 comuni per la marijuana sintetica. Sono costruiti utilizzando materiale vegetale essiccato che \u00e8 stato infuso con un cannabinoide ingegnerizzato. I cannabinoidi progettati sono composti sintetici che agiscono sui recettori dei cannabinoidi del cervello allo stesso modo del Delta9-tetraidrocannabinolo (THC). Le persone che usano Spice riferiscono di provare sensazioni simili a quelle associate alla marijuana. La marijuana \u00e8 una pianta che contiene cannabinoidi, che sono miscele. Sapore e K2 sono due termini che si riferiscono a una raccolta di prescrizioni denominate cannabinoidi progettati (ingegnerizzati). Sono costruiti con materiali vegetali essiccati che sono stati spruzzati con sostanze chimiche sintetiche che alterano la mente. Gli analisti hanno inizialmente organizzato questi farmaci fabbricati per utilizzarli nell&#8217;esame.<\/p>\n<p>Inoltre, il K2 \u00e8 disponibile in una forma liquida che si degrada nelle sigarette elettroniche. Inoltre, viene fumato in pipe, canne o trasformato in t\u00e8. K2 viene quindi spruzzato su piante, carta e fibre allo stato liquido. Mentre gli effetti del fumo di Spice possono assomigliare a quelli del fumo di marijuana, il motivo principale per cui le persone fumano Spice \u00e8 perch\u00e9 \u00e8 modesto e considerando come \u00e8 noto per essere&#8230; In genere, questa sostanza viene venduta come materia vegetale. Indipendentemente dal fatto che vendiamo un aroma k2 eccezionale, l&#8217;aggregato delle nostre miscele ingegnerizzate aderisce a tutte le normative vigenti. Acquista incenso alle erbe online Accendi i tuoi sensi con un forte incenso alle erbe K2! Mentre altri vendono miscele morte senza rappresentazione di potere, quando acquisti K2 da noi, la nostra qualit\u00e0 parla da s\u00e9! Vendiamo eccezionali incensi alle erbe e sono unici tra i commercianti di erbe aromatiche. Chiamato anche spray per incenso K2, marijuana sintetica e erba sintetica, lo spray k2 in vendita \u00e8 un tranquillante di strada artificiale che contiene sostanze ingegnerizzate spruzzate su aromi. Sulla carta, liquido k2. Sul web puoi acquistare K2 Spray e incenso fluido. Acquista carta zing K2 di alta qualit\u00e0 e falla consegnare a casa tua. Sei nel posto giusto se stai cercando i migliori liquidi di incenso locale K2 e spruzza E-Liquids sul web. Vendiamo la maggior parte del liquido K2 irritato localmente ai prezzi pi\u00f9 bassi possibili per soddisfare le esigenze di tutti i clienti negli Stati Uniti d&#8217;America e in tutto il mondo. Un&#8217;altra applicazione degna di nota \u00e8 la creazione di una doccia K2 che verr\u00e0 applicata localmente in generale. \u00c8 assolutamente necessario. I cannabinoidi prodotti, comunemente indicati come &#8220;Flavor&#8221; o &#8220;K2&#8221;, sono diventati legali negli Stati Uniti all&#8217;inizio degli anni 2000. Carta per spezie K2 originale. Vendiamo la migliore carta miscelata K2 disponibile online. Acquistalo immediatamente. Cosa viene creata la Marijuana (conosciuta anche come cannabinoidi sintetici, K2 o Spice)? Abbiamo la migliore selezione di incensi locali sul Web.<\/p>\n","protected":false},"excerpt":{"rendered":"<div class=\"woocommerce-product-details__short-description\">\n<p>Acquista K2 Incense Spray, uno spray per incenso inodore e incolore. 25 ml sono sufficienti per spruzzare un intero foglio di carta A4. Inoltre, vendiamo carta K2.<\/p>\n<p>Spray k2 per spezie diablo amazon, spray k2 all&#8217;ingrosso, spray k2 pi\u00f9 potente in vendita, spray k2 legale alto in vendita, spray k2 in vendita online uk, incenso spray liquido, carta k2 ingredienti, fogli di carta per spezie k2<\/p>\n<\/p><\/div>\n","protected":false},"featured_media":4783,"comment_status":"open","ping_status":"closed","template":"","meta":[],"product_brand":[],"product_cat":[690],"product_tag":[699,695,694,696,700,697,701,698],"class_list":{"0":"post-4768","1":"product","2":"type-product","3":"status-publish","4":"has-post-thumbnail","6":"product_cat-buy-k2-carta","7":"product_tag-incenso-liquido-spray","8":"product_tag-k2-fogli-di-carta-spezie","9":"product_tag-k2-ingredienti-di-carta","10":"product_tag-k2-spice-spray-diablo-amazon","11":"product_tag-pi-forte-k2-spray-in-vendita","12":"product_tag-k2-spray-in-vendita-online-uk","13":"product_tag-allingrosso-k2-spray","14":"product_tag-legal-high-spice-spray-in-vendita","16":"first","17":"instock","18":"shipping-taxable","19":"purchasable","20":"product-type-variable","21":"has-default-attributes"},"yoast_head":"<!-- This site is optimized with the Yoast SEO plugin v27.3 - https:\/\/yoast.com\/product\/yoast-seo-wordpress\/ -->\n<title>Acquista online lo spray per incenso K2 - I migliori farmaci globali<\/title>\n<meta name=\"description\" content=\"Acquista K2 Incenso Spray, spray K2 inodore e incolore disponibile alla vendita. Sono necessari 25 ml per spruzzare un intero foglio di carta A4. Abbiamo anche carta K2 in vendita.\" \/>\n<meta name=\"robots\" content=\"index, follow, max-snippet:-1, max-image-preview:large, max-video-preview:-1\" \/>\n<link rel=\"canonical\" href=\"https:\/\/medicinasinc.com\/it\/product\/buy-k2-incenso-spray\/\" \/>\n<meta property=\"og:locale\" content=\"it_IT\" \/>\n<meta property=\"og:type\" content=\"article\" \/>\n<meta property=\"og:title\" content=\"Acquista online lo spray per incenso K2 - I migliori farmaci globali\" \/>\n<meta property=\"og:description\" content=\"Acquista K2 Incenso Spray, spray K2 inodore e incolore disponibile alla vendita. Sono necessari 25 ml per spruzzare un intero foglio di carta A4. Abbiamo anche carta K2 in vendita.\" \/>\n<meta property=\"og:url\" content=\"https:\/\/medicinasinc.com\/it\/product\/buy-k2-incenso-spray\/\" \/>\n<meta property=\"og:site_name\" content=\"Medicinas Inc\" \/>\n<meta property=\"article:modified_time\" content=\"2022-03-17T00:40:36+00:00\" \/>\n<meta property=\"og:image\" content=\"https:\/\/medicinasinc.com\/it\/wp-content\/uploads\/sites\/4\/2022\/02\/Buy-K2-Incense-Spray.png\" \/>\n\t<meta property=\"og:image:width\" content=\"873\" \/>\n\t<meta property=\"og:image:height\" content=\"433\" \/>\n\t<meta property=\"og:image:type\" content=\"image\/png\" \/>\n<meta name=\"twitter:card\" content=\"summary_large_image\" \/>\n<meta name=\"twitter:label1\" content=\"Tempo di lettura stimato\" \/>\n\t<meta name=\"twitter:data1\" content=\"3 minuti\" \/>\n<script type=\"application\/ld+json\" class=\"yoast-schema-graph\">{\"@context\":\"https:\\\/\\\/schema.org\",\"@graph\":[{\"@type\":\"WebPage\",\"@id\":\"https:\\\/\\\/medicinasinc.com\\\/it\\\/product\\\/buy-k2-incenso-spray\\\/\",\"url\":\"https:\\\/\\\/medicinasinc.com\\\/it\\\/product\\\/buy-k2-incenso-spray\\\/\",\"name\":\"Acquista online lo spray per incenso K2 - I migliori farmaci globali\",\"isPartOf\":{\"@id\":\"https:\\\/\\\/medicinasinc.com\\\/it\\\/#website\"},\"primaryImageOfPage\":{\"@id\":\"https:\\\/\\\/medicinasinc.com\\\/it\\\/product\\\/buy-k2-incenso-spray\\\/#primaryimage\"},\"image\":{\"@id\":\"https:\\\/\\\/medicinasinc.com\\\/it\\\/product\\\/buy-k2-incenso-spray\\\/#primaryimage\"},\"thumbnailUrl\":\"https:\\\/\\\/medicinasinc.com\\\/it\\\/wp-content\\\/uploads\\\/sites\\\/4\\\/2022\\\/02\\\/Buy-K2-Incense-Spray.png\",\"datePublished\":\"2022-02-20T15:46:58+00:00\",\"dateModified\":\"2022-03-17T00:40:36+00:00\",\"description\":\"Acquista K2 Incenso Spray, spray K2 inodore e incolore disponibile alla vendita. Sono necessari 25 ml per spruzzare un intero foglio di carta A4. Abbiamo anche carta K2 in vendita.\",\"breadcrumb\":{\"@id\":\"https:\\\/\\\/medicinasinc.com\\\/it\\\/product\\\/buy-k2-incenso-spray\\\/#breadcrumb\"},\"inLanguage\":\"it-IT\",\"potentialAction\":[{\"@type\":\"ReadAction\",\"target\":[\"https:\\\/\\\/medicinasinc.com\\\/it\\\/product\\\/buy-k2-incenso-spray\\\/\"]}]},{\"@type\":\"ImageObject\",\"inLanguage\":\"it-IT\",\"@id\":\"https:\\\/\\\/medicinasinc.com\\\/it\\\/product\\\/buy-k2-incenso-spray\\\/#primaryimage\",\"url\":\"https:\\\/\\\/medicinasinc.com\\\/it\\\/wp-content\\\/uploads\\\/sites\\\/4\\\/2022\\\/02\\\/Buy-K2-Incense-Spray.png\",\"contentUrl\":\"https:\\\/\\\/medicinasinc.com\\\/it\\\/wp-content\\\/uploads\\\/sites\\\/4\\\/2022\\\/02\\\/Buy-K2-Incense-Spray.png\",\"width\":873,\"height\":433},{\"@type\":\"BreadcrumbList\",\"@id\":\"https:\\\/\\\/medicinasinc.com\\\/it\\\/product\\\/buy-k2-incenso-spray\\\/#breadcrumb\",\"itemListElement\":[{\"@type\":\"ListItem\",\"position\":1,\"name\":\"Negozio\",\"item\":\"https:\\\/\\\/medicinasinc.com\\\/it\\\/negozio\\\/\"},{\"@type\":\"ListItem\",\"position\":2,\"name\":\"Acquista spray per incenso K2\"}]},{\"@type\":\"WebSite\",\"@id\":\"https:\\\/\\\/medicinasinc.com\\\/it\\\/#website\",\"url\":\"https:\\\/\\\/medicinasinc.com\\\/it\\\/\",\"name\":\"Medicinas Inc\",\"description\":\"Health Medical Clinic\",\"potentialAction\":[{\"@type\":\"SearchAction\",\"target\":{\"@type\":\"EntryPoint\",\"urlTemplate\":\"https:\\\/\\\/medicinasinc.com\\\/it\\\/?s={search_term_string}\"},\"query-input\":{\"@type\":\"PropertyValueSpecification\",\"valueRequired\":true,\"valueName\":\"search_term_string\"}}],\"inLanguage\":\"it-IT\"}]}<\/script>\n<!-- \/ Yoast SEO plugin. -->","yoast_head_json":{"title":"Acquista online lo spray per incenso K2 - I migliori farmaci globali","description":"Acquista K2 Incenso Spray, spray K2 inodore e incolore disponibile alla vendita. Sono necessari 25 ml per spruzzare un intero foglio di carta A4. Abbiamo anche carta K2 in vendita.","robots":{"index":"index","follow":"follow","max-snippet":"max-snippet:-1","max-image-preview":"max-image-preview:large","max-video-preview":"max-video-preview:-1"},"canonical":"https:\/\/medicinasinc.com\/it\/product\/buy-k2-incenso-spray\/","og_locale":"it_IT","og_type":"article","og_title":"Acquista online lo spray per incenso K2 - I migliori farmaci globali","og_description":"Acquista K2 Incenso Spray, spray K2 inodore e incolore disponibile alla vendita. Sono necessari 25 ml per spruzzare un intero foglio di carta A4. Abbiamo anche carta K2 in vendita.","og_url":"https:\/\/medicinasinc.com\/it\/product\/buy-k2-incenso-spray\/","og_site_name":"Medicinas Inc","article_modified_time":"2022-03-17T00:40:36+00:00","og_image":[{"width":873,"height":433,"url":"https:\/\/medicinasinc.com\/it\/wp-content\/uploads\/sites\/4\/2022\/02\/Buy-K2-Incense-Spray.png","type":"image\/png"}],"twitter_card":"summary_large_image","twitter_misc":{"Tempo di lettura stimato":"3 minuti"},"schema":{"@context":"https:\/\/schema.org","@graph":[{"@type":"WebPage","@id":"https:\/\/medicinasinc.com\/it\/product\/buy-k2-incenso-spray\/","url":"https:\/\/medicinasinc.com\/it\/product\/buy-k2-incenso-spray\/","name":"Acquista online lo spray per incenso K2 - I migliori farmaci globali","isPartOf":{"@id":"https:\/\/medicinasinc.com\/it\/#website"},"primaryImageOfPage":{"@id":"https:\/\/medicinasinc.com\/it\/product\/buy-k2-incenso-spray\/#primaryimage"},"image":{"@id":"https:\/\/medicinasinc.com\/it\/product\/buy-k2-incenso-spray\/#primaryimage"},"thumbnailUrl":"https:\/\/medicinasinc.com\/it\/wp-content\/uploads\/sites\/4\/2022\/02\/Buy-K2-Incense-Spray.png","datePublished":"2022-02-20T15:46:58+00:00","dateModified":"2022-03-17T00:40:36+00:00","description":"Acquista K2 Incenso Spray, spray K2 inodore e incolore disponibile alla vendita. Sono necessari 25 ml per spruzzare un intero foglio di carta A4. Abbiamo anche carta K2 in vendita.","breadcrumb":{"@id":"https:\/\/medicinasinc.com\/it\/product\/buy-k2-incenso-spray\/#breadcrumb"},"inLanguage":"it-IT","potentialAction":[{"@type":"ReadAction","target":["https:\/\/medicinasinc.com\/it\/product\/buy-k2-incenso-spray\/"]}]},{"@type":"ImageObject","inLanguage":"it-IT","@id":"https:\/\/medicinasinc.com\/it\/product\/buy-k2-incenso-spray\/#primaryimage","url":"https:\/\/medicinasinc.com\/it\/wp-content\/uploads\/sites\/4\/2022\/02\/Buy-K2-Incense-Spray.png","contentUrl":"https:\/\/medicinasinc.com\/it\/wp-content\/uploads\/sites\/4\/2022\/02\/Buy-K2-Incense-Spray.png","width":873,"height":433},{"@type":"BreadcrumbList","@id":"https:\/\/medicinasinc.com\/it\/product\/buy-k2-incenso-spray\/#breadcrumb","itemListElement":[{"@type":"ListItem","position":1,"name":"Negozio","item":"https:\/\/medicinasinc.com\/it\/negozio\/"},{"@type":"ListItem","position":2,"name":"Acquista spray per incenso K2"}]},{"@type":"WebSite","@id":"https:\/\/medicinasinc.com\/it\/#website","url":"https:\/\/medicinasinc.com\/it\/","name":"Medicinas Inc","description":"Health Medical Clinic","potentialAction":[{"@type":"SearchAction","target":{"@type":"EntryPoint","urlTemplate":"https:\/\/medicinasinc.com\/it\/?s={search_term_string}"},"query-input":{"@type":"PropertyValueSpecification","valueRequired":true,"valueName":"search_term_string"}}],"inLanguage":"it-IT"}]}},"_links":{"self":[{"href":"https:\/\/medicinasinc.com\/it\/wp-json\/wp\/v2\/product\/4768","targetHints":{"allow":["GET"]}}],"collection":[{"href":"https:\/\/medicinasinc.com\/it\/wp-json\/wp\/v2\/product"}],"about":[{"href":"https:\/\/medicinasinc.com\/it\/wp-json\/wp\/v2\/types\/product"}],"replies":[{"embeddable":true,"href":"https:\/\/medicinasinc.com\/it\/wp-json\/wp\/v2\/comments?post=4768"}],"wp:featuredmedia":[{"embeddable":true,"href":"https:\/\/medicinasinc.com\/it\/wp-json\/wp\/v2\/media\/4783"}],"wp:attachment":[{"href":"https:\/\/medicinasinc.com\/it\/wp-json\/wp\/v2\/media?parent=4768"}],"wp:term":[{"taxonomy":"product_brand","embeddable":true,"href":"https:\/\/medicinasinc.com\/it\/wp-json\/wp\/v2\/product_brand?post=4768"},{"taxonomy":"product_cat","embeddable":true,"href":"https:\/\/medicinasinc.com\/it\/wp-json\/wp\/v2\/product_cat?post=4768"},{"taxonomy":"product_tag","embeddable":true,"href":"https:\/\/medicinasinc.com\/it\/wp-json\/wp\/v2\/product_tag?post=4768"}],"curies":[{"name":"wp","href":"https:\/\/api.w.org\/{rel}","templated":true}]}}