{"id":4767,"date":"2022-02-20T15:46:01","date_gmt":"2022-02-20T15:46:01","guid":{"rendered":"https:\/\/medicinasinc.com\/it\/?post_type=product&#038;p=4767"},"modified":"2022-03-17T00:40:47","modified_gmt":"2022-03-17T00:40:47","slug":"buy-k2-carta","status":"publish","type":"product","link":"https:\/\/medicinasinc.com\/it\/product\/buy-k2-carta\/","title":{"rendered":"Acquista carta K2"},"content":{"rendered":"<p>Ricevi fogli di carta K2 a basso costo consegnati direttamente a casa tua.<\/p>\n<p>La marijuana sintetica sta rapidamente guadagnando popolarit\u00e0 tra i consumatori di marijuana. La carta infusa K2 \u00e8 una miscela di materiali vegetali triturati e sostanze chimiche sintetiche con propriet\u00e0 psichedeliche. Secondo la ricerca, le sostanze chimiche si legano agli stessi recettori delle cellule nervose nel cervello del THC, suscitando sensazioni di benessere, rilassamento, percezione alterata e psicosi. Se stai cercando un negozio online affidabile per acquistare un prodotto di alta qualit\u00e0, non cercare oltre il nostro negozio online affidabile. Per garantire la sicurezza dei nostri clienti, ci riforniamo di inventario da produttori rispettabili. Dacci una prova; ti garantiamo che non rimarrai deluso.<\/p>\n<p>I cannabinoidi sono composti chimici che si trovano naturalmente nelle piante di marijuana e servono come base per una variet\u00e0 di droghe sintetiche. Chimicamente, la carta sintetica per erbacce K2 \u00e8 correlata al principio attivo della marijuana. Gli effetti sono pi\u00f9 intensi e al termine di una sessione ci si pu\u00f2 sentire rilassati ed elevati. Man mano che sempre pi\u00f9 persone vengono a conoscenza dei veri benefici della marijuana, questo prodotto viene utilizzato come alternativa sicura per una variet\u00e0 di scopi medici e ricreativi. Tuttavia, dovresti prestare attenzione, poich\u00e9 un consumo eccessivo pu\u00f2 causare effetti collaterali negativi come ansia, allucinazioni, ipertensione, dolore toracico, mancanza di respiro, convulsioni e vomito. Alcuni prodotti a base di spezie K2 sul mercato possono anche contenere ingredienti tossici. Di conseguenza, \u00e8 fondamentale acquistare da un venditore rispettabile.<\/p>\n<p>Stai cercando di acquistare prodotti erboristici della massima qualit\u00e0? Con una base di clienti globale, ti offriamo un&#8217;eccellente opportunit\u00e0 di acquistare la carta K2 online a prezzi competitivi. Insieme alla pi\u00f9 ampia selezione, offriamo metodi di pagamento sicuri e spedizioni discrete. Non \u00e8 necessario visitare i minimarket o le stazioni di servizio nelle vicinanze. L&#8217;obiettivo dell&#8217;azienda \u00e8 quello di migliorare continuamente la qualit\u00e0 dei prodotti e il servizio clienti per stare al passo con la concorrenza. La nostra prima priorit\u00e0 \u00e8 la vostra soddisfazione e abbiamo un team esperto a disposizione per gestire qualsiasi singhiozzo. Non esitare a contattarci in caso di domande o dubbi.<\/p>\n","protected":false},"excerpt":{"rendered":"<div class=\"woocommerce-product-details__short-description\">\n<p>Ogni foglio A4 \u00e8 infuso con\u00a0<em><strong>25 ml=0,845351 once fluide<\/strong><\/em>\u00a0di K2 liquido. <strong>Carta inodore e incolore<\/strong>\u00a0vendo carta K2. <strong>Abbiamo anche K2 Spray in vendita<\/strong><\/p>\n<\/p><\/div>\n","protected":false},"featured_media":4781,"comment_status":"open","ping_status":"closed","template":"","meta":[],"product_brand":[],"product_cat":[690],"product_tag":[691,692,693],"class_list":{"0":"post-4767","1":"product","2":"type-product","3":"status-publish","4":"has-post-thumbnail","6":"product_cat-buy-k2-carta","7":"product_tag-buy-k2-paper-online-uk","8":"product_tag-buy-k2-carta","9":"product_tag-buy-k2-foglio-di-carta","11":"first","12":"instock","13":"shipping-taxable","14":"purchasable","15":"product-type-variable","16":"has-default-attributes"},"yoast_head":"<!-- This site is optimized with the Yoast SEO plugin v27.3 - https:\/\/yoast.com\/product\/yoast-seo-wordpress\/ -->\n<title>Acquista carta K2 online - Best Best Global Meds<\/title>\n<meta name=\"description\" content=\"Acquista carta K2 online a prezzi economici Ogni foglio A4 \u00e8 infuso con 25 ml=0,845351 oz fluido di liquido K2. Vendo carta K2 inodore e incolore. Abbiamo anche K2 Spray in vendita\" \/>\n<meta name=\"robots\" content=\"index, follow, max-snippet:-1, max-image-preview:large, max-video-preview:-1\" \/>\n<link rel=\"canonical\" href=\"https:\/\/medicinasinc.com\/it\/product\/buy-k2-carta\/\" \/>\n<meta property=\"og:locale\" content=\"it_IT\" \/>\n<meta property=\"og:type\" content=\"article\" \/>\n<meta property=\"og:title\" content=\"Acquista carta K2 online - Best Best Global Meds\" \/>\n<meta property=\"og:description\" content=\"Acquista carta K2 online a prezzi economici Ogni foglio A4 \u00e8 infuso con 25 ml=0,845351 oz fluido di liquido K2. Vendo carta K2 inodore e incolore. Abbiamo anche K2 Spray in vendita\" \/>\n<meta property=\"og:url\" content=\"https:\/\/medicinasinc.com\/it\/product\/buy-k2-carta\/\" \/>\n<meta property=\"og:site_name\" content=\"Medicinas Inc\" \/>\n<meta property=\"article:modified_time\" content=\"2022-03-17T00:40:47+00:00\" \/>\n<meta property=\"og:image\" content=\"https:\/\/medicinasinc.com\/it\/wp-content\/uploads\/sites\/4\/2022\/02\/Buy-K2-paper-online.jpg\" \/>\n\t<meta property=\"og:image:width\" content=\"600\" \/>\n\t<meta property=\"og:image:height\" content=\"600\" \/>\n\t<meta property=\"og:image:type\" content=\"image\/jpeg\" \/>\n<meta name=\"twitter:card\" content=\"summary_large_image\" \/>\n<meta name=\"twitter:label1\" content=\"Tempo di lettura stimato\" \/>\n\t<meta name=\"twitter:data1\" content=\"2 minuti\" \/>\n<script type=\"application\/ld+json\" class=\"yoast-schema-graph\">{\"@context\":\"https:\\\/\\\/schema.org\",\"@graph\":[{\"@type\":\"WebPage\",\"@id\":\"https:\\\/\\\/medicinasinc.com\\\/it\\\/product\\\/buy-k2-carta\\\/\",\"url\":\"https:\\\/\\\/medicinasinc.com\\\/it\\\/product\\\/buy-k2-carta\\\/\",\"name\":\"Acquista carta K2 online - Best Best Global Meds\",\"isPartOf\":{\"@id\":\"https:\\\/\\\/medicinasinc.com\\\/it\\\/#website\"},\"primaryImageOfPage\":{\"@id\":\"https:\\\/\\\/medicinasinc.com\\\/it\\\/product\\\/buy-k2-carta\\\/#primaryimage\"},\"image\":{\"@id\":\"https:\\\/\\\/medicinasinc.com\\\/it\\\/product\\\/buy-k2-carta\\\/#primaryimage\"},\"thumbnailUrl\":\"https:\\\/\\\/medicinasinc.com\\\/it\\\/wp-content\\\/uploads\\\/sites\\\/4\\\/2022\\\/02\\\/Buy-K2-paper-online.jpg\",\"datePublished\":\"2022-02-20T15:46:01+00:00\",\"dateModified\":\"2022-03-17T00:40:47+00:00\",\"description\":\"Acquista carta K2 online a prezzi economici Ogni foglio A4 \u00e8 infuso con 25 ml=0,845351 oz fluido di liquido K2. Vendo carta K2 inodore e incolore. Abbiamo anche K2 Spray in vendita\",\"breadcrumb\":{\"@id\":\"https:\\\/\\\/medicinasinc.com\\\/it\\\/product\\\/buy-k2-carta\\\/#breadcrumb\"},\"inLanguage\":\"it-IT\",\"potentialAction\":[{\"@type\":\"ReadAction\",\"target\":[\"https:\\\/\\\/medicinasinc.com\\\/it\\\/product\\\/buy-k2-carta\\\/\"]}]},{\"@type\":\"ImageObject\",\"inLanguage\":\"it-IT\",\"@id\":\"https:\\\/\\\/medicinasinc.com\\\/it\\\/product\\\/buy-k2-carta\\\/#primaryimage\",\"url\":\"https:\\\/\\\/medicinasinc.com\\\/it\\\/wp-content\\\/uploads\\\/sites\\\/4\\\/2022\\\/02\\\/Buy-K2-paper-online.jpg\",\"contentUrl\":\"https:\\\/\\\/medicinasinc.com\\\/it\\\/wp-content\\\/uploads\\\/sites\\\/4\\\/2022\\\/02\\\/Buy-K2-paper-online.jpg\",\"width\":600,\"height\":600},{\"@type\":\"BreadcrumbList\",\"@id\":\"https:\\\/\\\/medicinasinc.com\\\/it\\\/product\\\/buy-k2-carta\\\/#breadcrumb\",\"itemListElement\":[{\"@type\":\"ListItem\",\"position\":1,\"name\":\"Negozio\",\"item\":\"https:\\\/\\\/medicinasinc.com\\\/it\\\/negozio\\\/\"},{\"@type\":\"ListItem\",\"position\":2,\"name\":\"Acquista carta K2\"}]},{\"@type\":\"WebSite\",\"@id\":\"https:\\\/\\\/medicinasinc.com\\\/it\\\/#website\",\"url\":\"https:\\\/\\\/medicinasinc.com\\\/it\\\/\",\"name\":\"Medicinas Inc\",\"description\":\"Health Medical Clinic\",\"potentialAction\":[{\"@type\":\"SearchAction\",\"target\":{\"@type\":\"EntryPoint\",\"urlTemplate\":\"https:\\\/\\\/medicinasinc.com\\\/it\\\/?s={search_term_string}\"},\"query-input\":{\"@type\":\"PropertyValueSpecification\",\"valueRequired\":true,\"valueName\":\"search_term_string\"}}],\"inLanguage\":\"it-IT\"}]}<\/script>\n<!-- \/ Yoast SEO plugin. -->","yoast_head_json":{"title":"Acquista carta K2 online - Best Best Global Meds","description":"Acquista carta K2 online a prezzi economici Ogni foglio A4 \u00e8 infuso con 25 ml=0,845351 oz fluido di liquido K2. Vendo carta K2 inodore e incolore. Abbiamo anche K2 Spray in vendita","robots":{"index":"index","follow":"follow","max-snippet":"max-snippet:-1","max-image-preview":"max-image-preview:large","max-video-preview":"max-video-preview:-1"},"canonical":"https:\/\/medicinasinc.com\/it\/product\/buy-k2-carta\/","og_locale":"it_IT","og_type":"article","og_title":"Acquista carta K2 online - Best Best Global Meds","og_description":"Acquista carta K2 online a prezzi economici Ogni foglio A4 \u00e8 infuso con 25 ml=0,845351 oz fluido di liquido K2. Vendo carta K2 inodore e incolore. Abbiamo anche K2 Spray in vendita","og_url":"https:\/\/medicinasinc.com\/it\/product\/buy-k2-carta\/","og_site_name":"Medicinas Inc","article_modified_time":"2022-03-17T00:40:47+00:00","og_image":[{"width":600,"height":600,"url":"https:\/\/medicinasinc.com\/it\/wp-content\/uploads\/sites\/4\/2022\/02\/Buy-K2-paper-online.jpg","type":"image\/jpeg"}],"twitter_card":"summary_large_image","twitter_misc":{"Tempo di lettura stimato":"2 minuti"},"schema":{"@context":"https:\/\/schema.org","@graph":[{"@type":"WebPage","@id":"https:\/\/medicinasinc.com\/it\/product\/buy-k2-carta\/","url":"https:\/\/medicinasinc.com\/it\/product\/buy-k2-carta\/","name":"Acquista carta K2 online - Best Best Global Meds","isPartOf":{"@id":"https:\/\/medicinasinc.com\/it\/#website"},"primaryImageOfPage":{"@id":"https:\/\/medicinasinc.com\/it\/product\/buy-k2-carta\/#primaryimage"},"image":{"@id":"https:\/\/medicinasinc.com\/it\/product\/buy-k2-carta\/#primaryimage"},"thumbnailUrl":"https:\/\/medicinasinc.com\/it\/wp-content\/uploads\/sites\/4\/2022\/02\/Buy-K2-paper-online.jpg","datePublished":"2022-02-20T15:46:01+00:00","dateModified":"2022-03-17T00:40:47+00:00","description":"Acquista carta K2 online a prezzi economici Ogni foglio A4 \u00e8 infuso con 25 ml=0,845351 oz fluido di liquido K2. Vendo carta K2 inodore e incolore. Abbiamo anche K2 Spray in vendita","breadcrumb":{"@id":"https:\/\/medicinasinc.com\/it\/product\/buy-k2-carta\/#breadcrumb"},"inLanguage":"it-IT","potentialAction":[{"@type":"ReadAction","target":["https:\/\/medicinasinc.com\/it\/product\/buy-k2-carta\/"]}]},{"@type":"ImageObject","inLanguage":"it-IT","@id":"https:\/\/medicinasinc.com\/it\/product\/buy-k2-carta\/#primaryimage","url":"https:\/\/medicinasinc.com\/it\/wp-content\/uploads\/sites\/4\/2022\/02\/Buy-K2-paper-online.jpg","contentUrl":"https:\/\/medicinasinc.com\/it\/wp-content\/uploads\/sites\/4\/2022\/02\/Buy-K2-paper-online.jpg","width":600,"height":600},{"@type":"BreadcrumbList","@id":"https:\/\/medicinasinc.com\/it\/product\/buy-k2-carta\/#breadcrumb","itemListElement":[{"@type":"ListItem","position":1,"name":"Negozio","item":"https:\/\/medicinasinc.com\/it\/negozio\/"},{"@type":"ListItem","position":2,"name":"Acquista carta K2"}]},{"@type":"WebSite","@id":"https:\/\/medicinasinc.com\/it\/#website","url":"https:\/\/medicinasinc.com\/it\/","name":"Medicinas Inc","description":"Health Medical Clinic","potentialAction":[{"@type":"SearchAction","target":{"@type":"EntryPoint","urlTemplate":"https:\/\/medicinasinc.com\/it\/?s={search_term_string}"},"query-input":{"@type":"PropertyValueSpecification","valueRequired":true,"valueName":"search_term_string"}}],"inLanguage":"it-IT"}]}},"_links":{"self":[{"href":"https:\/\/medicinasinc.com\/it\/wp-json\/wp\/v2\/product\/4767","targetHints":{"allow":["GET"]}}],"collection":[{"href":"https:\/\/medicinasinc.com\/it\/wp-json\/wp\/v2\/product"}],"about":[{"href":"https:\/\/medicinasinc.com\/it\/wp-json\/wp\/v2\/types\/product"}],"replies":[{"embeddable":true,"href":"https:\/\/medicinasinc.com\/it\/wp-json\/wp\/v2\/comments?post=4767"}],"wp:featuredmedia":[{"embeddable":true,"href":"https:\/\/medicinasinc.com\/it\/wp-json\/wp\/v2\/media\/4781"}],"wp:attachment":[{"href":"https:\/\/medicinasinc.com\/it\/wp-json\/wp\/v2\/media?parent=4767"}],"wp:term":[{"taxonomy":"product_brand","embeddable":true,"href":"https:\/\/medicinasinc.com\/it\/wp-json\/wp\/v2\/product_brand?post=4767"},{"taxonomy":"product_cat","embeddable":true,"href":"https:\/\/medicinasinc.com\/it\/wp-json\/wp\/v2\/product_cat?post=4767"},{"taxonomy":"product_tag","embeddable":true,"href":"https:\/\/medicinasinc.com\/it\/wp-json\/wp\/v2\/product_tag?post=4767"}],"curies":[{"name":"wp","href":"https:\/\/api.w.org\/{rel}","templated":true}]}}