{"id":4761,"date":"2022-02-20T15:41:01","date_gmt":"2022-02-20T15:41:01","guid":{"rendered":"https:\/\/medicinasinc.com\/it\/?post_type=product&#038;p=4761"},"modified":"2022-03-17T00:40:58","modified_gmt":"2022-03-17T00:40:58","slug":"buy-sour-diesel-cbd-hemp-flower-online","status":"publish","type":"product","link":"https:\/\/medicinasinc.com\/it\/product\/buy-sour-diesel-cbd-hemp-flower-online\/","title":{"rendered":"Acquista Sour Diesel CBD fiori di canapa online"},"content":{"rendered":"<div class=\"woocommerce-tabs wc-tabs-wrapper\">\n<div id=\"tab-description\" class=\"woocommerce-Tabs-panel woocommerce-Tabs-panel--description panel entry-content wc-tab\" role=\"tabpanel\" aria-labelledby=\"tab-title-description\">\n<p>Sour Diesel \u00e8 una cultivar leggendaria discendente da due classici. Combina l&#8217;amaro prepotente della benzina con il formicolio schioccante degli agrumi aspri. L&#8217;iconica erba ha prodotto una miriade di variet\u00e0, grazie alla sua genetica superiore e agli effetti distinti, che la rendono una delle preferite dagli agricoltori che cercano di coltivare la prossima grande novit\u00e0 dell&#8217;industria della canapa.<\/p>\n<p>La variet\u00e0 Sour Diesel \u00e8 ad azione rapida e molto potente, offrendo effetti che potrebbero sopraffare il tuo sistema con i benefici per eccellenza di una variet\u00e0 sativa. Cio\u00e8, la possibilit\u00e0 di uno stato di veglia forte, spettacolare e che solleva il corpo che pu\u00f2 promuovere energia, produttivit\u00e0, motivazione e creativit\u00e0.<\/p>\n<p>&nbsp;<\/p>\n<p>La storia di Sour Diesel<\/p>\n<p>La Sour Diesel \u00e8 spesso considerata una delle variet\u00e0 di canapa pi\u00f9 essenziali disponibili. Qualsiasi intenditore di canapa ti dir\u00e0 che la Sour Diesel \u00e8 assolutamente da provare per chiunque dica di apprezzare i benefici dell&#8217;erba. Per la maggior parte, la popolarit\u00e0 della variet\u00e0 deriva dalla reputazione dei suoi genitori: Chemdog 91 e Super Skunk. Queste leggende della canapa hanno innalzato la reputazione della variet\u00e0 Sour Diesel a nuovi livelli, dotandola di genetiche ineguagliabili che hanno portato la progenie della variet\u00e0 a diventare il successo della canapa che \u00e8 oggi.<\/p>\n<p>Chemdog 91 \u00e8 una variet\u00e0 enigmatica che si crede possa hanno fatto il suo debutto sul mercato nel 1991. La cultivar non identificata emette un aroma pungente e skunky intrecciato con note aspre di benzina. Queste caratteristiche sono importanti nell&#8217;erba Sour Diesel, con il suo profilo aromatico molto simile a quello della variet\u00e0 Chemdog 91.<\/p>\n<p>D&#8217;altra parte, Super Skunk \u00e8 una variet\u00e0 chiamata per ovvi motivi. La cultivar ultra-skunky produce una fragranza (o un odore, a seconda del livello di tolleranza) che metter\u00e0 fuori gioco i tuoi sensi olfattivi. Nonostante l&#8217;aroma offensivo della variet\u00e0, offre una dolcezza deliziosamente sorprendente e delicata che ricopre la lingua di una dolcezza che ricorda il miele.<\/p>\n<p>&nbsp;<\/p>\n<p>Estetica e aroma<\/p>\n<p>Le tue prime impressioni sulla variet\u00e0 Sour Diesel potrebbero essere deludenti. Dopotutto, \u00e8 solo un pizzico di verde, con altre tonalit\u00e0 verdastre che scorrono all&#8217;interno per creare una tavolozza monocromatica di sfumature erbacee. I peli biondo fragola aggrovigliano le foglie all&#8217;esterno, creando una rete di viticci gialli che sono spolverati con un rivestimento gelido di tricomi zuccherini. A parte questo, c&#8217;\u00e8 poco altro da notare sulla cultivar. Tuttavia, ci\u00f2 che manca di colore, lo compensa con il suo profumo.<\/p>\n<p>Con entrambi i genitori che esibiscono fragranze estremamente pungenti, non sorprende che Sour Diesel abbia un aroma cos\u00ec strano. La variet\u00e0 stranamente profumata attacca i tuoi recettori olfattivi come un treno merci puzzolente. Offensivo e travolgente, alcuni utenti affermano di rilevare note taglienti di formaggio che si fondono con la benzina in cima all&#8217;aroma skunk per creare un&#8217;esperienza di canapa da ricordare.<\/p>\n<p>&nbsp;<\/p>\n<p>Esperienze e conseguenze<\/p>\n<p>Per cominciare, Sour Diesel non \u00e8 uno scherzo quando si tratta di sapore. Il fumo della variet\u00e0 contiene un sapore estremamente potente che pu\u00f2 facilmente sopraffare i principianti e gli utenti con bassa tolleranza. Pertanto, considera questo un giusto avvertimento: la Sour Diesel ti roviner\u00e0 la merda, a cominciare dal suo sapore. Per dirla semplicemente, la variet\u00e0 produce un sapore quasi identico al suo odore. Cio\u00e8, una grande quantit\u00e0 di skunk combinata con forti colpi di benzina.<\/p>\n<p>Tra le onde di marea irresistibili dal sapore pungente, onde di agrumi aspri rompono la skunk. Le note delicate aggiungono abbastanza piacere all&#8217;esperienza, trasformandola in un incontro di sapori davvero dinamico e interessante.<\/p>\n<p>Un altro aspetto che contribuisce al fascino di Sour Diesel \u00e8 il suo effetto immediato. Gli effetti si attivano in pochi minuti dopo l&#8217;inalazione, offrendo effetti di tendenza sativa ad alta quota che stimolano i sensi e risveglia il tuo vigore. In molti modi, si pu\u00f2 dire che il ceppo ti aiuta a superare le tue inibizioni, facendoti sentire pi\u00f9 audace, audace e sicuro.<\/p>\n<p>Capace di alleviare i disagi fisici e cognitivi, il ceppo Sour Diesel infonde al tuo sistema energia aggiuntiva, fornendoti la forza e la motivazione per affrontare una giornata di lavoro e responsabilit\u00e0. Tuttavia, una parola di cautela: la Sour Diesel non \u00e8 per i deboli di cuore. Prima di prendere una boccata di questa variet\u00e0 mostruosa, assicurati di avere la tolleranza per gli effetti sativa forti e il sapore potente.<\/p>\n<p>&nbsp;<\/p>\n<p>Piantagione e lavorazione<\/p>\n<p> Sebbene la variet\u00e0 Sour Diesel sia moderatamente difficile per i coltivatori principianti, la sua genetica unica la rende una scelta eccellente per coloro che cercano effetti potenti con il minimo sforzo. I ceppi con requisiti di coltivazione pi\u00f9 specializzati sono in genere molto pi\u00f9 adatti all&#8217;estrazione, producendo concentrati a spettro completo pi\u00f9 potenti per prodotti di canapa di qualit\u00e0 superiore. Pertanto, nonostante la sua moderata difficolt\u00e0, Sour Diesel ripaga con la canapa suprema, ideale per una variet\u00e0 di processi post-raccolta.<\/p>\n<p>In circa 11 settimane, dare o prendere una settimana, la Sour Diesel fiorisce. La resa moderata \u00e8 limitata a 3 once per piede di altezza della pianta. Al massimo, la tua erba raggiunger\u00e0 un&#8217;altezza di oltre 7 piedi, il che la rende leggermente pi\u00f9 alta della maggior parte delle altre variet\u00e0.<\/p>\n<p>A causa delle esigenze di spazio della pianta, coltivarla all&#8217;aperto potrebbe essere l&#8217;ideale, soprattutto se &#8216; rilavorare con spazio limitato. Tuttavia, le condizioni interne possono essere favorevoli per Sour Diesel purch\u00e9 siano forniti calore, luce e bassa umidit\u00e0 adeguati. Integrando con nutrienti ricchi di fosforo verso la fine del periodo di crescita della pianta e interrompendo l&#8217;irrigazione circa tre giorni prima del raccolto, dovresti ottenere un odore pungente e pungente e uno strato denso di tricomi per un viaggio eccellente.<\/p>\n<p>&nbsp;<\/p>\n<p>Per chi \u00e8 progettato?<\/p>\n<p>A causa del sapore intenso e degli effetti mostruosi di Sour Diesel, non tutti apprezzeranno l&#8217;esperienza che offre. I consumatori di bassa tolleranza e i principianti possono essere sopraffatti non solo dal gusto incredibile, ma anche dagli effetti travolgenti, che possono causare ansia e irrequietezza in alcuni.<\/p>\n<p>Tuttavia, la Sour Diesel rimane una variet\u00e0 leggendaria per veterani e puristi che apprezzano la canapa potente. Per coloro che hanno pi\u00f9 esperienza, la sensazione rimbombante di un flusso di energia senza precedenti che scorre attraverso il loro sistema pu\u00f2 fornire la forza, la motivazione e la mentalit\u00e0 necessarie per completare una giornata di responsabilit\u00e0 e altro ancora.<\/p>\n<\/p><\/div><\/div>\n<section class=\"prodotti correlati\">\n<h2><\/h2>\n<\/section>\n<div class=\"product-next-previous\">\n<div class=\"product-prev\"><\/div><\/div>\n","protected":false},"excerpt":{"rendered":"<div class=\"woocommerce-product-details__short-description\">\n<p>Acquista il fiore di CBD Sour Diesel in vendita nel Regno Unito, l&#8217;Europa \u00e8 una variet\u00e0 energizzante a predominanza Sativa che ti aiuter\u00e0 a rimanere concentrato, produttivo ed equilibrato per tutto il giorno.<\/p>\n<\/p><\/div>\n","protected":false},"featured_media":4775,"comment_status":"open","ping_status":"closed","template":"","meta":[],"product_brand":[],"product_cat":[689],"product_tag":[],"class_list":{"0":"post-4761","1":"product","2":"type-product","3":"status-publish","4":"has-post-thumbnail","6":"product_cat-compra-fiore-di-canapa","8":"first","9":"instock","10":"shipping-taxable","11":"purchasable","12":"product-type-variable","13":"has-default-attributes"},"yoast_head":"<!-- This site is optimized with the Yoast SEO plugin v27.3 - https:\/\/yoast.com\/product\/yoast-seo-wordpress\/ -->\n<title>Acquista Sour Diesel CBD Hemp Flower online - I migliori farmaci globali<\/title>\n<meta name=\"description\" content=\"Acquista Sour Diesel CBD flower UK, Europe \u00e8 una variet\u00e0 energizzante a predominanza Sativa che ti aiuter\u00e0 a rimanere concentrato, produttivo ed equilibrato per tutto il giorno.\" \/>\n<meta name=\"robots\" content=\"index, follow, max-snippet:-1, max-image-preview:large, max-video-preview:-1\" \/>\n<link rel=\"canonical\" href=\"https:\/\/medicinasinc.com\/it\/product\/buy-sour-diesel-cbd-hemp-flower-online\/\" \/>\n<meta property=\"og:locale\" content=\"it_IT\" \/>\n<meta property=\"og:type\" content=\"article\" \/>\n<meta property=\"og:title\" content=\"Acquista Sour Diesel CBD Hemp Flower online - I migliori farmaci globali\" \/>\n<meta property=\"og:description\" content=\"Acquista Sour Diesel CBD flower UK, Europe \u00e8 una variet\u00e0 energizzante a predominanza Sativa che ti aiuter\u00e0 a rimanere concentrato, produttivo ed equilibrato per tutto il giorno.\" \/>\n<meta property=\"og:url\" content=\"https:\/\/medicinasinc.com\/it\/product\/buy-sour-diesel-cbd-hemp-flower-online\/\" \/>\n<meta property=\"og:site_name\" content=\"Medicinas Inc\" \/>\n<meta property=\"article:modified_time\" content=\"2022-03-17T00:40:58+00:00\" \/>\n<meta property=\"og:image\" content=\"https:\/\/medicinasinc.com\/it\/wp-content\/uploads\/sites\/4\/2022\/02\/Buy-Sour-Diesel-CBD-Hemp-Flower-Online.jpg\" \/>\n\t<meta property=\"og:image:width\" content=\"600\" \/>\n\t<meta property=\"og:image:height\" content=\"600\" \/>\n\t<meta property=\"og:image:type\" content=\"image\/jpeg\" \/>\n<meta name=\"twitter:card\" content=\"summary_large_image\" \/>\n<meta name=\"twitter:label1\" content=\"Tempo di lettura stimato\" \/>\n\t<meta name=\"twitter:data1\" content=\"5 minuti\" \/>\n<script type=\"application\/ld+json\" class=\"yoast-schema-graph\">{\"@context\":\"https:\\\/\\\/schema.org\",\"@graph\":[{\"@type\":\"WebPage\",\"@id\":\"https:\\\/\\\/medicinasinc.com\\\/it\\\/product\\\/buy-sour-diesel-cbd-hemp-flower-online\\\/\",\"url\":\"https:\\\/\\\/medicinasinc.com\\\/it\\\/product\\\/buy-sour-diesel-cbd-hemp-flower-online\\\/\",\"name\":\"Acquista Sour Diesel CBD Hemp Flower online - I migliori farmaci globali\",\"isPartOf\":{\"@id\":\"https:\\\/\\\/medicinasinc.com\\\/it\\\/#website\"},\"primaryImageOfPage\":{\"@id\":\"https:\\\/\\\/medicinasinc.com\\\/it\\\/product\\\/buy-sour-diesel-cbd-hemp-flower-online\\\/#primaryimage\"},\"image\":{\"@id\":\"https:\\\/\\\/medicinasinc.com\\\/it\\\/product\\\/buy-sour-diesel-cbd-hemp-flower-online\\\/#primaryimage\"},\"thumbnailUrl\":\"https:\\\/\\\/medicinasinc.com\\\/it\\\/wp-content\\\/uploads\\\/sites\\\/4\\\/2022\\\/02\\\/Buy-Sour-Diesel-CBD-Hemp-Flower-Online.jpg\",\"datePublished\":\"2022-02-20T15:41:01+00:00\",\"dateModified\":\"2022-03-17T00:40:58+00:00\",\"description\":\"Acquista Sour Diesel CBD flower UK, Europe \u00e8 una variet\u00e0 energizzante a predominanza Sativa che ti aiuter\u00e0 a rimanere concentrato, produttivo ed equilibrato per tutto il giorno.\",\"breadcrumb\":{\"@id\":\"https:\\\/\\\/medicinasinc.com\\\/it\\\/product\\\/buy-sour-diesel-cbd-hemp-flower-online\\\/#breadcrumb\"},\"inLanguage\":\"it-IT\",\"potentialAction\":[{\"@type\":\"ReadAction\",\"target\":[\"https:\\\/\\\/medicinasinc.com\\\/it\\\/product\\\/buy-sour-diesel-cbd-hemp-flower-online\\\/\"]}]},{\"@type\":\"ImageObject\",\"inLanguage\":\"it-IT\",\"@id\":\"https:\\\/\\\/medicinasinc.com\\\/it\\\/product\\\/buy-sour-diesel-cbd-hemp-flower-online\\\/#primaryimage\",\"url\":\"https:\\\/\\\/medicinasinc.com\\\/it\\\/wp-content\\\/uploads\\\/sites\\\/4\\\/2022\\\/02\\\/Buy-Sour-Diesel-CBD-Hemp-Flower-Online.jpg\",\"contentUrl\":\"https:\\\/\\\/medicinasinc.com\\\/it\\\/wp-content\\\/uploads\\\/sites\\\/4\\\/2022\\\/02\\\/Buy-Sour-Diesel-CBD-Hemp-Flower-Online.jpg\",\"width\":600,\"height\":600},{\"@type\":\"BreadcrumbList\",\"@id\":\"https:\\\/\\\/medicinasinc.com\\\/it\\\/product\\\/buy-sour-diesel-cbd-hemp-flower-online\\\/#breadcrumb\",\"itemListElement\":[{\"@type\":\"ListItem\",\"position\":1,\"name\":\"Negozio\",\"item\":\"https:\\\/\\\/medicinasinc.com\\\/it\\\/negozio\\\/\"},{\"@type\":\"ListItem\",\"position\":2,\"name\":\"Acquista Sour Diesel CBD fiori di canapa online\"}]},{\"@type\":\"WebSite\",\"@id\":\"https:\\\/\\\/medicinasinc.com\\\/it\\\/#website\",\"url\":\"https:\\\/\\\/medicinasinc.com\\\/it\\\/\",\"name\":\"Medicinas Inc\",\"description\":\"Health Medical Clinic\",\"potentialAction\":[{\"@type\":\"SearchAction\",\"target\":{\"@type\":\"EntryPoint\",\"urlTemplate\":\"https:\\\/\\\/medicinasinc.com\\\/it\\\/?s={search_term_string}\"},\"query-input\":{\"@type\":\"PropertyValueSpecification\",\"valueRequired\":true,\"valueName\":\"search_term_string\"}}],\"inLanguage\":\"it-IT\"}]}<\/script>\n<!-- \/ Yoast SEO plugin. -->","yoast_head_json":{"title":"Acquista Sour Diesel CBD Hemp Flower online - I migliori farmaci globali","description":"Acquista Sour Diesel CBD flower UK, Europe \u00e8 una variet\u00e0 energizzante a predominanza Sativa che ti aiuter\u00e0 a rimanere concentrato, produttivo ed equilibrato per tutto il giorno.","robots":{"index":"index","follow":"follow","max-snippet":"max-snippet:-1","max-image-preview":"max-image-preview:large","max-video-preview":"max-video-preview:-1"},"canonical":"https:\/\/medicinasinc.com\/it\/product\/buy-sour-diesel-cbd-hemp-flower-online\/","og_locale":"it_IT","og_type":"article","og_title":"Acquista Sour Diesel CBD Hemp Flower online - I migliori farmaci globali","og_description":"Acquista Sour Diesel CBD flower UK, Europe \u00e8 una variet\u00e0 energizzante a predominanza Sativa che ti aiuter\u00e0 a rimanere concentrato, produttivo ed equilibrato per tutto il giorno.","og_url":"https:\/\/medicinasinc.com\/it\/product\/buy-sour-diesel-cbd-hemp-flower-online\/","og_site_name":"Medicinas Inc","article_modified_time":"2022-03-17T00:40:58+00:00","og_image":[{"width":600,"height":600,"url":"https:\/\/medicinasinc.com\/it\/wp-content\/uploads\/sites\/4\/2022\/02\/Buy-Sour-Diesel-CBD-Hemp-Flower-Online.jpg","type":"image\/jpeg"}],"twitter_card":"summary_large_image","twitter_misc":{"Tempo di lettura stimato":"5 minuti"},"schema":{"@context":"https:\/\/schema.org","@graph":[{"@type":"WebPage","@id":"https:\/\/medicinasinc.com\/it\/product\/buy-sour-diesel-cbd-hemp-flower-online\/","url":"https:\/\/medicinasinc.com\/it\/product\/buy-sour-diesel-cbd-hemp-flower-online\/","name":"Acquista Sour Diesel CBD Hemp Flower online - I migliori farmaci globali","isPartOf":{"@id":"https:\/\/medicinasinc.com\/it\/#website"},"primaryImageOfPage":{"@id":"https:\/\/medicinasinc.com\/it\/product\/buy-sour-diesel-cbd-hemp-flower-online\/#primaryimage"},"image":{"@id":"https:\/\/medicinasinc.com\/it\/product\/buy-sour-diesel-cbd-hemp-flower-online\/#primaryimage"},"thumbnailUrl":"https:\/\/medicinasinc.com\/it\/wp-content\/uploads\/sites\/4\/2022\/02\/Buy-Sour-Diesel-CBD-Hemp-Flower-Online.jpg","datePublished":"2022-02-20T15:41:01+00:00","dateModified":"2022-03-17T00:40:58+00:00","description":"Acquista Sour Diesel CBD flower UK, Europe \u00e8 una variet\u00e0 energizzante a predominanza Sativa che ti aiuter\u00e0 a rimanere concentrato, produttivo ed equilibrato per tutto il giorno.","breadcrumb":{"@id":"https:\/\/medicinasinc.com\/it\/product\/buy-sour-diesel-cbd-hemp-flower-online\/#breadcrumb"},"inLanguage":"it-IT","potentialAction":[{"@type":"ReadAction","target":["https:\/\/medicinasinc.com\/it\/product\/buy-sour-diesel-cbd-hemp-flower-online\/"]}]},{"@type":"ImageObject","inLanguage":"it-IT","@id":"https:\/\/medicinasinc.com\/it\/product\/buy-sour-diesel-cbd-hemp-flower-online\/#primaryimage","url":"https:\/\/medicinasinc.com\/it\/wp-content\/uploads\/sites\/4\/2022\/02\/Buy-Sour-Diesel-CBD-Hemp-Flower-Online.jpg","contentUrl":"https:\/\/medicinasinc.com\/it\/wp-content\/uploads\/sites\/4\/2022\/02\/Buy-Sour-Diesel-CBD-Hemp-Flower-Online.jpg","width":600,"height":600},{"@type":"BreadcrumbList","@id":"https:\/\/medicinasinc.com\/it\/product\/buy-sour-diesel-cbd-hemp-flower-online\/#breadcrumb","itemListElement":[{"@type":"ListItem","position":1,"name":"Negozio","item":"https:\/\/medicinasinc.com\/it\/negozio\/"},{"@type":"ListItem","position":2,"name":"Acquista Sour Diesel CBD fiori di canapa online"}]},{"@type":"WebSite","@id":"https:\/\/medicinasinc.com\/it\/#website","url":"https:\/\/medicinasinc.com\/it\/","name":"Medicinas Inc","description":"Health Medical Clinic","potentialAction":[{"@type":"SearchAction","target":{"@type":"EntryPoint","urlTemplate":"https:\/\/medicinasinc.com\/it\/?s={search_term_string}"},"query-input":{"@type":"PropertyValueSpecification","valueRequired":true,"valueName":"search_term_string"}}],"inLanguage":"it-IT"}]}},"_links":{"self":[{"href":"https:\/\/medicinasinc.com\/it\/wp-json\/wp\/v2\/product\/4761","targetHints":{"allow":["GET"]}}],"collection":[{"href":"https:\/\/medicinasinc.com\/it\/wp-json\/wp\/v2\/product"}],"about":[{"href":"https:\/\/medicinasinc.com\/it\/wp-json\/wp\/v2\/types\/product"}],"replies":[{"embeddable":true,"href":"https:\/\/medicinasinc.com\/it\/wp-json\/wp\/v2\/comments?post=4761"}],"wp:featuredmedia":[{"embeddable":true,"href":"https:\/\/medicinasinc.com\/it\/wp-json\/wp\/v2\/media\/4775"}],"wp:attachment":[{"href":"https:\/\/medicinasinc.com\/it\/wp-json\/wp\/v2\/media?parent=4761"}],"wp:term":[{"taxonomy":"product_brand","embeddable":true,"href":"https:\/\/medicinasinc.com\/it\/wp-json\/wp\/v2\/product_brand?post=4761"},{"taxonomy":"product_cat","embeddable":true,"href":"https:\/\/medicinasinc.com\/it\/wp-json\/wp\/v2\/product_cat?post=4761"},{"taxonomy":"product_tag","embeddable":true,"href":"https:\/\/medicinasinc.com\/it\/wp-json\/wp\/v2\/product_tag?post=4761"}],"curies":[{"name":"wp","href":"https:\/\/api.w.org\/{rel}","templated":true}]}}