{"id":4759,"date":"2022-02-20T15:39:59","date_gmt":"2022-02-20T15:39:59","guid":{"rendered":"https:\/\/medicinasinc.com\/it\/?post_type=product&#038;p=4759"},"modified":"2022-03-17T00:41:06","modified_gmt":"2022-03-17T00:41:06","slug":"comprare-suzy-q-cbd-fiore-di-canapa","status":"publish","type":"product","link":"https:\/\/medicinasinc.com\/it\/product\/comprare-suzy-q-cbd-fiore-di-canapa\/","title":{"rendered":"Acquista Suzy Q CBD Fiore di canapa"},"content":{"rendered":"<p>Suzy Q \u00e8 una variet\u00e0 verde oliva di media densit\u00e0 con peli color ambra scuro. \u00c8 raccomandato per gli appassionati di cannabis che cercano un effetto edificante e lucido. Il sapore robusto di questa variet\u00e0 \u00e8 caratterizzato da note legnose e un pizzico di spezie. Suzy Q \u00e8 nota per il suo aroma dolce e terroso e il profilo terpenico di terpeni di pino e speziati.<\/p>\n<p>L&#8217;ibrido equilibrato contiene il 50% di sativa (una variet\u00e0 pi\u00f9 stimolante) e il 50% di indica (una variet\u00e0 pi\u00f9 rilassante ceppo), con conseguente effetto sinergico. Grazie al suo contenuto di CBD relativamente alto, \u00e8 una scelta eccellente per chi cerca un&#8217;esperienza rilassante. \u00c8 ampiamente considerato come uno dei ceppi pi\u00f9 calmanti disponibili.<\/p>\n<p>Suzy Q contiene un&#8217;alta concentrazione di CBD e solo una traccia di THC, ben al di sotto del limite legale per la canapa. Questo rapporto indica che dovresti aspettarti un&#8217;esperienza leggermente edificante.<\/p>\n<p>Garantire la qualit\u00e0 dei fiori di canapa dalla fattoria alla vendita<\/p>\n<p>I fiori di canapa Suzy Q vengono coltivati \u200b\u200bin una pittoresca fattoria di 100 acri a California settentrionale. Il clima idilliaco della California settentrionale crea l&#8217;illusione di un&#8217;estate senza fine e quelle giornate secche e luminose si traducono in raccolti eccezionali di splendidi fiori privi di muffe o oidio.<\/p>\n<p>La nostra fattoria \u00e8 certificata biologica, il che significa che nessuna sostanza chimica vengono utilizzati fertilizzanti o pesticidi. Ci prendiamo molta cura per garantire un&#8217;adeguata permacultura, la coltivazione di un ecosistema agricolo autosufficiente e autosufficiente. Un modo per farlo \u00e8 attraverso il mangime top-dressing, che costringe le radici a lavorare di pi\u00f9 per promuovere un ambiente sano del suolo favorevole alla crescita delle piante.<\/p>\n<p>Una volta che le nostre piante di canapa raggiungono il loro pieno potenziale, vengono appese sottosopra fino ad asciugare, quindi stagionato e rifilato a mano. La cannabis \u00e8 una pianta estremamente delicata. Anche piccoli errori durante la coltivazione o la raccolta possono degradare rapidamente la qualit\u00e0 delle cime. Chiediamo completa trasparenza e controllo della qualit\u00e0&#8230; e dovresti farlo anche tu. Niente di meno \u00e8 richiesto dai fiori di canapa.<\/p>\n<p>Il nostro fiore di canapa CBD \u00e8 stato sottoposto a test indipendenti<\/p>\n<p>Ogni raccolto \u00e8 testato per purezza e potenza presso un AHCA registrato DEA e accreditato ISO 17025 -laboratorio indipendente accreditato e accreditato CLIA. Il test completo esamina quanto segue:<\/p>\n<p>CBD, THC e la potenza di altri cannabinoidi.<br \/> Metalli lourdes (piombo, mercurio, arsenico, cadmio).<br \/> Batteri come E. coli, cos\u00ec come altri agenti patogeni<br \/> Contaminanti come le micotossine.<\/p>\n<p>Ogni ordine viene fornito con un certificato di analisi, assicurandoti di sapere sempre esattamente cosa stai ricevendo quando acquisti Crescent Flower .<\/p>\n","protected":false},"excerpt":{"rendered":"<p>Fiore di canapa a spettro completo di fiori di canapa Suzy Q CBD &#8211; Acquista Suzy Q CBD Hemp Flower Fiore di canapa a spettro completo. Suzy Q \u00e8 una variet\u00e0 ad alto contenuto di CBD e basso THC con un sapore di pino che aiuta nel trattamento dei sintomi mentre produce poca o nessuna euforia.<\/p>\n<p>Suzy Q \u00e8 una variet\u00e0 ad alto contenuto di CBD e basso THC con un sapore di pino che aiuta nel trattamento dei sintomi con un effetto psicoattivo minimo o nullo. Questa \u00e8 una variet\u00e0 eccellente da aggiungere alla famiglia CBD.<br \/> Cbd: 15%\u201317%<\/p>\n<p>0,2% thc<\/p>\n","protected":false},"featured_media":4773,"comment_status":"open","ping_status":"closed","template":"","meta":[],"product_brand":[],"product_cat":[689],"product_tag":[],"class_list":{"0":"post-4759","1":"product","2":"type-product","3":"status-publish","4":"has-post-thumbnail","6":"product_cat-compra-fiore-di-canapa","8":"first","9":"instock","10":"shipping-taxable","11":"purchasable","12":"product-type-variable","13":"has-default-attributes"},"yoast_head":"<!-- This site is optimized with the Yoast SEO plugin v27.3 - https:\/\/yoast.com\/product\/yoast-seo-wordpress\/ -->\n<title>Acquista Suzy Q CBD Hemp Flower - I migliori farmaci globali<\/title>\n<meta name=\"description\" content=\"Acquista Suzy Q CBD Hemp Flower Fiore di canapa a spettro completo. La Suzy Q \u00e8 una variet\u00e0 ad alto contenuto di CBD e basso THC con un sapore di pino che aiuta a trattare i sintomi con uno sballo euforico minimo o nullo.\" \/>\n<meta name=\"robots\" content=\"index, follow, max-snippet:-1, max-image-preview:large, max-video-preview:-1\" \/>\n<link rel=\"canonical\" href=\"https:\/\/medicinasinc.com\/it\/product\/comprare-suzy-q-cbd-fiore-di-canapa\/\" \/>\n<meta property=\"og:locale\" content=\"it_IT\" \/>\n<meta property=\"og:type\" content=\"article\" \/>\n<meta property=\"og:title\" content=\"Acquista Suzy Q CBD Hemp Flower - I migliori farmaci globali\" \/>\n<meta property=\"og:description\" content=\"Acquista Suzy Q CBD Hemp Flower Fiore di canapa a spettro completo. La Suzy Q \u00e8 una variet\u00e0 ad alto contenuto di CBD e basso THC con un sapore di pino che aiuta a trattare i sintomi con uno sballo euforico minimo o nullo.\" \/>\n<meta property=\"og:url\" content=\"https:\/\/medicinasinc.com\/it\/product\/comprare-suzy-q-cbd-fiore-di-canapa\/\" \/>\n<meta property=\"og:site_name\" content=\"Medicinas Inc\" \/>\n<meta property=\"article:modified_time\" content=\"2022-03-17T00:41:06+00:00\" \/>\n<meta property=\"og:image\" content=\"https:\/\/medicinasinc.com\/it\/wp-content\/uploads\/sites\/4\/2022\/02\/Buy-Suzy-Q-CBD-Hemp-Flower-Online.jpg\" \/>\n\t<meta property=\"og:image:width\" content=\"600\" \/>\n\t<meta property=\"og:image:height\" content=\"600\" \/>\n\t<meta property=\"og:image:type\" content=\"image\/jpeg\" \/>\n<meta name=\"twitter:card\" content=\"summary_large_image\" \/>\n<meta name=\"twitter:label1\" content=\"Tempo di lettura stimato\" \/>\n\t<meta name=\"twitter:data1\" content=\"2 minuti\" \/>\n<script type=\"application\/ld+json\" class=\"yoast-schema-graph\">{\"@context\":\"https:\\\/\\\/schema.org\",\"@graph\":[{\"@type\":\"WebPage\",\"@id\":\"https:\\\/\\\/medicinasinc.com\\\/it\\\/product\\\/comprare-suzy-q-cbd-fiore-di-canapa\\\/\",\"url\":\"https:\\\/\\\/medicinasinc.com\\\/it\\\/product\\\/comprare-suzy-q-cbd-fiore-di-canapa\\\/\",\"name\":\"Acquista Suzy Q CBD Hemp Flower - I migliori farmaci globali\",\"isPartOf\":{\"@id\":\"https:\\\/\\\/medicinasinc.com\\\/it\\\/#website\"},\"primaryImageOfPage\":{\"@id\":\"https:\\\/\\\/medicinasinc.com\\\/it\\\/product\\\/comprare-suzy-q-cbd-fiore-di-canapa\\\/#primaryimage\"},\"image\":{\"@id\":\"https:\\\/\\\/medicinasinc.com\\\/it\\\/product\\\/comprare-suzy-q-cbd-fiore-di-canapa\\\/#primaryimage\"},\"thumbnailUrl\":\"https:\\\/\\\/medicinasinc.com\\\/it\\\/wp-content\\\/uploads\\\/sites\\\/4\\\/2022\\\/02\\\/Buy-Suzy-Q-CBD-Hemp-Flower-Online.jpg\",\"datePublished\":\"2022-02-20T15:39:59+00:00\",\"dateModified\":\"2022-03-17T00:41:06+00:00\",\"description\":\"Acquista Suzy Q CBD Hemp Flower Fiore di canapa a spettro completo. La Suzy Q \u00e8 una variet\u00e0 ad alto contenuto di CBD e basso THC con un sapore di pino che aiuta a trattare i sintomi con uno sballo euforico minimo o nullo.\",\"breadcrumb\":{\"@id\":\"https:\\\/\\\/medicinasinc.com\\\/it\\\/product\\\/comprare-suzy-q-cbd-fiore-di-canapa\\\/#breadcrumb\"},\"inLanguage\":\"it-IT\",\"potentialAction\":[{\"@type\":\"ReadAction\",\"target\":[\"https:\\\/\\\/medicinasinc.com\\\/it\\\/product\\\/comprare-suzy-q-cbd-fiore-di-canapa\\\/\"]}]},{\"@type\":\"ImageObject\",\"inLanguage\":\"it-IT\",\"@id\":\"https:\\\/\\\/medicinasinc.com\\\/it\\\/product\\\/comprare-suzy-q-cbd-fiore-di-canapa\\\/#primaryimage\",\"url\":\"https:\\\/\\\/medicinasinc.com\\\/it\\\/wp-content\\\/uploads\\\/sites\\\/4\\\/2022\\\/02\\\/Buy-Suzy-Q-CBD-Hemp-Flower-Online.jpg\",\"contentUrl\":\"https:\\\/\\\/medicinasinc.com\\\/it\\\/wp-content\\\/uploads\\\/sites\\\/4\\\/2022\\\/02\\\/Buy-Suzy-Q-CBD-Hemp-Flower-Online.jpg\",\"width\":600,\"height\":600},{\"@type\":\"BreadcrumbList\",\"@id\":\"https:\\\/\\\/medicinasinc.com\\\/it\\\/product\\\/comprare-suzy-q-cbd-fiore-di-canapa\\\/#breadcrumb\",\"itemListElement\":[{\"@type\":\"ListItem\",\"position\":1,\"name\":\"Negozio\",\"item\":\"https:\\\/\\\/medicinasinc.com\\\/it\\\/negozio\\\/\"},{\"@type\":\"ListItem\",\"position\":2,\"name\":\"Acquista Suzy Q CBD Fiore di canapa\"}]},{\"@type\":\"WebSite\",\"@id\":\"https:\\\/\\\/medicinasinc.com\\\/it\\\/#website\",\"url\":\"https:\\\/\\\/medicinasinc.com\\\/it\\\/\",\"name\":\"Medicinas Inc\",\"description\":\"Health Medical Clinic\",\"potentialAction\":[{\"@type\":\"SearchAction\",\"target\":{\"@type\":\"EntryPoint\",\"urlTemplate\":\"https:\\\/\\\/medicinasinc.com\\\/it\\\/?s={search_term_string}\"},\"query-input\":{\"@type\":\"PropertyValueSpecification\",\"valueRequired\":true,\"valueName\":\"search_term_string\"}}],\"inLanguage\":\"it-IT\"}]}<\/script>\n<!-- \/ Yoast SEO plugin. -->","yoast_head_json":{"title":"Acquista Suzy Q CBD Hemp Flower - I migliori farmaci globali","description":"Acquista Suzy Q CBD Hemp Flower Fiore di canapa a spettro completo. La Suzy Q \u00e8 una variet\u00e0 ad alto contenuto di CBD e basso THC con un sapore di pino che aiuta a trattare i sintomi con uno sballo euforico minimo o nullo.","robots":{"index":"index","follow":"follow","max-snippet":"max-snippet:-1","max-image-preview":"max-image-preview:large","max-video-preview":"max-video-preview:-1"},"canonical":"https:\/\/medicinasinc.com\/it\/product\/comprare-suzy-q-cbd-fiore-di-canapa\/","og_locale":"it_IT","og_type":"article","og_title":"Acquista Suzy Q CBD Hemp Flower - I migliori farmaci globali","og_description":"Acquista Suzy Q CBD Hemp Flower Fiore di canapa a spettro completo. La Suzy Q \u00e8 una variet\u00e0 ad alto contenuto di CBD e basso THC con un sapore di pino che aiuta a trattare i sintomi con uno sballo euforico minimo o nullo.","og_url":"https:\/\/medicinasinc.com\/it\/product\/comprare-suzy-q-cbd-fiore-di-canapa\/","og_site_name":"Medicinas Inc","article_modified_time":"2022-03-17T00:41:06+00:00","og_image":[{"width":600,"height":600,"url":"https:\/\/medicinasinc.com\/it\/wp-content\/uploads\/sites\/4\/2022\/02\/Buy-Suzy-Q-CBD-Hemp-Flower-Online.jpg","type":"image\/jpeg"}],"twitter_card":"summary_large_image","twitter_misc":{"Tempo di lettura stimato":"2 minuti"},"schema":{"@context":"https:\/\/schema.org","@graph":[{"@type":"WebPage","@id":"https:\/\/medicinasinc.com\/it\/product\/comprare-suzy-q-cbd-fiore-di-canapa\/","url":"https:\/\/medicinasinc.com\/it\/product\/comprare-suzy-q-cbd-fiore-di-canapa\/","name":"Acquista Suzy Q CBD Hemp Flower - I migliori farmaci globali","isPartOf":{"@id":"https:\/\/medicinasinc.com\/it\/#website"},"primaryImageOfPage":{"@id":"https:\/\/medicinasinc.com\/it\/product\/comprare-suzy-q-cbd-fiore-di-canapa\/#primaryimage"},"image":{"@id":"https:\/\/medicinasinc.com\/it\/product\/comprare-suzy-q-cbd-fiore-di-canapa\/#primaryimage"},"thumbnailUrl":"https:\/\/medicinasinc.com\/it\/wp-content\/uploads\/sites\/4\/2022\/02\/Buy-Suzy-Q-CBD-Hemp-Flower-Online.jpg","datePublished":"2022-02-20T15:39:59+00:00","dateModified":"2022-03-17T00:41:06+00:00","description":"Acquista Suzy Q CBD Hemp Flower Fiore di canapa a spettro completo. La Suzy Q \u00e8 una variet\u00e0 ad alto contenuto di CBD e basso THC con un sapore di pino che aiuta a trattare i sintomi con uno sballo euforico minimo o nullo.","breadcrumb":{"@id":"https:\/\/medicinasinc.com\/it\/product\/comprare-suzy-q-cbd-fiore-di-canapa\/#breadcrumb"},"inLanguage":"it-IT","potentialAction":[{"@type":"ReadAction","target":["https:\/\/medicinasinc.com\/it\/product\/comprare-suzy-q-cbd-fiore-di-canapa\/"]}]},{"@type":"ImageObject","inLanguage":"it-IT","@id":"https:\/\/medicinasinc.com\/it\/product\/comprare-suzy-q-cbd-fiore-di-canapa\/#primaryimage","url":"https:\/\/medicinasinc.com\/it\/wp-content\/uploads\/sites\/4\/2022\/02\/Buy-Suzy-Q-CBD-Hemp-Flower-Online.jpg","contentUrl":"https:\/\/medicinasinc.com\/it\/wp-content\/uploads\/sites\/4\/2022\/02\/Buy-Suzy-Q-CBD-Hemp-Flower-Online.jpg","width":600,"height":600},{"@type":"BreadcrumbList","@id":"https:\/\/medicinasinc.com\/it\/product\/comprare-suzy-q-cbd-fiore-di-canapa\/#breadcrumb","itemListElement":[{"@type":"ListItem","position":1,"name":"Negozio","item":"https:\/\/medicinasinc.com\/it\/negozio\/"},{"@type":"ListItem","position":2,"name":"Acquista Suzy Q CBD Fiore di canapa"}]},{"@type":"WebSite","@id":"https:\/\/medicinasinc.com\/it\/#website","url":"https:\/\/medicinasinc.com\/it\/","name":"Medicinas Inc","description":"Health Medical Clinic","potentialAction":[{"@type":"SearchAction","target":{"@type":"EntryPoint","urlTemplate":"https:\/\/medicinasinc.com\/it\/?s={search_term_string}"},"query-input":{"@type":"PropertyValueSpecification","valueRequired":true,"valueName":"search_term_string"}}],"inLanguage":"it-IT"}]}},"_links":{"self":[{"href":"https:\/\/medicinasinc.com\/it\/wp-json\/wp\/v2\/product\/4759","targetHints":{"allow":["GET"]}}],"collection":[{"href":"https:\/\/medicinasinc.com\/it\/wp-json\/wp\/v2\/product"}],"about":[{"href":"https:\/\/medicinasinc.com\/it\/wp-json\/wp\/v2\/types\/product"}],"replies":[{"embeddable":true,"href":"https:\/\/medicinasinc.com\/it\/wp-json\/wp\/v2\/comments?post=4759"}],"wp:featuredmedia":[{"embeddable":true,"href":"https:\/\/medicinasinc.com\/it\/wp-json\/wp\/v2\/media\/4773"}],"wp:attachment":[{"href":"https:\/\/medicinasinc.com\/it\/wp-json\/wp\/v2\/media?parent=4759"}],"wp:term":[{"taxonomy":"product_brand","embeddable":true,"href":"https:\/\/medicinasinc.com\/it\/wp-json\/wp\/v2\/product_brand?post=4759"},{"taxonomy":"product_cat","embeddable":true,"href":"https:\/\/medicinasinc.com\/it\/wp-json\/wp\/v2\/product_cat?post=4759"},{"taxonomy":"product_tag","embeddable":true,"href":"https:\/\/medicinasinc.com\/it\/wp-json\/wp\/v2\/product_tag?post=4759"}],"curies":[{"name":"wp","href":"https:\/\/api.w.org\/{rel}","templated":true}]}}