{"id":4748,"date":"2022-02-20T15:30:50","date_gmt":"2022-02-20T15:30:50","guid":{"rendered":"https:\/\/medicinasinc.com\/it\/?post_type=product&#038;p=4748"},"modified":"2022-08-04T08:41:10","modified_gmt":"2022-08-04T08:41:10","slug":"comprare-fiore-di-canapa-pino-hawaiano","status":"publish","type":"product","link":"https:\/\/medicinasinc.com\/it\/product\/comprare-fiore-di-canapa-pino-hawaiano\/","title":{"rendered":"Acquista il fiore di canapa di pino hawaiano"},"content":{"rendered":"<div class=\"woocommerce-tabs wc-tabs-wrapper\">\n<div id=\"tab-description\" class=\"woocommerce-Tabs-panel woocommerce-Tabs-panel--description panel entry-content wc-tab\" role=\"tabpanel\" aria-labelledby=\"tab-title-description\">\n<p>Fiore di canapa con CBD di pino hawaiano<\/p>\n<p>Il ceppo di fiori di canapa con CBD di pino hawaiano contiene meno del 2% di Delta 9 THC, che \u00e8 il limite legale di THC e, se consumato con moderazione, non ti far\u00e0 fallire un test antidroga, ma non offriamo alcuna garanzia.<\/p>\n<p>A Bud Chasers, diamo un premio alla qualit\u00e0 e alla sicurezza, motivo per cui ciascuno un lotto di fiori di CBD viene testato e approvato dal Dipartimento dell&#8217;Agricoltura prima della distribuzione.<\/p>\n<p>I farmaci ricchi di CBD possono essere in grado di aiutare con infiammazioni e convulsioni, ma hanno pochi effetti psicoattivi. A causa dell&#8217;elevata gradazione alcolica, si consiglia di posizionarlo a lato della bocca (contro la guancia) e di tenerlo premuto per 30-60 secondi. La tintura pu\u00f2 essere diluita nel succo o nel t\u00e8, ma ci vorr\u00e0 pi\u00f9 tempo per avere effetto.<\/p>\n<p>Il fiore di canapa CBD di pino hawaiano \u00e8 ora disponibile.<\/p>\n<p>Acquista il fiore di canapa CBD di pino hawaiano di canapa. Online adesso; inoltre, puoi effettuare un ordine qui ed effettuare un acquisto immediato.<\/p>\n<p>Fiore CBD di pino hawaiano<\/p>\n<\/div>\n<\/div>\n","protected":false},"excerpt":{"rendered":"<div class=\"woocommerce-product-details__short-description\">\n<p>Acquista fiore di canapa CBD di pino hawaiano online da medicinasinc.com. Acquista una variet\u00e0 di prodotti correlati alla marijuana e altro ancora. La consegna \u00e8 gratuita.<\/p>\n<p>Offriamo fiori di canapa CBD di pino hawaiano di qualit\u00e0 superiore per scopi medicinali o ricreativi.<\/p>\n<\/div>\n","protected":false},"featured_media":4760,"comment_status":"open","ping_status":"closed","template":"","meta":[],"product_brand":[],"product_cat":[689],"product_tag":[],"class_list":{"0":"post-4748","1":"product","2":"type-product","3":"status-publish","4":"has-post-thumbnail","6":"product_cat-compra-fiore-di-canapa","8":"first","9":"instock","10":"shipping-taxable","11":"purchasable","12":"product-type-variable","13":"has-default-attributes"},"yoast_head":"<!-- This site is optimized with the Yoast SEO plugin v27.3 - https:\/\/yoast.com\/product\/yoast-seo-wordpress\/ -->\n<title>Acquista il fiore di canapa di pino hawaiano - I migliori farmaci globali<\/title>\n<meta name=\"description\" content=\"Acquista il fiore di canapa CBD di pino hawaiano (1 libbra) online su medicinasinc.com. Acquista un&#039;ampia selezione di prodotti a base di marijuana e altro ancora. Consegna gratuita.\" \/>\n<meta name=\"robots\" content=\"index, follow, max-snippet:-1, max-image-preview:large, max-video-preview:-1\" \/>\n<link rel=\"canonical\" href=\"https:\/\/medicinasinc.com\/it\/product\/comprare-fiore-di-canapa-pino-hawaiano\/\" \/>\n<meta property=\"og:locale\" content=\"it_IT\" \/>\n<meta property=\"og:type\" content=\"article\" \/>\n<meta property=\"og:title\" content=\"Acquista il fiore di canapa di pino hawaiano - I migliori farmaci globali\" \/>\n<meta property=\"og:description\" content=\"Acquista il fiore di canapa CBD di pino hawaiano (1 libbra) online su medicinasinc.com. Acquista un&#039;ampia selezione di prodotti a base di marijuana e altro ancora. Consegna gratuita.\" \/>\n<meta property=\"og:url\" content=\"https:\/\/medicinasinc.com\/it\/product\/comprare-fiore-di-canapa-pino-hawaiano\/\" \/>\n<meta property=\"og:site_name\" content=\"Medicinas Inc\" \/>\n<meta property=\"article:modified_time\" content=\"2022-08-04T08:41:10+00:00\" \/>\n<meta property=\"og:image\" content=\"https:\/\/medicinasinc.com\/it\/wp-content\/uploads\/sites\/4\/2022\/02\/Buy-Hawaiian-Pine-Hemp-Flower-Onlin.jpg\" \/>\n\t<meta property=\"og:image:width\" content=\"600\" \/>\n\t<meta property=\"og:image:height\" content=\"600\" \/>\n\t<meta property=\"og:image:type\" content=\"image\/jpeg\" \/>\n<meta name=\"twitter:card\" content=\"summary_large_image\" \/>\n<meta name=\"twitter:label1\" content=\"Tempo di lettura stimato\" \/>\n\t<meta name=\"twitter:data1\" content=\"1 minuto\" \/>\n<script type=\"application\/ld+json\" class=\"yoast-schema-graph\">{\"@context\":\"https:\\\/\\\/schema.org\",\"@graph\":[{\"@type\":\"WebPage\",\"@id\":\"https:\\\/\\\/medicinasinc.com\\\/it\\\/product\\\/comprare-fiore-di-canapa-pino-hawaiano\\\/\",\"url\":\"https:\\\/\\\/medicinasinc.com\\\/it\\\/product\\\/comprare-fiore-di-canapa-pino-hawaiano\\\/\",\"name\":\"Acquista il fiore di canapa di pino hawaiano - I migliori farmaci globali\",\"isPartOf\":{\"@id\":\"https:\\\/\\\/medicinasinc.com\\\/it\\\/#website\"},\"primaryImageOfPage\":{\"@id\":\"https:\\\/\\\/medicinasinc.com\\\/it\\\/product\\\/comprare-fiore-di-canapa-pino-hawaiano\\\/#primaryimage\"},\"image\":{\"@id\":\"https:\\\/\\\/medicinasinc.com\\\/it\\\/product\\\/comprare-fiore-di-canapa-pino-hawaiano\\\/#primaryimage\"},\"thumbnailUrl\":\"https:\\\/\\\/medicinasinc.com\\\/it\\\/wp-content\\\/uploads\\\/sites\\\/4\\\/2022\\\/02\\\/Buy-Hawaiian-Pine-Hemp-Flower-Onlin.jpg\",\"datePublished\":\"2022-02-20T15:30:50+00:00\",\"dateModified\":\"2022-08-04T08:41:10+00:00\",\"description\":\"Acquista il fiore di canapa CBD di pino hawaiano (1 libbra) online su medicinasinc.com. Acquista un'ampia selezione di prodotti a base di marijuana e altro ancora. Consegna gratuita.\",\"breadcrumb\":{\"@id\":\"https:\\\/\\\/medicinasinc.com\\\/it\\\/product\\\/comprare-fiore-di-canapa-pino-hawaiano\\\/#breadcrumb\"},\"inLanguage\":\"it-IT\",\"potentialAction\":[{\"@type\":\"ReadAction\",\"target\":[\"https:\\\/\\\/medicinasinc.com\\\/it\\\/product\\\/comprare-fiore-di-canapa-pino-hawaiano\\\/\"]}]},{\"@type\":\"ImageObject\",\"inLanguage\":\"it-IT\",\"@id\":\"https:\\\/\\\/medicinasinc.com\\\/it\\\/product\\\/comprare-fiore-di-canapa-pino-hawaiano\\\/#primaryimage\",\"url\":\"https:\\\/\\\/medicinasinc.com\\\/it\\\/wp-content\\\/uploads\\\/sites\\\/4\\\/2022\\\/02\\\/Buy-Hawaiian-Pine-Hemp-Flower-Onlin.jpg\",\"contentUrl\":\"https:\\\/\\\/medicinasinc.com\\\/it\\\/wp-content\\\/uploads\\\/sites\\\/4\\\/2022\\\/02\\\/Buy-Hawaiian-Pine-Hemp-Flower-Onlin.jpg\",\"width\":600,\"height\":600},{\"@type\":\"BreadcrumbList\",\"@id\":\"https:\\\/\\\/medicinasinc.com\\\/it\\\/product\\\/comprare-fiore-di-canapa-pino-hawaiano\\\/#breadcrumb\",\"itemListElement\":[{\"@type\":\"ListItem\",\"position\":1,\"name\":\"Negozio\",\"item\":\"https:\\\/\\\/medicinasinc.com\\\/it\\\/negozio\\\/\"},{\"@type\":\"ListItem\",\"position\":2,\"name\":\"Acquista il fiore di canapa di pino hawaiano\"}]},{\"@type\":\"WebSite\",\"@id\":\"https:\\\/\\\/medicinasinc.com\\\/it\\\/#website\",\"url\":\"https:\\\/\\\/medicinasinc.com\\\/it\\\/\",\"name\":\"Medicinas Inc\",\"description\":\"Health Medical Clinic\",\"potentialAction\":[{\"@type\":\"SearchAction\",\"target\":{\"@type\":\"EntryPoint\",\"urlTemplate\":\"https:\\\/\\\/medicinasinc.com\\\/it\\\/?s={search_term_string}\"},\"query-input\":{\"@type\":\"PropertyValueSpecification\",\"valueRequired\":true,\"valueName\":\"search_term_string\"}}],\"inLanguage\":\"it-IT\"}]}<\/script>\n<!-- \/ Yoast SEO plugin. -->","yoast_head_json":{"title":"Acquista il fiore di canapa di pino hawaiano - I migliori farmaci globali","description":"Acquista il fiore di canapa CBD di pino hawaiano (1 libbra) online su medicinasinc.com. Acquista un'ampia selezione di prodotti a base di marijuana e altro ancora. Consegna gratuita.","robots":{"index":"index","follow":"follow","max-snippet":"max-snippet:-1","max-image-preview":"max-image-preview:large","max-video-preview":"max-video-preview:-1"},"canonical":"https:\/\/medicinasinc.com\/it\/product\/comprare-fiore-di-canapa-pino-hawaiano\/","og_locale":"it_IT","og_type":"article","og_title":"Acquista il fiore di canapa di pino hawaiano - I migliori farmaci globali","og_description":"Acquista il fiore di canapa CBD di pino hawaiano (1 libbra) online su medicinasinc.com. Acquista un'ampia selezione di prodotti a base di marijuana e altro ancora. Consegna gratuita.","og_url":"https:\/\/medicinasinc.com\/it\/product\/comprare-fiore-di-canapa-pino-hawaiano\/","og_site_name":"Medicinas Inc","article_modified_time":"2022-08-04T08:41:10+00:00","og_image":[{"width":600,"height":600,"url":"https:\/\/medicinasinc.com\/it\/wp-content\/uploads\/sites\/4\/2022\/02\/Buy-Hawaiian-Pine-Hemp-Flower-Onlin.jpg","type":"image\/jpeg"}],"twitter_card":"summary_large_image","twitter_misc":{"Tempo di lettura stimato":"1 minuto"},"schema":{"@context":"https:\/\/schema.org","@graph":[{"@type":"WebPage","@id":"https:\/\/medicinasinc.com\/it\/product\/comprare-fiore-di-canapa-pino-hawaiano\/","url":"https:\/\/medicinasinc.com\/it\/product\/comprare-fiore-di-canapa-pino-hawaiano\/","name":"Acquista il fiore di canapa di pino hawaiano - I migliori farmaci globali","isPartOf":{"@id":"https:\/\/medicinasinc.com\/it\/#website"},"primaryImageOfPage":{"@id":"https:\/\/medicinasinc.com\/it\/product\/comprare-fiore-di-canapa-pino-hawaiano\/#primaryimage"},"image":{"@id":"https:\/\/medicinasinc.com\/it\/product\/comprare-fiore-di-canapa-pino-hawaiano\/#primaryimage"},"thumbnailUrl":"https:\/\/medicinasinc.com\/it\/wp-content\/uploads\/sites\/4\/2022\/02\/Buy-Hawaiian-Pine-Hemp-Flower-Onlin.jpg","datePublished":"2022-02-20T15:30:50+00:00","dateModified":"2022-08-04T08:41:10+00:00","description":"Acquista il fiore di canapa CBD di pino hawaiano (1 libbra) online su medicinasinc.com. Acquista un'ampia selezione di prodotti a base di marijuana e altro ancora. Consegna gratuita.","breadcrumb":{"@id":"https:\/\/medicinasinc.com\/it\/product\/comprare-fiore-di-canapa-pino-hawaiano\/#breadcrumb"},"inLanguage":"it-IT","potentialAction":[{"@type":"ReadAction","target":["https:\/\/medicinasinc.com\/it\/product\/comprare-fiore-di-canapa-pino-hawaiano\/"]}]},{"@type":"ImageObject","inLanguage":"it-IT","@id":"https:\/\/medicinasinc.com\/it\/product\/comprare-fiore-di-canapa-pino-hawaiano\/#primaryimage","url":"https:\/\/medicinasinc.com\/it\/wp-content\/uploads\/sites\/4\/2022\/02\/Buy-Hawaiian-Pine-Hemp-Flower-Onlin.jpg","contentUrl":"https:\/\/medicinasinc.com\/it\/wp-content\/uploads\/sites\/4\/2022\/02\/Buy-Hawaiian-Pine-Hemp-Flower-Onlin.jpg","width":600,"height":600},{"@type":"BreadcrumbList","@id":"https:\/\/medicinasinc.com\/it\/product\/comprare-fiore-di-canapa-pino-hawaiano\/#breadcrumb","itemListElement":[{"@type":"ListItem","position":1,"name":"Negozio","item":"https:\/\/medicinasinc.com\/it\/negozio\/"},{"@type":"ListItem","position":2,"name":"Acquista il fiore di canapa di pino hawaiano"}]},{"@type":"WebSite","@id":"https:\/\/medicinasinc.com\/it\/#website","url":"https:\/\/medicinasinc.com\/it\/","name":"Medicinas Inc","description":"Health Medical Clinic","potentialAction":[{"@type":"SearchAction","target":{"@type":"EntryPoint","urlTemplate":"https:\/\/medicinasinc.com\/it\/?s={search_term_string}"},"query-input":{"@type":"PropertyValueSpecification","valueRequired":true,"valueName":"search_term_string"}}],"inLanguage":"it-IT"}]}},"_links":{"self":[{"href":"https:\/\/medicinasinc.com\/it\/wp-json\/wp\/v2\/product\/4748","targetHints":{"allow":["GET"]}}],"collection":[{"href":"https:\/\/medicinasinc.com\/it\/wp-json\/wp\/v2\/product"}],"about":[{"href":"https:\/\/medicinasinc.com\/it\/wp-json\/wp\/v2\/types\/product"}],"replies":[{"embeddable":true,"href":"https:\/\/medicinasinc.com\/it\/wp-json\/wp\/v2\/comments?post=4748"}],"wp:featuredmedia":[{"embeddable":true,"href":"https:\/\/medicinasinc.com\/it\/wp-json\/wp\/v2\/media\/4760"}],"wp:attachment":[{"href":"https:\/\/medicinasinc.com\/it\/wp-json\/wp\/v2\/media?parent=4748"}],"wp:term":[{"taxonomy":"product_brand","embeddable":true,"href":"https:\/\/medicinasinc.com\/it\/wp-json\/wp\/v2\/product_brand?post=4748"},{"taxonomy":"product_cat","embeddable":true,"href":"https:\/\/medicinasinc.com\/it\/wp-json\/wp\/v2\/product_cat?post=4748"},{"taxonomy":"product_tag","embeddable":true,"href":"https:\/\/medicinasinc.com\/it\/wp-json\/wp\/v2\/product_tag?post=4748"}],"curies":[{"name":"wp","href":"https:\/\/api.w.org\/{rel}","templated":true}]}}