{"id":4733,"date":"2022-02-20T15:18:37","date_gmt":"2022-02-20T15:18:37","guid":{"rendered":"https:\/\/medicinasinc.com\/it\/?post_type=product&#038;p=4733"},"modified":"2022-03-17T00:41:41","modified_gmt":"2022-03-17T00:41:41","slug":"compra-rosa-kush-hash","status":"publish","type":"product","link":"https:\/\/medicinasinc.com\/it\/product\/compra-rosa-kush-hash\/","title":{"rendered":"Compra Pink Kush Hash"},"content":{"rendered":"<p>Acquisto online di Pink Kush Hash<\/p>\n<p>Prima di acquistare hashish legale online, \u00e8 fondamentale capire di cosa si tratta, come si relaziona con la cannabis e cosa lo distingue dagli altri prodotti a base di erba. Hash, un altro termine per &#8220;hashish&#8221;, \u00e8 un concentrato di cannabis veicolato attraverso il tono di una pianta di marijuana. Ci\u00f2 si ottiene separando gli organi linfatici di una pianta di cannabis, che vengono chiamati collettivamente tricomi, dai suoi fiori. Questi tricomi sono noti per contenere le pi\u00f9 alte concentrazioni di cannabinoidi e terpeni, che sono i composti chimici responsabili delle propriet\u00e0 e delle caratteristiche uniche di Maryjane. A causa dell&#8217;elevata concentrazione di cannabinoidi e terpeni nell&#8217;hashish, possiede una straordinaria capacit\u00e0 di creare incredibili incontri psicoattivi e medicinali per i consumatori di cannabis. L&#8217;olio di hashish \u00e8 una forma altamente concentrata di cannabis che pu\u00f2 essere fumata, vaporizzata, consumata o strofinata sulla pelle. Occasionalmente, l&#8217;uso dell&#8217;olio di hashish viene definito &#8220;raggiungere&#8221; o &#8220;consumare&#8221;. L&#8217;olio di hashish \u00e8 derivato dalle piante di cannabis e contiene THC (delta-9-tetraidrocannabinolo), lo stesso composto rivoluzionario che si trova in altri prodotti Maryjane.<\/p>\n<p>In ogni caso, l&#8217;olio di hashish \u00e8 pi\u00f9 potente e ne contiene fino al 90% puro THC. Naturalmente, in altre parti della pianta di cannabis, la concentrazione tipica di THC \u00e8 di circa il 12%. Affidabile<\/p>\n<p>L&#8217;estrazione di CO2 \u00e8 attualmente il metodo pi\u00f9 efficace per estrarre l&#8217;olio di THC. Inoltre, \u00e8 il metodo pi\u00f9 comune e sicuro per la produzione di olio di cannabis, distillato e camion di gomme da masticare. Il motivo per cui \u00e8 cos\u00ec diffuso in questi giorni \u00e8 che questo olio di THC \u00e8 privo di solventi aggiuntivi come liquori o butano.<\/p>\n<p>La maggior parte degli oli di THC contiene un tipo di preparazione decrescente. Ci\u00f2 \u00e8 necessario per garantire che l&#8217;olio mantenga una consistenza ideale per lo svapo. Gli agenti riducenti pi\u00f9 efficaci sono la glicerina vegetale e il glicole propilenico (VG e PG), che si trovano comunemente negli e-liquid convenzionali. Alcuni contengono vari riempitivi, come PEG e, significativamente pi\u00f9 recentemente, TEC Temper, che \u00e8 un&#8217;altra condizione derivata dai terpeni convenzionali. L&#8217;olio di hashish \u00e8 disponibile per l&#8217;acquisto.<\/p>\n","protected":false},"excerpt":{"rendered":"<p>Acquista Pink Kush Hash in vendita nel Regno Unito, in Europa online. La Pink Kush, tanto ambita quanto la sua parente OG Kush, \u00e8 un ibrido a predominanza indica con potenti effetti focalizzati sul corpo. Ordina online ORA!<\/p>\n<ul>\n<li>Spedizione in tutto il mondo<\/li>\n<li>Contattaci per ordini pi\u00f9 grandi<\/li>\n<\/ul>\n","protected":false},"featured_media":4745,"comment_status":"open","ping_status":"closed","template":"","meta":[],"product_brand":[],"product_cat":[610],"product_tag":[],"class_list":{"0":"post-4733","1":"product","2":"type-product","3":"status-publish","4":"has-post-thumbnail","6":"product_cat-compra-hash-hashish","8":"first","9":"instock","10":"shipping-taxable","11":"purchasable","12":"product-type-variable","13":"has-default-attributes"},"yoast_head":"<!-- This site is optimized with the Yoast SEO plugin v27.3 - https:\/\/yoast.com\/product\/yoast-seo-wordpress\/ -->\n<title>Acquista Pink Kush Hash online - I migliori migliori medicinali globali<\/title>\n<meta name=\"description\" content=\"Acquista Pink Kush Hash in vendita nel Regno Unito, in Europa online. La Pink Kush, tanto ambita quanto la sua parente OG Kush, \u00e8 un ibrido a predominanza indica con potenti effetti focalizzati sul corpo. Ordina online ORA!\" \/>\n<meta name=\"robots\" content=\"index, follow, max-snippet:-1, max-image-preview:large, max-video-preview:-1\" \/>\n<link rel=\"canonical\" href=\"https:\/\/medicinasinc.com\/it\/product\/compra-rosa-kush-hash\/\" \/>\n<meta property=\"og:locale\" content=\"it_IT\" \/>\n<meta property=\"og:type\" content=\"article\" \/>\n<meta property=\"og:title\" content=\"Acquista Pink Kush Hash online - I migliori migliori medicinali globali\" \/>\n<meta property=\"og:description\" content=\"Acquista Pink Kush Hash in vendita nel Regno Unito, in Europa online. La Pink Kush, tanto ambita quanto la sua parente OG Kush, \u00e8 un ibrido a predominanza indica con potenti effetti focalizzati sul corpo. Ordina online ORA!\" \/>\n<meta property=\"og:url\" content=\"https:\/\/medicinasinc.com\/it\/product\/compra-rosa-kush-hash\/\" \/>\n<meta property=\"og:site_name\" content=\"Medicinas Inc\" \/>\n<meta property=\"article:modified_time\" content=\"2022-03-17T00:41:41+00:00\" \/>\n<meta property=\"og:image\" content=\"https:\/\/medicinasinc.com\/it\/wp-content\/uploads\/sites\/4\/2022\/02\/buy-pink-kush-hash.jpg\" \/>\n\t<meta property=\"og:image:width\" content=\"600\" \/>\n\t<meta property=\"og:image:height\" content=\"600\" \/>\n\t<meta property=\"og:image:type\" content=\"image\/jpeg\" \/>\n<meta name=\"twitter:card\" content=\"summary_large_image\" \/>\n<meta name=\"twitter:label1\" content=\"Tempo di lettura stimato\" \/>\n\t<meta name=\"twitter:data1\" content=\"2 minuti\" \/>\n<script type=\"application\/ld+json\" class=\"yoast-schema-graph\">{\"@context\":\"https:\\\/\\\/schema.org\",\"@graph\":[{\"@type\":\"WebPage\",\"@id\":\"https:\\\/\\\/medicinasinc.com\\\/it\\\/product\\\/compra-rosa-kush-hash\\\/\",\"url\":\"https:\\\/\\\/medicinasinc.com\\\/it\\\/product\\\/compra-rosa-kush-hash\\\/\",\"name\":\"Acquista Pink Kush Hash online - I migliori migliori medicinali globali\",\"isPartOf\":{\"@id\":\"https:\\\/\\\/medicinasinc.com\\\/it\\\/#website\"},\"primaryImageOfPage\":{\"@id\":\"https:\\\/\\\/medicinasinc.com\\\/it\\\/product\\\/compra-rosa-kush-hash\\\/#primaryimage\"},\"image\":{\"@id\":\"https:\\\/\\\/medicinasinc.com\\\/it\\\/product\\\/compra-rosa-kush-hash\\\/#primaryimage\"},\"thumbnailUrl\":\"https:\\\/\\\/medicinasinc.com\\\/it\\\/wp-content\\\/uploads\\\/sites\\\/4\\\/2022\\\/02\\\/buy-pink-kush-hash.jpg\",\"datePublished\":\"2022-02-20T15:18:37+00:00\",\"dateModified\":\"2022-03-17T00:41:41+00:00\",\"description\":\"Acquista Pink Kush Hash in vendita nel Regno Unito, in Europa online. La Pink Kush, tanto ambita quanto la sua parente OG Kush, \u00e8 un ibrido a predominanza indica con potenti effetti focalizzati sul corpo. Ordina online ORA!\",\"breadcrumb\":{\"@id\":\"https:\\\/\\\/medicinasinc.com\\\/it\\\/product\\\/compra-rosa-kush-hash\\\/#breadcrumb\"},\"inLanguage\":\"it-IT\",\"potentialAction\":[{\"@type\":\"ReadAction\",\"target\":[\"https:\\\/\\\/medicinasinc.com\\\/it\\\/product\\\/compra-rosa-kush-hash\\\/\"]}]},{\"@type\":\"ImageObject\",\"inLanguage\":\"it-IT\",\"@id\":\"https:\\\/\\\/medicinasinc.com\\\/it\\\/product\\\/compra-rosa-kush-hash\\\/#primaryimage\",\"url\":\"https:\\\/\\\/medicinasinc.com\\\/it\\\/wp-content\\\/uploads\\\/sites\\\/4\\\/2022\\\/02\\\/buy-pink-kush-hash.jpg\",\"contentUrl\":\"https:\\\/\\\/medicinasinc.com\\\/it\\\/wp-content\\\/uploads\\\/sites\\\/4\\\/2022\\\/02\\\/buy-pink-kush-hash.jpg\",\"width\":600,\"height\":600},{\"@type\":\"BreadcrumbList\",\"@id\":\"https:\\\/\\\/medicinasinc.com\\\/it\\\/product\\\/compra-rosa-kush-hash\\\/#breadcrumb\",\"itemListElement\":[{\"@type\":\"ListItem\",\"position\":1,\"name\":\"Negozio\",\"item\":\"https:\\\/\\\/medicinasinc.com\\\/it\\\/negozio\\\/\"},{\"@type\":\"ListItem\",\"position\":2,\"name\":\"Compra Pink Kush Hash\"}]},{\"@type\":\"WebSite\",\"@id\":\"https:\\\/\\\/medicinasinc.com\\\/it\\\/#website\",\"url\":\"https:\\\/\\\/medicinasinc.com\\\/it\\\/\",\"name\":\"Medicinas Inc\",\"description\":\"Health Medical Clinic\",\"potentialAction\":[{\"@type\":\"SearchAction\",\"target\":{\"@type\":\"EntryPoint\",\"urlTemplate\":\"https:\\\/\\\/medicinasinc.com\\\/it\\\/?s={search_term_string}\"},\"query-input\":{\"@type\":\"PropertyValueSpecification\",\"valueRequired\":true,\"valueName\":\"search_term_string\"}}],\"inLanguage\":\"it-IT\"}]}<\/script>\n<!-- \/ Yoast SEO plugin. -->","yoast_head_json":{"title":"Acquista Pink Kush Hash online - I migliori migliori medicinali globali","description":"Acquista Pink Kush Hash in vendita nel Regno Unito, in Europa online. La Pink Kush, tanto ambita quanto la sua parente OG Kush, \u00e8 un ibrido a predominanza indica con potenti effetti focalizzati sul corpo. Ordina online ORA!","robots":{"index":"index","follow":"follow","max-snippet":"max-snippet:-1","max-image-preview":"max-image-preview:large","max-video-preview":"max-video-preview:-1"},"canonical":"https:\/\/medicinasinc.com\/it\/product\/compra-rosa-kush-hash\/","og_locale":"it_IT","og_type":"article","og_title":"Acquista Pink Kush Hash online - I migliori migliori medicinali globali","og_description":"Acquista Pink Kush Hash in vendita nel Regno Unito, in Europa online. La Pink Kush, tanto ambita quanto la sua parente OG Kush, \u00e8 un ibrido a predominanza indica con potenti effetti focalizzati sul corpo. Ordina online ORA!","og_url":"https:\/\/medicinasinc.com\/it\/product\/compra-rosa-kush-hash\/","og_site_name":"Medicinas Inc","article_modified_time":"2022-03-17T00:41:41+00:00","og_image":[{"width":600,"height":600,"url":"https:\/\/medicinasinc.com\/it\/wp-content\/uploads\/sites\/4\/2022\/02\/buy-pink-kush-hash.jpg","type":"image\/jpeg"}],"twitter_card":"summary_large_image","twitter_misc":{"Tempo di lettura stimato":"2 minuti"},"schema":{"@context":"https:\/\/schema.org","@graph":[{"@type":"WebPage","@id":"https:\/\/medicinasinc.com\/it\/product\/compra-rosa-kush-hash\/","url":"https:\/\/medicinasinc.com\/it\/product\/compra-rosa-kush-hash\/","name":"Acquista Pink Kush Hash online - I migliori migliori medicinali globali","isPartOf":{"@id":"https:\/\/medicinasinc.com\/it\/#website"},"primaryImageOfPage":{"@id":"https:\/\/medicinasinc.com\/it\/product\/compra-rosa-kush-hash\/#primaryimage"},"image":{"@id":"https:\/\/medicinasinc.com\/it\/product\/compra-rosa-kush-hash\/#primaryimage"},"thumbnailUrl":"https:\/\/medicinasinc.com\/it\/wp-content\/uploads\/sites\/4\/2022\/02\/buy-pink-kush-hash.jpg","datePublished":"2022-02-20T15:18:37+00:00","dateModified":"2022-03-17T00:41:41+00:00","description":"Acquista Pink Kush Hash in vendita nel Regno Unito, in Europa online. La Pink Kush, tanto ambita quanto la sua parente OG Kush, \u00e8 un ibrido a predominanza indica con potenti effetti focalizzati sul corpo. Ordina online ORA!","breadcrumb":{"@id":"https:\/\/medicinasinc.com\/it\/product\/compra-rosa-kush-hash\/#breadcrumb"},"inLanguage":"it-IT","potentialAction":[{"@type":"ReadAction","target":["https:\/\/medicinasinc.com\/it\/product\/compra-rosa-kush-hash\/"]}]},{"@type":"ImageObject","inLanguage":"it-IT","@id":"https:\/\/medicinasinc.com\/it\/product\/compra-rosa-kush-hash\/#primaryimage","url":"https:\/\/medicinasinc.com\/it\/wp-content\/uploads\/sites\/4\/2022\/02\/buy-pink-kush-hash.jpg","contentUrl":"https:\/\/medicinasinc.com\/it\/wp-content\/uploads\/sites\/4\/2022\/02\/buy-pink-kush-hash.jpg","width":600,"height":600},{"@type":"BreadcrumbList","@id":"https:\/\/medicinasinc.com\/it\/product\/compra-rosa-kush-hash\/#breadcrumb","itemListElement":[{"@type":"ListItem","position":1,"name":"Negozio","item":"https:\/\/medicinasinc.com\/it\/negozio\/"},{"@type":"ListItem","position":2,"name":"Compra Pink Kush Hash"}]},{"@type":"WebSite","@id":"https:\/\/medicinasinc.com\/it\/#website","url":"https:\/\/medicinasinc.com\/it\/","name":"Medicinas Inc","description":"Health Medical Clinic","potentialAction":[{"@type":"SearchAction","target":{"@type":"EntryPoint","urlTemplate":"https:\/\/medicinasinc.com\/it\/?s={search_term_string}"},"query-input":{"@type":"PropertyValueSpecification","valueRequired":true,"valueName":"search_term_string"}}],"inLanguage":"it-IT"}]}},"_links":{"self":[{"href":"https:\/\/medicinasinc.com\/it\/wp-json\/wp\/v2\/product\/4733","targetHints":{"allow":["GET"]}}],"collection":[{"href":"https:\/\/medicinasinc.com\/it\/wp-json\/wp\/v2\/product"}],"about":[{"href":"https:\/\/medicinasinc.com\/it\/wp-json\/wp\/v2\/types\/product"}],"replies":[{"embeddable":true,"href":"https:\/\/medicinasinc.com\/it\/wp-json\/wp\/v2\/comments?post=4733"}],"wp:featuredmedia":[{"embeddable":true,"href":"https:\/\/medicinasinc.com\/it\/wp-json\/wp\/v2\/media\/4745"}],"wp:attachment":[{"href":"https:\/\/medicinasinc.com\/it\/wp-json\/wp\/v2\/media?parent=4733"}],"wp:term":[{"taxonomy":"product_brand","embeddable":true,"href":"https:\/\/medicinasinc.com\/it\/wp-json\/wp\/v2\/product_brand?post=4733"},{"taxonomy":"product_cat","embeddable":true,"href":"https:\/\/medicinasinc.com\/it\/wp-json\/wp\/v2\/product_cat?post=4733"},{"taxonomy":"product_tag","embeddable":true,"href":"https:\/\/medicinasinc.com\/it\/wp-json\/wp\/v2\/product_tag?post=4733"}],"curies":[{"name":"wp","href":"https:\/\/api.w.org\/{rel}","templated":true}]}}