{"id":4716,"date":"2022-02-20T15:05:01","date_gmt":"2022-02-20T15:05:01","guid":{"rendered":"https:\/\/medicinasinc.com\/it\/?post_type=product&#038;p=4716"},"modified":"2022-03-17T00:42:02","modified_gmt":"2022-03-17T00:42:02","slug":"buy-nederhash-hashish","status":"publish","type":"product","link":"https:\/\/medicinasinc.com\/it\/product\/buy-nederhash-hashish\/","title":{"rendered":"Acquista Nederhash Hashish"},"content":{"rendered":"<p>Acquisto online di Nederhash Hashish<\/p>\n<p>Che cos&#8217;\u00e8 esattamente un hash? L&#8217;hashish viene estratto dalle piante di cannabis coltivate nei Paesi Bassi. Le piante vengono generalmente coltivate indoor, ma ci sono anche alcuni sviluppi all&#8217;aperto e in serra. Generazione: le tecniche di assemblaggio variano a seconda del produttore. Mentre la maggior parte dell&#8217;hash viene consegnata tramite screening, come nel caso del Marocco, una piccola quantit\u00e0 di hash sgrassato a mano viene prodotta anche utilizzando la strategia afgana (che ovviamente \u00e8 notevolmente migliorata). In ogni caso, solo una traccia di Weed viene alterata in Hashish. Ombreggiatura: Generalmente molto verde, ma varia a seconda del tipo di Erbaccia utilizzata e del produttore. Odore: Tipicamente erbaceo o puzzolente, ma dipende dal tipo di erba. Sapore: Identico a quello detto in precedenza. Consistenza: gran parte dell&#8217;hashish olandese non viene spremuta con precisione (questa \u00e8 lavorazione) e i musi sono generalmente separati in modo troppo efficace. In ogni caso, la consistenza \u00e8 migliorata di recente e sembrano adattarsi rapidamente. Ovviamente, il precedente non si riferisce all&#8217;Hash sgrassato a mano, che \u00e8 estremamente delicato, simile all&#8217;Afghani. Tipicamente, l&#8217;hash \u00e8 composto da teste femminili che sono state frantumate e schiacciate sotto enormi carichi per creare una forte irregolarit\u00e0 che si polverizza completamente. Il tipo di High varia a seconda del ceppo di Weed utilizzato, ma per la maggior parte lo sballo \u00e8 molto dinamico e cerebrale. Intensit\u00e0: da potente a potente, questo materiale supera qualsiasi altro tipo di hash disponibile per l&#8217;utente medio. Supera persino la maggior parte dei nepalesi e quasi tutti gli afgani benevoli. (Contiene fino al 59 percento di THC) Disponibilit\u00e0: estremamente rara al di fuori dei Paesi Bassi e dei paesi limitrofi. Non trattengo il respiro in attesa che questo appaia sul mercato britannico. In generale la qualit\u00e0 varia, ma il costo \u00e8 sempre alto. Non esiste una classificazione standard per l&#8217;hash olandese. Sensi-Hash \u00e8 il nome dato alla straordinaria polvere, che \u00e8 essenzialmente una gemma di THC molto densa.<\/p>\n<p>Come viene creato l&#8217;hash?<\/p>\n<p>La maggior parte dell&#8217;hash \u00e8 prodotta strofinando le piante essiccate contro una maglia molto fine. Successivamente, i tricomi cadono attraverso il setaccio, separandoli dal materiale vegetale. Le ghiandole di resina vengono quindi riscaldate e compresse per formare una massa coesa di hashish.<\/p>\n<p>Hashish vs Marijuana?<\/p>\n<p>Per cominciare, l&#8217;ovvia connessione tra marijuana e hashish \u00e8 che entrambi sono derivati dalla stessa pianta di cannabis. Come probabilmente gi\u00e0 saprai, il vaso \u00e8 il bocciolo floreale della pianta femminile di cannabis. L&#8217;hashweed \u00e8 composta dalle stesse cime della marijuana, ma viene elaborata in modo diverso. Mentre una pianta di cannabis \u00e8 in piena fioritura, i boccioli dei fiori vengono raccolti e un agricoltore proceder\u00e0 quindi in una delle due direzioni. Nel caso dell&#8217;hashish, i fiori verranno appesi ad asciugare. Il prodotto risultante \u00e8 la pianta che tutti conosciamo, dopo aver rimosso ogni seme, primavera e foglia in eccesso. Sta a te decidere se preferisci la marijuana o l&#8217;hashish, ma l&#8217;unico modo per accedere a tutti i benefici della cannabis \u00e8 attraverso l&#8217;educazione personale. Conduci ricerche prima di fumare e, come sempre, iscriviti alla nostra newsletter per ulteriori suggerimenti e trucchi!<\/p>\n<p>Cos&#8217;\u00e8 esattamente l&#8217;hashish?<\/p>\n<p>Cos&#8217;\u00e8 una sostanza hashish? L&#8217;hashish, chiamato anche &#8220;hash&#8221;, \u00e8 un tipo di cima di marijuana creata comprimendo ed elaborando i tricomi della pianta di cannabis. Di solito viene fumato con una pipa, un bong, un vaporizzatore o una canna, ma pu\u00f2 anche essere consumato per via orale. Come viene prodotto l&#8217;hashish? Acquisto online di Nederhash Hashish, l&#8217;hashish viene prodotto separando questi tricomi dai boccioli, dalle foglie e dagli steli della pianta e riscaldandoli\/premendoli per creare una sostanza potente.<\/p>\n<p>Come arrotolare una canna con l&#8217;hashish?<\/p>\n<p> p&gt; <\/p>\n<p>Uniscili con erba e tabacco in una canna. Se hai un blocco asciutto, puoi semplicemente schiacciarlo o spezzare piccoli sassolini e incorporarlo nel rotolamento delle articolazioni. Combinalo con tabacco o marijuana. Il secondo metodo implica uno sballo pi\u00f9 intenso, che probabilmente cercherai se sei un cercatore di avventura. Il modo migliore per arrotolare un hashish \u00e8 rompere l&#8217;hashish e combinarlo con l&#8217;erba. Questo \u00e8 davvero il modo migliore per fumare hashish perch\u00e9 \u00e8 facile da condividere e il sapore dell&#8217;hash migliora il doobie. L&#8217;hashish \u00e8 legale negli Stati Uniti? Sebbene la vendita di cannabis sia stata vietata nel 1989, le leggi vengono applicate raramente e la droga \u00e8 apertamente venduta in molte parti del paese. Barbados, legale per l&#8217;uso spirituale da parte di organizzazioni religiose registrate<\/p>\n<p>Quali sono gli effetti dell&#8217;hashish?<\/p>\n<p>A breve termine, l&#8217;uso dell&#8217;hashish pu\u00f2 causare difficolt\u00e0 di memoria e apprendimento; percezione distorta (viste, suoni, tempo, tatto); difficolt\u00e0 di pensiero e risoluzione dei problemi; perdita di coordinamento; e aumento della frequenza cardiaca, ansia e attacchi di panico. A causa dell&#8217;elevata concentrazione di THC nell&#8217;hash e in altri concentrati, gli effetti possono essere pi\u00f9 intensi.<\/p>\n<p>Bubble Hash \u00e8 un concentrato di cannabis composto da migliaia di tricomi, o ghiandole resinose, che sono state estratte dal piantare usando acqua ghiacciata, agitazione e un setaccio. Il termine &#8220;bubble hash&#8221; si riferisce al modo in cui bolle quando esposto alla fiamma. Inoltre, le borse usate per prepararla in casa sono chiamate &#8220;bubble bags&#8221;.<\/p>\n<p>Hash Plant, un classico di Sensi Seeds, rimane compatta durante il suo brevissimo periodo di fioritura. Questo prodotto indiano al 90% \u00e8 il risultato di una meticolosa selezione genetica, che includeva l&#8217;incrocio dell&#8217;enigmatica Hash Plant degli Stati Uniti con l&#8217;aurora boreale.<\/p>\n","protected":false},"excerpt":{"rendered":"<p>Acquisto online di Nederhash Hashish,\u00a0Compra marijuana medica in Germania Dove posso acquistare droghe illegali online? Farmacie online vicino a me Vendita di farmaci sul Dark Web.<\/p>\n<p>&nbsp;<\/p>\n","protected":false},"featured_media":4728,"comment_status":"open","ping_status":"closed","template":"","meta":[],"product_brand":[],"product_cat":[610],"product_tag":[],"class_list":{"0":"post-4716","1":"product","2":"type-product","3":"status-publish","4":"has-post-thumbnail","6":"product_cat-compra-hash-hashish","8":"first","9":"instock","10":"shipping-taxable","11":"purchasable","12":"product-type-variable","13":"has-default-attributes"},"yoast_head":"<!-- This site is optimized with the Yoast SEO plugin v27.3 - https:\/\/yoast.com\/product\/yoast-seo-wordpress\/ -->\n<title>Acquista Nederhash Hashish - I migliori migliori medicinali globali<\/title>\n<meta name=\"description\" content=\"Acquista Nederhash Hashish in linea Acquista erba medica in Germania Dove acquistare droghe illegali online Droghe in vendita online vicino a me Droghe dalle vendite di Dark web.\" \/>\n<meta name=\"robots\" content=\"index, follow, max-snippet:-1, max-image-preview:large, max-video-preview:-1\" \/>\n<link rel=\"canonical\" href=\"https:\/\/medicinasinc.com\/it\/product\/buy-nederhash-hashish\/\" \/>\n<meta property=\"og:locale\" content=\"it_IT\" \/>\n<meta property=\"og:type\" content=\"article\" \/>\n<meta property=\"og:title\" content=\"Acquista Nederhash Hashish - I migliori migliori medicinali globali\" \/>\n<meta property=\"og:description\" content=\"Acquista Nederhash Hashish in linea Acquista erba medica in Germania Dove acquistare droghe illegali online Droghe in vendita online vicino a me Droghe dalle vendite di Dark web.\" \/>\n<meta property=\"og:url\" content=\"https:\/\/medicinasinc.com\/it\/product\/buy-nederhash-hashish\/\" \/>\n<meta property=\"og:site_name\" content=\"Medicinas Inc\" \/>\n<meta property=\"article:modified_time\" content=\"2022-03-17T00:42:02+00:00\" \/>\n<meta property=\"og:image\" content=\"https:\/\/medicinasinc.com\/it\/wp-content\/uploads\/sites\/4\/2022\/02\/Buy-Nederhash-Hashish-Online.jpg\" \/>\n\t<meta property=\"og:image:width\" content=\"600\" \/>\n\t<meta property=\"og:image:height\" content=\"600\" \/>\n\t<meta property=\"og:image:type\" content=\"image\/jpeg\" \/>\n<meta name=\"twitter:card\" content=\"summary_large_image\" \/>\n<meta name=\"twitter:label1\" content=\"Tempo di lettura stimato\" \/>\n\t<meta name=\"twitter:data1\" content=\"4 minuti\" \/>\n<script type=\"application\/ld+json\" class=\"yoast-schema-graph\">{\"@context\":\"https:\\\/\\\/schema.org\",\"@graph\":[{\"@type\":\"WebPage\",\"@id\":\"https:\\\/\\\/medicinasinc.com\\\/it\\\/product\\\/buy-nederhash-hashish\\\/\",\"url\":\"https:\\\/\\\/medicinasinc.com\\\/it\\\/product\\\/buy-nederhash-hashish\\\/\",\"name\":\"Acquista Nederhash Hashish - I migliori migliori medicinali globali\",\"isPartOf\":{\"@id\":\"https:\\\/\\\/medicinasinc.com\\\/it\\\/#website\"},\"primaryImageOfPage\":{\"@id\":\"https:\\\/\\\/medicinasinc.com\\\/it\\\/product\\\/buy-nederhash-hashish\\\/#primaryimage\"},\"image\":{\"@id\":\"https:\\\/\\\/medicinasinc.com\\\/it\\\/product\\\/buy-nederhash-hashish\\\/#primaryimage\"},\"thumbnailUrl\":\"https:\\\/\\\/medicinasinc.com\\\/it\\\/wp-content\\\/uploads\\\/sites\\\/4\\\/2022\\\/02\\\/Buy-Nederhash-Hashish-Online.jpg\",\"datePublished\":\"2022-02-20T15:05:01+00:00\",\"dateModified\":\"2022-03-17T00:42:02+00:00\",\"description\":\"Acquista Nederhash Hashish in linea Acquista erba medica in Germania Dove acquistare droghe illegali online Droghe in vendita online vicino a me Droghe dalle vendite di Dark web.\",\"breadcrumb\":{\"@id\":\"https:\\\/\\\/medicinasinc.com\\\/it\\\/product\\\/buy-nederhash-hashish\\\/#breadcrumb\"},\"inLanguage\":\"it-IT\",\"potentialAction\":[{\"@type\":\"ReadAction\",\"target\":[\"https:\\\/\\\/medicinasinc.com\\\/it\\\/product\\\/buy-nederhash-hashish\\\/\"]}]},{\"@type\":\"ImageObject\",\"inLanguage\":\"it-IT\",\"@id\":\"https:\\\/\\\/medicinasinc.com\\\/it\\\/product\\\/buy-nederhash-hashish\\\/#primaryimage\",\"url\":\"https:\\\/\\\/medicinasinc.com\\\/it\\\/wp-content\\\/uploads\\\/sites\\\/4\\\/2022\\\/02\\\/Buy-Nederhash-Hashish-Online.jpg\",\"contentUrl\":\"https:\\\/\\\/medicinasinc.com\\\/it\\\/wp-content\\\/uploads\\\/sites\\\/4\\\/2022\\\/02\\\/Buy-Nederhash-Hashish-Online.jpg\",\"width\":600,\"height\":600},{\"@type\":\"BreadcrumbList\",\"@id\":\"https:\\\/\\\/medicinasinc.com\\\/it\\\/product\\\/buy-nederhash-hashish\\\/#breadcrumb\",\"itemListElement\":[{\"@type\":\"ListItem\",\"position\":1,\"name\":\"Negozio\",\"item\":\"https:\\\/\\\/medicinasinc.com\\\/it\\\/negozio\\\/\"},{\"@type\":\"ListItem\",\"position\":2,\"name\":\"Acquista Nederhash Hashish\"}]},{\"@type\":\"WebSite\",\"@id\":\"https:\\\/\\\/medicinasinc.com\\\/it\\\/#website\",\"url\":\"https:\\\/\\\/medicinasinc.com\\\/it\\\/\",\"name\":\"Medicinas Inc\",\"description\":\"Health Medical Clinic\",\"potentialAction\":[{\"@type\":\"SearchAction\",\"target\":{\"@type\":\"EntryPoint\",\"urlTemplate\":\"https:\\\/\\\/medicinasinc.com\\\/it\\\/?s={search_term_string}\"},\"query-input\":{\"@type\":\"PropertyValueSpecification\",\"valueRequired\":true,\"valueName\":\"search_term_string\"}}],\"inLanguage\":\"it-IT\"}]}<\/script>\n<!-- \/ Yoast SEO plugin. -->","yoast_head_json":{"title":"Acquista Nederhash Hashish - I migliori migliori medicinali globali","description":"Acquista Nederhash Hashish in linea Acquista erba medica in Germania Dove acquistare droghe illegali online Droghe in vendita online vicino a me Droghe dalle vendite di Dark web.","robots":{"index":"index","follow":"follow","max-snippet":"max-snippet:-1","max-image-preview":"max-image-preview:large","max-video-preview":"max-video-preview:-1"},"canonical":"https:\/\/medicinasinc.com\/it\/product\/buy-nederhash-hashish\/","og_locale":"it_IT","og_type":"article","og_title":"Acquista Nederhash Hashish - I migliori migliori medicinali globali","og_description":"Acquista Nederhash Hashish in linea Acquista erba medica in Germania Dove acquistare droghe illegali online Droghe in vendita online vicino a me Droghe dalle vendite di Dark web.","og_url":"https:\/\/medicinasinc.com\/it\/product\/buy-nederhash-hashish\/","og_site_name":"Medicinas Inc","article_modified_time":"2022-03-17T00:42:02+00:00","og_image":[{"width":600,"height":600,"url":"https:\/\/medicinasinc.com\/it\/wp-content\/uploads\/sites\/4\/2022\/02\/Buy-Nederhash-Hashish-Online.jpg","type":"image\/jpeg"}],"twitter_card":"summary_large_image","twitter_misc":{"Tempo di lettura stimato":"4 minuti"},"schema":{"@context":"https:\/\/schema.org","@graph":[{"@type":"WebPage","@id":"https:\/\/medicinasinc.com\/it\/product\/buy-nederhash-hashish\/","url":"https:\/\/medicinasinc.com\/it\/product\/buy-nederhash-hashish\/","name":"Acquista Nederhash Hashish - I migliori migliori medicinali globali","isPartOf":{"@id":"https:\/\/medicinasinc.com\/it\/#website"},"primaryImageOfPage":{"@id":"https:\/\/medicinasinc.com\/it\/product\/buy-nederhash-hashish\/#primaryimage"},"image":{"@id":"https:\/\/medicinasinc.com\/it\/product\/buy-nederhash-hashish\/#primaryimage"},"thumbnailUrl":"https:\/\/medicinasinc.com\/it\/wp-content\/uploads\/sites\/4\/2022\/02\/Buy-Nederhash-Hashish-Online.jpg","datePublished":"2022-02-20T15:05:01+00:00","dateModified":"2022-03-17T00:42:02+00:00","description":"Acquista Nederhash Hashish in linea Acquista erba medica in Germania Dove acquistare droghe illegali online Droghe in vendita online vicino a me Droghe dalle vendite di Dark web.","breadcrumb":{"@id":"https:\/\/medicinasinc.com\/it\/product\/buy-nederhash-hashish\/#breadcrumb"},"inLanguage":"it-IT","potentialAction":[{"@type":"ReadAction","target":["https:\/\/medicinasinc.com\/it\/product\/buy-nederhash-hashish\/"]}]},{"@type":"ImageObject","inLanguage":"it-IT","@id":"https:\/\/medicinasinc.com\/it\/product\/buy-nederhash-hashish\/#primaryimage","url":"https:\/\/medicinasinc.com\/it\/wp-content\/uploads\/sites\/4\/2022\/02\/Buy-Nederhash-Hashish-Online.jpg","contentUrl":"https:\/\/medicinasinc.com\/it\/wp-content\/uploads\/sites\/4\/2022\/02\/Buy-Nederhash-Hashish-Online.jpg","width":600,"height":600},{"@type":"BreadcrumbList","@id":"https:\/\/medicinasinc.com\/it\/product\/buy-nederhash-hashish\/#breadcrumb","itemListElement":[{"@type":"ListItem","position":1,"name":"Negozio","item":"https:\/\/medicinasinc.com\/it\/negozio\/"},{"@type":"ListItem","position":2,"name":"Acquista Nederhash Hashish"}]},{"@type":"WebSite","@id":"https:\/\/medicinasinc.com\/it\/#website","url":"https:\/\/medicinasinc.com\/it\/","name":"Medicinas Inc","description":"Health Medical Clinic","potentialAction":[{"@type":"SearchAction","target":{"@type":"EntryPoint","urlTemplate":"https:\/\/medicinasinc.com\/it\/?s={search_term_string}"},"query-input":{"@type":"PropertyValueSpecification","valueRequired":true,"valueName":"search_term_string"}}],"inLanguage":"it-IT"}]}},"_links":{"self":[{"href":"https:\/\/medicinasinc.com\/it\/wp-json\/wp\/v2\/product\/4716","targetHints":{"allow":["GET"]}}],"collection":[{"href":"https:\/\/medicinasinc.com\/it\/wp-json\/wp\/v2\/product"}],"about":[{"href":"https:\/\/medicinasinc.com\/it\/wp-json\/wp\/v2\/types\/product"}],"replies":[{"embeddable":true,"href":"https:\/\/medicinasinc.com\/it\/wp-json\/wp\/v2\/comments?post=4716"}],"wp:featuredmedia":[{"embeddable":true,"href":"https:\/\/medicinasinc.com\/it\/wp-json\/wp\/v2\/media\/4728"}],"wp:attachment":[{"href":"https:\/\/medicinasinc.com\/it\/wp-json\/wp\/v2\/media?parent=4716"}],"wp:term":[{"taxonomy":"product_brand","embeddable":true,"href":"https:\/\/medicinasinc.com\/it\/wp-json\/wp\/v2\/product_brand?post=4716"},{"taxonomy":"product_cat","embeddable":true,"href":"https:\/\/medicinasinc.com\/it\/wp-json\/wp\/v2\/product_cat?post=4716"},{"taxonomy":"product_tag","embeddable":true,"href":"https:\/\/medicinasinc.com\/it\/wp-json\/wp\/v2\/product_tag?post=4716"}],"curies":[{"name":"wp","href":"https:\/\/api.w.org\/{rel}","templated":true}]}}