{"id":4701,"date":"2022-02-20T14:53:39","date_gmt":"2022-02-20T14:53:39","guid":{"rendered":"https:\/\/medicinasinc.com\/it\/?post_type=product&#038;p=4701"},"modified":"2022-03-17T00:42:10","modified_gmt":"2022-03-17T00:42:10","slug":"compra-hash-caramello-marocchino","status":"publish","type":"product","link":"https:\/\/medicinasinc.com\/it\/product\/compra-hash-caramello-marocchino\/","title":{"rendered":"Acquista hashish caramello marocchino"},"content":{"rendered":"<p>Acquista Caramello Hash dal Marocco<\/p>\n<p>Acquista Caramello Hash dal Marocco. Moroccan Caramello Hash \u00e8 un clone della pianta di hashish. \u00c8, in generale, legale e rimarr\u00e0 legale fino alla fine dei tempi. \u00c8 privo di THC, cannabinoidi ingegnerizzati e altri cannabinoidi sintetici per la ricerca (come JWH-018, JWH-073, JWH-250, AM-2209 e cos\u00ec via). \u00c8 quasi certamente il miglior hash legale disponibile. Utilizziamo solo materiali naturali e ricchi di nutrienti. Sembra che l&#8217;hashish assomigli all&#8217;hashish, si sente come l&#8217;hashish, odora di canapa e ha un gusto complessivamente eccellente. L&#8217;hashish marocchino Caramello Hash \u00e8 solo leggermente pi\u00f9 scuro degli altri nostri prodotti. Se sei curioso dei nostri prodotti, ti consigliamo di acquistare prima un pacchetto di esempio. Acquista farmaci legali online.<\/p>\n","protected":false},"excerpt":{"rendered":"<div class=\"woocommerce-product-details__short-description\">\n<p>Il Caramello Hash marocchino \u00e8 disponibile per l&#8217;acquisto online e contiene 5 g di olio essenziale di canapa. Il Caramello Hash marocchino \u00e8 un prodotto a base di cannabis completamente naturale.<\/p>\n<p> ACCETTIAMO SOLO PAGAMENTI VIA WESTERN UNION, MONEY GRAM O BTC. Il tempo di consegna \u00e8 di circa tre giorni o ventiquattro ore.<\/p>\n<\/p><\/div>\n","protected":false},"featured_media":4714,"comment_status":"open","ping_status":"closed","template":"","meta":[],"product_brand":[],"product_cat":[610],"product_tag":[],"class_list":{"0":"post-4701","1":"product","2":"type-product","3":"status-publish","4":"has-post-thumbnail","6":"product_cat-compra-hash-hashish","8":"first","9":"instock","10":"shipping-taxable","11":"purchasable","12":"product-type-variable","13":"has-default-attributes"},"yoast_head":"<!-- This site is optimized with the Yoast SEO plugin v27.3 - https:\/\/yoast.com\/product\/yoast-seo-wordpress\/ -->\n<title>Acquista Hash Caramello marocchino - I migliori migliori medicinali globali<\/title>\n<meta name=\"description\" content=\"Acquista online l&#039;hashish al caramello marocchino, contiene 5 g di olio essenziale di canapa. Il Caramello Hash marocchino \u00e8 un prodotto di hashish naturale al 100%.\" \/>\n<meta name=\"robots\" content=\"index, follow, max-snippet:-1, max-image-preview:large, max-video-preview:-1\" \/>\n<link rel=\"canonical\" href=\"https:\/\/medicinasinc.com\/it\/product\/compra-hash-caramello-marocchino\/\" \/>\n<meta property=\"og:locale\" content=\"it_IT\" \/>\n<meta property=\"og:type\" content=\"article\" \/>\n<meta property=\"og:title\" content=\"Acquista Hash Caramello marocchino - I migliori migliori medicinali globali\" \/>\n<meta property=\"og:description\" content=\"Acquista online l&#039;hashish al caramello marocchino, contiene 5 g di olio essenziale di canapa. Il Caramello Hash marocchino \u00e8 un prodotto di hashish naturale al 100%.\" \/>\n<meta property=\"og:url\" content=\"https:\/\/medicinasinc.com\/it\/product\/compra-hash-caramello-marocchino\/\" \/>\n<meta property=\"og:site_name\" content=\"Medicinas Inc\" \/>\n<meta property=\"article:modified_time\" content=\"2022-03-17T00:42:10+00:00\" \/>\n<meta property=\"og:image\" content=\"https:\/\/medicinasinc.com\/it\/wp-content\/uploads\/sites\/4\/2022\/02\/Buy-Moroccan-Caramello-Hash.jpg\" \/>\n\t<meta property=\"og:image:width\" content=\"600\" \/>\n\t<meta property=\"og:image:height\" content=\"600\" \/>\n\t<meta property=\"og:image:type\" content=\"image\/jpeg\" \/>\n<meta name=\"twitter:card\" content=\"summary_large_image\" \/>\n<meta name=\"twitter:label1\" content=\"Tempo di lettura stimato\" \/>\n\t<meta name=\"twitter:data1\" content=\"1 minuto\" \/>\n<script type=\"application\/ld+json\" class=\"yoast-schema-graph\">{\"@context\":\"https:\\\/\\\/schema.org\",\"@graph\":[{\"@type\":\"WebPage\",\"@id\":\"https:\\\/\\\/medicinasinc.com\\\/it\\\/product\\\/compra-hash-caramello-marocchino\\\/\",\"url\":\"https:\\\/\\\/medicinasinc.com\\\/it\\\/product\\\/compra-hash-caramello-marocchino\\\/\",\"name\":\"Acquista Hash Caramello marocchino - I migliori migliori medicinali globali\",\"isPartOf\":{\"@id\":\"https:\\\/\\\/medicinasinc.com\\\/it\\\/#website\"},\"primaryImageOfPage\":{\"@id\":\"https:\\\/\\\/medicinasinc.com\\\/it\\\/product\\\/compra-hash-caramello-marocchino\\\/#primaryimage\"},\"image\":{\"@id\":\"https:\\\/\\\/medicinasinc.com\\\/it\\\/product\\\/compra-hash-caramello-marocchino\\\/#primaryimage\"},\"thumbnailUrl\":\"https:\\\/\\\/medicinasinc.com\\\/it\\\/wp-content\\\/uploads\\\/sites\\\/4\\\/2022\\\/02\\\/Buy-Moroccan-Caramello-Hash.jpg\",\"datePublished\":\"2022-02-20T14:53:39+00:00\",\"dateModified\":\"2022-03-17T00:42:10+00:00\",\"description\":\"Acquista online l'hashish al caramello marocchino, contiene 5 g di olio essenziale di canapa. Il Caramello Hash marocchino \u00e8 un prodotto di hashish naturale al 100%.\",\"breadcrumb\":{\"@id\":\"https:\\\/\\\/medicinasinc.com\\\/it\\\/product\\\/compra-hash-caramello-marocchino\\\/#breadcrumb\"},\"inLanguage\":\"it-IT\",\"potentialAction\":[{\"@type\":\"ReadAction\",\"target\":[\"https:\\\/\\\/medicinasinc.com\\\/it\\\/product\\\/compra-hash-caramello-marocchino\\\/\"]}]},{\"@type\":\"ImageObject\",\"inLanguage\":\"it-IT\",\"@id\":\"https:\\\/\\\/medicinasinc.com\\\/it\\\/product\\\/compra-hash-caramello-marocchino\\\/#primaryimage\",\"url\":\"https:\\\/\\\/medicinasinc.com\\\/it\\\/wp-content\\\/uploads\\\/sites\\\/4\\\/2022\\\/02\\\/Buy-Moroccan-Caramello-Hash.jpg\",\"contentUrl\":\"https:\\\/\\\/medicinasinc.com\\\/it\\\/wp-content\\\/uploads\\\/sites\\\/4\\\/2022\\\/02\\\/Buy-Moroccan-Caramello-Hash.jpg\",\"width\":600,\"height\":600},{\"@type\":\"BreadcrumbList\",\"@id\":\"https:\\\/\\\/medicinasinc.com\\\/it\\\/product\\\/compra-hash-caramello-marocchino\\\/#breadcrumb\",\"itemListElement\":[{\"@type\":\"ListItem\",\"position\":1,\"name\":\"Negozio\",\"item\":\"https:\\\/\\\/medicinasinc.com\\\/it\\\/negozio\\\/\"},{\"@type\":\"ListItem\",\"position\":2,\"name\":\"Acquista hashish caramello marocchino\"}]},{\"@type\":\"WebSite\",\"@id\":\"https:\\\/\\\/medicinasinc.com\\\/it\\\/#website\",\"url\":\"https:\\\/\\\/medicinasinc.com\\\/it\\\/\",\"name\":\"Medicinas Inc\",\"description\":\"Health Medical Clinic\",\"potentialAction\":[{\"@type\":\"SearchAction\",\"target\":{\"@type\":\"EntryPoint\",\"urlTemplate\":\"https:\\\/\\\/medicinasinc.com\\\/it\\\/?s={search_term_string}\"},\"query-input\":{\"@type\":\"PropertyValueSpecification\",\"valueRequired\":true,\"valueName\":\"search_term_string\"}}],\"inLanguage\":\"it-IT\"}]}<\/script>\n<!-- \/ Yoast SEO plugin. -->","yoast_head_json":{"title":"Acquista Hash Caramello marocchino - I migliori migliori medicinali globali","description":"Acquista online l'hashish al caramello marocchino, contiene 5 g di olio essenziale di canapa. Il Caramello Hash marocchino \u00e8 un prodotto di hashish naturale al 100%.","robots":{"index":"index","follow":"follow","max-snippet":"max-snippet:-1","max-image-preview":"max-image-preview:large","max-video-preview":"max-video-preview:-1"},"canonical":"https:\/\/medicinasinc.com\/it\/product\/compra-hash-caramello-marocchino\/","og_locale":"it_IT","og_type":"article","og_title":"Acquista Hash Caramello marocchino - I migliori migliori medicinali globali","og_description":"Acquista online l'hashish al caramello marocchino, contiene 5 g di olio essenziale di canapa. Il Caramello Hash marocchino \u00e8 un prodotto di hashish naturale al 100%.","og_url":"https:\/\/medicinasinc.com\/it\/product\/compra-hash-caramello-marocchino\/","og_site_name":"Medicinas Inc","article_modified_time":"2022-03-17T00:42:10+00:00","og_image":[{"width":600,"height":600,"url":"https:\/\/medicinasinc.com\/it\/wp-content\/uploads\/sites\/4\/2022\/02\/Buy-Moroccan-Caramello-Hash.jpg","type":"image\/jpeg"}],"twitter_card":"summary_large_image","twitter_misc":{"Tempo di lettura stimato":"1 minuto"},"schema":{"@context":"https:\/\/schema.org","@graph":[{"@type":"WebPage","@id":"https:\/\/medicinasinc.com\/it\/product\/compra-hash-caramello-marocchino\/","url":"https:\/\/medicinasinc.com\/it\/product\/compra-hash-caramello-marocchino\/","name":"Acquista Hash Caramello marocchino - I migliori migliori medicinali globali","isPartOf":{"@id":"https:\/\/medicinasinc.com\/it\/#website"},"primaryImageOfPage":{"@id":"https:\/\/medicinasinc.com\/it\/product\/compra-hash-caramello-marocchino\/#primaryimage"},"image":{"@id":"https:\/\/medicinasinc.com\/it\/product\/compra-hash-caramello-marocchino\/#primaryimage"},"thumbnailUrl":"https:\/\/medicinasinc.com\/it\/wp-content\/uploads\/sites\/4\/2022\/02\/Buy-Moroccan-Caramello-Hash.jpg","datePublished":"2022-02-20T14:53:39+00:00","dateModified":"2022-03-17T00:42:10+00:00","description":"Acquista online l'hashish al caramello marocchino, contiene 5 g di olio essenziale di canapa. Il Caramello Hash marocchino \u00e8 un prodotto di hashish naturale al 100%.","breadcrumb":{"@id":"https:\/\/medicinasinc.com\/it\/product\/compra-hash-caramello-marocchino\/#breadcrumb"},"inLanguage":"it-IT","potentialAction":[{"@type":"ReadAction","target":["https:\/\/medicinasinc.com\/it\/product\/compra-hash-caramello-marocchino\/"]}]},{"@type":"ImageObject","inLanguage":"it-IT","@id":"https:\/\/medicinasinc.com\/it\/product\/compra-hash-caramello-marocchino\/#primaryimage","url":"https:\/\/medicinasinc.com\/it\/wp-content\/uploads\/sites\/4\/2022\/02\/Buy-Moroccan-Caramello-Hash.jpg","contentUrl":"https:\/\/medicinasinc.com\/it\/wp-content\/uploads\/sites\/4\/2022\/02\/Buy-Moroccan-Caramello-Hash.jpg","width":600,"height":600},{"@type":"BreadcrumbList","@id":"https:\/\/medicinasinc.com\/it\/product\/compra-hash-caramello-marocchino\/#breadcrumb","itemListElement":[{"@type":"ListItem","position":1,"name":"Negozio","item":"https:\/\/medicinasinc.com\/it\/negozio\/"},{"@type":"ListItem","position":2,"name":"Acquista hashish caramello marocchino"}]},{"@type":"WebSite","@id":"https:\/\/medicinasinc.com\/it\/#website","url":"https:\/\/medicinasinc.com\/it\/","name":"Medicinas Inc","description":"Health Medical Clinic","potentialAction":[{"@type":"SearchAction","target":{"@type":"EntryPoint","urlTemplate":"https:\/\/medicinasinc.com\/it\/?s={search_term_string}"},"query-input":{"@type":"PropertyValueSpecification","valueRequired":true,"valueName":"search_term_string"}}],"inLanguage":"it-IT"}]}},"_links":{"self":[{"href":"https:\/\/medicinasinc.com\/it\/wp-json\/wp\/v2\/product\/4701","targetHints":{"allow":["GET"]}}],"collection":[{"href":"https:\/\/medicinasinc.com\/it\/wp-json\/wp\/v2\/product"}],"about":[{"href":"https:\/\/medicinasinc.com\/it\/wp-json\/wp\/v2\/types\/product"}],"replies":[{"embeddable":true,"href":"https:\/\/medicinasinc.com\/it\/wp-json\/wp\/v2\/comments?post=4701"}],"wp:featuredmedia":[{"embeddable":true,"href":"https:\/\/medicinasinc.com\/it\/wp-json\/wp\/v2\/media\/4714"}],"wp:attachment":[{"href":"https:\/\/medicinasinc.com\/it\/wp-json\/wp\/v2\/media?parent=4701"}],"wp:term":[{"taxonomy":"product_brand","embeddable":true,"href":"https:\/\/medicinasinc.com\/it\/wp-json\/wp\/v2\/product_brand?post=4701"},{"taxonomy":"product_cat","embeddable":true,"href":"https:\/\/medicinasinc.com\/it\/wp-json\/wp\/v2\/product_cat?post=4701"},{"taxonomy":"product_tag","embeddable":true,"href":"https:\/\/medicinasinc.com\/it\/wp-json\/wp\/v2\/product_tag?post=4701"}],"curies":[{"name":"wp","href":"https:\/\/api.w.org\/{rel}","templated":true}]}}